{"id":34,"date":"2020-02-07T07:02:05","date_gmt":"2020-02-07T07:02:05","guid":{"rendered":"https:\/\/f.seowaimao.com\/?page_id=34"},"modified":"2025-12-11T01:02:50","modified_gmt":"2025-12-11T01:02:50","slug":"uber","status":"publish","type":"page","link":"https:\/\/autoprintmachine.com\/de\/uber\/","title":{"rendered":"\u00dcber"},"content":{"rendered":"<section class=\"section\" id=\"section_2137447007\">\n\t\t<div class=\"section-bg fill\" >\n\t\t\t\t\t\t\t\t\t\n\t\t\t\n\t<div class=\"is-border\"\n\t\tstyle=\"border-color:rgb(235, 235, 235);border-width:1px 0px 0px 0px;\">\n\t<\/div>\n\n\t\t<\/div>\n\n\t\t\n\n\t\t<div class=\"section-content relative\">\n\t\t\t\n<div class=\"row row-large align-middle\"  id=\"row-1464734970\">\n\n\t<div id=\"col-1426509323\" class=\"col medium-6 small-12 large-6\"  >\n\t\t\t\t<div class=\"col-inner box-shadow-2 box-shadow-5-hover\" style=\"background-color:rgb(255, 255, 255);\" >\n\t\t\t\n\t\t\t\n\t<div class=\"img has-hover x md-x lg-x y md-y lg-y\" id=\"image_58332547\">\n\t\t\t\t\t\t\t\t<div class=\"img-inner dark\" >\n\t\t\t<img loading=\"lazy\" decoding=\"async\" width=\"400\" height=\"250\" src=\"https:\/\/autoprintmachine.com\/wp-content\/uploads\/2020\/08\/AKX813E8T58ZQ8GIAYSI.png\" class=\"attachment-original size-original\" alt=\"\" srcset=\"https:\/\/autoprintmachine.com\/wp-content\/uploads\/2020\/08\/AKX813E8T58ZQ8GIAYSI.png 400w, https:\/\/autoprintmachine.com\/wp-content\/uploads\/2020\/08\/AKX813E8T58ZQ8GIAYSI-300x188.png 300w\" sizes=\"auto, (max-width: 400px) 100vw, 400px\" \/>\t\t\t\t\t\t\n\t\t\t\t\t<\/div>\n\t\t\t\t\t\t\t\t\n<style>\n#image_58332547 {\n  width: 100%;\n}\n<\/style>\n\t<\/div>\n\t\n\t\t<\/div>\n\t\t\t\t\n<style>\n#col-1426509323 > .col-inner {\n  padding: 15px 15px 15px 15px;\n}\n<\/style>\n\t<\/div>\n\n\t\n\n\t<div id=\"col-1439567655\" class=\"col medium-6 small-12 large-6\"  >\n\t\t\t\t<div class=\"col-inner text-left\"  >\n\t\t\t\n\t\t\t\n<h2>Angaben zum Unternehmen:<\/h2>\n<table>\n<tbody>\n<tr>\n<th valign=\"Top\">Gesch\u00e4ftsart :<\/th>\n<td>Hersteller<br \/>Ausf\u00fchrer<\/td>\n<\/tr>\n<tr>\n<th valign=\"Top\">Hauptmarkt :<\/th>\n<td>Nordamerika S\u00fcdamerika Westeuropa Osteuropa Ostasien S\u00fcdostasien Naher Osten Afrika Ozeanien Weltweit<\/td>\n<\/tr>\n<tr>\n<th>Marken:<\/th>\n<td>Dongguan Auto Print Tech Co, Ltd.<\/td>\n<\/tr>\n<tr>\n<th>Anzahl der Mitarbeiter :<\/th>\n<td>139~150<\/td>\n<\/tr>\n<tr>\n<th>J\u00e4hrlicher Umsatz :<\/th>\n<td>8000000-16000000<\/td>\n<\/tr>\n<tr>\n<th>Jahr der Gr\u00fcndung :<\/th>\n<td>2006<\/td>\n<\/tr>\n<tr>\n<th>Ausfuhr p.c:<\/th>\n<td>80% - 90%<\/td>\n<\/tr>\n<\/tbody>\n<\/table>\n\t\t<\/div>\n\t\t\t\t\t<\/div>\n\n\t\n<\/div>\n\t\t<\/div>\n\n\t\t\n<style>\n#section_2137447007 {\n  padding-top: 59px;\n  padding-bottom: 59px;\n  min-height: 300px;\n}\n<\/style>\n\t<\/section>\n\t\n\n\t<section class=\"section\" id=\"section_2070069595\">\n\t\t<div class=\"section-bg fill\" >\n\t\t\t\t\t\t\t\t\t\n\t\t\t\n\t<div class=\"is-border\"\n\t\tstyle=\"border-color:rgb(235, 235, 235);border-width:1px 0px 0px 0px;\">\n\t<\/div>\n\n\t\t<\/div>\n\n\t\t\n\n\t\t<div class=\"section-content relative\">\n\t\t\t\n<div class=\"row row-large align-middle\"  id=\"row-129354832\">\n\n\t<div id=\"col-1333487592\" class=\"col medium-6 small-12 large-6\"  >\n\t\t\t\t<div class=\"col-inner text-left\"  >\n\t\t\t\n\t\t\t\n<h2>Einf\u00fchrung<\/h2>\n<div class=\"con_inner\">\n<p>Die Dongguan Auto Print Tech Co., Ltd. ist ein Druckmaschinenhersteller mit Sitz in Dongguan, China. Auto Print Tech entwickelt und produziert haupts\u00e4chlich:<\/p>\n<p>runde und flache Siebdruckmaschinen, automatische UV-Siebdrucksysteme, Tampondruckmaschinen und andere automatische Produktionslinien.<\/p>\n<p>Auto Print Tech-Maschinen finden breite Anwendung in der Kosmetik-, Chemie-, Mineralwasser-, Lebensmittel-, Getr\u00e4nke-, Pharma- und anderen Industrien.<\/p>\n<p>Auto Print Tech verf\u00fcgt \u00fcber ein starkes Team, zu dem eine Forschungs- und Entwicklungsabteilung mit Ingenieuren mit mehr als 15 Jahren Erfahrung, eine ausgereifte Bearbeitungs- und Produktionslinie sowie ein erfahrenes Vertriebs- und Kundendienstteam geh\u00f6ren.<\/p>\n<p>Auto Print Tech setzt auf Innovation und Effizienz, um unseren Kunden hervorragende Maschinen und fachkundige Schulungen zu bieten. Alle Maschinen werden gem\u00e4\u00df den CE-Normen gebaut. Die Produkte von Auto Print Tech sind im In- und Ausland bekannt, z. B. in den USA, Mexiko, Japan, Russland, auf den Philippinen usw. Wir laden Sie ein, sich uns anzuschlie\u00dfen und den Erfolg mit uns zu teilen.<\/p>\n<\/div>\n\t\t<\/div>\n\t\t\t\t\t<\/div>\n\n\t\n\n\t<div id=\"col-900571419\" class=\"col medium-6 small-12 large-6\"  >\n\t\t\t\t<div class=\"col-inner box-shadow-2 box-shadow-5-hover\" style=\"background-color:rgb(255, 255, 255);\" >\n\t\t\t\n\t\t\t\n\t<div class=\"img has-hover x md-x lg-x y md-y lg-y\" id=\"image_1449670834\">\n\t\t\t\t\t\t\t\t<div class=\"img-inner dark\" >\n\t\t\t<img loading=\"lazy\" decoding=\"async\" width=\"900\" height=\"564\" src=\"https:\/\/autoprintmachine.com\/wp-content\/uploads\/2020\/02\/factory-image-02.jpg\" class=\"attachment-original size-original\" alt=\"\" srcset=\"https:\/\/autoprintmachine.com\/wp-content\/uploads\/2020\/02\/factory-image-02.jpg 900w, https:\/\/autoprintmachine.com\/wp-content\/uploads\/2020\/02\/factory-image-02-510x320.jpg 510w, https:\/\/autoprintmachine.com\/wp-content\/uploads\/2020\/02\/factory-image-02-300x188.jpg 300w, https:\/\/autoprintmachine.com\/wp-content\/uploads\/2020\/02\/factory-image-02-768x481.jpg 768w, https:\/\/autoprintmachine.com\/wp-content\/uploads\/2020\/02\/factory-image-02-800x501.jpg 800w\" sizes=\"auto, (max-width: 900px) 100vw, 900px\" \/>\t\t\t\t\t\t\n\t\t\t\t\t<\/div>\n\t\t\t\t\t\t\t\t\n<style>\n#image_1449670834 {\n  width: 100%;\n}\n<\/style>\n\t<\/div>\n\t\n\t\t<\/div>\n\t\t\t\t\n<style>\n#col-900571419 > .col-inner {\n  padding: 15px 15px 15px 15px;\n}\n<\/style>\n\t<\/div>\n\n\t\n<\/div>\n\t\t<\/div>\n\n\t\t\n<style>\n#section_2070069595 {\n  padding-top: 59px;\n  padding-bottom: 59px;\n  min-height: 300px;\n}\n<\/style>\n\t<\/section>\n\t\n\n\t<section class=\"section\" id=\"section_310184979\">\n\t\t<div class=\"section-bg fill\" >\n\t\t\t\t\t\t\t\t\t\n\t\t\t\n\t<div class=\"is-border\"\n\t\tstyle=\"border-color:rgb(235, 235, 235);border-width:1px 0px 0px 0px;\">\n\t<\/div>\n\n\t\t<\/div>\n\n\t\t\n\n\t\t<div class=\"section-content relative\">\n\t\t\t\n<div class=\"row row-large align-middle align-center\"  id=\"row-1166854843\">\n\n\t<div id=\"col-2030335814\" class=\"col medium-6 small-12 large-6\"  >\n\t\t\t\t<div class=\"col-inner box-shadow-2 box-shadow-5-hover\" style=\"background-color:rgb(255, 255, 255);\" >\n\t\t\t\n\t\t\t\n\t<div class=\"img has-hover x md-x lg-x y md-y lg-y\" id=\"image_1463439161\">\n\t\t\t\t\t\t\t\t<div class=\"img-inner dark\" >\n\t\t\t<img loading=\"lazy\" decoding=\"async\" width=\"400\" height=\"250\" src=\"https:\/\/autoprintmachine.com\/wp-content\/uploads\/2020\/08\/cd23200956-dongguan_once_intelligent_equipment_co_ltd.jpg\" class=\"attachment-original size-original\" alt=\"\" srcset=\"https:\/\/autoprintmachine.com\/wp-content\/uploads\/2020\/08\/cd23200956-dongguan_once_intelligent_equipment_co_ltd.jpg 400w, https:\/\/autoprintmachine.com\/wp-content\/uploads\/2020\/08\/cd23200956-dongguan_once_intelligent_equipment_co_ltd-300x188.jpg 300w\" sizes=\"auto, (max-width: 400px) 100vw, 400px\" \/>\t\t\t\t\t\t\n\t\t\t\t\t<\/div>\n\t\t\t\t\t\t\t\t\n<style>\n#image_1463439161 {\n  width: 100%;\n}\n<\/style>\n\t<\/div>\n\t\n\t\t<\/div>\n\t\t\t\t\n<style>\n#col-2030335814 > .col-inner {\n  padding: 15px 15px 15px 15px;\n}\n<\/style>\n\t<\/div>\n\n\t\n\n\t<div id=\"col-1790477541\" class=\"col medium-6 small-12 large-6\"  >\n\t\t\t\t<div class=\"col-inner text-left\"  >\n\t\t\t\n\t\t\t\n<h2>Geschichte<\/h2>\n<p>Dongguan Auto Print Tech Co. Ltd. wurde 2006 gegr\u00fcndet. Wir konzentrieren uns auf Tampondruck- und Siebdruckmaschinen sowie auf andere Dekorationsmaschinensysteme.<\/p>\n<p>Da sich die Anforderungen der Kunden und die Markttrends weiterentwickelt haben, haben wir 2009 automatische Siebdruckmaschinen hinzugef\u00fcgt und begonnen, auch automatisierte Tampondruckl\u00f6sungen anzubieten. Zu dieser Zeit wurde unsere F&amp;E-Abteilung reifer, und wir bauten schlie\u00dflich ein 5-8-k\u00f6pfiges Ingenieurteam f\u00fcr Forschung und Design auf.<\/p>\n<p>Nach jahrelanger Entwicklung verf\u00fcgen wir \u00fcber ausgereifte und stabile Siebdruck- und Tampondruckmaschinen, einschlie\u00dflich der automatischen Maschinen, die bei den Kunden hohes Ansehen genie\u00dfen. Ab 2011 haben wir verschiedene automatische Maschinensysteme entwickelt, wie automatische Tampondrucklinien, automatische Siebdrucklinien und andere automatische Systeme, wie Etikettiermaschinen, etc.<\/p>\n<p>Die zunehmenden Produkte brachten uns verschiedene Kunden und f\u00fchrten uns in verschiedene Branchen, was uns dazu veranlasste, uns immer mehr mit der Entwicklung von Maschinen und industriellen Anwendungen zu besch\u00e4ftigen. Jetzt hat Auto Print Tech eine vollst\u00e4ndige Produktpalette vom Tampondruck und Siebdruck bis zu Etikettier- und anderen automatischen Maschinen integriert. Unsere Maschinen k\u00f6nnen unterschiedliche Anforderungen an die Dekoration erf\u00fcllen.<\/p>\n\t\t<\/div>\n\t\t\t\t\t<\/div>\n\n\t\n<\/div>\n\t\t<\/div>\n\n\t\t\n<style>\n#section_310184979 {\n  padding-top: 59px;\n  padding-bottom: 59px;\n  min-height: 300px;\n  background-color: rgb(244, 244, 243);\n}\n<\/style>\n\t<\/section>\n\t\n\n\t<section class=\"section\" id=\"section_917016779\">\n\t\t<div class=\"section-bg fill\" >\n\t\t\t\t\t\t\t\t\t\n\t\t\t\n\t<div class=\"is-border\"\n\t\tstyle=\"border-color:rgb(235, 235, 235);border-width:1px 0px 0px 0px;\">\n\t<\/div>\n\n\t\t<\/div>\n\n\t\t\n\n\t\t<div class=\"section-content relative\">\n\t\t\t\n<div class=\"row row-large align-middle\"  id=\"row-1136932414\">\n\n\t<div id=\"col-281826007\" class=\"col medium-6 small-12 large-6\"  >\n\t\t\t\t<div class=\"col-inner text-left\"  >\n\t\t\t\n\t\t\t\n<h2>Dienst<\/h2>\n<p>Dongguan Auto Print Tech Co. Ltd. ist ein f\u00fchrender Hersteller von automatischen Maschinenl\u00f6sungen.<\/p>\n<p>Produktpalette:<\/p>\n<p>I. Runde\/flache Siebdruckmaschine<\/p>\n<p>II. Automatische UV-Siebdruckmaschine<\/p>\n<p>III. Tampondruckmaschine<\/p>\n<p>IV. Tampondruck- und Siebdruckanlagen<\/p>\n<p>V. Verbrauchsmaterial f\u00fcr Druckmaschinen<\/p>\n<p>Wir verf\u00fcgen \u00fcber ein erfahrenes Verkaufsteam f\u00fcr die Kundenkommunikation, ein ausgereiftes Ingenieurteam f\u00fcr die technische Unterst\u00fctzung sowie einen guten Kundendienst.<\/p>\n<p>Service nach dem Verkauf: Ingenieure stehen zur Verf\u00fcgung, um Maschinen in \u00dcbersee zu warten, einschlie\u00dflich Installation und Schulung.<\/p>\n\t\t<\/div>\n\t\t\t\t\t<\/div>\n\n\t\n\n\t<div id=\"col-1855522570\" class=\"col medium-6 small-12 large-6\"  >\n\t\t\t\t<div class=\"col-inner box-shadow-2 box-shadow-5-hover\" style=\"background-color:rgb(255, 255, 255);\" >\n\t\t\t\n\t\t\t\n\t<div class=\"img has-hover x md-x lg-x y md-y lg-y\" id=\"image_1235801752\">\n\t\t\t\t\t\t\t\t<div class=\"img-inner dark\" >\n\t\t\t<img loading=\"lazy\" decoding=\"async\" width=\"900\" height=\"564\" src=\"https:\/\/autoprintmachine.com\/wp-content\/uploads\/2020\/02\/factory-image-02.jpg\" class=\"attachment-original size-original\" alt=\"\" srcset=\"https:\/\/autoprintmachine.com\/wp-content\/uploads\/2020\/02\/factory-image-02.jpg 900w, https:\/\/autoprintmachine.com\/wp-content\/uploads\/2020\/02\/factory-image-02-510x320.jpg 510w, https:\/\/autoprintmachine.com\/wp-content\/uploads\/2020\/02\/factory-image-02-300x188.jpg 300w, https:\/\/autoprintmachine.com\/wp-content\/uploads\/2020\/02\/factory-image-02-768x481.jpg 768w, https:\/\/autoprintmachine.com\/wp-content\/uploads\/2020\/02\/factory-image-02-800x501.jpg 800w\" sizes=\"auto, (max-width: 900px) 100vw, 900px\" \/>\t\t\t\t\t\t\n\t\t\t\t\t<\/div>\n\t\t\t\t\t\t\t\t\n<style>\n#image_1235801752 {\n  width: 100%;\n}\n<\/style>\n\t<\/div>\n\t\n\t\t<\/div>\n\t\t\t\t\n<style>\n#col-1855522570 > .col-inner {\n  padding: 15px 15px 15px 15px;\n}\n<\/style>\n\t<\/div>\n\n\t\n<\/div>\n\t\t<\/div>\n\n\t\t\n<style>\n#section_917016779 {\n  padding-top: 59px;\n  padding-bottom: 59px;\n  min-height: 300px;\n}\n<\/style>\n\t<\/section>\n\t\n\n\t<section class=\"section\" id=\"section_2120864861\">\n\t\t<div class=\"section-bg fill\" >\n\t\t\t\t\t\t\t\t\t\n\t\t\t\n\t<div class=\"is-border\"\n\t\tstyle=\"border-color:rgb(235, 235, 235);border-width:1px 0px 0px 0px;\">\n\t<\/div>\n\n\t\t<\/div>\n\n\t\t\n\n\t\t<div class=\"section-content relative\">\n\t\t\t\n<div class=\"row row-large align-middle align-center\"  id=\"row-558059390\">\n\n\t<div id=\"col-1704764435\" class=\"col medium-6 small-12 large-6\"  >\n\t\t\t\t<div class=\"col-inner box-shadow-2 box-shadow-5-hover\" style=\"background-color:rgb(255, 255, 255);\" >\n\t\t\t\n\t\t\t\n\t<div class=\"img has-hover x md-x lg-x y md-y lg-y\" id=\"image_760898095\">\n\t\t\t\t\t\t\t\t<div class=\"img-inner dark\" >\n\t\t\t<img loading=\"lazy\" decoding=\"async\" width=\"400\" height=\"250\" src=\"https:\/\/autoprintmachine.com\/wp-content\/uploads\/2020\/08\/cd23200958-dongguan_once_intelligent_equipment_co_ltd.jpg\" class=\"attachment-original size-original\" alt=\"\" srcset=\"https:\/\/autoprintmachine.com\/wp-content\/uploads\/2020\/08\/cd23200958-dongguan_once_intelligent_equipment_co_ltd.jpg 400w, https:\/\/autoprintmachine.com\/wp-content\/uploads\/2020\/08\/cd23200958-dongguan_once_intelligent_equipment_co_ltd-300x188.jpg 300w\" sizes=\"auto, (max-width: 400px) 100vw, 400px\" \/>\t\t\t\t\t\t\n\t\t\t\t\t<\/div>\n\t\t\t\t\t\t\t\t\n<style>\n#image_760898095 {\n  width: 100%;\n}\n<\/style>\n\t<\/div>\n\t\n\t\t<\/div>\n\t\t\t\t\n<style>\n#col-1704764435 > .col-inner {\n  padding: 15px 15px 15px 15px;\n}\n<\/style>\n\t<\/div>\n\n\t\n\n\t<div id=\"col-747086776\" class=\"col medium-6 small-12 large-6\"  >\n\t\t\t\t<div class=\"col-inner text-left\"  >\n\t\t\t\n\t\t\t\n<h2>Unser Team<\/h2>\n<p><strong>Erfahrenes Verkaufsteam<\/strong><\/p>\n<p>Unsere Verk\u00e4ufer sind alle sehr erfahren im internationalen Handel, haben eine gute Kommunikation, einen guten Service und engagieren sich aktiv in der t\u00e4glichen Arbeit. \"Sie haben alle eine umfassende Produktschulung erhalten, bevor sie Verk\u00e4ufer wurden. Dies macht sie professioneller in der Produktkenntnis, um den Kunden zu helfen, L\u00f6sungen zu finden.<\/p>\n<p><strong>Vergr\u00f6\u00dferung des F&amp;E-Teams<\/strong><\/p>\n<p>Ein professionelles Ingenieurteam mit 5 bis 7 leitenden Mitarbeitern, die alle mehr als 15 Jahre Erfahrung in der Branche haben. Und jetzt erweitern wir dieses Team, um ein st\u00e4rkeres Team zu bilden.<\/p>\n<p><strong>Passion Produktionsteam<\/strong><\/p>\n<p>F\u00fcr die Produktion haben wir eine Bearbeitungsgruppe, eine Installationsgruppe, ein QC-Team usw. Sie alle sind jung und voller Leidenschaft. Gutes Management macht unsere Werkstatt gut funktionieren.<\/p>\n\t\t<\/div>\n\t\t\t\t\t<\/div>\n\n\t\n<\/div>\n\t\t<\/div>\n\n\t\t\n<style>\n#section_2120864861 {\n  padding-top: 59px;\n  padding-bottom: 59px;\n  min-height: 300px;\n  background-color: rgb(244, 244, 243);\n}\n<\/style>\n\t<\/section>\n\t\n\n\n\t<section class=\"section\" id=\"section_910368029\">\n\t\t<div class=\"section-bg fill\" >\n\t\t\t\t\t\t\t\t\t\n\t\t\t\n\n\t\t<\/div>\n\n\t\t\n\n\t\t<div class=\"section-content relative\">\n\t\t\t\n<div class=\"row row-small\"  id=\"row-568133925\">\n\n\t<div id=\"col-2111977857\" class=\"col small-12 large-12\"  >\n\t\t\t\t<div class=\"col-inner\"  >\n\t\t\t\n\t\t\t\n<div class=\"container section-title-container\" ><h3 class=\"section-title section-title-normal\"><b><\/b><span class=\"section-title-main\" >Zertifizierungen<\/span><b><\/b><\/h3><\/div>\n\t\t<\/div>\n\t\t\t\t\n<style>\n#col-2111977857 > .col-inner {\n  padding: 0 0px 0px 0px;\n  margin: 0 0px 0px 0px;\n}\n<\/style>\n\t<\/div>\n\n\t\n\n\t<div id=\"col-932047714\" class=\"col medium-3 small-6 large-3\"  >\n\t\t\t\t<div class=\"col-inner\"  >\n\t\t\t\n\t\t\t\n\t<div class=\"box has-hover   has-hover box-text-bottom\" >\n\n\t\t<div class=\"box-image\" >\n\t\t\t\t\t\t<div class=\"\" >\n\t\t\t\t<img loading=\"lazy\" decoding=\"async\" width=\"599\" height=\"841\" src=\"https:\/\/autoprintmachine.com\/wp-content\/uploads\/2020\/02\/cert1.jpg\" class=\"attachment-original size-original\" alt=\"\" srcset=\"https:\/\/autoprintmachine.com\/wp-content\/uploads\/2020\/02\/cert1.jpg 599w, https:\/\/autoprintmachine.com\/wp-content\/uploads\/2020\/02\/cert1-510x716.jpg 510w, https:\/\/autoprintmachine.com\/wp-content\/uploads\/2020\/02\/cert1-214x300.jpg 214w, https:\/\/autoprintmachine.com\/wp-content\/uploads\/2020\/02\/cert1-550x772.jpg 550w\" sizes=\"auto, (max-width: 599px) 100vw, 599px\" \/>\t\t\t\t\t\t\t\t\t\t\t<\/div>\n\t\t\t\t\t<\/div>\n\n\t\t<div class=\"box-text text-center\" >\n\t\t\t<div class=\"box-text-inner\">\n\t\t\t\t\n<h4>ISO9001<\/h4>\n\t\t\t<\/div>\n\t\t<\/div>\n\t<\/div>\n\t\n\t\t<\/div>\n\t\t\t\t\t<\/div>\n\n\t\n\n\t<div id=\"col-1358371857\" class=\"col medium-3 small-6 large-3\"  >\n\t\t\t\t<div class=\"col-inner\"  >\n\t\t\t\n\t\t\t\n\t<div class=\"box has-hover   has-hover box-text-bottom\" >\n\n\t\t<div class=\"box-image\" >\n\t\t\t\t\t\t<div class=\"\" >\n\t\t\t\t<img loading=\"lazy\" decoding=\"async\" width=\"599\" height=\"841\" src=\"https:\/\/autoprintmachine.com\/wp-content\/uploads\/2020\/02\/cert2.jpg\" class=\"attachment- size-\" alt=\"\" srcset=\"https:\/\/autoprintmachine.com\/wp-content\/uploads\/2020\/02\/cert2.jpg 599w, https:\/\/autoprintmachine.com\/wp-content\/uploads\/2020\/02\/cert2-510x716.jpg 510w, https:\/\/autoprintmachine.com\/wp-content\/uploads\/2020\/02\/cert2-214x300.jpg 214w, https:\/\/autoprintmachine.com\/wp-content\/uploads\/2020\/02\/cert2-550x772.jpg 550w\" sizes=\"auto, (max-width: 599px) 100vw, 599px\" \/>\t\t\t\t\t\t\t\t\t\t\t<\/div>\n\t\t\t\t\t<\/div>\n\n\t\t<div class=\"box-text text-center\" >\n\t\t\t<div class=\"box-text-inner\">\n\t\t\t\t\n<h4>SGC<\/h4>\n\t\t\t<\/div>\n\t\t<\/div>\n\t<\/div>\n\t\n\t\t<\/div>\n\t\t\t\t\t<\/div>\n\n\t\n\n\t<div id=\"col-22738957\" class=\"col medium-3 small-6 large-3\"  >\n\t\t\t\t<div class=\"col-inner\"  >\n\t\t\t\n\t\t\t\n\t<div class=\"box has-hover   has-hover box-text-bottom\" >\n\n\t\t<div class=\"box-image\" >\n\t\t\t\t\t\t<div class=\"\" >\n\t\t\t\t<img loading=\"lazy\" decoding=\"async\" width=\"599\" height=\"841\" src=\"https:\/\/autoprintmachine.com\/wp-content\/uploads\/2020\/02\/cert3.jpg\" class=\"attachment- size-\" alt=\"\" srcset=\"https:\/\/autoprintmachine.com\/wp-content\/uploads\/2020\/02\/cert3.jpg 599w, https:\/\/autoprintmachine.com\/wp-content\/uploads\/2020\/02\/cert3-510x716.jpg 510w, https:\/\/autoprintmachine.com\/wp-content\/uploads\/2020\/02\/cert3-214x300.jpg 214w, https:\/\/autoprintmachine.com\/wp-content\/uploads\/2020\/02\/cert3-550x772.jpg 550w\" sizes=\"auto, (max-width: 599px) 100vw, 599px\" \/>\t\t\t\t\t\t\t\t\t\t\t<\/div>\n\t\t\t\t\t<\/div>\n\n\t\t<div class=\"box-text text-center\" >\n\t\t\t<div class=\"box-text-inner\">\n\t\t\t\t\n<h4>RoHS<\/h4>\n\t\t\t<\/div>\n\t\t<\/div>\n\t<\/div>\n\t\n\t\t<\/div>\n\t\t\t\t\t<\/div>\n\n\t\n\n\t<div id=\"col-611663616\" class=\"col medium-3 small-6 large-3\"  >\n\t\t\t\t<div class=\"col-inner\"  >\n\t\t\t\n\t\t\t\n\t<div class=\"box has-hover   has-hover box-text-bottom\" >\n\n\t\t<div class=\"box-image\" >\n\t\t\t\t\t\t<div class=\"\" >\n\t\t\t\t<img loading=\"lazy\" decoding=\"async\" width=\"599\" height=\"841\" src=\"https:\/\/autoprintmachine.com\/wp-content\/uploads\/2020\/02\/cert4.jpg\" class=\"attachment- size-\" alt=\"\" srcset=\"https:\/\/autoprintmachine.com\/wp-content\/uploads\/2020\/02\/cert4.jpg 599w, https:\/\/autoprintmachine.com\/wp-content\/uploads\/2020\/02\/cert4-510x716.jpg 510w, https:\/\/autoprintmachine.com\/wp-content\/uploads\/2020\/02\/cert4-214x300.jpg 214w, https:\/\/autoprintmachine.com\/wp-content\/uploads\/2020\/02\/cert4-550x772.jpg 550w\" sizes=\"auto, (max-width: 599px) 100vw, 599px\" \/>\t\t\t\t\t\t\t\t\t\t\t<\/div>\n\t\t\t\t\t<\/div>\n\n\t\t<div class=\"box-text text-center\" >\n\t\t\t<div class=\"box-text-inner\">\n\t\t\t\t\n<h4>CE<\/h4>\n\t\t\t<\/div>\n\t\t<\/div>\n\t<\/div>\n\t\n\t\t<\/div>\n\t\t\t\t\t<\/div>\n\n\t\n<\/div>\n\t\t<\/div>\n\n\t\t\n<style>\n#section_910368029 {\n  padding-top: 30px;\n  padding-bottom: 30px;\n}\n<\/style>\n\t<\/section>","protected":false},"excerpt":{"rendered":"","protected":false},"author":1,"featured_media":0,"parent":0,"menu_order":0,"comment_status":"closed","ping_status":"closed","template":"page-blank.php","meta":{"footnotes":""},"class_list":["post-34","page","type-page","status-publish","hentry"],"yoast_head":"<!-- This site is optimized with the Yoast SEO plugin v27.4 - https:\/\/yoast.com\/product\/yoast-seo-wordpress\/ -->\n<title>About -<\/title>\n<meta name=\"robots\" content=\"index, follow, max-snippet:-1, max-image-preview:large, max-video-preview:-1\" \/>\n<link rel=\"canonical\" href=\"https:\/\/autoprintmachine.com\/de\/uber\/\" \/>\n<meta property=\"og:locale\" content=\"de_DE\" \/>\n<meta property=\"og:type\" content=\"article\" \/>\n<meta property=\"og:title\" content=\"About -\" \/>\n<meta property=\"og:url\" content=\"https:\/\/autoprintmachine.com\/de\/uber\/\" \/>\n<meta property=\"article:publisher\" content=\"https:\/\/www.facebook.com\/autoprinttech\/\" \/>\n<meta property=\"article:modified_time\" content=\"2025-12-11T01:02:50+00:00\" \/>\n<meta name=\"twitter:card\" content=\"summary_large_image\" \/>\n<meta name=\"twitter:label1\" content=\"Est. reading time\" \/>\n\t<meta name=\"twitter:data1\" content=\"5\u00a0Minuten\" \/>\n<script type=\"application\/ld+json\" class=\"yoast-schema-graph\">{\"@context\":\"https:\\\/\\\/schema.org\",\"@graph\":[{\"@type\":\"WebPage\",\"@id\":\"https:\\\/\\\/autoprintmachine.com\\\/about\\\/\",\"url\":\"https:\\\/\\\/autoprintmachine.com\\\/about\\\/\",\"name\":\"About -\",\"isPartOf\":{\"@id\":\"https:\\\/\\\/autoprintmachine.com\\\/#website\"},\"datePublished\":\"2020-02-07T07:02:05+00:00\",\"dateModified\":\"2025-12-11T01:02:50+00:00\",\"breadcrumb\":{\"@id\":\"https:\\\/\\\/autoprintmachine.com\\\/about\\\/#breadcrumb\"},\"inLanguage\":\"de\",\"potentialAction\":[{\"@type\":\"ReadAction\",\"target\":[\"https:\\\/\\\/autoprintmachine.com\\\/about\\\/\"]}]},{\"@type\":\"BreadcrumbList\",\"@id\":\"https:\\\/\\\/autoprintmachine.com\\\/about\\\/#breadcrumb\",\"itemListElement\":[{\"@type\":\"ListItem\",\"position\":1,\"name\":\"Home\",\"item\":\"https:\\\/\\\/autoprintmachine.com\\\/\"},{\"@type\":\"ListItem\",\"position\":2,\"name\":\"About\"}]},{\"@type\":\"WebSite\",\"@id\":\"https:\\\/\\\/autoprintmachine.com\\\/#website\",\"url\":\"https:\\\/\\\/autoprintmachine.com\\\/\",\"name\":\"\",\"description\":\"\",\"publisher\":{\"@id\":\"https:\\\/\\\/autoprintmachine.com\\\/#organization\"},\"potentialAction\":[{\"@type\":\"SearchAction\",\"target\":{\"@type\":\"EntryPoint\",\"urlTemplate\":\"https:\\\/\\\/autoprintmachine.com\\\/?s={search_term_string}\"},\"query-input\":{\"@type\":\"PropertyValueSpecification\",\"valueRequired\":true,\"valueName\":\"search_term_string\"}}],\"inLanguage\":\"de\"},{\"@type\":\"Organization\",\"@id\":\"https:\\\/\\\/autoprintmachine.com\\\/#organization\",\"name\":\"Dongguan Auto Print Tech Co., Ltd\",\"url\":\"https:\\\/\\\/autoprintmachine.com\\\/\",\"logo\":{\"@type\":\"ImageObject\",\"inLanguage\":\"de\",\"@id\":\"https:\\\/\\\/autoprintmachine.com\\\/#\\\/schema\\\/logo\\\/image\\\/\",\"url\":\"https:\\\/\\\/autoprintmachine.com\\\/wp-content\\\/uploads\\\/2023\\\/06\\\/screen_printing_logo_new.webp\",\"contentUrl\":\"https:\\\/\\\/autoprintmachine.com\\\/wp-content\\\/uploads\\\/2023\\\/06\\\/screen_printing_logo_new.webp\",\"width\":890,\"height\":750,\"caption\":\"Dongguan Auto Print Tech Co., Ltd\"},\"image\":{\"@id\":\"https:\\\/\\\/autoprintmachine.com\\\/#\\\/schema\\\/logo\\\/image\\\/\"},\"sameAs\":[\"https:\\\/\\\/www.facebook.com\\\/autoprinttech\\\/\",\"https:\\\/\\\/www.youtube.com\\\/channel\\\/UCJtPGiBbQWGE2DZLxySpCtw\"]}]}<\/script>\n<!-- \/ Yoast SEO plugin. -->","yoast_head_json":{"title":"\u00dcber -","robots":{"index":"index","follow":"follow","max-snippet":"max-snippet:-1","max-image-preview":"max-image-preview:large","max-video-preview":"max-video-preview:-1"},"canonical":"https:\/\/autoprintmachine.com\/de\/uber\/","og_locale":"de_DE","og_type":"article","og_title":"About -","og_url":"https:\/\/autoprintmachine.com\/de\/uber\/","article_publisher":"https:\/\/www.facebook.com\/autoprinttech\/","article_modified_time":"2025-12-11T01:02:50+00:00","twitter_card":"summary_large_image","twitter_misc":{"Est. reading time":"5\u00a0Minuten"},"schema":{"@context":"https:\/\/schema.org","@graph":[{"@type":"WebPage","@id":"https:\/\/autoprintmachine.com\/about\/","url":"https:\/\/autoprintmachine.com\/about\/","name":"\u00dcber -","isPartOf":{"@id":"https:\/\/autoprintmachine.com\/#website"},"datePublished":"2020-02-07T07:02:05+00:00","dateModified":"2025-12-11T01:02:50+00:00","breadcrumb":{"@id":"https:\/\/autoprintmachine.com\/about\/#breadcrumb"},"inLanguage":"de","potentialAction":[{"@type":"ReadAction","target":["https:\/\/autoprintmachine.com\/about\/"]}]},{"@type":"BreadcrumbList","@id":"https:\/\/autoprintmachine.com\/about\/#breadcrumb","itemListElement":[{"@type":"ListItem","position":1,"name":"Home","item":"https:\/\/autoprintmachine.com\/"},{"@type":"ListItem","position":2,"name":"About"}]},{"@type":"WebSite","@id":"https:\/\/autoprintmachine.com\/#website","url":"https:\/\/autoprintmachine.com\/","name":"","description":"","publisher":{"@id":"https:\/\/autoprintmachine.com\/#organization"},"potentialAction":[{"@type":"SearchAction","target":{"@type":"EntryPoint","urlTemplate":"https:\/\/autoprintmachine.com\/?s={search_term_string}"},"query-input":{"@type":"PropertyValueSpecification","valueRequired":true,"valueName":"search_term_string"}}],"inLanguage":"de"},{"@type":"Organization","@id":"https:\/\/autoprintmachine.com\/#organization","name":"Dongguan Auto Print Tech Co.","url":"https:\/\/autoprintmachine.com\/","logo":{"@type":"ImageObject","inLanguage":"de","@id":"https:\/\/autoprintmachine.com\/#\/schema\/logo\/image\/","url":"https:\/\/autoprintmachine.com\/wp-content\/uploads\/2023\/06\/screen_printing_logo_new.webp","contentUrl":"https:\/\/autoprintmachine.com\/wp-content\/uploads\/2023\/06\/screen_printing_logo_new.webp","width":890,"height":750,"caption":"Dongguan Auto Print Tech Co., Ltd"},"image":{"@id":"https:\/\/autoprintmachine.com\/#\/schema\/logo\/image\/"},"sameAs":["https:\/\/www.facebook.com\/autoprinttech\/","https:\/\/www.youtube.com\/channel\/UCJtPGiBbQWGE2DZLxySpCtw"]}]}},"_links":{"self":[{"href":"https:\/\/autoprintmachine.com\/de\/wp-json\/wp\/v2\/pages\/34","targetHints":{"allow":["GET"]}}],"collection":[{"href":"https:\/\/autoprintmachine.com\/de\/wp-json\/wp\/v2\/pages"}],"about":[{"href":"https:\/\/autoprintmachine.com\/de\/wp-json\/wp\/v2\/types\/page"}],"author":[{"embeddable":true,"href":"https:\/\/autoprintmachine.com\/de\/wp-json\/wp\/v2\/users\/1"}],"replies":[{"embeddable":true,"href":"https:\/\/autoprintmachine.com\/de\/wp-json\/wp\/v2\/comments?post=34"}],"version-history":[{"count":34,"href":"https:\/\/autoprintmachine.com\/de\/wp-json\/wp\/v2\/pages\/34\/revisions"}],"predecessor-version":[{"id":2788,"href":"https:\/\/autoprintmachine.com\/de\/wp-json\/wp\/v2\/pages\/34\/revisions\/2788"}],"wp:attachment":[{"href":"https:\/\/autoprintmachine.com\/de\/wp-json\/wp\/v2\/media?parent=34"}],"curies":[{"name":"wp","href":"https:\/\/api.w.org\/{rel}","templated":true}]}}