{"id":38,"date":"2020-02-07T07:03:33","date_gmt":"2020-02-07T07:03:33","guid":{"rendered":"https:\/\/f.seowaimao.com\/?page_id=38"},"modified":"2020-02-07T07:31:19","modified_gmt":"2020-02-07T07:31:19","slug":"faq","status":"publish","type":"page","link":"https:\/\/autoprintmachine.com\/de\/faq\/","title":{"rendered":"FAQ"},"content":{"rendered":"<section class=\"section\" id=\"section_927792883\">\n\t\t<div class=\"section-bg fill\" >\n\t\t\t\t\t\t\t\t\t\n\t\t\t\n\n\t\t<\/div>\n\n\t\t\n\n\t\t<div class=\"section-content relative\">\n\t\t\t\n<div class=\"row\"  id=\"row-1154711202\">\n\n\t<div id=\"col-241575137\" class=\"col small-12 large-12\"  >\n\t\t\t\t<div class=\"col-inner\"  >\n\t\t\t\n\t\t\t\n<div class=\"accordion\">\n\t<div id=\"accordion-1443603065\" class=\"accordion-item\">\n\t\t<a id=\"accordion-1443603065-label\" class=\"accordion-title plain active\" href=\"#accordion-item-can-i-cancel-or-change-an-existing-order?\" aria-expanded=\"true\" aria-controls=\"accordion-1443603065-content\" >\n\t\t\t<button class=\"toggle\" aria-label=\"Umschalten\"><i class=\"icon-angle-down\"><\/i><\/button>\n\t\t\t<span>Kann ich eine bestehende Bestellung stornieren oder \u00e4ndern?<\/span>\n\t\t<\/a>\n\t\t<div id=\"accordion-1443603065-content\" class=\"accordion-inner\" style=\"display: block;\" aria-labelledby=\"accordion-1443603065-label\" >\n\t\t\t\n<p>Lorem ipsum dolor sit amet, consectetuer adipiscing elit, sed Lorem ipsum dolor sit amet, consectetuer adipiscing elit, sed Lorem ipsum dolor sit amet, consectetuer adipiscing elit, sed Lorem ipsum dolor sit amet, consectetuer adipiscing elit, sed Lorem ipsum dolor sit amet, consectetuer adipiscing elit, sed diam nonummy nibh euismod tincidunt ut laoreet dolore magna aliquam erat volutpat.<\/p>\n\t\t<\/div>\n\t<\/div>\n\t\n\t<div id=\"accordion-4049198492\" class=\"accordion-item\">\n\t\t<a id=\"accordion-4049198492-label\" class=\"accordion-title plain\" href=\"#accordion-item-how-much-will-shipping-cost-and-what-methods-do-you-offer?\" aria-expanded=\"false\" aria-controls=\"accordion-4049198492-content\" >\n\t\t\t<button class=\"toggle\" aria-label=\"Umschalten\"><i class=\"icon-angle-down\"><\/i><\/button>\n\t\t\t<span>Wie viel wird der Versand kosten und welche Versandarten bieten Sie an?<\/span>\n\t\t<\/a>\n\t\t<div id=\"accordion-4049198492-content\" class=\"accordion-inner\" aria-labelledby=\"accordion-4049198492-label\" >\n\t\t\t\n<p>222<\/p>\n\t\t<\/div>\n\t<\/div>\n\t\n\t<div id=\"accordion-4042070514\" class=\"accordion-item\">\n\t\t<a id=\"accordion-4042070514-label\" class=\"accordion-title plain\" href=\"#accordion-item-what-freight-companies-do-you-use?\" aria-expanded=\"false\" aria-controls=\"accordion-4042070514-content\" >\n\t\t\t<button class=\"toggle\" aria-label=\"Umschalten\"><i class=\"icon-angle-down\"><\/i><\/button>\n\t\t\t<span>Welche Frachtunternehmen nutzen Sie?<\/span>\n\t\t<\/a>\n\t\t<div id=\"accordion-4042070514-content\" class=\"accordion-inner\" aria-labelledby=\"accordion-4042070514-label\" >\n\t\t\t\n<p>33<\/p>\n\t\t<\/div>\n\t<\/div>\n\t\n\t<div id=\"accordion-446027199\" class=\"accordion-item\">\n\t\t<a id=\"accordion-446027199-label\" class=\"accordion-title plain\" href=\"#accordion-item-when-will-my-order-be-shipped?\" aria-expanded=\"false\" aria-controls=\"accordion-446027199-content\" >\n\t\t\t<button class=\"toggle\" aria-label=\"Umschalten\"><i class=\"icon-angle-down\"><\/i><\/button>\n\t\t\t<span>Wann wird meine Bestellung versandt?<\/span>\n\t\t<\/a>\n\t\t<div id=\"accordion-446027199-content\" class=\"accordion-inner\" aria-labelledby=\"accordion-446027199-label\" >\n\t\t\t\n<p>44<\/p>\n\t\t<\/div>\n\t<\/div>\n\t\n\t<div id=\"accordion-2175227660\" class=\"accordion-item\">\n\t\t<a id=\"accordion-2175227660-label\" class=\"accordion-title plain\" href=\"#accordion-item-do-you-offer-discounts-on-large-orders?\" aria-expanded=\"false\" aria-controls=\"accordion-2175227660-content\" >\n\t\t\t<button class=\"toggle\" aria-label=\"Umschalten\"><i class=\"icon-angle-down\"><\/i><\/button>\n\t\t\t<span>Bieten Sie Rabatte f\u00fcr Gro\u00dfauftr\u00e4ge an?<\/span>\n\t\t<\/a>\n\t\t<div id=\"accordion-2175227660-content\" class=\"accordion-inner\" aria-labelledby=\"accordion-2175227660-label\" >\n\t\t\t\n<p>55<\/p>\n\t\t<\/div>\n\t<\/div>\n\t\n\t<div id=\"accordion-3274358\" class=\"accordion-item\">\n\t\t<a id=\"accordion-3274358-label\" class=\"accordion-title plain\" href=\"#accordion-item-i-just-placed-my-order,-is-it-possible-to-change-my-shipping-service?\" aria-expanded=\"false\" aria-controls=\"accordion-3274358-content\" >\n\t\t\t<button class=\"toggle\" aria-label=\"Umschalten\"><i class=\"icon-angle-down\"><\/i><\/button>\n\t\t\t<span>Ich habe gerade meine Bestellung aufgegeben. Ist es m\u00f6glich, den Versanddienst zu \u00e4ndern?<\/span>\n\t\t<\/a>\n\t\t<div id=\"accordion-3274358-content\" class=\"accordion-inner\" aria-labelledby=\"accordion-3274358-label\" >\n\t\t\t\n<p>66<\/p>\n\t\t<\/div>\n\t<\/div>\n\t\n\t<div id=\"accordion-1986964841\" class=\"accordion-item\">\n\t\t<a id=\"accordion-1986964841-label\" class=\"accordion-title plain\" href=\"#accordion-item-how-can-i-get-my-tracking-number?\" aria-expanded=\"false\" aria-controls=\"accordion-1986964841-content\" >\n\t\t\t<button class=\"toggle\" aria-label=\"Umschalten\"><i class=\"icon-angle-down\"><\/i><\/button>\n\t\t\t<span>Wie erhalte ich meine Kontrollnummer?<\/span>\n\t\t<\/a>\n\t\t<div id=\"accordion-1986964841-content\" class=\"accordion-inner\" aria-labelledby=\"accordion-1986964841-label\" >\n\t\t\t\n<p>7<\/p>\n\t\t<\/div>\n\t<\/div>\n\t\n\t<div id=\"accordion-2267828560\" class=\"accordion-item\">\n\t\t<a id=\"accordion-2267828560-label\" class=\"accordion-title plain\" href=\"#accordion-item-what-happens-if-a-package-is-damaged-during-shipping?\" aria-expanded=\"false\" aria-controls=\"accordion-2267828560-content\" >\n\t\t\t<button class=\"toggle\" aria-label=\"Umschalten\"><i class=\"icon-angle-down\"><\/i><\/button>\n\t\t\t<span>Was passiert, wenn ein Paket beim Versand besch\u00e4digt wird?<\/span>\n\t\t<\/a>\n\t\t<div id=\"accordion-2267828560-content\" class=\"accordion-inner\" aria-labelledby=\"accordion-2267828560-label\" >\n\t\t\t\n<p>7<\/p>\n\t\t<\/div>\n\t<\/div>\n\t\n\t<div id=\"accordion-3962998044\" class=\"accordion-item\">\n\t\t<a id=\"accordion-3962998044-label\" class=\"accordion-title plain\" href=\"#accordion-item-what-is-your-return-policy?\" aria-expanded=\"false\" aria-controls=\"accordion-3962998044-content\" >\n\t\t\t<button class=\"toggle\" aria-label=\"Umschalten\"><i class=\"icon-angle-down\"><\/i><\/button>\n\t\t\t<span>Wie ist Ihr R\u00fcckgaberecht?<\/span>\n\t\t<\/a>\n\t\t<div id=\"accordion-3962998044-content\" class=\"accordion-inner\" aria-labelledby=\"accordion-3962998044-label\" >\n\t\t\t\n<p>8<\/p>\n\t\t<\/div>\n\t<\/div>\n\t\n\t<div id=\"accordion-1428590618\" class=\"accordion-item\">\n\t\t<a id=\"accordion-1428590618-label\" class=\"accordion-title plain\" href=\"#accordion-item-what-methods-of-payment-do-you-accept?\" aria-expanded=\"false\" aria-controls=\"accordion-1428590618-content\" >\n\t\t\t<button class=\"toggle\" aria-label=\"Umschalten\"><i class=\"icon-angle-down\"><\/i><\/button>\n\t\t\t<span>Welche Zahlungsmittel akzeptieren Sie?<\/span>\n\t\t<\/a>\n\t\t<div id=\"accordion-1428590618-content\" class=\"accordion-inner\" aria-labelledby=\"accordion-1428590618-label\" >\n\t\t\t\n<p>9<\/p>\n\t\t<\/div>\n\t<\/div>\n\t\n\t<div id=\"accordion-2329579277\" class=\"accordion-item\">\n\t\t<a id=\"accordion-2329579277-label\" class=\"accordion-title plain\" href=\"#accordion-item-what-form-of-currency-are-your-prices-in?\" aria-expanded=\"false\" aria-controls=\"accordion-2329579277-content\" >\n\t\t\t<button class=\"toggle\" aria-label=\"Umschalten\"><i class=\"icon-angle-down\"><\/i><\/button>\n\t\t\t<span>Auf welche W\u00e4hrung lauten Ihre Preise?<\/span>\n\t\t<\/a>\n\t\t<div id=\"accordion-2329579277-content\" class=\"accordion-inner\" aria-labelledby=\"accordion-2329579277-label\" >\n\t\t\t\n<p>10<\/p>\n\t\t<\/div>\n\t<\/div>\n\t\n\t<div id=\"accordion-2382141100\" class=\"accordion-item\">\n\t\t<a id=\"accordion-2382141100-label\" class=\"accordion-title plain\" href=\"#accordion-item-do-you-offer-purchases-on-credit?\" aria-expanded=\"false\" aria-controls=\"accordion-2382141100-content\" >\n\t\t\t<button class=\"toggle\" aria-label=\"Umschalten\"><i class=\"icon-angle-down\"><\/i><\/button>\n\t\t\t<span>Bieten Sie K\u00e4ufe auf Kredit an?<\/span>\n\t\t<\/a>\n\t\t<div id=\"accordion-2382141100-content\" class=\"accordion-inner\" aria-labelledby=\"accordion-2382141100-label\" >\n\t\t\t\n<p>11<\/p>\n\t\t<\/div>\n\t<\/div>\n\t\n\t<div id=\"accordion-4278230402\" class=\"accordion-item\">\n\t\t<a id=\"accordion-4278230402-label\" class=\"accordion-title plain\" href=\"#accordion-item-how-do-i-know-if-the-product-i-want-is-in-stock?\" aria-expanded=\"false\" aria-controls=\"accordion-4278230402-content\" >\n\t\t\t<button class=\"toggle\" aria-label=\"Umschalten\"><i class=\"icon-angle-down\"><\/i><\/button>\n\t\t\t<span>Woher wei\u00df ich, ob das von mir gew\u00fcnschte Produkt vorr\u00e4tig ist?<\/span>\n\t\t<\/a>\n\t\t<div id=\"accordion-4278230402-content\" class=\"accordion-inner\" aria-labelledby=\"accordion-4278230402-label\" >\n\t\t\t\n<p>1111<\/p>\n\t\t<\/div>\n\t<\/div>\n\t\n\t<div id=\"accordion-2499122897\" class=\"accordion-item\">\n\t\t<a id=\"accordion-2499122897-label\" class=\"accordion-title plain\" href=\"#accordion-item-do-you-offer-discounted-products?\" aria-expanded=\"false\" aria-controls=\"accordion-2499122897-content\" >\n\t\t\t<button class=\"toggle\" aria-label=\"Umschalten\"><i class=\"icon-angle-down\"><\/i><\/button>\n\t\t\t<span>Bieten Sie erm\u00e4\u00dfigte Produkte an?<\/span>\n\t\t<\/a>\n\t\t<div id=\"accordion-2499122897-content\" class=\"accordion-inner\" aria-labelledby=\"accordion-2499122897-label\" >\n\t\t\t\n<p>111<\/p>\n\t\t<\/div>\n\t<\/div>\n\t\n\t<div id=\"accordion-351456266\" class=\"accordion-item\">\n\t\t<a id=\"accordion-351456266-label\" class=\"accordion-title plain\" href=\"#accordion-item-what-type-of-warranty-comes-with-the-purchase-of-my-products?\" aria-expanded=\"false\" aria-controls=\"accordion-351456266-content\" >\n\t\t\t<button class=\"toggle\" aria-label=\"Umschalten\"><i class=\"icon-angle-down\"><\/i><\/button>\n\t\t\t<span>Welche Art von Garantie ist mit dem Kauf meiner Produkte verbunden?<\/span>\n\t\t<\/a>\n\t\t<div id=\"accordion-351456266-content\" class=\"accordion-inner\" aria-labelledby=\"accordion-351456266-label\" >\n\t\t\t\n<p>111<\/p>\n\t\t<\/div>\n\t<\/div>\n\t\n\t<div id=\"accordion-3721989576\" class=\"accordion-item\">\n\t\t<a id=\"accordion-3721989576-label\" class=\"accordion-title plain\" href=\"#accordion-item-where-can-i-find-the-dimensions-for-my-products?\" aria-expanded=\"false\" aria-controls=\"accordion-3721989576-content\" >\n\t\t\t<button class=\"toggle\" aria-label=\"Umschalten\"><i class=\"icon-angle-down\"><\/i><\/button>\n\t\t\t<span>Wo finde ich die Abmessungen f\u00fcr meine Produkte?<\/span>\n\t\t<\/a>\n\t\t<div id=\"accordion-3721989576-content\" class=\"accordion-inner\" aria-labelledby=\"accordion-3721989576-label\" >\n\t\t\t\n<p>111<\/p>\n\t\t<\/div>\n\t<\/div>\n\t\n<\/div>\n\t\t<\/div>\n\t\t\t\t\t<\/div>\n\n\t\n<\/div>\n\t\t<\/div>\n\n\t\t\n<style>\n#section_927792883 {\n  padding-top: 30px;\n  padding-bottom: 30px;\n}\n<\/style>\n\t<\/section>\n\t\n\n\t<section class=\"section\" id=\"section_1051833134\">\n\t\t<div class=\"section-bg fill\" >\n\t\t\t\t\t\t\t\t\t\n\t\t\t\n\n\t\t<\/div>\n\n\t\t\n\n\t\t<div class=\"section-content relative\">\n\t\t\t\n\t\t<\/div>\n\n\t\t\n<style>\n#section_1051833134 {\n  padding-top: 30px;\n  padding-bottom: 30px;\n}\n<\/style>\n\t<\/section>\n\t\n\n\t<section class=\"section\" id=\"section_962552142\">\n\t\t<div class=\"section-bg fill\" >\n\t\t\t\t\t\t\t\t\t\n\t\t\t\n\n\t\t<\/div>\n\n\t\t\n\n\t\t<div class=\"section-content relative\">\n\t\t\t\n\t\t<\/div>\n\n\t\t\n<style>\n#section_962552142 {\n  padding-top: 30px;\n  padding-bottom: 30px;\n}\n<\/style>\n\t<\/section>\n\t\n\n\t<section class=\"section\" id=\"section_1856352083\">\n\t\t<div class=\"section-bg fill\" >\n\t\t\t\t\t\t\t\t\t\n\t\t\t\n\n\t\t<\/div>\n\n\t\t\n\n\t\t<div class=\"section-content relative\">\n\t\t\t\n\t\t<\/div>\n\n\t\t\n<style>\n#section_1856352083 {\n  padding-top: 30px;\n  padding-bottom: 30px;\n}\n<\/style>\n\t<\/section>\n\t\n\n\t<section class=\"section\" id=\"section_924462702\">\n\t\t<div class=\"section-bg fill\" >\n\t\t\t\t\t\t\t\t\t\n\t\t\t\n\n\t\t<\/div>\n\n\t\t\n\n\t\t<div class=\"section-content relative\">\n\t\t\t\n\t\t<\/div>\n\n\t\t\n<style>\n#section_924462702 {\n  padding-top: 30px;\n  padding-bottom: 30px;\n}\n<\/style>\n\t<\/section>","protected":false},"excerpt":{"rendered":"","protected":false},"author":1,"featured_media":0,"parent":0,"menu_order":0,"comment_status":"closed","ping_status":"closed","template":"page-blank.php","meta":{"footnotes":""},"class_list":["post-38","page","type-page","status-publish","hentry"],"acf":[],"yoast_head":"<!-- This site is optimized with the Yoast SEO plugin v23.9 - https:\/\/yoast.com\/wordpress\/plugins\/seo\/ -->\n<title>FAQ -<\/title>\n<meta name=\"robots\" content=\"index, follow, max-snippet:-1, max-image-preview:large, max-video-preview:-1\" \/>\n<link rel=\"canonical\" href=\"https:\/\/autoprintmachine.com\/de\/faq\/\" \/>\n<meta property=\"og:locale\" content=\"de_DE\" \/>\n<meta property=\"og:type\" content=\"article\" \/>\n<meta property=\"og:title\" content=\"FAQ -\" \/>\n<meta property=\"og:url\" content=\"https:\/\/autoprintmachine.com\/de\/faq\/\" \/>\n<meta property=\"article:publisher\" content=\"https:\/\/www.facebook.com\/autoprinttech\/\" \/>\n<meta property=\"article:modified_time\" content=\"2020-02-07T07:31:19+00:00\" \/>\n<meta name=\"twitter:card\" content=\"summary_large_image\" \/>\n<meta name=\"twitter:label1\" content=\"Gesch\u00e4tzte Lesezeit\" \/>\n\t<meta name=\"twitter:data1\" content=\"1\u00a0Minute\" \/>\n<script type=\"application\/ld+json\" class=\"yoast-schema-graph\">{\"@context\":\"https:\/\/schema.org\",\"@graph\":[{\"@type\":\"WebPage\",\"@id\":\"https:\/\/autoprintmachine.com\/faq\/\",\"url\":\"https:\/\/autoprintmachine.com\/faq\/\",\"name\":\"FAQ -\",\"isPartOf\":{\"@id\":\"https:\/\/autoprintmachine.com\/#website\"},\"datePublished\":\"2020-02-07T07:03:33+00:00\",\"dateModified\":\"2020-02-07T07:31:19+00:00\",\"breadcrumb\":{\"@id\":\"https:\/\/autoprintmachine.com\/faq\/#breadcrumb\"},\"inLanguage\":\"de\",\"potentialAction\":[{\"@type\":\"ReadAction\",\"target\":[\"https:\/\/autoprintmachine.com\/faq\/\"]}]},{\"@type\":\"BreadcrumbList\",\"@id\":\"https:\/\/autoprintmachine.com\/faq\/#breadcrumb\",\"itemListElement\":[{\"@type\":\"ListItem\",\"position\":1,\"name\":\"Home\",\"item\":\"https:\/\/autoprintmachine.com\/\"},{\"@type\":\"ListItem\",\"position\":2,\"name\":\"FAQ\"}]},{\"@type\":\"WebSite\",\"@id\":\"https:\/\/autoprintmachine.com\/#website\",\"url\":\"https:\/\/autoprintmachine.com\/\",\"name\":\"\",\"description\":\"\",\"publisher\":{\"@id\":\"https:\/\/autoprintmachine.com\/#organization\"},\"potentialAction\":[{\"@type\":\"SearchAction\",\"target\":{\"@type\":\"EntryPoint\",\"urlTemplate\":\"https:\/\/autoprintmachine.com\/?s={search_term_string}\"},\"query-input\":{\"@type\":\"PropertyValueSpecification\",\"valueRequired\":true,\"valueName\":\"search_term_string\"}}],\"inLanguage\":\"de\"},{\"@type\":\"Organization\",\"@id\":\"https:\/\/autoprintmachine.com\/#organization\",\"name\":\"Dongguan Auto Print Tech Co., Ltd\",\"url\":\"https:\/\/autoprintmachine.com\/\",\"logo\":{\"@type\":\"ImageObject\",\"inLanguage\":\"de\",\"@id\":\"https:\/\/autoprintmachine.com\/#\/schema\/logo\/image\/\",\"url\":\"https:\/\/autoprintmachine.com\/wp-content\/uploads\/2023\/06\/screen_printing_logo_new.webp\",\"contentUrl\":\"https:\/\/autoprintmachine.com\/wp-content\/uploads\/2023\/06\/screen_printing_logo_new.webp\",\"width\":890,\"height\":750,\"caption\":\"Dongguan Auto Print Tech Co., Ltd\"},\"image\":{\"@id\":\"https:\/\/autoprintmachine.com\/#\/schema\/logo\/image\/\"},\"sameAs\":[\"https:\/\/www.facebook.com\/autoprinttech\/\",\"https:\/\/www.youtube.com\/channel\/UCJtPGiBbQWGE2DZLxySpCtw\"]}]}<\/script>\n<!-- \/ Yoast SEO plugin. -->","yoast_head_json":{"title":"FAQ -","robots":{"index":"index","follow":"follow","max-snippet":"max-snippet:-1","max-image-preview":"max-image-preview:large","max-video-preview":"max-video-preview:-1"},"canonical":"https:\/\/autoprintmachine.com\/de\/faq\/","og_locale":"de_DE","og_type":"article","og_title":"FAQ -","og_url":"https:\/\/autoprintmachine.com\/de\/faq\/","article_publisher":"https:\/\/www.facebook.com\/autoprinttech\/","article_modified_time":"2020-02-07T07:31:19+00:00","twitter_card":"summary_large_image","twitter_misc":{"Gesch\u00e4tzte Lesezeit":"1\u00a0Minute"},"schema":{"@context":"https:\/\/schema.org","@graph":[{"@type":"WebPage","@id":"https:\/\/autoprintmachine.com\/faq\/","url":"https:\/\/autoprintmachine.com\/faq\/","name":"FAQ -","isPartOf":{"@id":"https:\/\/autoprintmachine.com\/#website"},"datePublished":"2020-02-07T07:03:33+00:00","dateModified":"2020-02-07T07:31:19+00:00","breadcrumb":{"@id":"https:\/\/autoprintmachine.com\/faq\/#breadcrumb"},"inLanguage":"de","potentialAction":[{"@type":"ReadAction","target":["https:\/\/autoprintmachine.com\/faq\/"]}]},{"@type":"BreadcrumbList","@id":"https:\/\/autoprintmachine.com\/faq\/#breadcrumb","itemListElement":[{"@type":"ListItem","position":1,"name":"Home","item":"https:\/\/autoprintmachine.com\/"},{"@type":"ListItem","position":2,"name":"FAQ"}]},{"@type":"WebSite","@id":"https:\/\/autoprintmachine.com\/#website","url":"https:\/\/autoprintmachine.com\/","name":"","description":"","publisher":{"@id":"https:\/\/autoprintmachine.com\/#organization"},"potentialAction":[{"@type":"SearchAction","target":{"@type":"EntryPoint","urlTemplate":"https:\/\/autoprintmachine.com\/?s={search_term_string}"},"query-input":{"@type":"PropertyValueSpecification","valueRequired":true,"valueName":"search_term_string"}}],"inLanguage":"de"},{"@type":"Organization","@id":"https:\/\/autoprintmachine.com\/#organization","name":"Dongguan Auto Print Tech Co., Ltd","url":"https:\/\/autoprintmachine.com\/","logo":{"@type":"ImageObject","inLanguage":"de","@id":"https:\/\/autoprintmachine.com\/#\/schema\/logo\/image\/","url":"https:\/\/autoprintmachine.com\/wp-content\/uploads\/2023\/06\/screen_printing_logo_new.webp","contentUrl":"https:\/\/autoprintmachine.com\/wp-content\/uploads\/2023\/06\/screen_printing_logo_new.webp","width":890,"height":750,"caption":"Dongguan Auto Print Tech Co., Ltd"},"image":{"@id":"https:\/\/autoprintmachine.com\/#\/schema\/logo\/image\/"},"sameAs":["https:\/\/www.facebook.com\/autoprinttech\/","https:\/\/www.youtube.com\/channel\/UCJtPGiBbQWGE2DZLxySpCtw"]}]}},"_links":{"self":[{"href":"https:\/\/autoprintmachine.com\/de\/wp-json\/wp\/v2\/pages\/38","targetHints":{"allow":["GET"]}}],"collection":[{"href":"https:\/\/autoprintmachine.com\/de\/wp-json\/wp\/v2\/pages"}],"about":[{"href":"https:\/\/autoprintmachine.com\/de\/wp-json\/wp\/v2\/types\/page"}],"author":[{"embeddable":true,"href":"https:\/\/autoprintmachine.com\/de\/wp-json\/wp\/v2\/users\/1"}],"replies":[{"embeddable":true,"href":"https:\/\/autoprintmachine.com\/de\/wp-json\/wp\/v2\/comments?post=38"}],"version-history":[{"count":0,"href":"https:\/\/autoprintmachine.com\/de\/wp-json\/wp\/v2\/pages\/38\/revisions"}],"wp:attachment":[{"href":"https:\/\/autoprintmachine.com\/de\/wp-json\/wp\/v2\/media?parent=38"}],"curies":[{"name":"wp","href":"https:\/\/api.w.org\/{rel}","templated":true}]}}