{"id":2487,"date":"2025-06-06T06:29:43","date_gmt":"2025-06-06T06:29:43","guid":{"rendered":"https:\/\/autoprintmachine.com\/?post_type=product&#038;p=2487"},"modified":"2026-01-13T05:44:02","modified_gmt":"2026-01-13T05:44:02","slug":"ap-200w-uv-exposure-unit-for-pad-printing-cliche-making","status":"publish","type":"product","link":"https:\/\/autoprintmachine.com\/de\/ap-200w-uv-belichtungseinheit-fur-tampondruck-klischeeherstellung\/","title":{"rendered":"AP-200W UV-Belichtungseinheit f\u00fcr Tampondruck Klischeeherstellung"},"content":{"rendered":"<section class=\"section\" id=\"section_460484697\">\n\t\t<div class=\"section-bg fill\" >\n\t\t\t\t\t\t\t\t\t\n\t\t\t\n\n\t\t<\/div>\n\n\t\t\n\n\t\t<div class=\"section-content relative\">\n\t\t\t\n<div class=\"row\"  id=\"row-1562136562\">\n\n\t<div id=\"col-2117560004\" class=\"col small-12 large-12\"  >\n\t\t\t\t<div class=\"col-inner\"  >\n\t\t\t\n\t\t\t\n<h2>Einf\u00fchrung<\/h2>\n<p>Die AP-200W Klischeebelichtungsmaschine ist f\u00fcr die Herstellung von Tampondruck-Stahlplatten konzipiert. Es verwendet hocheffiziente 200W Ultraviolett-Lampenr\u00f6hren. Sie zeichnet sich durch eine gleichm\u00e4\u00dfige Belichtung, einen geringen Energieverbrauch und eine einfache Bedienung aus. Sie eignet sich f\u00fcr kleine Druckereien, personalisierte Studios und Pr\u00e4zisions-Tampondruckverfahren.<\/p>\n\t\t<\/div>\n\t\t\t\t\t<\/div>\n\n\t\n<\/div>\n\t\t<\/div>\n\n\t\t\n<style>\n#section_460484697 {\n  padding-top: 30px;\n  padding-bottom: 30px;\n}\n<\/style>\n\t<\/section>\n\t\n\n\t<section class=\"section\" id=\"section_789495553\">\n\t\t<div class=\"section-bg fill\" >\n\t\t\t\t\t\t\t\t\t\n\t\t\t\n\n\t\t<\/div>\n\n\t\t\n\n\t\t<div class=\"section-content relative\">\n\t\t\t\n<div class=\"row\"  id=\"row-1801274319\">\n\n\t<div id=\"col-1428969657\" class=\"col small-12 large-12\"  >\n\t\t\t\t<div class=\"col-inner\"  >\n\t\t\t\n\t\t\t\n<h2>Wesentliche Merkmale<\/h2>\n<div class=\"row align-equal row-box-shadow-3 row-box-shadow-2-hover\"  id=\"row-1193769659\">\n\n\n\n\t<div id=\"col-214966536\" class=\"col medium-6 small-12 large-6\"  >\n\t\t\t\t<div class=\"col-inner\"  >\n\t\t\t\n\t\t\t\n<h3>1. Hocheffizientes Belichtungssystem<\/h3>\n<ul>\n<li>\n<p>Ausgestattet mit 200W Hochleistungs-UV-Lampenr\u00f6hren mit einem stabilen Spektrum (Hauptpeak 365nm), das eine schnelle Aush\u00e4rtung der lichtempfindlichen Beschichtung der Stahlplatte gew\u00e4hrleistet, und einstellbarer Vakuumzeit und Belichtungszeit (normalerweise 1-3 Minuten).<\/p>\n<\/li>\n<\/ul>\n\t\t<\/div>\n\t\t\t\t\n<style>\n#col-214966536 > .col-inner {\n  padding: 20px 20px 10px 20px;\n}\n<\/style>\n\t<\/div>\n\n\t\n\n\t<div id=\"col-47526629\" class=\"col medium-6 small-12 large-6\"  >\n\t\t\t\t<div class=\"col-inner\"  >\n\t\t\t\n\t\t\t\n<h3>2. Kompakte Struktur und Haltbarkeit<\/h3>\n<ul>\n<li>\n<p>Die Maschine besteht aus einem leichten Blechrahmen mit den Ma\u00dfen 800\u00d7630\u00d7260 mm (anpassbar), was Platz spart und den Transport erleichtert.<\/p>\n<\/li>\n<li>Ausgestattet mit einem Vakuum-Arbeitstisch, hoher Temperatur- und Kratzfestigkeit und einer Tragf\u00e4higkeit von bis zu 10 kg.<\/li>\n<\/ul>\n\t\t<\/div>\n\t\t\t\t\n<style>\n#col-47526629 > .col-inner {\n  padding: 20px 20px 10px 20px;\n}\n<\/style>\n\t<\/div>\n\n\t\n\n<style>\n#row-1193769659 > .col > .col-inner {\n  border-radius: 22px;\n}\n<\/style>\n<\/div>\n<div class=\"row align-equal row-box-shadow-3 row-box-shadow-2-hover\"  id=\"row-2076231594\">\n\n\t<div id=\"col-777138651\" class=\"col medium-6 small-12 large-6\"  >\n\t\t\t\t<div class=\"col-inner\"  >\n\t\t\t\n\t\t\t\n<h3>3. Intelligente Steuerung und Sicherheit<\/h3>\n<ul>\n<li>\n<p>Ein digitaler Timer (0-9999 Sekunden) steuert genau das Vakuum und die Belichtung und unterst\u00fctzt die Speicherung der Abschaltung.<\/p>\n<\/li>\n<li>Sicherheitsschutz: Verwendet einen mechanischen Mikroschalter. Wenn die obere Abdeckung ge\u00f6ffnet wird, wird der Hauptstromkreis sofort unterbrochen, um ein Austreten von ultraviolettem Licht zu vermeiden.<\/li>\n<\/ul>\n\t\t<\/div>\n\t\t\t\t\n<style>\n#col-777138651 > .col-inner {\n  padding: 20px 20px 10px 20px;\n}\n<\/style>\n\t<\/div>\n\n\t\n\n\t<div id=\"col-1567198612\" class=\"col medium-6 small-12 large-6\"  >\n\t\t\t\t<div class=\"col-inner\"  >\n\t\t\t\n\t\t\t\n<h3>4. Breite Kompatibilit\u00e4t<\/h3>\n<ul>\n<li>Geeignet f\u00fcr alle Arten von Tampondruckplatten aus Stahl (Dicke 0,3-10 mm) und Polymerplatten (wie z. B. Wasser-Wasser-Waschung \/ Alkohol-Waschung).<\/li>\n<li>Ausgestattet mit einer Vakuumfunktion, die sicherstellt, dass die Stahlplatte eng an der Folie anliegt.<\/li>\n<\/ul>\n\t\t<\/div>\n\t\t\t\t\n<style>\n#col-1567198612 > .col-inner {\n  padding: 20px 20px 10px 20px;\n}\n<\/style>\n\t<\/div>\n\n\t\n\n<style>\n#row-2076231594 > .col > .col-inner {\n  border-radius: 22px;\n}\n<\/style>\n<\/div>\n\t\t<\/div>\n\t\t\t\t\t<\/div>\n\n\t\n<\/div>\n\t\t<\/div>\n\n\t\t\n<style>\n#section_789495553 {\n  padding-top: 30px;\n  padding-bottom: 30px;\n}\n<\/style>\n\t<\/section>\n\t\n\n\t<section class=\"section\" id=\"section_1844078898\">\n\t\t<div class=\"section-bg fill\" >\n\t\t\t\t\t\t\t\t\t\n\t\t\t\n\n\t\t<\/div>\n\n\t\t\n\n\t\t<div class=\"section-content relative\">\n\t\t\t\n<div class=\"row\"  id=\"row-1206063807\">\n\n\t<div id=\"col-608272663\" class=\"col small-12 large-12\"  >\n\t\t\t\t<div class=\"col-inner\"  >\n\t\t\t\n\t\t\t\n<div class=\"specifications-container\">\n<h2>Spezifikationen der UV-Belichtungseinheit<\/h2>\n<table class=\"specifications-table\">\n<tbody>\n<tr>\n<th>Modell Nr.<\/th>\n<td>AP-200W<\/td>\n<\/tr>\n<tr>\n<th>Max. Klischee Gr\u00f6\u00dfe<\/th>\n<td>450 x 250 mm<\/td>\n<\/tr>\n<tr>\n<th>Tabelle Abmessungen<\/th>\n<td>650 x 440 mm<\/td>\n<\/tr>\n<tr>\n<th>UV-Leistung insgesamt<\/th>\n<td>200W (Betriebsdauer \u2265 2000 Stunden)<\/td>\n<\/tr>\n<tr>\n<th>Zeitschaltuhr<\/th>\n<td>Digital<\/td>\n<\/tr>\n<tr>\n<th>Lampe Typ<\/th>\n<td>Philips 5 x 40 W UV-Leuchtstoffr\u00f6hren mit hoher Leistung<\/td>\n<\/tr>\n<tr>\n<th>Spannung<\/th>\n<td>220\/110V 50Hz Einphasig<\/td>\n<\/tr>\n<tr>\n<th>Einheit Abmessungen<\/th>\n<td>L800 x B630 x H260 mm<\/td>\n<\/tr>\n<tr>\n<th>Verpackt Abmessungen<\/th>\n<td>L890 x B720 x H400 mm<\/td>\n<\/tr>\n<tr>\n<th>Nettogewicht<\/th>\n<td>32,6 kg<\/td>\n<\/tr>\n<tr>\n<th>Bruttogewicht<\/th>\n<td>53,6 kg<\/td>\n<\/tr>\n<\/tbody>\n<\/table>\n<\/div>\n\t\t<\/div>\n\t\t\t\t\t<\/div>\n\n\t\n<\/div>\n\t\t<\/div>\n\n\t\t\n<style>\n#section_1844078898 {\n  padding-top: 30px;\n  padding-bottom: 30px;\n}\n<\/style>\n\t<\/section>\n\t\n\n\t<section class=\"section\" id=\"section_1995400170\">\n\t\t<div class=\"section-bg fill\" >\n\t\t\t\t\t\t\t\t\t\n\t\t\t\n\n\t\t<\/div>\n\n\t\t\n\n\t\t<div class=\"section-content relative\">\n\t\t\t\n<div class=\"row\"  id=\"row-1878034613\">\n\n\t<div id=\"col-1206909339\" class=\"col small-12 large-12\"  >\n\t\t\t\t<div class=\"col-inner\"  >\n\t\t\t\n\t\t\t\n<h2>Anwendungsszenarien<\/h2>\n<div class=\"row\"  id=\"row-728951311\">\n\n\t<div id=\"col-215431649\" class=\"col small-12 large-12\"  >\n\t\t\t\t<div class=\"col-inner\"  >\n\t\t\t\n\t\t\t\n<h3>Tampondruck-Industrie:<\/h3>\n<div class=\"row\"  id=\"row-1112336567\">\n\n\t<div id=\"col-265323520\" class=\"col medium-6 small-12 large-6\"  >\n\t\t\t\t<div class=\"col-inner\"  >\n\t\t\t\n\t\t\t\n<h4>Produktherstellung:<\/h4>\n<ul>\n<li>Herstellung von Warenzeichen und Markenlogos<\/li>\n<li>Pr\u00e4zisionsteile f\u00fcr elektronische Produkte, Spielzeug und Kulturprodukte<\/li>\n<\/ul>\n\t\t<\/div>\n\t\t\t\t\t<\/div>\n\n\t\n\n\t<div id=\"col-1177868122\" class=\"col medium-6 small-12 large-6\"  >\n\t\t\t\t<div class=\"col-inner\"  >\n\t\t\t\n\t\t\t\n<h4>Industrielle und spezialisierte Bereiche:<\/h4>\n<ul>\n<li>Automobil- und Industriekomponenten<\/li>\n<li>Medizinische Anwendungen<\/li>\n<li>Bereiche der Verpackung<\/li>\n<\/ul>\n\t\t<\/div>\n\t\t\t\t\t<\/div>\n\n\t\n\n\t<div id=\"col-1706208426\" class=\"col small-12 large-12\"  >\n\t\t\t\t<div class=\"col-inner\"  >\n\t\t\t\n\t\t\t\n<p>Dieses UV-Belichtungsger\u00e4t ist entscheidend f\u00fcr eine qualitativ hochwertige Ausgabe.<\/p>\n\t\t<\/div>\n\t\t\t\t\t<\/div>\n\n\t\n<\/div>\n<h3>DIY-Anpassung:<\/h3>\n<p>Perfekt als DIY-Belichtungsger\u00e4t f\u00fcr den Oberfl\u00e4chendruck von Namensschildern und Geschenken in kleinen St\u00fcckzahlen. Diese vielseitige Belichtungsbox kann auch von denjenigen in Betracht gezogen werden, die ein DIY-UV-Belichtungsger\u00e4t f\u00fcr verschiedene Projekte suchen.<\/p>\n\t\t<\/div>\n\t\t\t\t\t<\/div>\n\n\t\n<\/div>\n<p>Wenden Sie sich an uns, um Produktbilder, Betriebsvideos und Kundendienstrichtlinien zu erhalten.<\/p>\n\t\t<\/div>\n\t\t\t\t\t<\/div>\n\n\t\n<\/div>\n\t\t<\/div>\n\n\t\t\n<style>\n#section_1995400170 {\n  padding-top: 30px;\n  padding-bottom: 30px;\n}\n<\/style>\n\t<\/section>","protected":false},"excerpt":{"rendered":"<p>Die Klischeebelichtungsmaschine AP-200W ist speziell f\u00fcr die Herstellung von Tampondruck-Stahlplatten konzipiert. Es verf\u00fcgt \u00fcber hocheffiziente 200-W-Ultraviolett-Lampenr\u00f6hren f\u00fcr eine gleichm\u00e4\u00dfige Belichtung, einen niedrigen Energieverbrauch und eine einfache Bedienung. Dieses Ger\u00e4t ist ideal f\u00fcr kleine Druckereien, personalisierte Studios und Pr\u00e4zisions-Tampondruckverfahren.<\/p>\n<p>Dieses Klischee-Belichtungsger\u00e4t ist f\u00fcr verschiedene Tampondruck-Stahlplatten (0,3-10 mm dick) und Polymerplatten (mit Wasser oder Alkohol auswaschbar) geeignet. Er ist mit einer Vakuumfunktion ausgestattet, die f\u00fcr einen engen Sitz zwischen Stahlplatte und Film sorgt, und bietet eine genaue digitale Zeitsteuerung (0-9999 Sekunden) sowohl f\u00fcr das Vakuum als auch f\u00fcr die Belichtungszeit.<\/p>\n<p>Wir bieten auch umfassende Unterst\u00fctzung, einschlie\u00dflich technischer Hilfe und Empfehlungen zu Verbrauchsmaterialien f\u00fcr Ihren Klischeebelichtungsbedarf.<\/p>","protected":false},"featured_media":2488,"template":"","meta":[],"product_cat":[24],"class_list":{"0":"post-2487","1":"product","2":"type-product","3":"status-publish","4":"has-post-thumbnail","6":"product_cat-auxiliary-equipment-for-screen-printing-and-pad-printing","8":"first","9":"instock","10":"shipping-taxable","11":"product-type-simple"},"acf":[],"yoast_head":"<!-- This site is optimized with the Yoast SEO plugin v23.9 - https:\/\/yoast.com\/wordpress\/plugins\/seo\/ -->\n<title>AP-200W UV Exposure Unit for Pad Printing Cliche Making -<\/title>\n<meta name=\"description\" content=\"Discover our high-performance UV Exposure Unit for pad printing clich\u00e9 making. Ideal for photopolymer plates, small-batch nameplates, and diverse printing projects.\" \/>\n<meta name=\"robots\" content=\"index, follow, max-snippet:-1, max-image-preview:large, max-video-preview:-1\" \/>\n<link rel=\"canonical\" href=\"https:\/\/autoprintmachine.com\/de\/ap-200w-uv-belichtungseinheit-fur-tampondruck-klischeeherstellung\/\" \/>\n<meta property=\"og:locale\" content=\"de_DE\" \/>\n<meta property=\"og:type\" content=\"article\" \/>\n<meta property=\"og:title\" content=\"AP-200W UV Exposure Unit for Pad Printing Cliche Making -\" \/>\n<meta property=\"og:description\" content=\"Discover our high-performance UV Exposure Unit for pad printing clich\u00e9 making. Ideal for photopolymer plates, small-batch nameplates, and diverse printing projects.\" \/>\n<meta property=\"og:url\" content=\"https:\/\/autoprintmachine.com\/de\/ap-200w-uv-belichtungseinheit-fur-tampondruck-klischeeherstellung\/\" \/>\n<meta property=\"article:modified_time\" content=\"2026-01-13T05:44:02+00:00\" \/>\n<meta property=\"og:image\" content=\"https:\/\/autoprintmachine.com\/wp-content\/uploads\/2025\/06\/clicle_exposure_machine_ap_200w.webp\" \/>\n\t<meta property=\"og:image:width\" content=\"1000\" \/>\n\t<meta property=\"og:image:height\" content=\"764\" \/>\n\t<meta property=\"og:image:type\" content=\"image\/webp\" \/>\n<meta name=\"twitter:card\" content=\"summary_large_image\" \/>\n<meta name=\"twitter:label1\" content=\"Gesch\u00e4tzte Lesezeit\" \/>\n\t<meta name=\"twitter:data1\" content=\"3\u00a0Minuten\" \/>\n<script type=\"application\/ld+json\" class=\"yoast-schema-graph\">{\"@context\":\"https:\/\/schema.org\",\"@graph\":[{\"@type\":\"WebPage\",\"@id\":\"https:\/\/autoprintmachine.com\/ap-200w-uv-exposure-unit-for-pad-printing-cliche-making\/\",\"url\":\"https:\/\/autoprintmachine.com\/ap-200w-uv-exposure-unit-for-pad-printing-cliche-making\/\",\"name\":\"AP-200W UV Exposure Unit for Pad Printing Cliche Making -\",\"isPartOf\":{\"@id\":\"https:\/\/autoprintmachine.com\/#website\"},\"primaryImageOfPage\":{\"@id\":\"https:\/\/autoprintmachine.com\/ap-200w-uv-exposure-unit-for-pad-printing-cliche-making\/#primaryimage\"},\"image\":{\"@id\":\"https:\/\/autoprintmachine.com\/ap-200w-uv-exposure-unit-for-pad-printing-cliche-making\/#primaryimage\"},\"thumbnailUrl\":\"https:\/\/autoprintmachine.com\/wp-content\/uploads\/2025\/06\/clicle_exposure_machine_ap_200w.webp\",\"datePublished\":\"2025-06-06T06:29:43+00:00\",\"dateModified\":\"2026-01-13T05:44:02+00:00\",\"description\":\"Discover our high-performance UV Exposure Unit for pad printing clich\u00e9 making. Ideal for photopolymer plates, small-batch nameplates, and diverse printing projects.\",\"breadcrumb\":{\"@id\":\"https:\/\/autoprintmachine.com\/ap-200w-uv-exposure-unit-for-pad-printing-cliche-making\/#breadcrumb\"},\"inLanguage\":\"de\",\"potentialAction\":[{\"@type\":\"ReadAction\",\"target\":[\"https:\/\/autoprintmachine.com\/ap-200w-uv-exposure-unit-for-pad-printing-cliche-making\/\"]}]},{\"@type\":\"ImageObject\",\"inLanguage\":\"de\",\"@id\":\"https:\/\/autoprintmachine.com\/ap-200w-uv-exposure-unit-for-pad-printing-cliche-making\/#primaryimage\",\"url\":\"https:\/\/autoprintmachine.com\/wp-content\/uploads\/2025\/06\/clicle_exposure_machine_ap_200w.webp\",\"contentUrl\":\"https:\/\/autoprintmachine.com\/wp-content\/uploads\/2025\/06\/clicle_exposure_machine_ap_200w.webp\",\"width\":1000,\"height\":764,\"caption\":\"White AP-200W clich\u00e9 exposure machine for pad printing steel plates, featuring multiple UV lamps and a vacuum worktable.\"},{\"@type\":\"BreadcrumbList\",\"@id\":\"https:\/\/autoprintmachine.com\/ap-200w-uv-exposure-unit-for-pad-printing-cliche-making\/#breadcrumb\",\"itemListElement\":[{\"@type\":\"ListItem\",\"position\":1,\"name\":\"Home\",\"item\":\"https:\/\/autoprintmachine.com\/\"},{\"@type\":\"ListItem\",\"position\":2,\"name\":\"Products\",\"item\":\"https:\/\/autoprintmachine.com\/shop\/\"},{\"@type\":\"ListItem\",\"position\":3,\"name\":\"AP-200W UV Exposure Unit for Pad Printing Cliche Making\"}]},{\"@type\":\"WebSite\",\"@id\":\"https:\/\/autoprintmachine.com\/#website\",\"url\":\"https:\/\/autoprintmachine.com\/\",\"name\":\"\",\"description\":\"\",\"potentialAction\":[{\"@type\":\"SearchAction\",\"target\":{\"@type\":\"EntryPoint\",\"urlTemplate\":\"https:\/\/autoprintmachine.com\/?s={search_term_string}\"},\"query-input\":{\"@type\":\"PropertyValueSpecification\",\"valueRequired\":true,\"valueName\":\"search_term_string\"}}],\"inLanguage\":\"de\"}]}<\/script>\n<!-- \/ Yoast SEO plugin. -->","yoast_head_json":{"title":"AP-200W UV Exposure Unit for Pad Printing Cliche Making -","description":"Discover our high-performance UV Exposure Unit for pad printing clich\u00e9 making. Ideal for photopolymer plates, small-batch nameplates, and diverse printing projects.","robots":{"index":"index","follow":"follow","max-snippet":"max-snippet:-1","max-image-preview":"max-image-preview:large","max-video-preview":"max-video-preview:-1"},"canonical":"https:\/\/autoprintmachine.com\/de\/ap-200w-uv-belichtungseinheit-fur-tampondruck-klischeeherstellung\/","og_locale":"de_DE","og_type":"article","og_title":"AP-200W UV Exposure Unit for Pad Printing Cliche Making -","og_description":"Discover our high-performance UV Exposure Unit for pad printing clich\u00e9 making. Ideal for photopolymer plates, small-batch nameplates, and diverse printing projects.","og_url":"https:\/\/autoprintmachine.com\/de\/ap-200w-uv-belichtungseinheit-fur-tampondruck-klischeeherstellung\/","article_modified_time":"2026-01-13T05:44:02+00:00","og_image":[{"width":1000,"height":764,"url":"https:\/\/autoprintmachine.com\/wp-content\/uploads\/2025\/06\/clicle_exposure_machine_ap_200w.webp","type":"image\/webp"}],"twitter_card":"summary_large_image","twitter_misc":{"Gesch\u00e4tzte Lesezeit":"3\u00a0Minuten"},"schema":{"@context":"https:\/\/schema.org","@graph":[{"@type":"WebPage","@id":"https:\/\/autoprintmachine.com\/ap-200w-uv-exposure-unit-for-pad-printing-cliche-making\/","url":"https:\/\/autoprintmachine.com\/ap-200w-uv-exposure-unit-for-pad-printing-cliche-making\/","name":"AP-200W UV Exposure Unit for Pad Printing Cliche Making -","isPartOf":{"@id":"https:\/\/autoprintmachine.com\/#website"},"primaryImageOfPage":{"@id":"https:\/\/autoprintmachine.com\/ap-200w-uv-exposure-unit-for-pad-printing-cliche-making\/#primaryimage"},"image":{"@id":"https:\/\/autoprintmachine.com\/ap-200w-uv-exposure-unit-for-pad-printing-cliche-making\/#primaryimage"},"thumbnailUrl":"https:\/\/autoprintmachine.com\/wp-content\/uploads\/2025\/06\/clicle_exposure_machine_ap_200w.webp","datePublished":"2025-06-06T06:29:43+00:00","dateModified":"2026-01-13T05:44:02+00:00","description":"Discover our high-performance UV Exposure Unit for pad printing clich\u00e9 making. Ideal for photopolymer plates, small-batch nameplates, and diverse printing projects.","breadcrumb":{"@id":"https:\/\/autoprintmachine.com\/ap-200w-uv-exposure-unit-for-pad-printing-cliche-making\/#breadcrumb"},"inLanguage":"de","potentialAction":[{"@type":"ReadAction","target":["https:\/\/autoprintmachine.com\/ap-200w-uv-exposure-unit-for-pad-printing-cliche-making\/"]}]},{"@type":"ImageObject","inLanguage":"de","@id":"https:\/\/autoprintmachine.com\/ap-200w-uv-exposure-unit-for-pad-printing-cliche-making\/#primaryimage","url":"https:\/\/autoprintmachine.com\/wp-content\/uploads\/2025\/06\/clicle_exposure_machine_ap_200w.webp","contentUrl":"https:\/\/autoprintmachine.com\/wp-content\/uploads\/2025\/06\/clicle_exposure_machine_ap_200w.webp","width":1000,"height":764,"caption":"White AP-200W clich\u00e9 exposure machine for pad printing steel plates, featuring multiple UV lamps and a vacuum worktable."},{"@type":"BreadcrumbList","@id":"https:\/\/autoprintmachine.com\/ap-200w-uv-exposure-unit-for-pad-printing-cliche-making\/#breadcrumb","itemListElement":[{"@type":"ListItem","position":1,"name":"Home","item":"https:\/\/autoprintmachine.com\/"},{"@type":"ListItem","position":2,"name":"Products","item":"https:\/\/autoprintmachine.com\/shop\/"},{"@type":"ListItem","position":3,"name":"AP-200W UV Exposure Unit for Pad Printing Cliche Making"}]},{"@type":"WebSite","@id":"https:\/\/autoprintmachine.com\/#website","url":"https:\/\/autoprintmachine.com\/","name":"","description":"","potentialAction":[{"@type":"SearchAction","target":{"@type":"EntryPoint","urlTemplate":"https:\/\/autoprintmachine.com\/?s={search_term_string}"},"query-input":{"@type":"PropertyValueSpecification","valueRequired":true,"valueName":"search_term_string"}}],"inLanguage":"de"}]}},"_links":{"self":[{"href":"https:\/\/autoprintmachine.com\/de\/wp-json\/wp\/v2\/product\/2487","targetHints":{"allow":["GET"]}}],"collection":[{"href":"https:\/\/autoprintmachine.com\/de\/wp-json\/wp\/v2\/product"}],"about":[{"href":"https:\/\/autoprintmachine.com\/de\/wp-json\/wp\/v2\/types\/product"}],"wp:featuredmedia":[{"embeddable":true,"href":"https:\/\/autoprintmachine.com\/de\/wp-json\/wp\/v2\/media\/2488"}],"wp:attachment":[{"href":"https:\/\/autoprintmachine.com\/de\/wp-json\/wp\/v2\/media?parent=2487"}],"wp:term":[{"taxonomy":"product_cat","embeddable":true,"href":"https:\/\/autoprintmachine.com\/de\/wp-json\/wp\/v2\/product_cat?post=2487"}],"curies":[{"name":"wp","href":"https:\/\/api.w.org\/{rel}","templated":true}]}}