{"id":280,"date":"2020-08-06T03:24:41","date_gmt":"2020-08-06T03:24:41","guid":{"rendered":"https:\/\/onceauto.seowaimao.com\/?post_type=product&#038;p=280"},"modified":"2026-03-31T06:22:32","modified_gmt":"2026-03-31T06:22:32","slug":"%e2%88%8575mm-zylinder-siebdruckmaschine","status":"publish","type":"product","link":"https:\/\/autoprintmachine.com\/de\/%e2%88%8575mm-zylinder-siebdruckmaschine\/","title":{"rendered":"\u220575mm-Zylinder-Siebdruckmaschine"},"content":{"rendered":"<p><strong>Einleitung:<\/strong><\/p>\n<p><strong>AP-300<\/strong> runde Siebdruckmaschine ist pneumatisch angetrieben. Es handelt sich um einen PCB-gesteuerten Universal-Siebdrucker mit einem maximalen Druckdurchmesser von 75 mm. Diese Maschine eignet sich f\u00fcr den Druck von kleinen runden\/zylindrischen und ovalen Produkten. Wie z.B. kleine Tuben, Becher, Flaschen und andere runde Beh\u00e4lter.<\/p>\n<p><strong>Standardmerkmale:<\/strong><\/p>\n<ul>\n<li>Elektropneumatisch gesteuert<\/li>\n<li>Programmierbare Einrichtung<\/li>\n<li>Pneumatisch gesteuert mit Sto\u00dfd\u00e4mpfern<\/li>\n<li>Vertikaler Kopflift mit Auf-\/Abw\u00e4rtssperre<\/li>\n<li>Linearkugellager auf geh\u00e4rteten Wellen<\/li>\n<li>Fu\u00dfschalter gesteuert<\/li>\n<li>Rakel neigbar, schr\u00e4g und h\u00f6henverstellbar<\/li>\n<li>Einstellung des Bildschirmrahmenwinkels<\/li>\n<li>Universelle Vorrichtungsstange f\u00fcr die Montage von kundenspezifischen Werkzeugen<\/li>\n<li>Flaschenf\u00fcllsystem mit Regler<\/li>\n<li>Das Bef\u00fcllen der Flaschen wird mit dem Druckzyklus synchronisiert<\/li>\n<li>Regulierter Rakeldruck mit Manometer<\/li>\n<li>Bodenausgleicher und Rollen<\/li>\n<li>Not-Aus-Taster \/ Optionale Schutzeinrichtungen<\/li>\n<\/ul>\n<p><strong>Spezifikationen:<\/strong><\/p>\n<table width=\"96%\">\n<tbody>\n<tr>\n<td width=\"50%\"><strong>Modellnummer:<\/strong><\/td>\n<td width=\"50%\"><strong>AP-300<\/strong><\/td>\n<\/tr>\n<tr>\n<td><strong>Antriebssystem:<\/strong><\/td>\n<td>Pneumatisch<\/td>\n<\/tr>\n<tr>\n<td><strong>Rahmen Auf\/Ab-Hub:<\/strong><\/td>\n<td>100mm (3.94\u2033)<\/td>\n<\/tr>\n<tr>\n<td><strong>Maximale Druckfl\u00e4che rund:<\/strong><\/p>\n<p><strong>Mindestdruckfl\u00e4che rund:<\/strong><\/p>\n<p><strong>Maximale Druckfl\u00e4che Oval:<\/strong><\/td>\n<td>75mm (2.95\u2033) \u00d8<\/p>\n<p>15mm (0.59\u2033) \u00d8<\/p>\n<p>230mm (9.06\u2033) Bogenl\u00e4nge<\/td>\n<\/tr>\n<tr>\n<td><strong>Gr\u00f6\u00dfe des Arbeitstisches:<\/strong><\/td>\n<td>200 x 300 mm<\/td>\n<\/tr>\n<tr>\n<td><strong>Anpassung der Tabelle:<\/strong><\/td>\n<td>X,Y \u00b1 15mm \/ <em>\u03b8<\/em> 15 \u00b0<\/td>\n<\/tr>\n<tr>\n<td><strong>Maximale Gr\u00f6\u00dfe des Bildschirmrahmens:<\/strong><\/td>\n<td>280 x 430 mm<\/td>\n<\/tr>\n<tr>\n<td><strong>Dicke des Bildschirmrahmens:<\/strong><\/td>\n<td>18 - 25 mm<\/td>\n<\/tr>\n<tr>\n<td><strong>Rakel-Winkel:<\/strong><\/td>\n<td>0-15\u00b0<\/td>\n<\/tr>\n<tr>\n<td><strong>Geschwindigkeit des Druckzyklus:<\/strong><\/td>\n<td>1.980 Zyklen\/Stunde<\/td>\n<\/tr>\n<tr>\n<td><strong>Rakelgeschwindigkeit:<\/strong><\/td>\n<td>33\/min<\/td>\n<\/tr>\n<tr>\n<td><strong>Rakeldruck:<\/strong><\/td>\n<td>2 - 4 Bar<\/td>\n<\/tr>\n<tr>\n<td><strong>Elektrische Quelle:<\/strong><\/td>\n<td>110V\/220V 50-60Hz 50W<\/td>\n<\/tr>\n<tr>\n<td><strong>Luftdruck-Eingang:<\/strong><\/td>\n<td>80 psi<\/td>\n<\/tr>\n<tr>\n<td><strong>Luftverbrauch:<\/strong><\/td>\n<td>0,7 l\/Zyklus<\/td>\n<\/tr>\n<tr>\n<td><strong>Gewicht der Maschine:<\/strong><\/td>\n<td>130 kg<\/td>\n<\/tr>\n<tr>\n<td><strong>Gewicht der Maschine (einschlie\u00dflich Verpackung):<\/strong><\/td>\n<td>\u00a0170kg<\/td>\n<\/tr>\n<tr>\n<td><strong>Abmessungen (L x B x H):<\/strong><\/td>\n<td>850 x 830 x 1.280 mm<\/td>\n<\/tr>\n<tr>\n<td><strong>Abmessungen der Kiste:<\/strong><\/td>\n<td>980 x 870 x 1.410 mm<\/td>\n<\/tr>\n<\/tbody>\n<\/table>","protected":false},"excerpt":{"rendered":"<p>Die halbautomatische zylindrische Siebdruckmaschine AP-300 ist speziell f\u00fcr kleine zylindrische und elliptische Beh\u00e4lter mit Durchmessern von 15 bis 75 mm konzipiert. Sie wird durch Pneumatik angetrieben und durch ein pr\u00e4zises elektronisches System gesteuert. Die Maschine hat eine stabile Leistung, einfache Einstellung und einfache Bedienung.<\/p>\n<p>Die AP-300 eignet sich besonders f\u00fcr das Bedrucken von Produkten wie Parf\u00fcmflaschen, Kosmetiktuben und Spritzen. Die Maschine ist mit einem synchronisierten Flaschenf\u00fcllsystem ausgestattet. Dieses System verhindert effektiv, dass sich d\u00fcnnwandige Produkte w\u00e4hrend des Drucks verformen. Es gew\u00e4hrleistet eine hohe Druckqualit\u00e4t und gleichbleibende Chargen.<\/p>\n<p>Wir bieten auch eine komplette Siebdruckl\u00f6sung von der Vorbehandlung bis zur Nachbehandlung.<\/p>","protected":false},"featured_media":839,"template":"","meta":[],"product_brand":[],"product_cat":[15],"product_tag":[],"class_list":{"0":"post-280","1":"product","2":"type-product","3":"status-publish","4":"has-post-thumbnail","6":"product_cat-automatic-cylindrical-screen-printing-machine","8":"first","9":"instock","10":"shipping-taxable","11":"product-type-simple"},"yoast_head":"<!-- This site is optimized with the Yoast SEO plugin v27.4 - https:\/\/yoast.com\/product\/yoast-seo-wordpress\/ -->\n<title>Cylinder Screen Printing Machine<\/title>\n<meta name=\"description\" content=\"This machine suitable for small size round \/ cylindrical and oval product printing, such as small tubes, cups, bottles, etc.\" \/>\n<meta name=\"robots\" content=\"index, follow, max-snippet:-1, max-image-preview:large, max-video-preview:-1\" \/>\n<link rel=\"canonical\" href=\"https:\/\/autoprintmachine.com\/de\/\u220575mm-zylinder-siebdruckmaschine\/\" \/>\n<meta property=\"og:locale\" content=\"de_DE\" \/>\n<meta property=\"og:type\" content=\"article\" \/>\n<meta property=\"og:title\" content=\"Cylinder Screen Printing Machine\" \/>\n<meta property=\"og:description\" content=\"This machine suitable for small size round \/ cylindrical and oval product printing, such as small tubes, cups, bottles, etc.\" \/>\n<meta property=\"og:url\" content=\"https:\/\/autoprintmachine.com\/de\/\u220575mm-zylinder-siebdruckmaschine\/\" \/>\n<meta property=\"article:publisher\" content=\"https:\/\/www.facebook.com\/autoprinttech\/\" \/>\n<meta property=\"article:modified_time\" content=\"2026-03-31T06:22:32+00:00\" \/>\n<meta property=\"og:image\" content=\"https:\/\/autoprintmachine.com\/wp-content\/uploads\/2020\/08\/OS-300-1.jpg\" \/>\n\t<meta property=\"og:image:width\" content=\"600\" \/>\n\t<meta property=\"og:image:height\" content=\"600\" \/>\n\t<meta property=\"og:image:type\" content=\"image\/jpeg\" \/>\n<meta name=\"twitter:card\" content=\"summary_large_image\" \/>\n<meta name=\"twitter:label1\" content=\"Est. reading time\" \/>\n\t<meta name=\"twitter:data1\" content=\"2\u00a0Minuten\" \/>\n<script type=\"application\/ld+json\" class=\"yoast-schema-graph\">{\"@context\":\"https:\\\/\\\/schema.org\",\"@graph\":[{\"@type\":\"WebPage\",\"@id\":\"https:\\\/\\\/autoprintmachine.com\\\/%e2%88%8575mm-cylinder-screen-printing-machine\\\/\",\"url\":\"https:\\\/\\\/autoprintmachine.com\\\/%e2%88%8575mm-cylinder-screen-printing-machine\\\/\",\"name\":\"Cylinder Screen Printing Machine\",\"isPartOf\":{\"@id\":\"https:\\\/\\\/autoprintmachine.com\\\/#website\"},\"primaryImageOfPage\":{\"@id\":\"https:\\\/\\\/autoprintmachine.com\\\/%e2%88%8575mm-cylinder-screen-printing-machine\\\/#primaryimage\"},\"image\":{\"@id\":\"https:\\\/\\\/autoprintmachine.com\\\/%e2%88%8575mm-cylinder-screen-printing-machine\\\/#primaryimage\"},\"thumbnailUrl\":\"https:\\\/\\\/autoprintmachine.com\\\/wp-content\\\/uploads\\\/2020\\\/08\\\/OS-300-1.jpg\",\"datePublished\":\"2020-08-06T03:24:41+00:00\",\"dateModified\":\"2026-03-31T06:22:32+00:00\",\"description\":\"This machine suitable for small size round \\\/ cylindrical and oval product printing, such as small tubes, cups, bottles, etc.\",\"breadcrumb\":{\"@id\":\"https:\\\/\\\/autoprintmachine.com\\\/%e2%88%8575mm-cylinder-screen-printing-machine\\\/#breadcrumb\"},\"inLanguage\":\"de\",\"potentialAction\":[{\"@type\":\"ReadAction\",\"target\":[\"https:\\\/\\\/autoprintmachine.com\\\/%e2%88%8575mm-cylinder-screen-printing-machine\\\/\"]}]},{\"@type\":\"ImageObject\",\"inLanguage\":\"de\",\"@id\":\"https:\\\/\\\/autoprintmachine.com\\\/%e2%88%8575mm-cylinder-screen-printing-machine\\\/#primaryimage\",\"url\":\"https:\\\/\\\/autoprintmachine.com\\\/wp-content\\\/uploads\\\/2020\\\/08\\\/OS-300-1.jpg\",\"contentUrl\":\"https:\\\/\\\/autoprintmachine.com\\\/wp-content\\\/uploads\\\/2020\\\/08\\\/OS-300-1.jpg\",\"width\":600,\"height\":600,\"caption\":\"led bulb pad printing machine\"},{\"@type\":\"BreadcrumbList\",\"@id\":\"https:\\\/\\\/autoprintmachine.com\\\/%e2%88%8575mm-cylinder-screen-printing-machine\\\/#breadcrumb\",\"itemListElement\":[{\"@type\":\"ListItem\",\"position\":1,\"name\":\"Home\",\"item\":\"https:\\\/\\\/autoprintmachine.com\\\/\"},{\"@type\":\"ListItem\",\"position\":2,\"name\":\"Products\",\"item\":\"https:\\\/\\\/autoprintmachine.com\\\/shop\\\/\"},{\"@type\":\"ListItem\",\"position\":3,\"name\":\"\u220575mm Cylinder Screen Printing Machine\"}]},{\"@type\":\"WebSite\",\"@id\":\"https:\\\/\\\/autoprintmachine.com\\\/#website\",\"url\":\"https:\\\/\\\/autoprintmachine.com\\\/\",\"name\":\"\",\"description\":\"\",\"publisher\":{\"@id\":\"https:\\\/\\\/autoprintmachine.com\\\/#organization\"},\"potentialAction\":[{\"@type\":\"SearchAction\",\"target\":{\"@type\":\"EntryPoint\",\"urlTemplate\":\"https:\\\/\\\/autoprintmachine.com\\\/?s={search_term_string}\"},\"query-input\":{\"@type\":\"PropertyValueSpecification\",\"valueRequired\":true,\"valueName\":\"search_term_string\"}}],\"inLanguage\":\"de\"},{\"@type\":\"Organization\",\"@id\":\"https:\\\/\\\/autoprintmachine.com\\\/#organization\",\"name\":\"Dongguan Auto Print Tech Co., Ltd\",\"url\":\"https:\\\/\\\/autoprintmachine.com\\\/\",\"logo\":{\"@type\":\"ImageObject\",\"inLanguage\":\"de\",\"@id\":\"https:\\\/\\\/autoprintmachine.com\\\/#\\\/schema\\\/logo\\\/image\\\/\",\"url\":\"https:\\\/\\\/autoprintmachine.com\\\/wp-content\\\/uploads\\\/2023\\\/06\\\/screen_printing_logo_new.webp\",\"contentUrl\":\"https:\\\/\\\/autoprintmachine.com\\\/wp-content\\\/uploads\\\/2023\\\/06\\\/screen_printing_logo_new.webp\",\"width\":890,\"height\":750,\"caption\":\"Dongguan Auto Print Tech Co., Ltd\"},\"image\":{\"@id\":\"https:\\\/\\\/autoprintmachine.com\\\/#\\\/schema\\\/logo\\\/image\\\/\"},\"sameAs\":[\"https:\\\/\\\/www.facebook.com\\\/autoprinttech\\\/\",\"https:\\\/\\\/www.youtube.com\\\/channel\\\/UCJtPGiBbQWGE2DZLxySpCtw\"]}]}<\/script>\n<!-- \/ Yoast SEO plugin. -->","yoast_head_json":{"title":"Zylindersiebdruckmaschine","description":"Diese Maschine eignet sich f\u00fcr das Bedrucken kleiner runder\/zylindrischer und ovaler Produkte, wie z.B. kleine Tuben, Becher, Flaschen, etc.","robots":{"index":"index","follow":"follow","max-snippet":"max-snippet:-1","max-image-preview":"max-image-preview:large","max-video-preview":"max-video-preview:-1"},"canonical":"https:\/\/autoprintmachine.com\/de\/\u220575mm-zylinder-siebdruckmaschine\/","og_locale":"de_DE","og_type":"article","og_title":"Cylinder Screen Printing Machine","og_description":"This machine suitable for small size round \/ cylindrical and oval product printing, such as small tubes, cups, bottles, etc.","og_url":"https:\/\/autoprintmachine.com\/de\/\u220575mm-zylinder-siebdruckmaschine\/","article_publisher":"https:\/\/www.facebook.com\/autoprinttech\/","article_modified_time":"2026-03-31T06:22:32+00:00","og_image":[{"width":600,"height":600,"url":"https:\/\/autoprintmachine.com\/wp-content\/uploads\/2020\/08\/OS-300-1.jpg","type":"image\/jpeg"}],"twitter_card":"summary_large_image","twitter_misc":{"Est. reading time":"2\u00a0Minuten"},"schema":{"@context":"https:\/\/schema.org","@graph":[{"@type":"WebPage","@id":"https:\/\/autoprintmachine.com\/%e2%88%8575mm-cylinder-screen-printing-machine\/","url":"https:\/\/autoprintmachine.com\/%e2%88%8575mm-cylinder-screen-printing-machine\/","name":"Zylindersiebdruckmaschine","isPartOf":{"@id":"https:\/\/autoprintmachine.com\/#website"},"primaryImageOfPage":{"@id":"https:\/\/autoprintmachine.com\/%e2%88%8575mm-cylinder-screen-printing-machine\/#primaryimage"},"image":{"@id":"https:\/\/autoprintmachine.com\/%e2%88%8575mm-cylinder-screen-printing-machine\/#primaryimage"},"thumbnailUrl":"https:\/\/autoprintmachine.com\/wp-content\/uploads\/2020\/08\/OS-300-1.jpg","datePublished":"2020-08-06T03:24:41+00:00","dateModified":"2026-03-31T06:22:32+00:00","description":"Diese Maschine eignet sich f\u00fcr das Bedrucken kleiner runder\/zylindrischer und ovaler Produkte, wie z.B. kleine Tuben, Becher, Flaschen, etc.","breadcrumb":{"@id":"https:\/\/autoprintmachine.com\/%e2%88%8575mm-cylinder-screen-printing-machine\/#breadcrumb"},"inLanguage":"de","potentialAction":[{"@type":"ReadAction","target":["https:\/\/autoprintmachine.com\/%e2%88%8575mm-cylinder-screen-printing-machine\/"]}]},{"@type":"ImageObject","inLanguage":"de","@id":"https:\/\/autoprintmachine.com\/%e2%88%8575mm-cylinder-screen-printing-machine\/#primaryimage","url":"https:\/\/autoprintmachine.com\/wp-content\/uploads\/2020\/08\/OS-300-1.jpg","contentUrl":"https:\/\/autoprintmachine.com\/wp-content\/uploads\/2020\/08\/OS-300-1.jpg","width":600,"height":600,"caption":"led bulb pad printing machine"},{"@type":"BreadcrumbList","@id":"https:\/\/autoprintmachine.com\/%e2%88%8575mm-cylinder-screen-printing-machine\/#breadcrumb","itemListElement":[{"@type":"ListItem","position":1,"name":"Home","item":"https:\/\/autoprintmachine.com\/"},{"@type":"ListItem","position":2,"name":"Products","item":"https:\/\/autoprintmachine.com\/shop\/"},{"@type":"ListItem","position":3,"name":"\u220575mm Cylinder Screen Printing Machine"}]},{"@type":"WebSite","@id":"https:\/\/autoprintmachine.com\/#website","url":"https:\/\/autoprintmachine.com\/","name":"","description":"","publisher":{"@id":"https:\/\/autoprintmachine.com\/#organization"},"potentialAction":[{"@type":"SearchAction","target":{"@type":"EntryPoint","urlTemplate":"https:\/\/autoprintmachine.com\/?s={search_term_string}"},"query-input":{"@type":"PropertyValueSpecification","valueRequired":true,"valueName":"search_term_string"}}],"inLanguage":"de"},{"@type":"Organization","@id":"https:\/\/autoprintmachine.com\/#organization","name":"Dongguan Auto Print Tech Co.","url":"https:\/\/autoprintmachine.com\/","logo":{"@type":"ImageObject","inLanguage":"de","@id":"https:\/\/autoprintmachine.com\/#\/schema\/logo\/image\/","url":"https:\/\/autoprintmachine.com\/wp-content\/uploads\/2023\/06\/screen_printing_logo_new.webp","contentUrl":"https:\/\/autoprintmachine.com\/wp-content\/uploads\/2023\/06\/screen_printing_logo_new.webp","width":890,"height":750,"caption":"Dongguan Auto Print Tech Co., Ltd"},"image":{"@id":"https:\/\/autoprintmachine.com\/#\/schema\/logo\/image\/"},"sameAs":["https:\/\/www.facebook.com\/autoprinttech\/","https:\/\/www.youtube.com\/channel\/UCJtPGiBbQWGE2DZLxySpCtw"]}]}},"_links":{"self":[{"href":"https:\/\/autoprintmachine.com\/de\/wp-json\/wp\/v2\/product\/280","targetHints":{"allow":["GET"]}}],"collection":[{"href":"https:\/\/autoprintmachine.com\/de\/wp-json\/wp\/v2\/product"}],"about":[{"href":"https:\/\/autoprintmachine.com\/de\/wp-json\/wp\/v2\/types\/product"}],"wp:featuredmedia":[{"embeddable":true,"href":"https:\/\/autoprintmachine.com\/de\/wp-json\/wp\/v2\/media\/839"}],"wp:attachment":[{"href":"https:\/\/autoprintmachine.com\/de\/wp-json\/wp\/v2\/media?parent=280"}],"wp:term":[{"taxonomy":"product_brand","embeddable":true,"href":"https:\/\/autoprintmachine.com\/de\/wp-json\/wp\/v2\/product_brand?post=280"},{"taxonomy":"product_cat","embeddable":true,"href":"https:\/\/autoprintmachine.com\/de\/wp-json\/wp\/v2\/product_cat?post=280"},{"taxonomy":"product_tag","embeddable":true,"href":"https:\/\/autoprintmachine.com\/de\/wp-json\/wp\/v2\/product_tag?post=280"}],"curies":[{"name":"wp","href":"https:\/\/api.w.org\/{rel}","templated":true}]}}