{"id":284,"date":"2020-08-06T06:59:01","date_gmt":"2020-08-06T06:59:01","guid":{"rendered":"https:\/\/onceauto.seowaimao.com\/?post_type=product&#038;p=284"},"modified":"2025-12-24T03:05:54","modified_gmt":"2025-12-24T03:05:54","slug":"%e2%88%85110mm-runde-siebdruckmaschine","status":"publish","type":"product","link":"https:\/\/autoprintmachine.com\/de\/%e2%88%85110mm-runde-siebdruckmaschine\/","title":{"rendered":"\u2205110mm Runde Siebdruckmaschine"},"content":{"rendered":"<p><strong>Einleitung:<\/strong><\/p>\n<p><strong>AP-400<\/strong><span data-offset-key=\"2aaq2-0-1\"><strong>\u00a0<\/strong>Die halbautomatische Siebdruckmaschine f\u00fcr Flaschen und Beh\u00e4lter ist eine gut konzipierte und vielseitige Maschine. Die\u00a0<\/span><strong>AP-400<\/strong><span data-offset-key=\"2aaq2-0-3\"> kann flache und zylindrische Objekte im Siebdruckverfahren bedrucken. Beispiele sind blasgeformte Flaschen, Kosmetiktuben, Aluminiumwasserflaschen, Trommelst\u00f6cke und Glaspipetten.\u00a0 <\/span><span class=\"veryhardreadability\"><span data-offset-key=\"2aaq2-1-0\">Die <strong>AP-400<\/strong>\u00a0zeichnet sich durch schnelle und einfache Werkzeugwechsel, pr\u00e4zise mechanische Registrierung und praktische Bedienelemente auf der Vorderseite aus<\/span><\/span><span data-offset-key=\"2aaq2-2-0\">. Diese Merkmale machen die <strong>AP-400<\/strong> die perfekte Allround-Universal-Siebdruckmaschine.<\/span><\/p>\n<p><strong>Standardmerkmale:<\/strong><\/p>\n<ul>\n<li>Elektropneumatisch gesteuert<\/li>\n<li>Programmierbare Einrichtung<\/li>\n<li>Pneumatisch gesteuert mit Sto\u00dfd\u00e4mpfern<\/li>\n<li>Vertikaler Kopflift mit Auf-\/Abw\u00e4rtssperre<\/li>\n<li>Linearkugellager auf geh\u00e4rteten Wellen<\/li>\n<li>Fu\u00dfschalter gesteuert<\/li>\n<li>Neigungs-, Schr\u00e4g- und H\u00f6henverstellung der Rakel<\/li>\n<li>Einstellung des Bildschirmrahmenwinkels<\/li>\n<li>Universelle Vorrichtungsstange f\u00fcr die Montage von kundenspezifischen Werkzeugen<\/li>\n<li>Flaschenf\u00fcllsystem mit Regler<\/li>\n<li>Das Aufblasen der Flasche wird mit dem Druckzyklus synchronisiert<\/li>\n<li>Regulierter Rakeldruck mit Manometer<\/li>\n<li>Bodenausgleicher und Rollen<\/li>\n<li>Not-Aus-Taster installiert, Schutzvorrichtung ist optional<\/li>\n<\/ul>\n<p><strong>Spezifikationen:<\/strong><\/p>\n<table width=\"100%\">\n<tbody>\n<tr>\n<td width=\"47%\"><strong>Modellnummer:<\/strong><\/td>\n<td width=\"52%\"><strong>AP-400<\/strong><\/td>\n<\/tr>\n<tr>\n<td><strong>Antriebssystem:<\/strong><\/td>\n<td width=\"52%\">Pneumatisch<\/td>\n<\/tr>\n<tr>\n<td><strong>Rahmen Auf\/Ab-Hub:<\/strong><\/td>\n<td width=\"52%\">100mm (3.94\u2033)<\/td>\n<\/tr>\n<tr>\n<td><strong>Maximale Druckfl\u00e4che rund:<\/strong><\/p>\n<p><strong>Maximale Druckfl\u00e4che Oval:<br \/>\n<\/strong><\/td>\n<td width=\"52%\">110mm (4.33\u2033) \u00d8<\/p>\n<p>340mm (13.39\u2033) Bogenl\u00e4nge<\/td>\n<\/tr>\n<tr>\n<td><strong>Gr\u00f6\u00dfe des Arbeitstisches:<\/strong><\/td>\n<td width=\"52%\">250 x 350 mm<\/td>\n<\/tr>\n<tr>\n<td><strong>Anpassung der Tabelle:<\/strong><\/td>\n<td width=\"52%\">X,Y \u00b1 15mm \/\u00a0<em>\u03b8<\/em>\u00a015 \u00b0<\/td>\n<\/tr>\n<tr>\n<td><strong>Maximale Gr\u00f6\u00dfe des Bildschirmrahmens:<\/strong><\/td>\n<td width=\"52%\">380 x 580 mm<\/td>\n<\/tr>\n<tr>\n<td><strong>Dicke des Bildschirmrahmens:<\/strong><\/td>\n<td width=\"52%\">18 - 25mm (.71\u2033 - .98\u2033)<\/td>\n<\/tr>\n<tr>\n<td><strong>Rakel-Winkel:<\/strong><\/td>\n<td width=\"52%\">0-15\u00b0<\/td>\n<\/tr>\n<tr>\n<td><strong>Geschwindigkeit des Druckzyklus:<\/strong><\/td>\n<td width=\"52%\">1.200 Zyklen\/Stunde<\/td>\n<\/tr>\n<tr>\n<td><strong>Rakelgeschwindigkeit:<\/strong><\/td>\n<td width=\"52%\">20\/min<\/td>\n<\/tr>\n<tr>\n<td><strong>Rakeldruck:<\/strong><\/td>\n<td width=\"52%\">2 - 4 Bar<\/td>\n<\/tr>\n<tr>\n<td><strong>Elektrische Quelle:<\/strong><\/td>\n<td width=\"52%\">110V\/220V 50-60Hz 50W<\/td>\n<\/tr>\n<tr>\n<td><strong>Luftdruck-Eingang:<\/strong><\/td>\n<td width=\"52%\">80 psi<\/td>\n<\/tr>\n<tr>\n<td><strong>Luftverbrauch:<\/strong><\/td>\n<td width=\"52%\">0,7 l\/Zyklus<\/td>\n<\/tr>\n<tr>\n<td><strong>Gewicht der Maschine:<\/strong><\/td>\n<td width=\"52%\">150 kg<\/td>\n<\/tr>\n<tr>\n<td><strong>Gewicht der Maschine (einschlie\u00dflich Verpackung):<\/strong><\/td>\n<td width=\"52%\">190 kg<\/td>\n<\/tr>\n<tr>\n<td><strong>Abmessungen (L x B x H):<\/strong><\/td>\n<td width=\"52%\">1.000 x 950 x 1.400 mm<\/td>\n<\/tr>\n<tr>\n<td><strong>Abmessungen der Kiste:<\/strong><\/td>\n<td width=\"52%\">1.080 x 1.010 x 1.520 mm<\/td>\n<\/tr>\n<\/tbody>\n<\/table>","protected":false},"excerpt":{"rendered":"<p>Die runde Siebdruckmaschine AP-400 ist das beliebteste Modell. Dieser zylindrische Siebdrucker ist mit einem pneumatisch angetriebenen und PCB-gesteuerten System ausgestattet. Sie hat eine solide Struktur und eine stabile Leistung. Sein maximaler Druckdurchmesser betr\u00e4gt 110 mm. Er bietet eine einfache und schnelle Bedienung und erm\u00f6glicht einen schnellen Wechsel der Vorrichtungen. Dieser runde Siebdrucker wird h\u00e4ufig f\u00fcr mittelgro\u00dfe und kleine Flaschen, Becher, Beh\u00e4lter usw. verwendet. Er kann sowohl runde als auch ovale Formen verarbeiten.<\/p>\n<p>&nbsp;<\/p>","protected":false},"featured_media":916,"template":"","meta":[],"product_brand":[],"product_cat":[15],"product_tag":[],"class_list":{"0":"post-284","1":"product","2":"type-product","3":"status-publish","4":"has-post-thumbnail","6":"product_cat-automatic-cylindrical-screen-printing-machine","8":"first","9":"instock","10":"shipping-taxable","11":"product-type-simple"},"yoast_head":"<!-- This site is optimized with the Yoast SEO plugin v27.4 - https:\/\/yoast.com\/product\/yoast-seo-wordpress\/ -->\n<title>Round Screen Printing Machine<\/title>\n<meta name=\"description\" content=\"The\u00a0AP-400\u00a0can screen print on flat and cylindrical objects,blow molded bottles, cosmetic tubes, aluminum water bottles, drum sticks, etc.\" \/>\n<meta name=\"robots\" content=\"index, follow, max-snippet:-1, max-image-preview:large, max-video-preview:-1\" \/>\n<link rel=\"canonical\" href=\"https:\/\/autoprintmachine.com\/de\/\u2205110mm-runde-siebdruckmaschine\/\" \/>\n<meta property=\"og:locale\" content=\"de_DE\" \/>\n<meta property=\"og:type\" content=\"article\" \/>\n<meta property=\"og:title\" content=\"Round Screen Printing Machine\" \/>\n<meta property=\"og:description\" content=\"The\u00a0AP-400\u00a0can screen print on flat and cylindrical objects,blow molded bottles, cosmetic tubes, aluminum water bottles, drum sticks, etc.\" \/>\n<meta property=\"og:url\" content=\"https:\/\/autoprintmachine.com\/de\/\u2205110mm-runde-siebdruckmaschine\/\" \/>\n<meta property=\"article:publisher\" content=\"https:\/\/www.facebook.com\/autoprinttech\/\" \/>\n<meta property=\"article:modified_time\" content=\"2025-12-24T03:05:54+00:00\" \/>\n<meta property=\"og:image\" content=\"https:\/\/autoprintmachine.com\/wp-content\/uploads\/2020\/08\/OS-400New.jpg\" \/>\n\t<meta property=\"og:image:width\" content=\"600\" \/>\n\t<meta property=\"og:image:height\" content=\"600\" \/>\n\t<meta property=\"og:image:type\" content=\"image\/jpeg\" \/>\n<meta name=\"twitter:card\" content=\"summary_large_image\" \/>\n<meta name=\"twitter:label1\" content=\"Est. reading time\" \/>\n\t<meta name=\"twitter:data1\" content=\"2\u00a0Minuten\" \/>\n<script type=\"application\/ld+json\" class=\"yoast-schema-graph\">{\"@context\":\"https:\\\/\\\/schema.org\",\"@graph\":[{\"@type\":\"WebPage\",\"@id\":\"https:\\\/\\\/autoprintmachine.com\\\/%e2%88%85110mm-round-screen-printing-machine\\\/\",\"url\":\"https:\\\/\\\/autoprintmachine.com\\\/%e2%88%85110mm-round-screen-printing-machine\\\/\",\"name\":\"Round Screen Printing Machine\",\"isPartOf\":{\"@id\":\"https:\\\/\\\/autoprintmachine.com\\\/#website\"},\"primaryImageOfPage\":{\"@id\":\"https:\\\/\\\/autoprintmachine.com\\\/%e2%88%85110mm-round-screen-printing-machine\\\/#primaryimage\"},\"image\":{\"@id\":\"https:\\\/\\\/autoprintmachine.com\\\/%e2%88%85110mm-round-screen-printing-machine\\\/#primaryimage\"},\"thumbnailUrl\":\"https:\\\/\\\/autoprintmachine.com\\\/wp-content\\\/uploads\\\/2020\\\/08\\\/OS-400New.jpg\",\"datePublished\":\"2020-08-06T06:59:01+00:00\",\"dateModified\":\"2025-12-24T03:05:54+00:00\",\"description\":\"The\u00a0AP-400\u00a0can screen print on flat and cylindrical objects,blow molded bottles, cosmetic tubes, aluminum water bottles, drum sticks, etc.\",\"breadcrumb\":{\"@id\":\"https:\\\/\\\/autoprintmachine.com\\\/%e2%88%85110mm-round-screen-printing-machine\\\/#breadcrumb\"},\"inLanguage\":\"de\",\"potentialAction\":[{\"@type\":\"ReadAction\",\"target\":[\"https:\\\/\\\/autoprintmachine.com\\\/%e2%88%85110mm-round-screen-printing-machine\\\/\"]}]},{\"@type\":\"ImageObject\",\"inLanguage\":\"de\",\"@id\":\"https:\\\/\\\/autoprintmachine.com\\\/%e2%88%85110mm-round-screen-printing-machine\\\/#primaryimage\",\"url\":\"https:\\\/\\\/autoprintmachine.com\\\/wp-content\\\/uploads\\\/2020\\\/08\\\/OS-400New.jpg\",\"contentUrl\":\"https:\\\/\\\/autoprintmachine.com\\\/wp-content\\\/uploads\\\/2020\\\/08\\\/OS-400New.jpg\",\"width\":600,\"height\":600,\"caption\":\"OS 400New\"},{\"@type\":\"BreadcrumbList\",\"@id\":\"https:\\\/\\\/autoprintmachine.com\\\/%e2%88%85110mm-round-screen-printing-machine\\\/#breadcrumb\",\"itemListElement\":[{\"@type\":\"ListItem\",\"position\":1,\"name\":\"Home\",\"item\":\"https:\\\/\\\/autoprintmachine.com\\\/\"},{\"@type\":\"ListItem\",\"position\":2,\"name\":\"Products\",\"item\":\"https:\\\/\\\/autoprintmachine.com\\\/shop\\\/\"},{\"@type\":\"ListItem\",\"position\":3,\"name\":\"\u2205110mm Round Screen Printing Machine\"}]},{\"@type\":\"WebSite\",\"@id\":\"https:\\\/\\\/autoprintmachine.com\\\/#website\",\"url\":\"https:\\\/\\\/autoprintmachine.com\\\/\",\"name\":\"\",\"description\":\"\",\"publisher\":{\"@id\":\"https:\\\/\\\/autoprintmachine.com\\\/#organization\"},\"potentialAction\":[{\"@type\":\"SearchAction\",\"target\":{\"@type\":\"EntryPoint\",\"urlTemplate\":\"https:\\\/\\\/autoprintmachine.com\\\/?s={search_term_string}\"},\"query-input\":{\"@type\":\"PropertyValueSpecification\",\"valueRequired\":true,\"valueName\":\"search_term_string\"}}],\"inLanguage\":\"de\"},{\"@type\":\"Organization\",\"@id\":\"https:\\\/\\\/autoprintmachine.com\\\/#organization\",\"name\":\"Dongguan Auto Print Tech Co., Ltd\",\"url\":\"https:\\\/\\\/autoprintmachine.com\\\/\",\"logo\":{\"@type\":\"ImageObject\",\"inLanguage\":\"de\",\"@id\":\"https:\\\/\\\/autoprintmachine.com\\\/#\\\/schema\\\/logo\\\/image\\\/\",\"url\":\"https:\\\/\\\/autoprintmachine.com\\\/wp-content\\\/uploads\\\/2023\\\/06\\\/screen_printing_logo_new.webp\",\"contentUrl\":\"https:\\\/\\\/autoprintmachine.com\\\/wp-content\\\/uploads\\\/2023\\\/06\\\/screen_printing_logo_new.webp\",\"width\":890,\"height\":750,\"caption\":\"Dongguan Auto Print Tech Co., Ltd\"},\"image\":{\"@id\":\"https:\\\/\\\/autoprintmachine.com\\\/#\\\/schema\\\/logo\\\/image\\\/\"},\"sameAs\":[\"https:\\\/\\\/www.facebook.com\\\/autoprinttech\\\/\",\"https:\\\/\\\/www.youtube.com\\\/channel\\\/UCJtPGiBbQWGE2DZLxySpCtw\"]}]}<\/script>\n<!-- \/ Yoast SEO plugin. -->","yoast_head_json":{"title":"Runde Siebdruckmaschine","description":"Der AP-400 kann flache und zylindrische Objekte, blasgeformte Flaschen, Kosmetiktuben, Aluminiumwasserflaschen, Trommelst\u00f6cke usw. bedrucken.","robots":{"index":"index","follow":"follow","max-snippet":"max-snippet:-1","max-image-preview":"max-image-preview:large","max-video-preview":"max-video-preview:-1"},"canonical":"https:\/\/autoprintmachine.com\/de\/\u2205110mm-runde-siebdruckmaschine\/","og_locale":"de_DE","og_type":"article","og_title":"Round Screen Printing Machine","og_description":"The\u00a0AP-400\u00a0can screen print on flat and cylindrical objects,blow molded bottles, cosmetic tubes, aluminum water bottles, drum sticks, etc.","og_url":"https:\/\/autoprintmachine.com\/de\/\u2205110mm-runde-siebdruckmaschine\/","article_publisher":"https:\/\/www.facebook.com\/autoprinttech\/","article_modified_time":"2025-12-24T03:05:54+00:00","og_image":[{"width":600,"height":600,"url":"https:\/\/autoprintmachine.com\/wp-content\/uploads\/2020\/08\/OS-400New.jpg","type":"image\/jpeg"}],"twitter_card":"summary_large_image","twitter_misc":{"Est. reading time":"2\u00a0Minuten"},"schema":{"@context":"https:\/\/schema.org","@graph":[{"@type":"WebPage","@id":"https:\/\/autoprintmachine.com\/%e2%88%85110mm-round-screen-printing-machine\/","url":"https:\/\/autoprintmachine.com\/%e2%88%85110mm-round-screen-printing-machine\/","name":"Runde Siebdruckmaschine","isPartOf":{"@id":"https:\/\/autoprintmachine.com\/#website"},"primaryImageOfPage":{"@id":"https:\/\/autoprintmachine.com\/%e2%88%85110mm-round-screen-printing-machine\/#primaryimage"},"image":{"@id":"https:\/\/autoprintmachine.com\/%e2%88%85110mm-round-screen-printing-machine\/#primaryimage"},"thumbnailUrl":"https:\/\/autoprintmachine.com\/wp-content\/uploads\/2020\/08\/OS-400New.jpg","datePublished":"2020-08-06T06:59:01+00:00","dateModified":"2025-12-24T03:05:54+00:00","description":"Der AP-400 kann flache und zylindrische Objekte, blasgeformte Flaschen, Kosmetiktuben, Aluminiumwasserflaschen, Trommelst\u00f6cke usw. bedrucken.","breadcrumb":{"@id":"https:\/\/autoprintmachine.com\/%e2%88%85110mm-round-screen-printing-machine\/#breadcrumb"},"inLanguage":"de","potentialAction":[{"@type":"ReadAction","target":["https:\/\/autoprintmachine.com\/%e2%88%85110mm-round-screen-printing-machine\/"]}]},{"@type":"ImageObject","inLanguage":"de","@id":"https:\/\/autoprintmachine.com\/%e2%88%85110mm-round-screen-printing-machine\/#primaryimage","url":"https:\/\/autoprintmachine.com\/wp-content\/uploads\/2020\/08\/OS-400New.jpg","contentUrl":"https:\/\/autoprintmachine.com\/wp-content\/uploads\/2020\/08\/OS-400New.jpg","width":600,"height":600,"caption":"OS 400New"},{"@type":"BreadcrumbList","@id":"https:\/\/autoprintmachine.com\/%e2%88%85110mm-round-screen-printing-machine\/#breadcrumb","itemListElement":[{"@type":"ListItem","position":1,"name":"Home","item":"https:\/\/autoprintmachine.com\/"},{"@type":"ListItem","position":2,"name":"Products","item":"https:\/\/autoprintmachine.com\/shop\/"},{"@type":"ListItem","position":3,"name":"\u2205110mm Round Screen Printing Machine"}]},{"@type":"WebSite","@id":"https:\/\/autoprintmachine.com\/#website","url":"https:\/\/autoprintmachine.com\/","name":"","description":"","publisher":{"@id":"https:\/\/autoprintmachine.com\/#organization"},"potentialAction":[{"@type":"SearchAction","target":{"@type":"EntryPoint","urlTemplate":"https:\/\/autoprintmachine.com\/?s={search_term_string}"},"query-input":{"@type":"PropertyValueSpecification","valueRequired":true,"valueName":"search_term_string"}}],"inLanguage":"de"},{"@type":"Organization","@id":"https:\/\/autoprintmachine.com\/#organization","name":"Dongguan Auto Print Tech Co.","url":"https:\/\/autoprintmachine.com\/","logo":{"@type":"ImageObject","inLanguage":"de","@id":"https:\/\/autoprintmachine.com\/#\/schema\/logo\/image\/","url":"https:\/\/autoprintmachine.com\/wp-content\/uploads\/2023\/06\/screen_printing_logo_new.webp","contentUrl":"https:\/\/autoprintmachine.com\/wp-content\/uploads\/2023\/06\/screen_printing_logo_new.webp","width":890,"height":750,"caption":"Dongguan Auto Print Tech Co., Ltd"},"image":{"@id":"https:\/\/autoprintmachine.com\/#\/schema\/logo\/image\/"},"sameAs":["https:\/\/www.facebook.com\/autoprinttech\/","https:\/\/www.youtube.com\/channel\/UCJtPGiBbQWGE2DZLxySpCtw"]}]}},"_links":{"self":[{"href":"https:\/\/autoprintmachine.com\/de\/wp-json\/wp\/v2\/product\/284","targetHints":{"allow":["GET"]}}],"collection":[{"href":"https:\/\/autoprintmachine.com\/de\/wp-json\/wp\/v2\/product"}],"about":[{"href":"https:\/\/autoprintmachine.com\/de\/wp-json\/wp\/v2\/types\/product"}],"wp:featuredmedia":[{"embeddable":true,"href":"https:\/\/autoprintmachine.com\/de\/wp-json\/wp\/v2\/media\/916"}],"wp:attachment":[{"href":"https:\/\/autoprintmachine.com\/de\/wp-json\/wp\/v2\/media?parent=284"}],"wp:term":[{"taxonomy":"product_brand","embeddable":true,"href":"https:\/\/autoprintmachine.com\/de\/wp-json\/wp\/v2\/product_brand?post=284"},{"taxonomy":"product_cat","embeddable":true,"href":"https:\/\/autoprintmachine.com\/de\/wp-json\/wp\/v2\/product_cat?post=284"},{"taxonomy":"product_tag","embeddable":true,"href":"https:\/\/autoprintmachine.com\/de\/wp-json\/wp\/v2\/product_tag?post=284"}],"curies":[{"name":"wp","href":"https:\/\/api.w.org\/{rel}","templated":true}]}}