{"id":292,"date":"2020-08-06T08:42:15","date_gmt":"2020-08-06T08:42:15","guid":{"rendered":"https:\/\/onceauto.seowaimao.com\/?post_type=product&#038;p=292"},"modified":"2025-12-24T05:44:57","modified_gmt":"2025-12-24T05:44:57","slug":"%e2%88%85180mm-container-round-screen-printing-machine","status":"publish","type":"product","link":"https:\/\/autoprintmachine.com\/de\/\u2205180mm-container-rundsiebdruckmaschine\/","title":{"rendered":"\u2205180mm Container-Rundsiebdruckmaschine"},"content":{"rendered":"<p><strong>Einleitung:<\/strong><\/p>\n<p>Die <strong>AP-600<\/strong> runde Siebdruckmaschine hat einen maximalen Druckdurchmesser von 180 mm. Diese Maschine eignet sich zum Bedrucken von mittelgro\u00dfen Flaschen, Beh\u00e4ltern, Bechern usw.<\/p>\n<p><strong>Standardmerkmale:<\/strong><\/p>\n<ul>\n<li>Pneumatisch gesteuert mit Sto\u00dfd\u00e4mpfern<\/li>\n<li>Mikroprozessorgesteuert - PCB<\/li>\n<li>Vertikaler Werkst\u00fccklift mit H\u00f6henverstellung<\/li>\n<li>Druckhubsteuerung mit kolbenstangenlosem Zylinder<\/li>\n<li>X\/Y\/R-Positionierung Waren-Montagetisch<\/li>\n<li>Linearkugellager auf geh\u00e4rteten Wellen<\/li>\n<li>Rakel neigbar, schr\u00e4g und h\u00f6henverstellbar<\/li>\n<li>Winkel und Neigung des Bildschirmrahmens einstellbar<\/li>\n<li>Synchronisiertes Flaschenf\u00fcllsystem mit Regler<\/li>\n<li>Regulierter Rakeldruck mit Manometer<\/li>\n<li>Bodenausgleicher und Rollen<\/li>\n<li>Fu\u00dfschalter gesteuert<\/li>\n<\/ul>\n<p><strong>Spezifikationen:<\/strong><\/p>\n<table width=\"96%\">\n<tbody>\n<tr>\n<td width=\"50%\"><strong>Modell Nr.:<\/strong><\/td>\n<td width=\"50%\"><strong>AP-600<\/strong><\/td>\n<\/tr>\n<tr>\n<td><strong>Antriebssystem:<\/strong><\/td>\n<td>Pneumatisch<\/td>\n<\/tr>\n<tr>\n<td><strong>Rahmen Auf\/Ab-Hub:<\/strong><\/td>\n<td>100mm (3.94\u2033)<\/td>\n<\/tr>\n<tr>\n<td><strong>Maximale Druckfl\u00e4che rund:<br \/>\nMaximale Druckfl\u00e4che Oval:<\/strong><\/td>\n<td>180mm (7.08\u2033) \u00d8<br \/>\n560mm (22.05\u2033) Bogenl\u00e4nge<\/td>\n<\/tr>\n<tr>\n<td><strong>Gr\u00f6\u00dfe des Arbeitstisches:<\/strong><\/td>\n<td>250 x 700mm (9,84\u2033 x 27,56\u2033)<\/td>\n<\/tr>\n<tr>\n<td><strong>Anpassung der Tabelle:<\/strong><\/td>\n<td>X,Y \u00b1 15mm \/\u00a0<em>\u03b8<\/em>\u00a015 \u00b0<\/td>\n<\/tr>\n<tr>\n<td><strong>Maximale Gr\u00f6\u00dfe des Bildschirmrahmens<\/strong><strong>:<\/strong><\/td>\n<td>400 x 800mm (15,75\u2033 x 31,50\u2033)<\/td>\n<\/tr>\n<tr>\n<td><strong>Dicke des Bildschirmrahmens:<\/strong><\/td>\n<td>18 - 25mm (.71\u2033 - .98\u2033)<\/td>\n<\/tr>\n<tr>\n<td><strong>Rakel-Winkel:<\/strong><\/td>\n<td>0-15\u00b0<\/td>\n<\/tr>\n<tr>\n<td><strong>Druckzyklusgeschwindigkeit<\/strong><strong>:<\/strong><\/td>\n<td>960 Zyklen\/Stunde<\/td>\n<\/tr>\n<tr>\n<td><strong>Rakelgeschwindigkeit:<\/strong><\/td>\n<td>16\/min<\/td>\n<\/tr>\n<tr>\n<td><strong>Rakeldruck:<\/strong><\/td>\n<td>2 - 4 Bar<\/td>\n<\/tr>\n<tr>\n<td><strong>Elektrische Quelle:<\/strong><\/td>\n<td>110V\/220V 50-60Hz 50W<\/td>\n<\/tr>\n<tr>\n<td><strong>Luftdruck-Eingang:<\/strong><\/td>\n<td>80 psi<\/td>\n<\/tr>\n<tr>\n<td><strong>Luftverbrauch:<\/strong><\/td>\n<td>0,7 l\/Zyklus<\/td>\n<\/tr>\n<tr>\n<td><strong>Nettogewicht:<\/strong><\/td>\n<td>170 kg<\/td>\n<\/tr>\n<tr>\n<td><strong>Bruttogewicht:<\/strong><\/td>\n<td>260 kg<\/td>\n<\/tr>\n<tr>\n<td><strong>Abmessungen (L x B x H):<\/strong><\/td>\n<td>1.130 x 750 x 1.350 mm<\/td>\n<\/tr>\n<tr>\n<td><strong>Abmessungen der Kiste:<\/strong><\/td>\n<td>1.250 x 940 x 1.460 mm<\/td>\n<\/tr>\n<\/tbody>\n<\/table>","protected":false},"excerpt":{"rendered":"<p>Die runde Siebdruckmaschine AP-600 ist vielseitig einsetzbar zum Bedrucken von runden, zylindrischen und ovalen Beh\u00e4ltern. Mit einem maximalen Druckdurchmesser von 180 mm ist diese zylindrische Siebdruckmaschine f\u00fcr den Druck mittelgro\u00dfer Objekte geeignet. Sie bietet eine stabile Maschinenleistung, eine einfache Bedienung und einen schnellen Wechsel der Vorrichtungen. Diese Maschine ist in der Kunststoffverpackungs- und Glasdruckindustrie usw. sehr beliebt.<\/p>\n<p>&nbsp;<\/p>","protected":false},"featured_media":918,"template":"","meta":[],"product_cat":[15],"class_list":{"0":"post-292","1":"product","2":"type-product","3":"status-publish","4":"has-post-thumbnail","6":"product_cat-automatic-cylindrical-screen-printing-machine","8":"first","9":"instock","10":"shipping-taxable","11":"product-type-simple"},"acf":[],"yoast_head":"<!-- This site is optimized with the Yoast SEO plugin v23.9 - https:\/\/yoast.com\/wordpress\/plugins\/seo\/ -->\n<title>Round Screen Printing Machine | \u2205180mm Container<\/title>\n<meta name=\"description\" content=\"The machine with a max print diameter 180mm. This machine suitable for medium size bottle, container, cup, etc. printing.\" \/>\n<meta name=\"robots\" content=\"index, follow, max-snippet:-1, max-image-preview:large, max-video-preview:-1\" \/>\n<link rel=\"canonical\" href=\"https:\/\/autoprintmachine.com\/de\/\u2205180mm-container-rundsiebdruckmaschine\/\" \/>\n<meta property=\"og:locale\" content=\"de_DE\" \/>\n<meta property=\"og:type\" content=\"article\" \/>\n<meta property=\"og:title\" content=\"Round Screen Printing Machine | \u2205180mm Container\" \/>\n<meta property=\"og:description\" content=\"The machine with a max print diameter 180mm. This machine suitable for medium size bottle, container, cup, etc. printing.\" \/>\n<meta property=\"og:url\" content=\"https:\/\/autoprintmachine.com\/de\/\u2205180mm-container-rundsiebdruckmaschine\/\" \/>\n<meta property=\"article:publisher\" content=\"https:\/\/www.facebook.com\/autoprinttech\/\" \/>\n<meta property=\"article:modified_time\" content=\"2025-12-24T05:44:57+00:00\" \/>\n<meta property=\"og:image\" content=\"https:\/\/autoprintmachine.com\/wp-content\/uploads\/2020\/08\/OS-600-1.jpg\" \/>\n\t<meta property=\"og:image:width\" content=\"600\" \/>\n\t<meta property=\"og:image:height\" content=\"600\" \/>\n\t<meta property=\"og:image:type\" content=\"image\/jpeg\" \/>\n<meta name=\"twitter:card\" content=\"summary_large_image\" \/>\n<meta name=\"twitter:label1\" content=\"Gesch\u00e4tzte Lesezeit\" \/>\n\t<meta name=\"twitter:data1\" content=\"2\u00a0Minuten\" \/>\n<script type=\"application\/ld+json\" class=\"yoast-schema-graph\">{\"@context\":\"https:\/\/schema.org\",\"@graph\":[{\"@type\":\"WebPage\",\"@id\":\"https:\/\/autoprintmachine.com\/%e2%88%85180mm-container-round-screen-printing-machine\/\",\"url\":\"https:\/\/autoprintmachine.com\/%e2%88%85180mm-container-round-screen-printing-machine\/\",\"name\":\"Round Screen Printing Machine | \u2205180mm Container\",\"isPartOf\":{\"@id\":\"https:\/\/autoprintmachine.com\/#website\"},\"primaryImageOfPage\":{\"@id\":\"https:\/\/autoprintmachine.com\/%e2%88%85180mm-container-round-screen-printing-machine\/#primaryimage\"},\"image\":{\"@id\":\"https:\/\/autoprintmachine.com\/%e2%88%85180mm-container-round-screen-printing-machine\/#primaryimage\"},\"thumbnailUrl\":\"https:\/\/autoprintmachine.com\/wp-content\/uploads\/2020\/08\/OS-600-1.jpg\",\"datePublished\":\"2020-08-06T08:42:15+00:00\",\"dateModified\":\"2025-12-24T05:44:57+00:00\",\"description\":\"The machine with a max print diameter 180mm. This machine suitable for medium size bottle, container, cup, etc. printing.\",\"breadcrumb\":{\"@id\":\"https:\/\/autoprintmachine.com\/%e2%88%85180mm-container-round-screen-printing-machine\/#breadcrumb\"},\"inLanguage\":\"de\",\"potentialAction\":[{\"@type\":\"ReadAction\",\"target\":[\"https:\/\/autoprintmachine.com\/%e2%88%85180mm-container-round-screen-printing-machine\/\"]}]},{\"@type\":\"ImageObject\",\"inLanguage\":\"de\",\"@id\":\"https:\/\/autoprintmachine.com\/%e2%88%85180mm-container-round-screen-printing-machine\/#primaryimage\",\"url\":\"https:\/\/autoprintmachine.com\/wp-content\/uploads\/2020\/08\/OS-600-1.jpg\",\"contentUrl\":\"https:\/\/autoprintmachine.com\/wp-content\/uploads\/2020\/08\/OS-600-1.jpg\",\"width\":600,\"height\":600,\"caption\":\"OS 600\"},{\"@type\":\"BreadcrumbList\",\"@id\":\"https:\/\/autoprintmachine.com\/%e2%88%85180mm-container-round-screen-printing-machine\/#breadcrumb\",\"itemListElement\":[{\"@type\":\"ListItem\",\"position\":1,\"name\":\"Home\",\"item\":\"https:\/\/autoprintmachine.com\/\"},{\"@type\":\"ListItem\",\"position\":2,\"name\":\"Products\",\"item\":\"https:\/\/autoprintmachine.com\/shop\/\"},{\"@type\":\"ListItem\",\"position\":3,\"name\":\"\u2205180mm Container Round Screen Printing Machine\"}]},{\"@type\":\"WebSite\",\"@id\":\"https:\/\/autoprintmachine.com\/#website\",\"url\":\"https:\/\/autoprintmachine.com\/\",\"name\":\"\",\"description\":\"\",\"publisher\":{\"@id\":\"https:\/\/autoprintmachine.com\/#organization\"},\"potentialAction\":[{\"@type\":\"SearchAction\",\"target\":{\"@type\":\"EntryPoint\",\"urlTemplate\":\"https:\/\/autoprintmachine.com\/?s={search_term_string}\"},\"query-input\":{\"@type\":\"PropertyValueSpecification\",\"valueRequired\":true,\"valueName\":\"search_term_string\"}}],\"inLanguage\":\"de\"},{\"@type\":\"Organization\",\"@id\":\"https:\/\/autoprintmachine.com\/#organization\",\"name\":\"Dongguan Auto Print Tech Co., Ltd\",\"url\":\"https:\/\/autoprintmachine.com\/\",\"logo\":{\"@type\":\"ImageObject\",\"inLanguage\":\"de\",\"@id\":\"https:\/\/autoprintmachine.com\/#\/schema\/logo\/image\/\",\"url\":\"https:\/\/autoprintmachine.com\/wp-content\/uploads\/2023\/06\/screen_printing_logo_new.webp\",\"contentUrl\":\"https:\/\/autoprintmachine.com\/wp-content\/uploads\/2023\/06\/screen_printing_logo_new.webp\",\"width\":890,\"height\":750,\"caption\":\"Dongguan Auto Print Tech Co., Ltd\"},\"image\":{\"@id\":\"https:\/\/autoprintmachine.com\/#\/schema\/logo\/image\/\"},\"sameAs\":[\"https:\/\/www.facebook.com\/autoprinttech\/\",\"https:\/\/www.youtube.com\/channel\/UCJtPGiBbQWGE2DZLxySpCtw\"]}]}<\/script>\n<!-- \/ Yoast SEO plugin. -->","yoast_head_json":{"title":"Round Screen Printing Machine | \u2205180mm Container","description":"The machine with a max print diameter 180mm. This machine suitable for medium size bottle, container, cup, etc. printing.","robots":{"index":"index","follow":"follow","max-snippet":"max-snippet:-1","max-image-preview":"max-image-preview:large","max-video-preview":"max-video-preview:-1"},"canonical":"https:\/\/autoprintmachine.com\/de\/\u2205180mm-container-rundsiebdruckmaschine\/","og_locale":"de_DE","og_type":"article","og_title":"Round Screen Printing Machine | \u2205180mm Container","og_description":"The machine with a max print diameter 180mm. This machine suitable for medium size bottle, container, cup, etc. printing.","og_url":"https:\/\/autoprintmachine.com\/de\/\u2205180mm-container-rundsiebdruckmaschine\/","article_publisher":"https:\/\/www.facebook.com\/autoprinttech\/","article_modified_time":"2025-12-24T05:44:57+00:00","og_image":[{"width":600,"height":600,"url":"https:\/\/autoprintmachine.com\/wp-content\/uploads\/2020\/08\/OS-600-1.jpg","type":"image\/jpeg"}],"twitter_card":"summary_large_image","twitter_misc":{"Gesch\u00e4tzte Lesezeit":"2\u00a0Minuten"},"schema":{"@context":"https:\/\/schema.org","@graph":[{"@type":"WebPage","@id":"https:\/\/autoprintmachine.com\/%e2%88%85180mm-container-round-screen-printing-machine\/","url":"https:\/\/autoprintmachine.com\/%e2%88%85180mm-container-round-screen-printing-machine\/","name":"Round Screen Printing Machine | \u2205180mm Container","isPartOf":{"@id":"https:\/\/autoprintmachine.com\/#website"},"primaryImageOfPage":{"@id":"https:\/\/autoprintmachine.com\/%e2%88%85180mm-container-round-screen-printing-machine\/#primaryimage"},"image":{"@id":"https:\/\/autoprintmachine.com\/%e2%88%85180mm-container-round-screen-printing-machine\/#primaryimage"},"thumbnailUrl":"https:\/\/autoprintmachine.com\/wp-content\/uploads\/2020\/08\/OS-600-1.jpg","datePublished":"2020-08-06T08:42:15+00:00","dateModified":"2025-12-24T05:44:57+00:00","description":"The machine with a max print diameter 180mm. This machine suitable for medium size bottle, container, cup, etc. printing.","breadcrumb":{"@id":"https:\/\/autoprintmachine.com\/%e2%88%85180mm-container-round-screen-printing-machine\/#breadcrumb"},"inLanguage":"de","potentialAction":[{"@type":"ReadAction","target":["https:\/\/autoprintmachine.com\/%e2%88%85180mm-container-round-screen-printing-machine\/"]}]},{"@type":"ImageObject","inLanguage":"de","@id":"https:\/\/autoprintmachine.com\/%e2%88%85180mm-container-round-screen-printing-machine\/#primaryimage","url":"https:\/\/autoprintmachine.com\/wp-content\/uploads\/2020\/08\/OS-600-1.jpg","contentUrl":"https:\/\/autoprintmachine.com\/wp-content\/uploads\/2020\/08\/OS-600-1.jpg","width":600,"height":600,"caption":"OS 600"},{"@type":"BreadcrumbList","@id":"https:\/\/autoprintmachine.com\/%e2%88%85180mm-container-round-screen-printing-machine\/#breadcrumb","itemListElement":[{"@type":"ListItem","position":1,"name":"Home","item":"https:\/\/autoprintmachine.com\/"},{"@type":"ListItem","position":2,"name":"Products","item":"https:\/\/autoprintmachine.com\/shop\/"},{"@type":"ListItem","position":3,"name":"\u2205180mm Container Round Screen Printing Machine"}]},{"@type":"WebSite","@id":"https:\/\/autoprintmachine.com\/#website","url":"https:\/\/autoprintmachine.com\/","name":"","description":"","publisher":{"@id":"https:\/\/autoprintmachine.com\/#organization"},"potentialAction":[{"@type":"SearchAction","target":{"@type":"EntryPoint","urlTemplate":"https:\/\/autoprintmachine.com\/?s={search_term_string}"},"query-input":{"@type":"PropertyValueSpecification","valueRequired":true,"valueName":"search_term_string"}}],"inLanguage":"de"},{"@type":"Organization","@id":"https:\/\/autoprintmachine.com\/#organization","name":"Dongguan Auto Print Tech Co., Ltd","url":"https:\/\/autoprintmachine.com\/","logo":{"@type":"ImageObject","inLanguage":"de","@id":"https:\/\/autoprintmachine.com\/#\/schema\/logo\/image\/","url":"https:\/\/autoprintmachine.com\/wp-content\/uploads\/2023\/06\/screen_printing_logo_new.webp","contentUrl":"https:\/\/autoprintmachine.com\/wp-content\/uploads\/2023\/06\/screen_printing_logo_new.webp","width":890,"height":750,"caption":"Dongguan Auto Print Tech Co., Ltd"},"image":{"@id":"https:\/\/autoprintmachine.com\/#\/schema\/logo\/image\/"},"sameAs":["https:\/\/www.facebook.com\/autoprinttech\/","https:\/\/www.youtube.com\/channel\/UCJtPGiBbQWGE2DZLxySpCtw"]}]}},"_links":{"self":[{"href":"https:\/\/autoprintmachine.com\/de\/wp-json\/wp\/v2\/product\/292","targetHints":{"allow":["GET"]}}],"collection":[{"href":"https:\/\/autoprintmachine.com\/de\/wp-json\/wp\/v2\/product"}],"about":[{"href":"https:\/\/autoprintmachine.com\/de\/wp-json\/wp\/v2\/types\/product"}],"wp:featuredmedia":[{"embeddable":true,"href":"https:\/\/autoprintmachine.com\/de\/wp-json\/wp\/v2\/media\/918"}],"wp:attachment":[{"href":"https:\/\/autoprintmachine.com\/de\/wp-json\/wp\/v2\/media?parent=292"}],"wp:term":[{"taxonomy":"product_cat","embeddable":true,"href":"https:\/\/autoprintmachine.com\/de\/wp-json\/wp\/v2\/product_cat?post=292"}],"curies":[{"name":"wp","href":"https:\/\/api.w.org\/{rel}","templated":true}]}}