{"id":294,"date":"2020-08-06T09:03:15","date_gmt":"2020-08-06T09:03:15","guid":{"rendered":"https:\/\/onceauto.seowaimao.com\/?post_type=product&#038;p=294"},"modified":"2025-12-24T05:47:07","modified_gmt":"2025-12-24T05:47:07","slug":"runde-siebdruckmaschine","status":"publish","type":"product","link":"https:\/\/autoprintmachine.com\/de\/runde-siebdruckmaschine\/","title":{"rendered":"\u2205350mm Eimer Runde Siebdruckmaschine"},"content":{"rendered":"<p><strong>Einleitung:<\/strong><\/p>\n<p><strong>AP-1200<\/strong> ist eine halbautomatische Rundsiebdruckmaschine. Sie ist f\u00fcr das Bedrucken von Eimern, gro\u00dfen Eimern und 1-Gallonen-Kunststoffflaschen konzipiert. Die <strong>AP-1200<\/strong> Die runde Jumbo-Siebdruckmaschine kann auch f\u00fcr den Siebdruck auf Wein- und Bierflaschen aus Glas verwendet werden. Die <strong>AP-1200<\/strong> zeichnet sich durch einen schnellen und einfachen Werkzeugwechsel, eine pr\u00e4zise mechanische Registrierung und praktische Bedienelemente an der Vorderseite aus. Dies macht die <strong>AP-1200<\/strong> eine universelle Jumbo-Rundsiebdruckmaschine f\u00fcr gro\u00dfe Objekte.<\/p>\n<p><strong>Standardmerkmale:<\/strong><\/p>\n<ul>\n<li>Elektromotorisch angetriebener, hin- und hergehender Rakelhub<\/li>\n<li>Mikroprozessorgesteuert - PLC<\/li>\n<li>Vertikaler Werkst\u00fccklift mit H\u00f6henverstellung<\/li>\n<li>Druckhub mit Elektromotor gesteuert<\/li>\n<li>X\/Y\/R-Positionierung Waren-Montagetisch<\/li>\n<li>Linearkugellager auf geh\u00e4rteten Wellen<\/li>\n<li>Rakel neigbar, schr\u00e4g und h\u00f6henverstellbar<\/li>\n<li>Winkel und Neigung des Bildschirmrahmens einstellbar<\/li>\n<li>Synchronisiertes Flaschenf\u00fcllsystem mit Regler<\/li>\n<li>Regulierter Rakeldruck mit Manometer<\/li>\n<li>Bodenausgleicher und Rollen<\/li>\n<li>Fu\u00dfschalter gesteuert<\/li>\n<\/ul>\n<p><strong>Spezifikationen:<\/strong><\/p>\n<table width=\"99%\">\n<tbody>\n<tr>\n<td width=\"45%\"><strong>Modell Nr.:<\/strong><\/td>\n<td width=\"54%\"><strong>AP-1200<\/strong><\/td>\n<\/tr>\n<tr>\n<td width=\"45%\"><strong>Antriebssystem:<\/strong><\/td>\n<td width=\"54%\">Elektromotor<\/td>\n<\/tr>\n<tr>\n<td width=\"45%\"><strong>Rahmen Auf\/Ab-Hub:<\/strong><\/td>\n<td width=\"54%\">100mm (4\u2033)<\/td>\n<\/tr>\n<tr>\n<td width=\"45%\"><strong>Maximale Druckfl\u00e4che rund:<\/strong><\/p>\n<p><strong>Maximale Druckfl\u00e4che Oval:<\/strong><\/td>\n<td width=\"54%\">\u00d8 350mm<\/p>\n<p>1.090 mm Bogenl\u00e4nge<\/td>\n<\/tr>\n<tr>\n<td width=\"45%\"><strong>Maximale Gr\u00f6\u00dfe des Bildschirmrahmens:<\/strong><\/td>\n<td width=\"54%\">900 x 1.600mm (35,43\u2033 x 55,12\u2033)<\/td>\n<\/tr>\n<tr>\n<td width=\"45%\"><strong>Dicke des Bildschirmrahmens:<\/strong><\/td>\n<td width=\"54%\">18 - 25mm (.71\u2033 - .98\u2033)<\/td>\n<\/tr>\n<tr>\n<td width=\"45%\"><strong>Rakel-Winkel:<\/strong><\/td>\n<td width=\"54%\">0-15\u00b0<\/td>\n<\/tr>\n<tr>\n<td width=\"45%\"><strong>Geschwindigkeit des Druckzyklus:<\/strong><\/td>\n<td width=\"54%\">680 Zyklen\/Stunde<\/td>\n<\/tr>\n<tr>\n<td width=\"45%\"><strong>Rakelgeschwindigkeit:<\/strong><\/td>\n<td width=\"54%\">13\/min<\/td>\n<\/tr>\n<tr>\n<td width=\"45%\"><strong>Rakeldruck:<\/strong><\/td>\n<td width=\"54%\">2-4 Bar<\/td>\n<\/tr>\n<tr>\n<td width=\"45%\"><strong>Elektrische Quelle:<\/strong><\/td>\n<td width=\"54%\">110V\/220V 50-60Hz 50W<\/td>\n<\/tr>\n<tr>\n<td width=\"45%\"><strong>Luftdruck-Eingang:<\/strong><\/td>\n<td width=\"54%\">80 psi<\/td>\n<\/tr>\n<tr>\n<td width=\"45%\"><strong>Gewicht der Maschine:<\/strong><\/td>\n<td width=\"54%\">277 kg<\/td>\n<\/tr>\n<tr>\n<td width=\"45%\"><strong>Gewicht der Maschine (einschlie\u00dflich Verpackung):<\/strong><\/td>\n<td width=\"54%\">407 kg<\/td>\n<\/tr>\n<tr>\n<td width=\"45%\"><strong>Abmessungen (L x B x H):<\/strong><\/td>\n<td width=\"54%\">1.750 x 900 x 1.700 mm<\/td>\n<\/tr>\n<tr>\n<td width=\"45%\"><strong>Abmessungen der Kiste:<\/strong><\/td>\n<td width=\"54%\">1.900 x 1.100 x 1.850 mm<\/td>\n<\/tr>\n<\/tbody>\n<\/table>","protected":false},"excerpt":{"rendered":"<p>AP-1200 ist eine Jumbo-Siebdruckmaschine zum Bedrucken von runden\/zylindrischen Eimern, Eimern und 5-Gallonen-Beh\u00e4ltern. Ausgestattet mit einer Marken-SPS-Steuerung und Motor + Pneumatikantrieb f\u00fcr stabilen und genauen Betrieb und Druck. Dieser Eimersiebdrucker hat einen maximalen Druckdurchmesser von 350 mm. Er wird h\u00e4ufig zum Bedrucken von Farbeimern\/Eimern, 5-Gallonen-Wasserbeh\u00e4ltern und gro\u00dfen F\u00e4ssern verwendet.<\/p>\n<p>&nbsp;<\/p>","protected":false},"featured_media":295,"template":"","meta":[],"product_brand":[],"product_cat":[15],"product_tag":[],"class_list":{"0":"post-294","1":"product","2":"type-product","3":"status-publish","4":"has-post-thumbnail","6":"product_cat-automatic-cylindrical-screen-printing-machine","8":"first","9":"instock","10":"shipping-taxable","11":"product-type-simple"},"yoast_head":"<!-- This site is optimized with the Yoast SEO plugin v27.4 - https:\/\/yoast.com\/product\/yoast-seo-wordpress\/ -->\n<title>Round Screen Printing Machine | \u2205350mm Bucket<\/title>\n<meta name=\"description\" content=\"AP-1200\u00a0is a semi-automatic screen printer designed for printing onto large pails, can print on glass wine bottles, beer bottles and so on.\" \/>\n<meta name=\"robots\" content=\"index, follow, max-snippet:-1, max-image-preview:large, max-video-preview:-1\" \/>\n<link rel=\"canonical\" href=\"https:\/\/autoprintmachine.com\/de\/runde-siebdruckmaschine\/\" \/>\n<meta property=\"og:locale\" content=\"de_DE\" \/>\n<meta property=\"og:type\" content=\"article\" \/>\n<meta property=\"og:title\" content=\"Round Screen Printing Machine | \u2205350mm Bucket\" \/>\n<meta property=\"og:description\" content=\"AP-1200\u00a0is a semi-automatic screen printer designed for printing onto large pails, can print on glass wine bottles, beer bottles and so on.\" \/>\n<meta property=\"og:url\" content=\"https:\/\/autoprintmachine.com\/de\/runde-siebdruckmaschine\/\" \/>\n<meta property=\"article:publisher\" content=\"https:\/\/www.facebook.com\/autoprinttech\/\" \/>\n<meta property=\"article:modified_time\" content=\"2025-12-24T05:47:07+00:00\" \/>\n<meta property=\"og:image\" content=\"https:\/\/autoprintmachine.com\/wp-content\/uploads\/2020\/08\/OS-1200.jpg\" \/>\n\t<meta property=\"og:image:width\" content=\"600\" \/>\n\t<meta property=\"og:image:height\" content=\"600\" \/>\n\t<meta property=\"og:image:type\" content=\"image\/jpeg\" \/>\n<meta name=\"twitter:card\" content=\"summary_large_image\" \/>\n<meta name=\"twitter:label1\" content=\"Est. reading time\" \/>\n\t<meta name=\"twitter:data1\" content=\"2\u00a0Minuten\" \/>\n<script type=\"application\/ld+json\" class=\"yoast-schema-graph\">{\"@context\":\"https:\\\/\\\/schema.org\",\"@graph\":[{\"@type\":\"WebPage\",\"@id\":\"https:\\\/\\\/autoprintmachine.com\\\/round-screen-printing-machine\\\/\",\"url\":\"https:\\\/\\\/autoprintmachine.com\\\/round-screen-printing-machine\\\/\",\"name\":\"Round Screen Printing Machine | \u2205350mm Bucket\",\"isPartOf\":{\"@id\":\"https:\\\/\\\/autoprintmachine.com\\\/#website\"},\"primaryImageOfPage\":{\"@id\":\"https:\\\/\\\/autoprintmachine.com\\\/round-screen-printing-machine\\\/#primaryimage\"},\"image\":{\"@id\":\"https:\\\/\\\/autoprintmachine.com\\\/round-screen-printing-machine\\\/#primaryimage\"},\"thumbnailUrl\":\"https:\\\/\\\/autoprintmachine.com\\\/wp-content\\\/uploads\\\/2020\\\/08\\\/OS-1200.jpg\",\"datePublished\":\"2020-08-06T09:03:15+00:00\",\"dateModified\":\"2025-12-24T05:47:07+00:00\",\"description\":\"AP-1200\u00a0is a semi-automatic screen printer designed for printing onto large pails, can print on glass wine bottles, beer bottles and so on.\",\"breadcrumb\":{\"@id\":\"https:\\\/\\\/autoprintmachine.com\\\/round-screen-printing-machine\\\/#breadcrumb\"},\"inLanguage\":\"de\",\"potentialAction\":[{\"@type\":\"ReadAction\",\"target\":[\"https:\\\/\\\/autoprintmachine.com\\\/round-screen-printing-machine\\\/\"]}]},{\"@type\":\"ImageObject\",\"inLanguage\":\"de\",\"@id\":\"https:\\\/\\\/autoprintmachine.com\\\/round-screen-printing-machine\\\/#primaryimage\",\"url\":\"https:\\\/\\\/autoprintmachine.com\\\/wp-content\\\/uploads\\\/2020\\\/08\\\/OS-1200.jpg\",\"contentUrl\":\"https:\\\/\\\/autoprintmachine.com\\\/wp-content\\\/uploads\\\/2020\\\/08\\\/OS-1200.jpg\",\"width\":600,\"height\":600},{\"@type\":\"BreadcrumbList\",\"@id\":\"https:\\\/\\\/autoprintmachine.com\\\/round-screen-printing-machine\\\/#breadcrumb\",\"itemListElement\":[{\"@type\":\"ListItem\",\"position\":1,\"name\":\"Home\",\"item\":\"https:\\\/\\\/autoprintmachine.com\\\/\"},{\"@type\":\"ListItem\",\"position\":2,\"name\":\"Products\",\"item\":\"https:\\\/\\\/autoprintmachine.com\\\/shop\\\/\"},{\"@type\":\"ListItem\",\"position\":3,\"name\":\"\u2205350mm Bucket Round Screen Printing Machine\"}]},{\"@type\":\"WebSite\",\"@id\":\"https:\\\/\\\/autoprintmachine.com\\\/#website\",\"url\":\"https:\\\/\\\/autoprintmachine.com\\\/\",\"name\":\"\",\"description\":\"\",\"publisher\":{\"@id\":\"https:\\\/\\\/autoprintmachine.com\\\/#organization\"},\"potentialAction\":[{\"@type\":\"SearchAction\",\"target\":{\"@type\":\"EntryPoint\",\"urlTemplate\":\"https:\\\/\\\/autoprintmachine.com\\\/?s={search_term_string}\"},\"query-input\":{\"@type\":\"PropertyValueSpecification\",\"valueRequired\":true,\"valueName\":\"search_term_string\"}}],\"inLanguage\":\"de\"},{\"@type\":\"Organization\",\"@id\":\"https:\\\/\\\/autoprintmachine.com\\\/#organization\",\"name\":\"Dongguan Auto Print Tech Co., Ltd\",\"url\":\"https:\\\/\\\/autoprintmachine.com\\\/\",\"logo\":{\"@type\":\"ImageObject\",\"inLanguage\":\"de\",\"@id\":\"https:\\\/\\\/autoprintmachine.com\\\/#\\\/schema\\\/logo\\\/image\\\/\",\"url\":\"https:\\\/\\\/autoprintmachine.com\\\/wp-content\\\/uploads\\\/2023\\\/06\\\/screen_printing_logo_new.webp\",\"contentUrl\":\"https:\\\/\\\/autoprintmachine.com\\\/wp-content\\\/uploads\\\/2023\\\/06\\\/screen_printing_logo_new.webp\",\"width\":890,\"height\":750,\"caption\":\"Dongguan Auto Print Tech Co., Ltd\"},\"image\":{\"@id\":\"https:\\\/\\\/autoprintmachine.com\\\/#\\\/schema\\\/logo\\\/image\\\/\"},\"sameAs\":[\"https:\\\/\\\/www.facebook.com\\\/autoprinttech\\\/\",\"https:\\\/\\\/www.youtube.com\\\/channel\\\/UCJtPGiBbQWGE2DZLxySpCtw\"]}]}<\/script>\n<!-- \/ Yoast SEO plugin. -->","yoast_head_json":{"title":"Runde Siebdruckmaschine | \u2205350mm Schaufel","description":"Der AP-1200 ist ein halbautomatischer Siebdrucker, der f\u00fcr das Bedrucken von gro\u00dfen Eimern, Weinflaschen aus Glas, Bierflaschen usw. konzipiert ist.","robots":{"index":"index","follow":"follow","max-snippet":"max-snippet:-1","max-image-preview":"max-image-preview:large","max-video-preview":"max-video-preview:-1"},"canonical":"https:\/\/autoprintmachine.com\/de\/runde-siebdruckmaschine\/","og_locale":"de_DE","og_type":"article","og_title":"Round Screen Printing Machine | \u2205350mm Bucket","og_description":"AP-1200\u00a0is a semi-automatic screen printer designed for printing onto large pails, can print on glass wine bottles, beer bottles and so on.","og_url":"https:\/\/autoprintmachine.com\/de\/runde-siebdruckmaschine\/","article_publisher":"https:\/\/www.facebook.com\/autoprinttech\/","article_modified_time":"2025-12-24T05:47:07+00:00","og_image":[{"width":600,"height":600,"url":"https:\/\/autoprintmachine.com\/wp-content\/uploads\/2020\/08\/OS-1200.jpg","type":"image\/jpeg"}],"twitter_card":"summary_large_image","twitter_misc":{"Est. reading time":"2\u00a0Minuten"},"schema":{"@context":"https:\/\/schema.org","@graph":[{"@type":"WebPage","@id":"https:\/\/autoprintmachine.com\/round-screen-printing-machine\/","url":"https:\/\/autoprintmachine.com\/round-screen-printing-machine\/","name":"Runde Siebdruckmaschine | \u2205350mm Schaufel","isPartOf":{"@id":"https:\/\/autoprintmachine.com\/#website"},"primaryImageOfPage":{"@id":"https:\/\/autoprintmachine.com\/round-screen-printing-machine\/#primaryimage"},"image":{"@id":"https:\/\/autoprintmachine.com\/round-screen-printing-machine\/#primaryimage"},"thumbnailUrl":"https:\/\/autoprintmachine.com\/wp-content\/uploads\/2020\/08\/OS-1200.jpg","datePublished":"2020-08-06T09:03:15+00:00","dateModified":"2025-12-24T05:47:07+00:00","description":"Der AP-1200 ist ein halbautomatischer Siebdrucker, der f\u00fcr das Bedrucken von gro\u00dfen Eimern, Weinflaschen aus Glas, Bierflaschen usw. konzipiert ist.","breadcrumb":{"@id":"https:\/\/autoprintmachine.com\/round-screen-printing-machine\/#breadcrumb"},"inLanguage":"de","potentialAction":[{"@type":"ReadAction","target":["https:\/\/autoprintmachine.com\/round-screen-printing-machine\/"]}]},{"@type":"ImageObject","inLanguage":"de","@id":"https:\/\/autoprintmachine.com\/round-screen-printing-machine\/#primaryimage","url":"https:\/\/autoprintmachine.com\/wp-content\/uploads\/2020\/08\/OS-1200.jpg","contentUrl":"https:\/\/autoprintmachine.com\/wp-content\/uploads\/2020\/08\/OS-1200.jpg","width":600,"height":600},{"@type":"BreadcrumbList","@id":"https:\/\/autoprintmachine.com\/round-screen-printing-machine\/#breadcrumb","itemListElement":[{"@type":"ListItem","position":1,"name":"Home","item":"https:\/\/autoprintmachine.com\/"},{"@type":"ListItem","position":2,"name":"Products","item":"https:\/\/autoprintmachine.com\/shop\/"},{"@type":"ListItem","position":3,"name":"\u2205350mm Bucket Round Screen Printing Machine"}]},{"@type":"WebSite","@id":"https:\/\/autoprintmachine.com\/#website","url":"https:\/\/autoprintmachine.com\/","name":"","description":"","publisher":{"@id":"https:\/\/autoprintmachine.com\/#organization"},"potentialAction":[{"@type":"SearchAction","target":{"@type":"EntryPoint","urlTemplate":"https:\/\/autoprintmachine.com\/?s={search_term_string}"},"query-input":{"@type":"PropertyValueSpecification","valueRequired":true,"valueName":"search_term_string"}}],"inLanguage":"de"},{"@type":"Organization","@id":"https:\/\/autoprintmachine.com\/#organization","name":"Dongguan Auto Print Tech Co.","url":"https:\/\/autoprintmachine.com\/","logo":{"@type":"ImageObject","inLanguage":"de","@id":"https:\/\/autoprintmachine.com\/#\/schema\/logo\/image\/","url":"https:\/\/autoprintmachine.com\/wp-content\/uploads\/2023\/06\/screen_printing_logo_new.webp","contentUrl":"https:\/\/autoprintmachine.com\/wp-content\/uploads\/2023\/06\/screen_printing_logo_new.webp","width":890,"height":750,"caption":"Dongguan Auto Print Tech Co., Ltd"},"image":{"@id":"https:\/\/autoprintmachine.com\/#\/schema\/logo\/image\/"},"sameAs":["https:\/\/www.facebook.com\/autoprinttech\/","https:\/\/www.youtube.com\/channel\/UCJtPGiBbQWGE2DZLxySpCtw"]}]}},"_links":{"self":[{"href":"https:\/\/autoprintmachine.com\/de\/wp-json\/wp\/v2\/product\/294","targetHints":{"allow":["GET"]}}],"collection":[{"href":"https:\/\/autoprintmachine.com\/de\/wp-json\/wp\/v2\/product"}],"about":[{"href":"https:\/\/autoprintmachine.com\/de\/wp-json\/wp\/v2\/types\/product"}],"wp:featuredmedia":[{"embeddable":true,"href":"https:\/\/autoprintmachine.com\/de\/wp-json\/wp\/v2\/media\/295"}],"wp:attachment":[{"href":"https:\/\/autoprintmachine.com\/de\/wp-json\/wp\/v2\/media?parent=294"}],"wp:term":[{"taxonomy":"product_brand","embeddable":true,"href":"https:\/\/autoprintmachine.com\/de\/wp-json\/wp\/v2\/product_brand?post=294"},{"taxonomy":"product_cat","embeddable":true,"href":"https:\/\/autoprintmachine.com\/de\/wp-json\/wp\/v2\/product_cat?post=294"},{"taxonomy":"product_tag","embeddable":true,"href":"https:\/\/autoprintmachine.com\/de\/wp-json\/wp\/v2\/product_tag?post=294"}],"curies":[{"name":"wp","href":"https:\/\/api.w.org\/{rel}","templated":true}]}}