{"id":297,"date":"2020-08-07T07:43:38","date_gmt":"2020-08-07T07:43:38","guid":{"rendered":"https:\/\/onceauto.seowaimao.com\/?post_type=product&#038;p=297"},"modified":"2026-01-27T01:19:30","modified_gmt":"2026-01-27T01:19:30","slug":"200x300mm-pneumatische-flachsiebdruckmaschine","status":"publish","type":"product","link":"https:\/\/autoprintmachine.com\/de\/200x300mm-pneumatische-flachsiebdruckmaschine\/","title":{"rendered":"Pneumatische Flachsiebdruckmaschine"},"content":{"rendered":"<h2>Flachbildschirmdrucker Einf\u00fchrung:<\/h2>\n<p>Die pneumatische Flachsiebdruckmaschine verf\u00fcgt \u00fcber ein leichtg\u00e4ngiges, pneumatisch angetriebenes System. Es hebt den Siebrahmen vertikal an und h\u00e4lt die Farbe in optimalem Kontakt mit dem Sieb. Diese Flachbildschirm-Hebemethode hilft dem Bediener, kleine Spritzgussteile leicht zu laden und zu entladen. Dazu geh\u00f6ren z. B. Feuerzeuge, Eiskratzer, Frisbees, Erste-Hilfe-K\u00e4sten, Displayboxen, CDs, DVDs und vieles mehr. Er eignet sich hervorragend f\u00fcr industrielle Produkte wie Kreiss\u00e4gebl\u00e4tter, gestanzte Stahlplatten, Chassis und verschiedene Autoteile. Ein kolbenstangenloser Zylinder steuert den horizontalen Druckhub pneumatisch. Die Maschine verf\u00fcgt \u00fcber schnell l\u00f6sbare Anschlagf\u00fchrungen f\u00fcr einfache Einstellungen. Die Maschine verf\u00fcgt \u00fcber einen X\/Y\/R-Feineinstelltisch. An der Vorderseite des Arbeitstisches befindet sich au\u00dferdem eine Not-Aus-Taste.<\/p>\n<h2>Flachbettdruckmaschine Merkmale:<\/h2>\n<ul>\n<li>Elektropneumatisch gesteuert<\/li>\n<li>Pneumatisch gesteuert mit Sto\u00dfd\u00e4mpfern<\/li>\n<li>Vertikaler Kopflift mit H\u00f6henverstellung<\/li>\n<li>X\/Y\/R-Positionierungstisch (mit oder ohne Vakuumtisch)<\/li>\n<li>Linearkugellager auf geh\u00e4rteten Wellen<\/li>\n<li>Rakelwinkel und kalibrierte H\u00f6heneinstellung<\/li>\n<li>Regulierter Rakeldruck mit Manometer<\/li>\n<li>Tischmaschine mit verstellbaren Nivelliereinrichtungen<\/li>\n<li>Fu\u00dfschalter gesteuert<\/li>\n<\/ul>\n<h2>Flachbett-Siebdrucker Spezifikationen:<\/h2>\n<table width=\"114%\">\n<tbody>\n<tr>\n<td width=\"37%\">Modellnummer<\/td>\n<td width=\"31%\">AP-2030V\/T<\/td>\n<td width=\"31%\">AP-2040V\/T<\/td>\n<\/tr>\n<tr>\n<td width=\"37%\">Druckkapazit\u00e4t:<\/td>\n<td width=\"31%\">Bis zu 1.200 St\u00fcck pro Stunde<\/td>\n<td width=\"31%\">Bis zu 1.200 St\u00fcck pro Stunde<\/td>\n<\/tr>\n<tr>\n<td width=\"37%\">Druckkopf:<\/td>\n<td width=\"31%\">Pneumatisch<\/td>\n<td width=\"31%\">Pneumatisch<\/td>\n<\/tr>\n<tr>\n<td width=\"37%\">Druckgr\u00f6\u00dfe flach (L x B):<\/td>\n<td width=\"31%\">200 x 270 mm<\/td>\n<td width=\"31%\">200 x 400 mm<\/td>\n<\/tr>\n<tr>\n<td width=\"37%\">Max. Bildschirmgr\u00f6\u00dfe (L x B):<\/td>\n<td width=\"31%\">300 x 530 mm<\/td>\n<td width=\"31%\">400 x 700 mm<\/td>\n<\/tr>\n<tr>\n<td width=\"37%\">Gr\u00f6\u00dfe des Arbeitstisches (L x B)::<\/td>\n<td width=\"31%\">240 x 400 mm<\/td>\n<td width=\"31%\">240 x 500 mm<\/td>\n<\/tr>\n<tr>\n<td width=\"37%\">Druckh\u00f6he<\/td>\n<td width=\"31%\">90mm<\/td>\n<td width=\"31%\">400mm<\/td>\n<\/tr>\n<tr>\n<td width=\"37%\">Druckstrich (links und rechts):<\/td>\n<td width=\"31%\">300mm<\/td>\n<td width=\"31%\">160mm<\/td>\n<\/tr>\n<tr>\n<td width=\"37%\">Spannung:<\/td>\n<td width=\"31%\">110\/220V 50\/60Hz 50W<\/td>\n<td width=\"31%\">110\/220V 50\/60Hz 50W<\/td>\n<\/tr>\n<tr>\n<td width=\"37%\">Gewicht:<\/td>\n<td width=\"31%\">150 Kg.<\/td>\n<td width=\"31%\">150 Kg. (331 lbs.)<\/td>\n<\/tr>\n<tr>\n<td width=\"37%\">Abmessungen:<\/td>\n<td width=\"31%\">870x850x1550mm<\/td>\n<td width=\"31%\">870x850x1550mm<\/td>\n<\/tr>\n<\/tbody>\n<\/table>","protected":false},"excerpt":{"rendered":"<p>Die pneumatische AP-Flachsiebdruckmaschine ist erschwinglich und einfach zu bedienen. Sie verf\u00fcgt \u00fcber eine Platinensteuerung und einen pneumatischen Antrieb. Diese Konstruktion gew\u00e4hrleistet einen schnellen und stabilen Betrieb. Diese Flachbett-Siebdruckmaschine unterst\u00fctzt Druckgr\u00f6\u00dfen von 200x270mm, 200x400mm und 300x400mm. Sie eignet sich hervorragend f\u00fcr das Bedrucken von kleinen flachen Gegenst\u00e4nden. Der Arbeitstisch kann sowohl als Vakuumtisch als auch als T-Nutentisch f\u00fcr verschiedene flache Produkte verwendet werden.<\/p>","protected":false},"featured_media":309,"template":"","meta":[],"product_brand":[],"product_cat":[17],"product_tag":[],"class_list":{"0":"post-297","1":"product","2":"type-product","3":"status-publish","4":"has-post-thumbnail","6":"product_cat-flat-screen-printing-machine","8":"first","9":"instock","10":"shipping-taxable","11":"product-type-simple"},"yoast_head":"<!-- This site is optimized with the Yoast SEO plugin v27.4 - https:\/\/yoast.com\/product\/yoast-seo-wordpress\/ -->\n<title>Pneumatic Flat Screen Printing Machine<\/title>\n<meta name=\"description\" content=\"Easy to load and unload small injection molded parts . It is suited for industrial goods , circular saw blades, stamped steel panels etc.\" \/>\n<meta name=\"robots\" content=\"index, follow, max-snippet:-1, max-image-preview:large, max-video-preview:-1\" \/>\n<link rel=\"canonical\" href=\"https:\/\/autoprintmachine.com\/de\/200x300mm-pneumatische-flachsiebdruckmaschine\/\" \/>\n<meta property=\"og:locale\" content=\"de_DE\" \/>\n<meta property=\"og:type\" content=\"article\" \/>\n<meta property=\"og:title\" content=\"Pneumatic Flat Screen Printing Machine\" \/>\n<meta property=\"og:description\" content=\"Easy to load and unload small injection molded parts . It is suited for industrial goods , circular saw blades, stamped steel panels etc.\" \/>\n<meta property=\"og:url\" content=\"https:\/\/autoprintmachine.com\/de\/200x300mm-pneumatische-flachsiebdruckmaschine\/\" \/>\n<meta property=\"article:publisher\" content=\"https:\/\/www.facebook.com\/autoprinttech\/\" \/>\n<meta property=\"article:modified_time\" content=\"2026-01-27T01:19:30+00:00\" \/>\n<meta property=\"og:image\" content=\"https:\/\/autoprintmachine.com\/wp-content\/uploads\/2020\/08\/OS-2040.jpg\" \/>\n\t<meta property=\"og:image:width\" content=\"600\" \/>\n\t<meta property=\"og:image:height\" content=\"600\" \/>\n\t<meta property=\"og:image:type\" content=\"image\/jpeg\" \/>\n<meta name=\"twitter:card\" content=\"summary_large_image\" \/>\n<meta name=\"twitter:label1\" content=\"Est. reading time\" \/>\n\t<meta name=\"twitter:data1\" content=\"2\u00a0Minuten\" \/>\n<script type=\"application\/ld+json\" class=\"yoast-schema-graph\">{\"@context\":\"https:\\\/\\\/schema.org\",\"@graph\":[{\"@type\":\"WebPage\",\"@id\":\"https:\\\/\\\/autoprintmachine.com\\\/200x300mm-pneumatic-flat-screen-printing-machine\\\/\",\"url\":\"https:\\\/\\\/autoprintmachine.com\\\/200x300mm-pneumatic-flat-screen-printing-machine\\\/\",\"name\":\"Pneumatic Flat Screen Printing Machine\",\"isPartOf\":{\"@id\":\"https:\\\/\\\/autoprintmachine.com\\\/#website\"},\"primaryImageOfPage\":{\"@id\":\"https:\\\/\\\/autoprintmachine.com\\\/200x300mm-pneumatic-flat-screen-printing-machine\\\/#primaryimage\"},\"image\":{\"@id\":\"https:\\\/\\\/autoprintmachine.com\\\/200x300mm-pneumatic-flat-screen-printing-machine\\\/#primaryimage\"},\"thumbnailUrl\":\"https:\\\/\\\/autoprintmachine.com\\\/wp-content\\\/uploads\\\/2020\\\/08\\\/OS-2040.jpg\",\"datePublished\":\"2020-08-07T07:43:38+00:00\",\"dateModified\":\"2026-01-27T01:19:30+00:00\",\"description\":\"Easy to load and unload small injection molded parts . It is suited for industrial goods , circular saw blades, stamped steel panels etc.\",\"breadcrumb\":{\"@id\":\"https:\\\/\\\/autoprintmachine.com\\\/200x300mm-pneumatic-flat-screen-printing-machine\\\/#breadcrumb\"},\"inLanguage\":\"de\",\"potentialAction\":[{\"@type\":\"ReadAction\",\"target\":[\"https:\\\/\\\/autoprintmachine.com\\\/200x300mm-pneumatic-flat-screen-printing-machine\\\/\"]}]},{\"@type\":\"ImageObject\",\"inLanguage\":\"de\",\"@id\":\"https:\\\/\\\/autoprintmachine.com\\\/200x300mm-pneumatic-flat-screen-printing-machine\\\/#primaryimage\",\"url\":\"https:\\\/\\\/autoprintmachine.com\\\/wp-content\\\/uploads\\\/2020\\\/08\\\/OS-2040.jpg\",\"contentUrl\":\"https:\\\/\\\/autoprintmachine.com\\\/wp-content\\\/uploads\\\/2020\\\/08\\\/OS-2040.jpg\",\"width\":600,\"height\":600,\"caption\":\"led bulb pad printing machine\"},{\"@type\":\"BreadcrumbList\",\"@id\":\"https:\\\/\\\/autoprintmachine.com\\\/200x300mm-pneumatic-flat-screen-printing-machine\\\/#breadcrumb\",\"itemListElement\":[{\"@type\":\"ListItem\",\"position\":1,\"name\":\"Home\",\"item\":\"https:\\\/\\\/autoprintmachine.com\\\/\"},{\"@type\":\"ListItem\",\"position\":2,\"name\":\"Products\",\"item\":\"https:\\\/\\\/autoprintmachine.com\\\/shop\\\/\"},{\"@type\":\"ListItem\",\"position\":3,\"name\":\"Pneumatic Flat Screen Printing Machine\"}]},{\"@type\":\"WebSite\",\"@id\":\"https:\\\/\\\/autoprintmachine.com\\\/#website\",\"url\":\"https:\\\/\\\/autoprintmachine.com\\\/\",\"name\":\"\",\"description\":\"\",\"publisher\":{\"@id\":\"https:\\\/\\\/autoprintmachine.com\\\/#organization\"},\"potentialAction\":[{\"@type\":\"SearchAction\",\"target\":{\"@type\":\"EntryPoint\",\"urlTemplate\":\"https:\\\/\\\/autoprintmachine.com\\\/?s={search_term_string}\"},\"query-input\":{\"@type\":\"PropertyValueSpecification\",\"valueRequired\":true,\"valueName\":\"search_term_string\"}}],\"inLanguage\":\"de\"},{\"@type\":\"Organization\",\"@id\":\"https:\\\/\\\/autoprintmachine.com\\\/#organization\",\"name\":\"Dongguan Auto Print Tech Co., Ltd\",\"url\":\"https:\\\/\\\/autoprintmachine.com\\\/\",\"logo\":{\"@type\":\"ImageObject\",\"inLanguage\":\"de\",\"@id\":\"https:\\\/\\\/autoprintmachine.com\\\/#\\\/schema\\\/logo\\\/image\\\/\",\"url\":\"https:\\\/\\\/autoprintmachine.com\\\/wp-content\\\/uploads\\\/2023\\\/06\\\/screen_printing_logo_new.webp\",\"contentUrl\":\"https:\\\/\\\/autoprintmachine.com\\\/wp-content\\\/uploads\\\/2023\\\/06\\\/screen_printing_logo_new.webp\",\"width\":890,\"height\":750,\"caption\":\"Dongguan Auto Print Tech Co., Ltd\"},\"image\":{\"@id\":\"https:\\\/\\\/autoprintmachine.com\\\/#\\\/schema\\\/logo\\\/image\\\/\"},\"sameAs\":[\"https:\\\/\\\/www.facebook.com\\\/autoprinttech\\\/\",\"https:\\\/\\\/www.youtube.com\\\/channel\\\/UCJtPGiBbQWGE2DZLxySpCtw\"]}]}<\/script>\n<!-- \/ Yoast SEO plugin. -->","yoast_head_json":{"title":"Pneumatische Flachsiebdruckmaschine","description":"Einfaches Be- und Entladen von kleinen Spritzgussteilen. Es eignet sich f\u00fcr Industrieg\u00fcter, Kreiss\u00e4gebl\u00e4tter, gestanzte Stahlplatten usw.","robots":{"index":"index","follow":"follow","max-snippet":"max-snippet:-1","max-image-preview":"max-image-preview:large","max-video-preview":"max-video-preview:-1"},"canonical":"https:\/\/autoprintmachine.com\/de\/200x300mm-pneumatische-flachsiebdruckmaschine\/","og_locale":"de_DE","og_type":"article","og_title":"Pneumatic Flat Screen Printing Machine","og_description":"Easy to load and unload small injection molded parts . It is suited for industrial goods , circular saw blades, stamped steel panels etc.","og_url":"https:\/\/autoprintmachine.com\/de\/200x300mm-pneumatische-flachsiebdruckmaschine\/","article_publisher":"https:\/\/www.facebook.com\/autoprinttech\/","article_modified_time":"2026-01-27T01:19:30+00:00","og_image":[{"width":600,"height":600,"url":"https:\/\/autoprintmachine.com\/wp-content\/uploads\/2020\/08\/OS-2040.jpg","type":"image\/jpeg"}],"twitter_card":"summary_large_image","twitter_misc":{"Est. reading time":"2\u00a0Minuten"},"schema":{"@context":"https:\/\/schema.org","@graph":[{"@type":"WebPage","@id":"https:\/\/autoprintmachine.com\/200x300mm-pneumatic-flat-screen-printing-machine\/","url":"https:\/\/autoprintmachine.com\/200x300mm-pneumatic-flat-screen-printing-machine\/","name":"Pneumatische Flachsiebdruckmaschine","isPartOf":{"@id":"https:\/\/autoprintmachine.com\/#website"},"primaryImageOfPage":{"@id":"https:\/\/autoprintmachine.com\/200x300mm-pneumatic-flat-screen-printing-machine\/#primaryimage"},"image":{"@id":"https:\/\/autoprintmachine.com\/200x300mm-pneumatic-flat-screen-printing-machine\/#primaryimage"},"thumbnailUrl":"https:\/\/autoprintmachine.com\/wp-content\/uploads\/2020\/08\/OS-2040.jpg","datePublished":"2020-08-07T07:43:38+00:00","dateModified":"2026-01-27T01:19:30+00:00","description":"Einfaches Be- und Entladen von kleinen Spritzgussteilen. Es eignet sich f\u00fcr Industrieg\u00fcter, Kreiss\u00e4gebl\u00e4tter, gestanzte Stahlplatten usw.","breadcrumb":{"@id":"https:\/\/autoprintmachine.com\/200x300mm-pneumatic-flat-screen-printing-machine\/#breadcrumb"},"inLanguage":"de","potentialAction":[{"@type":"ReadAction","target":["https:\/\/autoprintmachine.com\/200x300mm-pneumatic-flat-screen-printing-machine\/"]}]},{"@type":"ImageObject","inLanguage":"de","@id":"https:\/\/autoprintmachine.com\/200x300mm-pneumatic-flat-screen-printing-machine\/#primaryimage","url":"https:\/\/autoprintmachine.com\/wp-content\/uploads\/2020\/08\/OS-2040.jpg","contentUrl":"https:\/\/autoprintmachine.com\/wp-content\/uploads\/2020\/08\/OS-2040.jpg","width":600,"height":600,"caption":"led bulb pad printing machine"},{"@type":"BreadcrumbList","@id":"https:\/\/autoprintmachine.com\/200x300mm-pneumatic-flat-screen-printing-machine\/#breadcrumb","itemListElement":[{"@type":"ListItem","position":1,"name":"Home","item":"https:\/\/autoprintmachine.com\/"},{"@type":"ListItem","position":2,"name":"Products","item":"https:\/\/autoprintmachine.com\/shop\/"},{"@type":"ListItem","position":3,"name":"Pneumatic Flat Screen Printing Machine"}]},{"@type":"WebSite","@id":"https:\/\/autoprintmachine.com\/#website","url":"https:\/\/autoprintmachine.com\/","name":"","description":"","publisher":{"@id":"https:\/\/autoprintmachine.com\/#organization"},"potentialAction":[{"@type":"SearchAction","target":{"@type":"EntryPoint","urlTemplate":"https:\/\/autoprintmachine.com\/?s={search_term_string}"},"query-input":{"@type":"PropertyValueSpecification","valueRequired":true,"valueName":"search_term_string"}}],"inLanguage":"de"},{"@type":"Organization","@id":"https:\/\/autoprintmachine.com\/#organization","name":"Dongguan Auto Print Tech Co.","url":"https:\/\/autoprintmachine.com\/","logo":{"@type":"ImageObject","inLanguage":"de","@id":"https:\/\/autoprintmachine.com\/#\/schema\/logo\/image\/","url":"https:\/\/autoprintmachine.com\/wp-content\/uploads\/2023\/06\/screen_printing_logo_new.webp","contentUrl":"https:\/\/autoprintmachine.com\/wp-content\/uploads\/2023\/06\/screen_printing_logo_new.webp","width":890,"height":750,"caption":"Dongguan Auto Print Tech Co., Ltd"},"image":{"@id":"https:\/\/autoprintmachine.com\/#\/schema\/logo\/image\/"},"sameAs":["https:\/\/www.facebook.com\/autoprinttech\/","https:\/\/www.youtube.com\/channel\/UCJtPGiBbQWGE2DZLxySpCtw"]}]}},"_links":{"self":[{"href":"https:\/\/autoprintmachine.com\/de\/wp-json\/wp\/v2\/product\/297","targetHints":{"allow":["GET"]}}],"collection":[{"href":"https:\/\/autoprintmachine.com\/de\/wp-json\/wp\/v2\/product"}],"about":[{"href":"https:\/\/autoprintmachine.com\/de\/wp-json\/wp\/v2\/types\/product"}],"wp:featuredmedia":[{"embeddable":true,"href":"https:\/\/autoprintmachine.com\/de\/wp-json\/wp\/v2\/media\/309"}],"wp:attachment":[{"href":"https:\/\/autoprintmachine.com\/de\/wp-json\/wp\/v2\/media?parent=297"}],"wp:term":[{"taxonomy":"product_brand","embeddable":true,"href":"https:\/\/autoprintmachine.com\/de\/wp-json\/wp\/v2\/product_brand?post=297"},{"taxonomy":"product_cat","embeddable":true,"href":"https:\/\/autoprintmachine.com\/de\/wp-json\/wp\/v2\/product_cat?post=297"},{"taxonomy":"product_tag","embeddable":true,"href":"https:\/\/autoprintmachine.com\/de\/wp-json\/wp\/v2\/product_tag?post=297"}],"curies":[{"name":"wp","href":"https:\/\/api.w.org\/{rel}","templated":true}]}}