{"id":299,"date":"2020-08-07T08:50:24","date_gmt":"2020-08-07T08:50:24","guid":{"rendered":"https:\/\/onceauto.seowaimao.com\/?post_type=product&#038;p=299"},"modified":"2026-01-27T02:57:21","modified_gmt":"2026-01-27T02:57:21","slug":"automatische-flachbett-siebdruckmaschine","status":"publish","type":"product","link":"https:\/\/autoprintmachine.com\/de\/automatische-flachbett-siebdruckmaschine\/","title":{"rendered":"Elektrische automatische Flachbett-Siebdruckmaschine"},"content":{"rendered":"<h2>Flachbett-Siebdrucker Einf\u00fchrung:<\/h2>\n<p>Die elektrische Flachbett-Siebdruckmaschine der AP-Serie verf\u00fcgt \u00fcber ein elektromotorisch angetriebenes System. Es hebt den Siebrahmen vertikal an und h\u00e4lt die Farbe in der \u201cDruckzone\u201d. Diese flache, vertikale Hebemethode macht es f\u00fcr den Bediener einfach. Er kann die Grafikb\u00f6gen w\u00e4hrend der Produktion ein- und ausladen. Sie bietet den zus\u00e4tzlichen Vorteil, dass der bedruckte Bogen leicht eingesehen und \u00fcberpr\u00fcft werden kann. Die horizontale Druckachse wird elektrisch durch einen Wechselstrommotor gesteuert. Ein Vakuumtisch eignet sich perfekt f\u00fcr den Druck von kleinen bis gro\u00dfen Grafikpaneelen und Schildern. Er eignet sich auch f\u00fcr den Druck von industriellen Flachprodukten.<\/p>\n<h2>Flachbettdruckmaschine Spezifikationen:<\/h2>\n<table width=\"414\">\n<tbody>\n<tr>\n<td width=\"69\">Modell<\/td>\n<td width=\"69\">AP-3050V<\/td>\n<td width=\"69\">AP-4060V<\/td>\n<td width=\"69\">AP-5070V<\/td>\n<td width=\"69\">AP-6090V<\/td>\n<td width=\"69\">AP-70120V<\/td>\n<\/tr>\n<tr>\n<td width=\"69\">Hub des Rahmens nach oben\/unten<\/td>\n<td width=\"69\">150mm<\/td>\n<td width=\"69\">200mm<\/td>\n<td width=\"69\">200mm<\/td>\n<td width=\"69\">200mm<\/td>\n<td width=\"69\">200mm<\/td>\n<\/tr>\n<tr>\n<td width=\"69\">Druck Strich(links&amp;rechts)<\/td>\n<td width=\"69\">550 mm<\/td>\n<td width=\"69\">700mm<\/td>\n<td width=\"69\">800mm<\/td>\n<td width=\"69\">1000mm<\/td>\n<td width=\"69\">1300mm<\/td>\n<\/tr>\n<tr>\n<td width=\"69\">Maximale Druckfl\u00e4che<\/td>\n<td width=\"69\">300x500mm<\/td>\n<td width=\"69\">400x600mm<\/td>\n<td width=\"69\">500x700mm<\/td>\n<td width=\"69\">600x900mm<\/td>\n<td width=\"69\">700x1200mm<\/td>\n<\/tr>\n<tr>\n<td width=\"69\">Gr\u00f6\u00dfe des Vakuumtisches<\/td>\n<td width=\"69\">300x500mm<\/td>\n<td width=\"69\">400x600mm<\/td>\n<td width=\"69\">500x700mm<\/td>\n<td width=\"69\">600x900mm<\/td>\n<td width=\"69\">700x1200mm<\/td>\n<\/tr>\n<tr>\n<td width=\"69\">Gr\u00f6\u00dfe des Arbeitstisches<\/td>\n<td width=\"69\">350x600mm<\/td>\n<td width=\"69\">500x700mm<\/td>\n<td width=\"69\">600x800mm<\/td>\n<td width=\"69\">700x1000mm<\/td>\n<td width=\"69\">800x1300mm<\/td>\n<\/tr>\n<tr>\n<td width=\"69\">Maximale Rahmengr\u00f6\u00dfe<\/td>\n<td width=\"69\">500x830mm<\/td>\n<td width=\"69\">600x9300mm<\/td>\n<td width=\"69\">700x1130mm<\/td>\n<td width=\"69\">800x13000mm<\/td>\n<td width=\"69\">1000x14500mm<\/td>\n<\/tr>\n<tr>\n<td width=\"69\">Dicke des Bildschirmrahmens<\/td>\n<td width=\"69\">50,8 mm<\/td>\n<td width=\"69\">50,8 mm<\/td>\n<td width=\"69\">50,8 mm<\/td>\n<td width=\"69\">50,8 mm<\/td>\n<td width=\"69\">50,8 mm<\/td>\n<\/tr>\n<tr>\n<td width=\"69\">Druck des Rakels<\/td>\n<td width=\"69\">2-4 bar<\/td>\n<td width=\"69\">2-4 bar<\/td>\n<td width=\"69\">2-4 bar<\/td>\n<td width=\"69\">2-4 bar<\/td>\n<td width=\"69\">2-4 bar<\/td>\n<\/tr>\n<tr>\n<td width=\"69\">Maximale Druckgeschwindigkeit<\/td>\n<td width=\"69\">1.200 Zyklen\/Stunde<\/td>\n<td width=\"69\">800 Zyklen\/Stunde<\/td>\n<td width=\"69\">800 Zyklen\/Stunde<\/td>\n<td width=\"69\">800 Zyklen\/Stunde<\/td>\n<td width=\"69\">600 Zyklen\/Stunde<\/td>\n<\/tr>\n<tr>\n<td width=\"69\">Elektrische Quelle<\/td>\n<td width=\"69\">110\/220\/230V 50\/60Hz<\/td>\n<td width=\"69\">110\/220\/230V 50\/60Hz<\/td>\n<td width=\"69\">110\/220\/230V 50\/60Hz<\/td>\n<td width=\"69\">380V 50\/60Hz<\/td>\n<td width=\"69\">380V 50\/60Hz<\/td>\n<\/tr>\n<tr>\n<td width=\"69\">Gewicht der Maschine<\/td>\n<td width=\"69\">190kg<\/td>\n<td width=\"69\">320kg<\/td>\n<td width=\"69\">380kg<\/td>\n<td width=\"69\">660kg<\/td>\n<td width=\"69\">680kg<\/td>\n<\/tr>\n<tr>\n<td width=\"69\">Abmessungen der Maschine<\/td>\n<td width=\"69\">800x1050x1550mm<\/td>\n<td width=\"69\">1150x1000x1700mm<\/td>\n<td width=\"69\">1100x1300x1650mm<\/td>\n<td width=\"69\">1350x1350x1700mm<\/td>\n<td width=\"69\">1450x1650x1700mm<\/td>\n<\/tr>\n<\/tbody>\n<\/table>","protected":false},"excerpt":{"rendered":"<p>Die elektrische Flachsiebdruckmaschine der Serie AP ist mit einem Wechselstrommotor ausgestattet. Er erm\u00f6glicht die Bewegung in die Richtungen links, rechts, oben und unten. Die SPS-gesteuerte Marke mit einem Touchscreen macht die Maschine programmierbar. Der elektrische Antrieb bietet eine stabilere Arbeitsleistung als pneumatische Maschinen.<\/p>\n<p>Den elektrischen Standard-Flachbilddrucker gibt es in verschiedenen Gr\u00f6\u00dfen. Zu den Optionen geh\u00f6ren 300x500mm, 400x600mm, 500x700mm, 600x900mm und 700x1200mm, je nach Druckbereich. Wir k\u00f6nnen aber auch in einem gr\u00f6\u00dferen Format drucken. Der Arbeitstisch kann sowohl ein Vakuumtisch als auch ein T-Nutentisch f\u00fcr verschiedene Druckteile sein.<\/p>\n<p>Diese pr\u00e4zise Serienmaschine wird h\u00e4ufig im industriellen Druck eingesetzt. Sie bedruckt Transferpapier, Abziehbilder, Membranschalter und sogar Armaturenbretter von Autos.<\/p>","protected":false},"featured_media":304,"template":"","meta":[],"product_brand":[],"product_cat":[17],"product_tag":[],"class_list":{"0":"post-299","1":"product","2":"type-product","3":"status-publish","4":"has-post-thumbnail","6":"product_cat-flat-screen-printing-machine","8":"first","9":"instock","10":"shipping-taxable","11":"product-type-simple"},"yoast_head":"<!-- This site is optimized with the Yoast SEO plugin v27.4 - https:\/\/yoast.com\/product\/yoast-seo-wordpress\/ -->\n<title>Electric Automatic Flat Bed Screen Printing Machine<\/title>\n<meta name=\"description\" content=\"This automatic flat bed screen printing machine is suited for printing graphic panels, signage, membrane switches and overlays.\" \/>\n<meta name=\"robots\" content=\"index, follow, max-snippet:-1, max-image-preview:large, max-video-preview:-1\" \/>\n<link rel=\"canonical\" href=\"https:\/\/autoprintmachine.com\/de\/automatische-flachbett-siebdruckmaschine\/\" \/>\n<meta property=\"og:locale\" content=\"de_DE\" \/>\n<meta property=\"og:type\" content=\"article\" \/>\n<meta property=\"og:title\" content=\"Electric Automatic Flat Bed Screen Printing Machine\" \/>\n<meta property=\"og:description\" content=\"This automatic flat bed screen printing machine is suited for printing graphic panels, signage, membrane switches and overlays.\" \/>\n<meta property=\"og:url\" content=\"https:\/\/autoprintmachine.com\/de\/automatische-flachbett-siebdruckmaschine\/\" \/>\n<meta property=\"article:publisher\" content=\"https:\/\/www.facebook.com\/autoprinttech\/\" \/>\n<meta property=\"article:modified_time\" content=\"2026-01-27T02:57:21+00:00\" \/>\n<meta property=\"og:image\" content=\"https:\/\/autoprintmachine.com\/wp-content\/uploads\/2020\/08\/OS-6090.jpg\" \/>\n\t<meta property=\"og:image:width\" content=\"600\" \/>\n\t<meta property=\"og:image:height\" content=\"600\" \/>\n\t<meta property=\"og:image:type\" content=\"image\/jpeg\" \/>\n<meta name=\"twitter:card\" content=\"summary_large_image\" \/>\n<meta name=\"twitter:label1\" content=\"Est. reading time\" \/>\n\t<meta name=\"twitter:data1\" content=\"2\u00a0Minuten\" \/>\n<script type=\"application\/ld+json\" class=\"yoast-schema-graph\">{\"@context\":\"https:\\\/\\\/schema.org\",\"@graph\":[{\"@type\":\"WebPage\",\"@id\":\"https:\\\/\\\/autoprintmachine.com\\\/automatic-flat-bed-screen-printing-machine\\\/\",\"url\":\"https:\\\/\\\/autoprintmachine.com\\\/automatic-flat-bed-screen-printing-machine\\\/\",\"name\":\"Electric Automatic Flat Bed Screen Printing Machine\",\"isPartOf\":{\"@id\":\"https:\\\/\\\/autoprintmachine.com\\\/#website\"},\"primaryImageOfPage\":{\"@id\":\"https:\\\/\\\/autoprintmachine.com\\\/automatic-flat-bed-screen-printing-machine\\\/#primaryimage\"},\"image\":{\"@id\":\"https:\\\/\\\/autoprintmachine.com\\\/automatic-flat-bed-screen-printing-machine\\\/#primaryimage\"},\"thumbnailUrl\":\"https:\\\/\\\/autoprintmachine.com\\\/wp-content\\\/uploads\\\/2020\\\/08\\\/OS-6090.jpg\",\"datePublished\":\"2020-08-07T08:50:24+00:00\",\"dateModified\":\"2026-01-27T02:57:21+00:00\",\"description\":\"This automatic flat bed screen printing machine is suited for printing graphic panels, signage, membrane switches and overlays.\",\"breadcrumb\":{\"@id\":\"https:\\\/\\\/autoprintmachine.com\\\/automatic-flat-bed-screen-printing-machine\\\/#breadcrumb\"},\"inLanguage\":\"de\",\"potentialAction\":[{\"@type\":\"ReadAction\",\"target\":[\"https:\\\/\\\/autoprintmachine.com\\\/automatic-flat-bed-screen-printing-machine\\\/\"]}]},{\"@type\":\"ImageObject\",\"inLanguage\":\"de\",\"@id\":\"https:\\\/\\\/autoprintmachine.com\\\/automatic-flat-bed-screen-printing-machine\\\/#primaryimage\",\"url\":\"https:\\\/\\\/autoprintmachine.com\\\/wp-content\\\/uploads\\\/2020\\\/08\\\/OS-6090.jpg\",\"contentUrl\":\"https:\\\/\\\/autoprintmachine.com\\\/wp-content\\\/uploads\\\/2020\\\/08\\\/OS-6090.jpg\",\"width\":600,\"height\":600,\"caption\":\"automatic screen printing machine\"},{\"@type\":\"BreadcrumbList\",\"@id\":\"https:\\\/\\\/autoprintmachine.com\\\/automatic-flat-bed-screen-printing-machine\\\/#breadcrumb\",\"itemListElement\":[{\"@type\":\"ListItem\",\"position\":1,\"name\":\"Home\",\"item\":\"https:\\\/\\\/autoprintmachine.com\\\/\"},{\"@type\":\"ListItem\",\"position\":2,\"name\":\"Products\",\"item\":\"https:\\\/\\\/autoprintmachine.com\\\/shop\\\/\"},{\"@type\":\"ListItem\",\"position\":3,\"name\":\"Electric Automatic Flatbed Screen Printing Machine\"}]},{\"@type\":\"WebSite\",\"@id\":\"https:\\\/\\\/autoprintmachine.com\\\/#website\",\"url\":\"https:\\\/\\\/autoprintmachine.com\\\/\",\"name\":\"\",\"description\":\"\",\"publisher\":{\"@id\":\"https:\\\/\\\/autoprintmachine.com\\\/#organization\"},\"potentialAction\":[{\"@type\":\"SearchAction\",\"target\":{\"@type\":\"EntryPoint\",\"urlTemplate\":\"https:\\\/\\\/autoprintmachine.com\\\/?s={search_term_string}\"},\"query-input\":{\"@type\":\"PropertyValueSpecification\",\"valueRequired\":true,\"valueName\":\"search_term_string\"}}],\"inLanguage\":\"de\"},{\"@type\":\"Organization\",\"@id\":\"https:\\\/\\\/autoprintmachine.com\\\/#organization\",\"name\":\"Dongguan Auto Print Tech Co., Ltd\",\"url\":\"https:\\\/\\\/autoprintmachine.com\\\/\",\"logo\":{\"@type\":\"ImageObject\",\"inLanguage\":\"de\",\"@id\":\"https:\\\/\\\/autoprintmachine.com\\\/#\\\/schema\\\/logo\\\/image\\\/\",\"url\":\"https:\\\/\\\/autoprintmachine.com\\\/wp-content\\\/uploads\\\/2023\\\/06\\\/screen_printing_logo_new.webp\",\"contentUrl\":\"https:\\\/\\\/autoprintmachine.com\\\/wp-content\\\/uploads\\\/2023\\\/06\\\/screen_printing_logo_new.webp\",\"width\":890,\"height\":750,\"caption\":\"Dongguan Auto Print Tech Co., Ltd\"},\"image\":{\"@id\":\"https:\\\/\\\/autoprintmachine.com\\\/#\\\/schema\\\/logo\\\/image\\\/\"},\"sameAs\":[\"https:\\\/\\\/www.facebook.com\\\/autoprinttech\\\/\",\"https:\\\/\\\/www.youtube.com\\\/channel\\\/UCJtPGiBbQWGE2DZLxySpCtw\"]}]}<\/script>\n<!-- \/ Yoast SEO plugin. -->","yoast_head_json":{"title":"Elektrische automatische Flachbett-Siebdruckmaschine","description":"Diese automatische Flachbett-Siebdruckmaschine eignet sich f\u00fcr den Druck von grafischen Tafeln, Schildern, Folientastaturen und Overlays.","robots":{"index":"index","follow":"follow","max-snippet":"max-snippet:-1","max-image-preview":"max-image-preview:large","max-video-preview":"max-video-preview:-1"},"canonical":"https:\/\/autoprintmachine.com\/de\/automatische-flachbett-siebdruckmaschine\/","og_locale":"de_DE","og_type":"article","og_title":"Electric Automatic Flat Bed Screen Printing Machine","og_description":"This automatic flat bed screen printing machine is suited for printing graphic panels, signage, membrane switches and overlays.","og_url":"https:\/\/autoprintmachine.com\/de\/automatische-flachbett-siebdruckmaschine\/","article_publisher":"https:\/\/www.facebook.com\/autoprinttech\/","article_modified_time":"2026-01-27T02:57:21+00:00","og_image":[{"width":600,"height":600,"url":"https:\/\/autoprintmachine.com\/wp-content\/uploads\/2020\/08\/OS-6090.jpg","type":"image\/jpeg"}],"twitter_card":"summary_large_image","twitter_misc":{"Est. reading time":"2\u00a0Minuten"},"schema":{"@context":"https:\/\/schema.org","@graph":[{"@type":"WebPage","@id":"https:\/\/autoprintmachine.com\/automatic-flat-bed-screen-printing-machine\/","url":"https:\/\/autoprintmachine.com\/automatic-flat-bed-screen-printing-machine\/","name":"Elektrische automatische Flachbett-Siebdruckmaschine","isPartOf":{"@id":"https:\/\/autoprintmachine.com\/#website"},"primaryImageOfPage":{"@id":"https:\/\/autoprintmachine.com\/automatic-flat-bed-screen-printing-machine\/#primaryimage"},"image":{"@id":"https:\/\/autoprintmachine.com\/automatic-flat-bed-screen-printing-machine\/#primaryimage"},"thumbnailUrl":"https:\/\/autoprintmachine.com\/wp-content\/uploads\/2020\/08\/OS-6090.jpg","datePublished":"2020-08-07T08:50:24+00:00","dateModified":"2026-01-27T02:57:21+00:00","description":"Diese automatische Flachbett-Siebdruckmaschine eignet sich f\u00fcr den Druck von grafischen Tafeln, Schildern, Folientastaturen und Overlays.","breadcrumb":{"@id":"https:\/\/autoprintmachine.com\/automatic-flat-bed-screen-printing-machine\/#breadcrumb"},"inLanguage":"de","potentialAction":[{"@type":"ReadAction","target":["https:\/\/autoprintmachine.com\/automatic-flat-bed-screen-printing-machine\/"]}]},{"@type":"ImageObject","inLanguage":"de","@id":"https:\/\/autoprintmachine.com\/automatic-flat-bed-screen-printing-machine\/#primaryimage","url":"https:\/\/autoprintmachine.com\/wp-content\/uploads\/2020\/08\/OS-6090.jpg","contentUrl":"https:\/\/autoprintmachine.com\/wp-content\/uploads\/2020\/08\/OS-6090.jpg","width":600,"height":600,"caption":"automatic screen printing machine"},{"@type":"BreadcrumbList","@id":"https:\/\/autoprintmachine.com\/automatic-flat-bed-screen-printing-machine\/#breadcrumb","itemListElement":[{"@type":"ListItem","position":1,"name":"Home","item":"https:\/\/autoprintmachine.com\/"},{"@type":"ListItem","position":2,"name":"Products","item":"https:\/\/autoprintmachine.com\/shop\/"},{"@type":"ListItem","position":3,"name":"Electric Automatic Flatbed Screen Printing Machine"}]},{"@type":"WebSite","@id":"https:\/\/autoprintmachine.com\/#website","url":"https:\/\/autoprintmachine.com\/","name":"","description":"","publisher":{"@id":"https:\/\/autoprintmachine.com\/#organization"},"potentialAction":[{"@type":"SearchAction","target":{"@type":"EntryPoint","urlTemplate":"https:\/\/autoprintmachine.com\/?s={search_term_string}"},"query-input":{"@type":"PropertyValueSpecification","valueRequired":true,"valueName":"search_term_string"}}],"inLanguage":"de"},{"@type":"Organization","@id":"https:\/\/autoprintmachine.com\/#organization","name":"Dongguan Auto Print Tech Co.","url":"https:\/\/autoprintmachine.com\/","logo":{"@type":"ImageObject","inLanguage":"de","@id":"https:\/\/autoprintmachine.com\/#\/schema\/logo\/image\/","url":"https:\/\/autoprintmachine.com\/wp-content\/uploads\/2023\/06\/screen_printing_logo_new.webp","contentUrl":"https:\/\/autoprintmachine.com\/wp-content\/uploads\/2023\/06\/screen_printing_logo_new.webp","width":890,"height":750,"caption":"Dongguan Auto Print Tech Co., Ltd"},"image":{"@id":"https:\/\/autoprintmachine.com\/#\/schema\/logo\/image\/"},"sameAs":["https:\/\/www.facebook.com\/autoprinttech\/","https:\/\/www.youtube.com\/channel\/UCJtPGiBbQWGE2DZLxySpCtw"]}]}},"_links":{"self":[{"href":"https:\/\/autoprintmachine.com\/de\/wp-json\/wp\/v2\/product\/299","targetHints":{"allow":["GET"]}}],"collection":[{"href":"https:\/\/autoprintmachine.com\/de\/wp-json\/wp\/v2\/product"}],"about":[{"href":"https:\/\/autoprintmachine.com\/de\/wp-json\/wp\/v2\/types\/product"}],"wp:featuredmedia":[{"embeddable":true,"href":"https:\/\/autoprintmachine.com\/de\/wp-json\/wp\/v2\/media\/304"}],"wp:attachment":[{"href":"https:\/\/autoprintmachine.com\/de\/wp-json\/wp\/v2\/media?parent=299"}],"wp:term":[{"taxonomy":"product_brand","embeddable":true,"href":"https:\/\/autoprintmachine.com\/de\/wp-json\/wp\/v2\/product_brand?post=299"},{"taxonomy":"product_cat","embeddable":true,"href":"https:\/\/autoprintmachine.com\/de\/wp-json\/wp\/v2\/product_cat?post=299"},{"taxonomy":"product_tag","embeddable":true,"href":"https:\/\/autoprintmachine.com\/de\/wp-json\/wp\/v2\/product_tag?post=299"}],"curies":[{"name":"wp","href":"https:\/\/api.w.org\/{rel}","templated":true}]}}