{"id":328,"date":"2020-08-11T03:27:44","date_gmt":"2020-08-11T03:27:44","guid":{"rendered":"https:\/\/onceauto.seowaimao.com\/?post_type=product&#038;p=328"},"modified":"2026-01-27T05:31:59","modified_gmt":"2026-01-27T05:31:59","slug":"servogetriebene-flachdruckmaschine","status":"publish","type":"product","link":"https:\/\/autoprintmachine.com\/de\/servogetriebene-flachdruckmaschine\/","title":{"rendered":"Servoangetriebene Flachsiebdruckmaschine"},"content":{"rendered":"<h2>Flachbett-Siebdruckmaschine Standardmerkmale:<\/h2>\n<ul>\n<li>Servomotorischer Antrieb f\u00fcr die Auf- und Abw\u00e4rtsbewegung des Siebrahmens und den horizontalen Druck.<\/li>\n<li>Marke PLC gesteuert, Weinview Touchscreen.<\/li>\n<li>Ber\u00fchmter Markenmotor und Frequenzumrichter.<\/li>\n<li>Vertikaler Kopflift mit H\u00f6henverstellung.<\/li>\n<li>Hochwertiger X\/Y\/R-Positioniertisch mit Vakuumtisch.<\/li>\n<li>Rakelwinkel und kalibrierte H\u00f6heneinstellung.<\/li>\n<li>Regulierter Rakeldruck mit Manometer.<\/li>\n<li>Bodenausgleichsrollen und Rollen, fu\u00dfschaltergesteuert.<\/li>\n<li>Not-Aus-Taste und Sicherheitslichtvorhang installiert.<\/li>\n<li>Siebrahmen mit automatischem Abriss beim Drucken.<\/li>\n<\/ul>\n<h2>Flachbett-Siebdrucker Spezifikationen:<\/h2>\n<table width=\"88%\">\n<tbody>\n<tr>\n<td width=\"44%\"><strong>Modell<\/strong><\/td>\n<td width=\"55%\"><strong>AP-3040S<\/strong><\/td>\n<\/tr>\n<tr>\n<td width=\"44%\"><strong>Antriebssystem<\/strong><\/td>\n<td width=\"55%\">Auf\/Ab, links\/rechts servomotorisch<\/td>\n<\/tr>\n<tr>\n<td width=\"44%\"><strong>Kontrollsystem<\/strong><\/td>\n<td width=\"55%\">PLC mit Touchscreen<\/td>\n<\/tr>\n<tr>\n<td width=\"44%\"><strong>Hub des Rahmens nach oben\/unten<\/strong><\/td>\n<td width=\"55%\">180mm<\/td>\n<\/tr>\n<tr>\n<td width=\"44%\"><strong>Drucken Strich(links &amp;rechts)<\/strong><\/td>\n<td width=\"55%\">400mm<\/td>\n<\/tr>\n<tr>\n<td width=\"44%\"><strong>Maximale Druckfl\u00e4che<\/strong><\/td>\n<td width=\"55%\">300x400mm<\/td>\n<\/tr>\n<tr>\n<td width=\"44%\"><strong>Gr\u00f6\u00dfe des Arbeitstisches<\/strong><\/td>\n<td width=\"55%\">400x500mm<\/td>\n<\/tr>\n<tr>\n<td width=\"44%\"><strong>Dicke des Bildschirmrahmens<\/strong><\/td>\n<td width=\"55%\">50,8 mm<\/td>\n<\/tr>\n<tr>\n<td width=\"44%\"><strong>Wiederholung der Drucktoleranz<\/strong><\/td>\n<td width=\"55%\">0,01 mm<\/td>\n<\/tr>\n<tr>\n<td width=\"44%\"><strong>Maximale Druckgeschwindigkeit<\/strong><\/td>\n<td width=\"55%\">1.200 Zyklen\/Stunde<\/td>\n<\/tr>\n<tr>\n<td width=\"44%\"><strong>Elektrische Quelle<\/strong><\/td>\n<td width=\"55%\">110\/220\/230V 50\/60Hz<\/td>\n<\/tr>\n<tr>\n<td width=\"44%\"><strong>Luftdruck-Eingang<\/strong><\/td>\n<td width=\"55%\">6 bar<\/td>\n<\/tr>\n<tr>\n<td width=\"44%\"><strong>Gewicht der Maschine<\/strong><\/td>\n<td width=\"55%\">170kg<\/td>\n<\/tr>\n<tr>\n<td width=\"44%\"><strong>Abmessungen der Maschine<\/strong><\/td>\n<td width=\"55%\">1000x700x1500mm<\/td>\n<\/tr>\n<\/tbody>\n<\/table>","protected":false},"excerpt":{"rendered":"<p>Die Flachsiebdruckmaschine AP-3040S verwendet einen Servoantrieb f\u00fcr pr\u00e4zise Links\/Rechts- und Auf\/Ab-Bewegungen. Sie hat eine maximale Druckgr\u00f6\u00dfe von 300 x 400 mm. Sie k\u00f6nnen sie mit einer Marken-SPS und einem Touchscreen steuern. Er bietet hohe Pr\u00e4zision und sehr stabile Arbeitsbedingungen. Dieser Servo-Flachbildschirmdrucker ist ein hochwertiges Ger\u00e4t. Er gew\u00e4hrleistet einen pr\u00e4zisen Druck auf Teile f\u00fcr die Elektronik-, Automobil- und Medizinindustrie.<\/p>\n<p>Diese servogesteuerte Maschine ist in verschiedenen Druckgr\u00f6\u00dfen erh\u00e4ltlich, darunter 300x500mm, 400x600mm und 500x700mm. Wir bieten auch kundenspezifische Modelle an.<\/p>","protected":false},"featured_media":329,"template":"","meta":[],"product_brand":[],"product_cat":[17],"product_tag":[],"class_list":{"0":"post-328","1":"product","2":"type-product","3":"status-publish","4":"has-post-thumbnail","6":"product_cat-flat-screen-printing-machine","8":"first","9":"instock","10":"shipping-taxable","11":"product-type-simple"},"yoast_head":"<!-- This site is optimized with the Yoast SEO plugin v27.4 - https:\/\/yoast.com\/product\/yoast-seo-wordpress\/ -->\n<title>Servo Driven Screen Printing Machine<\/title>\n<meta name=\"description\" content=\"A wide variety of servo screen printing machine options are available to you.Floor levelers &amp; casters, Foot switch controlled.\" \/>\n<meta name=\"robots\" content=\"index, follow, max-snippet:-1, max-image-preview:large, max-video-preview:-1\" \/>\n<link rel=\"canonical\" href=\"https:\/\/autoprintmachine.com\/de\/servogetriebene-flachdruckmaschine\/\" \/>\n<meta property=\"og:locale\" content=\"de_DE\" \/>\n<meta property=\"og:type\" content=\"article\" \/>\n<meta property=\"og:title\" content=\"Servo Driven Screen Printing Machine\" \/>\n<meta property=\"og:description\" content=\"A wide variety of servo screen printing machine options are available to you.Floor levelers &amp; casters, Foot switch controlled.\" \/>\n<meta property=\"og:url\" content=\"https:\/\/autoprintmachine.com\/de\/servogetriebene-flachdruckmaschine\/\" \/>\n<meta property=\"article:publisher\" content=\"https:\/\/www.facebook.com\/autoprinttech\/\" \/>\n<meta property=\"article:modified_time\" content=\"2026-01-27T05:31:59+00:00\" \/>\n<meta property=\"og:image\" content=\"https:\/\/autoprintmachine.com\/wp-content\/uploads\/2020\/08\/OS-3040S.jpg\" \/>\n\t<meta property=\"og:image:width\" content=\"600\" \/>\n\t<meta property=\"og:image:height\" content=\"600\" \/>\n\t<meta property=\"og:image:type\" content=\"image\/jpeg\" \/>\n<meta name=\"twitter:card\" content=\"summary_large_image\" \/>\n<meta name=\"twitter:label1\" content=\"Est. reading time\" \/>\n\t<meta name=\"twitter:data1\" content=\"1\u00a0Minute\" \/>\n<script type=\"application\/ld+json\" class=\"yoast-schema-graph\">{\"@context\":\"https:\\\/\\\/schema.org\",\"@graph\":[{\"@type\":\"WebPage\",\"@id\":\"https:\\\/\\\/autoprintmachine.com\\\/servo-driven-flat-screen-printing-machine\\\/\",\"url\":\"https:\\\/\\\/autoprintmachine.com\\\/servo-driven-flat-screen-printing-machine\\\/\",\"name\":\"Servo Driven Screen Printing Machine\",\"isPartOf\":{\"@id\":\"https:\\\/\\\/autoprintmachine.com\\\/#website\"},\"primaryImageOfPage\":{\"@id\":\"https:\\\/\\\/autoprintmachine.com\\\/servo-driven-flat-screen-printing-machine\\\/#primaryimage\"},\"image\":{\"@id\":\"https:\\\/\\\/autoprintmachine.com\\\/servo-driven-flat-screen-printing-machine\\\/#primaryimage\"},\"thumbnailUrl\":\"https:\\\/\\\/autoprintmachine.com\\\/wp-content\\\/uploads\\\/2020\\\/08\\\/OS-3040S.jpg\",\"datePublished\":\"2020-08-11T03:27:44+00:00\",\"dateModified\":\"2026-01-27T05:31:59+00:00\",\"description\":\"A wide variety of servo screen printing machine options are available to you.Floor levelers & casters, Foot switch controlled.\",\"breadcrumb\":{\"@id\":\"https:\\\/\\\/autoprintmachine.com\\\/servo-driven-flat-screen-printing-machine\\\/#breadcrumb\"},\"inLanguage\":\"de\",\"potentialAction\":[{\"@type\":\"ReadAction\",\"target\":[\"https:\\\/\\\/autoprintmachine.com\\\/servo-driven-flat-screen-printing-machine\\\/\"]}]},{\"@type\":\"ImageObject\",\"inLanguage\":\"de\",\"@id\":\"https:\\\/\\\/autoprintmachine.com\\\/servo-driven-flat-screen-printing-machine\\\/#primaryimage\",\"url\":\"https:\\\/\\\/autoprintmachine.com\\\/wp-content\\\/uploads\\\/2020\\\/08\\\/OS-3040S.jpg\",\"contentUrl\":\"https:\\\/\\\/autoprintmachine.com\\\/wp-content\\\/uploads\\\/2020\\\/08\\\/OS-3040S.jpg\",\"width\":600,\"height\":600},{\"@type\":\"BreadcrumbList\",\"@id\":\"https:\\\/\\\/autoprintmachine.com\\\/servo-driven-flat-screen-printing-machine\\\/#breadcrumb\",\"itemListElement\":[{\"@type\":\"ListItem\",\"position\":1,\"name\":\"Home\",\"item\":\"https:\\\/\\\/autoprintmachine.com\\\/\"},{\"@type\":\"ListItem\",\"position\":2,\"name\":\"Products\",\"item\":\"https:\\\/\\\/autoprintmachine.com\\\/shop\\\/\"},{\"@type\":\"ListItem\",\"position\":3,\"name\":\"Servo Driven Flat Screen Printing Machine\"}]},{\"@type\":\"WebSite\",\"@id\":\"https:\\\/\\\/autoprintmachine.com\\\/#website\",\"url\":\"https:\\\/\\\/autoprintmachine.com\\\/\",\"name\":\"\",\"description\":\"\",\"publisher\":{\"@id\":\"https:\\\/\\\/autoprintmachine.com\\\/#organization\"},\"potentialAction\":[{\"@type\":\"SearchAction\",\"target\":{\"@type\":\"EntryPoint\",\"urlTemplate\":\"https:\\\/\\\/autoprintmachine.com\\\/?s={search_term_string}\"},\"query-input\":{\"@type\":\"PropertyValueSpecification\",\"valueRequired\":true,\"valueName\":\"search_term_string\"}}],\"inLanguage\":\"de\"},{\"@type\":\"Organization\",\"@id\":\"https:\\\/\\\/autoprintmachine.com\\\/#organization\",\"name\":\"Dongguan Auto Print Tech Co., Ltd\",\"url\":\"https:\\\/\\\/autoprintmachine.com\\\/\",\"logo\":{\"@type\":\"ImageObject\",\"inLanguage\":\"de\",\"@id\":\"https:\\\/\\\/autoprintmachine.com\\\/#\\\/schema\\\/logo\\\/image\\\/\",\"url\":\"https:\\\/\\\/autoprintmachine.com\\\/wp-content\\\/uploads\\\/2023\\\/06\\\/screen_printing_logo_new.webp\",\"contentUrl\":\"https:\\\/\\\/autoprintmachine.com\\\/wp-content\\\/uploads\\\/2023\\\/06\\\/screen_printing_logo_new.webp\",\"width\":890,\"height\":750,\"caption\":\"Dongguan Auto Print Tech Co., Ltd\"},\"image\":{\"@id\":\"https:\\\/\\\/autoprintmachine.com\\\/#\\\/schema\\\/logo\\\/image\\\/\"},\"sameAs\":[\"https:\\\/\\\/www.facebook.com\\\/autoprinttech\\\/\",\"https:\\\/\\\/www.youtube.com\\\/channel\\\/UCJtPGiBbQWGE2DZLxySpCtw\"]}]}<\/script>\n<!-- \/ Yoast SEO plugin. -->","yoast_head_json":{"title":"Servoangetriebene Siebdruckmaschine","description":"Eine gro\u00dfe Auswahl an Servo-Siebdruckmaschinen steht Ihnen zur Verf\u00fcgung.Bodenausgleichsrollen, Fu\u00dfschalter gesteuert.","robots":{"index":"index","follow":"follow","max-snippet":"max-snippet:-1","max-image-preview":"max-image-preview:large","max-video-preview":"max-video-preview:-1"},"canonical":"https:\/\/autoprintmachine.com\/de\/servogetriebene-flachdruckmaschine\/","og_locale":"de_DE","og_type":"article","og_title":"Servo Driven Screen Printing Machine","og_description":"A wide variety of servo screen printing machine options are available to you.Floor levelers & casters, Foot switch controlled.","og_url":"https:\/\/autoprintmachine.com\/de\/servogetriebene-flachdruckmaschine\/","article_publisher":"https:\/\/www.facebook.com\/autoprinttech\/","article_modified_time":"2026-01-27T05:31:59+00:00","og_image":[{"width":600,"height":600,"url":"https:\/\/autoprintmachine.com\/wp-content\/uploads\/2020\/08\/OS-3040S.jpg","type":"image\/jpeg"}],"twitter_card":"summary_large_image","twitter_misc":{"Est. reading time":"1\u00a0Minute"},"schema":{"@context":"https:\/\/schema.org","@graph":[{"@type":"WebPage","@id":"https:\/\/autoprintmachine.com\/servo-driven-flat-screen-printing-machine\/","url":"https:\/\/autoprintmachine.com\/servo-driven-flat-screen-printing-machine\/","name":"Servoangetriebene Siebdruckmaschine","isPartOf":{"@id":"https:\/\/autoprintmachine.com\/#website"},"primaryImageOfPage":{"@id":"https:\/\/autoprintmachine.com\/servo-driven-flat-screen-printing-machine\/#primaryimage"},"image":{"@id":"https:\/\/autoprintmachine.com\/servo-driven-flat-screen-printing-machine\/#primaryimage"},"thumbnailUrl":"https:\/\/autoprintmachine.com\/wp-content\/uploads\/2020\/08\/OS-3040S.jpg","datePublished":"2020-08-11T03:27:44+00:00","dateModified":"2026-01-27T05:31:59+00:00","description":"Eine gro\u00dfe Auswahl an Servo-Siebdruckmaschinen steht Ihnen zur Verf\u00fcgung.Bodenausgleichsrollen, Fu\u00dfschalter gesteuert.","breadcrumb":{"@id":"https:\/\/autoprintmachine.com\/servo-driven-flat-screen-printing-machine\/#breadcrumb"},"inLanguage":"de","potentialAction":[{"@type":"ReadAction","target":["https:\/\/autoprintmachine.com\/servo-driven-flat-screen-printing-machine\/"]}]},{"@type":"ImageObject","inLanguage":"de","@id":"https:\/\/autoprintmachine.com\/servo-driven-flat-screen-printing-machine\/#primaryimage","url":"https:\/\/autoprintmachine.com\/wp-content\/uploads\/2020\/08\/OS-3040S.jpg","contentUrl":"https:\/\/autoprintmachine.com\/wp-content\/uploads\/2020\/08\/OS-3040S.jpg","width":600,"height":600},{"@type":"BreadcrumbList","@id":"https:\/\/autoprintmachine.com\/servo-driven-flat-screen-printing-machine\/#breadcrumb","itemListElement":[{"@type":"ListItem","position":1,"name":"Home","item":"https:\/\/autoprintmachine.com\/"},{"@type":"ListItem","position":2,"name":"Products","item":"https:\/\/autoprintmachine.com\/shop\/"},{"@type":"ListItem","position":3,"name":"Servo Driven Flat Screen Printing Machine"}]},{"@type":"WebSite","@id":"https:\/\/autoprintmachine.com\/#website","url":"https:\/\/autoprintmachine.com\/","name":"","description":"","publisher":{"@id":"https:\/\/autoprintmachine.com\/#organization"},"potentialAction":[{"@type":"SearchAction","target":{"@type":"EntryPoint","urlTemplate":"https:\/\/autoprintmachine.com\/?s={search_term_string}"},"query-input":{"@type":"PropertyValueSpecification","valueRequired":true,"valueName":"search_term_string"}}],"inLanguage":"de"},{"@type":"Organization","@id":"https:\/\/autoprintmachine.com\/#organization","name":"Dongguan Auto Print Tech Co.","url":"https:\/\/autoprintmachine.com\/","logo":{"@type":"ImageObject","inLanguage":"de","@id":"https:\/\/autoprintmachine.com\/#\/schema\/logo\/image\/","url":"https:\/\/autoprintmachine.com\/wp-content\/uploads\/2023\/06\/screen_printing_logo_new.webp","contentUrl":"https:\/\/autoprintmachine.com\/wp-content\/uploads\/2023\/06\/screen_printing_logo_new.webp","width":890,"height":750,"caption":"Dongguan Auto Print Tech Co., Ltd"},"image":{"@id":"https:\/\/autoprintmachine.com\/#\/schema\/logo\/image\/"},"sameAs":["https:\/\/www.facebook.com\/autoprinttech\/","https:\/\/www.youtube.com\/channel\/UCJtPGiBbQWGE2DZLxySpCtw"]}]}},"_links":{"self":[{"href":"https:\/\/autoprintmachine.com\/de\/wp-json\/wp\/v2\/product\/328","targetHints":{"allow":["GET"]}}],"collection":[{"href":"https:\/\/autoprintmachine.com\/de\/wp-json\/wp\/v2\/product"}],"about":[{"href":"https:\/\/autoprintmachine.com\/de\/wp-json\/wp\/v2\/types\/product"}],"wp:featuredmedia":[{"embeddable":true,"href":"https:\/\/autoprintmachine.com\/de\/wp-json\/wp\/v2\/media\/329"}],"wp:attachment":[{"href":"https:\/\/autoprintmachine.com\/de\/wp-json\/wp\/v2\/media?parent=328"}],"wp:term":[{"taxonomy":"product_brand","embeddable":true,"href":"https:\/\/autoprintmachine.com\/de\/wp-json\/wp\/v2\/product_brand?post=328"},{"taxonomy":"product_cat","embeddable":true,"href":"https:\/\/autoprintmachine.com\/de\/wp-json\/wp\/v2\/product_cat?post=328"},{"taxonomy":"product_tag","embeddable":true,"href":"https:\/\/autoprintmachine.com\/de\/wp-json\/wp\/v2\/product_tag?post=328"}],"curies":[{"name":"wp","href":"https:\/\/api.w.org\/{rel}","templated":true}]}}