{"id":339,"date":"2020-08-11T08:45:51","date_gmt":"2020-08-11T08:45:51","guid":{"rendered":"https:\/\/onceauto.seowaimao.com\/?post_type=product&#038;p=339"},"modified":"2026-01-06T08:10:45","modified_gmt":"2026-01-06T08:10:45","slug":"zweifarb-tampondruckmaschine","status":"publish","type":"product","link":"https:\/\/autoprintmachine.com\/de\/zweifarb-tampondruckmaschine\/","title":{"rendered":"Zweifarbige Tampondruckmaschine"},"content":{"rendered":"<p><strong>Einleitung:<\/strong><\/p>\n<p>Die Zweifarben-Tampondrucker verf\u00fcgen \u00fcber zwei geschlossene Farbt\u00f6pfe mit X\/Y\/R-verstellbaren Klischeehaltern f\u00fcr die Winkeleinstellung, werden pneumatisch angetrieben und \u00fcber eine Leiterplatte gesteuert. Die Zweifarben-Maschinen von Auto Print gibt es ebenfalls in mehreren Serien, die von klein bis gro\u00df reichen: die Serien 125, 175 und 250. Diese Zweifarben-Serienmaschinen verf\u00fcgen in der Regel \u00fcber ein Teile- und ein Tampon-Transport-Shuttle, die f\u00fcr den schnellen Zweifarbendruck weit verbreitet sind.<\/p>\n<p><strong>Standardmerkmale:<\/strong><\/p>\n<ol>\n<li>Einfache Bedienung \u00fcber ein Touchpanel<\/li>\n<li>Mikroprozessorgesteuert<\/li>\n<li>Pneumatische Komponenten von SMC oder FESTO<\/li>\n<li>Leicht zug\u00e4ngliche Pad-Hub-Einstellungen<\/li>\n<li>Pneumatisches Teileshuttle mit zwei Positionen<\/li>\n<li>Tampongebl\u00e4se f\u00fcr zweifarbigen Tampondruck<\/li>\n<li>X\/Y\/R\/Z-Arbeitstisch<\/li>\n<li>Doppelte X\/Y\/R-Klischeeeinstellung<\/li>\n<li>Sanfte und leise Maschinenleistung<\/li>\n<\/ol>\n<p><strong>Spezifikationen:<\/strong><\/p>\n<table style=\"height: 430px;\" width=\"681\">\n<tbody>\n<tr>\n<td width=\"69\">Modell<\/td>\n<td width=\"69\">AP-125-2<\/td>\n<td width=\"69\">AP-175-2<\/td>\n<td width=\"69\">AP-250-2<\/td>\n<\/tr>\n<tr>\n<td width=\"69\">Tintensystem<\/td>\n<td width=\"69\">Geschlossener Tintenbecher<\/td>\n<td width=\"69\">Geschlossener Tintenbecher<\/td>\n<td width=\"69\">Geschlossener Tintenbecher<\/td>\n<\/tr>\n<tr>\n<td width=\"69\">Gr\u00f6\u00dfe der Platte<\/td>\n<td width=\"69\">215x100mm<\/td>\n<td width=\"69\">270x130mm<\/td>\n<td width=\"69\">380x190mm<\/td>\n<\/tr>\n<tr>\n<td width=\"69\">Gr\u00f6\u00dfe des Tintenbechers<\/td>\n<td width=\"69\">ID90xOD100mm<\/td>\n<td width=\"69\">ID120xOD130mm<\/td>\n<td width=\"69\">ID180xOD190mm<\/td>\n<\/tr>\n<tr>\n<td width=\"69\">Druckkapazit\u00e4t<\/td>\n<td width=\"69\">1800St\u00fcck<\/td>\n<td width=\"69\">1400St\u00fcck<\/td>\n<td width=\"69\">780St\u00fcck<\/td>\n<\/tr>\n<tr>\n<td width=\"69\">Antrieb<\/td>\n<td width=\"69\">Pneumatisch<\/td>\n<td width=\"69\">Pneumatisch<\/td>\n<td width=\"69\">Pneumatisch<\/td>\n<\/tr>\n<tr>\n<td width=\"69\">Druckkraft<\/td>\n<td width=\"69\">629N<\/td>\n<td width=\"69\">982N<\/td>\n<td width=\"69\">3690N<\/td>\n<\/tr>\n<tr>\n<td width=\"69\">Vertikaler Strich des Pads<\/td>\n<td width=\"69\">75mm<\/td>\n<td width=\"69\">100mm<\/td>\n<td width=\"69\">80mm<\/td>\n<\/tr>\n<tr>\n<td width=\"69\">Luftbedarf<\/td>\n<td width=\"69\">5-6 bar<\/td>\n<td width=\"69\">5-6 bar<\/td>\n<td width=\"69\">5-6 bar<\/td>\n<\/tr>\n<tr>\n<td width=\"69\">Kontrollsystem<\/td>\n<td width=\"69\">12V Leiterplatte<\/td>\n<td width=\"69\">12V Leiterplatte<\/td>\n<td width=\"69\">12V Leiterplatte<\/td>\n<\/tr>\n<tr>\n<td width=\"69\">Spannung<\/td>\n<td width=\"69\">110V\/220V\/230V 50\/60Hz<\/td>\n<td width=\"69\">110V\/220V\/230V 50\/60Hz<\/td>\n<td width=\"69\">110V\/220V\/230V 50\/60Hz<\/td>\n<\/tr>\n<tr>\n<td width=\"69\">Gewicht<\/td>\n<td width=\"69\">75kg<\/td>\n<td width=\"69\">100kg<\/td>\n<td width=\"69\">150kg<\/td>\n<\/tr>\n<\/tbody>\n<\/table>","protected":false},"excerpt":{"rendered":"<p>Die Zweifarben-Tampondruckmaschinen von Auto Print sind in drei Serien unterteilt: die Serie 125, die f\u00fcr den Druck kleiner Teile geeignet ist, die Serie 175, die f\u00fcr den Druck mittelgro\u00dfer Teile geeignet ist, und die Serie 250, die f\u00fcr den Druck gro\u00dfer Teile geeignet ist. Es gibt zwei g\u00e4ngige Typen von Auto Print Zweifarben-Tampondruckmaschinen: eine ist mit einem Shuttle-Arbeitstisch ausgestattet, die andere mit einem Tampon-Transport-Shuttle. Diese Standard-Zweifarben-Tampondruckmaschine wird pneumatisch angetrieben, aber wir bieten auch andere Typen an, wie z. B. Tampondrucker mit Servomotorantrieb. Wir bieten auch komplette Tampondruck-Kits an.<\/p>","protected":false},"featured_media":1368,"template":"","meta":[],"product_brand":[],"product_cat":[23],"product_tag":[],"class_list":{"0":"post-339","1":"product","2":"type-product","3":"status-publish","4":"has-post-thumbnail","6":"product_cat-pad-printing-machine","8":"first","9":"instock","10":"shipping-taxable","11":"product-type-simple"},"yoast_head":"<!-- This site is optimized with the Yoast SEO plugin v27.4 - https:\/\/yoast.com\/product\/yoast-seo-wordpress\/ -->\n<title>Two Color Pad Printing Machine with High-Quality &amp; Stable Performance.<\/title>\n<meta name=\"description\" content=\"The printers features 2 closed ink can adjustment cliche holders for different angle adjustment, pneumatic driven and PCB board controlled.\" \/>\n<meta name=\"robots\" content=\"index, follow, max-snippet:-1, max-image-preview:large, max-video-preview:-1\" \/>\n<link rel=\"canonical\" href=\"https:\/\/autoprintmachine.com\/de\/zweifarb-tampondruckmaschine\/\" \/>\n<meta property=\"og:locale\" content=\"de_DE\" \/>\n<meta property=\"og:type\" content=\"article\" \/>\n<meta property=\"og:title\" content=\"Two Color Pad Printing Machine with High-Quality &amp; Stable Performance.\" \/>\n<meta property=\"og:description\" content=\"The printers features 2 closed ink can adjustment cliche holders for different angle adjustment, pneumatic driven and PCB board controlled.\" \/>\n<meta property=\"og:url\" content=\"https:\/\/autoprintmachine.com\/de\/zweifarb-tampondruckmaschine\/\" \/>\n<meta property=\"article:publisher\" content=\"https:\/\/www.facebook.com\/autoprinttech\/\" \/>\n<meta property=\"article:modified_time\" content=\"2026-01-06T08:10:45+00:00\" \/>\n<meta property=\"og:image\" content=\"https:\/\/autoprintmachine.com\/wp-content\/uploads\/2022\/03\/175-2.jpg\" \/>\n\t<meta property=\"og:image:width\" content=\"600\" \/>\n\t<meta property=\"og:image:height\" content=\"600\" \/>\n\t<meta property=\"og:image:type\" content=\"image\/jpeg\" \/>\n<meta name=\"twitter:card\" content=\"summary_large_image\" \/>\n<meta name=\"twitter:label1\" content=\"Est. reading time\" \/>\n\t<meta name=\"twitter:data1\" content=\"2\u00a0Minuten\" \/>\n<script type=\"application\/ld+json\" class=\"yoast-schema-graph\">{\"@context\":\"https:\\\/\\\/schema.org\",\"@graph\":[{\"@type\":\"WebPage\",\"@id\":\"https:\\\/\\\/autoprintmachine.com\\\/two-color-pad-printing-machine\\\/\",\"url\":\"https:\\\/\\\/autoprintmachine.com\\\/two-color-pad-printing-machine\\\/\",\"name\":\"Two Color Pad Printing Machine with High-Quality & Stable Performance.\",\"isPartOf\":{\"@id\":\"https:\\\/\\\/autoprintmachine.com\\\/#website\"},\"primaryImageOfPage\":{\"@id\":\"https:\\\/\\\/autoprintmachine.com\\\/two-color-pad-printing-machine\\\/#primaryimage\"},\"image\":{\"@id\":\"https:\\\/\\\/autoprintmachine.com\\\/two-color-pad-printing-machine\\\/#primaryimage\"},\"thumbnailUrl\":\"https:\\\/\\\/autoprintmachine.com\\\/wp-content\\\/uploads\\\/2022\\\/03\\\/175-2.jpg\",\"datePublished\":\"2020-08-11T08:45:51+00:00\",\"dateModified\":\"2026-01-06T08:10:45+00:00\",\"description\":\"The printers features 2 closed ink can adjustment cliche holders for different angle adjustment, pneumatic driven and PCB board controlled.\",\"breadcrumb\":{\"@id\":\"https:\\\/\\\/autoprintmachine.com\\\/two-color-pad-printing-machine\\\/#breadcrumb\"},\"inLanguage\":\"de\",\"potentialAction\":[{\"@type\":\"ReadAction\",\"target\":[\"https:\\\/\\\/autoprintmachine.com\\\/two-color-pad-printing-machine\\\/\"]}]},{\"@type\":\"ImageObject\",\"inLanguage\":\"de\",\"@id\":\"https:\\\/\\\/autoprintmachine.com\\\/two-color-pad-printing-machine\\\/#primaryimage\",\"url\":\"https:\\\/\\\/autoprintmachine.com\\\/wp-content\\\/uploads\\\/2022\\\/03\\\/175-2.jpg\",\"contentUrl\":\"https:\\\/\\\/autoprintmachine.com\\\/wp-content\\\/uploads\\\/2022\\\/03\\\/175-2.jpg\",\"width\":600,\"height\":600,\"caption\":\"175 2\"},{\"@type\":\"BreadcrumbList\",\"@id\":\"https:\\\/\\\/autoprintmachine.com\\\/two-color-pad-printing-machine\\\/#breadcrumb\",\"itemListElement\":[{\"@type\":\"ListItem\",\"position\":1,\"name\":\"Home\",\"item\":\"https:\\\/\\\/autoprintmachine.com\\\/\"},{\"@type\":\"ListItem\",\"position\":2,\"name\":\"Products\",\"item\":\"https:\\\/\\\/autoprintmachine.com\\\/shop\\\/\"},{\"@type\":\"ListItem\",\"position\":3,\"name\":\"Two Color Pad Printing Machine\"}]},{\"@type\":\"WebSite\",\"@id\":\"https:\\\/\\\/autoprintmachine.com\\\/#website\",\"url\":\"https:\\\/\\\/autoprintmachine.com\\\/\",\"name\":\"\",\"description\":\"\",\"publisher\":{\"@id\":\"https:\\\/\\\/autoprintmachine.com\\\/#organization\"},\"potentialAction\":[{\"@type\":\"SearchAction\",\"target\":{\"@type\":\"EntryPoint\",\"urlTemplate\":\"https:\\\/\\\/autoprintmachine.com\\\/?s={search_term_string}\"},\"query-input\":{\"@type\":\"PropertyValueSpecification\",\"valueRequired\":true,\"valueName\":\"search_term_string\"}}],\"inLanguage\":\"de\"},{\"@type\":\"Organization\",\"@id\":\"https:\\\/\\\/autoprintmachine.com\\\/#organization\",\"name\":\"Dongguan Auto Print Tech Co., Ltd\",\"url\":\"https:\\\/\\\/autoprintmachine.com\\\/\",\"logo\":{\"@type\":\"ImageObject\",\"inLanguage\":\"de\",\"@id\":\"https:\\\/\\\/autoprintmachine.com\\\/#\\\/schema\\\/logo\\\/image\\\/\",\"url\":\"https:\\\/\\\/autoprintmachine.com\\\/wp-content\\\/uploads\\\/2023\\\/06\\\/screen_printing_logo_new.webp\",\"contentUrl\":\"https:\\\/\\\/autoprintmachine.com\\\/wp-content\\\/uploads\\\/2023\\\/06\\\/screen_printing_logo_new.webp\",\"width\":890,\"height\":750,\"caption\":\"Dongguan Auto Print Tech Co., Ltd\"},\"image\":{\"@id\":\"https:\\\/\\\/autoprintmachine.com\\\/#\\\/schema\\\/logo\\\/image\\\/\"},\"sameAs\":[\"https:\\\/\\\/www.facebook.com\\\/autoprinttech\\\/\",\"https:\\\/\\\/www.youtube.com\\\/channel\\\/UCJtPGiBbQWGE2DZLxySpCtw\"]}]}<\/script>\n<!-- \/ Yoast SEO plugin. -->","yoast_head_json":{"title":"Zweifarbige Tampondruckmaschine mit hoher Qualit\u00e4t und stabiler Leistung.","description":"Die Drucker verf\u00fcgen \u00fcber 2 geschlossene Klischeehalter zur Einstellung verschiedener Winkel, pneumatisch betrieben und PCB-gesteuert.","robots":{"index":"index","follow":"follow","max-snippet":"max-snippet:-1","max-image-preview":"max-image-preview:large","max-video-preview":"max-video-preview:-1"},"canonical":"https:\/\/autoprintmachine.com\/de\/zweifarb-tampondruckmaschine\/","og_locale":"de_DE","og_type":"article","og_title":"Two Color Pad Printing Machine with High-Quality & Stable Performance.","og_description":"The printers features 2 closed ink can adjustment cliche holders for different angle adjustment, pneumatic driven and PCB board controlled.","og_url":"https:\/\/autoprintmachine.com\/de\/zweifarb-tampondruckmaschine\/","article_publisher":"https:\/\/www.facebook.com\/autoprinttech\/","article_modified_time":"2026-01-06T08:10:45+00:00","og_image":[{"width":600,"height":600,"url":"https:\/\/autoprintmachine.com\/wp-content\/uploads\/2022\/03\/175-2.jpg","type":"image\/jpeg"}],"twitter_card":"summary_large_image","twitter_misc":{"Est. reading time":"2\u00a0Minuten"},"schema":{"@context":"https:\/\/schema.org","@graph":[{"@type":"WebPage","@id":"https:\/\/autoprintmachine.com\/two-color-pad-printing-machine\/","url":"https:\/\/autoprintmachine.com\/two-color-pad-printing-machine\/","name":"Zweifarbige Tampondruckmaschine mit hoher Qualit\u00e4t und stabiler Leistung.","isPartOf":{"@id":"https:\/\/autoprintmachine.com\/#website"},"primaryImageOfPage":{"@id":"https:\/\/autoprintmachine.com\/two-color-pad-printing-machine\/#primaryimage"},"image":{"@id":"https:\/\/autoprintmachine.com\/two-color-pad-printing-machine\/#primaryimage"},"thumbnailUrl":"https:\/\/autoprintmachine.com\/wp-content\/uploads\/2022\/03\/175-2.jpg","datePublished":"2020-08-11T08:45:51+00:00","dateModified":"2026-01-06T08:10:45+00:00","description":"Die Drucker verf\u00fcgen \u00fcber 2 geschlossene Klischeehalter zur Einstellung verschiedener Winkel, pneumatisch betrieben und PCB-gesteuert.","breadcrumb":{"@id":"https:\/\/autoprintmachine.com\/two-color-pad-printing-machine\/#breadcrumb"},"inLanguage":"de","potentialAction":[{"@type":"ReadAction","target":["https:\/\/autoprintmachine.com\/two-color-pad-printing-machine\/"]}]},{"@type":"ImageObject","inLanguage":"de","@id":"https:\/\/autoprintmachine.com\/two-color-pad-printing-machine\/#primaryimage","url":"https:\/\/autoprintmachine.com\/wp-content\/uploads\/2022\/03\/175-2.jpg","contentUrl":"https:\/\/autoprintmachine.com\/wp-content\/uploads\/2022\/03\/175-2.jpg","width":600,"height":600,"caption":"175 2"},{"@type":"BreadcrumbList","@id":"https:\/\/autoprintmachine.com\/two-color-pad-printing-machine\/#breadcrumb","itemListElement":[{"@type":"ListItem","position":1,"name":"Home","item":"https:\/\/autoprintmachine.com\/"},{"@type":"ListItem","position":2,"name":"Products","item":"https:\/\/autoprintmachine.com\/shop\/"},{"@type":"ListItem","position":3,"name":"Two Color Pad Printing Machine"}]},{"@type":"WebSite","@id":"https:\/\/autoprintmachine.com\/#website","url":"https:\/\/autoprintmachine.com\/","name":"","description":"","publisher":{"@id":"https:\/\/autoprintmachine.com\/#organization"},"potentialAction":[{"@type":"SearchAction","target":{"@type":"EntryPoint","urlTemplate":"https:\/\/autoprintmachine.com\/?s={search_term_string}"},"query-input":{"@type":"PropertyValueSpecification","valueRequired":true,"valueName":"search_term_string"}}],"inLanguage":"de"},{"@type":"Organization","@id":"https:\/\/autoprintmachine.com\/#organization","name":"Dongguan Auto Print Tech Co.","url":"https:\/\/autoprintmachine.com\/","logo":{"@type":"ImageObject","inLanguage":"de","@id":"https:\/\/autoprintmachine.com\/#\/schema\/logo\/image\/","url":"https:\/\/autoprintmachine.com\/wp-content\/uploads\/2023\/06\/screen_printing_logo_new.webp","contentUrl":"https:\/\/autoprintmachine.com\/wp-content\/uploads\/2023\/06\/screen_printing_logo_new.webp","width":890,"height":750,"caption":"Dongguan Auto Print Tech Co., Ltd"},"image":{"@id":"https:\/\/autoprintmachine.com\/#\/schema\/logo\/image\/"},"sameAs":["https:\/\/www.facebook.com\/autoprinttech\/","https:\/\/www.youtube.com\/channel\/UCJtPGiBbQWGE2DZLxySpCtw"]}]}},"_links":{"self":[{"href":"https:\/\/autoprintmachine.com\/de\/wp-json\/wp\/v2\/product\/339","targetHints":{"allow":["GET"]}}],"collection":[{"href":"https:\/\/autoprintmachine.com\/de\/wp-json\/wp\/v2\/product"}],"about":[{"href":"https:\/\/autoprintmachine.com\/de\/wp-json\/wp\/v2\/types\/product"}],"wp:featuredmedia":[{"embeddable":true,"href":"https:\/\/autoprintmachine.com\/de\/wp-json\/wp\/v2\/media\/1368"}],"wp:attachment":[{"href":"https:\/\/autoprintmachine.com\/de\/wp-json\/wp\/v2\/media?parent=339"}],"wp:term":[{"taxonomy":"product_brand","embeddable":true,"href":"https:\/\/autoprintmachine.com\/de\/wp-json\/wp\/v2\/product_brand?post=339"},{"taxonomy":"product_cat","embeddable":true,"href":"https:\/\/autoprintmachine.com\/de\/wp-json\/wp\/v2\/product_cat?post=339"},{"taxonomy":"product_tag","embeddable":true,"href":"https:\/\/autoprintmachine.com\/de\/wp-json\/wp\/v2\/product_tag?post=339"}],"curies":[{"name":"wp","href":"https:\/\/api.w.org\/{rel}","templated":true}]}}