{"id":348,"date":"2020-08-12T03:06:31","date_gmt":"2020-08-12T03:06:31","guid":{"rendered":"https:\/\/onceauto.seowaimao.com\/?post_type=product&#038;p=348"},"modified":"2026-01-06T05:32:17","modified_gmt":"2026-01-06T05:32:17","slug":"unabhangige-tamponhub-funf-farben-tampondruckmaschine","status":"publish","type":"product","link":"https:\/\/autoprintmachine.com\/de\/unabhangige-tamponhub-funf-farben-tampondruckmaschine\/","title":{"rendered":"Unabh\u00e4ngige Tamponhub-F\u00fcnf-Farben-Druckmaschine"},"content":{"rendered":"<p><strong>Einleitung:<\/strong><\/p>\n<p><strong>AP-250-5IP<\/strong> Die f\u00fcnffarbige, unabh\u00e4ngige Tampondruckmaschine ist mit einem servogesteuerten Vorder-\/R\u00fcckseiten- und Teil-Shuttle ausgestattet, um 1-5 Farben zu drucken.<\/p>\n<p>Die unabh\u00e4ngige Tampondruckmaschine verf\u00fcgt \u00fcber ein programmierbares Touchscreen-Bedienfeld, von dem aus alle Funktionen einfach programmiert werden k\u00f6nnen.<\/p>\n<p><strong>Das AP-250-5IP<\/strong> ist mit einem stabilen, geschwei\u00dften Stahlsockel ausgestattet, der eine reibungslose, vibrationsfreie Leistung gew\u00e4hrleistet.<\/p>\n<p><strong>AP-250-5IP<\/strong> Die unabh\u00e4ngige Tampondruckmaschine ist mit f\u00fcnf verstellbaren Klischees und Farbt\u00f6pfen ausgestattet. Die Gr\u00f6\u00dfe der Farbt\u00f6pfe kann 90 mm oder 120 mm betragen, mit f\u00fcnf individuell einstellbaren X\/Y\/R-Klischeehaltern f\u00fcr eine pr\u00e4zise Ausrichtung der Druckvorlagen.<\/p>\n<p><strong>Vorteile:\u00a0<\/strong><\/p>\n<ul>\n<li>PLC und Touchscreen steuern alle Bewegungen<\/li>\n<li>Programmierbare, servomotorisch angetriebene Werkst\u00fccktr\u00e4ger f\u00fcr extreme Genauigkeit<\/li>\n<li>Servomotorgesteuerter Vorw\u00e4rts-\/R\u00fcckw\u00e4rtshub f\u00fcr programmierbaren Arbeitshub<\/li>\n<li>Einstellbarer unabh\u00e4ngiger Druckhub<\/li>\n<li>Automatisches Reinigungsger\u00e4t f\u00fcr Bandpads<\/li>\n<li>Ver\u00e4nderbare Plattengr\u00f6\u00dfe 100x250mm oder 100x300mm<\/li>\n<li>Installierte Schutzvorrichtungen<\/li>\n<\/ul>\n<p><strong>Spezifikationen:<\/strong><\/p>\n<table style=\"height: 567px;\" width=\"696\">\n<tbody>\n<tr>\n<td width=\"69\">Modell<\/td>\n<td width=\"69\">AP-250-5IP<\/td>\n<td width=\"69\">AP-250-6IP<\/td>\n<\/tr>\n<tr>\n<td width=\"69\">Tintensystem<\/td>\n<td width=\"69\">Geschlossener Tintenbecher<\/td>\n<td width=\"69\">Geschlossener Tintenbecher<\/td>\n<\/tr>\n<tr>\n<td width=\"69\">Gr\u00f6\u00dfe der Platte<\/td>\n<td width=\"69\">250x100mm oder 300x100mm<\/td>\n<td width=\"69\">250x100mm oder 300x100mm<\/td>\n<\/tr>\n<tr>\n<td width=\"69\">Gr\u00f6\u00dfe des Tintenbechers<\/td>\n<td width=\"69\">ID90xOD100mm<\/td>\n<td width=\"69\">ID90xOD100mm<\/td>\n<\/tr>\n<tr>\n<td width=\"69\">Druckkapazit\u00e4t<\/td>\n<td width=\"69\">150-200 St\u00fcck<\/td>\n<td width=\"69\">150-200 St\u00fcck<\/td>\n<\/tr>\n<tr>\n<td width=\"69\">Vorder- und R\u00fcckhub<\/td>\n<td width=\"69\">Servo-Antrieb<\/td>\n<td width=\"69\">Servo-Antrieb<\/td>\n<\/tr>\n<tr>\n<td width=\"69\">Teil Shuttle<\/td>\n<td width=\"69\">Servo-Antrieb<\/td>\n<td width=\"69\">Servo-Antrieb<\/td>\n<\/tr>\n<tr>\n<td width=\"69\">Vertikaler Strich des Pads<\/td>\n<td width=\"69\">Unabh\u00e4ngiger Luftzylinder<\/td>\n<td width=\"69\">Unabh\u00e4ngiger Luftzylinder<\/td>\n<\/tr>\n<tr>\n<td width=\"69\">Luftbedarf<\/td>\n<td width=\"69\">5-6 bar<\/td>\n<td width=\"69\">5-6 bar<\/td>\n<\/tr>\n<tr>\n<td width=\"69\">Kontrollsystem<\/td>\n<td width=\"69\">PLC &amp; Touchscreen<\/td>\n<td width=\"69\">PLC &amp; Touchscreen<\/td>\n<\/tr>\n<tr>\n<td width=\"69\">Spannung<\/td>\n<td width=\"69\">110V\/220V\/230V 50\/60Hz<\/td>\n<td width=\"69\">110V\/220V\/230V 50\/60Hz<\/td>\n<\/tr>\n<tr>\n<td width=\"69\">Abmessungen<\/td>\n<td width=\"69\">1050x1200x1750mm<\/td>\n<td width=\"69\">\u00a01050x1200x1750mm<\/td>\n<\/tr>\n<\/tbody>\n<\/table>","protected":false},"excerpt":{"rendered":"<p>AP-250-5IP ist eine F\u00fcnffarben-Tampondruckmaschine mit unabh\u00e4ngigem Tamponhub; jeder Tampondruckhub ist f\u00fcr unterschiedliche Druckanforderungen einstellbar. Der Part Shuttle wird von einem programmierbaren Servomotor angetrieben, um einen pr\u00e4zisen Druck und eine genaue Farbregistrierung zu gew\u00e4hrleisten. Alle Funktionen lassen sich einfach \u00fcber den Touchscreen steuern. Das Bandreinigungssystem reduziert die Arbeitsbelastung des Bedieners und gew\u00e4hrleistet eine hohe Druckqualit\u00e4t. Die Maschine kann von einer 4-Farben- bis zu einer 6-Farben-Maschine konfiguriert werden.<\/p>","protected":false},"featured_media":1364,"template":"","meta":[],"product_brand":[],"product_cat":[23],"product_tag":[],"class_list":{"0":"post-348","1":"product","2":"type-product","3":"status-publish","4":"has-post-thumbnail","6":"product_cat-pad-printing-machine","8":"first","9":"instock","10":"shipping-taxable","11":"product-type-simple"},"yoast_head":"<!-- This site is optimized with the Yoast SEO plugin v27.4 - https:\/\/yoast.com\/product\/yoast-seo-wordpress\/ -->\n<title>5 Color Pad Printer with Independent Pad Stroke and Servo Shuttle<\/title>\n<meta name=\"description\" content=\"The 5 color pad printing machine features with independent pad stroke, servo shuttle work table for accurate printing.\" \/>\n<meta name=\"robots\" content=\"index, follow, max-snippet:-1, max-image-preview:large, max-video-preview:-1\" \/>\n<link rel=\"canonical\" href=\"https:\/\/autoprintmachine.com\/de\/unabhangige-tamponhub-funf-farben-tampondruckmaschine\/\" \/>\n<meta property=\"og:locale\" content=\"de_DE\" \/>\n<meta property=\"og:type\" content=\"article\" \/>\n<meta property=\"og:title\" content=\"5 Color Pad Printer with Independent Pad Stroke and Servo Shuttle\" \/>\n<meta property=\"og:description\" content=\"The 5 color pad printing machine features with independent pad stroke, servo shuttle work table for accurate printing.\" \/>\n<meta property=\"og:url\" content=\"https:\/\/autoprintmachine.com\/de\/unabhangige-tamponhub-funf-farben-tampondruckmaschine\/\" \/>\n<meta property=\"article:publisher\" content=\"https:\/\/www.facebook.com\/autoprinttech\/\" \/>\n<meta property=\"article:modified_time\" content=\"2026-01-06T05:32:17+00:00\" \/>\n<meta property=\"og:image\" content=\"https:\/\/autoprintmachine.com\/wp-content\/uploads\/2022\/03\/250-5.jpg\" \/>\n\t<meta property=\"og:image:width\" content=\"600\" \/>\n\t<meta property=\"og:image:height\" content=\"600\" \/>\n\t<meta property=\"og:image:type\" content=\"image\/jpeg\" \/>\n<meta name=\"twitter:card\" content=\"summary_large_image\" \/>\n<meta name=\"twitter:label1\" content=\"Est. reading time\" \/>\n\t<meta name=\"twitter:data1\" content=\"2\u00a0Minuten\" \/>\n<script type=\"application\/ld+json\" class=\"yoast-schema-graph\">{\"@context\":\"https:\\\/\\\/schema.org\",\"@graph\":[{\"@type\":\"WebPage\",\"@id\":\"https:\\\/\\\/autoprintmachine.com\\\/independent-pad-stroke-five-color-pad-printing-machine\\\/\",\"url\":\"https:\\\/\\\/autoprintmachine.com\\\/independent-pad-stroke-five-color-pad-printing-machine\\\/\",\"name\":\"5 Color Pad Printer with Independent Pad Stroke and Servo Shuttle\",\"isPartOf\":{\"@id\":\"https:\\\/\\\/autoprintmachine.com\\\/#website\"},\"primaryImageOfPage\":{\"@id\":\"https:\\\/\\\/autoprintmachine.com\\\/independent-pad-stroke-five-color-pad-printing-machine\\\/#primaryimage\"},\"image\":{\"@id\":\"https:\\\/\\\/autoprintmachine.com\\\/independent-pad-stroke-five-color-pad-printing-machine\\\/#primaryimage\"},\"thumbnailUrl\":\"https:\\\/\\\/autoprintmachine.com\\\/wp-content\\\/uploads\\\/2022\\\/03\\\/250-5.jpg\",\"datePublished\":\"2020-08-12T03:06:31+00:00\",\"dateModified\":\"2026-01-06T05:32:17+00:00\",\"description\":\"The 5 color pad printing machine features with independent pad stroke, servo shuttle work table for accurate printing.\",\"breadcrumb\":{\"@id\":\"https:\\\/\\\/autoprintmachine.com\\\/independent-pad-stroke-five-color-pad-printing-machine\\\/#breadcrumb\"},\"inLanguage\":\"de\",\"potentialAction\":[{\"@type\":\"ReadAction\",\"target\":[\"https:\\\/\\\/autoprintmachine.com\\\/independent-pad-stroke-five-color-pad-printing-machine\\\/\"]}]},{\"@type\":\"ImageObject\",\"inLanguage\":\"de\",\"@id\":\"https:\\\/\\\/autoprintmachine.com\\\/independent-pad-stroke-five-color-pad-printing-machine\\\/#primaryimage\",\"url\":\"https:\\\/\\\/autoprintmachine.com\\\/wp-content\\\/uploads\\\/2022\\\/03\\\/250-5.jpg\",\"contentUrl\":\"https:\\\/\\\/autoprintmachine.com\\\/wp-content\\\/uploads\\\/2022\\\/03\\\/250-5.jpg\",\"width\":600,\"height\":600,\"caption\":\"250 5\"},{\"@type\":\"BreadcrumbList\",\"@id\":\"https:\\\/\\\/autoprintmachine.com\\\/independent-pad-stroke-five-color-pad-printing-machine\\\/#breadcrumb\",\"itemListElement\":[{\"@type\":\"ListItem\",\"position\":1,\"name\":\"Home\",\"item\":\"https:\\\/\\\/autoprintmachine.com\\\/\"},{\"@type\":\"ListItem\",\"position\":2,\"name\":\"Products\",\"item\":\"https:\\\/\\\/autoprintmachine.com\\\/shop\\\/\"},{\"@type\":\"ListItem\",\"position\":3,\"name\":\"Independent Pad Stroke Five Color Printing Machine\"}]},{\"@type\":\"WebSite\",\"@id\":\"https:\\\/\\\/autoprintmachine.com\\\/#website\",\"url\":\"https:\\\/\\\/autoprintmachine.com\\\/\",\"name\":\"\",\"description\":\"\",\"publisher\":{\"@id\":\"https:\\\/\\\/autoprintmachine.com\\\/#organization\"},\"potentialAction\":[{\"@type\":\"SearchAction\",\"target\":{\"@type\":\"EntryPoint\",\"urlTemplate\":\"https:\\\/\\\/autoprintmachine.com\\\/?s={search_term_string}\"},\"query-input\":{\"@type\":\"PropertyValueSpecification\",\"valueRequired\":true,\"valueName\":\"search_term_string\"}}],\"inLanguage\":\"de\"},{\"@type\":\"Organization\",\"@id\":\"https:\\\/\\\/autoprintmachine.com\\\/#organization\",\"name\":\"Dongguan Auto Print Tech Co., Ltd\",\"url\":\"https:\\\/\\\/autoprintmachine.com\\\/\",\"logo\":{\"@type\":\"ImageObject\",\"inLanguage\":\"de\",\"@id\":\"https:\\\/\\\/autoprintmachine.com\\\/#\\\/schema\\\/logo\\\/image\\\/\",\"url\":\"https:\\\/\\\/autoprintmachine.com\\\/wp-content\\\/uploads\\\/2023\\\/06\\\/screen_printing_logo_new.webp\",\"contentUrl\":\"https:\\\/\\\/autoprintmachine.com\\\/wp-content\\\/uploads\\\/2023\\\/06\\\/screen_printing_logo_new.webp\",\"width\":890,\"height\":750,\"caption\":\"Dongguan Auto Print Tech Co., Ltd\"},\"image\":{\"@id\":\"https:\\\/\\\/autoprintmachine.com\\\/#\\\/schema\\\/logo\\\/image\\\/\"},\"sameAs\":[\"https:\\\/\\\/www.facebook.com\\\/autoprinttech\\\/\",\"https:\\\/\\\/www.youtube.com\\\/channel\\\/UCJtPGiBbQWGE2DZLxySpCtw\"]}]}<\/script>\n<!-- \/ Yoast SEO plugin. -->","yoast_head_json":{"title":"5-Farben-Tampondrucker mit unabh\u00e4ngigem Tamponhub und Servo-Shuttle","description":"Die 5-Farben-Tampondruckmaschine verf\u00fcgt \u00fcber einen unabh\u00e4ngigen Tamponhub und einen Servo-Shuttle-Arbeitstisch f\u00fcr pr\u00e4zisen Druck.","robots":{"index":"index","follow":"follow","max-snippet":"max-snippet:-1","max-image-preview":"max-image-preview:large","max-video-preview":"max-video-preview:-1"},"canonical":"https:\/\/autoprintmachine.com\/de\/unabhangige-tamponhub-funf-farben-tampondruckmaschine\/","og_locale":"de_DE","og_type":"article","og_title":"5 Color Pad Printer with Independent Pad Stroke and Servo Shuttle","og_description":"The 5 color pad printing machine features with independent pad stroke, servo shuttle work table for accurate printing.","og_url":"https:\/\/autoprintmachine.com\/de\/unabhangige-tamponhub-funf-farben-tampondruckmaschine\/","article_publisher":"https:\/\/www.facebook.com\/autoprinttech\/","article_modified_time":"2026-01-06T05:32:17+00:00","og_image":[{"width":600,"height":600,"url":"https:\/\/autoprintmachine.com\/wp-content\/uploads\/2022\/03\/250-5.jpg","type":"image\/jpeg"}],"twitter_card":"summary_large_image","twitter_misc":{"Est. reading time":"2\u00a0Minuten"},"schema":{"@context":"https:\/\/schema.org","@graph":[{"@type":"WebPage","@id":"https:\/\/autoprintmachine.com\/independent-pad-stroke-five-color-pad-printing-machine\/","url":"https:\/\/autoprintmachine.com\/independent-pad-stroke-five-color-pad-printing-machine\/","name":"5-Farben-Tampondrucker mit unabh\u00e4ngigem Tamponhub und Servo-Shuttle","isPartOf":{"@id":"https:\/\/autoprintmachine.com\/#website"},"primaryImageOfPage":{"@id":"https:\/\/autoprintmachine.com\/independent-pad-stroke-five-color-pad-printing-machine\/#primaryimage"},"image":{"@id":"https:\/\/autoprintmachine.com\/independent-pad-stroke-five-color-pad-printing-machine\/#primaryimage"},"thumbnailUrl":"https:\/\/autoprintmachine.com\/wp-content\/uploads\/2022\/03\/250-5.jpg","datePublished":"2020-08-12T03:06:31+00:00","dateModified":"2026-01-06T05:32:17+00:00","description":"Die 5-Farben-Tampondruckmaschine verf\u00fcgt \u00fcber einen unabh\u00e4ngigen Tamponhub und einen Servo-Shuttle-Arbeitstisch f\u00fcr pr\u00e4zisen Druck.","breadcrumb":{"@id":"https:\/\/autoprintmachine.com\/independent-pad-stroke-five-color-pad-printing-machine\/#breadcrumb"},"inLanguage":"de","potentialAction":[{"@type":"ReadAction","target":["https:\/\/autoprintmachine.com\/independent-pad-stroke-five-color-pad-printing-machine\/"]}]},{"@type":"ImageObject","inLanguage":"de","@id":"https:\/\/autoprintmachine.com\/independent-pad-stroke-five-color-pad-printing-machine\/#primaryimage","url":"https:\/\/autoprintmachine.com\/wp-content\/uploads\/2022\/03\/250-5.jpg","contentUrl":"https:\/\/autoprintmachine.com\/wp-content\/uploads\/2022\/03\/250-5.jpg","width":600,"height":600,"caption":"250 5"},{"@type":"BreadcrumbList","@id":"https:\/\/autoprintmachine.com\/independent-pad-stroke-five-color-pad-printing-machine\/#breadcrumb","itemListElement":[{"@type":"ListItem","position":1,"name":"Home","item":"https:\/\/autoprintmachine.com\/"},{"@type":"ListItem","position":2,"name":"Products","item":"https:\/\/autoprintmachine.com\/shop\/"},{"@type":"ListItem","position":3,"name":"Independent Pad Stroke Five Color Printing Machine"}]},{"@type":"WebSite","@id":"https:\/\/autoprintmachine.com\/#website","url":"https:\/\/autoprintmachine.com\/","name":"","description":"","publisher":{"@id":"https:\/\/autoprintmachine.com\/#organization"},"potentialAction":[{"@type":"SearchAction","target":{"@type":"EntryPoint","urlTemplate":"https:\/\/autoprintmachine.com\/?s={search_term_string}"},"query-input":{"@type":"PropertyValueSpecification","valueRequired":true,"valueName":"search_term_string"}}],"inLanguage":"de"},{"@type":"Organization","@id":"https:\/\/autoprintmachine.com\/#organization","name":"Dongguan Auto Print Tech Co.","url":"https:\/\/autoprintmachine.com\/","logo":{"@type":"ImageObject","inLanguage":"de","@id":"https:\/\/autoprintmachine.com\/#\/schema\/logo\/image\/","url":"https:\/\/autoprintmachine.com\/wp-content\/uploads\/2023\/06\/screen_printing_logo_new.webp","contentUrl":"https:\/\/autoprintmachine.com\/wp-content\/uploads\/2023\/06\/screen_printing_logo_new.webp","width":890,"height":750,"caption":"Dongguan Auto Print Tech Co., Ltd"},"image":{"@id":"https:\/\/autoprintmachine.com\/#\/schema\/logo\/image\/"},"sameAs":["https:\/\/www.facebook.com\/autoprinttech\/","https:\/\/www.youtube.com\/channel\/UCJtPGiBbQWGE2DZLxySpCtw"]}]}},"_links":{"self":[{"href":"https:\/\/autoprintmachine.com\/de\/wp-json\/wp\/v2\/product\/348","targetHints":{"allow":["GET"]}}],"collection":[{"href":"https:\/\/autoprintmachine.com\/de\/wp-json\/wp\/v2\/product"}],"about":[{"href":"https:\/\/autoprintmachine.com\/de\/wp-json\/wp\/v2\/types\/product"}],"wp:featuredmedia":[{"embeddable":true,"href":"https:\/\/autoprintmachine.com\/de\/wp-json\/wp\/v2\/media\/1364"}],"wp:attachment":[{"href":"https:\/\/autoprintmachine.com\/de\/wp-json\/wp\/v2\/media?parent=348"}],"wp:term":[{"taxonomy":"product_brand","embeddable":true,"href":"https:\/\/autoprintmachine.com\/de\/wp-json\/wp\/v2\/product_brand?post=348"},{"taxonomy":"product_cat","embeddable":true,"href":"https:\/\/autoprintmachine.com\/de\/wp-json\/wp\/v2\/product_cat?post=348"},{"taxonomy":"product_tag","embeddable":true,"href":"https:\/\/autoprintmachine.com\/de\/wp-json\/wp\/v2\/product_tag?post=348"}],"curies":[{"name":"wp","href":"https:\/\/api.w.org\/{rel}","templated":true}]}}