{"id":355,"date":"2020-08-12T07:28:45","date_gmt":"2020-08-12T07:28:45","guid":{"rendered":"https:\/\/onceauto.seowaimao.com\/?post_type=product&#038;p=355"},"modified":"2025-12-30T01:37:20","modified_gmt":"2025-12-30T01:37:20","slug":"1-to-6-color-automatic-uv-bottle-screen-printing-machine","status":"publish","type":"product","link":"https:\/\/autoprintmachine.com\/de\/1-bis-6-farbige-automatische-uv-flaschen-siebdruckmaschine\/","title":{"rendered":"1 bis 6 farbige automatische UV-Flaschensiebdruckmaschine"},"content":{"rendered":"<section class=\"section\" id=\"section_151659992\">\n\t\t<div class=\"section-bg fill\" >\n\t\t\t\t\t\t\t\t\t\n\t\t\t\n\n\t\t<\/div>\n\n\t\t\n\n\t\t<div class=\"section-content relative\">\n\t\t\t\n<div class=\"row\"  id=\"row-1826594503\">\n\n\t<div id=\"col-214991865\" class=\"col small-12 large-12\"  >\n\t\t\t\t<div class=\"col-inner\"  >\n\t\t\t\n\t\t\t\n<h2>Sehen Sie sich unsere 1 bis 6 farbige automatische UV-Flaschendruckmaschine an<\/h2>\n<hr \/>\n<h2><\/h2>\n<div class=\"row\"  id=\"row-1282270292\">\n\n\t<div id=\"col-1364213043\" class=\"col medium-10 small-12 large-10\"  >\n\t\t\t\t<div class=\"col-inner\"  >\n\t\t\t\n\t\t\t\n<div class=\"video video-fit mb\" style=\"padding-top:56.25%;\"><p><iframe loading=\"lazy\" title=\"Runde Siebdruckmaschine: AP-100 mit LED-UV-System\" width=\"1020\" height=\"574\" src=\"https:\/\/www.youtube.com\/embed\/b0R1PvPROp0?feature=oembed\" frameborder=\"0\" allow=\"accelerometer; autoplay; clipboard-write; encrypted-media; gyroscope; picture-in-picture; web-share\" referrerpolicy=\"strict-origin-when-cross-origin\" allowfullscreen><\/iframe><\/p>\n<\/div>\n\t\t<\/div>\n\t\t\t\t\t<\/div>\n\n\t\n<\/div>\n\t\t<\/div>\n\t\t\t\t\t<\/div>\n\n\t\n\n\t<div id=\"col-1401716602\" class=\"col small-12 large-12\"  >\n\t\t\t\t<div class=\"col-inner\"  >\n\t\t\t\n\t\t\t\n<h2>UV-Siebdruckmaschine Einf\u00fchrung:<\/h2>\n<p>Die automatische UV-Flaschensiebdruckmaschine der Serie AP-100 ist ein mechanisch angetriebener Typ. Sie verwendet die AC-Motorsteuerung und das lineare Hubbalkensystem. Und dieser UV-Tumbler-Drucker kann Flaschen mit hochpr\u00e4ziser Farbe-zu-Farbe-Registrierung transportieren. Wenn die Flasche in die Maschine eingelegt wird, kann sie automatisch beflammt, bedruckt und UV-geh\u00e4rtet werden. Die maximale Druckgeschwindigkeit dieser automatischen Siebdrucklinie kann 70 St\u00fcck pro Minute erreichen.<\/p>\n<p>Der automatische Siebdrucker der Serie AP-100 eignet sich gut f\u00fcr verschiedene Formen. Dazu geh\u00f6ren runde, ovale und quadratische Formen. Die Beh\u00e4ltermaterialien k\u00f6nnen Kunststoff, Glas, Metall usw. sein.<\/p>\n<h2>UV-Druckmaschine Merkmale:<\/h2>\n<ol>\n<li>Automatische UV-Siebdruckmaschine mit 1 bis 6 Farben<\/li>\n<li>Druckgeschwindigkeiten von bis zu 70 Flaschen pro Minute<\/li>\n<li>Drucke auf runde und ovale Beh\u00e4lter<\/li>\n<li>Mechanischer Hubbalken mit Indexierung<\/li>\n<li>Italien Hauptmotor<\/li>\n<li>Elektronisches UV-System<\/li>\n<li>Omron PLC mit Touchscreen gesteuert<\/li>\n<li>Integriertes antistatisches Ausblasen und Flammenbehandlung<\/li>\n<\/ol>\n<h2>UV-Flaschendrucker Spezifikationen:<\/h2>\n<table width=\"560\">\n<tbody>\n<tr>\n<td colspan=\"2\" width=\"275\">MASCHINENSPEZIFIKEN<\/td>\n<td width=\"285\">Baureihe AP-100<\/td>\n<\/tr>\n<tr>\n<td colspan=\"2\" width=\"275\">Runde Beh\u00e4ltergr\u00f6\u00dfe:<\/td>\n<td width=\"285\">Durchmesser: \u00d810-100mm, H\u00f6he: 30-260mm<\/td>\n<\/tr>\n<tr>\n<td colspan=\"2\" width=\"275\">Runder Beh\u00e4lter, maximale Druckfl\u00e4che:<\/td>\n<td width=\"285\">L 260 x B220mm<\/td>\n<\/tr>\n<tr>\n<td colspan=\"2\" width=\"275\">Ovale Beh\u00e4ltergr\u00f6\u00dfe:<\/td>\n<td width=\"285\">R: 10-250mm, H\u00f6he: 30-260mm<\/td>\n<\/tr>\n<tr>\n<td colspan=\"2\" width=\"275\">Ovaler Beh\u00e4lter maximale Druckfl\u00e4che:<\/td>\n<td width=\"285\">L 120 x B220mm<\/td>\n<\/tr>\n<tr>\n<td colspan=\"2\" width=\"275\">Druckkapazit\u00e4t:<\/td>\n<td width=\"285\">Bis zu 70 St\u00fcck\/min<\/td>\n<\/tr>\n<tr>\n<td colspan=\"2\" width=\"275\">Leistung der UV-Lampe:<\/td>\n<td width=\"285\">5 KW<\/td>\n<\/tr>\n<tr>\n<td colspan=\"2\" width=\"275\">Antrieb:<\/td>\n<td width=\"285\">Mechanisch angetrieben<\/td>\n<\/tr>\n<tr>\n<td colspan=\"2\" width=\"275\">Elektrisch:<\/td>\n<td width=\"285\">380V\/480V 3 Phasen 50\/60Hz<\/td>\n<\/tr>\n<tr>\n<td colspan=\"2\" width=\"275\">Luftbedarf:<\/td>\n<td width=\"285\">5-7 bar<\/td>\n<\/tr>\n<tr>\n<td colspan=\"2\" width=\"275\">Stromverbrauch:<\/td>\n<td width=\"285\">5,4 KW\/EINHEIT<\/td>\n<\/tr>\n<tr>\n<td colspan=\"2\" width=\"275\">Gewicht:<\/td>\n<td width=\"285\">1600 KG<\/td>\n<\/tr>\n<\/tbody>\n<\/table>\n\t\t<\/div>\n\t\t\t\t\t<\/div>\n\n\t\n<\/div>\n\t\t<\/div>\n\n\t\t\n<style>\n#section_151659992 {\n  padding-top: 30px;\n  padding-bottom: 30px;\n}\n<\/style>\n\t<\/section>","protected":false},"excerpt":{"rendered":"<p>Die automatische UV-Siebdruckmaschine der Serie AP-100 ist eine vollautomatische Siebdrucklinie f\u00fcr 1 bis 6 Farben, die Flammenbehandlung, Siebdruck und UV-H\u00e4rtung umfasst. Diese Siebdrucklinie ist mit einem italienischen Marken-Hauptmotor ausgestattet, der den solide gebauten linearen Hubbalken zum Transport der Flaschen antreibt. Dank der hohen Geschwindigkeit und der pr\u00e4zisen Farbregistrierung wird diese Maschinenserie h\u00e4ufig zum Bedrucken verschiedener Arten von Flaschen verwendet, einschlie\u00dflich Kunststoff, Glas, Metall usw. Die Flaschenformen k\u00f6nnen rund, oval und quadratisch sein.<\/p>","protected":false},"featured_media":1636,"template":"","meta":[],"product_cat":[18],"class_list":{"0":"post-355","1":"product","2":"type-product","3":"status-publish","4":"has-post-thumbnail","6":"product_cat-automatic-uv-screen-printing-equipment","8":"first","9":"instock","10":"shipping-taxable","11":"product-type-simple"},"acf":[],"yoast_head":"<!-- This site is optimized with the Yoast SEO plugin v23.9 - https:\/\/yoast.com\/wordpress\/plugins\/seo\/ -->\n<title>6 Color Automatic UV Bottle Screen Printing Machine<\/title>\n<meta name=\"description\" content=\"The automatic UV tumbler printer is suitable for different shapes bottles can be round, oval, and square shapes. plastic, glass, and metal are OK.\" \/>\n<meta name=\"robots\" content=\"index, follow, max-snippet:-1, max-image-preview:large, max-video-preview:-1\" \/>\n<link rel=\"canonical\" href=\"https:\/\/autoprintmachine.com\/de\/1-bis-6-farbige-automatische-uv-flaschen-siebdruckmaschine\/\" \/>\n<meta property=\"og:locale\" content=\"de_DE\" \/>\n<meta property=\"og:type\" content=\"article\" \/>\n<meta property=\"og:title\" content=\"6 Color Automatic UV Bottle Screen Printing Machine\" \/>\n<meta property=\"og:description\" content=\"The automatic UV tumbler printer is suitable for different shapes bottles can be round, oval, and square shapes. plastic, glass, and metal are OK.\" \/>\n<meta property=\"og:url\" content=\"https:\/\/autoprintmachine.com\/de\/1-bis-6-farbige-automatische-uv-flaschen-siebdruckmaschine\/\" \/>\n<meta property=\"article:modified_time\" content=\"2025-12-30T01:37:20+00:00\" \/>\n<meta property=\"og:image\" content=\"https:\/\/autoprintmachine.com\/wp-content\/uploads\/2023\/08\/five_color_bottle_screen_printing_machine.webp\" \/>\n\t<meta property=\"og:image:width\" content=\"600\" \/>\n\t<meta property=\"og:image:height\" content=\"600\" \/>\n\t<meta property=\"og:image:type\" content=\"image\/webp\" \/>\n<meta name=\"twitter:card\" content=\"summary_large_image\" \/>\n<meta name=\"twitter:label1\" content=\"Gesch\u00e4tzte Lesezeit\" \/>\n\t<meta name=\"twitter:data1\" content=\"2\u00a0Minuten\" \/>\n<script type=\"application\/ld+json\" class=\"yoast-schema-graph\">{\"@context\":\"https:\/\/schema.org\",\"@graph\":[{\"@type\":\"WebPage\",\"@id\":\"https:\/\/autoprintmachine.com\/1-to-6-color-automatic-uv-bottle-screen-printing-machine\/\",\"url\":\"https:\/\/autoprintmachine.com\/1-to-6-color-automatic-uv-bottle-screen-printing-machine\/\",\"name\":\"6 Color Automatic UV Bottle Screen Printing Machine\",\"isPartOf\":{\"@id\":\"https:\/\/autoprintmachine.com\/#website\"},\"primaryImageOfPage\":{\"@id\":\"https:\/\/autoprintmachine.com\/1-to-6-color-automatic-uv-bottle-screen-printing-machine\/#primaryimage\"},\"image\":{\"@id\":\"https:\/\/autoprintmachine.com\/1-to-6-color-automatic-uv-bottle-screen-printing-machine\/#primaryimage\"},\"thumbnailUrl\":\"https:\/\/autoprintmachine.com\/wp-content\/uploads\/2023\/08\/five_color_bottle_screen_printing_machine.webp\",\"datePublished\":\"2020-08-12T07:28:45+00:00\",\"dateModified\":\"2025-12-30T01:37:20+00:00\",\"description\":\"The automatic UV tumbler printer is suitable for different shapes bottles can be round, oval, and square shapes. plastic, glass, and metal are OK.\",\"breadcrumb\":{\"@id\":\"https:\/\/autoprintmachine.com\/1-to-6-color-automatic-uv-bottle-screen-printing-machine\/#breadcrumb\"},\"inLanguage\":\"de\",\"potentialAction\":[{\"@type\":\"ReadAction\",\"target\":[\"https:\/\/autoprintmachine.com\/1-to-6-color-automatic-uv-bottle-screen-printing-machine\/\"]}]},{\"@type\":\"ImageObject\",\"inLanguage\":\"de\",\"@id\":\"https:\/\/autoprintmachine.com\/1-to-6-color-automatic-uv-bottle-screen-printing-machine\/#primaryimage\",\"url\":\"https:\/\/autoprintmachine.com\/wp-content\/uploads\/2023\/08\/five_color_bottle_screen_printing_machine.webp\",\"contentUrl\":\"https:\/\/autoprintmachine.com\/wp-content\/uploads\/2023\/08\/five_color_bottle_screen_printing_machine.webp\",\"width\":600,\"height\":600,\"caption\":\"five_color_bottle_screen_printing_machine\"},{\"@type\":\"BreadcrumbList\",\"@id\":\"https:\/\/autoprintmachine.com\/1-to-6-color-automatic-uv-bottle-screen-printing-machine\/#breadcrumb\",\"itemListElement\":[{\"@type\":\"ListItem\",\"position\":1,\"name\":\"Home\",\"item\":\"https:\/\/autoprintmachine.com\/\"},{\"@type\":\"ListItem\",\"position\":2,\"name\":\"Products\",\"item\":\"https:\/\/autoprintmachine.com\/shop\/\"},{\"@type\":\"ListItem\",\"position\":3,\"name\":\"1 to 6 Color Automatic UV Bottle Screen Printing Machine\"}]},{\"@type\":\"WebSite\",\"@id\":\"https:\/\/autoprintmachine.com\/#website\",\"url\":\"https:\/\/autoprintmachine.com\/\",\"name\":\"\",\"description\":\"\",\"potentialAction\":[{\"@type\":\"SearchAction\",\"target\":{\"@type\":\"EntryPoint\",\"urlTemplate\":\"https:\/\/autoprintmachine.com\/?s={search_term_string}\"},\"query-input\":{\"@type\":\"PropertyValueSpecification\",\"valueRequired\":true,\"valueName\":\"search_term_string\"}}],\"inLanguage\":\"de\"}]}<\/script>\n<!-- \/ Yoast SEO plugin. -->","yoast_head_json":{"title":"6 Color Automatic UV Bottle Screen Printing Machine","description":"The automatic UV tumbler printer is suitable for different shapes bottles can be round, oval, and square shapes. plastic, glass, and metal are OK.","robots":{"index":"index","follow":"follow","max-snippet":"max-snippet:-1","max-image-preview":"max-image-preview:large","max-video-preview":"max-video-preview:-1"},"canonical":"https:\/\/autoprintmachine.com\/de\/1-bis-6-farbige-automatische-uv-flaschen-siebdruckmaschine\/","og_locale":"de_DE","og_type":"article","og_title":"6 Color Automatic UV Bottle Screen Printing Machine","og_description":"The automatic UV tumbler printer is suitable for different shapes bottles can be round, oval, and square shapes. plastic, glass, and metal are OK.","og_url":"https:\/\/autoprintmachine.com\/de\/1-bis-6-farbige-automatische-uv-flaschen-siebdruckmaschine\/","article_modified_time":"2025-12-30T01:37:20+00:00","og_image":[{"width":600,"height":600,"url":"https:\/\/autoprintmachine.com\/wp-content\/uploads\/2023\/08\/five_color_bottle_screen_printing_machine.webp","type":"image\/webp"}],"twitter_card":"summary_large_image","twitter_misc":{"Gesch\u00e4tzte Lesezeit":"2\u00a0Minuten"},"schema":{"@context":"https:\/\/schema.org","@graph":[{"@type":"WebPage","@id":"https:\/\/autoprintmachine.com\/1-to-6-color-automatic-uv-bottle-screen-printing-machine\/","url":"https:\/\/autoprintmachine.com\/1-to-6-color-automatic-uv-bottle-screen-printing-machine\/","name":"6 Color Automatic UV Bottle Screen Printing Machine","isPartOf":{"@id":"https:\/\/autoprintmachine.com\/#website"},"primaryImageOfPage":{"@id":"https:\/\/autoprintmachine.com\/1-to-6-color-automatic-uv-bottle-screen-printing-machine\/#primaryimage"},"image":{"@id":"https:\/\/autoprintmachine.com\/1-to-6-color-automatic-uv-bottle-screen-printing-machine\/#primaryimage"},"thumbnailUrl":"https:\/\/autoprintmachine.com\/wp-content\/uploads\/2023\/08\/five_color_bottle_screen_printing_machine.webp","datePublished":"2020-08-12T07:28:45+00:00","dateModified":"2025-12-30T01:37:20+00:00","description":"The automatic UV tumbler printer is suitable for different shapes bottles can be round, oval, and square shapes. plastic, glass, and metal are OK.","breadcrumb":{"@id":"https:\/\/autoprintmachine.com\/1-to-6-color-automatic-uv-bottle-screen-printing-machine\/#breadcrumb"},"inLanguage":"de","potentialAction":[{"@type":"ReadAction","target":["https:\/\/autoprintmachine.com\/1-to-6-color-automatic-uv-bottle-screen-printing-machine\/"]}]},{"@type":"ImageObject","inLanguage":"de","@id":"https:\/\/autoprintmachine.com\/1-to-6-color-automatic-uv-bottle-screen-printing-machine\/#primaryimage","url":"https:\/\/autoprintmachine.com\/wp-content\/uploads\/2023\/08\/five_color_bottle_screen_printing_machine.webp","contentUrl":"https:\/\/autoprintmachine.com\/wp-content\/uploads\/2023\/08\/five_color_bottle_screen_printing_machine.webp","width":600,"height":600,"caption":"five_color_bottle_screen_printing_machine"},{"@type":"BreadcrumbList","@id":"https:\/\/autoprintmachine.com\/1-to-6-color-automatic-uv-bottle-screen-printing-machine\/#breadcrumb","itemListElement":[{"@type":"ListItem","position":1,"name":"Home","item":"https:\/\/autoprintmachine.com\/"},{"@type":"ListItem","position":2,"name":"Products","item":"https:\/\/autoprintmachine.com\/shop\/"},{"@type":"ListItem","position":3,"name":"1 to 6 Color Automatic UV Bottle Screen Printing Machine"}]},{"@type":"WebSite","@id":"https:\/\/autoprintmachine.com\/#website","url":"https:\/\/autoprintmachine.com\/","name":"","description":"","potentialAction":[{"@type":"SearchAction","target":{"@type":"EntryPoint","urlTemplate":"https:\/\/autoprintmachine.com\/?s={search_term_string}"},"query-input":{"@type":"PropertyValueSpecification","valueRequired":true,"valueName":"search_term_string"}}],"inLanguage":"de"}]}},"_links":{"self":[{"href":"https:\/\/autoprintmachine.com\/de\/wp-json\/wp\/v2\/product\/355","targetHints":{"allow":["GET"]}}],"collection":[{"href":"https:\/\/autoprintmachine.com\/de\/wp-json\/wp\/v2\/product"}],"about":[{"href":"https:\/\/autoprintmachine.com\/de\/wp-json\/wp\/v2\/types\/product"}],"wp:featuredmedia":[{"embeddable":true,"href":"https:\/\/autoprintmachine.com\/de\/wp-json\/wp\/v2\/media\/1636"}],"wp:attachment":[{"href":"https:\/\/autoprintmachine.com\/de\/wp-json\/wp\/v2\/media?parent=355"}],"wp:term":[{"taxonomy":"product_cat","embeddable":true,"href":"https:\/\/autoprintmachine.com\/de\/wp-json\/wp\/v2\/product_cat?post=355"}],"curies":[{"name":"wp","href":"https:\/\/api.w.org\/{rel}","templated":true}]}}