{"id":369,"date":"2020-08-14T02:29:55","date_gmt":"2020-08-14T02:29:55","guid":{"rendered":"https:\/\/onceauto.seowaimao.com\/?post_type=product&#038;p=369"},"modified":"2025-12-30T05:30:10","modified_gmt":"2025-12-30T05:30:10","slug":"automatische-uv-siebdruckmaschine-fur-tuben-und-tiegel","status":"publish","type":"product","link":"https:\/\/autoprintmachine.com\/de\/automatische-uv-siebdruckmaschine-fur-tuben-und-tiegel\/","title":{"rendered":"Automatische UV-Siebdruckmaschine f\u00fcr Tuben und Gl\u00e4ser"},"content":{"rendered":"<h2>UV-Flaschendrucker Einf\u00fchrung:<\/h2>\n<p>Die automatische UV-Siebdruckmaschine AP-112 ist mit einem Einlaufband f\u00fcr die automatische Zuf\u00fchrung des Teils auf den Dorn mit einem mechanischen Schubarm ausgestattet, der von einem vertikal montierten 12-Stationen-Rundschalttisch mit einem italienischen Hauptantriebsmotor angetrieben wird. Dieses Siebdrucksystem umfasst au\u00dferdem: 1) Flammenvorbehandlungsstation, 2) Entionisierungsstation, 3) mechanische indexierte Siebdruckstation, 4) ALPHA-CURE UV-H\u00e4rtungsstation und 5) automatisches Auslaufband.<\/p>\n<h2>UV-Drucker f\u00fcr Flaschen Standardmerkmale:<\/h2>\n<ol>\n<li>Hochpr\u00e4ziser vertikaler Rundschalttisch (12 Stationen)<\/li>\n<li>OMRON PLC gesteuert mit Touchscreen<\/li>\n<li>Mechanisch synchronisierte Druckk\u00f6pfe f\u00fcr pr\u00e4zise Druckergebnisse<\/li>\n<li>Einlaufendes Ladeband und automatische Entladung<\/li>\n<li>Schnelles und einfaches Einrichten und Umr\u00fcsten<\/li>\n<li>Winkel und H\u00f6he der Saugleiste einstellbar<\/li>\n<li>Druckgeschwindigkeit bis zu 80 St\u00fcck pro Minute<\/li>\n<\/ol>\n<h2>UV-Druckmaschine Spezifikationen:<\/h2>\n<table width=\"588\">\n<tbody>\n<tr>\n<td width=\"320\">Modell<\/td>\n<td width=\"268\">AP-112<\/td>\n<\/tr>\n<tr>\n<td width=\"320\">\u00a0Farbe drucken<\/td>\n<td width=\"268\">1 Farbe<\/td>\n<\/tr>\n<tr>\n<td width=\"320\">Gr\u00f6\u00dfe des Druckerzeugnisses (Durchmesser x L\u00e4nge):<\/td>\n<td width=\"268\">\u00d810mm-\u00d875mm, L20mm-230mm<\/td>\n<\/tr>\n<tr>\n<td width=\"320\">Max. Druckfl\u00e4che:<\/td>\n<td width=\"268\">236x170mm<\/td>\n<\/tr>\n<tr>\n<td width=\"320\">Maximale Druckgeschwindigkeit:<\/td>\n<td width=\"268\">60-80 St\u00fcck\/min<\/td>\n<\/tr>\n<tr>\n<td width=\"320\">Leistung der UV-Lampe:<\/td>\n<td width=\"268\">3 KW<\/td>\n<\/tr>\n<tr>\n<td width=\"320\">Elektrische Versorgung:<\/td>\n<td width=\"268\">380V\/480V 3Phasen 50Hz\/60Hz<\/td>\n<\/tr>\n<tr>\n<td width=\"320\">Luftbedarf:<\/td>\n<td width=\"268\">5-7 BAR<\/td>\n<\/tr>\n<tr>\n<td width=\"320\">Stromverbrauch:<\/td>\n<td width=\"268\">4,5 KW<\/td>\n<\/tr>\n<tr>\n<td width=\"320\">Abmessungen der Maschine (LxBxH):<\/td>\n<td width=\"268\">1625x1200x1800mm<\/td>\n<\/tr>\n<tr>\n<td width=\"320\">Gewicht:<\/td>\n<td width=\"268\">1500 KG<\/td>\n<\/tr>\n<\/tbody>\n<\/table>","protected":false},"excerpt":{"rendered":"<p>Die AP-112 ist eine automatische UV-Siebdruckmaschine, die speziell f\u00fcr Zylinder entwickelt wurde. Sie eignet sich f\u00fcr den Siebdruck auf flexiblen oder starren Kunststofftuben, Kunststoffgl\u00e4sern und -deckeln, medizinischen Fl\u00e4schchen und Spritzen. Der maximale Druckdurchmesser kann bis zu 75 mm betragen, und die Geschwindigkeit kann bis zu 80 St\u00fcck pro Minute betragen, was die Produktionseffizienz deutlich erh\u00f6ht. Die Maschine wird von einem italienischen Hauptmotor angetrieben und verf\u00fcgt \u00fcber einen vertikalen 12-Stationen-Rundschalttisch. Sie wird von einer Marken-SPS gesteuert, die \u00e4u\u00dferst stabile und genaue Arbeitsbedingungen und Druckvorg\u00e4nge gew\u00e4hrleistet.<\/p>\n<p>Schnelles Umr\u00fcsten und einfache Bedienung. Dieses automatische Siebdrucksystem wird h\u00e4ufig in der Medizin-, Kosmetik- und Kunststoffverpackungsindustrie usw. eingesetzt.<\/p>","protected":false},"featured_media":1643,"template":"","meta":[],"product_brand":[],"product_cat":[18],"product_tag":[],"class_list":{"0":"post-369","1":"product","2":"type-product","3":"status-publish","4":"has-post-thumbnail","6":"product_cat-automatic-uv-screen-printing-equipment","8":"first","9":"instock","10":"shipping-taxable","11":"product-type-simple"},"yoast_head":"<!-- This site is optimized with the Yoast SEO plugin v27.4 - https:\/\/yoast.com\/product\/yoast-seo-wordpress\/ -->\n<title>Automatic UV Screen Printing Machine for Tube and Jar<\/title>\n<meta name=\"description\" content=\"The machine equiped with the infeed conveyor for automatically feeding the part onto the mandrel with an mechanical push arm.\" \/>\n<meta name=\"robots\" content=\"index, follow, max-snippet:-1, max-image-preview:large, max-video-preview:-1\" \/>\n<link rel=\"canonical\" href=\"https:\/\/autoprintmachine.com\/de\/automatische-uv-siebdruckmaschine-fur-tuben-und-tiegel\/\" \/>\n<meta property=\"og:locale\" content=\"de_DE\" \/>\n<meta property=\"og:type\" content=\"article\" \/>\n<meta property=\"og:title\" content=\"Automatic UV Screen Printing Machine for Tube and Jar\" \/>\n<meta property=\"og:description\" content=\"The machine equiped with the infeed conveyor for automatically feeding the part onto the mandrel with an mechanical push arm.\" \/>\n<meta property=\"og:url\" content=\"https:\/\/autoprintmachine.com\/de\/automatische-uv-siebdruckmaschine-fur-tuben-und-tiegel\/\" \/>\n<meta property=\"article:publisher\" content=\"https:\/\/www.facebook.com\/autoprinttech\/\" \/>\n<meta property=\"article:modified_time\" content=\"2025-12-30T05:30:10+00:00\" \/>\n<meta property=\"og:image\" content=\"https:\/\/autoprintmachine.com\/wp-content\/uploads\/2023\/08\/tube_screen_printing_machine.webp\" \/>\n\t<meta property=\"og:image:width\" content=\"600\" \/>\n\t<meta property=\"og:image:height\" content=\"600\" \/>\n\t<meta property=\"og:image:type\" content=\"image\/webp\" \/>\n<meta name=\"twitter:card\" content=\"summary_large_image\" \/>\n<meta name=\"twitter:label1\" content=\"Est. reading time\" \/>\n\t<meta name=\"twitter:data1\" content=\"1\u00a0Minute\" \/>\n<script type=\"application\/ld+json\" class=\"yoast-schema-graph\">{\"@context\":\"https:\\\/\\\/schema.org\",\"@graph\":[{\"@type\":\"WebPage\",\"@id\":\"https:\\\/\\\/autoprintmachine.com\\\/automatic-uv-screen-printing-machine-for-tube-and-jar\\\/\",\"url\":\"https:\\\/\\\/autoprintmachine.com\\\/automatic-uv-screen-printing-machine-for-tube-and-jar\\\/\",\"name\":\"Automatic UV Screen Printing Machine for Tube and Jar\",\"isPartOf\":{\"@id\":\"https:\\\/\\\/autoprintmachine.com\\\/#website\"},\"primaryImageOfPage\":{\"@id\":\"https:\\\/\\\/autoprintmachine.com\\\/automatic-uv-screen-printing-machine-for-tube-and-jar\\\/#primaryimage\"},\"image\":{\"@id\":\"https:\\\/\\\/autoprintmachine.com\\\/automatic-uv-screen-printing-machine-for-tube-and-jar\\\/#primaryimage\"},\"thumbnailUrl\":\"https:\\\/\\\/autoprintmachine.com\\\/wp-content\\\/uploads\\\/2023\\\/08\\\/tube_screen_printing_machine.webp\",\"datePublished\":\"2020-08-14T02:29:55+00:00\",\"dateModified\":\"2025-12-30T05:30:10+00:00\",\"description\":\"The machine equiped with the infeed conveyor for automatically feeding the part onto the mandrel with an mechanical push arm.\",\"breadcrumb\":{\"@id\":\"https:\\\/\\\/autoprintmachine.com\\\/automatic-uv-screen-printing-machine-for-tube-and-jar\\\/#breadcrumb\"},\"inLanguage\":\"de\",\"potentialAction\":[{\"@type\":\"ReadAction\",\"target\":[\"https:\\\/\\\/autoprintmachine.com\\\/automatic-uv-screen-printing-machine-for-tube-and-jar\\\/\"]}]},{\"@type\":\"ImageObject\",\"inLanguage\":\"de\",\"@id\":\"https:\\\/\\\/autoprintmachine.com\\\/automatic-uv-screen-printing-machine-for-tube-and-jar\\\/#primaryimage\",\"url\":\"https:\\\/\\\/autoprintmachine.com\\\/wp-content\\\/uploads\\\/2023\\\/08\\\/tube_screen_printing_machine.webp\",\"contentUrl\":\"https:\\\/\\\/autoprintmachine.com\\\/wp-content\\\/uploads\\\/2023\\\/08\\\/tube_screen_printing_machine.webp\",\"width\":600,\"height\":600,\"caption\":\"tube_screen_printing_machine\"},{\"@type\":\"BreadcrumbList\",\"@id\":\"https:\\\/\\\/autoprintmachine.com\\\/automatic-uv-screen-printing-machine-for-tube-and-jar\\\/#breadcrumb\",\"itemListElement\":[{\"@type\":\"ListItem\",\"position\":1,\"name\":\"Home\",\"item\":\"https:\\\/\\\/autoprintmachine.com\\\/\"},{\"@type\":\"ListItem\",\"position\":2,\"name\":\"Products\",\"item\":\"https:\\\/\\\/autoprintmachine.com\\\/shop\\\/\"},{\"@type\":\"ListItem\",\"position\":3,\"name\":\"Automatic UV Screen Printing Machine for Tube and Jar\"}]},{\"@type\":\"WebSite\",\"@id\":\"https:\\\/\\\/autoprintmachine.com\\\/#website\",\"url\":\"https:\\\/\\\/autoprintmachine.com\\\/\",\"name\":\"\",\"description\":\"\",\"publisher\":{\"@id\":\"https:\\\/\\\/autoprintmachine.com\\\/#organization\"},\"potentialAction\":[{\"@type\":\"SearchAction\",\"target\":{\"@type\":\"EntryPoint\",\"urlTemplate\":\"https:\\\/\\\/autoprintmachine.com\\\/?s={search_term_string}\"},\"query-input\":{\"@type\":\"PropertyValueSpecification\",\"valueRequired\":true,\"valueName\":\"search_term_string\"}}],\"inLanguage\":\"de\"},{\"@type\":\"Organization\",\"@id\":\"https:\\\/\\\/autoprintmachine.com\\\/#organization\",\"name\":\"Dongguan Auto Print Tech Co., Ltd\",\"url\":\"https:\\\/\\\/autoprintmachine.com\\\/\",\"logo\":{\"@type\":\"ImageObject\",\"inLanguage\":\"de\",\"@id\":\"https:\\\/\\\/autoprintmachine.com\\\/#\\\/schema\\\/logo\\\/image\\\/\",\"url\":\"https:\\\/\\\/autoprintmachine.com\\\/wp-content\\\/uploads\\\/2023\\\/06\\\/screen_printing_logo_new.webp\",\"contentUrl\":\"https:\\\/\\\/autoprintmachine.com\\\/wp-content\\\/uploads\\\/2023\\\/06\\\/screen_printing_logo_new.webp\",\"width\":890,\"height\":750,\"caption\":\"Dongguan Auto Print Tech Co., Ltd\"},\"image\":{\"@id\":\"https:\\\/\\\/autoprintmachine.com\\\/#\\\/schema\\\/logo\\\/image\\\/\"},\"sameAs\":[\"https:\\\/\\\/www.facebook.com\\\/autoprinttech\\\/\",\"https:\\\/\\\/www.youtube.com\\\/channel\\\/UCJtPGiBbQWGE2DZLxySpCtw\"]}]}<\/script>\n<!-- \/ Yoast SEO plugin. -->","yoast_head_json":{"title":"Automatische UV-Siebdruckmaschine f\u00fcr Tuben und Gl\u00e4ser","description":"Die Maschine ist mit einem Vorschubf\u00f6rderer ausgestattet, der das Teil automatisch mit einem mechanischen Schubarm auf den Dorn schiebt.","robots":{"index":"index","follow":"follow","max-snippet":"max-snippet:-1","max-image-preview":"max-image-preview:large","max-video-preview":"max-video-preview:-1"},"canonical":"https:\/\/autoprintmachine.com\/de\/automatische-uv-siebdruckmaschine-fur-tuben-und-tiegel\/","og_locale":"de_DE","og_type":"article","og_title":"Automatic UV Screen Printing Machine for Tube and Jar","og_description":"The machine equiped with the infeed conveyor for automatically feeding the part onto the mandrel with an mechanical push arm.","og_url":"https:\/\/autoprintmachine.com\/de\/automatische-uv-siebdruckmaschine-fur-tuben-und-tiegel\/","article_publisher":"https:\/\/www.facebook.com\/autoprinttech\/","article_modified_time":"2025-12-30T05:30:10+00:00","og_image":[{"width":600,"height":600,"url":"https:\/\/autoprintmachine.com\/wp-content\/uploads\/2023\/08\/tube_screen_printing_machine.webp","type":"image\/webp"}],"twitter_card":"summary_large_image","twitter_misc":{"Est. reading time":"1\u00a0Minute"},"schema":{"@context":"https:\/\/schema.org","@graph":[{"@type":"WebPage","@id":"https:\/\/autoprintmachine.com\/automatic-uv-screen-printing-machine-for-tube-and-jar\/","url":"https:\/\/autoprintmachine.com\/automatic-uv-screen-printing-machine-for-tube-and-jar\/","name":"Automatische UV-Siebdruckmaschine f\u00fcr Tuben und Gl\u00e4ser","isPartOf":{"@id":"https:\/\/autoprintmachine.com\/#website"},"primaryImageOfPage":{"@id":"https:\/\/autoprintmachine.com\/automatic-uv-screen-printing-machine-for-tube-and-jar\/#primaryimage"},"image":{"@id":"https:\/\/autoprintmachine.com\/automatic-uv-screen-printing-machine-for-tube-and-jar\/#primaryimage"},"thumbnailUrl":"https:\/\/autoprintmachine.com\/wp-content\/uploads\/2023\/08\/tube_screen_printing_machine.webp","datePublished":"2020-08-14T02:29:55+00:00","dateModified":"2025-12-30T05:30:10+00:00","description":"Die Maschine ist mit einem Vorschubf\u00f6rderer ausgestattet, der das Teil automatisch mit einem mechanischen Schubarm auf den Dorn schiebt.","breadcrumb":{"@id":"https:\/\/autoprintmachine.com\/automatic-uv-screen-printing-machine-for-tube-and-jar\/#breadcrumb"},"inLanguage":"de","potentialAction":[{"@type":"ReadAction","target":["https:\/\/autoprintmachine.com\/automatic-uv-screen-printing-machine-for-tube-and-jar\/"]}]},{"@type":"ImageObject","inLanguage":"de","@id":"https:\/\/autoprintmachine.com\/automatic-uv-screen-printing-machine-for-tube-and-jar\/#primaryimage","url":"https:\/\/autoprintmachine.com\/wp-content\/uploads\/2023\/08\/tube_screen_printing_machine.webp","contentUrl":"https:\/\/autoprintmachine.com\/wp-content\/uploads\/2023\/08\/tube_screen_printing_machine.webp","width":600,"height":600,"caption":"tube_screen_printing_machine"},{"@type":"BreadcrumbList","@id":"https:\/\/autoprintmachine.com\/automatic-uv-screen-printing-machine-for-tube-and-jar\/#breadcrumb","itemListElement":[{"@type":"ListItem","position":1,"name":"Home","item":"https:\/\/autoprintmachine.com\/"},{"@type":"ListItem","position":2,"name":"Products","item":"https:\/\/autoprintmachine.com\/shop\/"},{"@type":"ListItem","position":3,"name":"Automatic UV Screen Printing Machine for Tube and Jar"}]},{"@type":"WebSite","@id":"https:\/\/autoprintmachine.com\/#website","url":"https:\/\/autoprintmachine.com\/","name":"","description":"","publisher":{"@id":"https:\/\/autoprintmachine.com\/#organization"},"potentialAction":[{"@type":"SearchAction","target":{"@type":"EntryPoint","urlTemplate":"https:\/\/autoprintmachine.com\/?s={search_term_string}"},"query-input":{"@type":"PropertyValueSpecification","valueRequired":true,"valueName":"search_term_string"}}],"inLanguage":"de"},{"@type":"Organization","@id":"https:\/\/autoprintmachine.com\/#organization","name":"Dongguan Auto Print Tech Co.","url":"https:\/\/autoprintmachine.com\/","logo":{"@type":"ImageObject","inLanguage":"de","@id":"https:\/\/autoprintmachine.com\/#\/schema\/logo\/image\/","url":"https:\/\/autoprintmachine.com\/wp-content\/uploads\/2023\/06\/screen_printing_logo_new.webp","contentUrl":"https:\/\/autoprintmachine.com\/wp-content\/uploads\/2023\/06\/screen_printing_logo_new.webp","width":890,"height":750,"caption":"Dongguan Auto Print Tech Co., Ltd"},"image":{"@id":"https:\/\/autoprintmachine.com\/#\/schema\/logo\/image\/"},"sameAs":["https:\/\/www.facebook.com\/autoprinttech\/","https:\/\/www.youtube.com\/channel\/UCJtPGiBbQWGE2DZLxySpCtw"]}]}},"_links":{"self":[{"href":"https:\/\/autoprintmachine.com\/de\/wp-json\/wp\/v2\/product\/369","targetHints":{"allow":["GET"]}}],"collection":[{"href":"https:\/\/autoprintmachine.com\/de\/wp-json\/wp\/v2\/product"}],"about":[{"href":"https:\/\/autoprintmachine.com\/de\/wp-json\/wp\/v2\/types\/product"}],"wp:featuredmedia":[{"embeddable":true,"href":"https:\/\/autoprintmachine.com\/de\/wp-json\/wp\/v2\/media\/1643"}],"wp:attachment":[{"href":"https:\/\/autoprintmachine.com\/de\/wp-json\/wp\/v2\/media?parent=369"}],"wp:term":[{"taxonomy":"product_brand","embeddable":true,"href":"https:\/\/autoprintmachine.com\/de\/wp-json\/wp\/v2\/product_brand?post=369"},{"taxonomy":"product_cat","embeddable":true,"href":"https:\/\/autoprintmachine.com\/de\/wp-json\/wp\/v2\/product_cat?post=369"},{"taxonomy":"product_tag","embeddable":true,"href":"https:\/\/autoprintmachine.com\/de\/wp-json\/wp\/v2\/product_tag?post=369"}],"curies":[{"name":"wp","href":"https:\/\/api.w.org\/{rel}","templated":true}]}}