{"id":376,"date":"2020-08-14T06:46:21","date_gmt":"2020-08-14T06:46:21","guid":{"rendered":"https:\/\/onceauto.seowaimao.com\/?post_type=product&#038;p=376"},"modified":"2025-12-30T08:29:52","modified_gmt":"2025-12-30T08:29:52","slug":"automatic-uv-screen-printing-machine-for-bucket","status":"publish","type":"product","link":"https:\/\/autoprintmachine.com\/de\/automatische-uv-siebdruckmaschine-fur-eimer\/","title":{"rendered":"Automatische UV-Siebdruckmaschine f\u00fcr Eimer"},"content":{"rendered":"<section class=\"section\" id=\"section_1288393197\">\n\t\t<div class=\"section-bg fill\" >\n\t\t\t\t\t\t\t\t\t\n\t\t\t\n\n\t\t<\/div>\n\n\t\t\n\n\t\t<div class=\"section-content relative\">\n\t\t\t\n<div class=\"row\"  id=\"row-1724097148\">\n\n\t<div id=\"col-1060625778\" class=\"col small-12 large-12\"  >\n\t\t\t\t<div class=\"col-inner\"  >\n\t\t\t\n\t\t\t\n<h2>UV-Flaschendrucker Einf\u00fchrung:<\/h2>\n<p>Die automatische UV-Siebdruckmaschine AP-350 ist eine Siebdrucklinie, die von 1 bis 6 Farben reichen kann. Diese Maschine ist mit einem pr\u00e4zisen mechanischen Hubbalken ausgestattet, um die Teile genau zu transportieren. Wenn die Schaufeln in pr\u00e4zisionsgefertigte Halterungen eingesetzt werden, werden sie direkt angetrieben und w\u00e4hrend des Drucks pr\u00e4zise gedreht. Diese UV-Siebdruckanlage wird vollst\u00e4ndig mechanisch angetrieben, wobei der Hauptmotor der italienischen Marke mit SPS-Steuerung f\u00fcr alle Bewegungen verwendet wird.<\/p>\n<p>Au\u00dferdem sorgt ein Sensor daf\u00fcr, dass sich die Rakel nicht bewegt, wenn kein Eimer geladen ist. Die Maschine ist solide gebaut und verf\u00fcgt \u00fcber hochpr\u00e4zise Vorrichtungen f\u00fcr die Bearbeitung. Diese Maschine hat eine genaue Farbregistrierung beim Mehrfarbendruck. Die AP-350 UV-Siebdruckmaschine verf\u00fcgt \u00fcber Flammenk\u00f6pfe und ein leistungsstarkes UV-H\u00e4rtungssystem. Sie wird h\u00e4ufig f\u00fcr Eimer, Eimer, 5-Gallonen-Flaschen und Beh\u00e4lter usw. verwendet.<\/p>\n<h2>UV-Druckmaschine Merkmale:<\/h2>\n<ol>\n<li>Automatische UV-Siebdruckanlagen f\u00fcr 1 bis 6 Farben<\/li>\n<li>Druckgeschwindigkeiten von bis zu 22 Flaschen pro Minute<\/li>\n<li>Drucke auf gro\u00dfen Eimern und Schaufeln<\/li>\n<li>Mechanischer Hubbalken mit Indexierung<\/li>\n<li>Hochintensive (5KW) UV-H\u00e4rtungsleistung<\/li>\n<li>Omron PLC gesteuert mit Touchscreen<\/li>\n<\/ol>\n<h2><\/h2>\n<h2>UV-Flaschendruckmaschine Spezifikationen:<\/h2>\n<table width=\"635\">\n<tbody>\n<tr>\n<td colspan=\"2\" width=\"275\"><span style=\"font-size: 14.4px;\">Modell<\/span><\/td>\n<td width=\"360\">AP-350<\/td>\n<\/tr>\n<tr>\n<td colspan=\"2\" width=\"275\"><span style=\"font-size: 14.4px;\">Gr\u00f6\u00dfe der Schaufel:<\/span><\/td>\n<td width=\"360\"><span style=\"font-size: 14.4px;\">Durchmesser: \u00d8150-350mm, H\u00f6he: 200-400mm<\/span><\/td>\n<\/tr>\n<tr>\n<td colspan=\"2\" width=\"275\"><span style=\"font-size: 14.4px;\">Max. Druckfl\u00e4che:<\/span><\/td>\n<td width=\"360\"><span style=\"font-size: 14.4px;\">L900 x B250mm<\/span><\/td>\n<\/tr>\n<tr>\n<td colspan=\"2\" width=\"275\"><span style=\"font-size: 14.4px;\">Druckkapazit\u00e4t:<\/span><\/td>\n<td width=\"360\"><span style=\"font-size: 14.4px;\">Bis zu 22 PCS\/MIN<\/span><\/td>\n<\/tr>\n<tr>\n<td colspan=\"2\" width=\"275\"><span style=\"font-size: 14.4px;\">Leistung der UV-Lampe:<\/span><\/td>\n<td width=\"360\"><span style=\"font-size: 14.4px;\">5 KW\/EINHEIT<\/span><\/td>\n<\/tr>\n<tr>\n<td colspan=\"2\" width=\"275\"><span style=\"font-size: 14.4px;\">Elektrisch:<\/span><\/td>\n<td width=\"360\"><span style=\"font-size: 14.4px;\">380V\/480V 3Phasen 50\/60Hz<\/span><\/td>\n<\/tr>\n<tr>\n<td colspan=\"2\" width=\"275\"><span style=\"font-size: 14.4px;\">Luftbedarf:<\/span><\/td>\n<td width=\"360\"><span style=\"font-size: 14.4px;\">5-7 BAR<\/span><\/td>\n<\/tr>\n<tr>\n<td colspan=\"2\" width=\"275\"><span style=\"font-size: 14.4px;\">Stromverbrauch:<\/span><\/td>\n<td width=\"360\"><span style=\"font-size: 14.4px;\">20 KW\/EINHEIT<\/span><\/td>\n<\/tr>\n<tr>\n<td colspan=\"2\" width=\"275\"><span style=\"font-size: 14.4px;\">Gewicht:<\/span><\/td>\n<td width=\"360\"><span style=\"font-size: 14.4px;\">2500 KG<\/span><\/td>\n<\/tr>\n<\/tbody>\n<\/table>\n\t\t<\/div>\n\t\t\t\t\t<\/div>\n\n\t\n<\/div>\n\t\t<\/div>\n\n\t\t\n<style>\n#section_1288393197 {\n  padding-top: 30px;\n  padding-bottom: 30px;\n}\n<\/style>\n\t<\/section>\n\t\n\n\t<section class=\"section\" id=\"section_1226664184\">\n\t\t<div class=\"section-bg fill\" >\n\t\t\t\t\t\t\t\t\t\n\t\t\t\n\n\t\t<\/div>\n\n\t\t\n\n\t\t<div class=\"section-content relative\">\n\t\t\t\n<div class=\"row\"  id=\"row-1164126426\">\n\n\t<div id=\"col-681929364\" class=\"col small-12 large-12\"  >\n\t\t\t\t<div class=\"col-inner\"  >\n\t\t\t\n\t\t\t\n<h2>Produkt Video Showcase<\/h2>\n<div class=\"video video-fit mb\" style=\"padding-top:56.25%;\"><p><iframe loading=\"lazy\" title=\"Automatische Eimer-UV-Siebdruckmaschine AP-350-4C\" width=\"1020\" height=\"574\" src=\"https:\/\/www.youtube.com\/embed\/GUUgpCzwnWM?feature=oembed\" frameborder=\"0\" allow=\"accelerometer; autoplay; clipboard-write; encrypted-media; gyroscope; picture-in-picture; web-share\" referrerpolicy=\"strict-origin-when-cross-origin\" allowfullscreen><\/iframe><\/p>\n<\/div>\n\t\t<\/div>\n\t\t\t\t\t<\/div>\n\n\t\n<\/div>\n\t\t<\/div>\n\n\t\t\n<style>\n#section_1226664184 {\n  padding-top: 30px;\n  padding-bottom: 30px;\n}\n<\/style>\n\t<\/section>","protected":false},"excerpt":{"rendered":"<p>Die automatische UV-Siebdruckmaschine der Serie AP-350 ist eine automatische Siebdrucklinie f\u00fcr 1 bis 6 Farben. Diese Siebdruckmaschine bietet den kompletten Druckprozess. Sie umfasst ein automatisches Zuf\u00fchrungsband, automatische Aufnahme, Flammenbehandlung, Siebdruck, UV-H\u00e4rtung und ein automatisches Auslaufband.<\/p>\n<p>Die Maschine ist voll mechanisch und wird von einem italienischen Marken-Hauptmotor angetrieben; eine SPS mit Touchscreen steuert alle Bewegungen. Diese Maschinenserie zeichnet sich durch pr\u00e4zisen Druck und Farbregistrierung aus. Diese Maschine wird h\u00e4ufig f\u00fcr den Druck von Eimern, Eimern und 5-Gallonen-Beh\u00e4ltern verwendet.<\/p>","protected":false},"featured_media":377,"template":"","meta":[],"product_cat":[18],"class_list":{"0":"post-376","1":"product","2":"type-product","3":"status-publish","4":"has-post-thumbnail","6":"product_cat-automatic-uv-screen-printing-equipment","8":"first","9":"instock","10":"shipping-taxable","11":"product-type-simple"},"acf":[],"yoast_head":"<!-- This site is optimized with the Yoast SEO plugin v23.9 - https:\/\/yoast.com\/wordpress\/plugins\/seo\/ -->\n<title>Automatic UV Screen Printing Machine for Bucket<\/title>\n<meta name=\"description\" content=\"The machine is an screen printing line can be with from 1 color to 6 color widely used in bucket, pail, 5 gallon bottle &amp; container, etc.\" \/>\n<meta name=\"robots\" content=\"index, follow, max-snippet:-1, max-image-preview:large, max-video-preview:-1\" \/>\n<link rel=\"canonical\" href=\"https:\/\/autoprintmachine.com\/de\/automatische-uv-siebdruckmaschine-fur-eimer\/\" \/>\n<meta property=\"og:locale\" content=\"de_DE\" \/>\n<meta property=\"og:type\" content=\"article\" \/>\n<meta property=\"og:title\" content=\"Automatic UV Screen Printing Machine for Bucket\" \/>\n<meta property=\"og:description\" content=\"The machine is an screen printing line can be with from 1 color to 6 color widely used in bucket, pail, 5 gallon bottle &amp; container, etc.\" \/>\n<meta property=\"og:url\" content=\"https:\/\/autoprintmachine.com\/de\/automatische-uv-siebdruckmaschine-fur-eimer\/\" \/>\n<meta property=\"article:modified_time\" content=\"2025-12-30T08:29:52+00:00\" \/>\n<meta property=\"og:image\" content=\"https:\/\/autoprintmachine.com\/wp-content\/uploads\/2020\/08\/OS-1000.jpg\" \/>\n\t<meta property=\"og:image:width\" content=\"600\" \/>\n\t<meta property=\"og:image:height\" content=\"600\" \/>\n\t<meta property=\"og:image:type\" content=\"image\/jpeg\" \/>\n<meta name=\"twitter:card\" content=\"summary_large_image\" \/>\n<meta name=\"twitter:label1\" content=\"Gesch\u00e4tzte Lesezeit\" \/>\n\t<meta name=\"twitter:data1\" content=\"2\u00a0Minuten\" \/>\n<script type=\"application\/ld+json\" class=\"yoast-schema-graph\">{\"@context\":\"https:\/\/schema.org\",\"@graph\":[{\"@type\":\"WebPage\",\"@id\":\"https:\/\/autoprintmachine.com\/automatic-uv-screen-printing-machine-for-bucket\/\",\"url\":\"https:\/\/autoprintmachine.com\/automatic-uv-screen-printing-machine-for-bucket\/\",\"name\":\"Automatic UV Screen Printing Machine for Bucket\",\"isPartOf\":{\"@id\":\"https:\/\/autoprintmachine.com\/#website\"},\"primaryImageOfPage\":{\"@id\":\"https:\/\/autoprintmachine.com\/automatic-uv-screen-printing-machine-for-bucket\/#primaryimage\"},\"image\":{\"@id\":\"https:\/\/autoprintmachine.com\/automatic-uv-screen-printing-machine-for-bucket\/#primaryimage\"},\"thumbnailUrl\":\"https:\/\/autoprintmachine.com\/wp-content\/uploads\/2020\/08\/OS-1000.jpg\",\"datePublished\":\"2020-08-14T06:46:21+00:00\",\"dateModified\":\"2025-12-30T08:29:52+00:00\",\"description\":\"The machine is an screen printing line can be with from 1 color to 6 color widely used in bucket, pail, 5 gallon bottle & container, etc.\",\"breadcrumb\":{\"@id\":\"https:\/\/autoprintmachine.com\/automatic-uv-screen-printing-machine-for-bucket\/#breadcrumb\"},\"inLanguage\":\"de\",\"potentialAction\":[{\"@type\":\"ReadAction\",\"target\":[\"https:\/\/autoprintmachine.com\/automatic-uv-screen-printing-machine-for-bucket\/\"]}]},{\"@type\":\"ImageObject\",\"inLanguage\":\"de\",\"@id\":\"https:\/\/autoprintmachine.com\/automatic-uv-screen-printing-machine-for-bucket\/#primaryimage\",\"url\":\"https:\/\/autoprintmachine.com\/wp-content\/uploads\/2020\/08\/OS-1000.jpg\",\"contentUrl\":\"https:\/\/autoprintmachine.com\/wp-content\/uploads\/2020\/08\/OS-1000.jpg\",\"width\":600,\"height\":600},{\"@type\":\"BreadcrumbList\",\"@id\":\"https:\/\/autoprintmachine.com\/automatic-uv-screen-printing-machine-for-bucket\/#breadcrumb\",\"itemListElement\":[{\"@type\":\"ListItem\",\"position\":1,\"name\":\"Home\",\"item\":\"https:\/\/autoprintmachine.com\/\"},{\"@type\":\"ListItem\",\"position\":2,\"name\":\"Products\",\"item\":\"https:\/\/autoprintmachine.com\/shop\/\"},{\"@type\":\"ListItem\",\"position\":3,\"name\":\"Automatic UV Screen Printing Machine for Bucket\"}]},{\"@type\":\"WebSite\",\"@id\":\"https:\/\/autoprintmachine.com\/#website\",\"url\":\"https:\/\/autoprintmachine.com\/\",\"name\":\"\",\"description\":\"\",\"potentialAction\":[{\"@type\":\"SearchAction\",\"target\":{\"@type\":\"EntryPoint\",\"urlTemplate\":\"https:\/\/autoprintmachine.com\/?s={search_term_string}\"},\"query-input\":{\"@type\":\"PropertyValueSpecification\",\"valueRequired\":true,\"valueName\":\"search_term_string\"}}],\"inLanguage\":\"de\"}]}<\/script>\n<!-- \/ Yoast SEO plugin. -->","yoast_head_json":{"title":"Automatic UV Screen Printing Machine for Bucket","description":"The machine is an screen printing line can be with from 1 color to 6 color widely used in bucket, pail, 5 gallon bottle & container, etc.","robots":{"index":"index","follow":"follow","max-snippet":"max-snippet:-1","max-image-preview":"max-image-preview:large","max-video-preview":"max-video-preview:-1"},"canonical":"https:\/\/autoprintmachine.com\/de\/automatische-uv-siebdruckmaschine-fur-eimer\/","og_locale":"de_DE","og_type":"article","og_title":"Automatic UV Screen Printing Machine for Bucket","og_description":"The machine is an screen printing line can be with from 1 color to 6 color widely used in bucket, pail, 5 gallon bottle & container, etc.","og_url":"https:\/\/autoprintmachine.com\/de\/automatische-uv-siebdruckmaschine-fur-eimer\/","article_modified_time":"2025-12-30T08:29:52+00:00","og_image":[{"width":600,"height":600,"url":"https:\/\/autoprintmachine.com\/wp-content\/uploads\/2020\/08\/OS-1000.jpg","type":"image\/jpeg"}],"twitter_card":"summary_large_image","twitter_misc":{"Gesch\u00e4tzte Lesezeit":"2\u00a0Minuten"},"schema":{"@context":"https:\/\/schema.org","@graph":[{"@type":"WebPage","@id":"https:\/\/autoprintmachine.com\/automatic-uv-screen-printing-machine-for-bucket\/","url":"https:\/\/autoprintmachine.com\/automatic-uv-screen-printing-machine-for-bucket\/","name":"Automatic UV Screen Printing Machine for Bucket","isPartOf":{"@id":"https:\/\/autoprintmachine.com\/#website"},"primaryImageOfPage":{"@id":"https:\/\/autoprintmachine.com\/automatic-uv-screen-printing-machine-for-bucket\/#primaryimage"},"image":{"@id":"https:\/\/autoprintmachine.com\/automatic-uv-screen-printing-machine-for-bucket\/#primaryimage"},"thumbnailUrl":"https:\/\/autoprintmachine.com\/wp-content\/uploads\/2020\/08\/OS-1000.jpg","datePublished":"2020-08-14T06:46:21+00:00","dateModified":"2025-12-30T08:29:52+00:00","description":"The machine is an screen printing line can be with from 1 color to 6 color widely used in bucket, pail, 5 gallon bottle & container, etc.","breadcrumb":{"@id":"https:\/\/autoprintmachine.com\/automatic-uv-screen-printing-machine-for-bucket\/#breadcrumb"},"inLanguage":"de","potentialAction":[{"@type":"ReadAction","target":["https:\/\/autoprintmachine.com\/automatic-uv-screen-printing-machine-for-bucket\/"]}]},{"@type":"ImageObject","inLanguage":"de","@id":"https:\/\/autoprintmachine.com\/automatic-uv-screen-printing-machine-for-bucket\/#primaryimage","url":"https:\/\/autoprintmachine.com\/wp-content\/uploads\/2020\/08\/OS-1000.jpg","contentUrl":"https:\/\/autoprintmachine.com\/wp-content\/uploads\/2020\/08\/OS-1000.jpg","width":600,"height":600},{"@type":"BreadcrumbList","@id":"https:\/\/autoprintmachine.com\/automatic-uv-screen-printing-machine-for-bucket\/#breadcrumb","itemListElement":[{"@type":"ListItem","position":1,"name":"Home","item":"https:\/\/autoprintmachine.com\/"},{"@type":"ListItem","position":2,"name":"Products","item":"https:\/\/autoprintmachine.com\/shop\/"},{"@type":"ListItem","position":3,"name":"Automatic UV Screen Printing Machine for Bucket"}]},{"@type":"WebSite","@id":"https:\/\/autoprintmachine.com\/#website","url":"https:\/\/autoprintmachine.com\/","name":"","description":"","potentialAction":[{"@type":"SearchAction","target":{"@type":"EntryPoint","urlTemplate":"https:\/\/autoprintmachine.com\/?s={search_term_string}"},"query-input":{"@type":"PropertyValueSpecification","valueRequired":true,"valueName":"search_term_string"}}],"inLanguage":"de"}]}},"_links":{"self":[{"href":"https:\/\/autoprintmachine.com\/de\/wp-json\/wp\/v2\/product\/376","targetHints":{"allow":["GET"]}}],"collection":[{"href":"https:\/\/autoprintmachine.com\/de\/wp-json\/wp\/v2\/product"}],"about":[{"href":"https:\/\/autoprintmachine.com\/de\/wp-json\/wp\/v2\/types\/product"}],"wp:featuredmedia":[{"embeddable":true,"href":"https:\/\/autoprintmachine.com\/de\/wp-json\/wp\/v2\/media\/377"}],"wp:attachment":[{"href":"https:\/\/autoprintmachine.com\/de\/wp-json\/wp\/v2\/media?parent=376"}],"wp:term":[{"taxonomy":"product_cat","embeddable":true,"href":"https:\/\/autoprintmachine.com\/de\/wp-json\/wp\/v2\/product_cat?post=376"}],"curies":[{"name":"wp","href":"https:\/\/api.w.org\/{rel}","templated":true}]}}