{"id":383,"date":"2020-08-15T03:17:45","date_gmt":"2020-08-15T03:17:45","guid":{"rendered":"https:\/\/onceauto.seowaimao.com\/?post_type=product&#038;p=383"},"modified":"2026-01-13T08:30:03","modified_gmt":"2026-01-13T08:30:03","slug":"round-and-flat-uv-curing-machine","status":"publish","type":"product","link":"https:\/\/autoprintmachine.com\/de\/runde-und-flache-uv-hartungsmaschine\/","title":{"rendered":"Runde und flache UV-H\u00e4rtungsger\u00e4te"},"content":{"rendered":"<h2>Runde UV-Maschine Einf\u00fchrung:<\/h2>\n<p><strong>Der AP-UV200RF<\/strong> Das flache und zylindrische UV-H\u00e4rtungsger\u00e4t wird in erster Linie zur Aush\u00e4rtung von gedruckter UV-Tinte auf verschiedenen Oberfl\u00e4chen, einschlie\u00dflich Flaschen, Beh\u00e4ltern und anderen zylindrischen Objekten, verwendet. Es kann auch flache Oberfl\u00e4chen aush\u00e4rten, nachdem der Winkel der Lichtbestrahlung eingestellt wurde. Die F\u00f6rdergeschwindigkeit ist einstellbar. Die F\u00f6rderplatte ist aus rostfreiem Stahl gefertigt und l\u00e4uft reibungslos.<\/p>\n<h2>Flache UV-Druckmaschine Spezifikation:<\/h2>\n<table width=\"96%\">\n<tbody>\n<tr>\n<td width=\"50%\">Modell Nr.:<\/td>\n<td width=\"50%\">AP-UV200RF<\/td>\n<\/tr>\n<tr>\n<td>Antriebssystem:<\/td>\n<td>Elektrisches\/elektronisches UV-System<\/td>\n<\/tr>\n<tr>\n<td>Geeignete Gr\u00f6\u00dfe der Flaschen\u00f6ffnung<\/td>\n<td>Rund: \u03a612-\u03a630mm<\/td>\n<\/tr>\n<tr>\n<td>Gr\u00f6\u00dfe des Flaschenk\u00f6rpers<\/td>\n<td>H\u00f6he: 25-300 mm<\/td>\n<\/tr>\n<tr>\n<td>Flache Produktgr\u00f6\u00dfe:<\/td>\n<td>Max. flache Breite: 430 mm<br \/>\nMax. flache H\u00f6he: 140 mm<\/td>\n<\/tr>\n<tr>\n<td>Max. Prozessgeschwindigkeit:<\/td>\n<td>50 St\u00fcck\/min<\/td>\n<\/tr>\n<tr>\n<td>Spannung:<\/td>\n<td>380V 50Hz 3-Phasen<\/td>\n<\/tr>\n<tr>\n<td>Wattleistung der UV-Lampe:<\/td>\n<td>Eine Lampe, 5 kW<\/td>\n<\/tr>\n<tr>\n<td>L\u00e4nge des F\u00f6rderbandes:<\/td>\n<td>2100 mm<\/td>\n<\/tr>\n<tr>\n<td>Gr\u00f6\u00dfe der Maschine:<\/td>\n<td>L2200xB750xH1800 mm<\/td>\n<\/tr>\n<tr>\n<td>Kistengr\u00f6\u00dfe:<\/td>\n<td>L2470xB830xH1880 mm<\/td>\n<\/tr>\n<tr>\n<td>Nettogewicht:<\/td>\n<td>380 kg<\/td>\n<\/tr>\n<tr>\n<td>Bruttogewicht:<\/td>\n<td>450 kg<\/td>\n<\/tr>\n<\/tbody>\n<\/table>","protected":false},"excerpt":{"rendered":"<p>Dieses UV-H\u00e4rtungsger\u00e4t ist f\u00fcr die UV-H\u00e4rtung von runden und flachen Objekten geeignet. Die Geschwindigkeit des F\u00f6rderbandes ist einstellbar. Durch den Einsatz eines elektronischen UV-Systems ist diese Maschine energieeffizienter als herk\u00f6mmliche UV-Systeme. Wir k\u00f6nnen auch verschiedene Gr\u00f6\u00dfen anfertigen, um die Anforderungen an die UV-H\u00e4rtung verschiedener Produkte zu erf\u00fcllen.<\/p>","protected":false},"featured_media":384,"template":"","meta":[],"product_cat":[24],"class_list":{"0":"post-383","1":"product","2":"type-product","3":"status-publish","4":"has-post-thumbnail","6":"product_cat-auxiliary-equipment-for-screen-printing-and-pad-printing","8":"first","9":"instock","10":"shipping-taxable","11":"product-type-simple"},"acf":[],"yoast_head":"<!-- This site is optimized with the Yoast SEO plugin v23.9 - https:\/\/yoast.com\/wordpress\/plugins\/seo\/ -->\n<title>Round and Flat UV Curing Machine<\/title>\n<meta name=\"description\" content=\"The curing machine is mainly used for the curing of printed UV ink on various surfaces such as bottles containers and cylindrical objects.\" \/>\n<meta name=\"robots\" content=\"index, follow, max-snippet:-1, max-image-preview:large, max-video-preview:-1\" \/>\n<link rel=\"canonical\" href=\"https:\/\/autoprintmachine.com\/de\/runde-und-flache-uv-hartungsmaschine\/\" \/>\n<meta property=\"og:locale\" content=\"de_DE\" \/>\n<meta property=\"og:type\" content=\"article\" \/>\n<meta property=\"og:title\" content=\"Round and Flat UV Curing Machine\" \/>\n<meta property=\"og:description\" content=\"The curing machine is mainly used for the curing of printed UV ink on various surfaces such as bottles containers and cylindrical objects.\" \/>\n<meta property=\"og:url\" content=\"https:\/\/autoprintmachine.com\/de\/runde-und-flache-uv-hartungsmaschine\/\" \/>\n<meta property=\"article:publisher\" content=\"https:\/\/www.facebook.com\/autoprinttech\/\" \/>\n<meta property=\"article:modified_time\" content=\"2026-01-13T08:30:03+00:00\" \/>\n<meta property=\"og:image\" content=\"https:\/\/autoprintmachine.com\/wp-content\/uploads\/2020\/08\/OS-300RF.jpg\" \/>\n\t<meta property=\"og:image:width\" content=\"600\" \/>\n\t<meta property=\"og:image:height\" content=\"600\" \/>\n\t<meta property=\"og:image:type\" content=\"image\/jpeg\" \/>\n<meta name=\"twitter:card\" content=\"summary_large_image\" \/>\n<meta name=\"twitter:label1\" content=\"Gesch\u00e4tzte Lesezeit\" \/>\n\t<meta name=\"twitter:data1\" content=\"1\u00a0Minute\" \/>\n<script type=\"application\/ld+json\" class=\"yoast-schema-graph\">{\"@context\":\"https:\/\/schema.org\",\"@graph\":[{\"@type\":\"WebPage\",\"@id\":\"https:\/\/autoprintmachine.com\/round-and-flat-uv-curing-machine\/\",\"url\":\"https:\/\/autoprintmachine.com\/round-and-flat-uv-curing-machine\/\",\"name\":\"Round and Flat UV Curing Machine\",\"isPartOf\":{\"@id\":\"https:\/\/autoprintmachine.com\/#website\"},\"primaryImageOfPage\":{\"@id\":\"https:\/\/autoprintmachine.com\/round-and-flat-uv-curing-machine\/#primaryimage\"},\"image\":{\"@id\":\"https:\/\/autoprintmachine.com\/round-and-flat-uv-curing-machine\/#primaryimage\"},\"thumbnailUrl\":\"https:\/\/autoprintmachine.com\/wp-content\/uploads\/2020\/08\/OS-300RF.jpg\",\"datePublished\":\"2020-08-15T03:17:45+00:00\",\"dateModified\":\"2026-01-13T08:30:03+00:00\",\"description\":\"The curing machine is mainly used for the curing of printed UV ink on various surfaces such as bottles containers and cylindrical objects.\",\"breadcrumb\":{\"@id\":\"https:\/\/autoprintmachine.com\/round-and-flat-uv-curing-machine\/#breadcrumb\"},\"inLanguage\":\"de\",\"potentialAction\":[{\"@type\":\"ReadAction\",\"target\":[\"https:\/\/autoprintmachine.com\/round-and-flat-uv-curing-machine\/\"]}]},{\"@type\":\"ImageObject\",\"inLanguage\":\"de\",\"@id\":\"https:\/\/autoprintmachine.com\/round-and-flat-uv-curing-machine\/#primaryimage\",\"url\":\"https:\/\/autoprintmachine.com\/wp-content\/uploads\/2020\/08\/OS-300RF.jpg\",\"contentUrl\":\"https:\/\/autoprintmachine.com\/wp-content\/uploads\/2020\/08\/OS-300RF.jpg\",\"width\":600,\"height\":600},{\"@type\":\"BreadcrumbList\",\"@id\":\"https:\/\/autoprintmachine.com\/round-and-flat-uv-curing-machine\/#breadcrumb\",\"itemListElement\":[{\"@type\":\"ListItem\",\"position\":1,\"name\":\"Home\",\"item\":\"https:\/\/autoprintmachine.com\/\"},{\"@type\":\"ListItem\",\"position\":2,\"name\":\"Products\",\"item\":\"https:\/\/autoprintmachine.com\/shop\/\"},{\"@type\":\"ListItem\",\"position\":3,\"name\":\"Round and Flat UV Curing Machine\"}]},{\"@type\":\"WebSite\",\"@id\":\"https:\/\/autoprintmachine.com\/#website\",\"url\":\"https:\/\/autoprintmachine.com\/\",\"name\":\"\",\"description\":\"\",\"publisher\":{\"@id\":\"https:\/\/autoprintmachine.com\/#organization\"},\"potentialAction\":[{\"@type\":\"SearchAction\",\"target\":{\"@type\":\"EntryPoint\",\"urlTemplate\":\"https:\/\/autoprintmachine.com\/?s={search_term_string}\"},\"query-input\":{\"@type\":\"PropertyValueSpecification\",\"valueRequired\":true,\"valueName\":\"search_term_string\"}}],\"inLanguage\":\"de\"},{\"@type\":\"Organization\",\"@id\":\"https:\/\/autoprintmachine.com\/#organization\",\"name\":\"Dongguan Auto Print Tech Co., Ltd\",\"url\":\"https:\/\/autoprintmachine.com\/\",\"logo\":{\"@type\":\"ImageObject\",\"inLanguage\":\"de\",\"@id\":\"https:\/\/autoprintmachine.com\/#\/schema\/logo\/image\/\",\"url\":\"https:\/\/autoprintmachine.com\/wp-content\/uploads\/2023\/06\/screen_printing_logo_new.webp\",\"contentUrl\":\"https:\/\/autoprintmachine.com\/wp-content\/uploads\/2023\/06\/screen_printing_logo_new.webp\",\"width\":890,\"height\":750,\"caption\":\"Dongguan Auto Print Tech Co., Ltd\"},\"image\":{\"@id\":\"https:\/\/autoprintmachine.com\/#\/schema\/logo\/image\/\"},\"sameAs\":[\"https:\/\/www.facebook.com\/autoprinttech\/\",\"https:\/\/www.youtube.com\/channel\/UCJtPGiBbQWGE2DZLxySpCtw\"]}]}<\/script>\n<!-- \/ Yoast SEO plugin. -->","yoast_head_json":{"title":"Round and Flat UV Curing Machine","description":"The curing machine is mainly used for the curing of printed UV ink on various surfaces such as bottles containers and cylindrical objects.","robots":{"index":"index","follow":"follow","max-snippet":"max-snippet:-1","max-image-preview":"max-image-preview:large","max-video-preview":"max-video-preview:-1"},"canonical":"https:\/\/autoprintmachine.com\/de\/runde-und-flache-uv-hartungsmaschine\/","og_locale":"de_DE","og_type":"article","og_title":"Round and Flat UV Curing Machine","og_description":"The curing machine is mainly used for the curing of printed UV ink on various surfaces such as bottles containers and cylindrical objects.","og_url":"https:\/\/autoprintmachine.com\/de\/runde-und-flache-uv-hartungsmaschine\/","article_publisher":"https:\/\/www.facebook.com\/autoprinttech\/","article_modified_time":"2026-01-13T08:30:03+00:00","og_image":[{"width":600,"height":600,"url":"https:\/\/autoprintmachine.com\/wp-content\/uploads\/2020\/08\/OS-300RF.jpg","type":"image\/jpeg"}],"twitter_card":"summary_large_image","twitter_misc":{"Gesch\u00e4tzte Lesezeit":"1\u00a0Minute"},"schema":{"@context":"https:\/\/schema.org","@graph":[{"@type":"WebPage","@id":"https:\/\/autoprintmachine.com\/round-and-flat-uv-curing-machine\/","url":"https:\/\/autoprintmachine.com\/round-and-flat-uv-curing-machine\/","name":"Round and Flat UV Curing Machine","isPartOf":{"@id":"https:\/\/autoprintmachine.com\/#website"},"primaryImageOfPage":{"@id":"https:\/\/autoprintmachine.com\/round-and-flat-uv-curing-machine\/#primaryimage"},"image":{"@id":"https:\/\/autoprintmachine.com\/round-and-flat-uv-curing-machine\/#primaryimage"},"thumbnailUrl":"https:\/\/autoprintmachine.com\/wp-content\/uploads\/2020\/08\/OS-300RF.jpg","datePublished":"2020-08-15T03:17:45+00:00","dateModified":"2026-01-13T08:30:03+00:00","description":"The curing machine is mainly used for the curing of printed UV ink on various surfaces such as bottles containers and cylindrical objects.","breadcrumb":{"@id":"https:\/\/autoprintmachine.com\/round-and-flat-uv-curing-machine\/#breadcrumb"},"inLanguage":"de","potentialAction":[{"@type":"ReadAction","target":["https:\/\/autoprintmachine.com\/round-and-flat-uv-curing-machine\/"]}]},{"@type":"ImageObject","inLanguage":"de","@id":"https:\/\/autoprintmachine.com\/round-and-flat-uv-curing-machine\/#primaryimage","url":"https:\/\/autoprintmachine.com\/wp-content\/uploads\/2020\/08\/OS-300RF.jpg","contentUrl":"https:\/\/autoprintmachine.com\/wp-content\/uploads\/2020\/08\/OS-300RF.jpg","width":600,"height":600},{"@type":"BreadcrumbList","@id":"https:\/\/autoprintmachine.com\/round-and-flat-uv-curing-machine\/#breadcrumb","itemListElement":[{"@type":"ListItem","position":1,"name":"Home","item":"https:\/\/autoprintmachine.com\/"},{"@type":"ListItem","position":2,"name":"Products","item":"https:\/\/autoprintmachine.com\/shop\/"},{"@type":"ListItem","position":3,"name":"Round and Flat UV Curing Machine"}]},{"@type":"WebSite","@id":"https:\/\/autoprintmachine.com\/#website","url":"https:\/\/autoprintmachine.com\/","name":"","description":"","publisher":{"@id":"https:\/\/autoprintmachine.com\/#organization"},"potentialAction":[{"@type":"SearchAction","target":{"@type":"EntryPoint","urlTemplate":"https:\/\/autoprintmachine.com\/?s={search_term_string}"},"query-input":{"@type":"PropertyValueSpecification","valueRequired":true,"valueName":"search_term_string"}}],"inLanguage":"de"},{"@type":"Organization","@id":"https:\/\/autoprintmachine.com\/#organization","name":"Dongguan Auto Print Tech Co., Ltd","url":"https:\/\/autoprintmachine.com\/","logo":{"@type":"ImageObject","inLanguage":"de","@id":"https:\/\/autoprintmachine.com\/#\/schema\/logo\/image\/","url":"https:\/\/autoprintmachine.com\/wp-content\/uploads\/2023\/06\/screen_printing_logo_new.webp","contentUrl":"https:\/\/autoprintmachine.com\/wp-content\/uploads\/2023\/06\/screen_printing_logo_new.webp","width":890,"height":750,"caption":"Dongguan Auto Print Tech Co., Ltd"},"image":{"@id":"https:\/\/autoprintmachine.com\/#\/schema\/logo\/image\/"},"sameAs":["https:\/\/www.facebook.com\/autoprinttech\/","https:\/\/www.youtube.com\/channel\/UCJtPGiBbQWGE2DZLxySpCtw"]}]}},"_links":{"self":[{"href":"https:\/\/autoprintmachine.com\/de\/wp-json\/wp\/v2\/product\/383","targetHints":{"allow":["GET"]}}],"collection":[{"href":"https:\/\/autoprintmachine.com\/de\/wp-json\/wp\/v2\/product"}],"about":[{"href":"https:\/\/autoprintmachine.com\/de\/wp-json\/wp\/v2\/types\/product"}],"wp:featuredmedia":[{"embeddable":true,"href":"https:\/\/autoprintmachine.com\/de\/wp-json\/wp\/v2\/media\/384"}],"wp:attachment":[{"href":"https:\/\/autoprintmachine.com\/de\/wp-json\/wp\/v2\/media?parent=383"}],"wp:term":[{"taxonomy":"product_cat","embeddable":true,"href":"https:\/\/autoprintmachine.com\/de\/wp-json\/wp\/v2\/product_cat?post=383"}],"curies":[{"name":"wp","href":"https:\/\/api.w.org\/{rel}","templated":true}]}}