{"id":386,"date":"2020-08-15T03:58:53","date_gmt":"2020-08-15T03:58:53","guid":{"rendered":"https:\/\/onceauto.seowaimao.com\/?post_type=product&#038;p=386"},"modified":"2026-01-13T08:41:49","modified_gmt":"2026-01-13T08:41:49","slug":"flame-treatment-unit","status":"publish","type":"product","link":"https:\/\/autoprintmachine.com\/de\/beflammungsanlage\/","title":{"rendered":"Flammenbehandlungseinheit"},"content":{"rendered":"<h2>Flammenbehandlungseinheit Einf\u00fchrung:<\/h2>\n<p>Die Flammbehandlungseinheit AP-F200 ist eine Hilfsmaschine f\u00fcr die Oberfl\u00e4chenbehandlung von Produkten. Sie wird haupts\u00e4chlich zur Flammbehandlung der Oberfl\u00e4chen von Kunststoffteilen aus PP, PE, HDPE usw. verwendet, um die Farbhaftung zu verbessern.<br \/>\nEr verf\u00fcgt \u00fcber ein F\u00f6rderband aus rostfreiem Stahl, automatische Z\u00fcndung, einfache Bedienung und schnelle Umstellung.<\/p>\n<h2>Flammenbehandlungseinheit Spezifikation:<\/h2>\n<table width=\"600\">\n<tbody>\n<tr>\n<td>Modell Nr.<\/td>\n<td>AP-F200<\/td>\n<\/tr>\n<tr>\n<td>Produkt\u00f6ffnungsdurchmesser<\/td>\n<td>\u00d810-\u00d830 mm<\/td>\n<\/tr>\n<tr>\n<td>Produkth\u00f6he<\/td>\n<td>25-250 mm<\/td>\n<\/tr>\n<tr>\n<td>Maximale Verarbeitungsgeschwindigkeit<\/td>\n<td>3000 St\u00fcck\/Stunde<\/td>\n<\/tr>\n<tr>\n<td>Stromversorgung<\/td>\n<td>220V, 120W<\/td>\n<\/tr>\n<tr>\n<td>Luftverbrauch<\/td>\n<td>4-6 bar<\/td>\n<\/tr>\n<tr>\n<td>Kraftstoff<\/td>\n<td>LPG (Liquefied Petroleum Gas)<\/td>\n<\/tr>\n<tr>\n<td>Abmessungen der Maschine<\/td>\n<td>L2200 \u00d7 B600 \u00d7 H1200 mm<\/td>\n<\/tr>\n<tr>\n<td>Abmessungen der Kiste<\/td>\n<td>L2460 \u00d7 B690 \u00d7 H1340 mm<\/td>\n<\/tr>\n<tr>\n<td>Nettogewicht<\/td>\n<td>180 kg<\/td>\n<\/tr>\n<tr>\n<td>Bruttogewicht<\/td>\n<td>260 kg<\/td>\n<\/tr>\n<\/tbody>\n<\/table>","protected":false},"excerpt":{"rendered":"<p>Diese Beflammungsmaschine ist f\u00fcr die Oberfl\u00e4chenbehandlung von Kunststoffprodukten zur Verbesserung der Farbhaftung sowohl beim Tampondruck als auch beim Siebdruck vorgesehen. Sie wird in der Regel f\u00fcr Materialien wie PP, PE, HDPE, LDPE usw. verwendet. Das F\u00f6rderband ist aus rostfreiem Stahl gefertigt und verf\u00fcgt \u00fcber eine einstellbare Geschwindigkeit. Die Selbstz\u00fcndungsfunktion macht den Betrieb einfacher und sicherer.<\/p>\n<p>Andere Gr\u00f6\u00dfen und kundenspezifische Beflammungsanlagen sind ebenfalls erh\u00e4ltlich.<\/p>","protected":false},"featured_media":387,"template":"","meta":[],"product_cat":[24],"class_list":{"0":"post-386","1":"product","2":"type-product","3":"status-publish","4":"has-post-thumbnail","6":"product_cat-auxiliary-equipment-for-screen-printing-and-pad-printing","8":"first","9":"instock","10":"shipping-taxable","11":"product-type-simple"},"acf":[],"yoast_head":"<!-- This site is optimized with the Yoast SEO plugin v23.9 - https:\/\/yoast.com\/wordpress\/plugins\/seo\/ -->\n<title>Flame Treatment Unit<\/title>\n<meta name=\"description\" content=\"This AP-F200 flame treatment unit is mostly used in plastic part like PP, PE, HDPE, etc. To make the part have better ink adhesion.\" \/>\n<meta name=\"robots\" content=\"index, follow, max-snippet:-1, max-image-preview:large, max-video-preview:-1\" \/>\n<link rel=\"canonical\" href=\"https:\/\/autoprintmachine.com\/de\/beflammungsanlage\/\" \/>\n<meta property=\"og:locale\" content=\"de_DE\" \/>\n<meta property=\"og:type\" content=\"article\" \/>\n<meta property=\"og:title\" content=\"Flame Treatment Unit\" \/>\n<meta property=\"og:description\" content=\"This AP-F200 flame treatment unit is mostly used in plastic part like PP, PE, HDPE, etc. To make the part have better ink adhesion.\" \/>\n<meta property=\"og:url\" content=\"https:\/\/autoprintmachine.com\/de\/beflammungsanlage\/\" \/>\n<meta property=\"article:modified_time\" content=\"2026-01-13T08:41:49+00:00\" \/>\n<meta property=\"og:image\" content=\"https:\/\/autoprintmachine.com\/wp-content\/uploads\/2020\/08\/OS-220.jpg\" \/>\n\t<meta property=\"og:image:width\" content=\"600\" \/>\n\t<meta property=\"og:image:height\" content=\"600\" \/>\n\t<meta property=\"og:image:type\" content=\"image\/jpeg\" \/>\n<meta name=\"twitter:card\" content=\"summary_large_image\" \/>\n<meta name=\"twitter:label1\" content=\"Gesch\u00e4tzte Lesezeit\" \/>\n\t<meta name=\"twitter:data1\" content=\"1\u00a0Minute\" \/>\n<script type=\"application\/ld+json\" class=\"yoast-schema-graph\">{\"@context\":\"https:\/\/schema.org\",\"@graph\":[{\"@type\":\"WebPage\",\"@id\":\"https:\/\/autoprintmachine.com\/flame-treatment-unit\/\",\"url\":\"https:\/\/autoprintmachine.com\/flame-treatment-unit\/\",\"name\":\"Flame Treatment Unit\",\"isPartOf\":{\"@id\":\"https:\/\/autoprintmachine.com\/#website\"},\"primaryImageOfPage\":{\"@id\":\"https:\/\/autoprintmachine.com\/flame-treatment-unit\/#primaryimage\"},\"image\":{\"@id\":\"https:\/\/autoprintmachine.com\/flame-treatment-unit\/#primaryimage\"},\"thumbnailUrl\":\"https:\/\/autoprintmachine.com\/wp-content\/uploads\/2020\/08\/OS-220.jpg\",\"datePublished\":\"2020-08-15T03:58:53+00:00\",\"dateModified\":\"2026-01-13T08:41:49+00:00\",\"description\":\"This AP-F200 flame treatment unit is mostly used in plastic part like PP, PE, HDPE, etc. To make the part have better ink adhesion.\",\"breadcrumb\":{\"@id\":\"https:\/\/autoprintmachine.com\/flame-treatment-unit\/#breadcrumb\"},\"inLanguage\":\"de\",\"potentialAction\":[{\"@type\":\"ReadAction\",\"target\":[\"https:\/\/autoprintmachine.com\/flame-treatment-unit\/\"]}]},{\"@type\":\"ImageObject\",\"inLanguage\":\"de\",\"@id\":\"https:\/\/autoprintmachine.com\/flame-treatment-unit\/#primaryimage\",\"url\":\"https:\/\/autoprintmachine.com\/wp-content\/uploads\/2020\/08\/OS-220.jpg\",\"contentUrl\":\"https:\/\/autoprintmachine.com\/wp-content\/uploads\/2020\/08\/OS-220.jpg\",\"width\":600,\"height\":600},{\"@type\":\"BreadcrumbList\",\"@id\":\"https:\/\/autoprintmachine.com\/flame-treatment-unit\/#breadcrumb\",\"itemListElement\":[{\"@type\":\"ListItem\",\"position\":1,\"name\":\"Home\",\"item\":\"https:\/\/autoprintmachine.com\/\"},{\"@type\":\"ListItem\",\"position\":2,\"name\":\"Products\",\"item\":\"https:\/\/autoprintmachine.com\/shop\/\"},{\"@type\":\"ListItem\",\"position\":3,\"name\":\"Flame Treatment Unit\"}]},{\"@type\":\"WebSite\",\"@id\":\"https:\/\/autoprintmachine.com\/#website\",\"url\":\"https:\/\/autoprintmachine.com\/\",\"name\":\"\",\"description\":\"\",\"potentialAction\":[{\"@type\":\"SearchAction\",\"target\":{\"@type\":\"EntryPoint\",\"urlTemplate\":\"https:\/\/autoprintmachine.com\/?s={search_term_string}\"},\"query-input\":{\"@type\":\"PropertyValueSpecification\",\"valueRequired\":true,\"valueName\":\"search_term_string\"}}],\"inLanguage\":\"de\"}]}<\/script>\n<!-- \/ Yoast SEO plugin. -->","yoast_head_json":{"title":"Flame Treatment Unit","description":"This AP-F200 flame treatment unit is mostly used in plastic part like PP, PE, HDPE, etc. To make the part have better ink adhesion.","robots":{"index":"index","follow":"follow","max-snippet":"max-snippet:-1","max-image-preview":"max-image-preview:large","max-video-preview":"max-video-preview:-1"},"canonical":"https:\/\/autoprintmachine.com\/de\/beflammungsanlage\/","og_locale":"de_DE","og_type":"article","og_title":"Flame Treatment Unit","og_description":"This AP-F200 flame treatment unit is mostly used in plastic part like PP, PE, HDPE, etc. To make the part have better ink adhesion.","og_url":"https:\/\/autoprintmachine.com\/de\/beflammungsanlage\/","article_modified_time":"2026-01-13T08:41:49+00:00","og_image":[{"width":600,"height":600,"url":"https:\/\/autoprintmachine.com\/wp-content\/uploads\/2020\/08\/OS-220.jpg","type":"image\/jpeg"}],"twitter_card":"summary_large_image","twitter_misc":{"Gesch\u00e4tzte Lesezeit":"1\u00a0Minute"},"schema":{"@context":"https:\/\/schema.org","@graph":[{"@type":"WebPage","@id":"https:\/\/autoprintmachine.com\/flame-treatment-unit\/","url":"https:\/\/autoprintmachine.com\/flame-treatment-unit\/","name":"Flame Treatment Unit","isPartOf":{"@id":"https:\/\/autoprintmachine.com\/#website"},"primaryImageOfPage":{"@id":"https:\/\/autoprintmachine.com\/flame-treatment-unit\/#primaryimage"},"image":{"@id":"https:\/\/autoprintmachine.com\/flame-treatment-unit\/#primaryimage"},"thumbnailUrl":"https:\/\/autoprintmachine.com\/wp-content\/uploads\/2020\/08\/OS-220.jpg","datePublished":"2020-08-15T03:58:53+00:00","dateModified":"2026-01-13T08:41:49+00:00","description":"This AP-F200 flame treatment unit is mostly used in plastic part like PP, PE, HDPE, etc. To make the part have better ink adhesion.","breadcrumb":{"@id":"https:\/\/autoprintmachine.com\/flame-treatment-unit\/#breadcrumb"},"inLanguage":"de","potentialAction":[{"@type":"ReadAction","target":["https:\/\/autoprintmachine.com\/flame-treatment-unit\/"]}]},{"@type":"ImageObject","inLanguage":"de","@id":"https:\/\/autoprintmachine.com\/flame-treatment-unit\/#primaryimage","url":"https:\/\/autoprintmachine.com\/wp-content\/uploads\/2020\/08\/OS-220.jpg","contentUrl":"https:\/\/autoprintmachine.com\/wp-content\/uploads\/2020\/08\/OS-220.jpg","width":600,"height":600},{"@type":"BreadcrumbList","@id":"https:\/\/autoprintmachine.com\/flame-treatment-unit\/#breadcrumb","itemListElement":[{"@type":"ListItem","position":1,"name":"Home","item":"https:\/\/autoprintmachine.com\/"},{"@type":"ListItem","position":2,"name":"Products","item":"https:\/\/autoprintmachine.com\/shop\/"},{"@type":"ListItem","position":3,"name":"Flame Treatment Unit"}]},{"@type":"WebSite","@id":"https:\/\/autoprintmachine.com\/#website","url":"https:\/\/autoprintmachine.com\/","name":"","description":"","potentialAction":[{"@type":"SearchAction","target":{"@type":"EntryPoint","urlTemplate":"https:\/\/autoprintmachine.com\/?s={search_term_string}"},"query-input":{"@type":"PropertyValueSpecification","valueRequired":true,"valueName":"search_term_string"}}],"inLanguage":"de"}]}},"_links":{"self":[{"href":"https:\/\/autoprintmachine.com\/de\/wp-json\/wp\/v2\/product\/386","targetHints":{"allow":["GET"]}}],"collection":[{"href":"https:\/\/autoprintmachine.com\/de\/wp-json\/wp\/v2\/product"}],"about":[{"href":"https:\/\/autoprintmachine.com\/de\/wp-json\/wp\/v2\/types\/product"}],"wp:featuredmedia":[{"embeddable":true,"href":"https:\/\/autoprintmachine.com\/de\/wp-json\/wp\/v2\/media\/387"}],"wp:attachment":[{"href":"https:\/\/autoprintmachine.com\/de\/wp-json\/wp\/v2\/media?parent=386"}],"wp:term":[{"taxonomy":"product_cat","embeddable":true,"href":"https:\/\/autoprintmachine.com\/de\/wp-json\/wp\/v2\/product_cat?post=386"}],"curies":[{"name":"wp","href":"https:\/\/api.w.org\/{rel}","templated":true}]}}