{"id":388,"date":"2020-08-15T04:14:21","date_gmt":"2020-08-15T04:14:21","guid":{"rendered":"https:\/\/onceauto.seowaimao.com\/?post_type=product&#038;p=388"},"modified":"2026-01-13T09:04:17","modified_gmt":"2026-01-13T09:04:17","slug":"led-vacuum-exposure-unit","status":"publish","type":"product","link":"https:\/\/autoprintmachine.com\/de\/led-vakuum-belichtungseinheit\/","title":{"rendered":"LED-Belichtungseinheit"},"content":{"rendered":"<h2>LED-Belichtungseinheit Einf\u00fchrung:<\/h2>\n<p>Der AP-LED4060 ist ein energieeffizientes LED-Belichtungsger\u00e4t. Dieses LED-Belichtungsger\u00e4t bietet viele Vorteile, darunter eine deutlich verl\u00e4ngerte Lebensdauer der Lichtquelle, einen niedrigen Energieverbrauch, eine kompakte Struktur, eine gleichm\u00e4\u00dfigere Ausleuchtung und eine h\u00f6here Produktionseffizienz. Durch die Einbeziehung von Konzepten des Umweltschutzes und geringer Kohlenstoffemissionen stellt es eine bessere Wahl f\u00fcr Kunden dar.<\/p>\n<h2>LED-Belichtungseinheit Merkmale:<\/h2>\n<ol>\n<li>Geringer Stromverbrauch, hohe effektive Wellenl\u00e4ngenenergie, ozonfreie Emissionen, kohlenstoffarm und umweltfreundlich.<\/li>\n<li>Breite Kompatibilit\u00e4t, geeignet f\u00fcr lichtempfindliche Emulsionen der meisten Marken.<\/li>\n<li>Ausgestattet mit einem Wasserk\u00fchlsystem. So kann es alle Arten von instabilen Faktoren, die durch die Erw\u00e4rmung des Glases verursacht werden, reduzieren und die Stabilit\u00e4t der Klischee-Belichtungsqualit\u00e4t erhalten.<\/li>\n<li>Ein digital gesteuerter Timer verringert die Wahrscheinlichkeit einer \u00dcber- oder Unterbelichtung erheblich.<\/li>\n<li>Die Ausleuchtung ist gleichm\u00e4\u00dfiger als bei einer herk\u00f6mmlichen Lampe, was zu klareren Musterlinien f\u00fchrt. Und es kann die Situation mit Zacken- oder Wellenmustern stark reduzieren.<\/li>\n<li>Schnelle und einfache Bedienung: Wenn die LED-Lampe startet, wird der spektrale Energiewert sofort erreicht und kann gleichzeitig das Klischee entlarven.<\/li>\n<\/ol>\n<h2>LED-Belichtungseinheit Spezifikationen:<\/h2>\n<table style=\"height: 239px;\" width=\"555\">\n<tbody>\n<tr>\n<td width=\"179\">Modell NO.<\/td>\n<td width=\"200\">AP-LED4060<\/td>\n<\/tr>\n<tr>\n<td width=\"179\">Maximale Expositionsfl\u00e4che<\/td>\n<td width=\"200\">210 x 330 mm<\/td>\n<\/tr>\n<tr>\n<td width=\"179\">Glasgr\u00f6\u00dfe<\/td>\n<td width=\"200\">395 x 495 mm<\/td>\n<\/tr>\n<tr>\n<td width=\"179\">Dicke des Glases<\/td>\n<td width=\"200\">10 mm<\/td>\n<\/tr>\n<tr>\n<td width=\"179\">UV-Lichtquelle<\/td>\n<td width=\"200\">LED, 120W<\/td>\n<\/tr>\n<tr>\n<td width=\"179\">Vakuumgrad<\/td>\n<td width=\"200\">-600mmHg<\/td>\n<\/tr>\n<tr>\n<td width=\"179\">Stromversorgung<\/td>\n<td width=\"200\">AC 220V, 50Hz, einphasig<\/td>\n<\/tr>\n<tr>\n<td width=\"179\">Gesamtabmessungen<\/td>\n<td width=\"200\">400 \u00d7 500 \u00d7 600 mm (L \u00d7 B \u00d7 H)<\/td>\n<\/tr>\n<tr>\n<td width=\"179\">Nettogewicht<\/td>\n<td width=\"200\">28 kg<\/td>\n<\/tr>\n<\/tbody>\n<\/table>","protected":false},"excerpt":{"rendered":"<p>Das Belichtungsger\u00e4t ist ein wesentlicher Bestandteil der Druckvorstufe und wird h\u00e4ufig f\u00fcr die Herstellung von Tampondruckplatten (Klischees) und Siebdruckrahmen verwendet. Der Auto Print LED-Belichter verf\u00fcgt \u00fcber ein k\u00fchles LED-Lichtsystem mit niedrigem Stromverbrauch, hoher Energieabgabe bei effektiven Wellenl\u00e4ngen und einem umweltfreundlichen, kohlenstoffarmen Design. Dieses Modell hat eine Glasgr\u00f6\u00dfe von 395 \u00d7 495 mm. Wir bieten auch andere Gr\u00f6\u00dfen an, z. B. 600 \u00d7 900 mm und 800 \u00d7 1200 mm, und auch Sondergr\u00f6\u00dfen sind m\u00f6glich.<\/p>","protected":false},"featured_media":389,"template":"","meta":[],"product_cat":[24],"class_list":{"0":"post-388","1":"product","2":"type-product","3":"status-publish","4":"has-post-thumbnail","6":"product_cat-auxiliary-equipment-for-screen-printing-and-pad-printing","8":"first","9":"instock","10":"shipping-taxable","11":"product-type-simple"},"acf":[],"yoast_head":"<!-- This site is optimized with the Yoast SEO plugin v23.9 - https:\/\/yoast.com\/wordpress\/plugins\/seo\/ -->\n<title>LED Exposure Unit<\/title>\n<meta name=\"description\" content=\"This LED exposure has long light source lifetime extended, low energy consumption, uniform illumination,higher production efficiency.\" \/>\n<meta name=\"robots\" content=\"index, follow, max-snippet:-1, max-image-preview:large, max-video-preview:-1\" \/>\n<link rel=\"canonical\" href=\"https:\/\/autoprintmachine.com\/de\/led-vakuum-belichtungseinheit\/\" \/>\n<meta property=\"og:locale\" content=\"de_DE\" \/>\n<meta property=\"og:type\" content=\"article\" \/>\n<meta property=\"og:title\" content=\"LED Exposure Unit\" \/>\n<meta property=\"og:description\" content=\"This LED exposure has long light source lifetime extended, low energy consumption, uniform illumination,higher production efficiency.\" \/>\n<meta property=\"og:url\" content=\"https:\/\/autoprintmachine.com\/de\/led-vakuum-belichtungseinheit\/\" \/>\n<meta property=\"article:modified_time\" content=\"2026-01-13T09:04:17+00:00\" \/>\n<meta property=\"og:image\" content=\"https:\/\/autoprintmachine.com\/wp-content\/uploads\/2020\/08\/OS-LED4060.jpg\" \/>\n\t<meta property=\"og:image:width\" content=\"600\" \/>\n\t<meta property=\"og:image:height\" content=\"600\" \/>\n\t<meta property=\"og:image:type\" content=\"image\/jpeg\" \/>\n<meta name=\"twitter:card\" content=\"summary_large_image\" \/>\n<meta name=\"twitter:label1\" content=\"Gesch\u00e4tzte Lesezeit\" \/>\n\t<meta name=\"twitter:data1\" content=\"2\u00a0Minuten\" \/>\n<script type=\"application\/ld+json\" class=\"yoast-schema-graph\">{\"@context\":\"https:\/\/schema.org\",\"@graph\":[{\"@type\":\"WebPage\",\"@id\":\"https:\/\/autoprintmachine.com\/led-vacuum-exposure-unit\/\",\"url\":\"https:\/\/autoprintmachine.com\/led-vacuum-exposure-unit\/\",\"name\":\"LED Exposure Unit\",\"isPartOf\":{\"@id\":\"https:\/\/autoprintmachine.com\/#website\"},\"primaryImageOfPage\":{\"@id\":\"https:\/\/autoprintmachine.com\/led-vacuum-exposure-unit\/#primaryimage\"},\"image\":{\"@id\":\"https:\/\/autoprintmachine.com\/led-vacuum-exposure-unit\/#primaryimage\"},\"thumbnailUrl\":\"https:\/\/autoprintmachine.com\/wp-content\/uploads\/2020\/08\/OS-LED4060.jpg\",\"datePublished\":\"2020-08-15T04:14:21+00:00\",\"dateModified\":\"2026-01-13T09:04:17+00:00\",\"description\":\"This LED exposure has long light source lifetime extended, low energy consumption, uniform illumination,higher production efficiency.\",\"breadcrumb\":{\"@id\":\"https:\/\/autoprintmachine.com\/led-vacuum-exposure-unit\/#breadcrumb\"},\"inLanguage\":\"de\",\"potentialAction\":[{\"@type\":\"ReadAction\",\"target\":[\"https:\/\/autoprintmachine.com\/led-vacuum-exposure-unit\/\"]}]},{\"@type\":\"ImageObject\",\"inLanguage\":\"de\",\"@id\":\"https:\/\/autoprintmachine.com\/led-vacuum-exposure-unit\/#primaryimage\",\"url\":\"https:\/\/autoprintmachine.com\/wp-content\/uploads\/2020\/08\/OS-LED4060.jpg\",\"contentUrl\":\"https:\/\/autoprintmachine.com\/wp-content\/uploads\/2020\/08\/OS-LED4060.jpg\",\"width\":600,\"height\":600},{\"@type\":\"BreadcrumbList\",\"@id\":\"https:\/\/autoprintmachine.com\/led-vacuum-exposure-unit\/#breadcrumb\",\"itemListElement\":[{\"@type\":\"ListItem\",\"position\":1,\"name\":\"Home\",\"item\":\"https:\/\/autoprintmachine.com\/\"},{\"@type\":\"ListItem\",\"position\":2,\"name\":\"Products\",\"item\":\"https:\/\/autoprintmachine.com\/shop\/\"},{\"@type\":\"ListItem\",\"position\":3,\"name\":\"LED Exposure Unit\"}]},{\"@type\":\"WebSite\",\"@id\":\"https:\/\/autoprintmachine.com\/#website\",\"url\":\"https:\/\/autoprintmachine.com\/\",\"name\":\"\",\"description\":\"\",\"potentialAction\":[{\"@type\":\"SearchAction\",\"target\":{\"@type\":\"EntryPoint\",\"urlTemplate\":\"https:\/\/autoprintmachine.com\/?s={search_term_string}\"},\"query-input\":{\"@type\":\"PropertyValueSpecification\",\"valueRequired\":true,\"valueName\":\"search_term_string\"}}],\"inLanguage\":\"de\"}]}<\/script>\n<!-- \/ Yoast SEO plugin. -->","yoast_head_json":{"title":"LED Exposure Unit","description":"This LED exposure has long light source lifetime extended, low energy consumption, uniform illumination,higher production efficiency.","robots":{"index":"index","follow":"follow","max-snippet":"max-snippet:-1","max-image-preview":"max-image-preview:large","max-video-preview":"max-video-preview:-1"},"canonical":"https:\/\/autoprintmachine.com\/de\/led-vakuum-belichtungseinheit\/","og_locale":"de_DE","og_type":"article","og_title":"LED Exposure Unit","og_description":"This LED exposure has long light source lifetime extended, low energy consumption, uniform illumination,higher production efficiency.","og_url":"https:\/\/autoprintmachine.com\/de\/led-vakuum-belichtungseinheit\/","article_modified_time":"2026-01-13T09:04:17+00:00","og_image":[{"width":600,"height":600,"url":"https:\/\/autoprintmachine.com\/wp-content\/uploads\/2020\/08\/OS-LED4060.jpg","type":"image\/jpeg"}],"twitter_card":"summary_large_image","twitter_misc":{"Gesch\u00e4tzte Lesezeit":"2\u00a0Minuten"},"schema":{"@context":"https:\/\/schema.org","@graph":[{"@type":"WebPage","@id":"https:\/\/autoprintmachine.com\/led-vacuum-exposure-unit\/","url":"https:\/\/autoprintmachine.com\/led-vacuum-exposure-unit\/","name":"LED Exposure Unit","isPartOf":{"@id":"https:\/\/autoprintmachine.com\/#website"},"primaryImageOfPage":{"@id":"https:\/\/autoprintmachine.com\/led-vacuum-exposure-unit\/#primaryimage"},"image":{"@id":"https:\/\/autoprintmachine.com\/led-vacuum-exposure-unit\/#primaryimage"},"thumbnailUrl":"https:\/\/autoprintmachine.com\/wp-content\/uploads\/2020\/08\/OS-LED4060.jpg","datePublished":"2020-08-15T04:14:21+00:00","dateModified":"2026-01-13T09:04:17+00:00","description":"This LED exposure has long light source lifetime extended, low energy consumption, uniform illumination,higher production efficiency.","breadcrumb":{"@id":"https:\/\/autoprintmachine.com\/led-vacuum-exposure-unit\/#breadcrumb"},"inLanguage":"de","potentialAction":[{"@type":"ReadAction","target":["https:\/\/autoprintmachine.com\/led-vacuum-exposure-unit\/"]}]},{"@type":"ImageObject","inLanguage":"de","@id":"https:\/\/autoprintmachine.com\/led-vacuum-exposure-unit\/#primaryimage","url":"https:\/\/autoprintmachine.com\/wp-content\/uploads\/2020\/08\/OS-LED4060.jpg","contentUrl":"https:\/\/autoprintmachine.com\/wp-content\/uploads\/2020\/08\/OS-LED4060.jpg","width":600,"height":600},{"@type":"BreadcrumbList","@id":"https:\/\/autoprintmachine.com\/led-vacuum-exposure-unit\/#breadcrumb","itemListElement":[{"@type":"ListItem","position":1,"name":"Home","item":"https:\/\/autoprintmachine.com\/"},{"@type":"ListItem","position":2,"name":"Products","item":"https:\/\/autoprintmachine.com\/shop\/"},{"@type":"ListItem","position":3,"name":"LED Exposure Unit"}]},{"@type":"WebSite","@id":"https:\/\/autoprintmachine.com\/#website","url":"https:\/\/autoprintmachine.com\/","name":"","description":"","potentialAction":[{"@type":"SearchAction","target":{"@type":"EntryPoint","urlTemplate":"https:\/\/autoprintmachine.com\/?s={search_term_string}"},"query-input":{"@type":"PropertyValueSpecification","valueRequired":true,"valueName":"search_term_string"}}],"inLanguage":"de"}]}},"_links":{"self":[{"href":"https:\/\/autoprintmachine.com\/de\/wp-json\/wp\/v2\/product\/388","targetHints":{"allow":["GET"]}}],"collection":[{"href":"https:\/\/autoprintmachine.com\/de\/wp-json\/wp\/v2\/product"}],"about":[{"href":"https:\/\/autoprintmachine.com\/de\/wp-json\/wp\/v2\/types\/product"}],"wp:featuredmedia":[{"embeddable":true,"href":"https:\/\/autoprintmachine.com\/de\/wp-json\/wp\/v2\/media\/389"}],"wp:attachment":[{"href":"https:\/\/autoprintmachine.com\/de\/wp-json\/wp\/v2\/media?parent=388"}],"wp:term":[{"taxonomy":"product_cat","embeddable":true,"href":"https:\/\/autoprintmachine.com\/de\/wp-json\/wp\/v2\/product_cat?post=388"}],"curies":[{"name":"wp","href":"https:\/\/api.w.org\/{rel}","templated":true}]}}