{"id":391,"date":"2020-08-15T08:17:06","date_gmt":"2020-08-15T08:17:06","guid":{"rendered":"https:\/\/onceauto.seowaimao.com\/?post_type=product&#038;p=391"},"modified":"2026-01-21T03:07:56","modified_gmt":"2026-01-21T03:07:56","slug":"ringe-aus-keramik-und-wolframkarbid-fur-den-tampondruck","status":"publish","type":"product","link":"https:\/\/autoprintmachine.com\/de\/ringe-aus-keramik-und-wolframkarbid-fur-den-tampondruck\/","title":{"rendered":"Ringe aus Keramik und Wolframkarbid f\u00fcr den Tampondruck"},"content":{"rendered":"<p>Der Ring (Keramik oder Wolframkarbid) ist ein Bestandteil des Tampondruck-Farbtopfes. Durch langes Rakeln gegen das Klischee nutzt sich der Ring mit der Zeit ab und muss ersetzt werden. Der Ring ist ein Verschlei\u00dfteil in Tampondruckmaschinen.<\/p>\n<p><strong>Keramischer Ring:<\/strong><\/p>\n<p>Er ist aus Zirkoniumdioxid gefertigt, das abriebfest ist. Er ist nicht so hart wie Wolframkarbid, aber er kostet weniger als ein Wolframkarbidring. Daher ist der Keramikring der Standardring, der von den meisten Tampondruckern in der Tasse verwendet wird.<\/p>\n<p><strong>Wolframkarbid-Ring:<\/strong><\/p>\n<p>Er bietet hohe Abriebfestigkeit und ausgezeichnete H\u00e4rte. Daher w\u00e4hlen einige Tampondruckmaschinen-Benutzer diese Art von Ring f\u00fcr den langfristigen Einsatz. Aber es kostet etwas mehr als der Keramikring.<\/p>\n<p>Ring Spezifikation:<\/p>\n<p>Die Ringe (sowohl aus Keramik als auch aus Wolframkarbid) haben die folgenden Spezifikationen:<\/p>\n<p><strong>Einzelklinge:<\/strong> der Ring hat nur auf einer Seite eine Klinge.<br \/>\n<strong>Doppelklinge:<\/strong> der Ring hat auf beiden Seiten eine Art Klinge.<br \/>\n<strong>\u00c4u\u00dfere Fase:<\/strong> von au\u00dfen nach innen abgeschr\u00e4gt, wodurch die Klingenkante entsteht.<br \/>\n<strong>Innere Fase:<\/strong> von innen nach au\u00dfen abgeschr\u00e4gt, wodurch die Klingenkante entsteht.<br \/>\n<strong>Doppelte Fase (innen und au\u00dfen)<\/strong>Die Klinge ist sowohl von innen als auch von au\u00dfen zur Mitte hin abgeschr\u00e4gt und bildet die Klingenkante.<\/p>\n<p>Ringbeschreibungen bestehen in der Regel aus 2 Teilen, wie z. B. \u201ceinfaches Blatt, Au\u00dfenfase\u201d, \u201cdoppeltes Blatt, Innen- und Au\u00dfenfase\u201d, usw.<\/p>\n<p>&nbsp;<\/p>\n<div class=\"row\"  id=\"row-2090104811\">\n\n\t<div id=\"col-1481442394\" class=\"col small-12 large-12\"  >\n\t\t\t\t<div class=\"col-inner text-center\"  >\n\t\t\t\n\t\t\t\n\t<div class=\"img has-hover x md-x lg-x y md-y lg-y\" id=\"image_857471765\">\n\t\t\t\t\t\t\t\t<div class=\"img-inner dark\" >\n\t\t\t<img loading=\"lazy\" decoding=\"async\" width=\"2441\" height=\"1260\" src=\"https:\/\/autoprintmachine.com\/wp-content\/uploads\/2022\/07\/pad_printing.webp\" class=\"attachment-original size-original\" alt=\"Tampondruck\" srcset=\"https:\/\/autoprintmachine.com\/wp-content\/uploads\/2022\/07\/pad_printing.webp 2441w, https:\/\/autoprintmachine.com\/wp-content\/uploads\/2022\/07\/pad_printing-510x263.webp 510w, https:\/\/autoprintmachine.com\/wp-content\/uploads\/2022\/07\/pad_printing-300x155.webp 300w, https:\/\/autoprintmachine.com\/wp-content\/uploads\/2022\/07\/pad_printing-1030x532.webp 1030w, https:\/\/autoprintmachine.com\/wp-content\/uploads\/2022\/07\/pad_printing-768x396.webp 768w, https:\/\/autoprintmachine.com\/wp-content\/uploads\/2022\/07\/pad_printing-1536x793.webp 1536w, https:\/\/autoprintmachine.com\/wp-content\/uploads\/2022\/07\/pad_printing-2048x1057.webp 2048w, https:\/\/autoprintmachine.com\/wp-content\/uploads\/2022\/07\/pad_printing-800x413.webp 800w\" sizes=\"auto, (max-width: 2441px) 100vw, 2441px\" \/>\t\t\t\t\t\t\n\t\t\t\t\t<\/div>\n\t\t\t\t\t\t\t\t\n<style>\n#image_857471765 {\n  width: 64%;\n}\n<\/style>\n\t<\/div>\n\t\n\t\t<\/div>\n\t\t\t\t\t<\/div>\n\n\t\n<\/div>\n<p>Ringgr\u00f6\u00dfe:<\/p>\n<p>Auto Print kann verschiedene Gr\u00f6\u00dfen f\u00fcr unterschiedliche Becherverwendungen liefern. Die internationalen Standardgr\u00f6\u00dfen sind meist vorr\u00e4tig. Aber wenn Sie spezielle Anforderungen an die Ringe haben, k\u00f6nnen wir sie auch individuell anpassen.<\/p>\n<p>Unsere Ringe sind in Europa sowie in Nord- und S\u00fcdamerika beliebt, unter anderem in den Niederlanden, Spanien, den USA, Mexiko und Brasilien. Die hohe Qualit\u00e4t hat uns einen guten Ruf bei unseren Kunden eingebracht. Hoffentlich k\u00f6nnen wir auch Ihnen helfen!<\/p>","protected":false},"excerpt":{"rendered":"<p>Auto Print bietet Keramik- und Wolframkarbidringe in verschiedenen Gr\u00f6\u00dfen und Spezifikationen f\u00fcr verschiedene Tampondrucker-Farbbecher-Marken an.<\/p>","protected":false},"featured_media":393,"template":"","meta":[],"product_brand":[],"product_cat":[26],"product_tag":[],"class_list":{"0":"post-391","1":"product","2":"type-product","3":"status-publish","4":"has-post-thumbnail","6":"product_cat-screen-printing-pad-printing-consumables","8":"first","9":"instock","10":"shipping-taxable","11":"product-type-simple"},"yoast_head":"<!-- This site is optimized with the Yoast SEO plugin v27.4 - https:\/\/yoast.com\/product\/yoast-seo-wordpress\/ -->\n<title>Ceramic Ring and Hard Steel Ring for Pad Printing<\/title>\n<meta name=\"description\" content=\"Auto Print provides ceramic and hard steel ring for pad printing. There are many kinds of specifications and sizes which fits your needs\" \/>\n<meta name=\"robots\" content=\"index, follow, max-snippet:-1, max-image-preview:large, max-video-preview:-1\" \/>\n<link rel=\"canonical\" href=\"https:\/\/autoprintmachine.com\/de\/ringe-aus-keramik-und-wolframkarbid-fur-den-tampondruck\/\" \/>\n<meta property=\"og:locale\" content=\"de_DE\" \/>\n<meta property=\"og:type\" content=\"article\" \/>\n<meta property=\"og:title\" content=\"Ceramic Ring and Hard Steel Ring for Pad Printing\" \/>\n<meta property=\"og:description\" content=\"Auto Print provides ceramic and hard steel ring for pad printing. There are many kinds of specifications and sizes which fits your needs\" \/>\n<meta property=\"og:url\" content=\"https:\/\/autoprintmachine.com\/de\/ringe-aus-keramik-und-wolframkarbid-fur-den-tampondruck\/\" \/>\n<meta property=\"article:publisher\" content=\"https:\/\/www.facebook.com\/autoprinttech\/\" \/>\n<meta property=\"article:modified_time\" content=\"2026-01-21T03:07:56+00:00\" \/>\n<meta property=\"og:image\" content=\"https:\/\/autoprintmachine.com\/wp-content\/uploads\/2020\/08\/\u9676\u74f7\u73af.jpg\" \/>\n\t<meta property=\"og:image:width\" content=\"600\" \/>\n\t<meta property=\"og:image:height\" content=\"600\" \/>\n\t<meta property=\"og:image:type\" content=\"image\/jpeg\" \/>\n<meta name=\"twitter:card\" content=\"summary_large_image\" \/>\n<meta name=\"twitter:label1\" content=\"Est. reading time\" \/>\n\t<meta name=\"twitter:data1\" content=\"2\u00a0Minuten\" \/>\n<script type=\"application\/ld+json\" class=\"yoast-schema-graph\">{\"@context\":\"https:\\\/\\\/schema.org\",\"@graph\":[{\"@type\":\"WebPage\",\"@id\":\"https:\\\/\\\/autoprintmachine.com\\\/ceramic-and-tungsten-carbide-rings-for-pad-printing\\\/\",\"url\":\"https:\\\/\\\/autoprintmachine.com\\\/ceramic-and-tungsten-carbide-rings-for-pad-printing\\\/\",\"name\":\"Ceramic Ring and Hard Steel Ring for Pad Printing\",\"isPartOf\":{\"@id\":\"https:\\\/\\\/autoprintmachine.com\\\/#website\"},\"primaryImageOfPage\":{\"@id\":\"https:\\\/\\\/autoprintmachine.com\\\/ceramic-and-tungsten-carbide-rings-for-pad-printing\\\/#primaryimage\"},\"image\":{\"@id\":\"https:\\\/\\\/autoprintmachine.com\\\/ceramic-and-tungsten-carbide-rings-for-pad-printing\\\/#primaryimage\"},\"thumbnailUrl\":\"https:\\\/\\\/autoprintmachine.com\\\/wp-content\\\/uploads\\\/2020\\\/08\\\/\u9676\u74f7\u73af.jpg\",\"datePublished\":\"2020-08-15T08:17:06+00:00\",\"dateModified\":\"2026-01-21T03:07:56+00:00\",\"description\":\"Auto Print provides ceramic and hard steel ring for pad printing. There are many kinds of specifications and sizes which fits your needs\",\"breadcrumb\":{\"@id\":\"https:\\\/\\\/autoprintmachine.com\\\/ceramic-and-tungsten-carbide-rings-for-pad-printing\\\/#breadcrumb\"},\"inLanguage\":\"de\",\"potentialAction\":[{\"@type\":\"ReadAction\",\"target\":[\"https:\\\/\\\/autoprintmachine.com\\\/ceramic-and-tungsten-carbide-rings-for-pad-printing\\\/\"]}]},{\"@type\":\"ImageObject\",\"inLanguage\":\"de\",\"@id\":\"https:\\\/\\\/autoprintmachine.com\\\/ceramic-and-tungsten-carbide-rings-for-pad-printing\\\/#primaryimage\",\"url\":\"https:\\\/\\\/autoprintmachine.com\\\/wp-content\\\/uploads\\\/2020\\\/08\\\/\u9676\u74f7\u73af.jpg\",\"contentUrl\":\"https:\\\/\\\/autoprintmachine.com\\\/wp-content\\\/uploads\\\/2020\\\/08\\\/\u9676\u74f7\u73af.jpg\",\"width\":600,\"height\":600},{\"@type\":\"BreadcrumbList\",\"@id\":\"https:\\\/\\\/autoprintmachine.com\\\/ceramic-and-tungsten-carbide-rings-for-pad-printing\\\/#breadcrumb\",\"itemListElement\":[{\"@type\":\"ListItem\",\"position\":1,\"name\":\"Home\",\"item\":\"https:\\\/\\\/autoprintmachine.com\\\/\"},{\"@type\":\"ListItem\",\"position\":2,\"name\":\"Products\",\"item\":\"https:\\\/\\\/autoprintmachine.com\\\/shop\\\/\"},{\"@type\":\"ListItem\",\"position\":3,\"name\":\"Ceramic and Tungsten Carbide Rings for Pad Printing\"}]},{\"@type\":\"WebSite\",\"@id\":\"https:\\\/\\\/autoprintmachine.com\\\/#website\",\"url\":\"https:\\\/\\\/autoprintmachine.com\\\/\",\"name\":\"\",\"description\":\"\",\"publisher\":{\"@id\":\"https:\\\/\\\/autoprintmachine.com\\\/#organization\"},\"potentialAction\":[{\"@type\":\"SearchAction\",\"target\":{\"@type\":\"EntryPoint\",\"urlTemplate\":\"https:\\\/\\\/autoprintmachine.com\\\/?s={search_term_string}\"},\"query-input\":{\"@type\":\"PropertyValueSpecification\",\"valueRequired\":true,\"valueName\":\"search_term_string\"}}],\"inLanguage\":\"de\"},{\"@type\":\"Organization\",\"@id\":\"https:\\\/\\\/autoprintmachine.com\\\/#organization\",\"name\":\"Dongguan Auto Print Tech Co., Ltd\",\"url\":\"https:\\\/\\\/autoprintmachine.com\\\/\",\"logo\":{\"@type\":\"ImageObject\",\"inLanguage\":\"de\",\"@id\":\"https:\\\/\\\/autoprintmachine.com\\\/#\\\/schema\\\/logo\\\/image\\\/\",\"url\":\"https:\\\/\\\/autoprintmachine.com\\\/wp-content\\\/uploads\\\/2023\\\/06\\\/screen_printing_logo_new.webp\",\"contentUrl\":\"https:\\\/\\\/autoprintmachine.com\\\/wp-content\\\/uploads\\\/2023\\\/06\\\/screen_printing_logo_new.webp\",\"width\":890,\"height\":750,\"caption\":\"Dongguan Auto Print Tech Co., Ltd\"},\"image\":{\"@id\":\"https:\\\/\\\/autoprintmachine.com\\\/#\\\/schema\\\/logo\\\/image\\\/\"},\"sameAs\":[\"https:\\\/\\\/www.facebook.com\\\/autoprinttech\\\/\",\"https:\\\/\\\/www.youtube.com\\\/channel\\\/UCJtPGiBbQWGE2DZLxySpCtw\"]}]}<\/script>\n<!-- \/ Yoast SEO plugin. -->","yoast_head_json":{"title":"Keramikring und harter Stahlring f\u00fcr den Tampondruck","description":"Auto Print bietet Keramik- und Hartstahlringe f\u00fcr den Tampondruck an. Es gibt viele Arten von Spezifikationen und Gr\u00f6\u00dfen, die Ihren Bed\u00fcrfnissen entsprechen","robots":{"index":"index","follow":"follow","max-snippet":"max-snippet:-1","max-image-preview":"max-image-preview:large","max-video-preview":"max-video-preview:-1"},"canonical":"https:\/\/autoprintmachine.com\/de\/ringe-aus-keramik-und-wolframkarbid-fur-den-tampondruck\/","og_locale":"de_DE","og_type":"article","og_title":"Ceramic Ring and Hard Steel Ring for Pad Printing","og_description":"Auto Print provides ceramic and hard steel ring for pad printing. There are many kinds of specifications and sizes which fits your needs","og_url":"https:\/\/autoprintmachine.com\/de\/ringe-aus-keramik-und-wolframkarbid-fur-den-tampondruck\/","article_publisher":"https:\/\/www.facebook.com\/autoprinttech\/","article_modified_time":"2026-01-21T03:07:56+00:00","og_image":[{"width":600,"height":600,"url":"https:\/\/autoprintmachine.com\/wp-content\/uploads\/2020\/08\/\u9676\u74f7\u73af.jpg","type":"image\/jpeg"}],"twitter_card":"summary_large_image","twitter_misc":{"Est. reading time":"2\u00a0Minuten"},"schema":{"@context":"https:\/\/schema.org","@graph":[{"@type":"WebPage","@id":"https:\/\/autoprintmachine.com\/ceramic-and-tungsten-carbide-rings-for-pad-printing\/","url":"https:\/\/autoprintmachine.com\/ceramic-and-tungsten-carbide-rings-for-pad-printing\/","name":"Keramikring und harter Stahlring f\u00fcr den Tampondruck","isPartOf":{"@id":"https:\/\/autoprintmachine.com\/#website"},"primaryImageOfPage":{"@id":"https:\/\/autoprintmachine.com\/ceramic-and-tungsten-carbide-rings-for-pad-printing\/#primaryimage"},"image":{"@id":"https:\/\/autoprintmachine.com\/ceramic-and-tungsten-carbide-rings-for-pad-printing\/#primaryimage"},"thumbnailUrl":"https:\/\/autoprintmachine.com\/wp-content\/uploads\/2020\/08\/\u9676\u74f7\u73af.jpg","datePublished":"2020-08-15T08:17:06+00:00","dateModified":"2026-01-21T03:07:56+00:00","description":"Auto Print bietet Keramik- und Hartstahlringe f\u00fcr den Tampondruck an. Es gibt viele Arten von Spezifikationen und Gr\u00f6\u00dfen, die Ihren Bed\u00fcrfnissen entsprechen","breadcrumb":{"@id":"https:\/\/autoprintmachine.com\/ceramic-and-tungsten-carbide-rings-for-pad-printing\/#breadcrumb"},"inLanguage":"de","potentialAction":[{"@type":"ReadAction","target":["https:\/\/autoprintmachine.com\/ceramic-and-tungsten-carbide-rings-for-pad-printing\/"]}]},{"@type":"ImageObject","inLanguage":"de","@id":"https:\/\/autoprintmachine.com\/ceramic-and-tungsten-carbide-rings-for-pad-printing\/#primaryimage","url":"https:\/\/autoprintmachine.com\/wp-content\/uploads\/2020\/08\/\u9676\u74f7\u73af.jpg","contentUrl":"https:\/\/autoprintmachine.com\/wp-content\/uploads\/2020\/08\/\u9676\u74f7\u73af.jpg","width":600,"height":600},{"@type":"BreadcrumbList","@id":"https:\/\/autoprintmachine.com\/ceramic-and-tungsten-carbide-rings-for-pad-printing\/#breadcrumb","itemListElement":[{"@type":"ListItem","position":1,"name":"Home","item":"https:\/\/autoprintmachine.com\/"},{"@type":"ListItem","position":2,"name":"Products","item":"https:\/\/autoprintmachine.com\/shop\/"},{"@type":"ListItem","position":3,"name":"Ceramic and Tungsten Carbide Rings for Pad Printing"}]},{"@type":"WebSite","@id":"https:\/\/autoprintmachine.com\/#website","url":"https:\/\/autoprintmachine.com\/","name":"","description":"","publisher":{"@id":"https:\/\/autoprintmachine.com\/#organization"},"potentialAction":[{"@type":"SearchAction","target":{"@type":"EntryPoint","urlTemplate":"https:\/\/autoprintmachine.com\/?s={search_term_string}"},"query-input":{"@type":"PropertyValueSpecification","valueRequired":true,"valueName":"search_term_string"}}],"inLanguage":"de"},{"@type":"Organization","@id":"https:\/\/autoprintmachine.com\/#organization","name":"Dongguan Auto Print Tech Co.","url":"https:\/\/autoprintmachine.com\/","logo":{"@type":"ImageObject","inLanguage":"de","@id":"https:\/\/autoprintmachine.com\/#\/schema\/logo\/image\/","url":"https:\/\/autoprintmachine.com\/wp-content\/uploads\/2023\/06\/screen_printing_logo_new.webp","contentUrl":"https:\/\/autoprintmachine.com\/wp-content\/uploads\/2023\/06\/screen_printing_logo_new.webp","width":890,"height":750,"caption":"Dongguan Auto Print Tech Co., Ltd"},"image":{"@id":"https:\/\/autoprintmachine.com\/#\/schema\/logo\/image\/"},"sameAs":["https:\/\/www.facebook.com\/autoprinttech\/","https:\/\/www.youtube.com\/channel\/UCJtPGiBbQWGE2DZLxySpCtw"]}]}},"_links":{"self":[{"href":"https:\/\/autoprintmachine.com\/de\/wp-json\/wp\/v2\/product\/391","targetHints":{"allow":["GET"]}}],"collection":[{"href":"https:\/\/autoprintmachine.com\/de\/wp-json\/wp\/v2\/product"}],"about":[{"href":"https:\/\/autoprintmachine.com\/de\/wp-json\/wp\/v2\/types\/product"}],"wp:featuredmedia":[{"embeddable":true,"href":"https:\/\/autoprintmachine.com\/de\/wp-json\/wp\/v2\/media\/393"}],"wp:attachment":[{"href":"https:\/\/autoprintmachine.com\/de\/wp-json\/wp\/v2\/media?parent=391"}],"wp:term":[{"taxonomy":"product_brand","embeddable":true,"href":"https:\/\/autoprintmachine.com\/de\/wp-json\/wp\/v2\/product_brand?post=391"},{"taxonomy":"product_cat","embeddable":true,"href":"https:\/\/autoprintmachine.com\/de\/wp-json\/wp\/v2\/product_cat?post=391"},{"taxonomy":"product_tag","embeddable":true,"href":"https:\/\/autoprintmachine.com\/de\/wp-json\/wp\/v2\/product_tag?post=391"}],"curies":[{"name":"wp","href":"https:\/\/api.w.org\/{rel}","templated":true}]}}