{"id":543,"date":"2020-08-26T08:05:00","date_gmt":"2020-08-26T08:05:00","guid":{"rendered":"https:\/\/onceauto.seowaimao.com\/?post_type=product&#038;p=543"},"modified":"2025-12-24T06:07:18","modified_gmt":"2025-12-24T06:07:18","slug":"mehrfarbige-zylindrische-siebdruckmaschine","status":"publish","type":"product","link":"https:\/\/autoprintmachine.com\/de\/mehrfarbige-zylindrische-siebdruckmaschine\/","title":{"rendered":"Mehrfarbige zylindrische Siebdruckmaschine"},"content":{"rendered":"<section class=\"section\" id=\"section_1438035108\">\n\t\t<div class=\"section-bg fill\" >\n\t\t\t\t\t\t\t\t\t\n\t\t\t\n\n\t\t<\/div>\n\n\t\t\n\n\t\t<div class=\"section-content relative\">\n\t\t\t\n<div class=\"row\"  id=\"row-2122697069\">\n\n\t<div id=\"col-678673461\" class=\"col small-12 large-12\"  >\n\t\t\t\t<div class=\"col-inner\"  >\n\t\t\t\n\t\t\t\n<h2>Produkt Video \u00dcbersicht: AP-400S Zylindrische Siebdruckmaschine<\/h2>\n\t\t<\/div>\n\t\t\t\t\t<\/div>\n\n\t\n\n\t<div id=\"col-1416729029\" class=\"col medium-2 small-12 large-2\"  >\n\t\t\t\t<div class=\"col-inner text-center\"  >\n\t\t\t\n\t\t\t\n\t\t<\/div>\n\t\t\t\t\t<\/div>\n\n\t\n\n\t<div id=\"col-1833441455\" class=\"col medium-8 small-12 large-8\"  >\n\t\t\t\t<div class=\"col-inner text-center\"  >\n\t\t\t\n\t\t\t\n<div class=\"video video-fit mb\" style=\"padding-top:56.25%;\"><p><iframe loading=\"lazy\" title=\"Halbautomatische 2-Farben-Kunststoffbecher-Druckmaschine\" width=\"1020\" height=\"574\" src=\"https:\/\/www.youtube.com\/embed\/6YkJuxVgy-Y?feature=oembed\" frameborder=\"0\" allow=\"accelerometer; autoplay; clipboard-write; encrypted-media; gyroscope; picture-in-picture; web-share\" referrerpolicy=\"strict-origin-when-cross-origin\" allowfullscreen><\/iframe><\/p>\n<\/div>\n\t\t<\/div>\n\t\t\t\t\t<\/div>\n\n\t\n\n\t<div id=\"col-1263016165\" class=\"col medium-2 small-12 large-2\"  >\n\t\t\t\t<div class=\"col-inner text-center\"  >\n\t\t\t\n\t\t\t\n\t\t<\/div>\n\t\t\t\t\t<\/div>\n\n\t\n<\/div>\n\t\t<\/div>\n\n\t\t\n<style>\n#section_1438035108 {\n  padding-top: 30px;\n  padding-bottom: 30px;\n}\n<\/style>\n\t<\/section>\n\t\n\n\t<section class=\"section\" id=\"section_313854459\">\n\t\t<div class=\"section-bg fill\" >\n\t\t\t\t\t\t\t\t\t\n\t\t\t\n\n\t\t<\/div>\n\n\t\t\n\n\t\t<div class=\"section-content relative\">\n\t\t\t\n<div class=\"row\"  id=\"row-1127274456\">\n\n\t<div id=\"col-533745208\" class=\"col small-12 large-12\"  >\n\t\t\t\t<div class=\"col-inner\"  >\n\t\t\t\n\t\t\t\t\t<\/div>\n\t\t\t\t\t<\/div>\n\n\t\n<h2>AP-400S Zylindrischer Siebdrucker \u00dcbersicht<\/h2>\n<p>Die AP-400S Maschine ist eine servogesteuerte, links\/rechts drehende zylindrische Siebdruckmaschine. Sie ist mit einer Marken-SPS und einem Touchscreen ausgestattet, der alle Bewegungen steuert. Der maximale Druckdurchmesser kann 110 mm erreichen. Diese Maschine ist mit einem optischen Markensensor f\u00fcr den Druck von Farbe zu Farbe ausgestattet. Es wird h\u00e4ufig f\u00fcr runde Objekte ohne Passermarke (Ankerpunkt) verwendet, um mehrere Farben zu drucken. Dank der Servo-Rotation ben\u00f6tigt diese Maschine auch keine Zahnr\u00e4der, wenn sie auf Flaschen mit unterschiedlichen Durchmessern umgestellt wird. Es kann mit genauer Registrierung drucken.<\/p>\n<\/div>\n\t\t<\/div>\n\n\t\t\n<style>\n#section_313854459 {\n  padding-top: 30px;\n  padding-bottom: 30px;\n}\n<\/style>\n\t<\/section>\n\t\n\n\t<section class=\"section\" id=\"section_1215708906\">\n\t\t<div class=\"section-bg fill\" >\n\t\t\t\t\t\t\t\t\t\n\t\t\t\n\n\t\t<\/div>\n\n\t\t\n\n\t\t<div class=\"section-content relative\">\n\t\t\t\n<div class=\"row\"  id=\"row-764717971\">\n\n\t<div id=\"col-566402457\" class=\"col small-12 large-12\"  >\n\t\t\t\t<div class=\"col-inner\"  >\n\t\t\t\n\t\t\t\n<h2>Hauptmerkmale der zylindrischen Siebdruckmaschine AP-400S<\/h2>\n<ol>\n<li>Speziell entwickelt f\u00fcr runde Gegenst\u00e4nde ohne Registrierlaschen, wie z. B. Kunststoffflaschen, Wasserflaschen, Glasbeh\u00e4lter, \u00d6lfilter, Kosmetiktuben, usw.<\/li>\n<li>Schneller, einfacher Werkzeugwechsel mit hochpr\u00e4ziser Servopositionierung. Alle Steuerungen werden bequem \u00fcber den Touchscreen bedient.<\/li>\n<li>Servomotorantrieb mit PLC-Touchscreen-Steuerung<\/li>\n<li>Neuregistrierung durch den optischen Sensor<\/li>\n<li>Stabiler und leiser Maschinenbetrieb<\/li>\n<\/ol>\n\t\t<\/div>\n\t\t\t\t\t<\/div>\n\n\t\n<\/div>\n\t\t<\/div>\n\n\t\t\n<style>\n#section_1215708906 {\n  padding-top: 30px;\n  padding-bottom: 30px;\n}\n<\/style>\n\t<\/section>\n\t\n\n\t<section class=\"section\" id=\"section_1572409659\">\n\t\t<div class=\"section-bg fill\" >\n\t\t\t\t\t\t\t\t\t\n\t\t\t\n\n\t\t<\/div>\n\n\t\t\n\n\t\t<div class=\"section-content relative\">\n\t\t\t\n<div class=\"row\"  id=\"row-1444556795\">\n\n\t<div id=\"col-243975937\" class=\"col small-12 large-12\"  >\n\t\t\t\t<div class=\"col-inner\"  >\n\t\t\t\n\t\t\t\n<h2>Technische Daten<\/h2>\n<table style=\"font-size: 15px;\" width=\"647\">\n<tbody>\n<tr>\n<td width=\"292\"><strong>Modell Nr.:<\/strong><\/td>\n<td width=\"355\">AP-400S<\/td>\n<\/tr>\n<tr>\n<td width=\"292\"><strong>Form drucken<\/strong><\/td>\n<td width=\"355\">Rund<\/td>\n<\/tr>\n<tr>\n<td width=\"292\"><strong>Auf- und Abw\u00e4rtshub angetrieben:<\/strong><\/td>\n<td width=\"355\">Elektromotor<\/td>\n<\/tr>\n<tr>\n<td width=\"292\"><strong>Drucktaktgesteuert:<\/strong><\/td>\n<td width=\"355\">Servomotor<\/td>\n<\/tr>\n<tr>\n<td width=\"292\"><strong>System der Neuregistrierung:<\/strong><\/td>\n<td width=\"355\">Servomotor und optischer Sensor<\/td>\n<\/tr>\n<tr>\n<td width=\"292\"><strong>Kontrollsystem: <\/strong><\/td>\n<td width=\"355\">Marke PLC &amp; Touchscreen<\/td>\n<\/tr>\n<tr>\n<td width=\"292\"><strong>Druck runder Durchmesser:<\/strong><\/td>\n<td width=\"355\">\u00a0\u00d87mm(0.276\u2033)-\u00d8110mm (4.33\u2033)<\/td>\n<\/tr>\n<tr>\n<td width=\"292\"><strong>Maximaler Druckbereich:<\/strong><\/td>\n<td width=\"355\">L350mm x H220 mm<\/td>\n<\/tr>\n<tr>\n<td width=\"292\"><strong>Maximale Gr\u00f6\u00dfe des Bildschirmrahmens:<\/strong><\/td>\n<td width=\"355\">800 x 400mm (31,50\u2033 x 15,74\u2033)<\/td>\n<\/tr>\n<tr>\n<td width=\"292\"><strong>Geschwindigkeit des Druckzyklus:<\/strong><\/td>\n<td width=\"355\">2000 Zyklen\/Stunde<\/td>\n<\/tr>\n<tr>\n<td width=\"292\"><strong>Toleranz bei der Registrierung: <\/strong><\/td>\n<td width=\"355\">+\/- 0,3-0,5 mm (au\u00dfer Produkttoleranz)<\/td>\n<\/tr>\n<tr>\n<td width=\"292\"><strong>Elektrische Versorgung: <\/strong><\/td>\n<td width=\"355\">110V\/220V 50-60Hz 2.5KW<\/td>\n<\/tr>\n<tr>\n<td width=\"292\"><strong>Luftbedarf:<\/strong><\/td>\n<td width=\"355\">5-7 bar<\/td>\n<\/tr>\n<tr>\n<td width=\"292\"><strong>Abmessungen der Maschine:<\/strong><\/td>\n<td width=\"355\">L900 x B800 x H1450 mm<\/td>\n<\/tr>\n<tr>\n<td width=\"292\"><strong>Gewicht: <\/strong><\/td>\n<td width=\"355\">200 kg (440.92 lbs)<\/td>\n<\/tr>\n<\/tbody>\n<\/table>\n\t\t<\/div>\n\t\t\t\t\t<\/div>\n\n\t\n<\/div>\n\t\t<\/div>\n\n\t\t\n<style>\n#section_1572409659 {\n  padding-top: 30px;\n  padding-bottom: 30px;\n}\n<\/style>\n\t<\/section>","protected":false},"excerpt":{"rendered":"<p>Die runde Siebdruckmaschine AP-400S ist f\u00fcr zylindrische Objekte wie Flaschen, Beh\u00e4lter und Tassen konzipiert, die keine Passermarke (Ankerpunkt) haben, aber mehrfarbig bedruckt werden m\u00fcssen. Der maximale Druckdurchmesser betr\u00e4gt 110 mm. Diese Art von Siebdruckmaschine wird h\u00e4ufig zum Bedrucken von runden Flaschen, Beh\u00e4ltern und Bechern, wie z. B. Sportwasserflaschen und Plastikbechern, verwendet.<\/p>\n<p>&nbsp;<\/p>","protected":false},"featured_media":544,"template":"","meta":[],"product_brand":[],"product_cat":[15],"product_tag":[],"class_list":{"0":"post-543","1":"product","2":"type-product","3":"status-publish","4":"has-post-thumbnail","6":"product_cat-automatic-cylindrical-screen-printing-machine","8":"first","9":"instock","10":"shipping-taxable","11":"product-type-simple"},"yoast_head":"<!-- This site is optimized with the Yoast SEO plugin v27.4 - https:\/\/yoast.com\/product\/yoast-seo-wordpress\/ -->\n<title>Multi Color Screen Printing Machine on Cylindrical products<\/title>\n<meta name=\"description\" content=\"Our machine can print different patterns on round products with touch screen control system. And without gear when the diameter is different.\" \/>\n<meta name=\"robots\" content=\"index, follow, max-snippet:-1, max-image-preview:large, max-video-preview:-1\" \/>\n<link rel=\"canonical\" href=\"https:\/\/autoprintmachine.com\/de\/mehrfarbige-zylindrische-siebdruckmaschine\/\" \/>\n<meta property=\"og:locale\" content=\"de_DE\" \/>\n<meta property=\"og:type\" content=\"article\" \/>\n<meta property=\"og:title\" content=\"Multi Color Screen Printing Machine on Cylindrical products\" \/>\n<meta property=\"og:description\" content=\"Our machine can print different patterns on round products with touch screen control system. And without gear when the diameter is different.\" \/>\n<meta property=\"og:url\" content=\"https:\/\/autoprintmachine.com\/de\/mehrfarbige-zylindrische-siebdruckmaschine\/\" \/>\n<meta property=\"article:publisher\" content=\"https:\/\/www.facebook.com\/autoprinttech\/\" \/>\n<meta property=\"article:modified_time\" content=\"2025-12-24T06:07:18+00:00\" \/>\n<meta property=\"og:image\" content=\"https:\/\/autoprintmachine.com\/wp-content\/uploads\/2020\/08\/OS-400S.jpg\" \/>\n\t<meta property=\"og:image:width\" content=\"600\" \/>\n\t<meta property=\"og:image:height\" content=\"600\" \/>\n\t<meta property=\"og:image:type\" content=\"image\/jpeg\" \/>\n<meta name=\"twitter:card\" content=\"summary_large_image\" \/>\n<meta name=\"twitter:label1\" content=\"Est. reading time\" \/>\n\t<meta name=\"twitter:data1\" content=\"2\u00a0Minuten\" \/>\n<script type=\"application\/ld+json\" class=\"yoast-schema-graph\">{\"@context\":\"https:\\\/\\\/schema.org\",\"@graph\":[{\"@type\":\"WebPage\",\"@id\":\"https:\\\/\\\/autoprintmachine.com\\\/multi-color-cylindrical-screen-printing-machine\\\/\",\"url\":\"https:\\\/\\\/autoprintmachine.com\\\/multi-color-cylindrical-screen-printing-machine\\\/\",\"name\":\"Multi Color Screen Printing Machine on Cylindrical products\",\"isPartOf\":{\"@id\":\"https:\\\/\\\/autoprintmachine.com\\\/#website\"},\"primaryImageOfPage\":{\"@id\":\"https:\\\/\\\/autoprintmachine.com\\\/multi-color-cylindrical-screen-printing-machine\\\/#primaryimage\"},\"image\":{\"@id\":\"https:\\\/\\\/autoprintmachine.com\\\/multi-color-cylindrical-screen-printing-machine\\\/#primaryimage\"},\"thumbnailUrl\":\"https:\\\/\\\/autoprintmachine.com\\\/wp-content\\\/uploads\\\/2020\\\/08\\\/OS-400S.jpg\",\"datePublished\":\"2020-08-26T08:05:00+00:00\",\"dateModified\":\"2025-12-24T06:07:18+00:00\",\"description\":\"Our machine can print different patterns on round products with touch screen control system. And without gear when the diameter is different.\",\"breadcrumb\":{\"@id\":\"https:\\\/\\\/autoprintmachine.com\\\/multi-color-cylindrical-screen-printing-machine\\\/#breadcrumb\"},\"inLanguage\":\"de\",\"potentialAction\":[{\"@type\":\"ReadAction\",\"target\":[\"https:\\\/\\\/autoprintmachine.com\\\/multi-color-cylindrical-screen-printing-machine\\\/\"]}]},{\"@type\":\"ImageObject\",\"inLanguage\":\"de\",\"@id\":\"https:\\\/\\\/autoprintmachine.com\\\/multi-color-cylindrical-screen-printing-machine\\\/#primaryimage\",\"url\":\"https:\\\/\\\/autoprintmachine.com\\\/wp-content\\\/uploads\\\/2020\\\/08\\\/OS-400S.jpg\",\"contentUrl\":\"https:\\\/\\\/autoprintmachine.com\\\/wp-content\\\/uploads\\\/2020\\\/08\\\/OS-400S.jpg\",\"width\":600,\"height\":600,\"caption\":\"automatic screen printing machine\"},{\"@type\":\"BreadcrumbList\",\"@id\":\"https:\\\/\\\/autoprintmachine.com\\\/multi-color-cylindrical-screen-printing-machine\\\/#breadcrumb\",\"itemListElement\":[{\"@type\":\"ListItem\",\"position\":1,\"name\":\"Home\",\"item\":\"https:\\\/\\\/autoprintmachine.com\\\/\"},{\"@type\":\"ListItem\",\"position\":2,\"name\":\"Products\",\"item\":\"https:\\\/\\\/autoprintmachine.com\\\/shop\\\/\"},{\"@type\":\"ListItem\",\"position\":3,\"name\":\"Multi Color Cylindrical Screen Printing Machine\"}]},{\"@type\":\"WebSite\",\"@id\":\"https:\\\/\\\/autoprintmachine.com\\\/#website\",\"url\":\"https:\\\/\\\/autoprintmachine.com\\\/\",\"name\":\"\",\"description\":\"\",\"publisher\":{\"@id\":\"https:\\\/\\\/autoprintmachine.com\\\/#organization\"},\"potentialAction\":[{\"@type\":\"SearchAction\",\"target\":{\"@type\":\"EntryPoint\",\"urlTemplate\":\"https:\\\/\\\/autoprintmachine.com\\\/?s={search_term_string}\"},\"query-input\":{\"@type\":\"PropertyValueSpecification\",\"valueRequired\":true,\"valueName\":\"search_term_string\"}}],\"inLanguage\":\"de\"},{\"@type\":\"Organization\",\"@id\":\"https:\\\/\\\/autoprintmachine.com\\\/#organization\",\"name\":\"Dongguan Auto Print Tech Co., Ltd\",\"url\":\"https:\\\/\\\/autoprintmachine.com\\\/\",\"logo\":{\"@type\":\"ImageObject\",\"inLanguage\":\"de\",\"@id\":\"https:\\\/\\\/autoprintmachine.com\\\/#\\\/schema\\\/logo\\\/image\\\/\",\"url\":\"https:\\\/\\\/autoprintmachine.com\\\/wp-content\\\/uploads\\\/2023\\\/06\\\/screen_printing_logo_new.webp\",\"contentUrl\":\"https:\\\/\\\/autoprintmachine.com\\\/wp-content\\\/uploads\\\/2023\\\/06\\\/screen_printing_logo_new.webp\",\"width\":890,\"height\":750,\"caption\":\"Dongguan Auto Print Tech Co., Ltd\"},\"image\":{\"@id\":\"https:\\\/\\\/autoprintmachine.com\\\/#\\\/schema\\\/logo\\\/image\\\/\"},\"sameAs\":[\"https:\\\/\\\/www.facebook.com\\\/autoprinttech\\\/\",\"https:\\\/\\\/www.youtube.com\\\/channel\\\/UCJtPGiBbQWGE2DZLxySpCtw\"]}]}<\/script>\n<!-- \/ Yoast SEO plugin. -->","yoast_head_json":{"title":"Mehrfarben-Siebdruckmaschine auf zylindrischen Produkten","description":"Unsere Maschine kann verschiedene Muster auf runde Produkte mit Touchscreen-Steuerungssystem drucken. Und ohne Getriebe, wenn der Durchmesser unterschiedlich ist.","robots":{"index":"index","follow":"follow","max-snippet":"max-snippet:-1","max-image-preview":"max-image-preview:large","max-video-preview":"max-video-preview:-1"},"canonical":"https:\/\/autoprintmachine.com\/de\/mehrfarbige-zylindrische-siebdruckmaschine\/","og_locale":"de_DE","og_type":"article","og_title":"Multi Color Screen Printing Machine on Cylindrical products","og_description":"Our machine can print different patterns on round products with touch screen control system. And without gear when the diameter is different.","og_url":"https:\/\/autoprintmachine.com\/de\/mehrfarbige-zylindrische-siebdruckmaschine\/","article_publisher":"https:\/\/www.facebook.com\/autoprinttech\/","article_modified_time":"2025-12-24T06:07:18+00:00","og_image":[{"width":600,"height":600,"url":"https:\/\/autoprintmachine.com\/wp-content\/uploads\/2020\/08\/OS-400S.jpg","type":"image\/jpeg"}],"twitter_card":"summary_large_image","twitter_misc":{"Est. reading time":"2\u00a0Minuten"},"schema":{"@context":"https:\/\/schema.org","@graph":[{"@type":"WebPage","@id":"https:\/\/autoprintmachine.com\/multi-color-cylindrical-screen-printing-machine\/","url":"https:\/\/autoprintmachine.com\/multi-color-cylindrical-screen-printing-machine\/","name":"Mehrfarben-Siebdruckmaschine auf zylindrischen Produkten","isPartOf":{"@id":"https:\/\/autoprintmachine.com\/#website"},"primaryImageOfPage":{"@id":"https:\/\/autoprintmachine.com\/multi-color-cylindrical-screen-printing-machine\/#primaryimage"},"image":{"@id":"https:\/\/autoprintmachine.com\/multi-color-cylindrical-screen-printing-machine\/#primaryimage"},"thumbnailUrl":"https:\/\/autoprintmachine.com\/wp-content\/uploads\/2020\/08\/OS-400S.jpg","datePublished":"2020-08-26T08:05:00+00:00","dateModified":"2025-12-24T06:07:18+00:00","description":"Unsere Maschine kann verschiedene Muster auf runde Produkte mit Touchscreen-Steuerungssystem drucken. Und ohne Getriebe, wenn der Durchmesser unterschiedlich ist.","breadcrumb":{"@id":"https:\/\/autoprintmachine.com\/multi-color-cylindrical-screen-printing-machine\/#breadcrumb"},"inLanguage":"de","potentialAction":[{"@type":"ReadAction","target":["https:\/\/autoprintmachine.com\/multi-color-cylindrical-screen-printing-machine\/"]}]},{"@type":"ImageObject","inLanguage":"de","@id":"https:\/\/autoprintmachine.com\/multi-color-cylindrical-screen-printing-machine\/#primaryimage","url":"https:\/\/autoprintmachine.com\/wp-content\/uploads\/2020\/08\/OS-400S.jpg","contentUrl":"https:\/\/autoprintmachine.com\/wp-content\/uploads\/2020\/08\/OS-400S.jpg","width":600,"height":600,"caption":"automatic screen printing machine"},{"@type":"BreadcrumbList","@id":"https:\/\/autoprintmachine.com\/multi-color-cylindrical-screen-printing-machine\/#breadcrumb","itemListElement":[{"@type":"ListItem","position":1,"name":"Home","item":"https:\/\/autoprintmachine.com\/"},{"@type":"ListItem","position":2,"name":"Products","item":"https:\/\/autoprintmachine.com\/shop\/"},{"@type":"ListItem","position":3,"name":"Multi Color Cylindrical Screen Printing Machine"}]},{"@type":"WebSite","@id":"https:\/\/autoprintmachine.com\/#website","url":"https:\/\/autoprintmachine.com\/","name":"","description":"","publisher":{"@id":"https:\/\/autoprintmachine.com\/#organization"},"potentialAction":[{"@type":"SearchAction","target":{"@type":"EntryPoint","urlTemplate":"https:\/\/autoprintmachine.com\/?s={search_term_string}"},"query-input":{"@type":"PropertyValueSpecification","valueRequired":true,"valueName":"search_term_string"}}],"inLanguage":"de"},{"@type":"Organization","@id":"https:\/\/autoprintmachine.com\/#organization","name":"Dongguan Auto Print Tech Co.","url":"https:\/\/autoprintmachine.com\/","logo":{"@type":"ImageObject","inLanguage":"de","@id":"https:\/\/autoprintmachine.com\/#\/schema\/logo\/image\/","url":"https:\/\/autoprintmachine.com\/wp-content\/uploads\/2023\/06\/screen_printing_logo_new.webp","contentUrl":"https:\/\/autoprintmachine.com\/wp-content\/uploads\/2023\/06\/screen_printing_logo_new.webp","width":890,"height":750,"caption":"Dongguan Auto Print Tech Co., Ltd"},"image":{"@id":"https:\/\/autoprintmachine.com\/#\/schema\/logo\/image\/"},"sameAs":["https:\/\/www.facebook.com\/autoprinttech\/","https:\/\/www.youtube.com\/channel\/UCJtPGiBbQWGE2DZLxySpCtw"]}]}},"_links":{"self":[{"href":"https:\/\/autoprintmachine.com\/de\/wp-json\/wp\/v2\/product\/543","targetHints":{"allow":["GET"]}}],"collection":[{"href":"https:\/\/autoprintmachine.com\/de\/wp-json\/wp\/v2\/product"}],"about":[{"href":"https:\/\/autoprintmachine.com\/de\/wp-json\/wp\/v2\/types\/product"}],"wp:featuredmedia":[{"embeddable":true,"href":"https:\/\/autoprintmachine.com\/de\/wp-json\/wp\/v2\/media\/544"}],"wp:attachment":[{"href":"https:\/\/autoprintmachine.com\/de\/wp-json\/wp\/v2\/media?parent=543"}],"wp:term":[{"taxonomy":"product_brand","embeddable":true,"href":"https:\/\/autoprintmachine.com\/de\/wp-json\/wp\/v2\/product_brand?post=543"},{"taxonomy":"product_cat","embeddable":true,"href":"https:\/\/autoprintmachine.com\/de\/wp-json\/wp\/v2\/product_cat?post=543"},{"taxonomy":"product_tag","embeddable":true,"href":"https:\/\/autoprintmachine.com\/de\/wp-json\/wp\/v2\/product_tag?post=543"}],"curies":[{"name":"wp","href":"https:\/\/api.w.org\/{rel}","templated":true}]}}