{"id":561,"date":"2020-09-19T03:02:20","date_gmt":"2020-09-19T03:02:20","guid":{"rendered":"https:\/\/autoprintmachine.com\/?post_type=product&#038;p=561"},"modified":"2026-01-06T05:18:35","modified_gmt":"2026-01-06T05:18:35","slug":"servo-driven-tabletop-one-color-pad-printing-machine","status":"publish","type":"product","link":"https:\/\/autoprintmachine.com\/de\/servogetriebene-tisch-einfarben-tampondruckmaschine\/","title":{"rendered":"Servogetriebene Tisch-Einfarb-Tampondruckmaschine"},"content":{"rendered":"<h2><strong>EINF\u00dcHRUNG<\/strong><\/h2>\n<p><strong>AP-100-SM<\/strong> Die servomotorgesteuerte Tampondruckmaschine ist ein kompaktes und pr\u00e4zises einfarbiges Tampondrucksystem, das sowohl benutzerfreundlich als auch schnell einzurichten ist. Sie verf\u00fcgt \u00fcber ein programmierbares Touchscreen-Bedienfeld, von dem aus alle Funktionen einfach programmiert werden k\u00f6nnen.<\/p>\n<p><strong>Der AP-100-SM<\/strong> Der servogesteuerte Tampondrucker ist mit Panasonic-Servomotoren ausgestattet, die die Vorw\u00e4rts-\/R\u00fcckw\u00e4rtsbewegung der Platte und den Hub des Tampons auf die gedruckten Objekte steuern.<\/p>\n<p><strong>Der AP-100-SM<\/strong> Die servogesteuerte Tampondruckmaschine eignet sich f\u00fcr den schnellen, einfarbigen Druck in kleinem Ma\u00dfstab und wird in vielen Branchen eingesetzt, z. B. in der Schreibwaren-, Spielzeug-, Kunststoff-, Geschenk-, Elektroger\u00e4te- und Elektronikindustrie.<\/p>\n<h2><strong>Standardmerkmale:<\/strong><\/h2>\n<ul>\n<li>Kompakter und pr\u00e4ziser Einfarbtampondrucker<\/li>\n<li>Benutzerfreundlich und schnell einzurichten<\/li>\n<li>Mitsubishi PLC und Weinview Touchscreen steuern alle Bewegungen<\/li>\n<li>Der Servomotor treibt die vordere und hintere Bewegung der Platte an<\/li>\n<li>\u00a0Programmierbarer Druckhub, angetrieben durch einen Servomotor<\/li>\n<li>Automatische Pad-Reinigungsvorrichtung mit Klebeband (optional)<\/li>\n<li>Touchscreen-Steuerung mit Auftragsspeicherung<\/li>\n<li>Sanfte und leise Maschinenleistung<\/li>\n<\/ul>\n<h2><strong>Spezifikationen:<\/strong><\/h2>\n<table width=\"643\">\n<tbody>\n<tr>\n<td width=\"260\">Modell<\/td>\n<td width=\"383\">AP-100-SM<\/td>\n<\/tr>\n<tr>\n<td width=\"260\">Kontrollsystem<\/td>\n<td width=\"383\">Mitsubishi PLC &amp; Weinview Touchscreen<\/td>\n<\/tr>\n<tr>\n<td width=\"260\">Vorder-\/R\u00fcckhub angetrieben<\/td>\n<td width=\"383\">Panasonic-Servomotor<\/td>\n<\/tr>\n<tr>\n<td width=\"260\">Aufw\u00e4rts-\/Abw\u00e4rts-Druckhub gesteuert<\/td>\n<td width=\"383\">Panasonic-Servomotor<\/td>\n<\/tr>\n<tr>\n<td width=\"260\">Klischeegr\u00f6\u00dfe<\/td>\n<td width=\"383\">100 x 215 mm<\/td>\n<\/tr>\n<tr>\n<td width=\"260\">Klischee-Dicke<\/td>\n<td width=\"383\">0,3mm oder 0,5mm oder 10mm<\/td>\n<\/tr>\n<tr>\n<td width=\"260\">Gr\u00f6\u00dfe des Tintenbechers<\/td>\n<td width=\"383\">ID90 x OD100 mm<\/td>\n<\/tr>\n<tr>\n<td width=\"260\">Druckgr\u00f6\u00dfe max.<\/td>\n<td width=\"383\">\u00d8 85 mm<\/td>\n<\/tr>\n<tr>\n<td width=\"260\">Fahrzyklen\/Stunde Max.<\/td>\n<td width=\"383\">1800 &#8211; 6300<\/td>\n<\/tr>\n<tr>\n<td width=\"260\">Pad-Hub<\/td>\n<td width=\"383\">100 mm<\/td>\n<\/tr>\n<tr>\n<td width=\"260\">Hauptspannung<\/td>\n<td width=\"383\">110V\/220V\/230V 1Phase 50\/60Hz<\/td>\n<\/tr>\n<tr>\n<td width=\"260\">Steuerspannung<\/td>\n<td width=\"383\">24 V\/DC<\/td>\n<\/tr>\n<tr>\n<td width=\"260\">Gewicht<\/td>\n<td width=\"383\">ca. 100 kg.<\/td>\n<\/tr>\n<tr>\n<td width=\"260\">Gr\u00f6\u00dfe der Maschine<\/td>\n<td width=\"383\">L670 x B420 x H766 mm<\/td>\n<\/tr>\n<\/tbody>\n<\/table>","protected":false},"excerpt":{"rendered":"<p>Die AP-100-SM ist eine Tisch-Tampondruckmaschine mit servogesteuertem Auf-\/Ab- und Vor\/R\u00fcck-Hub. Alle Vorg\u00e4nge k\u00f6nnen \u00fcber den Touchscreen eingestellt und programmiert werden und werden von einer Marken-SPS gesteuert. Diese Tampondruckmaschine hat eine stabile Arbeitsleistung und kann einen hochpr\u00e4zisen Druck erzielen. Die Gr\u00f6\u00dfe des Tampondruckers ist 90x100mm, und die Gr\u00f6\u00dfe der Druckplatte ist 100x215mm. Sie wird h\u00e4ufig f\u00fcr den Druck von kleinen Teilen verwendet, insbesondere f\u00fcr hochwertige Teile wie Automobil- und Elektronikkomponenten. Diese Tisch-Tampondruckmaschine ist auch f\u00fcr die Integration in Produktionslinien geeignet.<\/p>","protected":false},"featured_media":1369,"template":"","meta":[],"product_cat":[23],"class_list":{"0":"post-561","1":"product","2":"type-product","3":"status-publish","4":"has-post-thumbnail","6":"product_cat-pad-printing-machine","8":"first","9":"instock","10":"shipping-taxable","11":"product-type-simple"},"acf":[],"yoast_head":"<!-- This site is optimized with the Yoast SEO plugin v23.9 - https:\/\/yoast.com\/wordpress\/plugins\/seo\/ -->\n<title>Servo Tabletop One Color Pad Printing Machine with High-Quality<\/title>\n<meta name=\"description\" content=\"AP-100-SM is a tabletop pad printing machine with an up\/down drive and front\/rear drive, all driven by servo motors.\" \/>\n<meta name=\"robots\" content=\"index, follow, max-snippet:-1, max-image-preview:large, max-video-preview:-1\" \/>\n<link rel=\"canonical\" href=\"https:\/\/autoprintmachine.com\/de\/servogetriebene-tisch-einfarben-tampondruckmaschine\/\" \/>\n<meta property=\"og:locale\" content=\"de_DE\" \/>\n<meta property=\"og:type\" content=\"article\" \/>\n<meta property=\"og:title\" content=\"Servo Tabletop One Color Pad Printing Machine with High-Quality\" \/>\n<meta property=\"og:description\" content=\"AP-100-SM is a tabletop pad printing machine with an up\/down drive and front\/rear drive, all driven by servo motors.\" \/>\n<meta property=\"og:url\" content=\"https:\/\/autoprintmachine.com\/de\/servogetriebene-tisch-einfarben-tampondruckmaschine\/\" \/>\n<meta property=\"article:modified_time\" content=\"2026-01-06T05:18:35+00:00\" \/>\n<meta property=\"og:image\" content=\"https:\/\/autoprintmachine.com\/wp-content\/uploads\/2022\/03\/125-1-SM.jpg\" \/>\n\t<meta property=\"og:image:width\" content=\"600\" \/>\n\t<meta property=\"og:image:height\" content=\"600\" \/>\n\t<meta property=\"og:image:type\" content=\"image\/jpeg\" \/>\n<meta name=\"twitter:card\" content=\"summary_large_image\" \/>\n<meta name=\"twitter:label1\" content=\"Gesch\u00e4tzte Lesezeit\" \/>\n\t<meta name=\"twitter:data1\" content=\"2\u00a0Minuten\" \/>\n<script type=\"application\/ld+json\" class=\"yoast-schema-graph\">{\"@context\":\"https:\/\/schema.org\",\"@graph\":[{\"@type\":\"WebPage\",\"@id\":\"https:\/\/autoprintmachine.com\/servo-driven-tabletop-one-color-pad-printing-machine\/\",\"url\":\"https:\/\/autoprintmachine.com\/servo-driven-tabletop-one-color-pad-printing-machine\/\",\"name\":\"Servo Tabletop One Color Pad Printing Machine with High-Quality\",\"isPartOf\":{\"@id\":\"https:\/\/autoprintmachine.com\/#website\"},\"primaryImageOfPage\":{\"@id\":\"https:\/\/autoprintmachine.com\/servo-driven-tabletop-one-color-pad-printing-machine\/#primaryimage\"},\"image\":{\"@id\":\"https:\/\/autoprintmachine.com\/servo-driven-tabletop-one-color-pad-printing-machine\/#primaryimage\"},\"thumbnailUrl\":\"https:\/\/autoprintmachine.com\/wp-content\/uploads\/2022\/03\/125-1-SM.jpg\",\"datePublished\":\"2020-09-19T03:02:20+00:00\",\"dateModified\":\"2026-01-06T05:18:35+00:00\",\"description\":\"AP-100-SM is a tabletop pad printing machine with an up\/down drive and front\/rear drive, all driven by servo motors.\",\"breadcrumb\":{\"@id\":\"https:\/\/autoprintmachine.com\/servo-driven-tabletop-one-color-pad-printing-machine\/#breadcrumb\"},\"inLanguage\":\"de\",\"potentialAction\":[{\"@type\":\"ReadAction\",\"target\":[\"https:\/\/autoprintmachine.com\/servo-driven-tabletop-one-color-pad-printing-machine\/\"]}]},{\"@type\":\"ImageObject\",\"inLanguage\":\"de\",\"@id\":\"https:\/\/autoprintmachine.com\/servo-driven-tabletop-one-color-pad-printing-machine\/#primaryimage\",\"url\":\"https:\/\/autoprintmachine.com\/wp-content\/uploads\/2022\/03\/125-1-SM.jpg\",\"contentUrl\":\"https:\/\/autoprintmachine.com\/wp-content\/uploads\/2022\/03\/125-1-SM.jpg\",\"width\":600,\"height\":600,\"caption\":\"125 1 SM\"},{\"@type\":\"BreadcrumbList\",\"@id\":\"https:\/\/autoprintmachine.com\/servo-driven-tabletop-one-color-pad-printing-machine\/#breadcrumb\",\"itemListElement\":[{\"@type\":\"ListItem\",\"position\":1,\"name\":\"Home\",\"item\":\"https:\/\/autoprintmachine.com\/\"},{\"@type\":\"ListItem\",\"position\":2,\"name\":\"Products\",\"item\":\"https:\/\/autoprintmachine.com\/shop\/\"},{\"@type\":\"ListItem\",\"position\":3,\"name\":\"Servo Driven Tabletop One Color Pad Printing Machine\"}]},{\"@type\":\"WebSite\",\"@id\":\"https:\/\/autoprintmachine.com\/#website\",\"url\":\"https:\/\/autoprintmachine.com\/\",\"name\":\"\",\"description\":\"\",\"potentialAction\":[{\"@type\":\"SearchAction\",\"target\":{\"@type\":\"EntryPoint\",\"urlTemplate\":\"https:\/\/autoprintmachine.com\/?s={search_term_string}\"},\"query-input\":{\"@type\":\"PropertyValueSpecification\",\"valueRequired\":true,\"valueName\":\"search_term_string\"}}],\"inLanguage\":\"de\"}]}<\/script>\n<!-- \/ Yoast SEO plugin. -->","yoast_head_json":{"title":"Servo Tabletop One Color Pad Printing Machine with High-Quality","description":"AP-100-SM is a tabletop pad printing machine with an up\/down drive and front\/rear drive, all driven by servo motors.","robots":{"index":"index","follow":"follow","max-snippet":"max-snippet:-1","max-image-preview":"max-image-preview:large","max-video-preview":"max-video-preview:-1"},"canonical":"https:\/\/autoprintmachine.com\/de\/servogetriebene-tisch-einfarben-tampondruckmaschine\/","og_locale":"de_DE","og_type":"article","og_title":"Servo Tabletop One Color Pad Printing Machine with High-Quality","og_description":"AP-100-SM is a tabletop pad printing machine with an up\/down drive and front\/rear drive, all driven by servo motors.","og_url":"https:\/\/autoprintmachine.com\/de\/servogetriebene-tisch-einfarben-tampondruckmaschine\/","article_modified_time":"2026-01-06T05:18:35+00:00","og_image":[{"width":600,"height":600,"url":"https:\/\/autoprintmachine.com\/wp-content\/uploads\/2022\/03\/125-1-SM.jpg","type":"image\/jpeg"}],"twitter_card":"summary_large_image","twitter_misc":{"Gesch\u00e4tzte Lesezeit":"2\u00a0Minuten"},"schema":{"@context":"https:\/\/schema.org","@graph":[{"@type":"WebPage","@id":"https:\/\/autoprintmachine.com\/servo-driven-tabletop-one-color-pad-printing-machine\/","url":"https:\/\/autoprintmachine.com\/servo-driven-tabletop-one-color-pad-printing-machine\/","name":"Servo Tabletop One Color Pad Printing Machine with High-Quality","isPartOf":{"@id":"https:\/\/autoprintmachine.com\/#website"},"primaryImageOfPage":{"@id":"https:\/\/autoprintmachine.com\/servo-driven-tabletop-one-color-pad-printing-machine\/#primaryimage"},"image":{"@id":"https:\/\/autoprintmachine.com\/servo-driven-tabletop-one-color-pad-printing-machine\/#primaryimage"},"thumbnailUrl":"https:\/\/autoprintmachine.com\/wp-content\/uploads\/2022\/03\/125-1-SM.jpg","datePublished":"2020-09-19T03:02:20+00:00","dateModified":"2026-01-06T05:18:35+00:00","description":"AP-100-SM is a tabletop pad printing machine with an up\/down drive and front\/rear drive, all driven by servo motors.","breadcrumb":{"@id":"https:\/\/autoprintmachine.com\/servo-driven-tabletop-one-color-pad-printing-machine\/#breadcrumb"},"inLanguage":"de","potentialAction":[{"@type":"ReadAction","target":["https:\/\/autoprintmachine.com\/servo-driven-tabletop-one-color-pad-printing-machine\/"]}]},{"@type":"ImageObject","inLanguage":"de","@id":"https:\/\/autoprintmachine.com\/servo-driven-tabletop-one-color-pad-printing-machine\/#primaryimage","url":"https:\/\/autoprintmachine.com\/wp-content\/uploads\/2022\/03\/125-1-SM.jpg","contentUrl":"https:\/\/autoprintmachine.com\/wp-content\/uploads\/2022\/03\/125-1-SM.jpg","width":600,"height":600,"caption":"125 1 SM"},{"@type":"BreadcrumbList","@id":"https:\/\/autoprintmachine.com\/servo-driven-tabletop-one-color-pad-printing-machine\/#breadcrumb","itemListElement":[{"@type":"ListItem","position":1,"name":"Home","item":"https:\/\/autoprintmachine.com\/"},{"@type":"ListItem","position":2,"name":"Products","item":"https:\/\/autoprintmachine.com\/shop\/"},{"@type":"ListItem","position":3,"name":"Servo Driven Tabletop One Color Pad Printing Machine"}]},{"@type":"WebSite","@id":"https:\/\/autoprintmachine.com\/#website","url":"https:\/\/autoprintmachine.com\/","name":"","description":"","potentialAction":[{"@type":"SearchAction","target":{"@type":"EntryPoint","urlTemplate":"https:\/\/autoprintmachine.com\/?s={search_term_string}"},"query-input":{"@type":"PropertyValueSpecification","valueRequired":true,"valueName":"search_term_string"}}],"inLanguage":"de"}]}},"_links":{"self":[{"href":"https:\/\/autoprintmachine.com\/de\/wp-json\/wp\/v2\/product\/561","targetHints":{"allow":["GET"]}}],"collection":[{"href":"https:\/\/autoprintmachine.com\/de\/wp-json\/wp\/v2\/product"}],"about":[{"href":"https:\/\/autoprintmachine.com\/de\/wp-json\/wp\/v2\/types\/product"}],"wp:featuredmedia":[{"embeddable":true,"href":"https:\/\/autoprintmachine.com\/de\/wp-json\/wp\/v2\/media\/1369"}],"wp:attachment":[{"href":"https:\/\/autoprintmachine.com\/de\/wp-json\/wp\/v2\/media?parent=561"}],"wp:term":[{"taxonomy":"product_cat","embeddable":true,"href":"https:\/\/autoprintmachine.com\/de\/wp-json\/wp\/v2\/product_cat?post=561"}],"curies":[{"name":"wp","href":"https:\/\/api.w.org\/{rel}","templated":true}]}}