{"id":38,"date":"2020-02-07T07:03:33","date_gmt":"2020-02-07T07:03:33","guid":{"rendered":"https:\/\/f.seowaimao.com\/?page_id=38"},"modified":"2020-02-07T07:31:19","modified_gmt":"2020-02-07T07:31:19","slug":"faq","status":"publish","type":"page","link":"https:\/\/autoprintmachine.com\/es\/preguntas-mas-frecuentes\/","title":{"rendered":"Preguntas m\u00e1s frecuentes"},"content":{"rendered":"<section class=\"section\" id=\"section_1589654244\">\n\t\t<div class=\"section-bg fill\" >\n\t\t\t\t\t\t\t\t\t\n\t\t\t\n\n\t\t<\/div>\n\n\t\t\n\n\t\t<div class=\"section-content relative\">\n\t\t\t\n<div class=\"row\"  id=\"row-422972321\">\n\n\t<div id=\"col-1410484876\" class=\"col small-12 large-12\"  >\n\t\t\t\t<div class=\"col-inner\"  >\n\t\t\t\n\t\t\t\n<div class=\"accordion\">\n\t<div id=\"accordion-2013979028\" class=\"accordion-item\">\n\t\t<a id=\"accordion-2013979028-label\" class=\"accordion-title plain active\" href=\"#accordion-item-can-i-cancel-or-change-an-existing-order?\" aria-expanded=\"true\" aria-controls=\"accordion-2013979028-content\" >\n\t\t\t<button class=\"toggle\" aria-label=\"Palanca\"><i class=\"icon-angle-down\"><\/i><\/button>\n\t\t\t<span>\u00bfPuedo cancelar o cambiar un pedido existente?<\/span>\n\t\t<\/a>\n\t\t<div id=\"accordion-2013979028-content\" class=\"accordion-inner\" style=\"display: block;\" aria-labelledby=\"accordion-2013979028-label\" >\n\t\t\t\n<p>Lorem ipsum dolor sit amet, consectetuer adipiscing elit, sed Lorem ipsum dolor sit amet, consectetuer adipiscing elit, sed Lorem ipsum dolor sit amet, consectetuer adipiscing elit, sed Lorem ipsum dolor sit amet, consectetuer adipiscing elit, sed Lorem ipsum dolor sit amet, consectetuer adipiscing elit, sed diam nonummy nibh euismod tincidunt ut laoreet dolore magna aliquam erat volutpat.<\/p>\n\t\t<\/div>\n\t<\/div>\n\t\n\t<div id=\"accordion-1008823139\" class=\"accordion-item\">\n\t\t<a id=\"accordion-1008823139-label\" class=\"accordion-title plain\" href=\"#accordion-item-how-much-will-shipping-cost-and-what-methods-do-you-offer?\" aria-expanded=\"false\" aria-controls=\"accordion-1008823139-content\" >\n\t\t\t<button class=\"toggle\" aria-label=\"Palanca\"><i class=\"icon-angle-down\"><\/i><\/button>\n\t\t\t<span>\u00bfCu\u00e1nto costar\u00e1 el env\u00edo y qu\u00e9 m\u00e9todos ofrecen?<\/span>\n\t\t<\/a>\n\t\t<div id=\"accordion-1008823139-content\" class=\"accordion-inner\" aria-labelledby=\"accordion-1008823139-label\" >\n\t\t\t\n<p>222<\/p>\n\t\t<\/div>\n\t<\/div>\n\t\n\t<div id=\"accordion-1274788708\" class=\"accordion-item\">\n\t\t<a id=\"accordion-1274788708-label\" class=\"accordion-title plain\" href=\"#accordion-item-what-freight-companies-do-you-use?\" aria-expanded=\"false\" aria-controls=\"accordion-1274788708-content\" >\n\t\t\t<button class=\"toggle\" aria-label=\"Palanca\"><i class=\"icon-angle-down\"><\/i><\/button>\n\t\t\t<span>\u00bfQu\u00e9 empresas de transporte utiliz\u00e1is?<\/span>\n\t\t<\/a>\n\t\t<div id=\"accordion-1274788708-content\" class=\"accordion-inner\" aria-labelledby=\"accordion-1274788708-label\" >\n\t\t\t\n<p>33<\/p>\n\t\t<\/div>\n\t<\/div>\n\t\n\t<div id=\"accordion-2552312617\" class=\"accordion-item\">\n\t\t<a id=\"accordion-2552312617-label\" class=\"accordion-title plain\" href=\"#accordion-item-when-will-my-order-be-shipped?\" aria-expanded=\"false\" aria-controls=\"accordion-2552312617-content\" >\n\t\t\t<button class=\"toggle\" aria-label=\"Palanca\"><i class=\"icon-angle-down\"><\/i><\/button>\n\t\t\t<span>Cuando ser\u00e1 enviado mi pedido?<\/span>\n\t\t<\/a>\n\t\t<div id=\"accordion-2552312617-content\" class=\"accordion-inner\" aria-labelledby=\"accordion-2552312617-label\" >\n\t\t\t\n<p>44<\/p>\n\t\t<\/div>\n\t<\/div>\n\t\n\t<div id=\"accordion-3217103096\" class=\"accordion-item\">\n\t\t<a id=\"accordion-3217103096-label\" class=\"accordion-title plain\" href=\"#accordion-item-do-you-offer-discounts-on-large-orders?\" aria-expanded=\"false\" aria-controls=\"accordion-3217103096-content\" >\n\t\t\t<button class=\"toggle\" aria-label=\"Palanca\"><i class=\"icon-angle-down\"><\/i><\/button>\n\t\t\t<span>\u00bfOfrecen descuentos en pedidos grandes?<\/span>\n\t\t<\/a>\n\t\t<div id=\"accordion-3217103096-content\" class=\"accordion-inner\" aria-labelledby=\"accordion-3217103096-label\" >\n\t\t\t\n<p>55<\/p>\n\t\t<\/div>\n\t<\/div>\n\t\n\t<div id=\"accordion-945406846\" class=\"accordion-item\">\n\t\t<a id=\"accordion-945406846-label\" class=\"accordion-title plain\" href=\"#accordion-item-i-just-placed-my-order,-is-it-possible-to-change-my-shipping-service?\" aria-expanded=\"false\" aria-controls=\"accordion-945406846-content\" >\n\t\t\t<button class=\"toggle\" aria-label=\"Palanca\"><i class=\"icon-angle-down\"><\/i><\/button>\n\t\t\t<span>Acabo de realizar mi pedido, \u00bfes posible cambiar mi servicio de env\u00edo?<\/span>\n\t\t<\/a>\n\t\t<div id=\"accordion-945406846-content\" class=\"accordion-inner\" aria-labelledby=\"accordion-945406846-label\" >\n\t\t\t\n<p>66<\/p>\n\t\t<\/div>\n\t<\/div>\n\t\n\t<div id=\"accordion-551662147\" class=\"accordion-item\">\n\t\t<a id=\"accordion-551662147-label\" class=\"accordion-title plain\" href=\"#accordion-item-how-can-i-get-my-tracking-number?\" aria-expanded=\"false\" aria-controls=\"accordion-551662147-content\" >\n\t\t\t<button class=\"toggle\" aria-label=\"Palanca\"><i class=\"icon-angle-down\"><\/i><\/button>\n\t\t\t<span>\u00bfC\u00f3mo puedo obtener mi n\u00famero de seguimiento?<\/span>\n\t\t<\/a>\n\t\t<div id=\"accordion-551662147-content\" class=\"accordion-inner\" aria-labelledby=\"accordion-551662147-label\" >\n\t\t\t\n<p>7<\/p>\n\t\t<\/div>\n\t<\/div>\n\t\n\t<div id=\"accordion-1180684630\" class=\"accordion-item\">\n\t\t<a id=\"accordion-1180684630-label\" class=\"accordion-title plain\" href=\"#accordion-item-what-happens-if-a-package-is-damaged-during-shipping?\" aria-expanded=\"false\" aria-controls=\"accordion-1180684630-content\" >\n\t\t\t<button class=\"toggle\" aria-label=\"Palanca\"><i class=\"icon-angle-down\"><\/i><\/button>\n\t\t\t<span>\u00bfQu\u00e9 sucede si un paquete se da\u00f1a durante el env\u00edo?<\/span>\n\t\t<\/a>\n\t\t<div id=\"accordion-1180684630-content\" class=\"accordion-inner\" aria-labelledby=\"accordion-1180684630-label\" >\n\t\t\t\n<p>7<\/p>\n\t\t<\/div>\n\t<\/div>\n\t\n\t<div id=\"accordion-3532940055\" class=\"accordion-item\">\n\t\t<a id=\"accordion-3532940055-label\" class=\"accordion-title plain\" href=\"#accordion-item-what-is-your-return-policy?\" aria-expanded=\"false\" aria-controls=\"accordion-3532940055-content\" >\n\t\t\t<button class=\"toggle\" aria-label=\"Palanca\"><i class=\"icon-angle-down\"><\/i><\/button>\n\t\t\t<span>\u00bfCu\u00e1l es su pol\u00edtica de devoluci\u00f3n?<\/span>\n\t\t<\/a>\n\t\t<div id=\"accordion-3532940055-content\" class=\"accordion-inner\" aria-labelledby=\"accordion-3532940055-label\" >\n\t\t\t\n<p>8<\/p>\n\t\t<\/div>\n\t<\/div>\n\t\n\t<div id=\"accordion-3531266574\" class=\"accordion-item\">\n\t\t<a id=\"accordion-3531266574-label\" class=\"accordion-title plain\" href=\"#accordion-item-what-methods-of-payment-do-you-accept?\" aria-expanded=\"false\" aria-controls=\"accordion-3531266574-content\" >\n\t\t\t<button class=\"toggle\" aria-label=\"Palanca\"><i class=\"icon-angle-down\"><\/i><\/button>\n\t\t\t<span>\u00bfQu\u00e9 m\u00e9todos de pago acepta?<\/span>\n\t\t<\/a>\n\t\t<div id=\"accordion-3531266574-content\" class=\"accordion-inner\" aria-labelledby=\"accordion-3531266574-label\" >\n\t\t\t\n<p>9<\/p>\n\t\t<\/div>\n\t<\/div>\n\t\n\t<div id=\"accordion-2847795249\" class=\"accordion-item\">\n\t\t<a id=\"accordion-2847795249-label\" class=\"accordion-title plain\" href=\"#accordion-item-what-form-of-currency-are-your-prices-in?\" aria-expanded=\"false\" aria-controls=\"accordion-2847795249-content\" >\n\t\t\t<button class=\"toggle\" aria-label=\"Palanca\"><i class=\"icon-angle-down\"><\/i><\/button>\n\t\t\t<span>\u00bfEn qu\u00e9 forma de moneda est\u00e1n sus precios?<\/span>\n\t\t<\/a>\n\t\t<div id=\"accordion-2847795249-content\" class=\"accordion-inner\" aria-labelledby=\"accordion-2847795249-label\" >\n\t\t\t\n<p>10<\/p>\n\t\t<\/div>\n\t<\/div>\n\t\n\t<div id=\"accordion-3398767274\" class=\"accordion-item\">\n\t\t<a id=\"accordion-3398767274-label\" class=\"accordion-title plain\" href=\"#accordion-item-do-you-offer-purchases-on-credit?\" aria-expanded=\"false\" aria-controls=\"accordion-3398767274-content\" >\n\t\t\t<button class=\"toggle\" aria-label=\"Palanca\"><i class=\"icon-angle-down\"><\/i><\/button>\n\t\t\t<span>\u00bfOfrecen compras a cr\u00e9dito?<\/span>\n\t\t<\/a>\n\t\t<div id=\"accordion-3398767274-content\" class=\"accordion-inner\" aria-labelledby=\"accordion-3398767274-label\" >\n\t\t\t\n<p>11<\/p>\n\t\t<\/div>\n\t<\/div>\n\t\n\t<div id=\"accordion-259648157\" class=\"accordion-item\">\n\t\t<a id=\"accordion-259648157-label\" class=\"accordion-title plain\" href=\"#accordion-item-how-do-i-know-if-the-product-i-want-is-in-stock?\" aria-expanded=\"false\" aria-controls=\"accordion-259648157-content\" >\n\t\t\t<button class=\"toggle\" aria-label=\"Palanca\"><i class=\"icon-angle-down\"><\/i><\/button>\n\t\t\t<span>\u00bfC\u00f3mo s\u00e9 si el producto que quiero est\u00e1 en stock?<\/span>\n\t\t<\/a>\n\t\t<div id=\"accordion-259648157-content\" class=\"accordion-inner\" aria-labelledby=\"accordion-259648157-label\" >\n\t\t\t\n<p>1111<\/p>\n\t\t<\/div>\n\t<\/div>\n\t\n\t<div id=\"accordion-2338751248\" class=\"accordion-item\">\n\t\t<a id=\"accordion-2338751248-label\" class=\"accordion-title plain\" href=\"#accordion-item-do-you-offer-discounted-products?\" aria-expanded=\"false\" aria-controls=\"accordion-2338751248-content\" >\n\t\t\t<button class=\"toggle\" aria-label=\"Palanca\"><i class=\"icon-angle-down\"><\/i><\/button>\n\t\t\t<span>\u00bfOfrecen productos con descuento?<\/span>\n\t\t<\/a>\n\t\t<div id=\"accordion-2338751248-content\" class=\"accordion-inner\" aria-labelledby=\"accordion-2338751248-label\" >\n\t\t\t\n<p>111<\/p>\n\t\t<\/div>\n\t<\/div>\n\t\n\t<div id=\"accordion-651743307\" class=\"accordion-item\">\n\t\t<a id=\"accordion-651743307-label\" class=\"accordion-title plain\" href=\"#accordion-item-what-type-of-warranty-comes-with-the-purchase-of-my-products?\" aria-expanded=\"false\" aria-controls=\"accordion-651743307-content\" >\n\t\t\t<button class=\"toggle\" aria-label=\"Palanca\"><i class=\"icon-angle-down\"><\/i><\/button>\n\t\t\t<span>\u00bfQu\u00e9 tipo de garant\u00eda viene con la compra de mis productos?<\/span>\n\t\t<\/a>\n\t\t<div id=\"accordion-651743307-content\" class=\"accordion-inner\" aria-labelledby=\"accordion-651743307-label\" >\n\t\t\t\n<p>111<\/p>\n\t\t<\/div>\n\t<\/div>\n\t\n\t<div id=\"accordion-294126146\" class=\"accordion-item\">\n\t\t<a id=\"accordion-294126146-label\" class=\"accordion-title plain\" href=\"#accordion-item-where-can-i-find-the-dimensions-for-my-products?\" aria-expanded=\"false\" aria-controls=\"accordion-294126146-content\" >\n\t\t\t<button class=\"toggle\" aria-label=\"Palanca\"><i class=\"icon-angle-down\"><\/i><\/button>\n\t\t\t<span>\u00bfD\u00f3nde puedo encontrar las dimensiones de mis productos?<\/span>\n\t\t<\/a>\n\t\t<div id=\"accordion-294126146-content\" class=\"accordion-inner\" aria-labelledby=\"accordion-294126146-label\" >\n\t\t\t\n<p>111<\/p>\n\t\t<\/div>\n\t<\/div>\n\t\n<\/div>\n\t\t<\/div>\n\t\t\t\t\t<\/div>\n\n\t\n<\/div>\n\t\t<\/div>\n\n\t\t\n<style>\n#section_1589654244 {\n  padding-top: 30px;\n  padding-bottom: 30px;\n}\n<\/style>\n\t<\/section>\n\t\n\n\t<section class=\"section\" id=\"section_894318810\">\n\t\t<div class=\"section-bg fill\" >\n\t\t\t\t\t\t\t\t\t\n\t\t\t\n\n\t\t<\/div>\n\n\t\t\n\n\t\t<div class=\"section-content relative\">\n\t\t\t\n\t\t<\/div>\n\n\t\t\n<style>\n#section_894318810 {\n  padding-top: 30px;\n  padding-bottom: 30px;\n}\n<\/style>\n\t<\/section>\n\t\n\n\t<section class=\"section\" id=\"section_1450543884\">\n\t\t<div class=\"section-bg fill\" >\n\t\t\t\t\t\t\t\t\t\n\t\t\t\n\n\t\t<\/div>\n\n\t\t\n\n\t\t<div class=\"section-content relative\">\n\t\t\t\n\t\t<\/div>\n\n\t\t\n<style>\n#section_1450543884 {\n  padding-top: 30px;\n  padding-bottom: 30px;\n}\n<\/style>\n\t<\/section>\n\t\n\n\t<section class=\"section\" id=\"section_1983797717\">\n\t\t<div class=\"section-bg fill\" >\n\t\t\t\t\t\t\t\t\t\n\t\t\t\n\n\t\t<\/div>\n\n\t\t\n\n\t\t<div class=\"section-content relative\">\n\t\t\t\n\t\t<\/div>\n\n\t\t\n<style>\n#section_1983797717 {\n  padding-top: 30px;\n  padding-bottom: 30px;\n}\n<\/style>\n\t<\/section>\n\t\n\n\t<section class=\"section\" id=\"section_653080248\">\n\t\t<div class=\"section-bg fill\" >\n\t\t\t\t\t\t\t\t\t\n\t\t\t\n\n\t\t<\/div>\n\n\t\t\n\n\t\t<div class=\"section-content relative\">\n\t\t\t\n\t\t<\/div>\n\n\t\t\n<style>\n#section_653080248 {\n  padding-top: 30px;\n  padding-bottom: 30px;\n}\n<\/style>\n\t<\/section>","protected":false},"excerpt":{"rendered":"","protected":false},"author":1,"featured_media":0,"parent":0,"menu_order":0,"comment_status":"closed","ping_status":"closed","template":"page-blank.php","meta":{"footnotes":""},"class_list":["post-38","page","type-page","status-publish","hentry"],"acf":[],"yoast_head":"<!-- This site is optimized with the Yoast SEO plugin v23.9 - https:\/\/yoast.com\/wordpress\/plugins\/seo\/ -->\n<title>FAQ -<\/title>\n<meta name=\"robots\" content=\"index, follow, max-snippet:-1, max-image-preview:large, max-video-preview:-1\" \/>\n<link rel=\"canonical\" href=\"https:\/\/autoprintmachine.com\/es\/preguntas-mas-frecuentes\/\" \/>\n<meta property=\"og:locale\" content=\"es_ES\" \/>\n<meta property=\"og:type\" content=\"article\" \/>\n<meta property=\"og:title\" content=\"FAQ -\" \/>\n<meta property=\"og:url\" content=\"https:\/\/autoprintmachine.com\/es\/preguntas-mas-frecuentes\/\" \/>\n<meta property=\"article:publisher\" content=\"https:\/\/www.facebook.com\/autoprinttech\/\" \/>\n<meta property=\"article:modified_time\" content=\"2020-02-07T07:31:19+00:00\" \/>\n<meta name=\"twitter:card\" content=\"summary_large_image\" \/>\n<meta name=\"twitter:label1\" content=\"Tiempo de lectura\" \/>\n\t<meta name=\"twitter:data1\" content=\"1 minuto\" \/>\n<script type=\"application\/ld+json\" class=\"yoast-schema-graph\">{\"@context\":\"https:\/\/schema.org\",\"@graph\":[{\"@type\":\"WebPage\",\"@id\":\"https:\/\/autoprintmachine.com\/faq\/\",\"url\":\"https:\/\/autoprintmachine.com\/faq\/\",\"name\":\"FAQ -\",\"isPartOf\":{\"@id\":\"https:\/\/autoprintmachine.com\/#website\"},\"datePublished\":\"2020-02-07T07:03:33+00:00\",\"dateModified\":\"2020-02-07T07:31:19+00:00\",\"breadcrumb\":{\"@id\":\"https:\/\/autoprintmachine.com\/faq\/#breadcrumb\"},\"inLanguage\":\"es\",\"potentialAction\":[{\"@type\":\"ReadAction\",\"target\":[\"https:\/\/autoprintmachine.com\/faq\/\"]}]},{\"@type\":\"BreadcrumbList\",\"@id\":\"https:\/\/autoprintmachine.com\/faq\/#breadcrumb\",\"itemListElement\":[{\"@type\":\"ListItem\",\"position\":1,\"name\":\"Home\",\"item\":\"https:\/\/autoprintmachine.com\/\"},{\"@type\":\"ListItem\",\"position\":2,\"name\":\"FAQ\"}]},{\"@type\":\"WebSite\",\"@id\":\"https:\/\/autoprintmachine.com\/#website\",\"url\":\"https:\/\/autoprintmachine.com\/\",\"name\":\"\",\"description\":\"\",\"publisher\":{\"@id\":\"https:\/\/autoprintmachine.com\/#organization\"},\"potentialAction\":[{\"@type\":\"SearchAction\",\"target\":{\"@type\":\"EntryPoint\",\"urlTemplate\":\"https:\/\/autoprintmachine.com\/?s={search_term_string}\"},\"query-input\":{\"@type\":\"PropertyValueSpecification\",\"valueRequired\":true,\"valueName\":\"search_term_string\"}}],\"inLanguage\":\"es\"},{\"@type\":\"Organization\",\"@id\":\"https:\/\/autoprintmachine.com\/#organization\",\"name\":\"Dongguan Auto Print Tech Co., Ltd\",\"url\":\"https:\/\/autoprintmachine.com\/\",\"logo\":{\"@type\":\"ImageObject\",\"inLanguage\":\"es\",\"@id\":\"https:\/\/autoprintmachine.com\/#\/schema\/logo\/image\/\",\"url\":\"https:\/\/autoprintmachine.com\/wp-content\/uploads\/2023\/06\/screen_printing_logo_new.webp\",\"contentUrl\":\"https:\/\/autoprintmachine.com\/wp-content\/uploads\/2023\/06\/screen_printing_logo_new.webp\",\"width\":890,\"height\":750,\"caption\":\"Dongguan Auto Print Tech Co., Ltd\"},\"image\":{\"@id\":\"https:\/\/autoprintmachine.com\/#\/schema\/logo\/image\/\"},\"sameAs\":[\"https:\/\/www.facebook.com\/autoprinttech\/\",\"https:\/\/www.youtube.com\/channel\/UCJtPGiBbQWGE2DZLxySpCtw\"]}]}<\/script>\n<!-- \/ Yoast SEO plugin. -->","yoast_head_json":{"title":"FAQ -","robots":{"index":"index","follow":"follow","max-snippet":"max-snippet:-1","max-image-preview":"max-image-preview:large","max-video-preview":"max-video-preview:-1"},"canonical":"https:\/\/autoprintmachine.com\/es\/preguntas-mas-frecuentes\/","og_locale":"es_ES","og_type":"article","og_title":"FAQ -","og_url":"https:\/\/autoprintmachine.com\/es\/preguntas-mas-frecuentes\/","article_publisher":"https:\/\/www.facebook.com\/autoprinttech\/","article_modified_time":"2020-02-07T07:31:19+00:00","twitter_card":"summary_large_image","twitter_misc":{"Tiempo de lectura":"1 minuto"},"schema":{"@context":"https:\/\/schema.org","@graph":[{"@type":"WebPage","@id":"https:\/\/autoprintmachine.com\/faq\/","url":"https:\/\/autoprintmachine.com\/faq\/","name":"FAQ -","isPartOf":{"@id":"https:\/\/autoprintmachine.com\/#website"},"datePublished":"2020-02-07T07:03:33+00:00","dateModified":"2020-02-07T07:31:19+00:00","breadcrumb":{"@id":"https:\/\/autoprintmachine.com\/faq\/#breadcrumb"},"inLanguage":"es","potentialAction":[{"@type":"ReadAction","target":["https:\/\/autoprintmachine.com\/faq\/"]}]},{"@type":"BreadcrumbList","@id":"https:\/\/autoprintmachine.com\/faq\/#breadcrumb","itemListElement":[{"@type":"ListItem","position":1,"name":"Home","item":"https:\/\/autoprintmachine.com\/"},{"@type":"ListItem","position":2,"name":"FAQ"}]},{"@type":"WebSite","@id":"https:\/\/autoprintmachine.com\/#website","url":"https:\/\/autoprintmachine.com\/","name":"","description":"","publisher":{"@id":"https:\/\/autoprintmachine.com\/#organization"},"potentialAction":[{"@type":"SearchAction","target":{"@type":"EntryPoint","urlTemplate":"https:\/\/autoprintmachine.com\/?s={search_term_string}"},"query-input":{"@type":"PropertyValueSpecification","valueRequired":true,"valueName":"search_term_string"}}],"inLanguage":"es"},{"@type":"Organization","@id":"https:\/\/autoprintmachine.com\/#organization","name":"Dongguan Auto Print Tech Co., Ltd","url":"https:\/\/autoprintmachine.com\/","logo":{"@type":"ImageObject","inLanguage":"es","@id":"https:\/\/autoprintmachine.com\/#\/schema\/logo\/image\/","url":"https:\/\/autoprintmachine.com\/wp-content\/uploads\/2023\/06\/screen_printing_logo_new.webp","contentUrl":"https:\/\/autoprintmachine.com\/wp-content\/uploads\/2023\/06\/screen_printing_logo_new.webp","width":890,"height":750,"caption":"Dongguan Auto Print Tech Co., Ltd"},"image":{"@id":"https:\/\/autoprintmachine.com\/#\/schema\/logo\/image\/"},"sameAs":["https:\/\/www.facebook.com\/autoprinttech\/","https:\/\/www.youtube.com\/channel\/UCJtPGiBbQWGE2DZLxySpCtw"]}]}},"_links":{"self":[{"href":"https:\/\/autoprintmachine.com\/es\/wp-json\/wp\/v2\/pages\/38","targetHints":{"allow":["GET"]}}],"collection":[{"href":"https:\/\/autoprintmachine.com\/es\/wp-json\/wp\/v2\/pages"}],"about":[{"href":"https:\/\/autoprintmachine.com\/es\/wp-json\/wp\/v2\/types\/page"}],"author":[{"embeddable":true,"href":"https:\/\/autoprintmachine.com\/es\/wp-json\/wp\/v2\/users\/1"}],"replies":[{"embeddable":true,"href":"https:\/\/autoprintmachine.com\/es\/wp-json\/wp\/v2\/comments?post=38"}],"version-history":[{"count":0,"href":"https:\/\/autoprintmachine.com\/es\/wp-json\/wp\/v2\/pages\/38\/revisions"}],"wp:attachment":[{"href":"https:\/\/autoprintmachine.com\/es\/wp-json\/wp\/v2\/media?parent=38"}],"curies":[{"name":"wp","href":"https:\/\/api.w.org\/{rel}","templated":true}]}}