{"id":2487,"date":"2025-06-06T06:29:43","date_gmt":"2025-06-06T06:29:43","guid":{"rendered":"https:\/\/autoprintmachine.com\/?post_type=product&#038;p=2487"},"modified":"2026-01-13T05:44:02","modified_gmt":"2026-01-13T05:44:02","slug":"ap-200w-uv-unidad-de-exposicion-para-tampografia-cliche-making","status":"publish","type":"product","link":"https:\/\/autoprintmachine.com\/es\/ap-200w-uv-unidad-de-exposicion-para-tampografia-cliche-making\/","title":{"rendered":"AP-200W Unidad de exposici\u00f3n UV para la fabricaci\u00f3n de clich\u00e9s de tampograf\u00eda"},"content":{"rendered":"<section class=\"section\" id=\"section_291535277\">\n\t\t<div class=\"section-bg fill\" >\n\t\t\t\t\t\t\t\t\t\n\t\t\t\n\n\t\t<\/div>\n\n\t\t\n\n\t\t<div class=\"section-content relative\">\n\t\t\t\n<div class=\"row\"  id=\"row-1264201488\">\n\n\t<div id=\"col-842721987\" class=\"col small-12 large-12\"  >\n\t\t\t\t<div class=\"col-inner\"  >\n\t\t\t\n\t\t\t\n<h2>Introducci\u00f3n<\/h2>\n<p>La m\u00e1quina de exposici\u00f3n de clich\u00e9s AP-200W est\u00e1 dise\u00f1ada para la fabricaci\u00f3n de placas de acero para tampograf\u00eda. Adopta tubos de l\u00e1mpara ultravioleta de 200W de alta eficiencia. Tiene las caracter\u00edsticas de exposici\u00f3n uniforme, bajo consumo de energ\u00eda y f\u00e1cil operaci\u00f3n. Es adecuada para peque\u00f1as imprentas, estudios personalizados y procesos de tampograf\u00eda de precisi\u00f3n.<\/p>\n\t\t<\/div>\n\t\t\t\t\t<\/div>\n\n\t\n<\/div>\n\t\t<\/div>\n\n\t\t\n<style>\n#section_291535277 {\n  padding-top: 30px;\n  padding-bottom: 30px;\n}\n<\/style>\n\t<\/section>\n\t\n\n\t<section class=\"section\" id=\"section_242005207\">\n\t\t<div class=\"section-bg fill\" >\n\t\t\t\t\t\t\t\t\t\n\t\t\t\n\n\t\t<\/div>\n\n\t\t\n\n\t\t<div class=\"section-content relative\">\n\t\t\t\n<div class=\"row\"  id=\"row-1519435816\">\n\n\t<div id=\"col-79858497\" class=\"col small-12 large-12\"  >\n\t\t\t\t<div class=\"col-inner\"  >\n\t\t\t\n\t\t\t\n<h2>Caracter\u00edsticas principales<\/h2>\n<div class=\"row align-equal row-box-shadow-3 row-box-shadow-2-hover\"  id=\"row-1005892855\">\n\n\n\n\t<div id=\"col-812830204\" class=\"col medium-6 small-12 large-6\"  >\n\t\t\t\t<div class=\"col-inner\"  >\n\t\t\t\n\t\t\t\n<h3>1. Sistema de exposici\u00f3n de alta eficacia<\/h3>\n<ul>\n<li>\n<p>Equipada con tubos de l\u00e1mpara ultravioleta de alta potencia de 200 W, con un espectro estable (pico principal de 365 nm), que garantiza un curado r\u00e1pido del revestimiento fotosensible de la placa de acero, y tiempo de vac\u00edo y tiempo de exposici\u00f3n ajustables (normalmente de 1 a 3 minutos).<\/p>\n<\/li>\n<\/ul>\n\t\t<\/div>\n\t\t\t\t\n<style>\n#col-812830204 > .col-inner {\n  padding: 20px 20px 10px 20px;\n}\n<\/style>\n\t<\/div>\n\n\t\n\n\t<div id=\"col-320894500\" class=\"col medium-6 small-12 large-6\"  >\n\t\t\t\t<div class=\"col-inner\"  >\n\t\t\t\n\t\t\t\n<h3>2. Estructura compacta y durabilidad<\/h3>\n<ul>\n<li>\n<p>La m\u00e1quina est\u00e1 construida con un ligero bastidor de chapa met\u00e1lica de 800\u00d7630\u00d7260 mm (personalizable), que ahorra espacio y facilita su traslado.<\/p>\n<\/li>\n<li>Equipada con una mesa de trabajo de vac\u00edo, resistente a altas temperaturas y ara\u00f1azos, y con una capacidad de carga de hasta 10 kg.<\/li>\n<\/ul>\n\t\t<\/div>\n\t\t\t\t\n<style>\n#col-320894500 > .col-inner {\n  padding: 20px 20px 10px 20px;\n}\n<\/style>\n\t<\/div>\n\n\t\n\n<style>\n#row-1005892855 > .col > .col-inner {\n  border-radius: 22px;\n}\n<\/style>\n<\/div>\n<div class=\"row align-equal row-box-shadow-3 row-box-shadow-2-hover\"  id=\"row-43842992\">\n\n\t<div id=\"col-936987288\" class=\"col medium-6 small-12 large-6\"  >\n\t\t\t\t<div class=\"col-inner\"  >\n\t\t\t\n\t\t\t\n<h3>3. Control inteligente y seguridad<\/h3>\n<ul>\n<li>\n<p>Un temporizador digital (0-9999 segundos) controla con precisi\u00f3n el vac\u00edo y la exposici\u00f3n y admite memoria de apagado.<\/p>\n<\/li>\n<li>Protecci\u00f3n de seguridad: Utiliza un microinterruptor mec\u00e1nico. Cuando se abre la tapa superior, la alimentaci\u00f3n del circuito principal se corta inmediatamente para evitar fugas ultravioletas.<\/li>\n<\/ul>\n\t\t<\/div>\n\t\t\t\t\n<style>\n#col-936987288 > .col-inner {\n  padding: 20px 20px 10px 20px;\n}\n<\/style>\n\t<\/div>\n\n\t\n\n\t<div id=\"col-1980147303\" class=\"col medium-6 small-12 large-6\"  >\n\t\t\t\t<div class=\"col-inner\"  >\n\t\t\t\n\t\t\t\n<h3>4. Amplia compatibilidad<\/h3>\n<ul>\n<li>Adecuada para todo tipo de planchas de acero para tampograf\u00eda (grosor 0,3-10 mm) y planchas de pol\u00edmero (como lavado con agua \/ lavado con alcohol).<\/li>\n<li>Equipada con una funci\u00f3n de vac\u00edo para garantizar que la placa de acero se ajusta perfectamente a la pel\u00edcula.<\/li>\n<\/ul>\n\t\t<\/div>\n\t\t\t\t\n<style>\n#col-1980147303 > .col-inner {\n  padding: 20px 20px 10px 20px;\n}\n<\/style>\n\t<\/div>\n\n\t\n\n<style>\n#row-43842992 > .col > .col-inner {\n  border-radius: 22px;\n}\n<\/style>\n<\/div>\n\t\t<\/div>\n\t\t\t\t\t<\/div>\n\n\t\n<\/div>\n\t\t<\/div>\n\n\t\t\n<style>\n#section_242005207 {\n  padding-top: 30px;\n  padding-bottom: 30px;\n}\n<\/style>\n\t<\/section>\n\t\n\n\t<section class=\"section\" id=\"section_15448854\">\n\t\t<div class=\"section-bg fill\" >\n\t\t\t\t\t\t\t\t\t\n\t\t\t\n\n\t\t<\/div>\n\n\t\t\n\n\t\t<div class=\"section-content relative\">\n\t\t\t\n<div class=\"row\"  id=\"row-671647154\">\n\n\t<div id=\"col-1067960913\" class=\"col small-12 large-12\"  >\n\t\t\t\t<div class=\"col-inner\"  >\n\t\t\t\n\t\t\t\n<div class=\"specifications-container\">\n<h2>Especificaciones de la unidad de exposici\u00f3n UV<\/h2>\n<table class=\"specifications-table\">\n<tbody>\n<tr>\n<th>N \u00ba de Modelo.<\/th>\n<td>AP-200W<\/td>\n<\/tr>\n<tr>\n<th>Max. Tama\u00f1o de clich\u00e9<\/th>\n<td>450 x 250 mm<\/td>\n<\/tr>\n<tr>\n<th>Dimensiones de la mesa<\/th>\n<td>650 x 440 mm<\/td>\n<\/tr>\n<tr>\n<th>Potencia UV total<\/th>\n<td>200W (vida \u00fatil \u2265 2000 horas)<\/td>\n<\/tr>\n<tr>\n<th>Temporizador<\/th>\n<td>Digital<\/td>\n<\/tr>\n<tr>\n<th>Tipo de l\u00e1mpara<\/th>\n<td>Tubos fluorescentes UV de alta potencia Philips de 5 x 40 W<\/td>\n<\/tr>\n<tr>\n<th>Voltaje<\/th>\n<td>220\/110V 50Hz Monof\u00e1sico<\/td>\n<\/tr>\n<tr>\n<th>Dimensiones de la unidad<\/th>\n<td>L800 x A630 x H260 mm<\/td>\n<\/tr>\n<tr>\n<th>Dimensiones en caja<\/th>\n<td>L890 x An720 x Al400 mm<\/td>\n<\/tr>\n<tr>\n<th>Peso neto<\/th>\n<td>32,6 kg<\/td>\n<\/tr>\n<tr>\n<th>Peso bruto<\/th>\n<td>53,6 kg<\/td>\n<\/tr>\n<\/tbody>\n<\/table>\n<\/div>\n\t\t<\/div>\n\t\t\t\t\t<\/div>\n\n\t\n<\/div>\n\t\t<\/div>\n\n\t\t\n<style>\n#section_15448854 {\n  padding-top: 30px;\n  padding-bottom: 30px;\n}\n<\/style>\n\t<\/section>\n\t\n\n\t<section class=\"section\" id=\"section_776705372\">\n\t\t<div class=\"section-bg fill\" >\n\t\t\t\t\t\t\t\t\t\n\t\t\t\n\n\t\t<\/div>\n\n\t\t\n\n\t\t<div class=\"section-content relative\">\n\t\t\t\n<div class=\"row\"  id=\"row-2106454288\">\n\n\t<div id=\"col-110322840\" class=\"col small-12 large-12\"  >\n\t\t\t\t<div class=\"col-inner\"  >\n\t\t\t\n\t\t\t\n<h2>Escenarios de aplicaci\u00f3n<\/h2>\n<div class=\"row\"  id=\"row-644197540\">\n\n\t<div id=\"col-1907429103\" class=\"col small-12 large-12\"  >\n\t\t\t\t<div class=\"col-inner\"  >\n\t\t\t\n\t\t\t\n<h3>Industria de la tampograf\u00eda:<\/h3>\n<div class=\"row\"  id=\"row-632517073\">\n\n\t<div id=\"col-2097527964\" class=\"col medium-6 small-12 large-6\"  >\n\t\t\t\t<div class=\"col-inner\"  >\n\t\t\t\n\t\t\t\n<h4>Fabricaci\u00f3n de productos:<\/h4>\n<ul>\n<li>Producci\u00f3n de marcas y logotipos<\/li>\n<li>Piezas de precisi\u00f3n para productos electr\u00f3nicos, juguetes y productos culturales<\/li>\n<\/ul>\n\t\t<\/div>\n\t\t\t\t\t<\/div>\n\n\t\n\n\t<div id=\"col-1122362722\" class=\"col medium-6 small-12 large-6\"  >\n\t\t\t\t<div class=\"col-inner\"  >\n\t\t\t\n\t\t\t\n<h4>Campos industriales y especializados:<\/h4>\n<ul>\n<li>Componentes industriales y de automoci\u00f3n<\/li>\n<li>Aplicaciones m\u00e9dicas<\/li>\n<li>Campos de envasado<\/li>\n<\/ul>\n\t\t<\/div>\n\t\t\t\t\t<\/div>\n\n\t\n\n\t<div id=\"col-1014309631\" class=\"col small-12 large-12\"  >\n\t\t\t\t<div class=\"col-inner\"  >\n\t\t\t\n\t\t\t\n<p>Esta m\u00e1quina de exposici\u00f3n UV es crucial para obtener resultados de alta calidad.<\/p>\n\t\t<\/div>\n\t\t\t\t\t<\/div>\n\n\t\n<\/div>\n<h3>Personalizaci\u00f3n DIY:<\/h3>\n<p>Perfecta como unidad de exposici\u00f3n de bricolaje para la impresi\u00f3n de peque\u00f1os lotes de placas de identificaci\u00f3n y superficies de regalo. Esta vers\u00e1til caja de exposici\u00f3n tambi\u00e9n puede ser considerada por aquellos que buscan una unidad de exposici\u00f3n UV DIY para diversos proyectos.<\/p>\n\t\t<\/div>\n\t\t\t\t\t<\/div>\n\n\t\n<\/div>\n<p>P\u00f3ngase en contacto con nosotros para obtener im\u00e1genes de los productos, v\u00eddeos de funcionamiento y pol\u00edtica posventa.<\/p>\n\t\t<\/div>\n\t\t\t\t\t<\/div>\n\n\t\n<\/div>\n\t\t<\/div>\n\n\t\t\n<style>\n#section_776705372 {\n  padding-top: 30px;\n  padding-bottom: 30px;\n}\n<\/style>\n\t<\/section>","protected":false},"excerpt":{"rendered":"<p>La m\u00e1quina de exposici\u00f3n de clich\u00e9s AP-200W est\u00e1 dise\u00f1ada espec\u00edficamente para la fabricaci\u00f3n de planchas de acero para tampograf\u00eda. Cuenta con tubos de l\u00e1mpara ultravioleta de 200 W de alta eficiencia para una exposici\u00f3n uniforme, bajo consumo de energ\u00eda y f\u00e1cil manejo. Esta unidad es ideal para peque\u00f1as empresas de impresi\u00f3n, estudios personalizados y procesos de tampograf\u00eda de precisi\u00f3n.<\/p>\n<p>Esta unidad de exposici\u00f3n de clich\u00e9s es adecuada para diversas placas de acero para tampograf\u00eda (de 0,3 a 10 mm de grosor) y placas de pol\u00edmero (lavables con agua o alcohol). Viene equipada con una funci\u00f3n de vac\u00edo para un ajuste perfecto entre la placa de acero y la pel\u00edcula, y ofrece un control preciso del temporizador digital (0-9999 segundos) tanto para el vac\u00edo como para el tiempo de exposici\u00f3n.<\/p>\n<p>Tambi\u00e9n ofrecemos asistencia completa, incluida asistencia t\u00e9cnica y recomendaciones sobre consumibles para sus necesidades de exposici\u00f3n de clich\u00e9s.<\/p>","protected":false},"featured_media":2488,"template":"","meta":[],"product_brand":[],"product_cat":[24],"product_tag":[],"class_list":{"0":"post-2487","1":"product","2":"type-product","3":"status-publish","4":"has-post-thumbnail","6":"product_cat-auxiliary-equipment-for-screen-printing-and-pad-printing","8":"first","9":"instock","10":"shipping-taxable","11":"product-type-simple"},"yoast_head":"<!-- This site is optimized with the Yoast SEO plugin v27.4 - https:\/\/yoast.com\/product\/yoast-seo-wordpress\/ -->\n<title>AP-200W UV Exposure Unit for Pad Printing Cliche Making -<\/title>\n<meta name=\"description\" content=\"Discover our high-performance UV Exposure Unit for pad printing clich\u00e9 making. Ideal for photopolymer plates, small-batch nameplates, and diverse printing projects.\" \/>\n<meta name=\"robots\" content=\"index, follow, max-snippet:-1, max-image-preview:large, max-video-preview:-1\" \/>\n<link rel=\"canonical\" href=\"https:\/\/autoprintmachine.com\/es\/ap-200w-uv-unidad-de-exposicion-para-tampografia-cliche-making\/\" \/>\n<meta property=\"og:locale\" content=\"es_ES\" \/>\n<meta property=\"og:type\" content=\"article\" \/>\n<meta property=\"og:title\" content=\"AP-200W UV Exposure Unit for Pad Printing Cliche Making -\" \/>\n<meta property=\"og:description\" content=\"Discover our high-performance UV Exposure Unit for pad printing clich\u00e9 making. Ideal for photopolymer plates, small-batch nameplates, and diverse printing projects.\" \/>\n<meta property=\"og:url\" content=\"https:\/\/autoprintmachine.com\/es\/ap-200w-uv-unidad-de-exposicion-para-tampografia-cliche-making\/\" \/>\n<meta property=\"article:publisher\" content=\"https:\/\/www.facebook.com\/autoprinttech\/\" \/>\n<meta property=\"article:modified_time\" content=\"2026-01-13T05:44:02+00:00\" \/>\n<meta property=\"og:image\" content=\"https:\/\/autoprintmachine.com\/wp-content\/uploads\/2025\/06\/clicle_exposure_machine_ap_200w.webp\" \/>\n\t<meta property=\"og:image:width\" content=\"1000\" \/>\n\t<meta property=\"og:image:height\" content=\"764\" \/>\n\t<meta property=\"og:image:type\" content=\"image\/webp\" \/>\n<meta name=\"twitter:card\" content=\"summary_large_image\" \/>\n<meta name=\"twitter:label1\" content=\"Est. reading time\" \/>\n\t<meta name=\"twitter:data1\" content=\"3 minutos\" \/>\n<script type=\"application\/ld+json\" class=\"yoast-schema-graph\">{\"@context\":\"https:\\\/\\\/schema.org\",\"@graph\":[{\"@type\":\"WebPage\",\"@id\":\"https:\\\/\\\/autoprintmachine.com\\\/ap-200w-uv-exposure-unit-for-pad-printing-cliche-making\\\/\",\"url\":\"https:\\\/\\\/autoprintmachine.com\\\/ap-200w-uv-exposure-unit-for-pad-printing-cliche-making\\\/\",\"name\":\"AP-200W UV Exposure Unit for Pad Printing Cliche Making -\",\"isPartOf\":{\"@id\":\"https:\\\/\\\/autoprintmachine.com\\\/#website\"},\"primaryImageOfPage\":{\"@id\":\"https:\\\/\\\/autoprintmachine.com\\\/ap-200w-uv-exposure-unit-for-pad-printing-cliche-making\\\/#primaryimage\"},\"image\":{\"@id\":\"https:\\\/\\\/autoprintmachine.com\\\/ap-200w-uv-exposure-unit-for-pad-printing-cliche-making\\\/#primaryimage\"},\"thumbnailUrl\":\"https:\\\/\\\/autoprintmachine.com\\\/wp-content\\\/uploads\\\/2025\\\/06\\\/clicle_exposure_machine_ap_200w.webp\",\"datePublished\":\"2025-06-06T06:29:43+00:00\",\"dateModified\":\"2026-01-13T05:44:02+00:00\",\"description\":\"Discover our high-performance UV Exposure Unit for pad printing clich\u00e9 making. Ideal for photopolymer plates, small-batch nameplates, and diverse printing projects.\",\"breadcrumb\":{\"@id\":\"https:\\\/\\\/autoprintmachine.com\\\/ap-200w-uv-exposure-unit-for-pad-printing-cliche-making\\\/#breadcrumb\"},\"inLanguage\":\"es\",\"potentialAction\":[{\"@type\":\"ReadAction\",\"target\":[\"https:\\\/\\\/autoprintmachine.com\\\/ap-200w-uv-exposure-unit-for-pad-printing-cliche-making\\\/\"]}]},{\"@type\":\"ImageObject\",\"inLanguage\":\"es\",\"@id\":\"https:\\\/\\\/autoprintmachine.com\\\/ap-200w-uv-exposure-unit-for-pad-printing-cliche-making\\\/#primaryimage\",\"url\":\"https:\\\/\\\/autoprintmachine.com\\\/wp-content\\\/uploads\\\/2025\\\/06\\\/clicle_exposure_machine_ap_200w.webp\",\"contentUrl\":\"https:\\\/\\\/autoprintmachine.com\\\/wp-content\\\/uploads\\\/2025\\\/06\\\/clicle_exposure_machine_ap_200w.webp\",\"width\":1000,\"height\":764,\"caption\":\"White AP-200W clich\u00e9 exposure machine for pad printing steel plates, featuring multiple UV lamps and a vacuum worktable.\"},{\"@type\":\"BreadcrumbList\",\"@id\":\"https:\\\/\\\/autoprintmachine.com\\\/ap-200w-uv-exposure-unit-for-pad-printing-cliche-making\\\/#breadcrumb\",\"itemListElement\":[{\"@type\":\"ListItem\",\"position\":1,\"name\":\"Home\",\"item\":\"https:\\\/\\\/autoprintmachine.com\\\/\"},{\"@type\":\"ListItem\",\"position\":2,\"name\":\"Products\",\"item\":\"https:\\\/\\\/autoprintmachine.com\\\/shop\\\/\"},{\"@type\":\"ListItem\",\"position\":3,\"name\":\"AP-200W UV Exposure Unit for Pad Printing Cliche Making\"}]},{\"@type\":\"WebSite\",\"@id\":\"https:\\\/\\\/autoprintmachine.com\\\/#website\",\"url\":\"https:\\\/\\\/autoprintmachine.com\\\/\",\"name\":\"\",\"description\":\"\",\"publisher\":{\"@id\":\"https:\\\/\\\/autoprintmachine.com\\\/#organization\"},\"potentialAction\":[{\"@type\":\"SearchAction\",\"target\":{\"@type\":\"EntryPoint\",\"urlTemplate\":\"https:\\\/\\\/autoprintmachine.com\\\/?s={search_term_string}\"},\"query-input\":{\"@type\":\"PropertyValueSpecification\",\"valueRequired\":true,\"valueName\":\"search_term_string\"}}],\"inLanguage\":\"es\"},{\"@type\":\"Organization\",\"@id\":\"https:\\\/\\\/autoprintmachine.com\\\/#organization\",\"name\":\"Dongguan Auto Print Tech Co., Ltd\",\"url\":\"https:\\\/\\\/autoprintmachine.com\\\/\",\"logo\":{\"@type\":\"ImageObject\",\"inLanguage\":\"es\",\"@id\":\"https:\\\/\\\/autoprintmachine.com\\\/#\\\/schema\\\/logo\\\/image\\\/\",\"url\":\"https:\\\/\\\/autoprintmachine.com\\\/wp-content\\\/uploads\\\/2023\\\/06\\\/screen_printing_logo_new.webp\",\"contentUrl\":\"https:\\\/\\\/autoprintmachine.com\\\/wp-content\\\/uploads\\\/2023\\\/06\\\/screen_printing_logo_new.webp\",\"width\":890,\"height\":750,\"caption\":\"Dongguan Auto Print Tech Co., Ltd\"},\"image\":{\"@id\":\"https:\\\/\\\/autoprintmachine.com\\\/#\\\/schema\\\/logo\\\/image\\\/\"},\"sameAs\":[\"https:\\\/\\\/www.facebook.com\\\/autoprinttech\\\/\",\"https:\\\/\\\/www.youtube.com\\\/channel\\\/UCJtPGiBbQWGE2DZLxySpCtw\"]}]}<\/script>\n<!-- \/ Yoast SEO plugin. -->","yoast_head_json":{"title":"AP-200W Unidad de Exposici\u00f3n UV para Tampograf\u00eda Cliche Making -","description":"Descubra nuestra unidad de exposici\u00f3n UV de alto rendimiento para la fabricaci\u00f3n de clich\u00e9s para tampograf\u00eda. Ideal para planchas de fotopol\u00edmero, placas de identificaci\u00f3n de lotes peque\u00f1os y diversos proyectos de impresi\u00f3n.","robots":{"index":"index","follow":"follow","max-snippet":"max-snippet:-1","max-image-preview":"max-image-preview:large","max-video-preview":"max-video-preview:-1"},"canonical":"https:\/\/autoprintmachine.com\/es\/ap-200w-uv-unidad-de-exposicion-para-tampografia-cliche-making\/","og_locale":"es_ES","og_type":"article","og_title":"AP-200W UV Exposure Unit for Pad Printing Cliche Making -","og_description":"Discover our high-performance UV Exposure Unit for pad printing clich\u00e9 making. Ideal for photopolymer plates, small-batch nameplates, and diverse printing projects.","og_url":"https:\/\/autoprintmachine.com\/es\/ap-200w-uv-unidad-de-exposicion-para-tampografia-cliche-making\/","article_publisher":"https:\/\/www.facebook.com\/autoprinttech\/","article_modified_time":"2026-01-13T05:44:02+00:00","og_image":[{"width":1000,"height":764,"url":"https:\/\/autoprintmachine.com\/wp-content\/uploads\/2025\/06\/clicle_exposure_machine_ap_200w.webp","type":"image\/webp"}],"twitter_card":"summary_large_image","twitter_misc":{"Est. reading time":"3 minutos"},"schema":{"@context":"https:\/\/schema.org","@graph":[{"@type":"WebPage","@id":"https:\/\/autoprintmachine.com\/ap-200w-uv-exposure-unit-for-pad-printing-cliche-making\/","url":"https:\/\/autoprintmachine.com\/ap-200w-uv-exposure-unit-for-pad-printing-cliche-making\/","name":"AP-200W Unidad de Exposici\u00f3n UV para Tampograf\u00eda Cliche Making -","isPartOf":{"@id":"https:\/\/autoprintmachine.com\/#website"},"primaryImageOfPage":{"@id":"https:\/\/autoprintmachine.com\/ap-200w-uv-exposure-unit-for-pad-printing-cliche-making\/#primaryimage"},"image":{"@id":"https:\/\/autoprintmachine.com\/ap-200w-uv-exposure-unit-for-pad-printing-cliche-making\/#primaryimage"},"thumbnailUrl":"https:\/\/autoprintmachine.com\/wp-content\/uploads\/2025\/06\/clicle_exposure_machine_ap_200w.webp","datePublished":"2025-06-06T06:29:43+00:00","dateModified":"2026-01-13T05:44:02+00:00","description":"Descubra nuestra unidad de exposici\u00f3n UV de alto rendimiento para la fabricaci\u00f3n de clich\u00e9s para tampograf\u00eda. Ideal para planchas de fotopol\u00edmero, placas de identificaci\u00f3n de lotes peque\u00f1os y diversos proyectos de impresi\u00f3n.","breadcrumb":{"@id":"https:\/\/autoprintmachine.com\/ap-200w-uv-exposure-unit-for-pad-printing-cliche-making\/#breadcrumb"},"inLanguage":"es","potentialAction":[{"@type":"ReadAction","target":["https:\/\/autoprintmachine.com\/ap-200w-uv-exposure-unit-for-pad-printing-cliche-making\/"]}]},{"@type":"ImageObject","inLanguage":"es","@id":"https:\/\/autoprintmachine.com\/ap-200w-uv-exposure-unit-for-pad-printing-cliche-making\/#primaryimage","url":"https:\/\/autoprintmachine.com\/wp-content\/uploads\/2025\/06\/clicle_exposure_machine_ap_200w.webp","contentUrl":"https:\/\/autoprintmachine.com\/wp-content\/uploads\/2025\/06\/clicle_exposure_machine_ap_200w.webp","width":1000,"height":764,"caption":"White AP-200W clich\u00e9 exposure machine for pad printing steel plates, featuring multiple UV lamps and a vacuum worktable."},{"@type":"BreadcrumbList","@id":"https:\/\/autoprintmachine.com\/ap-200w-uv-exposure-unit-for-pad-printing-cliche-making\/#breadcrumb","itemListElement":[{"@type":"ListItem","position":1,"name":"Home","item":"https:\/\/autoprintmachine.com\/"},{"@type":"ListItem","position":2,"name":"Products","item":"https:\/\/autoprintmachine.com\/shop\/"},{"@type":"ListItem","position":3,"name":"AP-200W UV Exposure Unit for Pad Printing Cliche Making"}]},{"@type":"WebSite","@id":"https:\/\/autoprintmachine.com\/#website","url":"https:\/\/autoprintmachine.com\/","name":"","description":"","publisher":{"@id":"https:\/\/autoprintmachine.com\/#organization"},"potentialAction":[{"@type":"SearchAction","target":{"@type":"EntryPoint","urlTemplate":"https:\/\/autoprintmachine.com\/?s={search_term_string}"},"query-input":{"@type":"PropertyValueSpecification","valueRequired":true,"valueName":"search_term_string"}}],"inLanguage":"es"},{"@type":"Organization","@id":"https:\/\/autoprintmachine.com\/#organization","name":"Dongguan Auto Print Tech Co., Ltd","url":"https:\/\/autoprintmachine.com\/","logo":{"@type":"ImageObject","inLanguage":"es","@id":"https:\/\/autoprintmachine.com\/#\/schema\/logo\/image\/","url":"https:\/\/autoprintmachine.com\/wp-content\/uploads\/2023\/06\/screen_printing_logo_new.webp","contentUrl":"https:\/\/autoprintmachine.com\/wp-content\/uploads\/2023\/06\/screen_printing_logo_new.webp","width":890,"height":750,"caption":"Dongguan Auto Print Tech Co., Ltd"},"image":{"@id":"https:\/\/autoprintmachine.com\/#\/schema\/logo\/image\/"},"sameAs":["https:\/\/www.facebook.com\/autoprinttech\/","https:\/\/www.youtube.com\/channel\/UCJtPGiBbQWGE2DZLxySpCtw"]}]}},"_links":{"self":[{"href":"https:\/\/autoprintmachine.com\/es\/wp-json\/wp\/v2\/product\/2487","targetHints":{"allow":["GET"]}}],"collection":[{"href":"https:\/\/autoprintmachine.com\/es\/wp-json\/wp\/v2\/product"}],"about":[{"href":"https:\/\/autoprintmachine.com\/es\/wp-json\/wp\/v2\/types\/product"}],"wp:featuredmedia":[{"embeddable":true,"href":"https:\/\/autoprintmachine.com\/es\/wp-json\/wp\/v2\/media\/2488"}],"wp:attachment":[{"href":"https:\/\/autoprintmachine.com\/es\/wp-json\/wp\/v2\/media?parent=2487"}],"wp:term":[{"taxonomy":"product_brand","embeddable":true,"href":"https:\/\/autoprintmachine.com\/es\/wp-json\/wp\/v2\/product_brand?post=2487"},{"taxonomy":"product_cat","embeddable":true,"href":"https:\/\/autoprintmachine.com\/es\/wp-json\/wp\/v2\/product_cat?post=2487"},{"taxonomy":"product_tag","embeddable":true,"href":"https:\/\/autoprintmachine.com\/es\/wp-json\/wp\/v2\/product_tag?post=2487"}],"curies":[{"name":"wp","href":"https:\/\/api.w.org\/{rel}","templated":true}]}}