{"id":280,"date":"2020-08-06T03:24:41","date_gmt":"2020-08-06T03:24:41","guid":{"rendered":"https:\/\/onceauto.seowaimao.com\/?post_type=product&#038;p=280"},"modified":"2026-03-31T06:22:32","modified_gmt":"2026-03-31T06:22:32","slug":"maquina-de-serigrafia-cilindrica-%e2%88%8575mm","status":"publish","type":"product","link":"https:\/\/autoprintmachine.com\/es\/maquina-de-serigrafia-cilindrica-%e2%88%8575mm\/","title":{"rendered":"M\u00e1quina de serigraf\u00eda con cilindro de \u220575 mm"},"content":{"rendered":"<p><strong>Introducci\u00f3n:<\/strong><\/p>\n<p><strong>AP-300<\/strong> La impresora serigr\u00e1fica redonda es de accionamiento neum\u00e1tico. Es una impresora serigr\u00e1fica universal controlada por placa PCB con un di\u00e1metro m\u00e1ximo de impresi\u00f3n de 75mm. Esta m\u00e1quina es adecuada para la impresi\u00f3n de productos redondos \/ cil\u00edndricos y ovalados de peque\u00f1o tama\u00f1o. Tales como peque\u00f1os tubos, vasos, botellas y otros recipientes redondos.<\/p>\n<p><strong>Caracter\u00edsticas est\u00e1ndar:<\/strong><\/p>\n<ul>\n<li>Control electroneum\u00e1tico<\/li>\n<li>Configuraci\u00f3n programable<\/li>\n<li>Control neum\u00e1tico con amortiguadores.<\/li>\n<li>Elevador de cabeza vertical con bloqueo arriba\/abajo<\/li>\n<li>Rodamientos lineales de bolas sobre ejes templados<\/li>\n<li>Controlado por interruptor de pie<\/li>\n<li>Inclinaci\u00f3n, inclinaci\u00f3n y altura de la escobilla de goma ajustables<\/li>\n<li>Ajuste del \u00e1ngulo del marco de la pantalla<\/li>\n<li>Barra de fijaci\u00f3n universal para montar herramientas personalizadas<\/li>\n<li>Sistema de inflado de botellas con regulador.<\/li>\n<li>El inflado de la botella est\u00e1 sincronizado con el ciclo de impresi\u00f3n.<\/li>\n<li>Presi\u00f3n de la escobilla de goma regulada con man\u00f3metro<\/li>\n<li>Niveladores de piso y ruedas<\/li>\n<li>Bot\u00f3n de parada de emergencia \/ Protecci\u00f3n de seguridad opcional<\/li>\n<\/ul>\n<p><strong>Especificaciones:<\/strong><\/p>\n<table width=\"96%\">\n<tbody>\n<tr>\n<td width=\"50%\"><strong>N\u00famero de modelo:<\/strong><\/td>\n<td width=\"50%\"><strong>AP-300<\/strong><\/td>\n<\/tr>\n<tr>\n<td><strong>Sistema de manejo:<\/strong><\/td>\n<td>Neum\u00e1tico<\/td>\n<\/tr>\n<tr>\n<td><strong>Trazo arriba\/abajo del cuadro:<\/strong><\/td>\n<td>100 mm (3,94 pulgadas)<\/td>\n<\/tr>\n<tr>\n<td><strong>Ronda de \u00e1rea de impresi\u00f3n m\u00e1xima:<\/strong><\/p>\n<p><strong>Ronda de \u00e1rea m\u00ednima de impresi\u00f3n:<\/strong><\/p>\n<p><strong>\u00c1rea de impresi\u00f3n m\u00e1xima ovalada:<\/strong><\/td>\n<td>75 mm (2,95&quot;) de di\u00e1metro<\/p>\n<p>15 mm (0,59\u2033) \u00d8<\/p>\n<p>Longitud del arco de 230 mm (9,06 \u2033)<\/td>\n<\/tr>\n<tr>\n<td><strong>Tama\u00f1o de la mesa de trabajo:<\/strong><\/td>\n<td>200 x 300 mm<\/td>\n<\/tr>\n<tr>\n<td><strong>Ajuste de la mesa:<\/strong><\/td>\n<td>X,Y \u00b1 15mm \/ <em>\u03b8<\/em> 15\u00b0<\/td>\n<\/tr>\n<tr>\n<td><strong>Tama\u00f1o m\u00e1ximo del marco de pantalla:<\/strong><\/td>\n<td>280 x 430 mm<\/td>\n<\/tr>\n<tr>\n<td><strong>Grosor del marco de la pantalla:<\/strong><\/td>\n<td>18 \u2013 25 mm<\/td>\n<\/tr>\n<tr>\n<td><strong>\u00c1ngulo de la escobilla de goma:<\/strong><\/td>\n<td>0-15\u00b0<\/td>\n<\/tr>\n<tr>\n<td><strong>Velocidad del ciclo de impresi\u00f3n:<\/strong><\/td>\n<td>1.980 ciclos\/h<\/td>\n<\/tr>\n<tr>\n<td><strong>Velocidad de la escobilla de goma:<\/strong><\/td>\n<td>33\/min<\/td>\n<\/tr>\n<tr>\n<td><strong>Presi\u00f3n del limpiacristales:<\/strong><\/td>\n<td>2 \u2013 4 barras<\/td>\n<\/tr>\n<tr>\n<td><strong>Fuente el\u00e9ctrica:<\/strong><\/td>\n<td>110V\/220V 50-60Hz 50W<\/td>\n<\/tr>\n<tr>\n<td><strong>Entrada de presi\u00f3n de aire:<\/strong><\/td>\n<td>80 psi<\/td>\n<\/tr>\n<tr>\n<td><strong>Consumo de aire:<\/strong><\/td>\n<td>0,7 litros\/ciclo<\/td>\n<\/tr>\n<tr>\n<td><strong>Peso de la m\u00e1quina:<\/strong><\/td>\n<td>130 kilogramos<\/td>\n<\/tr>\n<tr>\n<td><strong>Peso de la m\u00e1quina (incluido el embalaje):<\/strong><\/td>\n<td>\u00a0170 kilos<\/td>\n<\/tr>\n<tr>\n<td><strong>Dimensiones (largo x ancho x alto):<\/strong><\/td>\n<td>850x830x1280mm<\/td>\n<\/tr>\n<tr>\n<td><strong>Dimensiones de la caja:<\/strong><\/td>\n<td>980 x 870 x 1.410 mm<\/td>\n<\/tr>\n<\/tbody>\n<\/table>","protected":false},"excerpt":{"rendered":"<p>La m\u00e1quina semiautom\u00e1tica de serigraf\u00eda cil\u00edndrica AP-300 est\u00e1 dise\u00f1ada espec\u00edficamente para peque\u00f1os envases cil\u00edndricos y el\u00edpticos con di\u00e1metros comprendidos entre 15 y 75 mm. Es impulsada por energ\u00eda neum\u00e1tica y controlada por un sistema electr\u00f3nico preciso. La m\u00e1quina tiene un rendimiento estable, f\u00e1cil ajuste y f\u00e1cil operaci\u00f3n.<\/p>\n<p>La AP-300 es especialmente adecuada para imprimir productos como frascos de perfume, tubos de cosm\u00e9ticos y jeringuillas. La m\u00e1quina est\u00e1 equipada con un sistema sincronizado de inflado de botellas. Este sistema evita eficazmente que los productos de paredes finas se deformen durante la impresi\u00f3n. Garantiza una alta calidad de impresi\u00f3n y lotes uniformes.<\/p>\n<p>Tambi\u00e9n ofrecemos una soluci\u00f3n completa de serigraf\u00eda, desde el pretratamiento hasta el postratamiento.<\/p>","protected":false},"featured_media":839,"template":"","meta":[],"product_brand":[],"product_cat":[15],"product_tag":[],"class_list":{"0":"post-280","1":"product","2":"type-product","3":"status-publish","4":"has-post-thumbnail","6":"product_cat-automatic-cylindrical-screen-printing-machine","8":"first","9":"instock","10":"shipping-taxable","11":"product-type-simple"},"yoast_head":"<!-- This site is optimized with the Yoast SEO plugin v27.4 - https:\/\/yoast.com\/product\/yoast-seo-wordpress\/ -->\n<title>Cylinder Screen Printing Machine<\/title>\n<meta name=\"description\" content=\"This machine suitable for small size round \/ cylindrical and oval product printing, such as small tubes, cups, bottles, etc.\" \/>\n<meta name=\"robots\" content=\"index, follow, max-snippet:-1, max-image-preview:large, max-video-preview:-1\" \/>\n<link rel=\"canonical\" href=\"https:\/\/autoprintmachine.com\/es\/maquina-de-serigrafia-cilindrica-\u220575mm\/\" \/>\n<meta property=\"og:locale\" content=\"es_ES\" \/>\n<meta property=\"og:type\" content=\"article\" \/>\n<meta property=\"og:title\" content=\"Cylinder Screen Printing Machine\" \/>\n<meta property=\"og:description\" content=\"This machine suitable for small size round \/ cylindrical and oval product printing, such as small tubes, cups, bottles, etc.\" \/>\n<meta property=\"og:url\" content=\"https:\/\/autoprintmachine.com\/es\/maquina-de-serigrafia-cilindrica-\u220575mm\/\" \/>\n<meta property=\"article:publisher\" content=\"https:\/\/www.facebook.com\/autoprinttech\/\" \/>\n<meta property=\"article:modified_time\" content=\"2026-03-31T06:22:32+00:00\" \/>\n<meta property=\"og:image\" content=\"https:\/\/autoprintmachine.com\/wp-content\/uploads\/2020\/08\/OS-300-1.jpg\" \/>\n\t<meta property=\"og:image:width\" content=\"600\" \/>\n\t<meta property=\"og:image:height\" content=\"600\" \/>\n\t<meta property=\"og:image:type\" content=\"image\/jpeg\" \/>\n<meta name=\"twitter:card\" content=\"summary_large_image\" \/>\n<meta name=\"twitter:label1\" content=\"Est. reading time\" \/>\n\t<meta name=\"twitter:data1\" content=\"2 minutos\" \/>\n<script type=\"application\/ld+json\" class=\"yoast-schema-graph\">{\"@context\":\"https:\\\/\\\/schema.org\",\"@graph\":[{\"@type\":\"WebPage\",\"@id\":\"https:\\\/\\\/autoprintmachine.com\\\/%e2%88%8575mm-cylinder-screen-printing-machine\\\/\",\"url\":\"https:\\\/\\\/autoprintmachine.com\\\/%e2%88%8575mm-cylinder-screen-printing-machine\\\/\",\"name\":\"Cylinder Screen Printing Machine\",\"isPartOf\":{\"@id\":\"https:\\\/\\\/autoprintmachine.com\\\/#website\"},\"primaryImageOfPage\":{\"@id\":\"https:\\\/\\\/autoprintmachine.com\\\/%e2%88%8575mm-cylinder-screen-printing-machine\\\/#primaryimage\"},\"image\":{\"@id\":\"https:\\\/\\\/autoprintmachine.com\\\/%e2%88%8575mm-cylinder-screen-printing-machine\\\/#primaryimage\"},\"thumbnailUrl\":\"https:\\\/\\\/autoprintmachine.com\\\/wp-content\\\/uploads\\\/2020\\\/08\\\/OS-300-1.jpg\",\"datePublished\":\"2020-08-06T03:24:41+00:00\",\"dateModified\":\"2026-03-31T06:22:32+00:00\",\"description\":\"This machine suitable for small size round \\\/ cylindrical and oval product printing, such as small tubes, cups, bottles, etc.\",\"breadcrumb\":{\"@id\":\"https:\\\/\\\/autoprintmachine.com\\\/%e2%88%8575mm-cylinder-screen-printing-machine\\\/#breadcrumb\"},\"inLanguage\":\"es\",\"potentialAction\":[{\"@type\":\"ReadAction\",\"target\":[\"https:\\\/\\\/autoprintmachine.com\\\/%e2%88%8575mm-cylinder-screen-printing-machine\\\/\"]}]},{\"@type\":\"ImageObject\",\"inLanguage\":\"es\",\"@id\":\"https:\\\/\\\/autoprintmachine.com\\\/%e2%88%8575mm-cylinder-screen-printing-machine\\\/#primaryimage\",\"url\":\"https:\\\/\\\/autoprintmachine.com\\\/wp-content\\\/uploads\\\/2020\\\/08\\\/OS-300-1.jpg\",\"contentUrl\":\"https:\\\/\\\/autoprintmachine.com\\\/wp-content\\\/uploads\\\/2020\\\/08\\\/OS-300-1.jpg\",\"width\":600,\"height\":600,\"caption\":\"led bulb pad printing machine\"},{\"@type\":\"BreadcrumbList\",\"@id\":\"https:\\\/\\\/autoprintmachine.com\\\/%e2%88%8575mm-cylinder-screen-printing-machine\\\/#breadcrumb\",\"itemListElement\":[{\"@type\":\"ListItem\",\"position\":1,\"name\":\"Home\",\"item\":\"https:\\\/\\\/autoprintmachine.com\\\/\"},{\"@type\":\"ListItem\",\"position\":2,\"name\":\"Products\",\"item\":\"https:\\\/\\\/autoprintmachine.com\\\/shop\\\/\"},{\"@type\":\"ListItem\",\"position\":3,\"name\":\"\u220575mm Cylinder Screen Printing Machine\"}]},{\"@type\":\"WebSite\",\"@id\":\"https:\\\/\\\/autoprintmachine.com\\\/#website\",\"url\":\"https:\\\/\\\/autoprintmachine.com\\\/\",\"name\":\"\",\"description\":\"\",\"publisher\":{\"@id\":\"https:\\\/\\\/autoprintmachine.com\\\/#organization\"},\"potentialAction\":[{\"@type\":\"SearchAction\",\"target\":{\"@type\":\"EntryPoint\",\"urlTemplate\":\"https:\\\/\\\/autoprintmachine.com\\\/?s={search_term_string}\"},\"query-input\":{\"@type\":\"PropertyValueSpecification\",\"valueRequired\":true,\"valueName\":\"search_term_string\"}}],\"inLanguage\":\"es\"},{\"@type\":\"Organization\",\"@id\":\"https:\\\/\\\/autoprintmachine.com\\\/#organization\",\"name\":\"Dongguan Auto Print Tech Co., Ltd\",\"url\":\"https:\\\/\\\/autoprintmachine.com\\\/\",\"logo\":{\"@type\":\"ImageObject\",\"inLanguage\":\"es\",\"@id\":\"https:\\\/\\\/autoprintmachine.com\\\/#\\\/schema\\\/logo\\\/image\\\/\",\"url\":\"https:\\\/\\\/autoprintmachine.com\\\/wp-content\\\/uploads\\\/2023\\\/06\\\/screen_printing_logo_new.webp\",\"contentUrl\":\"https:\\\/\\\/autoprintmachine.com\\\/wp-content\\\/uploads\\\/2023\\\/06\\\/screen_printing_logo_new.webp\",\"width\":890,\"height\":750,\"caption\":\"Dongguan Auto Print Tech Co., Ltd\"},\"image\":{\"@id\":\"https:\\\/\\\/autoprintmachine.com\\\/#\\\/schema\\\/logo\\\/image\\\/\"},\"sameAs\":[\"https:\\\/\\\/www.facebook.com\\\/autoprinttech\\\/\",\"https:\\\/\\\/www.youtube.com\\\/channel\\\/UCJtPGiBbQWGE2DZLxySpCtw\"]}]}<\/script>\n<!-- \/ Yoast SEO plugin. -->","yoast_head_json":{"title":"M\u00e1quina de serigraf\u00eda cil\u00edndrica","description":"Esta m\u00e1quina es adecuada para la impresi\u00f3n de productos redondos\/cil\u00edndricos y ovalados de tama\u00f1o peque\u00f1o, como tubos peque\u00f1os, vasos, botellas, etc.","robots":{"index":"index","follow":"follow","max-snippet":"max-snippet:-1","max-image-preview":"max-image-preview:large","max-video-preview":"max-video-preview:-1"},"canonical":"https:\/\/autoprintmachine.com\/es\/maquina-de-serigrafia-cilindrica-\u220575mm\/","og_locale":"es_ES","og_type":"article","og_title":"Cylinder Screen Printing Machine","og_description":"This machine suitable for small size round \/ cylindrical and oval product printing, such as small tubes, cups, bottles, etc.","og_url":"https:\/\/autoprintmachine.com\/es\/maquina-de-serigrafia-cilindrica-\u220575mm\/","article_publisher":"https:\/\/www.facebook.com\/autoprinttech\/","article_modified_time":"2026-03-31T06:22:32+00:00","og_image":[{"width":600,"height":600,"url":"https:\/\/autoprintmachine.com\/wp-content\/uploads\/2020\/08\/OS-300-1.jpg","type":"image\/jpeg"}],"twitter_card":"summary_large_image","twitter_misc":{"Est. reading time":"2 minutos"},"schema":{"@context":"https:\/\/schema.org","@graph":[{"@type":"WebPage","@id":"https:\/\/autoprintmachine.com\/%e2%88%8575mm-cylinder-screen-printing-machine\/","url":"https:\/\/autoprintmachine.com\/%e2%88%8575mm-cylinder-screen-printing-machine\/","name":"M\u00e1quina de serigraf\u00eda cil\u00edndrica","isPartOf":{"@id":"https:\/\/autoprintmachine.com\/#website"},"primaryImageOfPage":{"@id":"https:\/\/autoprintmachine.com\/%e2%88%8575mm-cylinder-screen-printing-machine\/#primaryimage"},"image":{"@id":"https:\/\/autoprintmachine.com\/%e2%88%8575mm-cylinder-screen-printing-machine\/#primaryimage"},"thumbnailUrl":"https:\/\/autoprintmachine.com\/wp-content\/uploads\/2020\/08\/OS-300-1.jpg","datePublished":"2020-08-06T03:24:41+00:00","dateModified":"2026-03-31T06:22:32+00:00","description":"Esta m\u00e1quina es adecuada para la impresi\u00f3n de productos redondos\/cil\u00edndricos y ovalados de tama\u00f1o peque\u00f1o, como tubos peque\u00f1os, vasos, botellas, etc.","breadcrumb":{"@id":"https:\/\/autoprintmachine.com\/%e2%88%8575mm-cylinder-screen-printing-machine\/#breadcrumb"},"inLanguage":"es","potentialAction":[{"@type":"ReadAction","target":["https:\/\/autoprintmachine.com\/%e2%88%8575mm-cylinder-screen-printing-machine\/"]}]},{"@type":"ImageObject","inLanguage":"es","@id":"https:\/\/autoprintmachine.com\/%e2%88%8575mm-cylinder-screen-printing-machine\/#primaryimage","url":"https:\/\/autoprintmachine.com\/wp-content\/uploads\/2020\/08\/OS-300-1.jpg","contentUrl":"https:\/\/autoprintmachine.com\/wp-content\/uploads\/2020\/08\/OS-300-1.jpg","width":600,"height":600,"caption":"led bulb pad printing machine"},{"@type":"BreadcrumbList","@id":"https:\/\/autoprintmachine.com\/%e2%88%8575mm-cylinder-screen-printing-machine\/#breadcrumb","itemListElement":[{"@type":"ListItem","position":1,"name":"Home","item":"https:\/\/autoprintmachine.com\/"},{"@type":"ListItem","position":2,"name":"Products","item":"https:\/\/autoprintmachine.com\/shop\/"},{"@type":"ListItem","position":3,"name":"\u220575mm Cylinder Screen Printing Machine"}]},{"@type":"WebSite","@id":"https:\/\/autoprintmachine.com\/#website","url":"https:\/\/autoprintmachine.com\/","name":"","description":"","publisher":{"@id":"https:\/\/autoprintmachine.com\/#organization"},"potentialAction":[{"@type":"SearchAction","target":{"@type":"EntryPoint","urlTemplate":"https:\/\/autoprintmachine.com\/?s={search_term_string}"},"query-input":{"@type":"PropertyValueSpecification","valueRequired":true,"valueName":"search_term_string"}}],"inLanguage":"es"},{"@type":"Organization","@id":"https:\/\/autoprintmachine.com\/#organization","name":"Dongguan Auto Print Tech Co., Ltd","url":"https:\/\/autoprintmachine.com\/","logo":{"@type":"ImageObject","inLanguage":"es","@id":"https:\/\/autoprintmachine.com\/#\/schema\/logo\/image\/","url":"https:\/\/autoprintmachine.com\/wp-content\/uploads\/2023\/06\/screen_printing_logo_new.webp","contentUrl":"https:\/\/autoprintmachine.com\/wp-content\/uploads\/2023\/06\/screen_printing_logo_new.webp","width":890,"height":750,"caption":"Dongguan Auto Print Tech Co., Ltd"},"image":{"@id":"https:\/\/autoprintmachine.com\/#\/schema\/logo\/image\/"},"sameAs":["https:\/\/www.facebook.com\/autoprinttech\/","https:\/\/www.youtube.com\/channel\/UCJtPGiBbQWGE2DZLxySpCtw"]}]}},"_links":{"self":[{"href":"https:\/\/autoprintmachine.com\/es\/wp-json\/wp\/v2\/product\/280","targetHints":{"allow":["GET"]}}],"collection":[{"href":"https:\/\/autoprintmachine.com\/es\/wp-json\/wp\/v2\/product"}],"about":[{"href":"https:\/\/autoprintmachine.com\/es\/wp-json\/wp\/v2\/types\/product"}],"wp:featuredmedia":[{"embeddable":true,"href":"https:\/\/autoprintmachine.com\/es\/wp-json\/wp\/v2\/media\/839"}],"wp:attachment":[{"href":"https:\/\/autoprintmachine.com\/es\/wp-json\/wp\/v2\/media?parent=280"}],"wp:term":[{"taxonomy":"product_brand","embeddable":true,"href":"https:\/\/autoprintmachine.com\/es\/wp-json\/wp\/v2\/product_brand?post=280"},{"taxonomy":"product_cat","embeddable":true,"href":"https:\/\/autoprintmachine.com\/es\/wp-json\/wp\/v2\/product_cat?post=280"},{"taxonomy":"product_tag","embeddable":true,"href":"https:\/\/autoprintmachine.com\/es\/wp-json\/wp\/v2\/product_tag?post=280"}],"curies":[{"name":"wp","href":"https:\/\/api.w.org\/{rel}","templated":true}]}}