{"id":284,"date":"2020-08-06T06:59:01","date_gmt":"2020-08-06T06:59:01","guid":{"rendered":"https:\/\/onceauto.seowaimao.com\/?post_type=product&#038;p=284"},"modified":"2025-12-24T03:05:54","modified_gmt":"2025-12-24T03:05:54","slug":"maquina-de-serigrafia-redonda-%e2%88%85110mm","status":"publish","type":"product","link":"https:\/\/autoprintmachine.com\/es\/maquina-de-serigrafia-redonda-%e2%88%85110mm\/","title":{"rendered":"M\u00e1quina de serigraf\u00eda redonda de \u2205110 mm"},"content":{"rendered":"<p><strong>Introducci\u00f3n:<\/strong><\/p>\n<p><strong>AP-400<\/strong><span data-offset-key=\"2aaq2-0-1\"><strong>\u00a0<\/strong>La impresora serigr\u00e1fica semiautom\u00e1tica de botellas y contenedores es una m\u00e1quina vers\u00e1til y bien dise\u00f1ada. El\u00a0<\/span><strong>AP-400<\/strong><span data-offset-key=\"2aaq2-0-3\"> puede serigrafiar objetos planos y cil\u00edndricos. Algunos ejemplos son botellas moldeadas por soplado, tubos de cosm\u00e9ticos, botellas de agua de aluminio, baquetas y pipetas de vidrio.\u00a0 <\/span><span class=\"veryhardreadability\"><span data-offset-key=\"2aaq2-1-0\">El <strong>AP-400<\/strong>\u00a0presenta cambios de herramientas r\u00e1pidos y simples, registro mec\u00e1nico preciso y controles convenientes en el panel frontal<\/span><\/span><span data-offset-key=\"2aaq2-2-0\">. Estas caracter\u00edsticas hacen que el <strong>AP-400<\/strong> la prensa serigr\u00e1fica universal perfecta y vers\u00e1til.<\/span><\/p>\n<p><strong>Caracter\u00edsticas est\u00e1ndar:<\/strong><\/p>\n<ul>\n<li>Controlado electroneum\u00e1tico<\/li>\n<li>Configuraci\u00f3n programable<\/li>\n<li>Control neum\u00e1tico con amortiguadores.<\/li>\n<li>Elevador de cabeza vertical con bloqueo arriba\/abajo<\/li>\n<li>Rodamientos lineales de bolas sobre ejes templados<\/li>\n<li>Controlado por interruptor de pie<\/li>\n<li>Ajustes de inclinaci\u00f3n, inclinaci\u00f3n y altura de la escobilla de goma<\/li>\n<li>Ajuste del \u00e1ngulo del marco de la pantalla<\/li>\n<li>Barra de fijaci\u00f3n universal para montar herramientas personalizadas<\/li>\n<li>Sistema de inflado de botellas con regulador.<\/li>\n<li>El inflado de la botella est\u00e1 sincronizado con el ciclo de impresi\u00f3n.<\/li>\n<li>Presi\u00f3n de la escobilla de goma regulada con man\u00f3metro<\/li>\n<li>Niveladores de piso y ruedas<\/li>\n<li>Bot\u00f3n de parada de emergencia instalado, protecci\u00f3n de seguridad opcional<\/li>\n<\/ul>\n<p><strong>Especificaciones:<\/strong><\/p>\n<table width=\"100%\">\n<tbody>\n<tr>\n<td width=\"47%\"><strong>N\u00famero de modelo:<\/strong><\/td>\n<td width=\"52%\"><strong>AP-400<\/strong><\/td>\n<\/tr>\n<tr>\n<td><strong>Sistema de manejo:<\/strong><\/td>\n<td width=\"52%\">Neum\u00e1tico<\/td>\n<\/tr>\n<tr>\n<td><strong>Trazo arriba\/abajo del cuadro:<\/strong><\/td>\n<td width=\"52%\">100 mm (3,94 pulgadas)<\/td>\n<\/tr>\n<tr>\n<td><strong>Ronda de \u00e1rea de impresi\u00f3n m\u00e1xima:<\/strong><\/p>\n<p><strong>\u00c1rea de impresi\u00f3n m\u00e1xima ovalada:<br \/>\n<\/strong><\/td>\n<td width=\"52%\">110 mm (4,33&quot;) de di\u00e1metro<\/p>\n<p>Longitud del arco de 340 mm (13,39 \u2033)<\/td>\n<\/tr>\n<tr>\n<td><strong>Tama\u00f1o de la mesa de trabajo:<\/strong><\/td>\n<td width=\"52%\">250 x 350 mm<\/td>\n<\/tr>\n<tr>\n<td><strong>Ajuste de la mesa:<\/strong><\/td>\n<td width=\"52%\">X,Y \u00b1 15mm \/\u00a0<em>\u03b8<\/em>\u00a015\u00b0<\/td>\n<\/tr>\n<tr>\n<td><strong>Tama\u00f1o m\u00e1ximo del marco de pantalla:<\/strong><\/td>\n<td width=\"52%\">380 x 580 mm<\/td>\n<\/tr>\n<tr>\n<td><strong>Grosor del marco de la pantalla:<\/strong><\/td>\n<td width=\"52%\">18 \u2013 25 mm (0,71\u2033 \u2013 0,98\u2033)<\/td>\n<\/tr>\n<tr>\n<td><strong>\u00c1ngulo de la escobilla de goma:<\/strong><\/td>\n<td width=\"52%\">0-15\u00b0<\/td>\n<\/tr>\n<tr>\n<td><strong>Velocidad del ciclo de impresi\u00f3n:<\/strong><\/td>\n<td width=\"52%\">1.200 ciclos\/h<\/td>\n<\/tr>\n<tr>\n<td><strong>Velocidad de la escobilla de goma:<\/strong><\/td>\n<td width=\"52%\">20 minutos<\/td>\n<\/tr>\n<tr>\n<td><strong>Presi\u00f3n del limpiacristales:<\/strong><\/td>\n<td width=\"52%\">2 \u2013 4 barras<\/td>\n<\/tr>\n<tr>\n<td><strong>Fuente el\u00e9ctrica:<\/strong><\/td>\n<td width=\"52%\">110V\/220V 50-60Hz 50W<\/td>\n<\/tr>\n<tr>\n<td><strong>Entrada de presi\u00f3n de aire:<\/strong><\/td>\n<td width=\"52%\">80 psi<\/td>\n<\/tr>\n<tr>\n<td><strong>Consumo de aire:<\/strong><\/td>\n<td width=\"52%\">0,7 litros\/ciclo<\/td>\n<\/tr>\n<tr>\n<td><strong>Peso de la m\u00e1quina:<\/strong><\/td>\n<td width=\"52%\">150 kilogramos<\/td>\n<\/tr>\n<tr>\n<td><strong>Peso de la m\u00e1quina (incluido el embalaje):<\/strong><\/td>\n<td width=\"52%\">190 kilos<\/td>\n<\/tr>\n<tr>\n<td><strong>Dimensiones (largo x ancho x alto):<\/strong><\/td>\n<td width=\"52%\">1.000 x 950 x 1.400 mm<\/td>\n<\/tr>\n<tr>\n<td><strong>Dimensiones de la caja:<\/strong><\/td>\n<td width=\"52%\">1.080 x 1.010 x 1.520 mm<\/td>\n<\/tr>\n<\/tbody>\n<\/table>","protected":false},"excerpt":{"rendered":"<p>La m\u00e1quina impresora de serigraf\u00eda redonda AP-400 es el modelo m\u00e1s popular. Esta impresora de serigraf\u00eda cil\u00edndrica est\u00e1 equipada con un sistema de accionamiento neum\u00e1tico y controlado por placa PCB. Tiene una estructura s\u00f3lida y un rendimiento estable. Su di\u00e1metro m\u00e1ximo de impresi\u00f3n es de 110mm. Ofrece un funcionamiento f\u00e1cil y r\u00e1pido y permite el cambio r\u00e1pido de accesorios. Esta impresora serigr\u00e1fica redonda es ampliamente utilizada para botellas medianas y peque\u00f1as, vasos, contenedores, etc. Puede manejar formas redondas y ovaladas.<\/p>\n<p>&nbsp;<\/p>","protected":false},"featured_media":916,"template":"","meta":[],"product_brand":[],"product_cat":[15],"product_tag":[],"class_list":{"0":"post-284","1":"product","2":"type-product","3":"status-publish","4":"has-post-thumbnail","6":"product_cat-automatic-cylindrical-screen-printing-machine","8":"first","9":"instock","10":"shipping-taxable","11":"product-type-simple"},"yoast_head":"<!-- This site is optimized with the Yoast SEO plugin v27.4 - https:\/\/yoast.com\/product\/yoast-seo-wordpress\/ -->\n<title>Round Screen Printing Machine<\/title>\n<meta name=\"description\" content=\"The\u00a0AP-400\u00a0can screen print on flat and cylindrical objects,blow molded bottles, cosmetic tubes, aluminum water bottles, drum sticks, etc.\" \/>\n<meta name=\"robots\" content=\"index, follow, max-snippet:-1, max-image-preview:large, max-video-preview:-1\" \/>\n<link rel=\"canonical\" href=\"https:\/\/autoprintmachine.com\/es\/maquina-de-serigrafia-redonda-\u2205110mm\/\" \/>\n<meta property=\"og:locale\" content=\"es_ES\" \/>\n<meta property=\"og:type\" content=\"article\" \/>\n<meta property=\"og:title\" content=\"Round Screen Printing Machine\" \/>\n<meta property=\"og:description\" content=\"The\u00a0AP-400\u00a0can screen print on flat and cylindrical objects,blow molded bottles, cosmetic tubes, aluminum water bottles, drum sticks, etc.\" \/>\n<meta property=\"og:url\" content=\"https:\/\/autoprintmachine.com\/es\/maquina-de-serigrafia-redonda-\u2205110mm\/\" \/>\n<meta property=\"article:publisher\" content=\"https:\/\/www.facebook.com\/autoprinttech\/\" \/>\n<meta property=\"article:modified_time\" content=\"2025-12-24T03:05:54+00:00\" \/>\n<meta property=\"og:image\" content=\"https:\/\/autoprintmachine.com\/wp-content\/uploads\/2020\/08\/OS-400New.jpg\" \/>\n\t<meta property=\"og:image:width\" content=\"600\" \/>\n\t<meta property=\"og:image:height\" content=\"600\" \/>\n\t<meta property=\"og:image:type\" content=\"image\/jpeg\" \/>\n<meta name=\"twitter:card\" content=\"summary_large_image\" \/>\n<meta name=\"twitter:label1\" content=\"Est. reading time\" \/>\n\t<meta name=\"twitter:data1\" content=\"2 minutos\" \/>\n<script type=\"application\/ld+json\" class=\"yoast-schema-graph\">{\"@context\":\"https:\\\/\\\/schema.org\",\"@graph\":[{\"@type\":\"WebPage\",\"@id\":\"https:\\\/\\\/autoprintmachine.com\\\/%e2%88%85110mm-round-screen-printing-machine\\\/\",\"url\":\"https:\\\/\\\/autoprintmachine.com\\\/%e2%88%85110mm-round-screen-printing-machine\\\/\",\"name\":\"Round Screen Printing Machine\",\"isPartOf\":{\"@id\":\"https:\\\/\\\/autoprintmachine.com\\\/#website\"},\"primaryImageOfPage\":{\"@id\":\"https:\\\/\\\/autoprintmachine.com\\\/%e2%88%85110mm-round-screen-printing-machine\\\/#primaryimage\"},\"image\":{\"@id\":\"https:\\\/\\\/autoprintmachine.com\\\/%e2%88%85110mm-round-screen-printing-machine\\\/#primaryimage\"},\"thumbnailUrl\":\"https:\\\/\\\/autoprintmachine.com\\\/wp-content\\\/uploads\\\/2020\\\/08\\\/OS-400New.jpg\",\"datePublished\":\"2020-08-06T06:59:01+00:00\",\"dateModified\":\"2025-12-24T03:05:54+00:00\",\"description\":\"The\u00a0AP-400\u00a0can screen print on flat and cylindrical objects,blow molded bottles, cosmetic tubes, aluminum water bottles, drum sticks, etc.\",\"breadcrumb\":{\"@id\":\"https:\\\/\\\/autoprintmachine.com\\\/%e2%88%85110mm-round-screen-printing-machine\\\/#breadcrumb\"},\"inLanguage\":\"es\",\"potentialAction\":[{\"@type\":\"ReadAction\",\"target\":[\"https:\\\/\\\/autoprintmachine.com\\\/%e2%88%85110mm-round-screen-printing-machine\\\/\"]}]},{\"@type\":\"ImageObject\",\"inLanguage\":\"es\",\"@id\":\"https:\\\/\\\/autoprintmachine.com\\\/%e2%88%85110mm-round-screen-printing-machine\\\/#primaryimage\",\"url\":\"https:\\\/\\\/autoprintmachine.com\\\/wp-content\\\/uploads\\\/2020\\\/08\\\/OS-400New.jpg\",\"contentUrl\":\"https:\\\/\\\/autoprintmachine.com\\\/wp-content\\\/uploads\\\/2020\\\/08\\\/OS-400New.jpg\",\"width\":600,\"height\":600,\"caption\":\"OS 400New\"},{\"@type\":\"BreadcrumbList\",\"@id\":\"https:\\\/\\\/autoprintmachine.com\\\/%e2%88%85110mm-round-screen-printing-machine\\\/#breadcrumb\",\"itemListElement\":[{\"@type\":\"ListItem\",\"position\":1,\"name\":\"Home\",\"item\":\"https:\\\/\\\/autoprintmachine.com\\\/\"},{\"@type\":\"ListItem\",\"position\":2,\"name\":\"Products\",\"item\":\"https:\\\/\\\/autoprintmachine.com\\\/shop\\\/\"},{\"@type\":\"ListItem\",\"position\":3,\"name\":\"\u2205110mm Round Screen Printing Machine\"}]},{\"@type\":\"WebSite\",\"@id\":\"https:\\\/\\\/autoprintmachine.com\\\/#website\",\"url\":\"https:\\\/\\\/autoprintmachine.com\\\/\",\"name\":\"\",\"description\":\"\",\"publisher\":{\"@id\":\"https:\\\/\\\/autoprintmachine.com\\\/#organization\"},\"potentialAction\":[{\"@type\":\"SearchAction\",\"target\":{\"@type\":\"EntryPoint\",\"urlTemplate\":\"https:\\\/\\\/autoprintmachine.com\\\/?s={search_term_string}\"},\"query-input\":{\"@type\":\"PropertyValueSpecification\",\"valueRequired\":true,\"valueName\":\"search_term_string\"}}],\"inLanguage\":\"es\"},{\"@type\":\"Organization\",\"@id\":\"https:\\\/\\\/autoprintmachine.com\\\/#organization\",\"name\":\"Dongguan Auto Print Tech Co., Ltd\",\"url\":\"https:\\\/\\\/autoprintmachine.com\\\/\",\"logo\":{\"@type\":\"ImageObject\",\"inLanguage\":\"es\",\"@id\":\"https:\\\/\\\/autoprintmachine.com\\\/#\\\/schema\\\/logo\\\/image\\\/\",\"url\":\"https:\\\/\\\/autoprintmachine.com\\\/wp-content\\\/uploads\\\/2023\\\/06\\\/screen_printing_logo_new.webp\",\"contentUrl\":\"https:\\\/\\\/autoprintmachine.com\\\/wp-content\\\/uploads\\\/2023\\\/06\\\/screen_printing_logo_new.webp\",\"width\":890,\"height\":750,\"caption\":\"Dongguan Auto Print Tech Co., Ltd\"},\"image\":{\"@id\":\"https:\\\/\\\/autoprintmachine.com\\\/#\\\/schema\\\/logo\\\/image\\\/\"},\"sameAs\":[\"https:\\\/\\\/www.facebook.com\\\/autoprinttech\\\/\",\"https:\\\/\\\/www.youtube.com\\\/channel\\\/UCJtPGiBbQWGE2DZLxySpCtw\"]}]}<\/script>\n<!-- \/ Yoast SEO plugin. -->","yoast_head_json":{"title":"M\u00e1quina de serigraf\u00eda redonda","description":"La AP-400 puede serigrafiar objetos planos y cil\u00edndricos, botellas moldeadas por soplado, tubos de cosm\u00e9ticos, botellas de agua de aluminio, baquetas de tambor, etc.","robots":{"index":"index","follow":"follow","max-snippet":"max-snippet:-1","max-image-preview":"max-image-preview:large","max-video-preview":"max-video-preview:-1"},"canonical":"https:\/\/autoprintmachine.com\/es\/maquina-de-serigrafia-redonda-\u2205110mm\/","og_locale":"es_ES","og_type":"article","og_title":"Round Screen Printing Machine","og_description":"The\u00a0AP-400\u00a0can screen print on flat and cylindrical objects,blow molded bottles, cosmetic tubes, aluminum water bottles, drum sticks, etc.","og_url":"https:\/\/autoprintmachine.com\/es\/maquina-de-serigrafia-redonda-\u2205110mm\/","article_publisher":"https:\/\/www.facebook.com\/autoprinttech\/","article_modified_time":"2025-12-24T03:05:54+00:00","og_image":[{"width":600,"height":600,"url":"https:\/\/autoprintmachine.com\/wp-content\/uploads\/2020\/08\/OS-400New.jpg","type":"image\/jpeg"}],"twitter_card":"summary_large_image","twitter_misc":{"Est. reading time":"2 minutos"},"schema":{"@context":"https:\/\/schema.org","@graph":[{"@type":"WebPage","@id":"https:\/\/autoprintmachine.com\/%e2%88%85110mm-round-screen-printing-machine\/","url":"https:\/\/autoprintmachine.com\/%e2%88%85110mm-round-screen-printing-machine\/","name":"M\u00e1quina de serigraf\u00eda redonda","isPartOf":{"@id":"https:\/\/autoprintmachine.com\/#website"},"primaryImageOfPage":{"@id":"https:\/\/autoprintmachine.com\/%e2%88%85110mm-round-screen-printing-machine\/#primaryimage"},"image":{"@id":"https:\/\/autoprintmachine.com\/%e2%88%85110mm-round-screen-printing-machine\/#primaryimage"},"thumbnailUrl":"https:\/\/autoprintmachine.com\/wp-content\/uploads\/2020\/08\/OS-400New.jpg","datePublished":"2020-08-06T06:59:01+00:00","dateModified":"2025-12-24T03:05:54+00:00","description":"La AP-400 puede serigrafiar objetos planos y cil\u00edndricos, botellas moldeadas por soplado, tubos de cosm\u00e9ticos, botellas de agua de aluminio, baquetas de tambor, etc.","breadcrumb":{"@id":"https:\/\/autoprintmachine.com\/%e2%88%85110mm-round-screen-printing-machine\/#breadcrumb"},"inLanguage":"es","potentialAction":[{"@type":"ReadAction","target":["https:\/\/autoprintmachine.com\/%e2%88%85110mm-round-screen-printing-machine\/"]}]},{"@type":"ImageObject","inLanguage":"es","@id":"https:\/\/autoprintmachine.com\/%e2%88%85110mm-round-screen-printing-machine\/#primaryimage","url":"https:\/\/autoprintmachine.com\/wp-content\/uploads\/2020\/08\/OS-400New.jpg","contentUrl":"https:\/\/autoprintmachine.com\/wp-content\/uploads\/2020\/08\/OS-400New.jpg","width":600,"height":600,"caption":"OS 400New"},{"@type":"BreadcrumbList","@id":"https:\/\/autoprintmachine.com\/%e2%88%85110mm-round-screen-printing-machine\/#breadcrumb","itemListElement":[{"@type":"ListItem","position":1,"name":"Home","item":"https:\/\/autoprintmachine.com\/"},{"@type":"ListItem","position":2,"name":"Products","item":"https:\/\/autoprintmachine.com\/shop\/"},{"@type":"ListItem","position":3,"name":"\u2205110mm Round Screen Printing Machine"}]},{"@type":"WebSite","@id":"https:\/\/autoprintmachine.com\/#website","url":"https:\/\/autoprintmachine.com\/","name":"","description":"","publisher":{"@id":"https:\/\/autoprintmachine.com\/#organization"},"potentialAction":[{"@type":"SearchAction","target":{"@type":"EntryPoint","urlTemplate":"https:\/\/autoprintmachine.com\/?s={search_term_string}"},"query-input":{"@type":"PropertyValueSpecification","valueRequired":true,"valueName":"search_term_string"}}],"inLanguage":"es"},{"@type":"Organization","@id":"https:\/\/autoprintmachine.com\/#organization","name":"Dongguan Auto Print Tech Co., Ltd","url":"https:\/\/autoprintmachine.com\/","logo":{"@type":"ImageObject","inLanguage":"es","@id":"https:\/\/autoprintmachine.com\/#\/schema\/logo\/image\/","url":"https:\/\/autoprintmachine.com\/wp-content\/uploads\/2023\/06\/screen_printing_logo_new.webp","contentUrl":"https:\/\/autoprintmachine.com\/wp-content\/uploads\/2023\/06\/screen_printing_logo_new.webp","width":890,"height":750,"caption":"Dongguan Auto Print Tech Co., Ltd"},"image":{"@id":"https:\/\/autoprintmachine.com\/#\/schema\/logo\/image\/"},"sameAs":["https:\/\/www.facebook.com\/autoprinttech\/","https:\/\/www.youtube.com\/channel\/UCJtPGiBbQWGE2DZLxySpCtw"]}]}},"_links":{"self":[{"href":"https:\/\/autoprintmachine.com\/es\/wp-json\/wp\/v2\/product\/284","targetHints":{"allow":["GET"]}}],"collection":[{"href":"https:\/\/autoprintmachine.com\/es\/wp-json\/wp\/v2\/product"}],"about":[{"href":"https:\/\/autoprintmachine.com\/es\/wp-json\/wp\/v2\/types\/product"}],"wp:featuredmedia":[{"embeddable":true,"href":"https:\/\/autoprintmachine.com\/es\/wp-json\/wp\/v2\/media\/916"}],"wp:attachment":[{"href":"https:\/\/autoprintmachine.com\/es\/wp-json\/wp\/v2\/media?parent=284"}],"wp:term":[{"taxonomy":"product_brand","embeddable":true,"href":"https:\/\/autoprintmachine.com\/es\/wp-json\/wp\/v2\/product_brand?post=284"},{"taxonomy":"product_cat","embeddable":true,"href":"https:\/\/autoprintmachine.com\/es\/wp-json\/wp\/v2\/product_cat?post=284"},{"taxonomy":"product_tag","embeddable":true,"href":"https:\/\/autoprintmachine.com\/es\/wp-json\/wp\/v2\/product_tag?post=284"}],"curies":[{"name":"wp","href":"https:\/\/api.w.org\/{rel}","templated":true}]}}