{"id":292,"date":"2020-08-06T08:42:15","date_gmt":"2020-08-06T08:42:15","guid":{"rendered":"https:\/\/onceauto.seowaimao.com\/?post_type=product&#038;p=292"},"modified":"2025-12-24T05:44:57","modified_gmt":"2025-12-24T05:44:57","slug":"%e2%88%85180mm-contenedor-redondo-maquina-de-impresion-de-pantalla","status":"publish","type":"product","link":"https:\/\/autoprintmachine.com\/es\/%e2%88%85180mm-contenedor-redondo-maquina-de-impresion-de-pantalla\/","title":{"rendered":"M\u00e1quina de serigraf\u00eda redonda para contenedores de \u2205180 mm"},"content":{"rendered":"<p><strong>Introducci\u00f3n:<\/strong><\/p>\n<p>El <strong>AP-600<\/strong> La Impresora Serigr\u00e1fica Redonda tiene un di\u00e1metro m\u00e1ximo de impresi\u00f3n de 180mm. Esta m\u00e1quina es adecuada para imprimir en botellas de tama\u00f1o medio, envases, vasos, etc.<\/p>\n<p><strong>Caracter\u00edsticas est\u00e1ndar:<\/strong><\/p>\n<ul>\n<li>Control neum\u00e1tico con amortiguadores.<\/li>\n<li>Controlado por microprocesador \u2013 PCB<\/li>\n<li>Elevador parcial vertical con ajuste de altura<\/li>\n<li>Carrera de impresi\u00f3n controlada con cilindro sin v\u00e1stago<\/li>\n<li>Mesa de montaje de utensilios de posicionamiento X\/Y\/R<\/li>\n<li>Rodamientos lineales de bolas sobre ejes templados<\/li>\n<li>Inclinaci\u00f3n, inclinaci\u00f3n y altura de la escobilla de goma ajustables<\/li>\n<li>\u00c1ngulo e inclinaci\u00f3n del marco de la pantalla ajustables<\/li>\n<li>Sistema de inflado de botellas sincronizado con regulador.<\/li>\n<li>Presi\u00f3n de la escobilla de goma regulada con man\u00f3metro<\/li>\n<li>Niveladores de piso y ruedas<\/li>\n<li>Controlado por interruptor de pie<\/li>\n<\/ul>\n<p><strong>Especificaciones:<\/strong><\/p>\n<table width=\"96%\">\n<tbody>\n<tr>\n<td width=\"50%\"><strong>N \u00ba de Modelo.:<\/strong><\/td>\n<td width=\"50%\"><strong>AP-600<\/strong><\/td>\n<\/tr>\n<tr>\n<td><strong>Sistema de manejo:<\/strong><\/td>\n<td>Neum\u00e1tico<\/td>\n<\/tr>\n<tr>\n<td><strong>Trazo arriba\/abajo del cuadro:<\/strong><\/td>\n<td>100 mm (3,94 pulgadas)<\/td>\n<\/tr>\n<tr>\n<td><strong>Ronda de \u00e1rea de impresi\u00f3n m\u00e1xima:<br \/>\n\u00c1rea de impresi\u00f3n m\u00e1xima ovalada:<\/strong><\/td>\n<td>180 mm (7,08&quot;) de di\u00e1metro<br \/>\nLongitud del arco de 560 mm (22,05 \u2033)<\/td>\n<\/tr>\n<tr>\n<td><strong>Tama\u00f1o de la mesa de trabajo:<\/strong><\/td>\n<td>250 x 700 mm (9,84\u2033 x 27,56\u2033)<\/td>\n<\/tr>\n<tr>\n<td><strong>Ajuste de la mesa:<\/strong><\/td>\n<td>X,Y \u00b1 15mm \/\u00a0<em>\u03b8<\/em>\u00a015\u00b0<\/td>\n<\/tr>\n<tr>\n<td><strong>Tama\u00f1o m\u00e1ximo del marco de la pantalla<\/strong><strong>:<\/strong><\/td>\n<td>400 x 800 mm (15,75\u2033 x 31,50\u2033)<\/td>\n<\/tr>\n<tr>\n<td><strong>Grosor del marco de la pantalla:<\/strong><\/td>\n<td>18 \u2013 25 mm (0,71\u2033 \u2013 0,98\u2033)<\/td>\n<\/tr>\n<tr>\n<td><strong>\u00c1ngulo de la escobilla de goma:<\/strong><\/td>\n<td>0-15\u00b0<\/td>\n<\/tr>\n<tr>\n<td><strong>Velocidad del ciclo de impresi\u00f3n<\/strong><strong>:<\/strong><\/td>\n<td>960 ciclos\/h<\/td>\n<\/tr>\n<tr>\n<td><strong>Velocidad de la escobilla de goma:<\/strong><\/td>\n<td>16\/min<\/td>\n<\/tr>\n<tr>\n<td><strong>Presi\u00f3n del limpiacristales:<\/strong><\/td>\n<td>2 \u2013 4 barras<\/td>\n<\/tr>\n<tr>\n<td><strong>Fuente el\u00e9ctrica:<\/strong><\/td>\n<td>110V\/220V 50-60Hz 50W<\/td>\n<\/tr>\n<tr>\n<td><strong>Entrada de presi\u00f3n de aire:<\/strong><\/td>\n<td>80 psi<\/td>\n<\/tr>\n<tr>\n<td><strong>Consumo de aire:<\/strong><\/td>\n<td>0,7 litros\/ciclo<\/td>\n<\/tr>\n<tr>\n<td><strong>Peso neto:<\/strong><\/td>\n<td>170 kilos<\/td>\n<\/tr>\n<tr>\n<td><strong>Peso bruto:<\/strong><\/td>\n<td>260 kilos<\/td>\n<\/tr>\n<tr>\n<td><strong>Dimensiones (largo x ancho x alto):<\/strong><\/td>\n<td>1.130 x 750 x 1.350 mm<\/td>\n<\/tr>\n<tr>\n<td><strong>Dimensiones de la caja:<\/strong><\/td>\n<td>1.250 x 940 x 1.460 mm<\/td>\n<\/tr>\n<\/tbody>\n<\/table>","protected":false},"excerpt":{"rendered":"<p>La m\u00e1quina de serigraf\u00eda redonda AP-600 es vers\u00e1til para imprimir en envases redondos, cil\u00edndricos y ovalados. Con un di\u00e1metro m\u00e1ximo de impresi\u00f3n de 180mm, esta impresora serigr\u00e1fica cil\u00edndrica es adecuada para la impresi\u00f3n de objetos de tama\u00f1o medio. Ofrece un rendimiento estable de la m\u00e1quina, f\u00e1cil operaci\u00f3n y r\u00e1pido cambio de plantilla. Esta m\u00e1quina es popular en las industrias de envases de pl\u00e1stico, impresi\u00f3n de vidrio, etc.<\/p>\n<p>&nbsp;<\/p>","protected":false},"featured_media":918,"template":"","meta":[],"product_brand":[],"product_cat":[15],"product_tag":[],"class_list":{"0":"post-292","1":"product","2":"type-product","3":"status-publish","4":"has-post-thumbnail","6":"product_cat-automatic-cylindrical-screen-printing-machine","8":"first","9":"instock","10":"shipping-taxable","11":"product-type-simple"},"yoast_head":"<!-- This site is optimized with the Yoast SEO plugin v27.4 - https:\/\/yoast.com\/product\/yoast-seo-wordpress\/ -->\n<title>Round Screen Printing Machine | \u2205180mm Container<\/title>\n<meta name=\"description\" content=\"The machine with a max print diameter 180mm. This machine suitable for medium size bottle, container, cup, etc. printing.\" \/>\n<meta name=\"robots\" content=\"index, follow, max-snippet:-1, max-image-preview:large, max-video-preview:-1\" \/>\n<link rel=\"canonical\" href=\"https:\/\/autoprintmachine.com\/es\/\u2205180mm-contenedor-redondo-maquina-de-impresion-de-pantalla\/\" \/>\n<meta property=\"og:locale\" content=\"es_ES\" \/>\n<meta property=\"og:type\" content=\"article\" \/>\n<meta property=\"og:title\" content=\"Round Screen Printing Machine | \u2205180mm Container\" \/>\n<meta property=\"og:description\" content=\"The machine with a max print diameter 180mm. This machine suitable for medium size bottle, container, cup, etc. printing.\" \/>\n<meta property=\"og:url\" content=\"https:\/\/autoprintmachine.com\/es\/\u2205180mm-contenedor-redondo-maquina-de-impresion-de-pantalla\/\" \/>\n<meta property=\"article:publisher\" content=\"https:\/\/www.facebook.com\/autoprinttech\/\" \/>\n<meta property=\"article:modified_time\" content=\"2025-12-24T05:44:57+00:00\" \/>\n<meta property=\"og:image\" content=\"https:\/\/autoprintmachine.com\/wp-content\/uploads\/2020\/08\/OS-600-1.jpg\" \/>\n\t<meta property=\"og:image:width\" content=\"600\" \/>\n\t<meta property=\"og:image:height\" content=\"600\" \/>\n\t<meta property=\"og:image:type\" content=\"image\/jpeg\" \/>\n<meta name=\"twitter:card\" content=\"summary_large_image\" \/>\n<meta name=\"twitter:label1\" content=\"Est. reading time\" \/>\n\t<meta name=\"twitter:data1\" content=\"2 minutos\" \/>\n<script type=\"application\/ld+json\" class=\"yoast-schema-graph\">{\"@context\":\"https:\\\/\\\/schema.org\",\"@graph\":[{\"@type\":\"WebPage\",\"@id\":\"https:\\\/\\\/autoprintmachine.com\\\/%e2%88%85180mm-container-round-screen-printing-machine\\\/\",\"url\":\"https:\\\/\\\/autoprintmachine.com\\\/%e2%88%85180mm-container-round-screen-printing-machine\\\/\",\"name\":\"Round Screen Printing Machine | \u2205180mm Container\",\"isPartOf\":{\"@id\":\"https:\\\/\\\/autoprintmachine.com\\\/#website\"},\"primaryImageOfPage\":{\"@id\":\"https:\\\/\\\/autoprintmachine.com\\\/%e2%88%85180mm-container-round-screen-printing-machine\\\/#primaryimage\"},\"image\":{\"@id\":\"https:\\\/\\\/autoprintmachine.com\\\/%e2%88%85180mm-container-round-screen-printing-machine\\\/#primaryimage\"},\"thumbnailUrl\":\"https:\\\/\\\/autoprintmachine.com\\\/wp-content\\\/uploads\\\/2020\\\/08\\\/OS-600-1.jpg\",\"datePublished\":\"2020-08-06T08:42:15+00:00\",\"dateModified\":\"2025-12-24T05:44:57+00:00\",\"description\":\"The machine with a max print diameter 180mm. This machine suitable for medium size bottle, container, cup, etc. printing.\",\"breadcrumb\":{\"@id\":\"https:\\\/\\\/autoprintmachine.com\\\/%e2%88%85180mm-container-round-screen-printing-machine\\\/#breadcrumb\"},\"inLanguage\":\"es\",\"potentialAction\":[{\"@type\":\"ReadAction\",\"target\":[\"https:\\\/\\\/autoprintmachine.com\\\/%e2%88%85180mm-container-round-screen-printing-machine\\\/\"]}]},{\"@type\":\"ImageObject\",\"inLanguage\":\"es\",\"@id\":\"https:\\\/\\\/autoprintmachine.com\\\/%e2%88%85180mm-container-round-screen-printing-machine\\\/#primaryimage\",\"url\":\"https:\\\/\\\/autoprintmachine.com\\\/wp-content\\\/uploads\\\/2020\\\/08\\\/OS-600-1.jpg\",\"contentUrl\":\"https:\\\/\\\/autoprintmachine.com\\\/wp-content\\\/uploads\\\/2020\\\/08\\\/OS-600-1.jpg\",\"width\":600,\"height\":600,\"caption\":\"OS 600\"},{\"@type\":\"BreadcrumbList\",\"@id\":\"https:\\\/\\\/autoprintmachine.com\\\/%e2%88%85180mm-container-round-screen-printing-machine\\\/#breadcrumb\",\"itemListElement\":[{\"@type\":\"ListItem\",\"position\":1,\"name\":\"Home\",\"item\":\"https:\\\/\\\/autoprintmachine.com\\\/\"},{\"@type\":\"ListItem\",\"position\":2,\"name\":\"Products\",\"item\":\"https:\\\/\\\/autoprintmachine.com\\\/shop\\\/\"},{\"@type\":\"ListItem\",\"position\":3,\"name\":\"\u2205180mm Container Round Screen Printing Machine\"}]},{\"@type\":\"WebSite\",\"@id\":\"https:\\\/\\\/autoprintmachine.com\\\/#website\",\"url\":\"https:\\\/\\\/autoprintmachine.com\\\/\",\"name\":\"\",\"description\":\"\",\"publisher\":{\"@id\":\"https:\\\/\\\/autoprintmachine.com\\\/#organization\"},\"potentialAction\":[{\"@type\":\"SearchAction\",\"target\":{\"@type\":\"EntryPoint\",\"urlTemplate\":\"https:\\\/\\\/autoprintmachine.com\\\/?s={search_term_string}\"},\"query-input\":{\"@type\":\"PropertyValueSpecification\",\"valueRequired\":true,\"valueName\":\"search_term_string\"}}],\"inLanguage\":\"es\"},{\"@type\":\"Organization\",\"@id\":\"https:\\\/\\\/autoprintmachine.com\\\/#organization\",\"name\":\"Dongguan Auto Print Tech Co., Ltd\",\"url\":\"https:\\\/\\\/autoprintmachine.com\\\/\",\"logo\":{\"@type\":\"ImageObject\",\"inLanguage\":\"es\",\"@id\":\"https:\\\/\\\/autoprintmachine.com\\\/#\\\/schema\\\/logo\\\/image\\\/\",\"url\":\"https:\\\/\\\/autoprintmachine.com\\\/wp-content\\\/uploads\\\/2023\\\/06\\\/screen_printing_logo_new.webp\",\"contentUrl\":\"https:\\\/\\\/autoprintmachine.com\\\/wp-content\\\/uploads\\\/2023\\\/06\\\/screen_printing_logo_new.webp\",\"width\":890,\"height\":750,\"caption\":\"Dongguan Auto Print Tech Co., Ltd\"},\"image\":{\"@id\":\"https:\\\/\\\/autoprintmachine.com\\\/#\\\/schema\\\/logo\\\/image\\\/\"},\"sameAs\":[\"https:\\\/\\\/www.facebook.com\\\/autoprinttech\\\/\",\"https:\\\/\\\/www.youtube.com\\\/channel\\\/UCJtPGiBbQWGE2DZLxySpCtw\"]}]}<\/script>\n<!-- \/ Yoast SEO plugin. -->","yoast_head_json":{"title":"M\u00e1quina de serigraf\u00eda redonda | Contenedor de \u2205180mm","description":"La m\u00e1quina con un di\u00e1metro m\u00e1ximo de impresi\u00f3n de 180 mm. Esta m\u00e1quina es adecuada para la impresi\u00f3n de botellas, contenedores, vasos, etc. de tama\u00f1o mediano.","robots":{"index":"index","follow":"follow","max-snippet":"max-snippet:-1","max-image-preview":"max-image-preview:large","max-video-preview":"max-video-preview:-1"},"canonical":"https:\/\/autoprintmachine.com\/es\/\u2205180mm-contenedor-redondo-maquina-de-impresion-de-pantalla\/","og_locale":"es_ES","og_type":"article","og_title":"Round Screen Printing Machine | \u2205180mm Container","og_description":"The machine with a max print diameter 180mm. This machine suitable for medium size bottle, container, cup, etc. printing.","og_url":"https:\/\/autoprintmachine.com\/es\/\u2205180mm-contenedor-redondo-maquina-de-impresion-de-pantalla\/","article_publisher":"https:\/\/www.facebook.com\/autoprinttech\/","article_modified_time":"2025-12-24T05:44:57+00:00","og_image":[{"width":600,"height":600,"url":"https:\/\/autoprintmachine.com\/wp-content\/uploads\/2020\/08\/OS-600-1.jpg","type":"image\/jpeg"}],"twitter_card":"summary_large_image","twitter_misc":{"Est. reading time":"2 minutos"},"schema":{"@context":"https:\/\/schema.org","@graph":[{"@type":"WebPage","@id":"https:\/\/autoprintmachine.com\/%e2%88%85180mm-container-round-screen-printing-machine\/","url":"https:\/\/autoprintmachine.com\/%e2%88%85180mm-container-round-screen-printing-machine\/","name":"M\u00e1quina de serigraf\u00eda redonda | Contenedor de \u2205180mm","isPartOf":{"@id":"https:\/\/autoprintmachine.com\/#website"},"primaryImageOfPage":{"@id":"https:\/\/autoprintmachine.com\/%e2%88%85180mm-container-round-screen-printing-machine\/#primaryimage"},"image":{"@id":"https:\/\/autoprintmachine.com\/%e2%88%85180mm-container-round-screen-printing-machine\/#primaryimage"},"thumbnailUrl":"https:\/\/autoprintmachine.com\/wp-content\/uploads\/2020\/08\/OS-600-1.jpg","datePublished":"2020-08-06T08:42:15+00:00","dateModified":"2025-12-24T05:44:57+00:00","description":"La m\u00e1quina con un di\u00e1metro m\u00e1ximo de impresi\u00f3n de 180 mm. Esta m\u00e1quina es adecuada para la impresi\u00f3n de botellas, contenedores, vasos, etc. de tama\u00f1o mediano.","breadcrumb":{"@id":"https:\/\/autoprintmachine.com\/%e2%88%85180mm-container-round-screen-printing-machine\/#breadcrumb"},"inLanguage":"es","potentialAction":[{"@type":"ReadAction","target":["https:\/\/autoprintmachine.com\/%e2%88%85180mm-container-round-screen-printing-machine\/"]}]},{"@type":"ImageObject","inLanguage":"es","@id":"https:\/\/autoprintmachine.com\/%e2%88%85180mm-container-round-screen-printing-machine\/#primaryimage","url":"https:\/\/autoprintmachine.com\/wp-content\/uploads\/2020\/08\/OS-600-1.jpg","contentUrl":"https:\/\/autoprintmachine.com\/wp-content\/uploads\/2020\/08\/OS-600-1.jpg","width":600,"height":600,"caption":"OS 600"},{"@type":"BreadcrumbList","@id":"https:\/\/autoprintmachine.com\/%e2%88%85180mm-container-round-screen-printing-machine\/#breadcrumb","itemListElement":[{"@type":"ListItem","position":1,"name":"Home","item":"https:\/\/autoprintmachine.com\/"},{"@type":"ListItem","position":2,"name":"Products","item":"https:\/\/autoprintmachine.com\/shop\/"},{"@type":"ListItem","position":3,"name":"\u2205180mm Container Round Screen Printing Machine"}]},{"@type":"WebSite","@id":"https:\/\/autoprintmachine.com\/#website","url":"https:\/\/autoprintmachine.com\/","name":"","description":"","publisher":{"@id":"https:\/\/autoprintmachine.com\/#organization"},"potentialAction":[{"@type":"SearchAction","target":{"@type":"EntryPoint","urlTemplate":"https:\/\/autoprintmachine.com\/?s={search_term_string}"},"query-input":{"@type":"PropertyValueSpecification","valueRequired":true,"valueName":"search_term_string"}}],"inLanguage":"es"},{"@type":"Organization","@id":"https:\/\/autoprintmachine.com\/#organization","name":"Dongguan Auto Print Tech Co., Ltd","url":"https:\/\/autoprintmachine.com\/","logo":{"@type":"ImageObject","inLanguage":"es","@id":"https:\/\/autoprintmachine.com\/#\/schema\/logo\/image\/","url":"https:\/\/autoprintmachine.com\/wp-content\/uploads\/2023\/06\/screen_printing_logo_new.webp","contentUrl":"https:\/\/autoprintmachine.com\/wp-content\/uploads\/2023\/06\/screen_printing_logo_new.webp","width":890,"height":750,"caption":"Dongguan Auto Print Tech Co., Ltd"},"image":{"@id":"https:\/\/autoprintmachine.com\/#\/schema\/logo\/image\/"},"sameAs":["https:\/\/www.facebook.com\/autoprinttech\/","https:\/\/www.youtube.com\/channel\/UCJtPGiBbQWGE2DZLxySpCtw"]}]}},"_links":{"self":[{"href":"https:\/\/autoprintmachine.com\/es\/wp-json\/wp\/v2\/product\/292","targetHints":{"allow":["GET"]}}],"collection":[{"href":"https:\/\/autoprintmachine.com\/es\/wp-json\/wp\/v2\/product"}],"about":[{"href":"https:\/\/autoprintmachine.com\/es\/wp-json\/wp\/v2\/types\/product"}],"wp:featuredmedia":[{"embeddable":true,"href":"https:\/\/autoprintmachine.com\/es\/wp-json\/wp\/v2\/media\/918"}],"wp:attachment":[{"href":"https:\/\/autoprintmachine.com\/es\/wp-json\/wp\/v2\/media?parent=292"}],"wp:term":[{"taxonomy":"product_brand","embeddable":true,"href":"https:\/\/autoprintmachine.com\/es\/wp-json\/wp\/v2\/product_brand?post=292"},{"taxonomy":"product_cat","embeddable":true,"href":"https:\/\/autoprintmachine.com\/es\/wp-json\/wp\/v2\/product_cat?post=292"},{"taxonomy":"product_tag","embeddable":true,"href":"https:\/\/autoprintmachine.com\/es\/wp-json\/wp\/v2\/product_tag?post=292"}],"curies":[{"name":"wp","href":"https:\/\/api.w.org\/{rel}","templated":true}]}}