{"id":294,"date":"2020-08-06T09:03:15","date_gmt":"2020-08-06T09:03:15","guid":{"rendered":"https:\/\/onceauto.seowaimao.com\/?post_type=product&#038;p=294"},"modified":"2025-12-24T05:47:07","modified_gmt":"2025-12-24T05:47:07","slug":"maquina-de-serigrafia-redonda","status":"publish","type":"product","link":"https:\/\/autoprintmachine.com\/es\/maquina-de-serigrafia-redonda\/","title":{"rendered":"M\u00e1quina de serigraf\u00eda redonda con cubo de \u2205350 mm"},"content":{"rendered":"<p><strong>Introducci\u00f3n:<\/strong><\/p>\n<p><strong>AP-1200<\/strong> Es una m\u00e1quina de serigraf\u00eda redonda semiautom\u00e1tica. Est\u00e1 dise\u00f1ada para impresi\u00f3n en cubos, cubos grandes y botellas de pl\u00e1stico de 1 gal\u00f3n. El <strong>AP-1200<\/strong> La m\u00e1quina de serigraf\u00eda jumbo redonda tambi\u00e9n se puede utilizar para serigrafiar botellas de vino de vidrio y botellas de cerveza. El <strong>AP-1200<\/strong> ofrece cambios de herramientas r\u00e1pidos y sencillos, un registro mec\u00e1nico preciso y c\u00f3modos controles en el panel frontal. Esto hace que la <strong>AP-1200<\/strong> una m\u00e1quina universal de serigraf\u00eda redonda jumbo para objetos de gran tama\u00f1o.<\/p>\n<p><strong>Caracter\u00edsticas est\u00e1ndar:<\/strong><\/p>\n<ul>\n<li>Recorrido de la escobilla de goma alternativo accionado por motor el\u00e9ctrico<\/li>\n<li>Controlado por microprocesador \u2013 PLC<\/li>\n<li>Elevador parcial vertical con ajuste de altura<\/li>\n<li>Carrera de impresi\u00f3n controlada con motor el\u00e9ctrico.<\/li>\n<li>Mesa de montaje de utensilios de posicionamiento X\/Y\/R<\/li>\n<li>Rodamientos lineales de bolas sobre ejes templados<\/li>\n<li>Inclinaci\u00f3n, inclinaci\u00f3n y altura de la escobilla de goma ajustables<\/li>\n<li>\u00c1ngulo e inclinaci\u00f3n del marco de la pantalla ajustables<\/li>\n<li>Sistema de inflado de botellas sincronizado con regulador.<\/li>\n<li>Presi\u00f3n de la escobilla de goma regulada con man\u00f3metro<\/li>\n<li>Niveladores de piso y ruedas<\/li>\n<li>Controlado por interruptor de pie<\/li>\n<\/ul>\n<p><strong>Especificaciones:<\/strong><\/p>\n<table width=\"99%\">\n<tbody>\n<tr>\n<td width=\"45%\"><strong>N \u00ba de Modelo.:<\/strong><\/td>\n<td width=\"54%\"><strong>AP-1200<\/strong><\/td>\n<\/tr>\n<tr>\n<td width=\"45%\"><strong>Sistema de manejo:<\/strong><\/td>\n<td width=\"54%\">Motor el\u00e9ctrico<\/td>\n<\/tr>\n<tr>\n<td width=\"45%\"><strong>Trazo arriba\/abajo del cuadro:<\/strong><\/td>\n<td width=\"54%\">100 mm (4&quot;)<\/td>\n<\/tr>\n<tr>\n<td width=\"45%\"><strong>Ronda de \u00e1rea de impresi\u00f3n m\u00e1xima:<\/strong><\/p>\n<p><strong>\u00c1rea de impresi\u00f3n m\u00e1xima ovalada:<\/strong><\/td>\n<td width=\"54%\">\u00d8350mm<\/p>\n<p>Longitud del arco de 1.090 mm<\/td>\n<\/tr>\n<tr>\n<td width=\"45%\"><strong>Tama\u00f1o m\u00e1ximo del marco de pantalla:<\/strong><\/td>\n<td width=\"54%\">900 x 1.600 mm (35,43\u2033 x 55,12\u2033)<\/td>\n<\/tr>\n<tr>\n<td width=\"45%\"><strong>Grosor del marco de la pantalla:<\/strong><\/td>\n<td width=\"54%\">18 \u2013 25 mm (0,71\u2033 \u2013 0,98\u2033)<\/td>\n<\/tr>\n<tr>\n<td width=\"45%\"><strong>\u00c1ngulo de la escobilla de goma:<\/strong><\/td>\n<td width=\"54%\">0-15\u00b0<\/td>\n<\/tr>\n<tr>\n<td width=\"45%\"><strong>Velocidad del ciclo de impresi\u00f3n:<\/strong><\/td>\n<td width=\"54%\">680 ciclos\/hora<\/td>\n<\/tr>\n<tr>\n<td width=\"45%\"><strong>Velocidad de la escobilla de goma:<\/strong><\/td>\n<td width=\"54%\">13\/min<\/td>\n<\/tr>\n<tr>\n<td width=\"45%\"><strong>Presi\u00f3n del limpiacristales:<\/strong><\/td>\n<td width=\"54%\">2-4 barras<\/td>\n<\/tr>\n<tr>\n<td width=\"45%\"><strong>Fuente el\u00e9ctrica:<\/strong><\/td>\n<td width=\"54%\">110V\/220V 50-60Hz 50W<\/td>\n<\/tr>\n<tr>\n<td width=\"45%\"><strong>Entrada de presi\u00f3n de aire:<\/strong><\/td>\n<td width=\"54%\">80 psi<\/td>\n<\/tr>\n<tr>\n<td width=\"45%\"><strong>Peso de la m\u00e1quina:<\/strong><\/td>\n<td width=\"54%\">277 kilogramos<\/td>\n<\/tr>\n<tr>\n<td width=\"45%\"><strong>Peso de la m\u00e1quina (incluido el embalaje):<\/strong><\/td>\n<td width=\"54%\">407 kilos<\/td>\n<\/tr>\n<tr>\n<td width=\"45%\"><strong>Dimensiones (largo x ancho x alto):<\/strong><\/td>\n<td width=\"54%\">1.750 x 900 x 1.700 mm<\/td>\n<\/tr>\n<tr>\n<td width=\"45%\"><strong>Dimensiones de la caja:<\/strong><\/td>\n<td width=\"54%\">1.900 x 1.100 x 1.850 mm<\/td>\n<\/tr>\n<\/tbody>\n<\/table>","protected":false},"excerpt":{"rendered":"<p>AP-1200 es una m\u00e1quina de serigraf\u00eda jumbo para la impresi\u00f3n en cubos redondos\/cil\u00edndricos, cubos y contenedores de 5 galones. Equipada con un sistema de control PLC de marca y motor + accionamiento neum\u00e1tico para una operaci\u00f3n e impresi\u00f3n estable y precisa. Esta impresora serigr\u00e1fica para cubos tiene un di\u00e1metro m\u00e1ximo de impresi\u00f3n de 350mm. Es ampliamente utilizado para la impresi\u00f3n en cubos de pintura, recipientes de agua de 5 galones, y tambores grandes.<\/p>\n<p>&nbsp;<\/p>","protected":false},"featured_media":295,"template":"","meta":[],"product_brand":[],"product_cat":[15],"product_tag":[],"class_list":{"0":"post-294","1":"product","2":"type-product","3":"status-publish","4":"has-post-thumbnail","6":"product_cat-automatic-cylindrical-screen-printing-machine","8":"first","9":"instock","10":"shipping-taxable","11":"product-type-simple"},"yoast_head":"<!-- This site is optimized with the Yoast SEO plugin v27.4 - https:\/\/yoast.com\/product\/yoast-seo-wordpress\/ -->\n<title>Round Screen Printing Machine | \u2205350mm Bucket<\/title>\n<meta name=\"description\" content=\"AP-1200\u00a0is a semi-automatic screen printer designed for printing onto large pails, can print on glass wine bottles, beer bottles and so on.\" \/>\n<meta name=\"robots\" content=\"index, follow, max-snippet:-1, max-image-preview:large, max-video-preview:-1\" \/>\n<link rel=\"canonical\" href=\"https:\/\/autoprintmachine.com\/es\/maquina-de-serigrafia-redonda\/\" \/>\n<meta property=\"og:locale\" content=\"es_ES\" \/>\n<meta property=\"og:type\" content=\"article\" \/>\n<meta property=\"og:title\" content=\"Round Screen Printing Machine | \u2205350mm Bucket\" \/>\n<meta property=\"og:description\" content=\"AP-1200\u00a0is a semi-automatic screen printer designed for printing onto large pails, can print on glass wine bottles, beer bottles and so on.\" \/>\n<meta property=\"og:url\" content=\"https:\/\/autoprintmachine.com\/es\/maquina-de-serigrafia-redonda\/\" \/>\n<meta property=\"article:publisher\" content=\"https:\/\/www.facebook.com\/autoprinttech\/\" \/>\n<meta property=\"article:modified_time\" content=\"2025-12-24T05:47:07+00:00\" \/>\n<meta property=\"og:image\" content=\"https:\/\/autoprintmachine.com\/wp-content\/uploads\/2020\/08\/OS-1200.jpg\" \/>\n\t<meta property=\"og:image:width\" content=\"600\" \/>\n\t<meta property=\"og:image:height\" content=\"600\" \/>\n\t<meta property=\"og:image:type\" content=\"image\/jpeg\" \/>\n<meta name=\"twitter:card\" content=\"summary_large_image\" \/>\n<meta name=\"twitter:label1\" content=\"Est. reading time\" \/>\n\t<meta name=\"twitter:data1\" content=\"2 minutos\" \/>\n<script type=\"application\/ld+json\" class=\"yoast-schema-graph\">{\"@context\":\"https:\\\/\\\/schema.org\",\"@graph\":[{\"@type\":\"WebPage\",\"@id\":\"https:\\\/\\\/autoprintmachine.com\\\/round-screen-printing-machine\\\/\",\"url\":\"https:\\\/\\\/autoprintmachine.com\\\/round-screen-printing-machine\\\/\",\"name\":\"Round Screen Printing Machine | \u2205350mm Bucket\",\"isPartOf\":{\"@id\":\"https:\\\/\\\/autoprintmachine.com\\\/#website\"},\"primaryImageOfPage\":{\"@id\":\"https:\\\/\\\/autoprintmachine.com\\\/round-screen-printing-machine\\\/#primaryimage\"},\"image\":{\"@id\":\"https:\\\/\\\/autoprintmachine.com\\\/round-screen-printing-machine\\\/#primaryimage\"},\"thumbnailUrl\":\"https:\\\/\\\/autoprintmachine.com\\\/wp-content\\\/uploads\\\/2020\\\/08\\\/OS-1200.jpg\",\"datePublished\":\"2020-08-06T09:03:15+00:00\",\"dateModified\":\"2025-12-24T05:47:07+00:00\",\"description\":\"AP-1200\u00a0is a semi-automatic screen printer designed for printing onto large pails, can print on glass wine bottles, beer bottles and so on.\",\"breadcrumb\":{\"@id\":\"https:\\\/\\\/autoprintmachine.com\\\/round-screen-printing-machine\\\/#breadcrumb\"},\"inLanguage\":\"es\",\"potentialAction\":[{\"@type\":\"ReadAction\",\"target\":[\"https:\\\/\\\/autoprintmachine.com\\\/round-screen-printing-machine\\\/\"]}]},{\"@type\":\"ImageObject\",\"inLanguage\":\"es\",\"@id\":\"https:\\\/\\\/autoprintmachine.com\\\/round-screen-printing-machine\\\/#primaryimage\",\"url\":\"https:\\\/\\\/autoprintmachine.com\\\/wp-content\\\/uploads\\\/2020\\\/08\\\/OS-1200.jpg\",\"contentUrl\":\"https:\\\/\\\/autoprintmachine.com\\\/wp-content\\\/uploads\\\/2020\\\/08\\\/OS-1200.jpg\",\"width\":600,\"height\":600},{\"@type\":\"BreadcrumbList\",\"@id\":\"https:\\\/\\\/autoprintmachine.com\\\/round-screen-printing-machine\\\/#breadcrumb\",\"itemListElement\":[{\"@type\":\"ListItem\",\"position\":1,\"name\":\"Home\",\"item\":\"https:\\\/\\\/autoprintmachine.com\\\/\"},{\"@type\":\"ListItem\",\"position\":2,\"name\":\"Products\",\"item\":\"https:\\\/\\\/autoprintmachine.com\\\/shop\\\/\"},{\"@type\":\"ListItem\",\"position\":3,\"name\":\"\u2205350mm Bucket Round Screen Printing Machine\"}]},{\"@type\":\"WebSite\",\"@id\":\"https:\\\/\\\/autoprintmachine.com\\\/#website\",\"url\":\"https:\\\/\\\/autoprintmachine.com\\\/\",\"name\":\"\",\"description\":\"\",\"publisher\":{\"@id\":\"https:\\\/\\\/autoprintmachine.com\\\/#organization\"},\"potentialAction\":[{\"@type\":\"SearchAction\",\"target\":{\"@type\":\"EntryPoint\",\"urlTemplate\":\"https:\\\/\\\/autoprintmachine.com\\\/?s={search_term_string}\"},\"query-input\":{\"@type\":\"PropertyValueSpecification\",\"valueRequired\":true,\"valueName\":\"search_term_string\"}}],\"inLanguage\":\"es\"},{\"@type\":\"Organization\",\"@id\":\"https:\\\/\\\/autoprintmachine.com\\\/#organization\",\"name\":\"Dongguan Auto Print Tech Co., Ltd\",\"url\":\"https:\\\/\\\/autoprintmachine.com\\\/\",\"logo\":{\"@type\":\"ImageObject\",\"inLanguage\":\"es\",\"@id\":\"https:\\\/\\\/autoprintmachine.com\\\/#\\\/schema\\\/logo\\\/image\\\/\",\"url\":\"https:\\\/\\\/autoprintmachine.com\\\/wp-content\\\/uploads\\\/2023\\\/06\\\/screen_printing_logo_new.webp\",\"contentUrl\":\"https:\\\/\\\/autoprintmachine.com\\\/wp-content\\\/uploads\\\/2023\\\/06\\\/screen_printing_logo_new.webp\",\"width\":890,\"height\":750,\"caption\":\"Dongguan Auto Print Tech Co., Ltd\"},\"image\":{\"@id\":\"https:\\\/\\\/autoprintmachine.com\\\/#\\\/schema\\\/logo\\\/image\\\/\"},\"sameAs\":[\"https:\\\/\\\/www.facebook.com\\\/autoprinttech\\\/\",\"https:\\\/\\\/www.youtube.com\\\/channel\\\/UCJtPGiBbQWGE2DZLxySpCtw\"]}]}<\/script>\n<!-- \/ Yoast SEO plugin. -->","yoast_head_json":{"title":"M\u00e1quina de serigraf\u00eda redonda | Cuchar\u00f3n de \u2205350 mm","description":"AP-1200 es una impresora serigr\u00e1fica semiautom\u00e1tica dise\u00f1ada para imprimir en cubos grandes, puede imprimir en botellas de vino de vidrio, botellas de cerveza, etc.","robots":{"index":"index","follow":"follow","max-snippet":"max-snippet:-1","max-image-preview":"max-image-preview:large","max-video-preview":"max-video-preview:-1"},"canonical":"https:\/\/autoprintmachine.com\/es\/maquina-de-serigrafia-redonda\/","og_locale":"es_ES","og_type":"article","og_title":"Round Screen Printing Machine | \u2205350mm Bucket","og_description":"AP-1200\u00a0is a semi-automatic screen printer designed for printing onto large pails, can print on glass wine bottles, beer bottles and so on.","og_url":"https:\/\/autoprintmachine.com\/es\/maquina-de-serigrafia-redonda\/","article_publisher":"https:\/\/www.facebook.com\/autoprinttech\/","article_modified_time":"2025-12-24T05:47:07+00:00","og_image":[{"width":600,"height":600,"url":"https:\/\/autoprintmachine.com\/wp-content\/uploads\/2020\/08\/OS-1200.jpg","type":"image\/jpeg"}],"twitter_card":"summary_large_image","twitter_misc":{"Est. reading time":"2 minutos"},"schema":{"@context":"https:\/\/schema.org","@graph":[{"@type":"WebPage","@id":"https:\/\/autoprintmachine.com\/round-screen-printing-machine\/","url":"https:\/\/autoprintmachine.com\/round-screen-printing-machine\/","name":"M\u00e1quina de serigraf\u00eda redonda | Cuchar\u00f3n de \u2205350 mm","isPartOf":{"@id":"https:\/\/autoprintmachine.com\/#website"},"primaryImageOfPage":{"@id":"https:\/\/autoprintmachine.com\/round-screen-printing-machine\/#primaryimage"},"image":{"@id":"https:\/\/autoprintmachine.com\/round-screen-printing-machine\/#primaryimage"},"thumbnailUrl":"https:\/\/autoprintmachine.com\/wp-content\/uploads\/2020\/08\/OS-1200.jpg","datePublished":"2020-08-06T09:03:15+00:00","dateModified":"2025-12-24T05:47:07+00:00","description":"AP-1200 es una impresora serigr\u00e1fica semiautom\u00e1tica dise\u00f1ada para imprimir en cubos grandes, puede imprimir en botellas de vino de vidrio, botellas de cerveza, etc.","breadcrumb":{"@id":"https:\/\/autoprintmachine.com\/round-screen-printing-machine\/#breadcrumb"},"inLanguage":"es","potentialAction":[{"@type":"ReadAction","target":["https:\/\/autoprintmachine.com\/round-screen-printing-machine\/"]}]},{"@type":"ImageObject","inLanguage":"es","@id":"https:\/\/autoprintmachine.com\/round-screen-printing-machine\/#primaryimage","url":"https:\/\/autoprintmachine.com\/wp-content\/uploads\/2020\/08\/OS-1200.jpg","contentUrl":"https:\/\/autoprintmachine.com\/wp-content\/uploads\/2020\/08\/OS-1200.jpg","width":600,"height":600},{"@type":"BreadcrumbList","@id":"https:\/\/autoprintmachine.com\/round-screen-printing-machine\/#breadcrumb","itemListElement":[{"@type":"ListItem","position":1,"name":"Home","item":"https:\/\/autoprintmachine.com\/"},{"@type":"ListItem","position":2,"name":"Products","item":"https:\/\/autoprintmachine.com\/shop\/"},{"@type":"ListItem","position":3,"name":"\u2205350mm Bucket Round Screen Printing Machine"}]},{"@type":"WebSite","@id":"https:\/\/autoprintmachine.com\/#website","url":"https:\/\/autoprintmachine.com\/","name":"","description":"","publisher":{"@id":"https:\/\/autoprintmachine.com\/#organization"},"potentialAction":[{"@type":"SearchAction","target":{"@type":"EntryPoint","urlTemplate":"https:\/\/autoprintmachine.com\/?s={search_term_string}"},"query-input":{"@type":"PropertyValueSpecification","valueRequired":true,"valueName":"search_term_string"}}],"inLanguage":"es"},{"@type":"Organization","@id":"https:\/\/autoprintmachine.com\/#organization","name":"Dongguan Auto Print Tech Co., Ltd","url":"https:\/\/autoprintmachine.com\/","logo":{"@type":"ImageObject","inLanguage":"es","@id":"https:\/\/autoprintmachine.com\/#\/schema\/logo\/image\/","url":"https:\/\/autoprintmachine.com\/wp-content\/uploads\/2023\/06\/screen_printing_logo_new.webp","contentUrl":"https:\/\/autoprintmachine.com\/wp-content\/uploads\/2023\/06\/screen_printing_logo_new.webp","width":890,"height":750,"caption":"Dongguan Auto Print Tech Co., Ltd"},"image":{"@id":"https:\/\/autoprintmachine.com\/#\/schema\/logo\/image\/"},"sameAs":["https:\/\/www.facebook.com\/autoprinttech\/","https:\/\/www.youtube.com\/channel\/UCJtPGiBbQWGE2DZLxySpCtw"]}]}},"_links":{"self":[{"href":"https:\/\/autoprintmachine.com\/es\/wp-json\/wp\/v2\/product\/294","targetHints":{"allow":["GET"]}}],"collection":[{"href":"https:\/\/autoprintmachine.com\/es\/wp-json\/wp\/v2\/product"}],"about":[{"href":"https:\/\/autoprintmachine.com\/es\/wp-json\/wp\/v2\/types\/product"}],"wp:featuredmedia":[{"embeddable":true,"href":"https:\/\/autoprintmachine.com\/es\/wp-json\/wp\/v2\/media\/295"}],"wp:attachment":[{"href":"https:\/\/autoprintmachine.com\/es\/wp-json\/wp\/v2\/media?parent=294"}],"wp:term":[{"taxonomy":"product_brand","embeddable":true,"href":"https:\/\/autoprintmachine.com\/es\/wp-json\/wp\/v2\/product_brand?post=294"},{"taxonomy":"product_cat","embeddable":true,"href":"https:\/\/autoprintmachine.com\/es\/wp-json\/wp\/v2\/product_cat?post=294"},{"taxonomy":"product_tag","embeddable":true,"href":"https:\/\/autoprintmachine.com\/es\/wp-json\/wp\/v2\/product_tag?post=294"}],"curies":[{"name":"wp","href":"https:\/\/api.w.org\/{rel}","templated":true}]}}