{"id":297,"date":"2020-08-07T07:43:38","date_gmt":"2020-08-07T07:43:38","guid":{"rendered":"https:\/\/onceauto.seowaimao.com\/?post_type=product&#038;p=297"},"modified":"2026-01-27T01:19:30","modified_gmt":"2026-01-27T01:19:30","slug":"200x300mm-pneumatic-flat-screen-printing-machine","status":"publish","type":"product","link":"https:\/\/autoprintmachine.com\/es\/maquina-de-serigrafia-neumatica-de-200x300-mm\/","title":{"rendered":"M\u00e1quina de serigraf\u00eda neum\u00e1tica"},"content":{"rendered":"<h2>Introducci\u00f3n a la impresora de pantalla plana:<\/h2>\n<p>The pneumatic flat screen printing machine features a smooth, pneumatically driven system. It lifts the screen frame vertically, keeping the ink in optimal contact with the screen. This flat-screen lifting method helps operators load and unload small injection-molded parts easily. This includes items like cigarette lighters, ice scrapers, Frisbees, first aid kit boxes, display boxes, CDs, DVDs, and more. It\u2019s great for industrial products like circular saw blades, stamped steel panels, chassis, and various car parts. A rodless cylinder controls the horizontal printing stroke pneumatically. It features quick-release stop guides for easy adjustments. The machine has an X\/Y\/R fine adjustment table. There&#8217;s also an E-Stop button placed on the front of the work table.<\/p>\n<h2>Caracter\u00edsticas de la imprenta de cama plana:<\/h2>\n<ul>\n<li>Controlado electroneum\u00e1tico<\/li>\n<li>Control neum\u00e1tico con amortiguadores.<\/li>\n<li>Elevador de cabeza vertical con ajuste de altura<\/li>\n<li>X\/Y\/R positioning table (with or without vacuum table)<\/li>\n<li>Rodamientos lineales de bolas sobre ejes templados<\/li>\n<li>\u00c1ngulo de la escobilla de goma y ajuste de altura calibrado.<\/li>\n<li>Presi\u00f3n de la escobilla de goma regulada con man\u00f3metro<\/li>\n<li>Tabletop machine with adjustable levelers<\/li>\n<li>Controlado por interruptor de pie<\/li>\n<\/ul>\n<h2>Especificaciones de la impresora de pantalla plana:<\/h2>\n<table width=\"114%\">\n<tbody>\n<tr>\n<td width=\"37%\">N\u00famero de modelo<\/td>\n<td width=\"31%\">AP-2030V\/T<\/td>\n<td width=\"31%\">AP-2040V\/T<\/td>\n<\/tr>\n<tr>\n<td width=\"37%\">Capacidad de impresi\u00f3n:<\/td>\n<td width=\"31%\">Hasta 1.200 unidades por hora<\/td>\n<td width=\"31%\">Hasta 1.200 unidades por hora<\/td>\n<\/tr>\n<tr>\n<td width=\"37%\">Cabezal de impresi\u00f3n:<\/td>\n<td width=\"31%\">Neum\u00e1tico<\/td>\n<td width=\"31%\">Neum\u00e1tico<\/td>\n<\/tr>\n<tr>\n<td width=\"37%\">Tama\u00f1o de impresi\u00f3n plano (largo x ancho):<\/td>\n<td width=\"31%\">200 x 270 mm<\/td>\n<td width=\"31%\">200 x 400 mm<\/td>\n<\/tr>\n<tr>\n<td width=\"37%\">M\u00e1x. Tama\u00f1o de pantalla (largo x ancho):<\/td>\n<td width=\"31%\">300 x 530 mm<\/td>\n<td width=\"31%\">400 x 700 mm<\/td>\n<\/tr>\n<tr>\n<td width=\"37%\">Tama\u00f1o de la mesa de trabajo (largo x ancho)::<\/td>\n<td width=\"31%\">240 x 400 mm<\/td>\n<td width=\"31%\">240 x 500 mm<\/td>\n<\/tr>\n<tr>\n<td width=\"37%\">Altura de impresi\u00f3n<\/td>\n<td width=\"31%\">90mm<\/td>\n<td width=\"31%\">400 mm<\/td>\n<\/tr>\n<tr>\n<td width=\"37%\">Trazo de impresi\u00f3n (izquierda y derecha):<\/td>\n<td width=\"31%\">300 mm<\/td>\n<td width=\"31%\">160mm<\/td>\n<\/tr>\n<tr>\n<td width=\"37%\">Voltaje:<\/td>\n<td width=\"31%\">110\/220V 50\/60Hz 50W<\/td>\n<td width=\"31%\">110\/220V 50\/60Hz 50W<\/td>\n<\/tr>\n<tr>\n<td width=\"37%\">Peso:<\/td>\n<td width=\"31%\">150 kilos.<\/td>\n<td width=\"31%\">150 kilos. (331 libras)<\/td>\n<\/tr>\n<tr>\n<td width=\"37%\">Dimensiones:<\/td>\n<td width=\"31%\">870x850x1550mm<\/td>\n<td width=\"31%\">870x850x1550mm<\/td>\n<\/tr>\n<\/tbody>\n<\/table>","protected":false},"excerpt":{"rendered":"<p>The AP pneumatic flat screen printing machine is affordable and easy to use. It features PCB board control and a pneumatic drive. This design ensures fast and stable operation. This flat bed screen printing machine supports print sizes of 200x270mm, 200x400mm, and 300x400mm. It\u2019s great for printing on small flat items. The worktable can serve as both a vacuum table and a T-slot table for various flat products.<\/p>","protected":false},"featured_media":309,"template":"","meta":[],"product_cat":[17],"class_list":{"0":"post-297","1":"product","2":"type-product","3":"status-publish","4":"has-post-thumbnail","6":"product_cat-flat-screen-printing-machine","8":"first","9":"instock","10":"shipping-taxable","11":"product-type-simple"},"acf":[],"yoast_head":"<!-- This site is optimized with the Yoast SEO plugin v23.9 - https:\/\/yoast.com\/wordpress\/plugins\/seo\/ -->\n<title>Pneumatic Flat Screen Printing Machine<\/title>\n<meta name=\"description\" content=\"Easy to load and unload small injection molded parts . It is suited for industrial goods , circular saw blades, stamped steel panels etc.\" \/>\n<meta name=\"robots\" content=\"index, follow, max-snippet:-1, max-image-preview:large, max-video-preview:-1\" \/>\n<link rel=\"canonical\" href=\"https:\/\/autoprintmachine.com\/es\/maquina-de-serigrafia-neumatica-de-200x300-mm\/\" \/>\n<meta property=\"og:locale\" content=\"es_ES\" \/>\n<meta property=\"og:type\" content=\"article\" \/>\n<meta property=\"og:title\" content=\"Pneumatic Flat Screen Printing Machine\" \/>\n<meta property=\"og:description\" content=\"Easy to load and unload small injection molded parts . It is suited for industrial goods , circular saw blades, stamped steel panels etc.\" \/>\n<meta property=\"og:url\" content=\"https:\/\/autoprintmachine.com\/es\/maquina-de-serigrafia-neumatica-de-200x300-mm\/\" \/>\n<meta property=\"article:publisher\" content=\"https:\/\/www.facebook.com\/autoprinttech\/\" \/>\n<meta property=\"article:modified_time\" content=\"2026-01-27T01:19:30+00:00\" \/>\n<meta property=\"og:image\" content=\"https:\/\/autoprintmachine.com\/wp-content\/uploads\/2020\/08\/OS-2040.jpg\" \/>\n\t<meta property=\"og:image:width\" content=\"600\" \/>\n\t<meta property=\"og:image:height\" content=\"600\" \/>\n\t<meta property=\"og:image:type\" content=\"image\/jpeg\" \/>\n<meta name=\"twitter:card\" content=\"summary_large_image\" \/>\n<meta name=\"twitter:label1\" content=\"Tiempo de lectura\" \/>\n\t<meta name=\"twitter:data1\" content=\"2 minutos\" \/>\n<script type=\"application\/ld+json\" class=\"yoast-schema-graph\">{\"@context\":\"https:\/\/schema.org\",\"@graph\":[{\"@type\":\"WebPage\",\"@id\":\"https:\/\/autoprintmachine.com\/200x300mm-pneumatic-flat-screen-printing-machine\/\",\"url\":\"https:\/\/autoprintmachine.com\/200x300mm-pneumatic-flat-screen-printing-machine\/\",\"name\":\"Pneumatic Flat Screen Printing Machine\",\"isPartOf\":{\"@id\":\"https:\/\/autoprintmachine.com\/#website\"},\"primaryImageOfPage\":{\"@id\":\"https:\/\/autoprintmachine.com\/200x300mm-pneumatic-flat-screen-printing-machine\/#primaryimage\"},\"image\":{\"@id\":\"https:\/\/autoprintmachine.com\/200x300mm-pneumatic-flat-screen-printing-machine\/#primaryimage\"},\"thumbnailUrl\":\"https:\/\/autoprintmachine.com\/wp-content\/uploads\/2020\/08\/OS-2040.jpg\",\"datePublished\":\"2020-08-07T07:43:38+00:00\",\"dateModified\":\"2026-01-27T01:19:30+00:00\",\"description\":\"Easy to load and unload small injection molded parts . It is suited for industrial goods , circular saw blades, stamped steel panels etc.\",\"breadcrumb\":{\"@id\":\"https:\/\/autoprintmachine.com\/200x300mm-pneumatic-flat-screen-printing-machine\/#breadcrumb\"},\"inLanguage\":\"es\",\"potentialAction\":[{\"@type\":\"ReadAction\",\"target\":[\"https:\/\/autoprintmachine.com\/200x300mm-pneumatic-flat-screen-printing-machine\/\"]}]},{\"@type\":\"ImageObject\",\"inLanguage\":\"es\",\"@id\":\"https:\/\/autoprintmachine.com\/200x300mm-pneumatic-flat-screen-printing-machine\/#primaryimage\",\"url\":\"https:\/\/autoprintmachine.com\/wp-content\/uploads\/2020\/08\/OS-2040.jpg\",\"contentUrl\":\"https:\/\/autoprintmachine.com\/wp-content\/uploads\/2020\/08\/OS-2040.jpg\",\"width\":600,\"height\":600,\"caption\":\"led bulb pad printing machine\"},{\"@type\":\"BreadcrumbList\",\"@id\":\"https:\/\/autoprintmachine.com\/200x300mm-pneumatic-flat-screen-printing-machine\/#breadcrumb\",\"itemListElement\":[{\"@type\":\"ListItem\",\"position\":1,\"name\":\"Home\",\"item\":\"https:\/\/autoprintmachine.com\/\"},{\"@type\":\"ListItem\",\"position\":2,\"name\":\"Products\",\"item\":\"https:\/\/autoprintmachine.com\/shop\/\"},{\"@type\":\"ListItem\",\"position\":3,\"name\":\"Pneumatic Flat Screen Printing Machine\"}]},{\"@type\":\"WebSite\",\"@id\":\"https:\/\/autoprintmachine.com\/#website\",\"url\":\"https:\/\/autoprintmachine.com\/\",\"name\":\"\",\"description\":\"\",\"publisher\":{\"@id\":\"https:\/\/autoprintmachine.com\/#organization\"},\"potentialAction\":[{\"@type\":\"SearchAction\",\"target\":{\"@type\":\"EntryPoint\",\"urlTemplate\":\"https:\/\/autoprintmachine.com\/?s={search_term_string}\"},\"query-input\":{\"@type\":\"PropertyValueSpecification\",\"valueRequired\":true,\"valueName\":\"search_term_string\"}}],\"inLanguage\":\"es\"},{\"@type\":\"Organization\",\"@id\":\"https:\/\/autoprintmachine.com\/#organization\",\"name\":\"Dongguan Auto Print Tech Co., Ltd\",\"url\":\"https:\/\/autoprintmachine.com\/\",\"logo\":{\"@type\":\"ImageObject\",\"inLanguage\":\"es\",\"@id\":\"https:\/\/autoprintmachine.com\/#\/schema\/logo\/image\/\",\"url\":\"https:\/\/autoprintmachine.com\/wp-content\/uploads\/2023\/06\/screen_printing_logo_new.webp\",\"contentUrl\":\"https:\/\/autoprintmachine.com\/wp-content\/uploads\/2023\/06\/screen_printing_logo_new.webp\",\"width\":890,\"height\":750,\"caption\":\"Dongguan Auto Print Tech Co., Ltd\"},\"image\":{\"@id\":\"https:\/\/autoprintmachine.com\/#\/schema\/logo\/image\/\"},\"sameAs\":[\"https:\/\/www.facebook.com\/autoprinttech\/\",\"https:\/\/www.youtube.com\/channel\/UCJtPGiBbQWGE2DZLxySpCtw\"]}]}<\/script>\n<!-- \/ Yoast SEO plugin. -->","yoast_head_json":{"title":"Pneumatic Flat Screen Printing Machine","description":"Easy to load and unload small injection molded parts . It is suited for industrial goods , circular saw blades, stamped steel panels etc.","robots":{"index":"index","follow":"follow","max-snippet":"max-snippet:-1","max-image-preview":"max-image-preview:large","max-video-preview":"max-video-preview:-1"},"canonical":"https:\/\/autoprintmachine.com\/es\/maquina-de-serigrafia-neumatica-de-200x300-mm\/","og_locale":"es_ES","og_type":"article","og_title":"Pneumatic Flat Screen Printing Machine","og_description":"Easy to load and unload small injection molded parts . It is suited for industrial goods , circular saw blades, stamped steel panels etc.","og_url":"https:\/\/autoprintmachine.com\/es\/maquina-de-serigrafia-neumatica-de-200x300-mm\/","article_publisher":"https:\/\/www.facebook.com\/autoprinttech\/","article_modified_time":"2026-01-27T01:19:30+00:00","og_image":[{"width":600,"height":600,"url":"https:\/\/autoprintmachine.com\/wp-content\/uploads\/2020\/08\/OS-2040.jpg","type":"image\/jpeg"}],"twitter_card":"summary_large_image","twitter_misc":{"Tiempo de lectura":"2 minutos"},"schema":{"@context":"https:\/\/schema.org","@graph":[{"@type":"WebPage","@id":"https:\/\/autoprintmachine.com\/200x300mm-pneumatic-flat-screen-printing-machine\/","url":"https:\/\/autoprintmachine.com\/200x300mm-pneumatic-flat-screen-printing-machine\/","name":"Pneumatic Flat Screen Printing Machine","isPartOf":{"@id":"https:\/\/autoprintmachine.com\/#website"},"primaryImageOfPage":{"@id":"https:\/\/autoprintmachine.com\/200x300mm-pneumatic-flat-screen-printing-machine\/#primaryimage"},"image":{"@id":"https:\/\/autoprintmachine.com\/200x300mm-pneumatic-flat-screen-printing-machine\/#primaryimage"},"thumbnailUrl":"https:\/\/autoprintmachine.com\/wp-content\/uploads\/2020\/08\/OS-2040.jpg","datePublished":"2020-08-07T07:43:38+00:00","dateModified":"2026-01-27T01:19:30+00:00","description":"Easy to load and unload small injection molded parts . It is suited for industrial goods , circular saw blades, stamped steel panels etc.","breadcrumb":{"@id":"https:\/\/autoprintmachine.com\/200x300mm-pneumatic-flat-screen-printing-machine\/#breadcrumb"},"inLanguage":"es","potentialAction":[{"@type":"ReadAction","target":["https:\/\/autoprintmachine.com\/200x300mm-pneumatic-flat-screen-printing-machine\/"]}]},{"@type":"ImageObject","inLanguage":"es","@id":"https:\/\/autoprintmachine.com\/200x300mm-pneumatic-flat-screen-printing-machine\/#primaryimage","url":"https:\/\/autoprintmachine.com\/wp-content\/uploads\/2020\/08\/OS-2040.jpg","contentUrl":"https:\/\/autoprintmachine.com\/wp-content\/uploads\/2020\/08\/OS-2040.jpg","width":600,"height":600,"caption":"led bulb pad printing machine"},{"@type":"BreadcrumbList","@id":"https:\/\/autoprintmachine.com\/200x300mm-pneumatic-flat-screen-printing-machine\/#breadcrumb","itemListElement":[{"@type":"ListItem","position":1,"name":"Home","item":"https:\/\/autoprintmachine.com\/"},{"@type":"ListItem","position":2,"name":"Products","item":"https:\/\/autoprintmachine.com\/shop\/"},{"@type":"ListItem","position":3,"name":"Pneumatic Flat Screen Printing Machine"}]},{"@type":"WebSite","@id":"https:\/\/autoprintmachine.com\/#website","url":"https:\/\/autoprintmachine.com\/","name":"","description":"","publisher":{"@id":"https:\/\/autoprintmachine.com\/#organization"},"potentialAction":[{"@type":"SearchAction","target":{"@type":"EntryPoint","urlTemplate":"https:\/\/autoprintmachine.com\/?s={search_term_string}"},"query-input":{"@type":"PropertyValueSpecification","valueRequired":true,"valueName":"search_term_string"}}],"inLanguage":"es"},{"@type":"Organization","@id":"https:\/\/autoprintmachine.com\/#organization","name":"Dongguan Auto Print Tech Co., Ltd","url":"https:\/\/autoprintmachine.com\/","logo":{"@type":"ImageObject","inLanguage":"es","@id":"https:\/\/autoprintmachine.com\/#\/schema\/logo\/image\/","url":"https:\/\/autoprintmachine.com\/wp-content\/uploads\/2023\/06\/screen_printing_logo_new.webp","contentUrl":"https:\/\/autoprintmachine.com\/wp-content\/uploads\/2023\/06\/screen_printing_logo_new.webp","width":890,"height":750,"caption":"Dongguan Auto Print Tech Co., Ltd"},"image":{"@id":"https:\/\/autoprintmachine.com\/#\/schema\/logo\/image\/"},"sameAs":["https:\/\/www.facebook.com\/autoprinttech\/","https:\/\/www.youtube.com\/channel\/UCJtPGiBbQWGE2DZLxySpCtw"]}]}},"_links":{"self":[{"href":"https:\/\/autoprintmachine.com\/es\/wp-json\/wp\/v2\/product\/297","targetHints":{"allow":["GET"]}}],"collection":[{"href":"https:\/\/autoprintmachine.com\/es\/wp-json\/wp\/v2\/product"}],"about":[{"href":"https:\/\/autoprintmachine.com\/es\/wp-json\/wp\/v2\/types\/product"}],"wp:featuredmedia":[{"embeddable":true,"href":"https:\/\/autoprintmachine.com\/es\/wp-json\/wp\/v2\/media\/309"}],"wp:attachment":[{"href":"https:\/\/autoprintmachine.com\/es\/wp-json\/wp\/v2\/media?parent=297"}],"wp:term":[{"taxonomy":"product_cat","embeddable":true,"href":"https:\/\/autoprintmachine.com\/es\/wp-json\/wp\/v2\/product_cat?post=297"}],"curies":[{"name":"wp","href":"https:\/\/api.w.org\/{rel}","templated":true}]}}