{"id":299,"date":"2020-08-07T08:50:24","date_gmt":"2020-08-07T08:50:24","guid":{"rendered":"https:\/\/onceauto.seowaimao.com\/?post_type=product&#038;p=299"},"modified":"2026-01-27T02:57:21","modified_gmt":"2026-01-27T02:57:21","slug":"maquina-de-serigrafia-automatica-de-cama-plana","status":"publish","type":"product","link":"https:\/\/autoprintmachine.com\/es\/maquina-de-serigrafia-automatica-de-cama-plana\/","title":{"rendered":"M\u00e1quina de serigraf\u00eda el\u00e9ctrica autom\u00e1tica de superficie plana"},"content":{"rendered":"<h2>Introducci\u00f3n a la impresora de pantalla plana:<\/h2>\n<p>La impresora serigr\u00e1fica plana el\u00e9ctrica de la serie AP cuenta con un sistema accionado por motor el\u00e9ctrico. Eleva el marco de la pantalla verticalmente, manteniendo la tinta en la \u201czona de impresi\u00f3n\u201d. Este m\u00e9todo de elevaci\u00f3n plana y vertical facilita la labor del operario. \u00c9ste puede cargar y descargar las hojas gr\u00e1ficas durante las tiradas de producci\u00f3n. Proporciona la ventaja a\u00f1adida de una f\u00e1cil visualizaci\u00f3n e inspecci\u00f3n de la hoja impresa. El eje de impresi\u00f3n horizontal se controla el\u00e9ctricamente mediante un motor de CA. La mesa de vac\u00edo es perfecta para imprimir paneles gr\u00e1ficos y r\u00f3tulos, desde tama\u00f1os peque\u00f1os a grandes. Tambi\u00e9n es adecuada para imprimir productos planos industriales.<\/p>\n<h2>Especificaciones de la imprenta de cama plana:<\/h2>\n<table width=\"414\">\n<tbody>\n<tr>\n<td width=\"69\">Modelo<\/td>\n<td width=\"69\">AP-3050V<\/td>\n<td width=\"69\">AP-4060V<\/td>\n<td width=\"69\">AP-5070V<\/td>\n<td width=\"69\">AP-6090V<\/td>\n<td width=\"69\">AP-70120V<\/td>\n<\/tr>\n<tr>\n<td width=\"69\">Trazo arriba\/abajo del marco<\/td>\n<td width=\"69\">150mm<\/td>\n<td width=\"69\">200 mm<\/td>\n<td width=\"69\">200 mm<\/td>\n<td width=\"69\">200 mm<\/td>\n<td width=\"69\">200 mm<\/td>\n<\/tr>\n<tr>\n<td width=\"69\">Trazo de impresi\u00f3n (izquierda y derecha)<\/td>\n<td width=\"69\">550 mm<\/td>\n<td width=\"69\">700 mm<\/td>\n<td width=\"69\">800 mm<\/td>\n<td width=\"69\">1000 mm<\/td>\n<td width=\"69\">1300 mm<\/td>\n<\/tr>\n<tr>\n<td width=\"69\">\u00c1rea de impresi\u00f3n m\u00e1xima<\/td>\n<td width=\"69\">300x500mm<\/td>\n<td width=\"69\">400x600mm<\/td>\n<td width=\"69\">500x700mm<\/td>\n<td width=\"69\">600x900mm<\/td>\n<td width=\"69\">700x1200mm<\/td>\n<\/tr>\n<tr>\n<td width=\"69\">Tama\u00f1o de la mesa de vac\u00edo<\/td>\n<td width=\"69\">300x500mm<\/td>\n<td width=\"69\">400x600mm<\/td>\n<td width=\"69\">500x700mm<\/td>\n<td width=\"69\">600x900mm<\/td>\n<td width=\"69\">700x1200mm<\/td>\n<\/tr>\n<tr>\n<td width=\"69\">Tama\u00f1o de la mesa de trabajo<\/td>\n<td width=\"69\">350x600mm<\/td>\n<td width=\"69\">500x700mm<\/td>\n<td width=\"69\">600x800mm<\/td>\n<td width=\"69\">700x1000mm<\/td>\n<td width=\"69\">800x1300mm<\/td>\n<\/tr>\n<tr>\n<td width=\"69\">Tama\u00f1o m\u00e1ximo del marco<\/td>\n<td width=\"69\">500x830mm<\/td>\n<td width=\"69\">600x9300mm<\/td>\n<td width=\"69\">700x1130mm<\/td>\n<td width=\"69\">800x13000mm<\/td>\n<td width=\"69\">1000x14500mm<\/td>\n<\/tr>\n<tr>\n<td width=\"69\">Grosor del marco de la pantalla<\/td>\n<td width=\"69\">50,8 mm<\/td>\n<td width=\"69\">50,8 mm<\/td>\n<td width=\"69\">50,8 mm<\/td>\n<td width=\"69\">50,8 mm<\/td>\n<td width=\"69\">50,8 mm<\/td>\n<\/tr>\n<tr>\n<td width=\"69\">Presi\u00f3n de la escobilla de goma<\/td>\n<td width=\"69\">2-4 barras<\/td>\n<td width=\"69\">2-4 barras<\/td>\n<td width=\"69\">2-4 barras<\/td>\n<td width=\"69\">2-4 barras<\/td>\n<td width=\"69\">2-4 barras<\/td>\n<\/tr>\n<tr>\n<td width=\"69\">Velocidad m\u00e1xima de impresi\u00f3n<\/td>\n<td width=\"69\">1.200 ciclos\/h<\/td>\n<td width=\"69\">800 ciclos\/h<\/td>\n<td width=\"69\">800 ciclos\/h<\/td>\n<td width=\"69\">800 ciclos\/h<\/td>\n<td width=\"69\">600 ciclos\/h<\/td>\n<\/tr>\n<tr>\n<td width=\"69\">fuente electrica<\/td>\n<td width=\"69\">110\/220\/230V 50\/60Hz<\/td>\n<td width=\"69\">110\/220\/230V 50\/60Hz<\/td>\n<td width=\"69\">110\/220\/230V 50\/60Hz<\/td>\n<td width=\"69\">380V 50\/60Hz<\/td>\n<td width=\"69\">380V 50\/60Hz<\/td>\n<\/tr>\n<tr>\n<td width=\"69\">Peso de la m\u00e1quina<\/td>\n<td width=\"69\">190kg<\/td>\n<td width=\"69\">320 kilos<\/td>\n<td width=\"69\">380 kilos<\/td>\n<td width=\"69\">660 kilos<\/td>\n<td width=\"69\">680 kilos<\/td>\n<\/tr>\n<tr>\n<td width=\"69\">Dimensi\u00f3n de la m\u00e1quina<\/td>\n<td width=\"69\">800x1050x1550mm<\/td>\n<td width=\"69\">1150x1000x1700mm<\/td>\n<td width=\"69\">1100x1300x1650mm<\/td>\n<td width=\"69\">1350x1350x1700mm<\/td>\n<td width=\"69\">1450x1650x1700mm<\/td>\n<\/tr>\n<\/tbody>\n<\/table>","protected":false},"excerpt":{"rendered":"<p>La maquina impresora electrica de serigrafia plana serie AP cuenta con un motor AC. Permite el movimiento en las direcciones izquierda, derecha, arriba y abajo. La marca controlada por PLC, con una pantalla t\u00e1ctil, hace que la m\u00e1quina sea programable. El accionamiento el\u00e9ctrico ofrece un rendimiento de trabajo m\u00e1s estable que las m\u00e1quinas de tipo neum\u00e1tico.<\/p>\n<p>Puede encontrar la impresora el\u00e9ctrica de pantalla plana est\u00e1ndar en varios tama\u00f1os. Las opciones incluyen 300x500mm, 400x600mm, 500x700mm, 600x900mm, y 700x1200mm, dependiendo de su \u00e1rea de impresi\u00f3n. Tambi\u00e9n podemos imprimir a mayor tama\u00f1o. La mesa de trabajo puede ser tanto una mesa de vac\u00edo como una mesa de ranura en T para diferentes partes de impresi\u00f3n.<\/p>\n<p>Esta precisa m\u00e1quina de serie se utiliza habitualmente en la impresi\u00f3n industrial. Imprime en papel transfer, calcoman\u00edas, interruptores de membrana e incluso salpicaderos de autom\u00f3viles.<\/p>","protected":false},"featured_media":304,"template":"","meta":[],"product_brand":[],"product_cat":[17],"product_tag":[],"class_list":{"0":"post-299","1":"product","2":"type-product","3":"status-publish","4":"has-post-thumbnail","6":"product_cat-flat-screen-printing-machine","8":"first","9":"instock","10":"shipping-taxable","11":"product-type-simple"},"yoast_head":"<!-- This site is optimized with the Yoast SEO plugin v27.4 - https:\/\/yoast.com\/product\/yoast-seo-wordpress\/ -->\n<title>Electric Automatic Flat Bed Screen Printing Machine<\/title>\n<meta name=\"description\" content=\"This automatic flat bed screen printing machine is suited for printing graphic panels, signage, membrane switches and overlays.\" \/>\n<meta name=\"robots\" content=\"index, follow, max-snippet:-1, max-image-preview:large, max-video-preview:-1\" \/>\n<link rel=\"canonical\" href=\"https:\/\/autoprintmachine.com\/es\/maquina-de-serigrafia-automatica-de-cama-plana\/\" \/>\n<meta property=\"og:locale\" content=\"es_ES\" \/>\n<meta property=\"og:type\" content=\"article\" \/>\n<meta property=\"og:title\" content=\"Electric Automatic Flat Bed Screen Printing Machine\" \/>\n<meta property=\"og:description\" content=\"This automatic flat bed screen printing machine is suited for printing graphic panels, signage, membrane switches and overlays.\" \/>\n<meta property=\"og:url\" content=\"https:\/\/autoprintmachine.com\/es\/maquina-de-serigrafia-automatica-de-cama-plana\/\" \/>\n<meta property=\"article:publisher\" content=\"https:\/\/www.facebook.com\/autoprinttech\/\" \/>\n<meta property=\"article:modified_time\" content=\"2026-01-27T02:57:21+00:00\" \/>\n<meta property=\"og:image\" content=\"https:\/\/autoprintmachine.com\/wp-content\/uploads\/2020\/08\/OS-6090.jpg\" \/>\n\t<meta property=\"og:image:width\" content=\"600\" \/>\n\t<meta property=\"og:image:height\" content=\"600\" \/>\n\t<meta property=\"og:image:type\" content=\"image\/jpeg\" \/>\n<meta name=\"twitter:card\" content=\"summary_large_image\" \/>\n<meta name=\"twitter:label1\" content=\"Est. reading time\" \/>\n\t<meta name=\"twitter:data1\" content=\"2 minutos\" \/>\n<script type=\"application\/ld+json\" class=\"yoast-schema-graph\">{\"@context\":\"https:\\\/\\\/schema.org\",\"@graph\":[{\"@type\":\"WebPage\",\"@id\":\"https:\\\/\\\/autoprintmachine.com\\\/automatic-flat-bed-screen-printing-machine\\\/\",\"url\":\"https:\\\/\\\/autoprintmachine.com\\\/automatic-flat-bed-screen-printing-machine\\\/\",\"name\":\"Electric Automatic Flat Bed Screen Printing Machine\",\"isPartOf\":{\"@id\":\"https:\\\/\\\/autoprintmachine.com\\\/#website\"},\"primaryImageOfPage\":{\"@id\":\"https:\\\/\\\/autoprintmachine.com\\\/automatic-flat-bed-screen-printing-machine\\\/#primaryimage\"},\"image\":{\"@id\":\"https:\\\/\\\/autoprintmachine.com\\\/automatic-flat-bed-screen-printing-machine\\\/#primaryimage\"},\"thumbnailUrl\":\"https:\\\/\\\/autoprintmachine.com\\\/wp-content\\\/uploads\\\/2020\\\/08\\\/OS-6090.jpg\",\"datePublished\":\"2020-08-07T08:50:24+00:00\",\"dateModified\":\"2026-01-27T02:57:21+00:00\",\"description\":\"This automatic flat bed screen printing machine is suited for printing graphic panels, signage, membrane switches and overlays.\",\"breadcrumb\":{\"@id\":\"https:\\\/\\\/autoprintmachine.com\\\/automatic-flat-bed-screen-printing-machine\\\/#breadcrumb\"},\"inLanguage\":\"es\",\"potentialAction\":[{\"@type\":\"ReadAction\",\"target\":[\"https:\\\/\\\/autoprintmachine.com\\\/automatic-flat-bed-screen-printing-machine\\\/\"]}]},{\"@type\":\"ImageObject\",\"inLanguage\":\"es\",\"@id\":\"https:\\\/\\\/autoprintmachine.com\\\/automatic-flat-bed-screen-printing-machine\\\/#primaryimage\",\"url\":\"https:\\\/\\\/autoprintmachine.com\\\/wp-content\\\/uploads\\\/2020\\\/08\\\/OS-6090.jpg\",\"contentUrl\":\"https:\\\/\\\/autoprintmachine.com\\\/wp-content\\\/uploads\\\/2020\\\/08\\\/OS-6090.jpg\",\"width\":600,\"height\":600,\"caption\":\"automatic screen printing machine\"},{\"@type\":\"BreadcrumbList\",\"@id\":\"https:\\\/\\\/autoprintmachine.com\\\/automatic-flat-bed-screen-printing-machine\\\/#breadcrumb\",\"itemListElement\":[{\"@type\":\"ListItem\",\"position\":1,\"name\":\"Home\",\"item\":\"https:\\\/\\\/autoprintmachine.com\\\/\"},{\"@type\":\"ListItem\",\"position\":2,\"name\":\"Products\",\"item\":\"https:\\\/\\\/autoprintmachine.com\\\/shop\\\/\"},{\"@type\":\"ListItem\",\"position\":3,\"name\":\"Electric Automatic Flatbed Screen Printing Machine\"}]},{\"@type\":\"WebSite\",\"@id\":\"https:\\\/\\\/autoprintmachine.com\\\/#website\",\"url\":\"https:\\\/\\\/autoprintmachine.com\\\/\",\"name\":\"\",\"description\":\"\",\"publisher\":{\"@id\":\"https:\\\/\\\/autoprintmachine.com\\\/#organization\"},\"potentialAction\":[{\"@type\":\"SearchAction\",\"target\":{\"@type\":\"EntryPoint\",\"urlTemplate\":\"https:\\\/\\\/autoprintmachine.com\\\/?s={search_term_string}\"},\"query-input\":{\"@type\":\"PropertyValueSpecification\",\"valueRequired\":true,\"valueName\":\"search_term_string\"}}],\"inLanguage\":\"es\"},{\"@type\":\"Organization\",\"@id\":\"https:\\\/\\\/autoprintmachine.com\\\/#organization\",\"name\":\"Dongguan Auto Print Tech Co., Ltd\",\"url\":\"https:\\\/\\\/autoprintmachine.com\\\/\",\"logo\":{\"@type\":\"ImageObject\",\"inLanguage\":\"es\",\"@id\":\"https:\\\/\\\/autoprintmachine.com\\\/#\\\/schema\\\/logo\\\/image\\\/\",\"url\":\"https:\\\/\\\/autoprintmachine.com\\\/wp-content\\\/uploads\\\/2023\\\/06\\\/screen_printing_logo_new.webp\",\"contentUrl\":\"https:\\\/\\\/autoprintmachine.com\\\/wp-content\\\/uploads\\\/2023\\\/06\\\/screen_printing_logo_new.webp\",\"width\":890,\"height\":750,\"caption\":\"Dongguan Auto Print Tech Co., Ltd\"},\"image\":{\"@id\":\"https:\\\/\\\/autoprintmachine.com\\\/#\\\/schema\\\/logo\\\/image\\\/\"},\"sameAs\":[\"https:\\\/\\\/www.facebook.com\\\/autoprinttech\\\/\",\"https:\\\/\\\/www.youtube.com\\\/channel\\\/UCJtPGiBbQWGE2DZLxySpCtw\"]}]}<\/script>\n<!-- \/ Yoast SEO plugin. -->","yoast_head_json":{"title":"M\u00e1quina de serigraf\u00eda el\u00e9ctrica autom\u00e1tica de cama plana","description":"Esta m\u00e1quina de serigraf\u00eda autom\u00e1tica de cama plana es adecuada para imprimir paneles gr\u00e1ficos, se\u00f1alizaci\u00f3n, interruptores de membrana y superposiciones.","robots":{"index":"index","follow":"follow","max-snippet":"max-snippet:-1","max-image-preview":"max-image-preview:large","max-video-preview":"max-video-preview:-1"},"canonical":"https:\/\/autoprintmachine.com\/es\/maquina-de-serigrafia-automatica-de-cama-plana\/","og_locale":"es_ES","og_type":"article","og_title":"Electric Automatic Flat Bed Screen Printing Machine","og_description":"This automatic flat bed screen printing machine is suited for printing graphic panels, signage, membrane switches and overlays.","og_url":"https:\/\/autoprintmachine.com\/es\/maquina-de-serigrafia-automatica-de-cama-plana\/","article_publisher":"https:\/\/www.facebook.com\/autoprinttech\/","article_modified_time":"2026-01-27T02:57:21+00:00","og_image":[{"width":600,"height":600,"url":"https:\/\/autoprintmachine.com\/wp-content\/uploads\/2020\/08\/OS-6090.jpg","type":"image\/jpeg"}],"twitter_card":"summary_large_image","twitter_misc":{"Est. reading time":"2 minutos"},"schema":{"@context":"https:\/\/schema.org","@graph":[{"@type":"WebPage","@id":"https:\/\/autoprintmachine.com\/automatic-flat-bed-screen-printing-machine\/","url":"https:\/\/autoprintmachine.com\/automatic-flat-bed-screen-printing-machine\/","name":"M\u00e1quina de serigraf\u00eda el\u00e9ctrica autom\u00e1tica de cama plana","isPartOf":{"@id":"https:\/\/autoprintmachine.com\/#website"},"primaryImageOfPage":{"@id":"https:\/\/autoprintmachine.com\/automatic-flat-bed-screen-printing-machine\/#primaryimage"},"image":{"@id":"https:\/\/autoprintmachine.com\/automatic-flat-bed-screen-printing-machine\/#primaryimage"},"thumbnailUrl":"https:\/\/autoprintmachine.com\/wp-content\/uploads\/2020\/08\/OS-6090.jpg","datePublished":"2020-08-07T08:50:24+00:00","dateModified":"2026-01-27T02:57:21+00:00","description":"Esta m\u00e1quina de serigraf\u00eda autom\u00e1tica de cama plana es adecuada para imprimir paneles gr\u00e1ficos, se\u00f1alizaci\u00f3n, interruptores de membrana y superposiciones.","breadcrumb":{"@id":"https:\/\/autoprintmachine.com\/automatic-flat-bed-screen-printing-machine\/#breadcrumb"},"inLanguage":"es","potentialAction":[{"@type":"ReadAction","target":["https:\/\/autoprintmachine.com\/automatic-flat-bed-screen-printing-machine\/"]}]},{"@type":"ImageObject","inLanguage":"es","@id":"https:\/\/autoprintmachine.com\/automatic-flat-bed-screen-printing-machine\/#primaryimage","url":"https:\/\/autoprintmachine.com\/wp-content\/uploads\/2020\/08\/OS-6090.jpg","contentUrl":"https:\/\/autoprintmachine.com\/wp-content\/uploads\/2020\/08\/OS-6090.jpg","width":600,"height":600,"caption":"automatic screen printing machine"},{"@type":"BreadcrumbList","@id":"https:\/\/autoprintmachine.com\/automatic-flat-bed-screen-printing-machine\/#breadcrumb","itemListElement":[{"@type":"ListItem","position":1,"name":"Home","item":"https:\/\/autoprintmachine.com\/"},{"@type":"ListItem","position":2,"name":"Products","item":"https:\/\/autoprintmachine.com\/shop\/"},{"@type":"ListItem","position":3,"name":"Electric Automatic Flatbed Screen Printing Machine"}]},{"@type":"WebSite","@id":"https:\/\/autoprintmachine.com\/#website","url":"https:\/\/autoprintmachine.com\/","name":"","description":"","publisher":{"@id":"https:\/\/autoprintmachine.com\/#organization"},"potentialAction":[{"@type":"SearchAction","target":{"@type":"EntryPoint","urlTemplate":"https:\/\/autoprintmachine.com\/?s={search_term_string}"},"query-input":{"@type":"PropertyValueSpecification","valueRequired":true,"valueName":"search_term_string"}}],"inLanguage":"es"},{"@type":"Organization","@id":"https:\/\/autoprintmachine.com\/#organization","name":"Dongguan Auto Print Tech Co., Ltd","url":"https:\/\/autoprintmachine.com\/","logo":{"@type":"ImageObject","inLanguage":"es","@id":"https:\/\/autoprintmachine.com\/#\/schema\/logo\/image\/","url":"https:\/\/autoprintmachine.com\/wp-content\/uploads\/2023\/06\/screen_printing_logo_new.webp","contentUrl":"https:\/\/autoprintmachine.com\/wp-content\/uploads\/2023\/06\/screen_printing_logo_new.webp","width":890,"height":750,"caption":"Dongguan Auto Print Tech Co., Ltd"},"image":{"@id":"https:\/\/autoprintmachine.com\/#\/schema\/logo\/image\/"},"sameAs":["https:\/\/www.facebook.com\/autoprinttech\/","https:\/\/www.youtube.com\/channel\/UCJtPGiBbQWGE2DZLxySpCtw"]}]}},"_links":{"self":[{"href":"https:\/\/autoprintmachine.com\/es\/wp-json\/wp\/v2\/product\/299","targetHints":{"allow":["GET"]}}],"collection":[{"href":"https:\/\/autoprintmachine.com\/es\/wp-json\/wp\/v2\/product"}],"about":[{"href":"https:\/\/autoprintmachine.com\/es\/wp-json\/wp\/v2\/types\/product"}],"wp:featuredmedia":[{"embeddable":true,"href":"https:\/\/autoprintmachine.com\/es\/wp-json\/wp\/v2\/media\/304"}],"wp:attachment":[{"href":"https:\/\/autoprintmachine.com\/es\/wp-json\/wp\/v2\/media?parent=299"}],"wp:term":[{"taxonomy":"product_brand","embeddable":true,"href":"https:\/\/autoprintmachine.com\/es\/wp-json\/wp\/v2\/product_brand?post=299"},{"taxonomy":"product_cat","embeddable":true,"href":"https:\/\/autoprintmachine.com\/es\/wp-json\/wp\/v2\/product_cat?post=299"},{"taxonomy":"product_tag","embeddable":true,"href":"https:\/\/autoprintmachine.com\/es\/wp-json\/wp\/v2\/product_tag?post=299"}],"curies":[{"name":"wp","href":"https:\/\/api.w.org\/{rel}","templated":true}]}}