{"id":324,"date":"2020-08-11T03:13:26","date_gmt":"2020-08-11T03:13:26","guid":{"rendered":"https:\/\/onceauto.seowaimao.com\/?post_type=product&#038;p=324"},"modified":"2026-01-27T03:19:15","modified_gmt":"2026-01-27T03:19:15","slug":"maquina-de-serigrafia-semiautomatica-con-mesa-giratoria","status":"publish","type":"product","link":"https:\/\/autoprintmachine.com\/es\/maquina-de-serigrafia-semiautomatica-con-mesa-giratoria\/","title":{"rendered":"M\u00e1quina de serigraf\u00eda plana semiautom\u00e1tica con mesa giratoria"},"content":{"rendered":"<h2>Caracter\u00edsticas est\u00e1ndar de la impresora de pantalla plana:<\/h2>\n<ul>\n<li>Una marca famosa PLC controlado con una pantalla t\u00e1ctil<\/li>\n<li>\u00a0La velocidad de impresi\u00f3n y el trazo son ajustables.<\/li>\n<li>Elevador de cabeza vertical con ajuste de altura.<\/li>\n<li>La impresi\u00f3n de 4 estaciones puede alcanzar una capacidad de impresi\u00f3n r\u00e1pida.<\/li>\n<li>\u00c1ngulo de la escobilla de goma y ajuste de altura calibrado.<\/li>\n<li>Mesa de trabajo de 100 x 150 mm, adecuada para art\u00edculos peque\u00f1os e impresi\u00f3n r\u00e1pida.<\/li>\n<li>Presi\u00f3n regulada de la escobilla de goma con un man\u00f3metro<\/li>\n<li>Controlado por interruptor de pie<\/li>\n<\/ul>\n<h2>Especificaciones de la imprenta de cama plana:<\/h2>\n<table width=\"96%\">\n<tbody>\n<tr>\n<td width=\"50%\"><strong>N\u00famero de modelo:<\/strong><\/td>\n<td width=\"50%\"><strong>AP-360F-400<\/strong><\/td>\n<\/tr>\n<tr>\n<td><strong>Capacidad de impresi\u00f3n:<\/strong><\/td>\n<td>Hasta 1.600 unidades por hora<\/td>\n<\/tr>\n<tr>\n<td><strong>Cabezal de impresi\u00f3n:<\/strong><\/td>\n<td>Neum\u00e1tico<\/td>\n<\/tr>\n<tr>\n<td><strong>Conducir (arriba\/abajo, adelante\/atr\u00e1s):<\/strong><\/td>\n<td>Neum\u00e1tico<\/td>\n<\/tr>\n<tr>\n<td><strong>Sistema de control<\/strong><\/td>\n<td>PLC con pantalla t\u00e1ctil<\/td>\n<\/tr>\n<tr>\n<td><strong>Tama\u00f1o de impresi\u00f3n plano (largo x ancho):<\/strong><\/td>\n<td>100x150mm<\/td>\n<\/tr>\n<tr>\n<td><strong>Tama\u00f1o de la mesa de trabajo: <\/strong><\/td>\n<td>100x150mm<\/td>\n<\/tr>\n<tr>\n<td><strong>M\u00e1x. altura de impresi\u00f3n<\/strong><\/td>\n<td>120mm<\/td>\n<\/tr>\n<tr>\n<td><strong>Trazo de impresi\u00f3n (izquierda y derecha):<\/strong><\/td>\n<td>350 mm<\/td>\n<\/tr>\n<tr>\n<td><strong>Carrera de elevaci\u00f3n de la pantalla (arriba y abajo):<\/strong><\/td>\n<td>125mm<\/td>\n<\/tr>\n<tr>\n<td><strong>Voltaje:<\/strong><\/td>\n<td>110V \/ 220V 50\/60Hz 50W<\/td>\n<\/tr>\n<tr>\n<td><strong>Peso:<\/strong><\/td>\n<td>180kg<\/td>\n<\/tr>\n<tr>\n<td><strong>Dimensiones:<\/strong><\/td>\n<td>580x780x1350mm<\/td>\n<\/tr>\n<tr>\n<td><strong>Tama\u00f1o de caja:<\/strong><\/td>\n<td>600x800x1600mm<\/td>\n<\/tr>\n<\/tbody>\n<\/table>","protected":false},"excerpt":{"rendered":"<p>AP-360F-400 es una m\u00e1quina semi-autom\u00e1tica de serigraf\u00eda plana con mesa giratoria. Marca controlada por PLC con accionamiento neum\u00e1tico, tama\u00f1o m\u00e1ximo de impresi\u00f3n 100x150mm, 4 estaciones de trabajo. Esta impresora de pantalla plana es excelente para piezas peque\u00f1as. Permite una f\u00e1cil carga y descarga durante la impresi\u00f3n.<\/p>\n<p>La m\u00e1quina de mesa giratoria puede tener mesas giratorias de diferentes tama\u00f1os, en funci\u00f3n de las necesidades, como 6 u 8 estaciones. Y la mesa de trabajo puede ser con o sin vac\u00edo.<\/p>","protected":false},"featured_media":325,"template":"","meta":[],"product_brand":[],"product_cat":[17],"product_tag":[],"class_list":{"0":"post-324","1":"product","2":"type-product","3":"status-publish","4":"has-post-thumbnail","6":"product_cat-flat-screen-printing-machine","8":"first","9":"instock","10":"shipping-taxable","11":"product-type-simple"},"yoast_head":"<!-- This site is optimized with the Yoast SEO plugin v27.4 - https:\/\/yoast.com\/product\/yoast-seo-wordpress\/ -->\n<title>Semi Automatic Flatbed Screen Rotary Table Printing Machine<\/title>\n<meta name=\"description\" content=\"Famous brand PLC controlled with touch screen, Printing speed and stroke is adjustable. Vertical head lift with height adjustment.\" \/>\n<meta name=\"robots\" content=\"index, follow, max-snippet:-1, max-image-preview:large, max-video-preview:-1\" \/>\n<link rel=\"canonical\" href=\"https:\/\/autoprintmachine.com\/es\/maquina-de-serigrafia-semiautomatica-con-mesa-giratoria\/\" \/>\n<meta property=\"og:locale\" content=\"es_ES\" \/>\n<meta property=\"og:type\" content=\"article\" \/>\n<meta property=\"og:title\" content=\"Semi Automatic Flatbed Screen Rotary Table Printing Machine\" \/>\n<meta property=\"og:description\" content=\"Famous brand PLC controlled with touch screen, Printing speed and stroke is adjustable. Vertical head lift with height adjustment.\" \/>\n<meta property=\"og:url\" content=\"https:\/\/autoprintmachine.com\/es\/maquina-de-serigrafia-semiautomatica-con-mesa-giratoria\/\" \/>\n<meta property=\"article:publisher\" content=\"https:\/\/www.facebook.com\/autoprinttech\/\" \/>\n<meta property=\"article:modified_time\" content=\"2026-01-27T03:19:15+00:00\" \/>\n<meta property=\"og:image\" content=\"https:\/\/autoprintmachine.com\/wp-content\/uploads\/2020\/08\/OS-360F-400-1.jpg\" \/>\n\t<meta property=\"og:image:width\" content=\"600\" \/>\n\t<meta property=\"og:image:height\" content=\"600\" \/>\n\t<meta property=\"og:image:type\" content=\"image\/jpeg\" \/>\n<meta name=\"twitter:card\" content=\"summary_large_image\" \/>\n<meta name=\"twitter:label1\" content=\"Est. reading time\" \/>\n\t<meta name=\"twitter:data1\" content=\"1 minuto\" \/>\n<script type=\"application\/ld+json\" class=\"yoast-schema-graph\">{\"@context\":\"https:\\\/\\\/schema.org\",\"@graph\":[{\"@type\":\"WebPage\",\"@id\":\"https:\\\/\\\/autoprintmachine.com\\\/semi-automatic-flatbed-screen-printing-machine-with-rotary-table\\\/\",\"url\":\"https:\\\/\\\/autoprintmachine.com\\\/semi-automatic-flatbed-screen-printing-machine-with-rotary-table\\\/\",\"name\":\"Semi Automatic Flatbed Screen Rotary Table Printing Machine\",\"isPartOf\":{\"@id\":\"https:\\\/\\\/autoprintmachine.com\\\/#website\"},\"primaryImageOfPage\":{\"@id\":\"https:\\\/\\\/autoprintmachine.com\\\/semi-automatic-flatbed-screen-printing-machine-with-rotary-table\\\/#primaryimage\"},\"image\":{\"@id\":\"https:\\\/\\\/autoprintmachine.com\\\/semi-automatic-flatbed-screen-printing-machine-with-rotary-table\\\/#primaryimage\"},\"thumbnailUrl\":\"https:\\\/\\\/autoprintmachine.com\\\/wp-content\\\/uploads\\\/2020\\\/08\\\/OS-360F-400-1.jpg\",\"datePublished\":\"2020-08-11T03:13:26+00:00\",\"dateModified\":\"2026-01-27T03:19:15+00:00\",\"description\":\"Famous brand PLC controlled with touch screen, Printing speed and stroke is adjustable. Vertical head lift with height adjustment.\",\"breadcrumb\":{\"@id\":\"https:\\\/\\\/autoprintmachine.com\\\/semi-automatic-flatbed-screen-printing-machine-with-rotary-table\\\/#breadcrumb\"},\"inLanguage\":\"es\",\"potentialAction\":[{\"@type\":\"ReadAction\",\"target\":[\"https:\\\/\\\/autoprintmachine.com\\\/semi-automatic-flatbed-screen-printing-machine-with-rotary-table\\\/\"]}]},{\"@type\":\"ImageObject\",\"inLanguage\":\"es\",\"@id\":\"https:\\\/\\\/autoprintmachine.com\\\/semi-automatic-flatbed-screen-printing-machine-with-rotary-table\\\/#primaryimage\",\"url\":\"https:\\\/\\\/autoprintmachine.com\\\/wp-content\\\/uploads\\\/2020\\\/08\\\/OS-360F-400-1.jpg\",\"contentUrl\":\"https:\\\/\\\/autoprintmachine.com\\\/wp-content\\\/uploads\\\/2020\\\/08\\\/OS-360F-400-1.jpg\",\"width\":600,\"height\":600},{\"@type\":\"BreadcrumbList\",\"@id\":\"https:\\\/\\\/autoprintmachine.com\\\/semi-automatic-flatbed-screen-printing-machine-with-rotary-table\\\/#breadcrumb\",\"itemListElement\":[{\"@type\":\"ListItem\",\"position\":1,\"name\":\"Home\",\"item\":\"https:\\\/\\\/autoprintmachine.com\\\/\"},{\"@type\":\"ListItem\",\"position\":2,\"name\":\"Products\",\"item\":\"https:\\\/\\\/autoprintmachine.com\\\/shop\\\/\"},{\"@type\":\"ListItem\",\"position\":3,\"name\":\"Semi Automatic Flatbed Screen Printing Machine with Rotary Table\"}]},{\"@type\":\"WebSite\",\"@id\":\"https:\\\/\\\/autoprintmachine.com\\\/#website\",\"url\":\"https:\\\/\\\/autoprintmachine.com\\\/\",\"name\":\"\",\"description\":\"\",\"publisher\":{\"@id\":\"https:\\\/\\\/autoprintmachine.com\\\/#organization\"},\"potentialAction\":[{\"@type\":\"SearchAction\",\"target\":{\"@type\":\"EntryPoint\",\"urlTemplate\":\"https:\\\/\\\/autoprintmachine.com\\\/?s={search_term_string}\"},\"query-input\":{\"@type\":\"PropertyValueSpecification\",\"valueRequired\":true,\"valueName\":\"search_term_string\"}}],\"inLanguage\":\"es\"},{\"@type\":\"Organization\",\"@id\":\"https:\\\/\\\/autoprintmachine.com\\\/#organization\",\"name\":\"Dongguan Auto Print Tech Co., Ltd\",\"url\":\"https:\\\/\\\/autoprintmachine.com\\\/\",\"logo\":{\"@type\":\"ImageObject\",\"inLanguage\":\"es\",\"@id\":\"https:\\\/\\\/autoprintmachine.com\\\/#\\\/schema\\\/logo\\\/image\\\/\",\"url\":\"https:\\\/\\\/autoprintmachine.com\\\/wp-content\\\/uploads\\\/2023\\\/06\\\/screen_printing_logo_new.webp\",\"contentUrl\":\"https:\\\/\\\/autoprintmachine.com\\\/wp-content\\\/uploads\\\/2023\\\/06\\\/screen_printing_logo_new.webp\",\"width\":890,\"height\":750,\"caption\":\"Dongguan Auto Print Tech Co., Ltd\"},\"image\":{\"@id\":\"https:\\\/\\\/autoprintmachine.com\\\/#\\\/schema\\\/logo\\\/image\\\/\"},\"sameAs\":[\"https:\\\/\\\/www.facebook.com\\\/autoprinttech\\\/\",\"https:\\\/\\\/www.youtube.com\\\/channel\\\/UCJtPGiBbQWGE2DZLxySpCtw\"]}]}<\/script>\n<!-- \/ Yoast SEO plugin. -->","yoast_head_json":{"title":"Impresora semiautom\u00e1tica de mesa giratoria con pantalla plana","description":"PLC de marca famosa controlado con pantalla t\u00e1ctil, la velocidad de impresi\u00f3n y el trazo son ajustables. Elevador de cabeza vertical con ajuste de altura.","robots":{"index":"index","follow":"follow","max-snippet":"max-snippet:-1","max-image-preview":"max-image-preview:large","max-video-preview":"max-video-preview:-1"},"canonical":"https:\/\/autoprintmachine.com\/es\/maquina-de-serigrafia-semiautomatica-con-mesa-giratoria\/","og_locale":"es_ES","og_type":"article","og_title":"Semi Automatic Flatbed Screen Rotary Table Printing Machine","og_description":"Famous brand PLC controlled with touch screen, Printing speed and stroke is adjustable. Vertical head lift with height adjustment.","og_url":"https:\/\/autoprintmachine.com\/es\/maquina-de-serigrafia-semiautomatica-con-mesa-giratoria\/","article_publisher":"https:\/\/www.facebook.com\/autoprinttech\/","article_modified_time":"2026-01-27T03:19:15+00:00","og_image":[{"width":600,"height":600,"url":"https:\/\/autoprintmachine.com\/wp-content\/uploads\/2020\/08\/OS-360F-400-1.jpg","type":"image\/jpeg"}],"twitter_card":"summary_large_image","twitter_misc":{"Est. reading time":"1 minuto"},"schema":{"@context":"https:\/\/schema.org","@graph":[{"@type":"WebPage","@id":"https:\/\/autoprintmachine.com\/semi-automatic-flatbed-screen-printing-machine-with-rotary-table\/","url":"https:\/\/autoprintmachine.com\/semi-automatic-flatbed-screen-printing-machine-with-rotary-table\/","name":"Impresora semiautom\u00e1tica de mesa giratoria con pantalla plana","isPartOf":{"@id":"https:\/\/autoprintmachine.com\/#website"},"primaryImageOfPage":{"@id":"https:\/\/autoprintmachine.com\/semi-automatic-flatbed-screen-printing-machine-with-rotary-table\/#primaryimage"},"image":{"@id":"https:\/\/autoprintmachine.com\/semi-automatic-flatbed-screen-printing-machine-with-rotary-table\/#primaryimage"},"thumbnailUrl":"https:\/\/autoprintmachine.com\/wp-content\/uploads\/2020\/08\/OS-360F-400-1.jpg","datePublished":"2020-08-11T03:13:26+00:00","dateModified":"2026-01-27T03:19:15+00:00","description":"PLC de marca famosa controlado con pantalla t\u00e1ctil, la velocidad de impresi\u00f3n y el trazo son ajustables. Elevador de cabeza vertical con ajuste de altura.","breadcrumb":{"@id":"https:\/\/autoprintmachine.com\/semi-automatic-flatbed-screen-printing-machine-with-rotary-table\/#breadcrumb"},"inLanguage":"es","potentialAction":[{"@type":"ReadAction","target":["https:\/\/autoprintmachine.com\/semi-automatic-flatbed-screen-printing-machine-with-rotary-table\/"]}]},{"@type":"ImageObject","inLanguage":"es","@id":"https:\/\/autoprintmachine.com\/semi-automatic-flatbed-screen-printing-machine-with-rotary-table\/#primaryimage","url":"https:\/\/autoprintmachine.com\/wp-content\/uploads\/2020\/08\/OS-360F-400-1.jpg","contentUrl":"https:\/\/autoprintmachine.com\/wp-content\/uploads\/2020\/08\/OS-360F-400-1.jpg","width":600,"height":600},{"@type":"BreadcrumbList","@id":"https:\/\/autoprintmachine.com\/semi-automatic-flatbed-screen-printing-machine-with-rotary-table\/#breadcrumb","itemListElement":[{"@type":"ListItem","position":1,"name":"Home","item":"https:\/\/autoprintmachine.com\/"},{"@type":"ListItem","position":2,"name":"Products","item":"https:\/\/autoprintmachine.com\/shop\/"},{"@type":"ListItem","position":3,"name":"Semi Automatic Flatbed Screen Printing Machine with Rotary Table"}]},{"@type":"WebSite","@id":"https:\/\/autoprintmachine.com\/#website","url":"https:\/\/autoprintmachine.com\/","name":"","description":"","publisher":{"@id":"https:\/\/autoprintmachine.com\/#organization"},"potentialAction":[{"@type":"SearchAction","target":{"@type":"EntryPoint","urlTemplate":"https:\/\/autoprintmachine.com\/?s={search_term_string}"},"query-input":{"@type":"PropertyValueSpecification","valueRequired":true,"valueName":"search_term_string"}}],"inLanguage":"es"},{"@type":"Organization","@id":"https:\/\/autoprintmachine.com\/#organization","name":"Dongguan Auto Print Tech Co., Ltd","url":"https:\/\/autoprintmachine.com\/","logo":{"@type":"ImageObject","inLanguage":"es","@id":"https:\/\/autoprintmachine.com\/#\/schema\/logo\/image\/","url":"https:\/\/autoprintmachine.com\/wp-content\/uploads\/2023\/06\/screen_printing_logo_new.webp","contentUrl":"https:\/\/autoprintmachine.com\/wp-content\/uploads\/2023\/06\/screen_printing_logo_new.webp","width":890,"height":750,"caption":"Dongguan Auto Print Tech Co., Ltd"},"image":{"@id":"https:\/\/autoprintmachine.com\/#\/schema\/logo\/image\/"},"sameAs":["https:\/\/www.facebook.com\/autoprinttech\/","https:\/\/www.youtube.com\/channel\/UCJtPGiBbQWGE2DZLxySpCtw"]}]}},"_links":{"self":[{"href":"https:\/\/autoprintmachine.com\/es\/wp-json\/wp\/v2\/product\/324","targetHints":{"allow":["GET"]}}],"collection":[{"href":"https:\/\/autoprintmachine.com\/es\/wp-json\/wp\/v2\/product"}],"about":[{"href":"https:\/\/autoprintmachine.com\/es\/wp-json\/wp\/v2\/types\/product"}],"wp:featuredmedia":[{"embeddable":true,"href":"https:\/\/autoprintmachine.com\/es\/wp-json\/wp\/v2\/media\/325"}],"wp:attachment":[{"href":"https:\/\/autoprintmachine.com\/es\/wp-json\/wp\/v2\/media?parent=324"}],"wp:term":[{"taxonomy":"product_brand","embeddable":true,"href":"https:\/\/autoprintmachine.com\/es\/wp-json\/wp\/v2\/product_brand?post=324"},{"taxonomy":"product_cat","embeddable":true,"href":"https:\/\/autoprintmachine.com\/es\/wp-json\/wp\/v2\/product_cat?post=324"},{"taxonomy":"product_tag","embeddable":true,"href":"https:\/\/autoprintmachine.com\/es\/wp-json\/wp\/v2\/product_tag?post=324"}],"curies":[{"name":"wp","href":"https:\/\/api.w.org\/{rel}","templated":true}]}}