{"id":328,"date":"2020-08-11T03:27:44","date_gmt":"2020-08-11T03:27:44","guid":{"rendered":"https:\/\/onceauto.seowaimao.com\/?post_type=product&#038;p=328"},"modified":"2026-01-27T05:31:59","modified_gmt":"2026-01-27T05:31:59","slug":"maquina-de-serigrafia-plana-servoaccionada","status":"publish","type":"product","link":"https:\/\/autoprintmachine.com\/es\/maquina-de-serigrafia-plana-servoaccionada\/","title":{"rendered":"M\u00e1quina de serigraf\u00eda servoaccionada"},"content":{"rendered":"<h2>M\u00e1quina impresora de serigraf\u00eda plana Caracter\u00edsticas est\u00e1ndar:<\/h2>\n<ul>\n<li>Servomotor accionado para marco de pantalla arriba\/abajo e impresi\u00f3n horizontal.<\/li>\n<li>Marca controlada por PLC, pantalla t\u00e1ctil Weinview.<\/li>\n<li>Motor y convertidor de frecuencia de marca famosa.<\/li>\n<li>Elevador de cabeza vertical con ajuste de altura.<\/li>\n<li>Mesa de posicionamiento X\/Y\/R de alto acabado con mesa de vac\u00edo.<\/li>\n<li>\u00c1ngulo de la escobilla de goma y ajuste de altura calibrado.<\/li>\n<li>Presi\u00f3n de la escobilla de goma regulada con man\u00f3metro.<\/li>\n<li>Niveladores de suelo y ruedas, controlados por interruptor de pedal.<\/li>\n<li>Bot\u00f3n de parada de emergencia instalado y cortina de luz de seguridad.<\/li>\n<li>Marco de pantalla con cierre autom\u00e1tico al imprimir.<\/li>\n<\/ul>\n<h2>Especificaciones de la impresora de pantalla plana:<\/h2>\n<table width=\"88%\">\n<tbody>\n<tr>\n<td width=\"44%\"><strong>Modelo<\/strong><\/td>\n<td width=\"55%\"><strong>AP-3040S<\/strong><\/td>\n<\/tr>\n<tr>\n<td width=\"44%\"><strong>Sistema de manejo<\/strong><\/td>\n<td width=\"55%\">Servomotor arriba\/abajo, izquierda\/derecha accionado<\/td>\n<\/tr>\n<tr>\n<td width=\"44%\"><strong>Sistema de control<\/strong><\/td>\n<td width=\"55%\">PLC con pantalla t\u00e1ctil<\/td>\n<\/tr>\n<tr>\n<td width=\"44%\"><strong>Trazo arriba\/abajo del marco<\/strong><\/td>\n<td width=\"55%\">180mm<\/td>\n<\/tr>\n<tr>\n<td width=\"44%\"><strong>Trazo de impresi\u00f3n (izquierda y derecha)<\/strong><\/td>\n<td width=\"55%\">400 mm<\/td>\n<\/tr>\n<tr>\n<td width=\"44%\"><strong>\u00c1rea de impresi\u00f3n m\u00e1xima<\/strong><\/td>\n<td width=\"55%\">300x400mm<\/td>\n<\/tr>\n<tr>\n<td width=\"44%\"><strong>Tama\u00f1o de la mesa de trabajo<\/strong><\/td>\n<td width=\"55%\">400x500mm<\/td>\n<\/tr>\n<tr>\n<td width=\"44%\"><strong>Grosor del marco de la pantalla<\/strong><\/td>\n<td width=\"55%\">50,8 mm<\/td>\n<\/tr>\n<tr>\n<td width=\"44%\"><strong>Tolerancia de impresi\u00f3n repetida<\/strong><\/td>\n<td width=\"55%\">0,01 mm<\/td>\n<\/tr>\n<tr>\n<td width=\"44%\"><strong>Velocidad m\u00e1xima de impresi\u00f3n<\/strong><\/td>\n<td width=\"55%\">1.200 ciclos\/h<\/td>\n<\/tr>\n<tr>\n<td width=\"44%\"><strong>fuente electrica<\/strong><\/td>\n<td width=\"55%\">110\/220\/230V 50\/60Hz<\/td>\n<\/tr>\n<tr>\n<td width=\"44%\"><strong>Entrada de presi\u00f3n de aire<\/strong><\/td>\n<td width=\"55%\">6 barras<\/td>\n<\/tr>\n<tr>\n<td width=\"44%\"><strong>Peso de la m\u00e1quina<\/strong><\/td>\n<td width=\"55%\">170 kilos<\/td>\n<\/tr>\n<tr>\n<td width=\"44%\"><strong>Dimensi\u00f3n de la m\u00e1quina<\/strong><\/td>\n<td width=\"55%\">1000x700x1500mm<\/td>\n<\/tr>\n<\/tbody>\n<\/table>","protected":false},"excerpt":{"rendered":"<p>La m\u00e1quina de serigraf\u00eda plana AP-3040S utiliza un servoaccionamiento para realizar movimientos precisos de izquierda\/derecha y arriba\/abajo. Tiene un tama\u00f1o m\u00e1ximo de impresi\u00f3n de 300 x 400 mm. Se puede controlar con un PLC de marca y una pantalla t\u00e1ctil. Ofrece alta precisi\u00f3n y condiciones de trabajo muy estables. Esta servoimpresora plana es una m\u00e1quina de primera calidad. Garantiza una impresi\u00f3n precisa en piezas para los sectores de la electr\u00f3nica, la automoci\u00f3n y la medicina.<\/p>\n<p>Esta m\u00e1quina servoaccionada est\u00e1 disponible en varios tama\u00f1os de impresi\u00f3n, como 300x500 mm, 400x600 mm y 500x700 mm. Tambi\u00e9n ofrecemos modelos personalizados.<\/p>","protected":false},"featured_media":329,"template":"","meta":[],"product_brand":[],"product_cat":[17],"product_tag":[],"class_list":{"0":"post-328","1":"product","2":"type-product","3":"status-publish","4":"has-post-thumbnail","6":"product_cat-flat-screen-printing-machine","8":"first","9":"instock","10":"shipping-taxable","11":"product-type-simple"},"yoast_head":"<!-- This site is optimized with the Yoast SEO plugin v27.4 - https:\/\/yoast.com\/product\/yoast-seo-wordpress\/ -->\n<title>Servo Driven Screen Printing Machine<\/title>\n<meta name=\"description\" content=\"A wide variety of servo screen printing machine options are available to you.Floor levelers &amp; casters, Foot switch controlled.\" \/>\n<meta name=\"robots\" content=\"index, follow, max-snippet:-1, max-image-preview:large, max-video-preview:-1\" \/>\n<link rel=\"canonical\" href=\"https:\/\/autoprintmachine.com\/es\/maquina-de-serigrafia-plana-servoaccionada\/\" \/>\n<meta property=\"og:locale\" content=\"es_ES\" \/>\n<meta property=\"og:type\" content=\"article\" \/>\n<meta property=\"og:title\" content=\"Servo Driven Screen Printing Machine\" \/>\n<meta property=\"og:description\" content=\"A wide variety of servo screen printing machine options are available to you.Floor levelers &amp; casters, Foot switch controlled.\" \/>\n<meta property=\"og:url\" content=\"https:\/\/autoprintmachine.com\/es\/maquina-de-serigrafia-plana-servoaccionada\/\" \/>\n<meta property=\"article:publisher\" content=\"https:\/\/www.facebook.com\/autoprinttech\/\" \/>\n<meta property=\"article:modified_time\" content=\"2026-01-27T05:31:59+00:00\" \/>\n<meta property=\"og:image\" content=\"https:\/\/autoprintmachine.com\/wp-content\/uploads\/2020\/08\/OS-3040S.jpg\" \/>\n\t<meta property=\"og:image:width\" content=\"600\" \/>\n\t<meta property=\"og:image:height\" content=\"600\" \/>\n\t<meta property=\"og:image:type\" content=\"image\/jpeg\" \/>\n<meta name=\"twitter:card\" content=\"summary_large_image\" \/>\n<meta name=\"twitter:label1\" content=\"Est. reading time\" \/>\n\t<meta name=\"twitter:data1\" content=\"1 minuto\" \/>\n<script type=\"application\/ld+json\" class=\"yoast-schema-graph\">{\"@context\":\"https:\\\/\\\/schema.org\",\"@graph\":[{\"@type\":\"WebPage\",\"@id\":\"https:\\\/\\\/autoprintmachine.com\\\/servo-driven-flat-screen-printing-machine\\\/\",\"url\":\"https:\\\/\\\/autoprintmachine.com\\\/servo-driven-flat-screen-printing-machine\\\/\",\"name\":\"Servo Driven Screen Printing Machine\",\"isPartOf\":{\"@id\":\"https:\\\/\\\/autoprintmachine.com\\\/#website\"},\"primaryImageOfPage\":{\"@id\":\"https:\\\/\\\/autoprintmachine.com\\\/servo-driven-flat-screen-printing-machine\\\/#primaryimage\"},\"image\":{\"@id\":\"https:\\\/\\\/autoprintmachine.com\\\/servo-driven-flat-screen-printing-machine\\\/#primaryimage\"},\"thumbnailUrl\":\"https:\\\/\\\/autoprintmachine.com\\\/wp-content\\\/uploads\\\/2020\\\/08\\\/OS-3040S.jpg\",\"datePublished\":\"2020-08-11T03:27:44+00:00\",\"dateModified\":\"2026-01-27T05:31:59+00:00\",\"description\":\"A wide variety of servo screen printing machine options are available to you.Floor levelers & casters, Foot switch controlled.\",\"breadcrumb\":{\"@id\":\"https:\\\/\\\/autoprintmachine.com\\\/servo-driven-flat-screen-printing-machine\\\/#breadcrumb\"},\"inLanguage\":\"es\",\"potentialAction\":[{\"@type\":\"ReadAction\",\"target\":[\"https:\\\/\\\/autoprintmachine.com\\\/servo-driven-flat-screen-printing-machine\\\/\"]}]},{\"@type\":\"ImageObject\",\"inLanguage\":\"es\",\"@id\":\"https:\\\/\\\/autoprintmachine.com\\\/servo-driven-flat-screen-printing-machine\\\/#primaryimage\",\"url\":\"https:\\\/\\\/autoprintmachine.com\\\/wp-content\\\/uploads\\\/2020\\\/08\\\/OS-3040S.jpg\",\"contentUrl\":\"https:\\\/\\\/autoprintmachine.com\\\/wp-content\\\/uploads\\\/2020\\\/08\\\/OS-3040S.jpg\",\"width\":600,\"height\":600},{\"@type\":\"BreadcrumbList\",\"@id\":\"https:\\\/\\\/autoprintmachine.com\\\/servo-driven-flat-screen-printing-machine\\\/#breadcrumb\",\"itemListElement\":[{\"@type\":\"ListItem\",\"position\":1,\"name\":\"Home\",\"item\":\"https:\\\/\\\/autoprintmachine.com\\\/\"},{\"@type\":\"ListItem\",\"position\":2,\"name\":\"Products\",\"item\":\"https:\\\/\\\/autoprintmachine.com\\\/shop\\\/\"},{\"@type\":\"ListItem\",\"position\":3,\"name\":\"Servo Driven Flat Screen Printing Machine\"}]},{\"@type\":\"WebSite\",\"@id\":\"https:\\\/\\\/autoprintmachine.com\\\/#website\",\"url\":\"https:\\\/\\\/autoprintmachine.com\\\/\",\"name\":\"\",\"description\":\"\",\"publisher\":{\"@id\":\"https:\\\/\\\/autoprintmachine.com\\\/#organization\"},\"potentialAction\":[{\"@type\":\"SearchAction\",\"target\":{\"@type\":\"EntryPoint\",\"urlTemplate\":\"https:\\\/\\\/autoprintmachine.com\\\/?s={search_term_string}\"},\"query-input\":{\"@type\":\"PropertyValueSpecification\",\"valueRequired\":true,\"valueName\":\"search_term_string\"}}],\"inLanguage\":\"es\"},{\"@type\":\"Organization\",\"@id\":\"https:\\\/\\\/autoprintmachine.com\\\/#organization\",\"name\":\"Dongguan Auto Print Tech Co., Ltd\",\"url\":\"https:\\\/\\\/autoprintmachine.com\\\/\",\"logo\":{\"@type\":\"ImageObject\",\"inLanguage\":\"es\",\"@id\":\"https:\\\/\\\/autoprintmachine.com\\\/#\\\/schema\\\/logo\\\/image\\\/\",\"url\":\"https:\\\/\\\/autoprintmachine.com\\\/wp-content\\\/uploads\\\/2023\\\/06\\\/screen_printing_logo_new.webp\",\"contentUrl\":\"https:\\\/\\\/autoprintmachine.com\\\/wp-content\\\/uploads\\\/2023\\\/06\\\/screen_printing_logo_new.webp\",\"width\":890,\"height\":750,\"caption\":\"Dongguan Auto Print Tech Co., Ltd\"},\"image\":{\"@id\":\"https:\\\/\\\/autoprintmachine.com\\\/#\\\/schema\\\/logo\\\/image\\\/\"},\"sameAs\":[\"https:\\\/\\\/www.facebook.com\\\/autoprinttech\\\/\",\"https:\\\/\\\/www.youtube.com\\\/channel\\\/UCJtPGiBbQWGE2DZLxySpCtw\"]}]}<\/script>\n<!-- \/ Yoast SEO plugin. -->","yoast_head_json":{"title":"M\u00e1quina de serigraf\u00eda servoaccionada","description":"Tiene a su disposici\u00f3n una amplia variedad de opciones de m\u00e1quinas de serigraf\u00eda servo. Niveladores de piso y ruedas, controlados por interruptor de pie.","robots":{"index":"index","follow":"follow","max-snippet":"max-snippet:-1","max-image-preview":"max-image-preview:large","max-video-preview":"max-video-preview:-1"},"canonical":"https:\/\/autoprintmachine.com\/es\/maquina-de-serigrafia-plana-servoaccionada\/","og_locale":"es_ES","og_type":"article","og_title":"Servo Driven Screen Printing Machine","og_description":"A wide variety of servo screen printing machine options are available to you.Floor levelers & casters, Foot switch controlled.","og_url":"https:\/\/autoprintmachine.com\/es\/maquina-de-serigrafia-plana-servoaccionada\/","article_publisher":"https:\/\/www.facebook.com\/autoprinttech\/","article_modified_time":"2026-01-27T05:31:59+00:00","og_image":[{"width":600,"height":600,"url":"https:\/\/autoprintmachine.com\/wp-content\/uploads\/2020\/08\/OS-3040S.jpg","type":"image\/jpeg"}],"twitter_card":"summary_large_image","twitter_misc":{"Est. reading time":"1 minuto"},"schema":{"@context":"https:\/\/schema.org","@graph":[{"@type":"WebPage","@id":"https:\/\/autoprintmachine.com\/servo-driven-flat-screen-printing-machine\/","url":"https:\/\/autoprintmachine.com\/servo-driven-flat-screen-printing-machine\/","name":"M\u00e1quina de serigraf\u00eda servoaccionada","isPartOf":{"@id":"https:\/\/autoprintmachine.com\/#website"},"primaryImageOfPage":{"@id":"https:\/\/autoprintmachine.com\/servo-driven-flat-screen-printing-machine\/#primaryimage"},"image":{"@id":"https:\/\/autoprintmachine.com\/servo-driven-flat-screen-printing-machine\/#primaryimage"},"thumbnailUrl":"https:\/\/autoprintmachine.com\/wp-content\/uploads\/2020\/08\/OS-3040S.jpg","datePublished":"2020-08-11T03:27:44+00:00","dateModified":"2026-01-27T05:31:59+00:00","description":"Tiene a su disposici\u00f3n una amplia variedad de opciones de m\u00e1quinas de serigraf\u00eda servo. Niveladores de piso y ruedas, controlados por interruptor de pie.","breadcrumb":{"@id":"https:\/\/autoprintmachine.com\/servo-driven-flat-screen-printing-machine\/#breadcrumb"},"inLanguage":"es","potentialAction":[{"@type":"ReadAction","target":["https:\/\/autoprintmachine.com\/servo-driven-flat-screen-printing-machine\/"]}]},{"@type":"ImageObject","inLanguage":"es","@id":"https:\/\/autoprintmachine.com\/servo-driven-flat-screen-printing-machine\/#primaryimage","url":"https:\/\/autoprintmachine.com\/wp-content\/uploads\/2020\/08\/OS-3040S.jpg","contentUrl":"https:\/\/autoprintmachine.com\/wp-content\/uploads\/2020\/08\/OS-3040S.jpg","width":600,"height":600},{"@type":"BreadcrumbList","@id":"https:\/\/autoprintmachine.com\/servo-driven-flat-screen-printing-machine\/#breadcrumb","itemListElement":[{"@type":"ListItem","position":1,"name":"Home","item":"https:\/\/autoprintmachine.com\/"},{"@type":"ListItem","position":2,"name":"Products","item":"https:\/\/autoprintmachine.com\/shop\/"},{"@type":"ListItem","position":3,"name":"Servo Driven Flat Screen Printing Machine"}]},{"@type":"WebSite","@id":"https:\/\/autoprintmachine.com\/#website","url":"https:\/\/autoprintmachine.com\/","name":"","description":"","publisher":{"@id":"https:\/\/autoprintmachine.com\/#organization"},"potentialAction":[{"@type":"SearchAction","target":{"@type":"EntryPoint","urlTemplate":"https:\/\/autoprintmachine.com\/?s={search_term_string}"},"query-input":{"@type":"PropertyValueSpecification","valueRequired":true,"valueName":"search_term_string"}}],"inLanguage":"es"},{"@type":"Organization","@id":"https:\/\/autoprintmachine.com\/#organization","name":"Dongguan Auto Print Tech Co., Ltd","url":"https:\/\/autoprintmachine.com\/","logo":{"@type":"ImageObject","inLanguage":"es","@id":"https:\/\/autoprintmachine.com\/#\/schema\/logo\/image\/","url":"https:\/\/autoprintmachine.com\/wp-content\/uploads\/2023\/06\/screen_printing_logo_new.webp","contentUrl":"https:\/\/autoprintmachine.com\/wp-content\/uploads\/2023\/06\/screen_printing_logo_new.webp","width":890,"height":750,"caption":"Dongguan Auto Print Tech Co., Ltd"},"image":{"@id":"https:\/\/autoprintmachine.com\/#\/schema\/logo\/image\/"},"sameAs":["https:\/\/www.facebook.com\/autoprinttech\/","https:\/\/www.youtube.com\/channel\/UCJtPGiBbQWGE2DZLxySpCtw"]}]}},"_links":{"self":[{"href":"https:\/\/autoprintmachine.com\/es\/wp-json\/wp\/v2\/product\/328","targetHints":{"allow":["GET"]}}],"collection":[{"href":"https:\/\/autoprintmachine.com\/es\/wp-json\/wp\/v2\/product"}],"about":[{"href":"https:\/\/autoprintmachine.com\/es\/wp-json\/wp\/v2\/types\/product"}],"wp:featuredmedia":[{"embeddable":true,"href":"https:\/\/autoprintmachine.com\/es\/wp-json\/wp\/v2\/media\/329"}],"wp:attachment":[{"href":"https:\/\/autoprintmachine.com\/es\/wp-json\/wp\/v2\/media?parent=328"}],"wp:term":[{"taxonomy":"product_brand","embeddable":true,"href":"https:\/\/autoprintmachine.com\/es\/wp-json\/wp\/v2\/product_brand?post=328"},{"taxonomy":"product_cat","embeddable":true,"href":"https:\/\/autoprintmachine.com\/es\/wp-json\/wp\/v2\/product_cat?post=328"},{"taxonomy":"product_tag","embeddable":true,"href":"https:\/\/autoprintmachine.com\/es\/wp-json\/wp\/v2\/product_tag?post=328"}],"curies":[{"name":"wp","href":"https:\/\/api.w.org\/{rel}","templated":true}]}}