{"id":339,"date":"2020-08-11T08:45:51","date_gmt":"2020-08-11T08:45:51","guid":{"rendered":"https:\/\/onceauto.seowaimao.com\/?post_type=product&#038;p=339"},"modified":"2026-01-06T08:10:45","modified_gmt":"2026-01-06T08:10:45","slug":"two-color-pad-printing-machine","status":"publish","type":"product","link":"https:\/\/autoprintmachine.com\/es\/maquina-de-tampografia-de-dos-colores\/","title":{"rendered":"M\u00e1quina de tampograf\u00eda de dos colores"},"content":{"rendered":"<p><strong>Introducci\u00f3n:<\/strong><\/p>\n<p>Las impresoras de tamp\u00f3n de dos colores disponen de dos tinteros cerrados con portaclich\u00e9s ajustables en X\/Y\/R para ajustar el \u00e1ngulo, se accionan neum\u00e1ticamente y se controlan mediante una placa de circuito impreso. Las m\u00e1quinas Auto Print de dos colores tambi\u00e9n est\u00e1n disponibles en varias series, que van de la peque\u00f1a a la grande: las series 125, 175 y 250. Estas m\u00e1quinas de la serie de dos colores suelen contar con una lanzadera de piezas y una lanzadera de transporte de tampones, muy utilizadas para la impresi\u00f3n r\u00e1pida en dos colores.<\/p>\n<p><strong>Caracter\u00edsticas est\u00e1ndar:<\/strong><\/p>\n<ol>\n<li>F\u00e1cil manejo mediante panel t\u00e1ctil<\/li>\n<li>Controlado por microprocesador<\/li>\n<li>Componentes neum\u00e1ticos SMC o FESTO<\/li>\n<li>Ajustes de carrera de pad de f\u00e1cil acceso<\/li>\n<li>Inversor neum\u00e1tico de piezas de dos posiciones<\/li>\n<li>Soplador de tamp\u00f3n para tampograf\u00eda bicolor<\/li>\n<li>Mesa de trabajo X\/Y\/R\/Z<\/li>\n<li>Ajuste de clich\u00e9 dual X\/Y\/R<\/li>\n<li>Funcionamiento suave y silencioso de la m\u00e1quina<\/li>\n<\/ol>\n<p><strong>Especificaciones:<\/strong><\/p>\n<table style=\"height: 430px;\" width=\"681\">\n<tbody>\n<tr>\n<td width=\"69\">Modelo<\/td>\n<td width=\"69\">AP-125-2<\/td>\n<td width=\"69\">AP-175-2<\/td>\n<td width=\"69\">AP-250-2<\/td>\n<\/tr>\n<tr>\n<td width=\"69\">Sistema de tinta<\/td>\n<td width=\"69\">Tintero cerrado<\/td>\n<td width=\"69\">Tintero cerrado<\/td>\n<td width=\"69\">Tintero cerrado<\/td>\n<\/tr>\n<tr>\n<td width=\"69\">Tama\u00f1o de la placa<\/td>\n<td width=\"69\">215x100mm<\/td>\n<td width=\"69\">270x130mm<\/td>\n<td width=\"69\">380x190mm<\/td>\n<\/tr>\n<tr>\n<td width=\"69\">Tama\u00f1o del vaso de tinta<\/td>\n<td width=\"69\">DI90xOD100mm<\/td>\n<td width=\"69\">DI120xOD130mm<\/td>\n<td width=\"69\">DI180xOD190mm<\/td>\n<\/tr>\n<tr>\n<td width=\"69\">Capacidad de impresi\u00f3n<\/td>\n<td width=\"69\">1800 piezas<\/td>\n<td width=\"69\">1400 piezas<\/td>\n<td width=\"69\">780 piezas<\/td>\n<\/tr>\n<tr>\n<td width=\"69\">Conducir<\/td>\n<td width=\"69\">Neum\u00e1tico<\/td>\n<td width=\"69\">Neum\u00e1tico<\/td>\n<td width=\"69\">Neum\u00e1tico<\/td>\n<\/tr>\n<tr>\n<td width=\"69\">Fuerza de impresi\u00f3n<\/td>\n<td width=\"69\">629N<\/td>\n<td width=\"69\">982N<\/td>\n<td width=\"69\">3690N<\/td>\n<\/tr>\n<tr>\n<td width=\"69\">Trazo vertical de la almohadilla<\/td>\n<td width=\"69\">75mm<\/td>\n<td width=\"69\">100mm<\/td>\n<td width=\"69\">80mm<\/td>\n<\/tr>\n<tr>\n<td width=\"69\">Requerimiento de aire<\/td>\n<td width=\"69\">5-6 barras<\/td>\n<td width=\"69\">5-6 barras<\/td>\n<td width=\"69\">5-6 barras<\/td>\n<\/tr>\n<tr>\n<td width=\"69\">Sistema de control<\/td>\n<td width=\"69\">placa PCB de 12V<\/td>\n<td width=\"69\">placa PCB de 12V<\/td>\n<td width=\"69\">placa PCB de 12V<\/td>\n<\/tr>\n<tr>\n<td width=\"69\">Voltaje<\/td>\n<td width=\"69\">110V\/220V\/230V 50\/60Hz<\/td>\n<td width=\"69\">110V\/220V\/230V 50\/60Hz<\/td>\n<td width=\"69\">110V\/220V\/230V 50\/60Hz<\/td>\n<\/tr>\n<tr>\n<td width=\"69\">Peso<\/td>\n<td width=\"69\">75 kilos<\/td>\n<td width=\"69\">100 kilos<\/td>\n<td width=\"69\">150 kilos<\/td>\n<\/tr>\n<\/tbody>\n<\/table>","protected":false},"excerpt":{"rendered":"<p>Las m\u00e1quinas de tampograf\u00eda de dos colores Auto Print se dividen en tres series: la serie 125, adecuada para la impresi\u00f3n de piezas de peque\u00f1o tama\u00f1o; la serie 175, adecuada para la impresi\u00f3n de piezas de tama\u00f1o medio; y la serie 250, adecuada para la impresi\u00f3n de piezas de gran tama\u00f1o. Hay dos tipos comunes de m\u00e1quinas de tampograf\u00eda de dos colores Auto Print: una est\u00e1 equipada con una mesa de trabajo de lanzadera, y la otra con una lanzadera de transporte de tamp\u00f3n. Esta m\u00e1quina de tampograf\u00eda de dos colores est\u00e1ndar es de accionamiento neum\u00e1tico, pero tambi\u00e9n ofrecemos otros tipos, como las impresoras de tampograf\u00eda accionadas por servomotor. Tambi\u00e9n ofrecemos kits completos de tampograf\u00eda.<\/p>","protected":false},"featured_media":1368,"template":"","meta":[],"product_cat":[23],"class_list":{"0":"post-339","1":"product","2":"type-product","3":"status-publish","4":"has-post-thumbnail","6":"product_cat-pad-printing-machine","8":"first","9":"instock","10":"shipping-taxable","11":"product-type-simple"},"acf":[],"yoast_head":"<!-- This site is optimized with the Yoast SEO plugin v23.9 - https:\/\/yoast.com\/wordpress\/plugins\/seo\/ -->\n<title>Two Color Pad Printing Machine with High-Quality &amp; Stable Performance.<\/title>\n<meta name=\"description\" content=\"The printers features 2 closed ink can adjustment cliche holders for different angle adjustment, pneumatic driven and PCB board controlled.\" \/>\n<meta name=\"robots\" content=\"index, follow, max-snippet:-1, max-image-preview:large, max-video-preview:-1\" \/>\n<link rel=\"canonical\" href=\"https:\/\/autoprintmachine.com\/es\/maquina-de-tampografia-de-dos-colores\/\" \/>\n<meta property=\"og:locale\" content=\"es_ES\" \/>\n<meta property=\"og:type\" content=\"article\" \/>\n<meta property=\"og:title\" content=\"Two Color Pad Printing Machine with High-Quality &amp; Stable Performance.\" \/>\n<meta property=\"og:description\" content=\"The printers features 2 closed ink can adjustment cliche holders for different angle adjustment, pneumatic driven and PCB board controlled.\" \/>\n<meta property=\"og:url\" content=\"https:\/\/autoprintmachine.com\/es\/maquina-de-tampografia-de-dos-colores\/\" \/>\n<meta property=\"article:publisher\" content=\"https:\/\/www.facebook.com\/autoprinttech\/\" \/>\n<meta property=\"article:modified_time\" content=\"2026-01-06T08:10:45+00:00\" \/>\n<meta property=\"og:image\" content=\"https:\/\/autoprintmachine.com\/wp-content\/uploads\/2022\/03\/175-2.jpg\" \/>\n\t<meta property=\"og:image:width\" content=\"600\" \/>\n\t<meta property=\"og:image:height\" content=\"600\" \/>\n\t<meta property=\"og:image:type\" content=\"image\/jpeg\" \/>\n<meta name=\"twitter:card\" content=\"summary_large_image\" \/>\n<meta name=\"twitter:label1\" content=\"Tiempo de lectura\" \/>\n\t<meta name=\"twitter:data1\" content=\"2 minutos\" \/>\n<script type=\"application\/ld+json\" class=\"yoast-schema-graph\">{\"@context\":\"https:\/\/schema.org\",\"@graph\":[{\"@type\":\"WebPage\",\"@id\":\"https:\/\/autoprintmachine.com\/two-color-pad-printing-machine\/\",\"url\":\"https:\/\/autoprintmachine.com\/two-color-pad-printing-machine\/\",\"name\":\"Two Color Pad Printing Machine with High-Quality & Stable Performance.\",\"isPartOf\":{\"@id\":\"https:\/\/autoprintmachine.com\/#website\"},\"primaryImageOfPage\":{\"@id\":\"https:\/\/autoprintmachine.com\/two-color-pad-printing-machine\/#primaryimage\"},\"image\":{\"@id\":\"https:\/\/autoprintmachine.com\/two-color-pad-printing-machine\/#primaryimage\"},\"thumbnailUrl\":\"https:\/\/autoprintmachine.com\/wp-content\/uploads\/2022\/03\/175-2.jpg\",\"datePublished\":\"2020-08-11T08:45:51+00:00\",\"dateModified\":\"2026-01-06T08:10:45+00:00\",\"description\":\"The printers features 2 closed ink can adjustment cliche holders for different angle adjustment, pneumatic driven and PCB board controlled.\",\"breadcrumb\":{\"@id\":\"https:\/\/autoprintmachine.com\/two-color-pad-printing-machine\/#breadcrumb\"},\"inLanguage\":\"es\",\"potentialAction\":[{\"@type\":\"ReadAction\",\"target\":[\"https:\/\/autoprintmachine.com\/two-color-pad-printing-machine\/\"]}]},{\"@type\":\"ImageObject\",\"inLanguage\":\"es\",\"@id\":\"https:\/\/autoprintmachine.com\/two-color-pad-printing-machine\/#primaryimage\",\"url\":\"https:\/\/autoprintmachine.com\/wp-content\/uploads\/2022\/03\/175-2.jpg\",\"contentUrl\":\"https:\/\/autoprintmachine.com\/wp-content\/uploads\/2022\/03\/175-2.jpg\",\"width\":600,\"height\":600,\"caption\":\"175 2\"},{\"@type\":\"BreadcrumbList\",\"@id\":\"https:\/\/autoprintmachine.com\/two-color-pad-printing-machine\/#breadcrumb\",\"itemListElement\":[{\"@type\":\"ListItem\",\"position\":1,\"name\":\"Home\",\"item\":\"https:\/\/autoprintmachine.com\/\"},{\"@type\":\"ListItem\",\"position\":2,\"name\":\"Products\",\"item\":\"https:\/\/autoprintmachine.com\/shop\/\"},{\"@type\":\"ListItem\",\"position\":3,\"name\":\"Two Color Pad Printing Machine\"}]},{\"@type\":\"WebSite\",\"@id\":\"https:\/\/autoprintmachine.com\/#website\",\"url\":\"https:\/\/autoprintmachine.com\/\",\"name\":\"\",\"description\":\"\",\"publisher\":{\"@id\":\"https:\/\/autoprintmachine.com\/#organization\"},\"potentialAction\":[{\"@type\":\"SearchAction\",\"target\":{\"@type\":\"EntryPoint\",\"urlTemplate\":\"https:\/\/autoprintmachine.com\/?s={search_term_string}\"},\"query-input\":{\"@type\":\"PropertyValueSpecification\",\"valueRequired\":true,\"valueName\":\"search_term_string\"}}],\"inLanguage\":\"es\"},{\"@type\":\"Organization\",\"@id\":\"https:\/\/autoprintmachine.com\/#organization\",\"name\":\"Dongguan Auto Print Tech Co., Ltd\",\"url\":\"https:\/\/autoprintmachine.com\/\",\"logo\":{\"@type\":\"ImageObject\",\"inLanguage\":\"es\",\"@id\":\"https:\/\/autoprintmachine.com\/#\/schema\/logo\/image\/\",\"url\":\"https:\/\/autoprintmachine.com\/wp-content\/uploads\/2023\/06\/screen_printing_logo_new.webp\",\"contentUrl\":\"https:\/\/autoprintmachine.com\/wp-content\/uploads\/2023\/06\/screen_printing_logo_new.webp\",\"width\":890,\"height\":750,\"caption\":\"Dongguan Auto Print Tech Co., Ltd\"},\"image\":{\"@id\":\"https:\/\/autoprintmachine.com\/#\/schema\/logo\/image\/\"},\"sameAs\":[\"https:\/\/www.facebook.com\/autoprinttech\/\",\"https:\/\/www.youtube.com\/channel\/UCJtPGiBbQWGE2DZLxySpCtw\"]}]}<\/script>\n<!-- \/ Yoast SEO plugin. -->","yoast_head_json":{"title":"Two Color Pad Printing Machine with High-Quality & Stable Performance.","description":"The printers features 2 closed ink can adjustment cliche holders for different angle adjustment, pneumatic driven and PCB board controlled.","robots":{"index":"index","follow":"follow","max-snippet":"max-snippet:-1","max-image-preview":"max-image-preview:large","max-video-preview":"max-video-preview:-1"},"canonical":"https:\/\/autoprintmachine.com\/es\/maquina-de-tampografia-de-dos-colores\/","og_locale":"es_ES","og_type":"article","og_title":"Two Color Pad Printing Machine with High-Quality & Stable Performance.","og_description":"The printers features 2 closed ink can adjustment cliche holders for different angle adjustment, pneumatic driven and PCB board controlled.","og_url":"https:\/\/autoprintmachine.com\/es\/maquina-de-tampografia-de-dos-colores\/","article_publisher":"https:\/\/www.facebook.com\/autoprinttech\/","article_modified_time":"2026-01-06T08:10:45+00:00","og_image":[{"width":600,"height":600,"url":"https:\/\/autoprintmachine.com\/wp-content\/uploads\/2022\/03\/175-2.jpg","type":"image\/jpeg"}],"twitter_card":"summary_large_image","twitter_misc":{"Tiempo de lectura":"2 minutos"},"schema":{"@context":"https:\/\/schema.org","@graph":[{"@type":"WebPage","@id":"https:\/\/autoprintmachine.com\/two-color-pad-printing-machine\/","url":"https:\/\/autoprintmachine.com\/two-color-pad-printing-machine\/","name":"Two Color Pad Printing Machine with High-Quality & Stable Performance.","isPartOf":{"@id":"https:\/\/autoprintmachine.com\/#website"},"primaryImageOfPage":{"@id":"https:\/\/autoprintmachine.com\/two-color-pad-printing-machine\/#primaryimage"},"image":{"@id":"https:\/\/autoprintmachine.com\/two-color-pad-printing-machine\/#primaryimage"},"thumbnailUrl":"https:\/\/autoprintmachine.com\/wp-content\/uploads\/2022\/03\/175-2.jpg","datePublished":"2020-08-11T08:45:51+00:00","dateModified":"2026-01-06T08:10:45+00:00","description":"The printers features 2 closed ink can adjustment cliche holders for different angle adjustment, pneumatic driven and PCB board controlled.","breadcrumb":{"@id":"https:\/\/autoprintmachine.com\/two-color-pad-printing-machine\/#breadcrumb"},"inLanguage":"es","potentialAction":[{"@type":"ReadAction","target":["https:\/\/autoprintmachine.com\/two-color-pad-printing-machine\/"]}]},{"@type":"ImageObject","inLanguage":"es","@id":"https:\/\/autoprintmachine.com\/two-color-pad-printing-machine\/#primaryimage","url":"https:\/\/autoprintmachine.com\/wp-content\/uploads\/2022\/03\/175-2.jpg","contentUrl":"https:\/\/autoprintmachine.com\/wp-content\/uploads\/2022\/03\/175-2.jpg","width":600,"height":600,"caption":"175 2"},{"@type":"BreadcrumbList","@id":"https:\/\/autoprintmachine.com\/two-color-pad-printing-machine\/#breadcrumb","itemListElement":[{"@type":"ListItem","position":1,"name":"Home","item":"https:\/\/autoprintmachine.com\/"},{"@type":"ListItem","position":2,"name":"Products","item":"https:\/\/autoprintmachine.com\/shop\/"},{"@type":"ListItem","position":3,"name":"Two Color Pad Printing Machine"}]},{"@type":"WebSite","@id":"https:\/\/autoprintmachine.com\/#website","url":"https:\/\/autoprintmachine.com\/","name":"","description":"","publisher":{"@id":"https:\/\/autoprintmachine.com\/#organization"},"potentialAction":[{"@type":"SearchAction","target":{"@type":"EntryPoint","urlTemplate":"https:\/\/autoprintmachine.com\/?s={search_term_string}"},"query-input":{"@type":"PropertyValueSpecification","valueRequired":true,"valueName":"search_term_string"}}],"inLanguage":"es"},{"@type":"Organization","@id":"https:\/\/autoprintmachine.com\/#organization","name":"Dongguan Auto Print Tech Co., Ltd","url":"https:\/\/autoprintmachine.com\/","logo":{"@type":"ImageObject","inLanguage":"es","@id":"https:\/\/autoprintmachine.com\/#\/schema\/logo\/image\/","url":"https:\/\/autoprintmachine.com\/wp-content\/uploads\/2023\/06\/screen_printing_logo_new.webp","contentUrl":"https:\/\/autoprintmachine.com\/wp-content\/uploads\/2023\/06\/screen_printing_logo_new.webp","width":890,"height":750,"caption":"Dongguan Auto Print Tech Co., Ltd"},"image":{"@id":"https:\/\/autoprintmachine.com\/#\/schema\/logo\/image\/"},"sameAs":["https:\/\/www.facebook.com\/autoprinttech\/","https:\/\/www.youtube.com\/channel\/UCJtPGiBbQWGE2DZLxySpCtw"]}]}},"_links":{"self":[{"href":"https:\/\/autoprintmachine.com\/es\/wp-json\/wp\/v2\/product\/339","targetHints":{"allow":["GET"]}}],"collection":[{"href":"https:\/\/autoprintmachine.com\/es\/wp-json\/wp\/v2\/product"}],"about":[{"href":"https:\/\/autoprintmachine.com\/es\/wp-json\/wp\/v2\/types\/product"}],"wp:featuredmedia":[{"embeddable":true,"href":"https:\/\/autoprintmachine.com\/es\/wp-json\/wp\/v2\/media\/1368"}],"wp:attachment":[{"href":"https:\/\/autoprintmachine.com\/es\/wp-json\/wp\/v2\/media?parent=339"}],"wp:term":[{"taxonomy":"product_cat","embeddable":true,"href":"https:\/\/autoprintmachine.com\/es\/wp-json\/wp\/v2\/product_cat?post=339"}],"curies":[{"name":"wp","href":"https:\/\/api.w.org\/{rel}","templated":true}]}}