{"id":348,"date":"2020-08-12T03:06:31","date_gmt":"2020-08-12T03:06:31","guid":{"rendered":"https:\/\/onceauto.seowaimao.com\/?post_type=product&#038;p=348"},"modified":"2026-01-06T05:32:17","modified_gmt":"2026-01-06T05:32:17","slug":"independent-pad-stroke-five-color-pad-printing-machine","status":"publish","type":"product","link":"https:\/\/autoprintmachine.com\/es\/maquina-de-tampografia-de-cinco-colores-con-trazo-de-almohadilla-independiente\/","title":{"rendered":"M\u00e1quina de impresi\u00f3n de cinco colores con carrera de almohadilla independiente"},"content":{"rendered":"<p><strong>Introducci\u00f3n:<\/strong><\/p>\n<p><strong>AP-250-5IP<\/strong> La m\u00e1quina de impresi\u00f3n por tampograf\u00eda independiente de cinco colores est\u00e1 equipada con una parte delantera\/posterior accionada por servo y un transbordador parcial para imprimir de 1 a 5 colores.<\/p>\n<p>La m\u00e1quina de tampograf\u00eda independiente dispone de un panel de control con pantalla t\u00e1ctil programable, desde el que se pueden programar f\u00e1cilmente todas las funciones.<\/p>\n<p><strong>El AP-250-5IP<\/strong> viene con una s\u00f3lida base de m\u00e1quina de acero soldado para garantizar un funcionamiento suave y sin vibraciones.<\/p>\n<p><strong>AP-250-5IP<\/strong> La m\u00e1quina de tampograf\u00eda independiente est\u00e1 equipada con cinco clich\u00e9s y tinteros ajustables. El tama\u00f1o del tintero puede ser de 90 mm o 120 mm, con cinco portaclich\u00e9s ajustables X\/Y\/R individuales para alinear con precisi\u00f3n las obras de arte.<\/p>\n<p><strong>Ventajas:\u00a0<\/strong><\/p>\n<ul>\n<li>PLC y pantalla t\u00e1ctil controlan todos los movimientos<\/li>\n<li>Lanzadera de piezas accionada por servomotor programable para una precisi\u00f3n extrema<\/li>\n<li>Carrera de adelante hacia atr\u00e1s impulsada por servomotor para una carrera de trabajo programable<\/li>\n<li>Trazo de impresi\u00f3n independiente ajustable<\/li>\n<li>Dispositivo de limpieza autom\u00e1tica de almohadillas de cinta<\/li>\n<li>Tama\u00f1o de placa intercambiable 100x250 mm o 100x300 mm<\/li>\n<li>Protecci\u00f3n de seguridad instalada<\/li>\n<\/ul>\n<p><strong>Especificaciones:<\/strong><\/p>\n<table style=\"height: 567px;\" width=\"696\">\n<tbody>\n<tr>\n<td width=\"69\">Modelo<\/td>\n<td width=\"69\">AP-250-5IP<\/td>\n<td width=\"69\">AP-250-6IP<\/td>\n<\/tr>\n<tr>\n<td width=\"69\">Sistema de tinta<\/td>\n<td width=\"69\">Tintero cerrado<\/td>\n<td width=\"69\">Tintero cerrado<\/td>\n<\/tr>\n<tr>\n<td width=\"69\">Tama\u00f1o de la placa<\/td>\n<td width=\"69\">250x100mm o 300x100mm<\/td>\n<td width=\"69\">250x100mm o 300x100mm<\/td>\n<\/tr>\n<tr>\n<td width=\"69\">Tama\u00f1o del vaso de tinta<\/td>\n<td width=\"69\">DI90xOD100mm<\/td>\n<td width=\"69\">DI90xOD100mm<\/td>\n<\/tr>\n<tr>\n<td width=\"69\">Capacidad de impresi\u00f3n<\/td>\n<td width=\"69\">150-200 piezas<\/td>\n<td width=\"69\">150-200 piezas<\/td>\n<\/tr>\n<tr>\n<td width=\"69\">Trazo frontal y posterior<\/td>\n<td width=\"69\">Impulsado por servo<\/td>\n<td width=\"69\">Impulsado por servo<\/td>\n<\/tr>\n<tr>\n<td width=\"69\">Lanzadera parcial<\/td>\n<td width=\"69\">Impulsado por servo<\/td>\n<td width=\"69\">Impulsado por servo<\/td>\n<\/tr>\n<tr>\n<td width=\"69\">Trazo vertical de la almohadilla<\/td>\n<td width=\"69\">Cilindro de aire independiente<\/td>\n<td width=\"69\">Cilindro de aire independiente<\/td>\n<\/tr>\n<tr>\n<td width=\"69\">Requerimiento de aire<\/td>\n<td width=\"69\">5-6 barras<\/td>\n<td width=\"69\">5-6 barras<\/td>\n<\/tr>\n<tr>\n<td width=\"69\">Sistema de control<\/td>\n<td width=\"69\">PLC y pantalla t\u00e1ctil<\/td>\n<td width=\"69\">PLC y pantalla t\u00e1ctil<\/td>\n<\/tr>\n<tr>\n<td width=\"69\">Voltaje<\/td>\n<td width=\"69\">110V\/220V\/230V 50\/60Hz<\/td>\n<td width=\"69\">110V\/220V\/230V 50\/60Hz<\/td>\n<\/tr>\n<tr>\n<td width=\"69\">Dimensiones<\/td>\n<td width=\"69\">1050x1200x1750mm<\/td>\n<td width=\"69\">\u00a01050x1200x1750mm<\/td>\n<\/tr>\n<\/tbody>\n<\/table>","protected":false},"excerpt":{"rendered":"<p>La AP-250-5IP es una m\u00e1quina de tampograf\u00eda de cinco colores con carrera de tamp\u00f3n independiente; cada carrera de impresi\u00f3n de tamp\u00f3n es ajustable para diferentes requisitos de impresi\u00f3n. La lanzadera de piezas se acciona mediante un servomotor programable para obtener una impresi\u00f3n precisa y un registro de color a color. Todas las funciones se controlan f\u00e1cilmente a trav\u00e9s de la pantalla t\u00e1ctil. El sistema de limpieza de la cinta reduce la carga de trabajo del operario y garantiza una impresi\u00f3n de alta calidad. Puede configurarse como m\u00e1quina de 4 a 6 colores.<\/p>","protected":false},"featured_media":1364,"template":"","meta":[],"product_cat":[23],"class_list":{"0":"post-348","1":"product","2":"type-product","3":"status-publish","4":"has-post-thumbnail","6":"product_cat-pad-printing-machine","8":"first","9":"instock","10":"shipping-taxable","11":"product-type-simple"},"acf":[],"yoast_head":"<!-- This site is optimized with the Yoast SEO plugin v23.9 - https:\/\/yoast.com\/wordpress\/plugins\/seo\/ -->\n<title>5 Color Pad Printer with Independent Pad Stroke and Servo Shuttle<\/title>\n<meta name=\"description\" content=\"The 5 color pad printing machine features with independent pad stroke, servo shuttle work table for accurate printing.\" \/>\n<meta name=\"robots\" content=\"index, follow, max-snippet:-1, max-image-preview:large, max-video-preview:-1\" \/>\n<link rel=\"canonical\" href=\"https:\/\/autoprintmachine.com\/es\/maquina-de-tampografia-de-cinco-colores-con-trazo-de-almohadilla-independiente\/\" \/>\n<meta property=\"og:locale\" content=\"es_ES\" \/>\n<meta property=\"og:type\" content=\"article\" \/>\n<meta property=\"og:title\" content=\"5 Color Pad Printer with Independent Pad Stroke and Servo Shuttle\" \/>\n<meta property=\"og:description\" content=\"The 5 color pad printing machine features with independent pad stroke, servo shuttle work table for accurate printing.\" \/>\n<meta property=\"og:url\" content=\"https:\/\/autoprintmachine.com\/es\/maquina-de-tampografia-de-cinco-colores-con-trazo-de-almohadilla-independiente\/\" \/>\n<meta property=\"article:publisher\" content=\"https:\/\/www.facebook.com\/autoprinttech\/\" \/>\n<meta property=\"article:modified_time\" content=\"2026-01-06T05:32:17+00:00\" \/>\n<meta property=\"og:image\" content=\"https:\/\/autoprintmachine.com\/wp-content\/uploads\/2022\/03\/250-5.jpg\" \/>\n\t<meta property=\"og:image:width\" content=\"600\" \/>\n\t<meta property=\"og:image:height\" content=\"600\" \/>\n\t<meta property=\"og:image:type\" content=\"image\/jpeg\" \/>\n<meta name=\"twitter:card\" content=\"summary_large_image\" \/>\n<meta name=\"twitter:label1\" content=\"Tiempo de lectura\" \/>\n\t<meta name=\"twitter:data1\" content=\"2 minutos\" \/>\n<script type=\"application\/ld+json\" class=\"yoast-schema-graph\">{\"@context\":\"https:\/\/schema.org\",\"@graph\":[{\"@type\":\"WebPage\",\"@id\":\"https:\/\/autoprintmachine.com\/independent-pad-stroke-five-color-pad-printing-machine\/\",\"url\":\"https:\/\/autoprintmachine.com\/independent-pad-stroke-five-color-pad-printing-machine\/\",\"name\":\"5 Color Pad Printer with Independent Pad Stroke and Servo Shuttle\",\"isPartOf\":{\"@id\":\"https:\/\/autoprintmachine.com\/#website\"},\"primaryImageOfPage\":{\"@id\":\"https:\/\/autoprintmachine.com\/independent-pad-stroke-five-color-pad-printing-machine\/#primaryimage\"},\"image\":{\"@id\":\"https:\/\/autoprintmachine.com\/independent-pad-stroke-five-color-pad-printing-machine\/#primaryimage\"},\"thumbnailUrl\":\"https:\/\/autoprintmachine.com\/wp-content\/uploads\/2022\/03\/250-5.jpg\",\"datePublished\":\"2020-08-12T03:06:31+00:00\",\"dateModified\":\"2026-01-06T05:32:17+00:00\",\"description\":\"The 5 color pad printing machine features with independent pad stroke, servo shuttle work table for accurate printing.\",\"breadcrumb\":{\"@id\":\"https:\/\/autoprintmachine.com\/independent-pad-stroke-five-color-pad-printing-machine\/#breadcrumb\"},\"inLanguage\":\"es\",\"potentialAction\":[{\"@type\":\"ReadAction\",\"target\":[\"https:\/\/autoprintmachine.com\/independent-pad-stroke-five-color-pad-printing-machine\/\"]}]},{\"@type\":\"ImageObject\",\"inLanguage\":\"es\",\"@id\":\"https:\/\/autoprintmachine.com\/independent-pad-stroke-five-color-pad-printing-machine\/#primaryimage\",\"url\":\"https:\/\/autoprintmachine.com\/wp-content\/uploads\/2022\/03\/250-5.jpg\",\"contentUrl\":\"https:\/\/autoprintmachine.com\/wp-content\/uploads\/2022\/03\/250-5.jpg\",\"width\":600,\"height\":600,\"caption\":\"250 5\"},{\"@type\":\"BreadcrumbList\",\"@id\":\"https:\/\/autoprintmachine.com\/independent-pad-stroke-five-color-pad-printing-machine\/#breadcrumb\",\"itemListElement\":[{\"@type\":\"ListItem\",\"position\":1,\"name\":\"Home\",\"item\":\"https:\/\/autoprintmachine.com\/\"},{\"@type\":\"ListItem\",\"position\":2,\"name\":\"Products\",\"item\":\"https:\/\/autoprintmachine.com\/shop\/\"},{\"@type\":\"ListItem\",\"position\":3,\"name\":\"Independent Pad Stroke Five Color Printing Machine\"}]},{\"@type\":\"WebSite\",\"@id\":\"https:\/\/autoprintmachine.com\/#website\",\"url\":\"https:\/\/autoprintmachine.com\/\",\"name\":\"\",\"description\":\"\",\"publisher\":{\"@id\":\"https:\/\/autoprintmachine.com\/#organization\"},\"potentialAction\":[{\"@type\":\"SearchAction\",\"target\":{\"@type\":\"EntryPoint\",\"urlTemplate\":\"https:\/\/autoprintmachine.com\/?s={search_term_string}\"},\"query-input\":{\"@type\":\"PropertyValueSpecification\",\"valueRequired\":true,\"valueName\":\"search_term_string\"}}],\"inLanguage\":\"es\"},{\"@type\":\"Organization\",\"@id\":\"https:\/\/autoprintmachine.com\/#organization\",\"name\":\"Dongguan Auto Print Tech Co., Ltd\",\"url\":\"https:\/\/autoprintmachine.com\/\",\"logo\":{\"@type\":\"ImageObject\",\"inLanguage\":\"es\",\"@id\":\"https:\/\/autoprintmachine.com\/#\/schema\/logo\/image\/\",\"url\":\"https:\/\/autoprintmachine.com\/wp-content\/uploads\/2023\/06\/screen_printing_logo_new.webp\",\"contentUrl\":\"https:\/\/autoprintmachine.com\/wp-content\/uploads\/2023\/06\/screen_printing_logo_new.webp\",\"width\":890,\"height\":750,\"caption\":\"Dongguan Auto Print Tech Co., Ltd\"},\"image\":{\"@id\":\"https:\/\/autoprintmachine.com\/#\/schema\/logo\/image\/\"},\"sameAs\":[\"https:\/\/www.facebook.com\/autoprinttech\/\",\"https:\/\/www.youtube.com\/channel\/UCJtPGiBbQWGE2DZLxySpCtw\"]}]}<\/script>\n<!-- \/ Yoast SEO plugin. -->","yoast_head_json":{"title":"5 Color Pad Printer with Independent Pad Stroke and Servo Shuttle","description":"The 5 color pad printing machine features with independent pad stroke, servo shuttle work table for accurate printing.","robots":{"index":"index","follow":"follow","max-snippet":"max-snippet:-1","max-image-preview":"max-image-preview:large","max-video-preview":"max-video-preview:-1"},"canonical":"https:\/\/autoprintmachine.com\/es\/maquina-de-tampografia-de-cinco-colores-con-trazo-de-almohadilla-independiente\/","og_locale":"es_ES","og_type":"article","og_title":"5 Color Pad Printer with Independent Pad Stroke and Servo Shuttle","og_description":"The 5 color pad printing machine features with independent pad stroke, servo shuttle work table for accurate printing.","og_url":"https:\/\/autoprintmachine.com\/es\/maquina-de-tampografia-de-cinco-colores-con-trazo-de-almohadilla-independiente\/","article_publisher":"https:\/\/www.facebook.com\/autoprinttech\/","article_modified_time":"2026-01-06T05:32:17+00:00","og_image":[{"width":600,"height":600,"url":"https:\/\/autoprintmachine.com\/wp-content\/uploads\/2022\/03\/250-5.jpg","type":"image\/jpeg"}],"twitter_card":"summary_large_image","twitter_misc":{"Tiempo de lectura":"2 minutos"},"schema":{"@context":"https:\/\/schema.org","@graph":[{"@type":"WebPage","@id":"https:\/\/autoprintmachine.com\/independent-pad-stroke-five-color-pad-printing-machine\/","url":"https:\/\/autoprintmachine.com\/independent-pad-stroke-five-color-pad-printing-machine\/","name":"5 Color Pad Printer with Independent Pad Stroke and Servo Shuttle","isPartOf":{"@id":"https:\/\/autoprintmachine.com\/#website"},"primaryImageOfPage":{"@id":"https:\/\/autoprintmachine.com\/independent-pad-stroke-five-color-pad-printing-machine\/#primaryimage"},"image":{"@id":"https:\/\/autoprintmachine.com\/independent-pad-stroke-five-color-pad-printing-machine\/#primaryimage"},"thumbnailUrl":"https:\/\/autoprintmachine.com\/wp-content\/uploads\/2022\/03\/250-5.jpg","datePublished":"2020-08-12T03:06:31+00:00","dateModified":"2026-01-06T05:32:17+00:00","description":"The 5 color pad printing machine features with independent pad stroke, servo shuttle work table for accurate printing.","breadcrumb":{"@id":"https:\/\/autoprintmachine.com\/independent-pad-stroke-five-color-pad-printing-machine\/#breadcrumb"},"inLanguage":"es","potentialAction":[{"@type":"ReadAction","target":["https:\/\/autoprintmachine.com\/independent-pad-stroke-five-color-pad-printing-machine\/"]}]},{"@type":"ImageObject","inLanguage":"es","@id":"https:\/\/autoprintmachine.com\/independent-pad-stroke-five-color-pad-printing-machine\/#primaryimage","url":"https:\/\/autoprintmachine.com\/wp-content\/uploads\/2022\/03\/250-5.jpg","contentUrl":"https:\/\/autoprintmachine.com\/wp-content\/uploads\/2022\/03\/250-5.jpg","width":600,"height":600,"caption":"250 5"},{"@type":"BreadcrumbList","@id":"https:\/\/autoprintmachine.com\/independent-pad-stroke-five-color-pad-printing-machine\/#breadcrumb","itemListElement":[{"@type":"ListItem","position":1,"name":"Home","item":"https:\/\/autoprintmachine.com\/"},{"@type":"ListItem","position":2,"name":"Products","item":"https:\/\/autoprintmachine.com\/shop\/"},{"@type":"ListItem","position":3,"name":"Independent Pad Stroke Five Color Printing Machine"}]},{"@type":"WebSite","@id":"https:\/\/autoprintmachine.com\/#website","url":"https:\/\/autoprintmachine.com\/","name":"","description":"","publisher":{"@id":"https:\/\/autoprintmachine.com\/#organization"},"potentialAction":[{"@type":"SearchAction","target":{"@type":"EntryPoint","urlTemplate":"https:\/\/autoprintmachine.com\/?s={search_term_string}"},"query-input":{"@type":"PropertyValueSpecification","valueRequired":true,"valueName":"search_term_string"}}],"inLanguage":"es"},{"@type":"Organization","@id":"https:\/\/autoprintmachine.com\/#organization","name":"Dongguan Auto Print Tech Co., Ltd","url":"https:\/\/autoprintmachine.com\/","logo":{"@type":"ImageObject","inLanguage":"es","@id":"https:\/\/autoprintmachine.com\/#\/schema\/logo\/image\/","url":"https:\/\/autoprintmachine.com\/wp-content\/uploads\/2023\/06\/screen_printing_logo_new.webp","contentUrl":"https:\/\/autoprintmachine.com\/wp-content\/uploads\/2023\/06\/screen_printing_logo_new.webp","width":890,"height":750,"caption":"Dongguan Auto Print Tech Co., Ltd"},"image":{"@id":"https:\/\/autoprintmachine.com\/#\/schema\/logo\/image\/"},"sameAs":["https:\/\/www.facebook.com\/autoprinttech\/","https:\/\/www.youtube.com\/channel\/UCJtPGiBbQWGE2DZLxySpCtw"]}]}},"_links":{"self":[{"href":"https:\/\/autoprintmachine.com\/es\/wp-json\/wp\/v2\/product\/348","targetHints":{"allow":["GET"]}}],"collection":[{"href":"https:\/\/autoprintmachine.com\/es\/wp-json\/wp\/v2\/product"}],"about":[{"href":"https:\/\/autoprintmachine.com\/es\/wp-json\/wp\/v2\/types\/product"}],"wp:featuredmedia":[{"embeddable":true,"href":"https:\/\/autoprintmachine.com\/es\/wp-json\/wp\/v2\/media\/1364"}],"wp:attachment":[{"href":"https:\/\/autoprintmachine.com\/es\/wp-json\/wp\/v2\/media?parent=348"}],"wp:term":[{"taxonomy":"product_cat","embeddable":true,"href":"https:\/\/autoprintmachine.com\/es\/wp-json\/wp\/v2\/product_cat?post=348"}],"curies":[{"name":"wp","href":"https:\/\/api.w.org\/{rel}","templated":true}]}}