{"id":355,"date":"2020-08-12T07:28:45","date_gmt":"2020-08-12T07:28:45","guid":{"rendered":"https:\/\/onceauto.seowaimao.com\/?post_type=product&#038;p=355"},"modified":"2025-12-30T01:37:20","modified_gmt":"2025-12-30T01:37:20","slug":"1-to-6-color-automatic-uv-bottle-screen-printing-machine","status":"publish","type":"product","link":"https:\/\/autoprintmachine.com\/es\/maquina-de-serigrafia-automatica-de-botellas-uv-de-1-a-6-colores\/","title":{"rendered":"M\u00e1quina de serigraf\u00eda de botellas UV autom\u00e1tica de 1 a 6 colores"},"content":{"rendered":"<section class=\"section\" id=\"section_1958368087\">\n\t\t<div class=\"section-bg fill\" >\n\t\t\t\t\t\t\t\t\t\n\t\t\t\n\n\t\t<\/div>\n\n\t\t\n\n\t\t<div class=\"section-content relative\">\n\t\t\t\n<div class=\"row\"  id=\"row-1747113523\">\n\n\t<div id=\"col-1177425113\" class=\"col small-12 large-12\"  >\n\t\t\t\t<div class=\"col-inner\"  >\n\t\t\t\n\t\t\t\n<h2>Vea nuestra M\u00e1quina impresora UV autom\u00e1tica de botellas de 1 a 6 colores<\/h2>\n<hr \/>\n<h2><\/h2>\n<div class=\"row\"  id=\"row-1299032062\">\n\n\t<div id=\"col-1895759971\" class=\"col medium-10 small-12 large-10\"  >\n\t\t\t\t<div class=\"col-inner\"  >\n\t\t\t\n\t\t\t\n<div class=\"video video-fit mb\" style=\"padding-top:56.25%;\"><p><iframe loading=\"lazy\" title=\"M\u00e1quina impresora de serigraf\u00eda redonda:AP-100 con sistema UV LED\" width=\"1020\" height=\"574\" src=\"https:\/\/www.youtube.com\/embed\/b0R1PvPROp0?feature=oembed\" frameborder=\"0\" allow=\"accelerometer; autoplay; clipboard-write; encrypted-media; gyroscope; picture-in-picture; web-share\" referrerpolicy=\"strict-origin-when-cross-origin\" allowfullscreen><\/iframe><\/p>\n<\/div>\n\t\t<\/div>\n\t\t\t\t\t<\/div>\n\n\t\n<\/div>\n\t\t<\/div>\n\t\t\t\t\t<\/div>\n\n\t\n\n\t<div id=\"col-2068918523\" class=\"col small-12 large-12\"  >\n\t\t\t\t<div class=\"col-inner\"  >\n\t\t\t\n\t\t\t\n<h2>Introducci\u00f3n a la m\u00e1quina de serigraf\u00eda UV:<\/h2>\n<p>La m\u00e1quina impresora serigr\u00e1fica UV autom\u00e1tica para botellas serie AP-100 es del tipo de accionamiento mec\u00e1nico. Utiliza el control de motor AC y el sistema lineal de viga m\u00f3vil. Y esta impresora UV para botellas puede transportar botellas con un registro de color a color de alta precisi\u00f3n. Cuando la botella es cargada en la m\u00e1quina, puede ser autom\u00e1ticamente tratada con llama, serigrafiada y curada con UV. La velocidad m\u00e1xima de impresi\u00f3n de esta l\u00ednea de serigraf\u00eda autom\u00e1tica puede alcanzar las 70 piezas por minuto.<\/p>\n<p>La impresora serigr\u00e1fica autom\u00e1tica de la serie AP-100 es muy adecuada para diferentes formas. Incluyendo formas redondas, ovaladas y cuadradas. Los materiales del contenedor pueden ser pl\u00e1stico, vidrio, metal, etc.<\/p>\n<h2>Caracter\u00edsticas de la m\u00e1quina de impresi\u00f3n UV:<\/h2>\n<ol>\n<li>Prensa de serigraf\u00eda UV autom\u00e1tica de 1 a 6 colores<\/li>\n<li>Velocidades de impresi\u00f3n de hasta 70 botellas por minuto<\/li>\n<li>Impresiones en contenedores redondos y ovalados.<\/li>\n<li>Viga de desplazamiento mec\u00e1nica indexada<\/li>\n<li>motor principal de italia<\/li>\n<li>Sistema electr\u00f3nico UV<\/li>\n<li>PLC Omron con control por pantalla t\u00e1ctil<\/li>\n<li>Tratamiento de llama y soplado antiest\u00e1tico integrado<\/li>\n<\/ol>\n<h2>Especificaciones de la impresora de botellas UV:<\/h2>\n<table width=\"560\">\n<tbody>\n<tr>\n<td colspan=\"2\" width=\"275\">ESPECIFICACIONES DE LA M\u00c1QUINA<\/td>\n<td width=\"285\">Serie AP-100<\/td>\n<\/tr>\n<tr>\n<td colspan=\"2\" width=\"275\">Tama\u00f1o del contenedor redondo:<\/td>\n<td width=\"285\">Di\u00e1metro: \u00d810-100mm, Altura: 30-260mm<\/td>\n<\/tr>\n<tr>\n<td colspan=\"2\" width=\"275\">Contenedor redondo m\u00e1x. \u00e1rea de impresi\u00f3n:<\/td>\n<td width=\"285\">Largo 260 x ancho 220 mm<\/td>\n<\/tr>\n<tr>\n<td colspan=\"2\" width=\"275\">Tama\u00f1o del recipiente ovalado:<\/td>\n<td width=\"285\">R: 10-250 mm, Altura: 30-260 mm<\/td>\n<\/tr>\n<tr>\n<td colspan=\"2\" width=\"275\">Contenedor ovalado m\u00e1x. \u00e1rea de impresi\u00f3n:<\/td>\n<td width=\"285\">Largo 120 x Ancho 220 mm<\/td>\n<\/tr>\n<tr>\n<td colspan=\"2\" width=\"275\">Capacidad de impresi\u00f3n:<\/td>\n<td width=\"285\">Hasta 70 unidades\/min<\/td>\n<\/tr>\n<tr>\n<td colspan=\"2\" width=\"275\">Potencia de la l\u00e1mpara UV:<\/td>\n<td width=\"285\">5 kilovatios<\/td>\n<\/tr>\n<tr>\n<td colspan=\"2\" width=\"275\">Conducir:<\/td>\n<td width=\"285\">Impulsado mec\u00e1nicamente<\/td>\n<\/tr>\n<tr>\n<td colspan=\"2\" width=\"275\">El\u00e9ctrico:<\/td>\n<td width=\"285\">380V\/480V trif\u00e1sico 50\/60Hz<\/td>\n<\/tr>\n<tr>\n<td colspan=\"2\" width=\"275\">Requerimiento de aire:<\/td>\n<td width=\"285\">5-7 barras<\/td>\n<\/tr>\n<tr>\n<td colspan=\"2\" width=\"275\">El consumo de energ\u00eda:<\/td>\n<td width=\"285\">5,4 KW\/UNIDAD<\/td>\n<\/tr>\n<tr>\n<td colspan=\"2\" width=\"275\">Peso:<\/td>\n<td width=\"285\">1600 kilos<\/td>\n<\/tr>\n<\/tbody>\n<\/table>\n\t\t<\/div>\n\t\t\t\t\t<\/div>\n\n\t\n<\/div>\n\t\t<\/div>\n\n\t\t\n<style>\n#section_1958368087 {\n  padding-top: 30px;\n  padding-bottom: 30px;\n}\n<\/style>\n\t<\/section>","protected":false},"excerpt":{"rendered":"<p>La m\u00e1quina de serigraf\u00eda UV autom\u00e1tica serie AP-100 es una l\u00ednea de serigraf\u00eda autom\u00e1tica completa de 1 a 6 colores que incluye tratamiento de llama, serigraf\u00eda y curado UV. Esta l\u00ednea de serigraf\u00eda est\u00e1 equipada con un motor principal de marca italiana que impulsa la viga de desplazamiento lineal s\u00f3lidamente construida para transportar las botellas. La alta velocidad y el registro preciso del color hacen que esta serie de m\u00e1quinas sean ampliamente utilizadas para la impresi\u00f3n en diferentes tipos de botellas, incluyendo pl\u00e1stico, vidrio, metal, etc. Las formas de las botellas pueden ser redondas, ovaladas y cuadradas.<\/p>","protected":false},"featured_media":1636,"template":"","meta":[],"product_cat":[18],"class_list":{"0":"post-355","1":"product","2":"type-product","3":"status-publish","4":"has-post-thumbnail","6":"product_cat-automatic-uv-screen-printing-equipment","8":"first","9":"instock","10":"shipping-taxable","11":"product-type-simple"},"acf":[],"yoast_head":"<!-- This site is optimized with the Yoast SEO plugin v23.9 - https:\/\/yoast.com\/wordpress\/plugins\/seo\/ -->\n<title>6 Color Automatic UV Bottle Screen Printing Machine<\/title>\n<meta name=\"description\" content=\"The automatic UV tumbler printer is suitable for different shapes bottles can be round, oval, and square shapes. plastic, glass, and metal are OK.\" \/>\n<meta name=\"robots\" content=\"index, follow, max-snippet:-1, max-image-preview:large, max-video-preview:-1\" \/>\n<link rel=\"canonical\" href=\"https:\/\/autoprintmachine.com\/es\/maquina-de-serigrafia-automatica-de-botellas-uv-de-1-a-6-colores\/\" \/>\n<meta property=\"og:locale\" content=\"es_ES\" \/>\n<meta property=\"og:type\" content=\"article\" \/>\n<meta property=\"og:title\" content=\"6 Color Automatic UV Bottle Screen Printing Machine\" \/>\n<meta property=\"og:description\" content=\"The automatic UV tumbler printer is suitable for different shapes bottles can be round, oval, and square shapes. plastic, glass, and metal are OK.\" \/>\n<meta property=\"og:url\" content=\"https:\/\/autoprintmachine.com\/es\/maquina-de-serigrafia-automatica-de-botellas-uv-de-1-a-6-colores\/\" \/>\n<meta property=\"article:publisher\" content=\"https:\/\/www.facebook.com\/autoprinttech\/\" \/>\n<meta property=\"article:modified_time\" content=\"2025-12-30T01:37:20+00:00\" \/>\n<meta property=\"og:image\" content=\"https:\/\/autoprintmachine.com\/wp-content\/uploads\/2023\/08\/five_color_bottle_screen_printing_machine.webp\" \/>\n\t<meta property=\"og:image:width\" content=\"600\" \/>\n\t<meta property=\"og:image:height\" content=\"600\" \/>\n\t<meta property=\"og:image:type\" content=\"image\/webp\" \/>\n<meta name=\"twitter:card\" content=\"summary_large_image\" \/>\n<meta name=\"twitter:label1\" content=\"Tiempo de lectura\" \/>\n\t<meta name=\"twitter:data1\" content=\"2 minutos\" \/>\n<script type=\"application\/ld+json\" class=\"yoast-schema-graph\">{\"@context\":\"https:\/\/schema.org\",\"@graph\":[{\"@type\":\"WebPage\",\"@id\":\"https:\/\/autoprintmachine.com\/1-to-6-color-automatic-uv-bottle-screen-printing-machine\/\",\"url\":\"https:\/\/autoprintmachine.com\/1-to-6-color-automatic-uv-bottle-screen-printing-machine\/\",\"name\":\"6 Color Automatic UV Bottle Screen Printing Machine\",\"isPartOf\":{\"@id\":\"https:\/\/autoprintmachine.com\/#website\"},\"primaryImageOfPage\":{\"@id\":\"https:\/\/autoprintmachine.com\/1-to-6-color-automatic-uv-bottle-screen-printing-machine\/#primaryimage\"},\"image\":{\"@id\":\"https:\/\/autoprintmachine.com\/1-to-6-color-automatic-uv-bottle-screen-printing-machine\/#primaryimage\"},\"thumbnailUrl\":\"https:\/\/autoprintmachine.com\/wp-content\/uploads\/2023\/08\/five_color_bottle_screen_printing_machine.webp\",\"datePublished\":\"2020-08-12T07:28:45+00:00\",\"dateModified\":\"2025-12-30T01:37:20+00:00\",\"description\":\"The automatic UV tumbler printer is suitable for different shapes bottles can be round, oval, and square shapes. plastic, glass, and metal are OK.\",\"breadcrumb\":{\"@id\":\"https:\/\/autoprintmachine.com\/1-to-6-color-automatic-uv-bottle-screen-printing-machine\/#breadcrumb\"},\"inLanguage\":\"es\",\"potentialAction\":[{\"@type\":\"ReadAction\",\"target\":[\"https:\/\/autoprintmachine.com\/1-to-6-color-automatic-uv-bottle-screen-printing-machine\/\"]}]},{\"@type\":\"ImageObject\",\"inLanguage\":\"es\",\"@id\":\"https:\/\/autoprintmachine.com\/1-to-6-color-automatic-uv-bottle-screen-printing-machine\/#primaryimage\",\"url\":\"https:\/\/autoprintmachine.com\/wp-content\/uploads\/2023\/08\/five_color_bottle_screen_printing_machine.webp\",\"contentUrl\":\"https:\/\/autoprintmachine.com\/wp-content\/uploads\/2023\/08\/five_color_bottle_screen_printing_machine.webp\",\"width\":600,\"height\":600,\"caption\":\"five_color_bottle_screen_printing_machine\"},{\"@type\":\"BreadcrumbList\",\"@id\":\"https:\/\/autoprintmachine.com\/1-to-6-color-automatic-uv-bottle-screen-printing-machine\/#breadcrumb\",\"itemListElement\":[{\"@type\":\"ListItem\",\"position\":1,\"name\":\"Home\",\"item\":\"https:\/\/autoprintmachine.com\/\"},{\"@type\":\"ListItem\",\"position\":2,\"name\":\"Products\",\"item\":\"https:\/\/autoprintmachine.com\/shop\/\"},{\"@type\":\"ListItem\",\"position\":3,\"name\":\"1 to 6 Color Automatic UV Bottle Screen Printing Machine\"}]},{\"@type\":\"WebSite\",\"@id\":\"https:\/\/autoprintmachine.com\/#website\",\"url\":\"https:\/\/autoprintmachine.com\/\",\"name\":\"\",\"description\":\"\",\"publisher\":{\"@id\":\"https:\/\/autoprintmachine.com\/#organization\"},\"potentialAction\":[{\"@type\":\"SearchAction\",\"target\":{\"@type\":\"EntryPoint\",\"urlTemplate\":\"https:\/\/autoprintmachine.com\/?s={search_term_string}\"},\"query-input\":{\"@type\":\"PropertyValueSpecification\",\"valueRequired\":true,\"valueName\":\"search_term_string\"}}],\"inLanguage\":\"es\"},{\"@type\":\"Organization\",\"@id\":\"https:\/\/autoprintmachine.com\/#organization\",\"name\":\"Dongguan Auto Print Tech Co., Ltd\",\"url\":\"https:\/\/autoprintmachine.com\/\",\"logo\":{\"@type\":\"ImageObject\",\"inLanguage\":\"es\",\"@id\":\"https:\/\/autoprintmachine.com\/#\/schema\/logo\/image\/\",\"url\":\"https:\/\/autoprintmachine.com\/wp-content\/uploads\/2023\/06\/screen_printing_logo_new.webp\",\"contentUrl\":\"https:\/\/autoprintmachine.com\/wp-content\/uploads\/2023\/06\/screen_printing_logo_new.webp\",\"width\":890,\"height\":750,\"caption\":\"Dongguan Auto Print Tech Co., Ltd\"},\"image\":{\"@id\":\"https:\/\/autoprintmachine.com\/#\/schema\/logo\/image\/\"},\"sameAs\":[\"https:\/\/www.facebook.com\/autoprinttech\/\",\"https:\/\/www.youtube.com\/channel\/UCJtPGiBbQWGE2DZLxySpCtw\"]}]}<\/script>\n<!-- \/ Yoast SEO plugin. -->","yoast_head_json":{"title":"6 Color Automatic UV Bottle Screen Printing Machine","description":"The automatic UV tumbler printer is suitable for different shapes bottles can be round, oval, and square shapes. plastic, glass, and metal are OK.","robots":{"index":"index","follow":"follow","max-snippet":"max-snippet:-1","max-image-preview":"max-image-preview:large","max-video-preview":"max-video-preview:-1"},"canonical":"https:\/\/autoprintmachine.com\/es\/maquina-de-serigrafia-automatica-de-botellas-uv-de-1-a-6-colores\/","og_locale":"es_ES","og_type":"article","og_title":"6 Color Automatic UV Bottle Screen Printing Machine","og_description":"The automatic UV tumbler printer is suitable for different shapes bottles can be round, oval, and square shapes. plastic, glass, and metal are OK.","og_url":"https:\/\/autoprintmachine.com\/es\/maquina-de-serigrafia-automatica-de-botellas-uv-de-1-a-6-colores\/","article_publisher":"https:\/\/www.facebook.com\/autoprinttech\/","article_modified_time":"2025-12-30T01:37:20+00:00","og_image":[{"width":600,"height":600,"url":"https:\/\/autoprintmachine.com\/wp-content\/uploads\/2023\/08\/five_color_bottle_screen_printing_machine.webp","type":"image\/webp"}],"twitter_card":"summary_large_image","twitter_misc":{"Tiempo de lectura":"2 minutos"},"schema":{"@context":"https:\/\/schema.org","@graph":[{"@type":"WebPage","@id":"https:\/\/autoprintmachine.com\/1-to-6-color-automatic-uv-bottle-screen-printing-machine\/","url":"https:\/\/autoprintmachine.com\/1-to-6-color-automatic-uv-bottle-screen-printing-machine\/","name":"6 Color Automatic UV Bottle Screen Printing Machine","isPartOf":{"@id":"https:\/\/autoprintmachine.com\/#website"},"primaryImageOfPage":{"@id":"https:\/\/autoprintmachine.com\/1-to-6-color-automatic-uv-bottle-screen-printing-machine\/#primaryimage"},"image":{"@id":"https:\/\/autoprintmachine.com\/1-to-6-color-automatic-uv-bottle-screen-printing-machine\/#primaryimage"},"thumbnailUrl":"https:\/\/autoprintmachine.com\/wp-content\/uploads\/2023\/08\/five_color_bottle_screen_printing_machine.webp","datePublished":"2020-08-12T07:28:45+00:00","dateModified":"2025-12-30T01:37:20+00:00","description":"The automatic UV tumbler printer is suitable for different shapes bottles can be round, oval, and square shapes. plastic, glass, and metal are OK.","breadcrumb":{"@id":"https:\/\/autoprintmachine.com\/1-to-6-color-automatic-uv-bottle-screen-printing-machine\/#breadcrumb"},"inLanguage":"es","potentialAction":[{"@type":"ReadAction","target":["https:\/\/autoprintmachine.com\/1-to-6-color-automatic-uv-bottle-screen-printing-machine\/"]}]},{"@type":"ImageObject","inLanguage":"es","@id":"https:\/\/autoprintmachine.com\/1-to-6-color-automatic-uv-bottle-screen-printing-machine\/#primaryimage","url":"https:\/\/autoprintmachine.com\/wp-content\/uploads\/2023\/08\/five_color_bottle_screen_printing_machine.webp","contentUrl":"https:\/\/autoprintmachine.com\/wp-content\/uploads\/2023\/08\/five_color_bottle_screen_printing_machine.webp","width":600,"height":600,"caption":"five_color_bottle_screen_printing_machine"},{"@type":"BreadcrumbList","@id":"https:\/\/autoprintmachine.com\/1-to-6-color-automatic-uv-bottle-screen-printing-machine\/#breadcrumb","itemListElement":[{"@type":"ListItem","position":1,"name":"Home","item":"https:\/\/autoprintmachine.com\/"},{"@type":"ListItem","position":2,"name":"Products","item":"https:\/\/autoprintmachine.com\/shop\/"},{"@type":"ListItem","position":3,"name":"1 to 6 Color Automatic UV Bottle Screen Printing Machine"}]},{"@type":"WebSite","@id":"https:\/\/autoprintmachine.com\/#website","url":"https:\/\/autoprintmachine.com\/","name":"","description":"","publisher":{"@id":"https:\/\/autoprintmachine.com\/#organization"},"potentialAction":[{"@type":"SearchAction","target":{"@type":"EntryPoint","urlTemplate":"https:\/\/autoprintmachine.com\/?s={search_term_string}"},"query-input":{"@type":"PropertyValueSpecification","valueRequired":true,"valueName":"search_term_string"}}],"inLanguage":"es"},{"@type":"Organization","@id":"https:\/\/autoprintmachine.com\/#organization","name":"Dongguan Auto Print Tech Co., Ltd","url":"https:\/\/autoprintmachine.com\/","logo":{"@type":"ImageObject","inLanguage":"es","@id":"https:\/\/autoprintmachine.com\/#\/schema\/logo\/image\/","url":"https:\/\/autoprintmachine.com\/wp-content\/uploads\/2023\/06\/screen_printing_logo_new.webp","contentUrl":"https:\/\/autoprintmachine.com\/wp-content\/uploads\/2023\/06\/screen_printing_logo_new.webp","width":890,"height":750,"caption":"Dongguan Auto Print Tech Co., Ltd"},"image":{"@id":"https:\/\/autoprintmachine.com\/#\/schema\/logo\/image\/"},"sameAs":["https:\/\/www.facebook.com\/autoprinttech\/","https:\/\/www.youtube.com\/channel\/UCJtPGiBbQWGE2DZLxySpCtw"]}]}},"_links":{"self":[{"href":"https:\/\/autoprintmachine.com\/es\/wp-json\/wp\/v2\/product\/355","targetHints":{"allow":["GET"]}}],"collection":[{"href":"https:\/\/autoprintmachine.com\/es\/wp-json\/wp\/v2\/product"}],"about":[{"href":"https:\/\/autoprintmachine.com\/es\/wp-json\/wp\/v2\/types\/product"}],"wp:featuredmedia":[{"embeddable":true,"href":"https:\/\/autoprintmachine.com\/es\/wp-json\/wp\/v2\/media\/1636"}],"wp:attachment":[{"href":"https:\/\/autoprintmachine.com\/es\/wp-json\/wp\/v2\/media?parent=355"}],"wp:term":[{"taxonomy":"product_cat","embeddable":true,"href":"https:\/\/autoprintmachine.com\/es\/wp-json\/wp\/v2\/product_cat?post=355"}],"curies":[{"name":"wp","href":"https:\/\/api.w.org\/{rel}","templated":true}]}}