{"id":369,"date":"2020-08-14T02:29:55","date_gmt":"2020-08-14T02:29:55","guid":{"rendered":"https:\/\/onceauto.seowaimao.com\/?post_type=product&#038;p=369"},"modified":"2025-12-30T05:30:10","modified_gmt":"2025-12-30T05:30:10","slug":"maquina-automatica-de-serigrafia-uv-para-tubos-y-tarros","status":"publish","type":"product","link":"https:\/\/autoprintmachine.com\/es\/maquina-automatica-de-serigrafia-uv-para-tubos-y-tarros\/","title":{"rendered":"M\u00e1quina autom\u00e1tica de serigraf\u00eda UV para tubos y tarros"},"content":{"rendered":"<h2>Introducci\u00f3n a la impresora de botellas UV:<\/h2>\n<p>La m\u00e1quina autom\u00e1tica de serigraf\u00eda UV AP-112 est\u00e1 equipada con el transportador de alimentaci\u00f3n para introducir autom\u00e1ticamente la pieza en el mandril con un brazo de empuje mec\u00e1nico, accionado por un plato divisor de 12 estaciones montado verticalmente mediante un motor de accionamiento principal italiano. Este sistema de serigraf\u00eda tambi\u00e9n incluye 1) Estaci\u00f3n de pretratamiento de llama, 2) Estaci\u00f3n de desionizado, 3) Estaci\u00f3n de serigraf\u00eda indexada mec\u00e1nica, 4) Estaci\u00f3n de curado UV ALPHA-CURE, y 5) Transportador de salida autom\u00e1tico.<\/p>\n<h2>Impresora UV para botellas Caracter\u00edsticas est\u00e1ndar:<\/h2>\n<ol>\n<li>Mesa indexadora giratoria vertical de alta precisi\u00f3n (12 estaciones)<\/li>\n<li>PLC OMRON controlado con pantalla t\u00e1ctil<\/li>\n<li>Cabezales de impresi\u00f3n sincronizados mec\u00e1nicamente para resultados de impresi\u00f3n precisos<\/li>\n<li>Transportador de carga de alimentaci\u00f3n y descarga autom\u00e1tica.<\/li>\n<li>Configuraci\u00f3n y cambios r\u00e1pidos y sencillos<\/li>\n<li>\u00c1ngulo y altura ajustables de la escobilla de goma<\/li>\n<li>Velocidad de impresi\u00f3n de hasta 80 unidades por minuto<\/li>\n<\/ol>\n<h2>Especificaciones de la m\u00e1quina de impresi\u00f3n UV:<\/h2>\n<table width=\"588\">\n<tbody>\n<tr>\n<td width=\"320\">Modelo<\/td>\n<td width=\"268\">AP-112<\/td>\n<\/tr>\n<tr>\n<td width=\"320\">\u00a0Color de impresi\u00f3n<\/td>\n<td width=\"268\">1 color<\/td>\n<\/tr>\n<tr>\n<td width=\"320\">Imprimir tama\u00f1o del producto (Di\u00e1metro x Longitud):<\/td>\n<td width=\"268\">\u00d810mm-\u00d875mm, L20mm-230mm<\/td>\n<\/tr>\n<tr>\n<td width=\"320\">M\u00e1x. \u00e1rea de impresi\u00f3n:<\/td>\n<td width=\"268\">236x170mm<\/td>\n<\/tr>\n<tr>\n<td width=\"320\">M\u00e1x. velocidad de impresi\u00f3n:<\/td>\n<td width=\"268\">60-80 unidades\/minuto<\/td>\n<\/tr>\n<tr>\n<td width=\"320\">Potencia de la l\u00e1mpara UV:<\/td>\n<td width=\"268\">3 kilovatios<\/td>\n<\/tr>\n<tr>\n<td width=\"320\">Suministro el\u00e9ctrico:<\/td>\n<td width=\"268\">380V\/480V Trif\u00e1sico 50Hz\/60Hz<\/td>\n<\/tr>\n<tr>\n<td width=\"320\">Requerimiento de aire:<\/td>\n<td width=\"268\">5-7 BARRAS<\/td>\n<\/tr>\n<tr>\n<td width=\"320\">El consumo de energ\u00eda:<\/td>\n<td width=\"268\">4,5 kilovatios<\/td>\n<\/tr>\n<tr>\n<td width=\"320\">Dimensi\u00f3n de la m\u00e1quina (LxWxH):<\/td>\n<td width=\"268\">1625x1200x1800mm<\/td>\n<\/tr>\n<tr>\n<td width=\"320\">Peso:<\/td>\n<td width=\"268\">1500 kilos<\/td>\n<\/tr>\n<\/tbody>\n<\/table>","protected":false},"excerpt":{"rendered":"<p>La m\u00e1quina autom\u00e1tica de serigraf\u00eda UV AP-112 est\u00e1 bien dise\u00f1ada para cilindros. Es adecuada para la impresi\u00f3n serigr\u00e1fica en tubos de pl\u00e1stico flexible o r\u00edgido, frascos y tapas de pl\u00e1stico, viales m\u00e9dicos y jeringas. El di\u00e1metro m\u00e1ximo de impresi\u00f3n puede llegar a 75mm, y la velocidad puede ser de hasta 80 piezas por minuto, aumentando en gran medida la eficiencia de la producci\u00f3n. La m\u00e1quina est\u00e1 impulsada por un motor principal italiano, y cuenta con un plato divisor vertical de 12 estaciones. Est\u00e1 controlada por un PLC de marca, lo que garantiza unas condiciones de trabajo e impresi\u00f3n muy estables y precisas.<\/p>\n<p>Cambio r\u00e1pido y f\u00e1cil operaci\u00f3n. Este sistema autom\u00e1tico de serigraf\u00eda es ampliamente utilizado en la industria m\u00e9dica, cosm\u00e9tica, envases de pl\u00e1stico, etc.<\/p>","protected":false},"featured_media":1643,"template":"","meta":[],"product_brand":[],"product_cat":[18],"product_tag":[],"class_list":{"0":"post-369","1":"product","2":"type-product","3":"status-publish","4":"has-post-thumbnail","6":"product_cat-automatic-uv-screen-printing-equipment","8":"first","9":"instock","10":"shipping-taxable","11":"product-type-simple"},"yoast_head":"<!-- This site is optimized with the Yoast SEO plugin v27.4 - https:\/\/yoast.com\/product\/yoast-seo-wordpress\/ -->\n<title>Automatic UV Screen Printing Machine for Tube and Jar<\/title>\n<meta name=\"description\" content=\"The machine equiped with the infeed conveyor for automatically feeding the part onto the mandrel with an mechanical push arm.\" \/>\n<meta name=\"robots\" content=\"index, follow, max-snippet:-1, max-image-preview:large, max-video-preview:-1\" \/>\n<link rel=\"canonical\" href=\"https:\/\/autoprintmachine.com\/es\/maquina-automatica-de-serigrafia-uv-para-tubos-y-tarros\/\" \/>\n<meta property=\"og:locale\" content=\"es_ES\" \/>\n<meta property=\"og:type\" content=\"article\" \/>\n<meta property=\"og:title\" content=\"Automatic UV Screen Printing Machine for Tube and Jar\" \/>\n<meta property=\"og:description\" content=\"The machine equiped with the infeed conveyor for automatically feeding the part onto the mandrel with an mechanical push arm.\" \/>\n<meta property=\"og:url\" content=\"https:\/\/autoprintmachine.com\/es\/maquina-automatica-de-serigrafia-uv-para-tubos-y-tarros\/\" \/>\n<meta property=\"article:publisher\" content=\"https:\/\/www.facebook.com\/autoprinttech\/\" \/>\n<meta property=\"article:modified_time\" content=\"2025-12-30T05:30:10+00:00\" \/>\n<meta property=\"og:image\" content=\"https:\/\/autoprintmachine.com\/wp-content\/uploads\/2023\/08\/tube_screen_printing_machine.webp\" \/>\n\t<meta property=\"og:image:width\" content=\"600\" \/>\n\t<meta property=\"og:image:height\" content=\"600\" \/>\n\t<meta property=\"og:image:type\" content=\"image\/webp\" \/>\n<meta name=\"twitter:card\" content=\"summary_large_image\" \/>\n<meta name=\"twitter:label1\" content=\"Est. reading time\" \/>\n\t<meta name=\"twitter:data1\" content=\"1 minuto\" \/>\n<script type=\"application\/ld+json\" class=\"yoast-schema-graph\">{\"@context\":\"https:\\\/\\\/schema.org\",\"@graph\":[{\"@type\":\"WebPage\",\"@id\":\"https:\\\/\\\/autoprintmachine.com\\\/automatic-uv-screen-printing-machine-for-tube-and-jar\\\/\",\"url\":\"https:\\\/\\\/autoprintmachine.com\\\/automatic-uv-screen-printing-machine-for-tube-and-jar\\\/\",\"name\":\"Automatic UV Screen Printing Machine for Tube and Jar\",\"isPartOf\":{\"@id\":\"https:\\\/\\\/autoprintmachine.com\\\/#website\"},\"primaryImageOfPage\":{\"@id\":\"https:\\\/\\\/autoprintmachine.com\\\/automatic-uv-screen-printing-machine-for-tube-and-jar\\\/#primaryimage\"},\"image\":{\"@id\":\"https:\\\/\\\/autoprintmachine.com\\\/automatic-uv-screen-printing-machine-for-tube-and-jar\\\/#primaryimage\"},\"thumbnailUrl\":\"https:\\\/\\\/autoprintmachine.com\\\/wp-content\\\/uploads\\\/2023\\\/08\\\/tube_screen_printing_machine.webp\",\"datePublished\":\"2020-08-14T02:29:55+00:00\",\"dateModified\":\"2025-12-30T05:30:10+00:00\",\"description\":\"The machine equiped with the infeed conveyor for automatically feeding the part onto the mandrel with an mechanical push arm.\",\"breadcrumb\":{\"@id\":\"https:\\\/\\\/autoprintmachine.com\\\/automatic-uv-screen-printing-machine-for-tube-and-jar\\\/#breadcrumb\"},\"inLanguage\":\"es\",\"potentialAction\":[{\"@type\":\"ReadAction\",\"target\":[\"https:\\\/\\\/autoprintmachine.com\\\/automatic-uv-screen-printing-machine-for-tube-and-jar\\\/\"]}]},{\"@type\":\"ImageObject\",\"inLanguage\":\"es\",\"@id\":\"https:\\\/\\\/autoprintmachine.com\\\/automatic-uv-screen-printing-machine-for-tube-and-jar\\\/#primaryimage\",\"url\":\"https:\\\/\\\/autoprintmachine.com\\\/wp-content\\\/uploads\\\/2023\\\/08\\\/tube_screen_printing_machine.webp\",\"contentUrl\":\"https:\\\/\\\/autoprintmachine.com\\\/wp-content\\\/uploads\\\/2023\\\/08\\\/tube_screen_printing_machine.webp\",\"width\":600,\"height\":600,\"caption\":\"tube_screen_printing_machine\"},{\"@type\":\"BreadcrumbList\",\"@id\":\"https:\\\/\\\/autoprintmachine.com\\\/automatic-uv-screen-printing-machine-for-tube-and-jar\\\/#breadcrumb\",\"itemListElement\":[{\"@type\":\"ListItem\",\"position\":1,\"name\":\"Home\",\"item\":\"https:\\\/\\\/autoprintmachine.com\\\/\"},{\"@type\":\"ListItem\",\"position\":2,\"name\":\"Products\",\"item\":\"https:\\\/\\\/autoprintmachine.com\\\/shop\\\/\"},{\"@type\":\"ListItem\",\"position\":3,\"name\":\"Automatic UV Screen Printing Machine for Tube and Jar\"}]},{\"@type\":\"WebSite\",\"@id\":\"https:\\\/\\\/autoprintmachine.com\\\/#website\",\"url\":\"https:\\\/\\\/autoprintmachine.com\\\/\",\"name\":\"\",\"description\":\"\",\"publisher\":{\"@id\":\"https:\\\/\\\/autoprintmachine.com\\\/#organization\"},\"potentialAction\":[{\"@type\":\"SearchAction\",\"target\":{\"@type\":\"EntryPoint\",\"urlTemplate\":\"https:\\\/\\\/autoprintmachine.com\\\/?s={search_term_string}\"},\"query-input\":{\"@type\":\"PropertyValueSpecification\",\"valueRequired\":true,\"valueName\":\"search_term_string\"}}],\"inLanguage\":\"es\"},{\"@type\":\"Organization\",\"@id\":\"https:\\\/\\\/autoprintmachine.com\\\/#organization\",\"name\":\"Dongguan Auto Print Tech Co., Ltd\",\"url\":\"https:\\\/\\\/autoprintmachine.com\\\/\",\"logo\":{\"@type\":\"ImageObject\",\"inLanguage\":\"es\",\"@id\":\"https:\\\/\\\/autoprintmachine.com\\\/#\\\/schema\\\/logo\\\/image\\\/\",\"url\":\"https:\\\/\\\/autoprintmachine.com\\\/wp-content\\\/uploads\\\/2023\\\/06\\\/screen_printing_logo_new.webp\",\"contentUrl\":\"https:\\\/\\\/autoprintmachine.com\\\/wp-content\\\/uploads\\\/2023\\\/06\\\/screen_printing_logo_new.webp\",\"width\":890,\"height\":750,\"caption\":\"Dongguan Auto Print Tech Co., Ltd\"},\"image\":{\"@id\":\"https:\\\/\\\/autoprintmachine.com\\\/#\\\/schema\\\/logo\\\/image\\\/\"},\"sameAs\":[\"https:\\\/\\\/www.facebook.com\\\/autoprinttech\\\/\",\"https:\\\/\\\/www.youtube.com\\\/channel\\\/UCJtPGiBbQWGE2DZLxySpCtw\"]}]}<\/script>\n<!-- \/ Yoast SEO plugin. -->","yoast_head_json":{"title":"M\u00e1quina autom\u00e1tica de serigraf\u00eda UV para tubos y tarros","description":"La m\u00e1quina est\u00e1 equipada con un transportador de alimentaci\u00f3n para alimentar autom\u00e1ticamente la pieza al mandril con un brazo de empuje mec\u00e1nico.","robots":{"index":"index","follow":"follow","max-snippet":"max-snippet:-1","max-image-preview":"max-image-preview:large","max-video-preview":"max-video-preview:-1"},"canonical":"https:\/\/autoprintmachine.com\/es\/maquina-automatica-de-serigrafia-uv-para-tubos-y-tarros\/","og_locale":"es_ES","og_type":"article","og_title":"Automatic UV Screen Printing Machine for Tube and Jar","og_description":"The machine equiped with the infeed conveyor for automatically feeding the part onto the mandrel with an mechanical push arm.","og_url":"https:\/\/autoprintmachine.com\/es\/maquina-automatica-de-serigrafia-uv-para-tubos-y-tarros\/","article_publisher":"https:\/\/www.facebook.com\/autoprinttech\/","article_modified_time":"2025-12-30T05:30:10+00:00","og_image":[{"width":600,"height":600,"url":"https:\/\/autoprintmachine.com\/wp-content\/uploads\/2023\/08\/tube_screen_printing_machine.webp","type":"image\/webp"}],"twitter_card":"summary_large_image","twitter_misc":{"Est. reading time":"1 minuto"},"schema":{"@context":"https:\/\/schema.org","@graph":[{"@type":"WebPage","@id":"https:\/\/autoprintmachine.com\/automatic-uv-screen-printing-machine-for-tube-and-jar\/","url":"https:\/\/autoprintmachine.com\/automatic-uv-screen-printing-machine-for-tube-and-jar\/","name":"M\u00e1quina autom\u00e1tica de serigraf\u00eda UV para tubos y tarros","isPartOf":{"@id":"https:\/\/autoprintmachine.com\/#website"},"primaryImageOfPage":{"@id":"https:\/\/autoprintmachine.com\/automatic-uv-screen-printing-machine-for-tube-and-jar\/#primaryimage"},"image":{"@id":"https:\/\/autoprintmachine.com\/automatic-uv-screen-printing-machine-for-tube-and-jar\/#primaryimage"},"thumbnailUrl":"https:\/\/autoprintmachine.com\/wp-content\/uploads\/2023\/08\/tube_screen_printing_machine.webp","datePublished":"2020-08-14T02:29:55+00:00","dateModified":"2025-12-30T05:30:10+00:00","description":"La m\u00e1quina est\u00e1 equipada con un transportador de alimentaci\u00f3n para alimentar autom\u00e1ticamente la pieza al mandril con un brazo de empuje mec\u00e1nico.","breadcrumb":{"@id":"https:\/\/autoprintmachine.com\/automatic-uv-screen-printing-machine-for-tube-and-jar\/#breadcrumb"},"inLanguage":"es","potentialAction":[{"@type":"ReadAction","target":["https:\/\/autoprintmachine.com\/automatic-uv-screen-printing-machine-for-tube-and-jar\/"]}]},{"@type":"ImageObject","inLanguage":"es","@id":"https:\/\/autoprintmachine.com\/automatic-uv-screen-printing-machine-for-tube-and-jar\/#primaryimage","url":"https:\/\/autoprintmachine.com\/wp-content\/uploads\/2023\/08\/tube_screen_printing_machine.webp","contentUrl":"https:\/\/autoprintmachine.com\/wp-content\/uploads\/2023\/08\/tube_screen_printing_machine.webp","width":600,"height":600,"caption":"tube_screen_printing_machine"},{"@type":"BreadcrumbList","@id":"https:\/\/autoprintmachine.com\/automatic-uv-screen-printing-machine-for-tube-and-jar\/#breadcrumb","itemListElement":[{"@type":"ListItem","position":1,"name":"Home","item":"https:\/\/autoprintmachine.com\/"},{"@type":"ListItem","position":2,"name":"Products","item":"https:\/\/autoprintmachine.com\/shop\/"},{"@type":"ListItem","position":3,"name":"Automatic UV Screen Printing Machine for Tube and Jar"}]},{"@type":"WebSite","@id":"https:\/\/autoprintmachine.com\/#website","url":"https:\/\/autoprintmachine.com\/","name":"","description":"","publisher":{"@id":"https:\/\/autoprintmachine.com\/#organization"},"potentialAction":[{"@type":"SearchAction","target":{"@type":"EntryPoint","urlTemplate":"https:\/\/autoprintmachine.com\/?s={search_term_string}"},"query-input":{"@type":"PropertyValueSpecification","valueRequired":true,"valueName":"search_term_string"}}],"inLanguage":"es"},{"@type":"Organization","@id":"https:\/\/autoprintmachine.com\/#organization","name":"Dongguan Auto Print Tech Co., Ltd","url":"https:\/\/autoprintmachine.com\/","logo":{"@type":"ImageObject","inLanguage":"es","@id":"https:\/\/autoprintmachine.com\/#\/schema\/logo\/image\/","url":"https:\/\/autoprintmachine.com\/wp-content\/uploads\/2023\/06\/screen_printing_logo_new.webp","contentUrl":"https:\/\/autoprintmachine.com\/wp-content\/uploads\/2023\/06\/screen_printing_logo_new.webp","width":890,"height":750,"caption":"Dongguan Auto Print Tech Co., Ltd"},"image":{"@id":"https:\/\/autoprintmachine.com\/#\/schema\/logo\/image\/"},"sameAs":["https:\/\/www.facebook.com\/autoprinttech\/","https:\/\/www.youtube.com\/channel\/UCJtPGiBbQWGE2DZLxySpCtw"]}]}},"_links":{"self":[{"href":"https:\/\/autoprintmachine.com\/es\/wp-json\/wp\/v2\/product\/369","targetHints":{"allow":["GET"]}}],"collection":[{"href":"https:\/\/autoprintmachine.com\/es\/wp-json\/wp\/v2\/product"}],"about":[{"href":"https:\/\/autoprintmachine.com\/es\/wp-json\/wp\/v2\/types\/product"}],"wp:featuredmedia":[{"embeddable":true,"href":"https:\/\/autoprintmachine.com\/es\/wp-json\/wp\/v2\/media\/1643"}],"wp:attachment":[{"href":"https:\/\/autoprintmachine.com\/es\/wp-json\/wp\/v2\/media?parent=369"}],"wp:term":[{"taxonomy":"product_brand","embeddable":true,"href":"https:\/\/autoprintmachine.com\/es\/wp-json\/wp\/v2\/product_brand?post=369"},{"taxonomy":"product_cat","embeddable":true,"href":"https:\/\/autoprintmachine.com\/es\/wp-json\/wp\/v2\/product_cat?post=369"},{"taxonomy":"product_tag","embeddable":true,"href":"https:\/\/autoprintmachine.com\/es\/wp-json\/wp\/v2\/product_tag?post=369"}],"curies":[{"name":"wp","href":"https:\/\/api.w.org\/{rel}","templated":true}]}}