{"id":376,"date":"2020-08-14T06:46:21","date_gmt":"2020-08-14T06:46:21","guid":{"rendered":"https:\/\/onceauto.seowaimao.com\/?post_type=product&#038;p=376"},"modified":"2025-12-30T08:29:52","modified_gmt":"2025-12-30T08:29:52","slug":"maquina-automatica-de-serigrafia-uv-para-cubo","status":"publish","type":"product","link":"https:\/\/autoprintmachine.com\/es\/maquina-automatica-de-serigrafia-uv-para-cubo\/","title":{"rendered":"M\u00e1quina autom\u00e1tica de serigraf\u00eda UV para cuchar\u00f3n"},"content":{"rendered":"<section class=\"section\" id=\"section_1874345509\">\n\t\t<div class=\"section-bg fill\" >\n\t\t\t\t\t\t\t\t\t\n\t\t\t\n\n\t\t<\/div>\n\n\t\t\n\n\t\t<div class=\"section-content relative\">\n\t\t\t\n<div class=\"row\"  id=\"row-1934394436\">\n\n\t<div id=\"col-155573078\" class=\"col small-12 large-12\"  >\n\t\t\t\t<div class=\"col-inner\"  >\n\t\t\t\n\t\t\t\n<h2>Introducci\u00f3n a la impresora UV de botellas:<\/h2>\n<p>La m\u00e1quina impresora serigr\u00e1fica UV autom\u00e1tica AP-350 es una l\u00ednea de impresi\u00f3n serigr\u00e1fica que puede ir desde 1 color hasta 6 colores. Esta m\u00e1quina est\u00e1 equipada con una viga mec\u00e1nica de precisi\u00f3n para transportar las piezas con precisi\u00f3n. Cuando los cubos se colocan en los accesorios mecanizados de precisi\u00f3n, son impulsados directamente y giran con precisi\u00f3n durante la impresi\u00f3n. Este equipo de serigraf\u00eda UV est\u00e1 totalmente accionado mec\u00e1nicamente utilizando el motor principal de la marca italiana con control PLC de todos los movimientos.<\/p>\n<p>Adem\u00e1s, un sensor de \"sin pieza no hay impresi\u00f3n\" evita que la racleta se mueva cuando no hay ning\u00fan cubo cargado. Tiene una construcci\u00f3n s\u00f3lida con accesorios de mecanizado de alta precisi\u00f3n. Esta m\u00e1quina tiene un registro preciso de color a color cuando se hace la impresi\u00f3n multicolor. El equipo de serigraf\u00eda UV AP-350 cuenta con cabezales de tratamiento de llama y un sistema de curado UV de alta potencia. Es ampliamente utilizado para baldes, cubetas, botellas de 5 galones y contenedores, etc.<\/p>\n<h2>Caracter\u00edsticas de la m\u00e1quina de impresi\u00f3n UV:<\/h2>\n<ol>\n<li>Equipo de serigraf\u00eda UV autom\u00e1tico de 1 a 6 colores.<\/li>\n<li>Velocidades de impresi\u00f3n de hasta 22 botellas por minuto<\/li>\n<li>Impresiones en cubos grandes<\/li>\n<li>Viga de desplazamiento mec\u00e1nica indexada<\/li>\n<li>Poder de curado UV de alta intensidad (5KW)<\/li>\n<li>PLC Omron controlado con pantalla t\u00e1ctil<\/li>\n<\/ol>\n<h2><\/h2>\n<h2>Especificaciones de la m\u00e1quina de impresi\u00f3n de botellas UV:<\/h2>\n<table width=\"635\">\n<tbody>\n<tr>\n<td colspan=\"2\" width=\"275\"><span style=\"font-size: 14.4px;\">Modelo<\/span><\/td>\n<td width=\"360\">AP-350<\/td>\n<\/tr>\n<tr>\n<td colspan=\"2\" width=\"275\"><span style=\"font-size: 14.4px;\">Tama\u00f1o del cubo:<\/span><\/td>\n<td width=\"360\"><span style=\"font-size: 14.4px;\">Di\u00e1metro: \u00d8150-350mm, Altura: 200-400mm<\/span><\/td>\n<\/tr>\n<tr>\n<td colspan=\"2\" width=\"275\"><span style=\"font-size: 14.4px;\">M\u00e1x. \u00e1rea de impresi\u00f3n:<\/span><\/td>\n<td width=\"360\"><span style=\"font-size: 14.4px;\">Largo 900 x ancho 250 mm<\/span><\/td>\n<\/tr>\n<tr>\n<td colspan=\"2\" width=\"275\"><span style=\"font-size: 14.4px;\">Capacidad de impresi\u00f3n:<\/span><\/td>\n<td width=\"360\"><span style=\"font-size: 14.4px;\">Hasta 22 UDS\/MIN<\/span><\/td>\n<\/tr>\n<tr>\n<td colspan=\"2\" width=\"275\"><span style=\"font-size: 14.4px;\">Potencia de la l\u00e1mpara UV:<\/span><\/td>\n<td width=\"360\"><span style=\"font-size: 14.4px;\">5 KW\/UNIDAD<\/span><\/td>\n<\/tr>\n<tr>\n<td colspan=\"2\" width=\"275\"><span style=\"font-size: 14.4px;\">El\u00e9ctrico:<\/span><\/td>\n<td width=\"360\"><span style=\"font-size: 14.4px;\">380V\/480V Trif\u00e1sico 50\/60Hz<\/span><\/td>\n<\/tr>\n<tr>\n<td colspan=\"2\" width=\"275\"><span style=\"font-size: 14.4px;\">Requerimiento de aire:<\/span><\/td>\n<td width=\"360\"><span style=\"font-size: 14.4px;\">5-7 BARRAS<\/span><\/td>\n<\/tr>\n<tr>\n<td colspan=\"2\" width=\"275\"><span style=\"font-size: 14.4px;\">El consumo de energ\u00eda:<\/span><\/td>\n<td width=\"360\"><span style=\"font-size: 14.4px;\">20 KW\/UNIDAD<\/span><\/td>\n<\/tr>\n<tr>\n<td colspan=\"2\" width=\"275\"><span style=\"font-size: 14.4px;\">Peso:<\/span><\/td>\n<td width=\"360\"><span style=\"font-size: 14.4px;\">2500 kilos<\/span><\/td>\n<\/tr>\n<\/tbody>\n<\/table>\n\t\t<\/div>\n\t\t\t\t\t<\/div>\n\n\t\n<\/div>\n\t\t<\/div>\n\n\t\t\n<style>\n#section_1874345509 {\n  padding-top: 30px;\n  padding-bottom: 30px;\n}\n<\/style>\n\t<\/section>\n\t\n\n\t<section class=\"section\" id=\"section_305792719\">\n\t\t<div class=\"section-bg fill\" >\n\t\t\t\t\t\t\t\t\t\n\t\t\t\n\n\t\t<\/div>\n\n\t\t\n\n\t\t<div class=\"section-content relative\">\n\t\t\t\n<div class=\"row\"  id=\"row-876015398\">\n\n\t<div id=\"col-1322767560\" class=\"col small-12 large-12\"  >\n\t\t\t\t<div class=\"col-inner\"  >\n\t\t\t\n\t\t\t\n<h2>V\u00eddeos de productos<\/h2>\n<div class=\"video video-fit mb\" style=\"padding-top:56.25%;\"><p><iframe loading=\"lazy\" title=\"M\u00e1quina impresora serigr\u00e1fica UV de cubeta autom\u00e1tica AP-350-4C\" width=\"1020\" height=\"574\" src=\"https:\/\/www.youtube.com\/embed\/GUUgpCzwnWM?feature=oembed\" frameborder=\"0\" allow=\"accelerometer; autoplay; clipboard-write; encrypted-media; gyroscope; picture-in-picture; web-share\" referrerpolicy=\"strict-origin-when-cross-origin\" allowfullscreen><\/iframe><\/p>\n<\/div>\n\t\t<\/div>\n\t\t\t\t\t<\/div>\n\n\t\n<\/div>\n\t\t<\/div>\n\n\t\t\n<style>\n#section_305792719 {\n  padding-top: 30px;\n  padding-bottom: 30px;\n}\n<\/style>\n\t<\/section>","protected":false},"excerpt":{"rendered":"<p>La impresora serigr\u00e1fica UV autom\u00e1tica serie AP-350 es una l\u00ednea de impresi\u00f3n serigr\u00e1fica autom\u00e1tica de 1 a 6 colores. Esta impresora de serigraf\u00eda cuenta con el proceso de impresi\u00f3n completo. Incluye una cinta transportadora de alimentaci\u00f3n autom\u00e1tica, recogida autom\u00e1tica, tratamiento de llama, serigraf\u00eda, curado UV y cinta transportadora de salida autom\u00e1tica.<\/p>\n<p>La m\u00e1quina es totalmente mec\u00e1nica y est\u00e1 accionada por un motor principal de marca italiana; un PLC con pantalla t\u00e1ctil controla todos los movimientos. Esta serie de m\u00e1quinas destaca por la precisi\u00f3n de impresi\u00f3n y el registro color a color. Esta m\u00e1quina se utiliza ampliamente para la impresi\u00f3n de cubos, cubos y contenedores de 5 galones.<\/p>","protected":false},"featured_media":377,"template":"","meta":[],"product_brand":[],"product_cat":[18],"product_tag":[],"class_list":{"0":"post-376","1":"product","2":"type-product","3":"status-publish","4":"has-post-thumbnail","6":"product_cat-automatic-uv-screen-printing-equipment","8":"first","9":"instock","10":"shipping-taxable","11":"product-type-simple"},"yoast_head":"<!-- This site is optimized with the Yoast SEO plugin v27.4 - https:\/\/yoast.com\/product\/yoast-seo-wordpress\/ -->\n<title>Automatic UV Screen Printing Machine for Bucket<\/title>\n<meta name=\"description\" content=\"The machine is an screen printing line can be with from 1 color to 6 color widely used in bucket, pail, 5 gallon bottle &amp; container, etc.\" \/>\n<meta name=\"robots\" content=\"index, follow, max-snippet:-1, max-image-preview:large, max-video-preview:-1\" \/>\n<link rel=\"canonical\" href=\"https:\/\/autoprintmachine.com\/es\/maquina-automatica-de-serigrafia-uv-para-cubo\/\" \/>\n<meta property=\"og:locale\" content=\"es_ES\" \/>\n<meta property=\"og:type\" content=\"article\" \/>\n<meta property=\"og:title\" content=\"Automatic UV Screen Printing Machine for Bucket\" \/>\n<meta property=\"og:description\" content=\"The machine is an screen printing line can be with from 1 color to 6 color widely used in bucket, pail, 5 gallon bottle &amp; container, etc.\" \/>\n<meta property=\"og:url\" content=\"https:\/\/autoprintmachine.com\/es\/maquina-automatica-de-serigrafia-uv-para-cubo\/\" \/>\n<meta property=\"article:publisher\" content=\"https:\/\/www.facebook.com\/autoprinttech\/\" \/>\n<meta property=\"article:modified_time\" content=\"2025-12-30T08:29:52+00:00\" \/>\n<meta property=\"og:image\" content=\"https:\/\/autoprintmachine.com\/wp-content\/uploads\/2020\/08\/OS-1000.jpg\" \/>\n\t<meta property=\"og:image:width\" content=\"600\" \/>\n\t<meta property=\"og:image:height\" content=\"600\" \/>\n\t<meta property=\"og:image:type\" content=\"image\/jpeg\" \/>\n<meta name=\"twitter:card\" content=\"summary_large_image\" \/>\n<meta name=\"twitter:label1\" content=\"Est. reading time\" \/>\n\t<meta name=\"twitter:data1\" content=\"2 minutos\" \/>\n<script type=\"application\/ld+json\" class=\"yoast-schema-graph\">{\"@context\":\"https:\\\/\\\/schema.org\",\"@graph\":[{\"@type\":\"WebPage\",\"@id\":\"https:\\\/\\\/autoprintmachine.com\\\/automatic-uv-screen-printing-machine-for-bucket\\\/\",\"url\":\"https:\\\/\\\/autoprintmachine.com\\\/automatic-uv-screen-printing-machine-for-bucket\\\/\",\"name\":\"Automatic UV Screen Printing Machine for Bucket\",\"isPartOf\":{\"@id\":\"https:\\\/\\\/autoprintmachine.com\\\/#website\"},\"primaryImageOfPage\":{\"@id\":\"https:\\\/\\\/autoprintmachine.com\\\/automatic-uv-screen-printing-machine-for-bucket\\\/#primaryimage\"},\"image\":{\"@id\":\"https:\\\/\\\/autoprintmachine.com\\\/automatic-uv-screen-printing-machine-for-bucket\\\/#primaryimage\"},\"thumbnailUrl\":\"https:\\\/\\\/autoprintmachine.com\\\/wp-content\\\/uploads\\\/2020\\\/08\\\/OS-1000.jpg\",\"datePublished\":\"2020-08-14T06:46:21+00:00\",\"dateModified\":\"2025-12-30T08:29:52+00:00\",\"description\":\"The machine is an screen printing line can be with from 1 color to 6 color widely used in bucket, pail, 5 gallon bottle & container, etc.\",\"breadcrumb\":{\"@id\":\"https:\\\/\\\/autoprintmachine.com\\\/automatic-uv-screen-printing-machine-for-bucket\\\/#breadcrumb\"},\"inLanguage\":\"es\",\"potentialAction\":[{\"@type\":\"ReadAction\",\"target\":[\"https:\\\/\\\/autoprintmachine.com\\\/automatic-uv-screen-printing-machine-for-bucket\\\/\"]}]},{\"@type\":\"ImageObject\",\"inLanguage\":\"es\",\"@id\":\"https:\\\/\\\/autoprintmachine.com\\\/automatic-uv-screen-printing-machine-for-bucket\\\/#primaryimage\",\"url\":\"https:\\\/\\\/autoprintmachine.com\\\/wp-content\\\/uploads\\\/2020\\\/08\\\/OS-1000.jpg\",\"contentUrl\":\"https:\\\/\\\/autoprintmachine.com\\\/wp-content\\\/uploads\\\/2020\\\/08\\\/OS-1000.jpg\",\"width\":600,\"height\":600},{\"@type\":\"BreadcrumbList\",\"@id\":\"https:\\\/\\\/autoprintmachine.com\\\/automatic-uv-screen-printing-machine-for-bucket\\\/#breadcrumb\",\"itemListElement\":[{\"@type\":\"ListItem\",\"position\":1,\"name\":\"Home\",\"item\":\"https:\\\/\\\/autoprintmachine.com\\\/\"},{\"@type\":\"ListItem\",\"position\":2,\"name\":\"Products\",\"item\":\"https:\\\/\\\/autoprintmachine.com\\\/shop\\\/\"},{\"@type\":\"ListItem\",\"position\":3,\"name\":\"Automatic UV Screen Printing Machine for Bucket\"}]},{\"@type\":\"WebSite\",\"@id\":\"https:\\\/\\\/autoprintmachine.com\\\/#website\",\"url\":\"https:\\\/\\\/autoprintmachine.com\\\/\",\"name\":\"\",\"description\":\"\",\"publisher\":{\"@id\":\"https:\\\/\\\/autoprintmachine.com\\\/#organization\"},\"potentialAction\":[{\"@type\":\"SearchAction\",\"target\":{\"@type\":\"EntryPoint\",\"urlTemplate\":\"https:\\\/\\\/autoprintmachine.com\\\/?s={search_term_string}\"},\"query-input\":{\"@type\":\"PropertyValueSpecification\",\"valueRequired\":true,\"valueName\":\"search_term_string\"}}],\"inLanguage\":\"es\"},{\"@type\":\"Organization\",\"@id\":\"https:\\\/\\\/autoprintmachine.com\\\/#organization\",\"name\":\"Dongguan Auto Print Tech Co., Ltd\",\"url\":\"https:\\\/\\\/autoprintmachine.com\\\/\",\"logo\":{\"@type\":\"ImageObject\",\"inLanguage\":\"es\",\"@id\":\"https:\\\/\\\/autoprintmachine.com\\\/#\\\/schema\\\/logo\\\/image\\\/\",\"url\":\"https:\\\/\\\/autoprintmachine.com\\\/wp-content\\\/uploads\\\/2023\\\/06\\\/screen_printing_logo_new.webp\",\"contentUrl\":\"https:\\\/\\\/autoprintmachine.com\\\/wp-content\\\/uploads\\\/2023\\\/06\\\/screen_printing_logo_new.webp\",\"width\":890,\"height\":750,\"caption\":\"Dongguan Auto Print Tech Co., Ltd\"},\"image\":{\"@id\":\"https:\\\/\\\/autoprintmachine.com\\\/#\\\/schema\\\/logo\\\/image\\\/\"},\"sameAs\":[\"https:\\\/\\\/www.facebook.com\\\/autoprinttech\\\/\",\"https:\\\/\\\/www.youtube.com\\\/channel\\\/UCJtPGiBbQWGE2DZLxySpCtw\"]}]}<\/script>\n<!-- \/ Yoast SEO plugin. -->","yoast_head_json":{"title":"M\u00e1quina autom\u00e1tica de serigraf\u00eda UV para cuchar\u00f3n","description":"La m\u00e1quina es una l\u00ednea de serigraf\u00eda que puede ser de 1 color a 6 colores, ampliamente utilizada en baldes, cubos, botellas y contenedores de 5 galones, etc.","robots":{"index":"index","follow":"follow","max-snippet":"max-snippet:-1","max-image-preview":"max-image-preview:large","max-video-preview":"max-video-preview:-1"},"canonical":"https:\/\/autoprintmachine.com\/es\/maquina-automatica-de-serigrafia-uv-para-cubo\/","og_locale":"es_ES","og_type":"article","og_title":"Automatic UV Screen Printing Machine for Bucket","og_description":"The machine is an screen printing line can be with from 1 color to 6 color widely used in bucket, pail, 5 gallon bottle & container, etc.","og_url":"https:\/\/autoprintmachine.com\/es\/maquina-automatica-de-serigrafia-uv-para-cubo\/","article_publisher":"https:\/\/www.facebook.com\/autoprinttech\/","article_modified_time":"2025-12-30T08:29:52+00:00","og_image":[{"width":600,"height":600,"url":"https:\/\/autoprintmachine.com\/wp-content\/uploads\/2020\/08\/OS-1000.jpg","type":"image\/jpeg"}],"twitter_card":"summary_large_image","twitter_misc":{"Est. reading time":"2 minutos"},"schema":{"@context":"https:\/\/schema.org","@graph":[{"@type":"WebPage","@id":"https:\/\/autoprintmachine.com\/automatic-uv-screen-printing-machine-for-bucket\/","url":"https:\/\/autoprintmachine.com\/automatic-uv-screen-printing-machine-for-bucket\/","name":"M\u00e1quina autom\u00e1tica de serigraf\u00eda UV para cuchar\u00f3n","isPartOf":{"@id":"https:\/\/autoprintmachine.com\/#website"},"primaryImageOfPage":{"@id":"https:\/\/autoprintmachine.com\/automatic-uv-screen-printing-machine-for-bucket\/#primaryimage"},"image":{"@id":"https:\/\/autoprintmachine.com\/automatic-uv-screen-printing-machine-for-bucket\/#primaryimage"},"thumbnailUrl":"https:\/\/autoprintmachine.com\/wp-content\/uploads\/2020\/08\/OS-1000.jpg","datePublished":"2020-08-14T06:46:21+00:00","dateModified":"2025-12-30T08:29:52+00:00","description":"La m\u00e1quina es una l\u00ednea de serigraf\u00eda que puede ser de 1 color a 6 colores, ampliamente utilizada en baldes, cubos, botellas y contenedores de 5 galones, etc.","breadcrumb":{"@id":"https:\/\/autoprintmachine.com\/automatic-uv-screen-printing-machine-for-bucket\/#breadcrumb"},"inLanguage":"es","potentialAction":[{"@type":"ReadAction","target":["https:\/\/autoprintmachine.com\/automatic-uv-screen-printing-machine-for-bucket\/"]}]},{"@type":"ImageObject","inLanguage":"es","@id":"https:\/\/autoprintmachine.com\/automatic-uv-screen-printing-machine-for-bucket\/#primaryimage","url":"https:\/\/autoprintmachine.com\/wp-content\/uploads\/2020\/08\/OS-1000.jpg","contentUrl":"https:\/\/autoprintmachine.com\/wp-content\/uploads\/2020\/08\/OS-1000.jpg","width":600,"height":600},{"@type":"BreadcrumbList","@id":"https:\/\/autoprintmachine.com\/automatic-uv-screen-printing-machine-for-bucket\/#breadcrumb","itemListElement":[{"@type":"ListItem","position":1,"name":"Home","item":"https:\/\/autoprintmachine.com\/"},{"@type":"ListItem","position":2,"name":"Products","item":"https:\/\/autoprintmachine.com\/shop\/"},{"@type":"ListItem","position":3,"name":"Automatic UV Screen Printing Machine for Bucket"}]},{"@type":"WebSite","@id":"https:\/\/autoprintmachine.com\/#website","url":"https:\/\/autoprintmachine.com\/","name":"","description":"","publisher":{"@id":"https:\/\/autoprintmachine.com\/#organization"},"potentialAction":[{"@type":"SearchAction","target":{"@type":"EntryPoint","urlTemplate":"https:\/\/autoprintmachine.com\/?s={search_term_string}"},"query-input":{"@type":"PropertyValueSpecification","valueRequired":true,"valueName":"search_term_string"}}],"inLanguage":"es"},{"@type":"Organization","@id":"https:\/\/autoprintmachine.com\/#organization","name":"Dongguan Auto Print Tech Co., Ltd","url":"https:\/\/autoprintmachine.com\/","logo":{"@type":"ImageObject","inLanguage":"es","@id":"https:\/\/autoprintmachine.com\/#\/schema\/logo\/image\/","url":"https:\/\/autoprintmachine.com\/wp-content\/uploads\/2023\/06\/screen_printing_logo_new.webp","contentUrl":"https:\/\/autoprintmachine.com\/wp-content\/uploads\/2023\/06\/screen_printing_logo_new.webp","width":890,"height":750,"caption":"Dongguan Auto Print Tech Co., Ltd"},"image":{"@id":"https:\/\/autoprintmachine.com\/#\/schema\/logo\/image\/"},"sameAs":["https:\/\/www.facebook.com\/autoprinttech\/","https:\/\/www.youtube.com\/channel\/UCJtPGiBbQWGE2DZLxySpCtw"]}]}},"_links":{"self":[{"href":"https:\/\/autoprintmachine.com\/es\/wp-json\/wp\/v2\/product\/376","targetHints":{"allow":["GET"]}}],"collection":[{"href":"https:\/\/autoprintmachine.com\/es\/wp-json\/wp\/v2\/product"}],"about":[{"href":"https:\/\/autoprintmachine.com\/es\/wp-json\/wp\/v2\/types\/product"}],"wp:featuredmedia":[{"embeddable":true,"href":"https:\/\/autoprintmachine.com\/es\/wp-json\/wp\/v2\/media\/377"}],"wp:attachment":[{"href":"https:\/\/autoprintmachine.com\/es\/wp-json\/wp\/v2\/media?parent=376"}],"wp:term":[{"taxonomy":"product_brand","embeddable":true,"href":"https:\/\/autoprintmachine.com\/es\/wp-json\/wp\/v2\/product_brand?post=376"},{"taxonomy":"product_cat","embeddable":true,"href":"https:\/\/autoprintmachine.com\/es\/wp-json\/wp\/v2\/product_cat?post=376"},{"taxonomy":"product_tag","embeddable":true,"href":"https:\/\/autoprintmachine.com\/es\/wp-json\/wp\/v2\/product_tag?post=376"}],"curies":[{"name":"wp","href":"https:\/\/api.w.org\/{rel}","templated":true}]}}