{"id":383,"date":"2020-08-15T03:17:45","date_gmt":"2020-08-15T03:17:45","guid":{"rendered":"https:\/\/onceauto.seowaimao.com\/?post_type=product&#038;p=383"},"modified":"2026-01-13T08:30:03","modified_gmt":"2026-01-13T08:30:03","slug":"round-and-flat-uv-curing-machine","status":"publish","type":"product","link":"https:\/\/autoprintmachine.com\/es\/maquina-de-curado-ultravioleta-redonda-y-plana\/","title":{"rendered":"M\u00e1quina de curado UV redonda y plana"},"content":{"rendered":"<h2>Introducci\u00f3n a la m\u00e1quina UV redonda:<\/h2>\n<p><strong>El AP-UV200RF<\/strong> La m\u00e1quina de curado UV plana y cil\u00edndrica se utiliza principalmente para curar tinta UV impresa en varias superficies, incluyendo botellas, contenedores y otros objetos cil\u00edndricos. Tambi\u00e9n puede curar superficies planas despu\u00e9s de ajustar el \u00e1ngulo de irradiaci\u00f3n de la luz. La velocidad del transportador es ajustable. La placa transportadora es de acero inoxidable y funciona sin problemas.<\/p>\n<h2>Especificaci\u00f3n de la m\u00e1quina de impresi\u00f3n UV plana:<\/h2>\n<table width=\"96%\">\n<tbody>\n<tr>\n<td width=\"50%\">N \u00ba de Modelo.:<\/td>\n<td width=\"50%\">AP-UV200RF<\/td>\n<\/tr>\n<tr>\n<td>Sistema de manejo:<\/td>\n<td>Sistema UV el\u00e9ctrico\/electr\u00f3nico<\/td>\n<\/tr>\n<tr>\n<td>Tama\u00f1o de apertura de botella adecuado<\/td>\n<td>Redondo: \u03a612-\u03a630mm<\/td>\n<\/tr>\n<tr>\n<td>Tama\u00f1o del cuerpo de la botella<\/td>\n<td>Altura: 25-300 mm<\/td>\n<\/tr>\n<tr>\n<td>Tama\u00f1o del producto plano:<\/td>\n<td>Anchura plana m\u00e1x.: 430 mm<br \/>\nAltura plana m\u00e1x.: 140 mm<\/td>\n<\/tr>\n<tr>\n<td>M\u00e1x. Velocidad del proceso:<\/td>\n<td>50 unidades\/minuto<\/td>\n<\/tr>\n<tr>\n<td>Voltaje:<\/td>\n<td>380V 50Hz trif\u00e1sico<\/td>\n<\/tr>\n<tr>\n<td>Potencia de la l\u00e1mpara UV:<\/td>\n<td>Una l\u00e1mpara, 5 kW<\/td>\n<\/tr>\n<tr>\n<td>Longitud de la cinta transportadora:<\/td>\n<td>2100 mil\u00edmetros<\/td>\n<\/tr>\n<tr>\n<td>Tama\u00f1o de la m\u00e1quina:<\/td>\n<td>L2200xAn750xAl1800 mm<\/td>\n<\/tr>\n<tr>\n<td>Tama\u00f1o embalado:<\/td>\n<td>L2470xAn830xAl1880 mm<\/td>\n<\/tr>\n<tr>\n<td>Peso neto:<\/td>\n<td>380 kg<\/td>\n<\/tr>\n<tr>\n<td>Peso bruto:<\/td>\n<td>450 kg<\/td>\n<\/tr>\n<\/tbody>\n<\/table>","protected":false},"excerpt":{"rendered":"<p>Esta m\u00e1quina de curado UV es adecuada para el curado UV de objetos redondos y planos. La velocidad de la cinta transportadora es ajustable. Al utilizar un sistema UV electr\u00f3nico, esta m\u00e1quina es m\u00e1s eficiente energ\u00e9ticamente que los sistemas UV tradicionales. Tambi\u00e9n podemos personalizar diferentes tama\u00f1os para satisfacer diversas necesidades de curado UV de productos.<\/p>","protected":false},"featured_media":384,"template":"","meta":[],"product_cat":[24],"class_list":{"0":"post-383","1":"product","2":"type-product","3":"status-publish","4":"has-post-thumbnail","6":"product_cat-auxiliary-equipment-for-screen-printing-and-pad-printing","8":"first","9":"instock","10":"shipping-taxable","11":"product-type-simple"},"acf":[],"yoast_head":"<!-- This site is optimized with the Yoast SEO plugin v23.9 - https:\/\/yoast.com\/wordpress\/plugins\/seo\/ -->\n<title>Round and Flat UV Curing Machine<\/title>\n<meta name=\"description\" content=\"The curing machine is mainly used for the curing of printed UV ink on various surfaces such as bottles containers and cylindrical objects.\" \/>\n<meta name=\"robots\" content=\"index, follow, max-snippet:-1, max-image-preview:large, max-video-preview:-1\" \/>\n<link rel=\"canonical\" href=\"https:\/\/autoprintmachine.com\/es\/maquina-de-curado-ultravioleta-redonda-y-plana\/\" \/>\n<meta property=\"og:locale\" content=\"es_ES\" \/>\n<meta property=\"og:type\" content=\"article\" \/>\n<meta property=\"og:title\" content=\"Round and Flat UV Curing Machine\" \/>\n<meta property=\"og:description\" content=\"The curing machine is mainly used for the curing of printed UV ink on various surfaces such as bottles containers and cylindrical objects.\" \/>\n<meta property=\"og:url\" content=\"https:\/\/autoprintmachine.com\/es\/maquina-de-curado-ultravioleta-redonda-y-plana\/\" \/>\n<meta property=\"article:modified_time\" content=\"2026-01-13T08:30:03+00:00\" \/>\n<meta property=\"og:image\" content=\"https:\/\/autoprintmachine.com\/wp-content\/uploads\/2020\/08\/OS-300RF.jpg\" \/>\n\t<meta property=\"og:image:width\" content=\"600\" \/>\n\t<meta property=\"og:image:height\" content=\"600\" \/>\n\t<meta property=\"og:image:type\" content=\"image\/jpeg\" \/>\n<meta name=\"twitter:card\" content=\"summary_large_image\" \/>\n<meta name=\"twitter:label1\" content=\"Tiempo de lectura\" \/>\n\t<meta name=\"twitter:data1\" content=\"1 minuto\" \/>\n<script type=\"application\/ld+json\" class=\"yoast-schema-graph\">{\"@context\":\"https:\/\/schema.org\",\"@graph\":[{\"@type\":\"WebPage\",\"@id\":\"https:\/\/autoprintmachine.com\/round-and-flat-uv-curing-machine\/\",\"url\":\"https:\/\/autoprintmachine.com\/round-and-flat-uv-curing-machine\/\",\"name\":\"Round and Flat UV Curing Machine\",\"isPartOf\":{\"@id\":\"https:\/\/autoprintmachine.com\/#website\"},\"primaryImageOfPage\":{\"@id\":\"https:\/\/autoprintmachine.com\/round-and-flat-uv-curing-machine\/#primaryimage\"},\"image\":{\"@id\":\"https:\/\/autoprintmachine.com\/round-and-flat-uv-curing-machine\/#primaryimage\"},\"thumbnailUrl\":\"https:\/\/autoprintmachine.com\/wp-content\/uploads\/2020\/08\/OS-300RF.jpg\",\"datePublished\":\"2020-08-15T03:17:45+00:00\",\"dateModified\":\"2026-01-13T08:30:03+00:00\",\"description\":\"The curing machine is mainly used for the curing of printed UV ink on various surfaces such as bottles containers and cylindrical objects.\",\"breadcrumb\":{\"@id\":\"https:\/\/autoprintmachine.com\/round-and-flat-uv-curing-machine\/#breadcrumb\"},\"inLanguage\":\"es\",\"potentialAction\":[{\"@type\":\"ReadAction\",\"target\":[\"https:\/\/autoprintmachine.com\/round-and-flat-uv-curing-machine\/\"]}]},{\"@type\":\"ImageObject\",\"inLanguage\":\"es\",\"@id\":\"https:\/\/autoprintmachine.com\/round-and-flat-uv-curing-machine\/#primaryimage\",\"url\":\"https:\/\/autoprintmachine.com\/wp-content\/uploads\/2020\/08\/OS-300RF.jpg\",\"contentUrl\":\"https:\/\/autoprintmachine.com\/wp-content\/uploads\/2020\/08\/OS-300RF.jpg\",\"width\":600,\"height\":600},{\"@type\":\"BreadcrumbList\",\"@id\":\"https:\/\/autoprintmachine.com\/round-and-flat-uv-curing-machine\/#breadcrumb\",\"itemListElement\":[{\"@type\":\"ListItem\",\"position\":1,\"name\":\"Home\",\"item\":\"https:\/\/autoprintmachine.com\/\"},{\"@type\":\"ListItem\",\"position\":2,\"name\":\"Products\",\"item\":\"https:\/\/autoprintmachine.com\/shop\/\"},{\"@type\":\"ListItem\",\"position\":3,\"name\":\"Round and Flat UV Curing Machine\"}]},{\"@type\":\"WebSite\",\"@id\":\"https:\/\/autoprintmachine.com\/#website\",\"url\":\"https:\/\/autoprintmachine.com\/\",\"name\":\"\",\"description\":\"\",\"potentialAction\":[{\"@type\":\"SearchAction\",\"target\":{\"@type\":\"EntryPoint\",\"urlTemplate\":\"https:\/\/autoprintmachine.com\/?s={search_term_string}\"},\"query-input\":{\"@type\":\"PropertyValueSpecification\",\"valueRequired\":true,\"valueName\":\"search_term_string\"}}],\"inLanguage\":\"es\"}]}<\/script>\n<!-- \/ Yoast SEO plugin. -->","yoast_head_json":{"title":"Round and Flat UV Curing Machine","description":"The curing machine is mainly used for the curing of printed UV ink on various surfaces such as bottles containers and cylindrical objects.","robots":{"index":"index","follow":"follow","max-snippet":"max-snippet:-1","max-image-preview":"max-image-preview:large","max-video-preview":"max-video-preview:-1"},"canonical":"https:\/\/autoprintmachine.com\/es\/maquina-de-curado-ultravioleta-redonda-y-plana\/","og_locale":"es_ES","og_type":"article","og_title":"Round and Flat UV Curing Machine","og_description":"The curing machine is mainly used for the curing of printed UV ink on various surfaces such as bottles containers and cylindrical objects.","og_url":"https:\/\/autoprintmachine.com\/es\/maquina-de-curado-ultravioleta-redonda-y-plana\/","article_modified_time":"2026-01-13T08:30:03+00:00","og_image":[{"width":600,"height":600,"url":"https:\/\/autoprintmachine.com\/wp-content\/uploads\/2020\/08\/OS-300RF.jpg","type":"image\/jpeg"}],"twitter_card":"summary_large_image","twitter_misc":{"Tiempo de lectura":"1 minuto"},"schema":{"@context":"https:\/\/schema.org","@graph":[{"@type":"WebPage","@id":"https:\/\/autoprintmachine.com\/round-and-flat-uv-curing-machine\/","url":"https:\/\/autoprintmachine.com\/round-and-flat-uv-curing-machine\/","name":"Round and Flat UV Curing Machine","isPartOf":{"@id":"https:\/\/autoprintmachine.com\/#website"},"primaryImageOfPage":{"@id":"https:\/\/autoprintmachine.com\/round-and-flat-uv-curing-machine\/#primaryimage"},"image":{"@id":"https:\/\/autoprintmachine.com\/round-and-flat-uv-curing-machine\/#primaryimage"},"thumbnailUrl":"https:\/\/autoprintmachine.com\/wp-content\/uploads\/2020\/08\/OS-300RF.jpg","datePublished":"2020-08-15T03:17:45+00:00","dateModified":"2026-01-13T08:30:03+00:00","description":"The curing machine is mainly used for the curing of printed UV ink on various surfaces such as bottles containers and cylindrical objects.","breadcrumb":{"@id":"https:\/\/autoprintmachine.com\/round-and-flat-uv-curing-machine\/#breadcrumb"},"inLanguage":"es","potentialAction":[{"@type":"ReadAction","target":["https:\/\/autoprintmachine.com\/round-and-flat-uv-curing-machine\/"]}]},{"@type":"ImageObject","inLanguage":"es","@id":"https:\/\/autoprintmachine.com\/round-and-flat-uv-curing-machine\/#primaryimage","url":"https:\/\/autoprintmachine.com\/wp-content\/uploads\/2020\/08\/OS-300RF.jpg","contentUrl":"https:\/\/autoprintmachine.com\/wp-content\/uploads\/2020\/08\/OS-300RF.jpg","width":600,"height":600},{"@type":"BreadcrumbList","@id":"https:\/\/autoprintmachine.com\/round-and-flat-uv-curing-machine\/#breadcrumb","itemListElement":[{"@type":"ListItem","position":1,"name":"Home","item":"https:\/\/autoprintmachine.com\/"},{"@type":"ListItem","position":2,"name":"Products","item":"https:\/\/autoprintmachine.com\/shop\/"},{"@type":"ListItem","position":3,"name":"Round and Flat UV Curing Machine"}]},{"@type":"WebSite","@id":"https:\/\/autoprintmachine.com\/#website","url":"https:\/\/autoprintmachine.com\/","name":"","description":"","potentialAction":[{"@type":"SearchAction","target":{"@type":"EntryPoint","urlTemplate":"https:\/\/autoprintmachine.com\/?s={search_term_string}"},"query-input":{"@type":"PropertyValueSpecification","valueRequired":true,"valueName":"search_term_string"}}],"inLanguage":"es"}]}},"_links":{"self":[{"href":"https:\/\/autoprintmachine.com\/es\/wp-json\/wp\/v2\/product\/383","targetHints":{"allow":["GET"]}}],"collection":[{"href":"https:\/\/autoprintmachine.com\/es\/wp-json\/wp\/v2\/product"}],"about":[{"href":"https:\/\/autoprintmachine.com\/es\/wp-json\/wp\/v2\/types\/product"}],"wp:featuredmedia":[{"embeddable":true,"href":"https:\/\/autoprintmachine.com\/es\/wp-json\/wp\/v2\/media\/384"}],"wp:attachment":[{"href":"https:\/\/autoprintmachine.com\/es\/wp-json\/wp\/v2\/media?parent=383"}],"wp:term":[{"taxonomy":"product_cat","embeddable":true,"href":"https:\/\/autoprintmachine.com\/es\/wp-json\/wp\/v2\/product_cat?post=383"}],"curies":[{"name":"wp","href":"https:\/\/api.w.org\/{rel}","templated":true}]}}