{"id":386,"date":"2020-08-15T03:58:53","date_gmt":"2020-08-15T03:58:53","guid":{"rendered":"https:\/\/onceauto.seowaimao.com\/?post_type=product&#038;p=386"},"modified":"2026-01-13T08:41:49","modified_gmt":"2026-01-13T08:41:49","slug":"flame-treatment-unit","status":"publish","type":"product","link":"https:\/\/autoprintmachine.com\/es\/unidad-de-tratamiento-de-llama\/","title":{"rendered":"Unidad de tratamiento de llama"},"content":{"rendered":"<h2>Introducci\u00f3n a la unidad de tratamiento de llama:<\/h2>\n<p>La unidad de tratamiento de llama AP-F200 es una m\u00e1quina auxiliar para el tratamiento de superficies de productos. Se utiliza principalmente para tratar con llama las superficies de piezas de pl\u00e1stico de PP, PE, HDPE, etc., para mejorar la adherencia de la tinta.<br \/>\nCuenta con una cinta transportadora de acero inoxidable, autoencendido, f\u00e1cil manejo y cambio r\u00e1pido.<\/p>\n<h2>Especificaci\u00f3n de la unidad de tratamiento de llama:<\/h2>\n<table width=\"600\">\n<tbody>\n<tr>\n<td>N \u00ba de Modelo.<\/td>\n<td>AP-F200<\/td>\n<\/tr>\n<tr>\n<td>Di\u00e1metro de apertura del producto<\/td>\n<td>\u00d810-\u00d830 mm<\/td>\n<\/tr>\n<tr>\n<td>Altura del producto<\/td>\n<td>25-250 mil\u00edmetros<\/td>\n<\/tr>\n<tr>\n<td>Velocidad m\u00e1xima de procesamiento<\/td>\n<td>3000 unidades\/hora<\/td>\n<\/tr>\n<tr>\n<td>Fuente de alimentaci\u00f3n<\/td>\n<td>220 V, 120 W<\/td>\n<\/tr>\n<tr>\n<td>Consumo de aire<\/td>\n<td>4-6 bar<\/td>\n<\/tr>\n<tr>\n<td>Combustible<\/td>\n<td>GLP (gas licuado de petr\u00f3leo)<\/td>\n<\/tr>\n<tr>\n<td>Dimensiones de la m\u00e1quina<\/td>\n<td>L2200 \u00d7 An600 \u00d7 Al1200 mm<\/td>\n<\/tr>\n<tr>\n<td>Dimensiones de la caja<\/td>\n<td>L2460 \u00d7 An690 \u00d7 Al1340 mm<\/td>\n<\/tr>\n<tr>\n<td>Peso neto<\/td>\n<td>180 kilogramos<\/td>\n<\/tr>\n<tr>\n<td>Peso bruto<\/td>\n<td>260 kilos<\/td>\n<\/tr>\n<\/tbody>\n<\/table>","protected":false},"excerpt":{"rendered":"<p>Esta m\u00e1quina de tratamiento por llama est\u00e1 dise\u00f1ada para el tratamiento de superficies de productos pl\u00e1sticos con el fin de mejorar la adherencia de la tinta tanto para tampograf\u00eda como para serigraf\u00eda. Se suele utilizar en materiales como PP, PE, HDPE, LDPE, etc. El transportador es de acero inoxidable con velocidad ajustable. La funci\u00f3n de auto-encendido hace que la operaci\u00f3n sea m\u00e1s f\u00e1cil y segura.<\/p>\n<p>Tambi\u00e9n hay disponibles otros tama\u00f1os y unidades de tratamiento de llama personalizadas.<\/p>","protected":false},"featured_media":387,"template":"","meta":[],"product_cat":[24],"class_list":{"0":"post-386","1":"product","2":"type-product","3":"status-publish","4":"has-post-thumbnail","6":"product_cat-auxiliary-equipment-for-screen-printing-and-pad-printing","8":"first","9":"instock","10":"shipping-taxable","11":"product-type-simple"},"acf":[],"yoast_head":"<!-- This site is optimized with the Yoast SEO plugin v23.9 - https:\/\/yoast.com\/wordpress\/plugins\/seo\/ -->\n<title>Flame Treatment Unit<\/title>\n<meta name=\"description\" content=\"This AP-F200 flame treatment unit is mostly used in plastic part like PP, PE, HDPE, etc. To make the part have better ink adhesion.\" \/>\n<meta name=\"robots\" content=\"index, follow, max-snippet:-1, max-image-preview:large, max-video-preview:-1\" \/>\n<link rel=\"canonical\" href=\"https:\/\/autoprintmachine.com\/es\/unidad-de-tratamiento-de-llama\/\" \/>\n<meta property=\"og:locale\" content=\"es_ES\" \/>\n<meta property=\"og:type\" content=\"article\" \/>\n<meta property=\"og:title\" content=\"Flame Treatment Unit\" \/>\n<meta property=\"og:description\" content=\"This AP-F200 flame treatment unit is mostly used in plastic part like PP, PE, HDPE, etc. To make the part have better ink adhesion.\" \/>\n<meta property=\"og:url\" content=\"https:\/\/autoprintmachine.com\/es\/unidad-de-tratamiento-de-llama\/\" \/>\n<meta property=\"article:modified_time\" content=\"2026-01-13T08:41:49+00:00\" \/>\n<meta property=\"og:image\" content=\"https:\/\/autoprintmachine.com\/wp-content\/uploads\/2020\/08\/OS-220.jpg\" \/>\n\t<meta property=\"og:image:width\" content=\"600\" \/>\n\t<meta property=\"og:image:height\" content=\"600\" \/>\n\t<meta property=\"og:image:type\" content=\"image\/jpeg\" \/>\n<meta name=\"twitter:card\" content=\"summary_large_image\" \/>\n<meta name=\"twitter:label1\" content=\"Tiempo de lectura\" \/>\n\t<meta name=\"twitter:data1\" content=\"1 minuto\" \/>\n<script type=\"application\/ld+json\" class=\"yoast-schema-graph\">{\"@context\":\"https:\/\/schema.org\",\"@graph\":[{\"@type\":\"WebPage\",\"@id\":\"https:\/\/autoprintmachine.com\/flame-treatment-unit\/\",\"url\":\"https:\/\/autoprintmachine.com\/flame-treatment-unit\/\",\"name\":\"Flame Treatment Unit\",\"isPartOf\":{\"@id\":\"https:\/\/autoprintmachine.com\/#website\"},\"primaryImageOfPage\":{\"@id\":\"https:\/\/autoprintmachine.com\/flame-treatment-unit\/#primaryimage\"},\"image\":{\"@id\":\"https:\/\/autoprintmachine.com\/flame-treatment-unit\/#primaryimage\"},\"thumbnailUrl\":\"https:\/\/autoprintmachine.com\/wp-content\/uploads\/2020\/08\/OS-220.jpg\",\"datePublished\":\"2020-08-15T03:58:53+00:00\",\"dateModified\":\"2026-01-13T08:41:49+00:00\",\"description\":\"This AP-F200 flame treatment unit is mostly used in plastic part like PP, PE, HDPE, etc. To make the part have better ink adhesion.\",\"breadcrumb\":{\"@id\":\"https:\/\/autoprintmachine.com\/flame-treatment-unit\/#breadcrumb\"},\"inLanguage\":\"es\",\"potentialAction\":[{\"@type\":\"ReadAction\",\"target\":[\"https:\/\/autoprintmachine.com\/flame-treatment-unit\/\"]}]},{\"@type\":\"ImageObject\",\"inLanguage\":\"es\",\"@id\":\"https:\/\/autoprintmachine.com\/flame-treatment-unit\/#primaryimage\",\"url\":\"https:\/\/autoprintmachine.com\/wp-content\/uploads\/2020\/08\/OS-220.jpg\",\"contentUrl\":\"https:\/\/autoprintmachine.com\/wp-content\/uploads\/2020\/08\/OS-220.jpg\",\"width\":600,\"height\":600},{\"@type\":\"BreadcrumbList\",\"@id\":\"https:\/\/autoprintmachine.com\/flame-treatment-unit\/#breadcrumb\",\"itemListElement\":[{\"@type\":\"ListItem\",\"position\":1,\"name\":\"Home\",\"item\":\"https:\/\/autoprintmachine.com\/\"},{\"@type\":\"ListItem\",\"position\":2,\"name\":\"Products\",\"item\":\"https:\/\/autoprintmachine.com\/shop\/\"},{\"@type\":\"ListItem\",\"position\":3,\"name\":\"Flame Treatment Unit\"}]},{\"@type\":\"WebSite\",\"@id\":\"https:\/\/autoprintmachine.com\/#website\",\"url\":\"https:\/\/autoprintmachine.com\/\",\"name\":\"\",\"description\":\"\",\"potentialAction\":[{\"@type\":\"SearchAction\",\"target\":{\"@type\":\"EntryPoint\",\"urlTemplate\":\"https:\/\/autoprintmachine.com\/?s={search_term_string}\"},\"query-input\":{\"@type\":\"PropertyValueSpecification\",\"valueRequired\":true,\"valueName\":\"search_term_string\"}}],\"inLanguage\":\"es\"}]}<\/script>\n<!-- \/ Yoast SEO plugin. -->","yoast_head_json":{"title":"Flame Treatment Unit","description":"This AP-F200 flame treatment unit is mostly used in plastic part like PP, PE, HDPE, etc. To make the part have better ink adhesion.","robots":{"index":"index","follow":"follow","max-snippet":"max-snippet:-1","max-image-preview":"max-image-preview:large","max-video-preview":"max-video-preview:-1"},"canonical":"https:\/\/autoprintmachine.com\/es\/unidad-de-tratamiento-de-llama\/","og_locale":"es_ES","og_type":"article","og_title":"Flame Treatment Unit","og_description":"This AP-F200 flame treatment unit is mostly used in plastic part like PP, PE, HDPE, etc. To make the part have better ink adhesion.","og_url":"https:\/\/autoprintmachine.com\/es\/unidad-de-tratamiento-de-llama\/","article_modified_time":"2026-01-13T08:41:49+00:00","og_image":[{"width":600,"height":600,"url":"https:\/\/autoprintmachine.com\/wp-content\/uploads\/2020\/08\/OS-220.jpg","type":"image\/jpeg"}],"twitter_card":"summary_large_image","twitter_misc":{"Tiempo de lectura":"1 minuto"},"schema":{"@context":"https:\/\/schema.org","@graph":[{"@type":"WebPage","@id":"https:\/\/autoprintmachine.com\/flame-treatment-unit\/","url":"https:\/\/autoprintmachine.com\/flame-treatment-unit\/","name":"Flame Treatment Unit","isPartOf":{"@id":"https:\/\/autoprintmachine.com\/#website"},"primaryImageOfPage":{"@id":"https:\/\/autoprintmachine.com\/flame-treatment-unit\/#primaryimage"},"image":{"@id":"https:\/\/autoprintmachine.com\/flame-treatment-unit\/#primaryimage"},"thumbnailUrl":"https:\/\/autoprintmachine.com\/wp-content\/uploads\/2020\/08\/OS-220.jpg","datePublished":"2020-08-15T03:58:53+00:00","dateModified":"2026-01-13T08:41:49+00:00","description":"This AP-F200 flame treatment unit is mostly used in plastic part like PP, PE, HDPE, etc. To make the part have better ink adhesion.","breadcrumb":{"@id":"https:\/\/autoprintmachine.com\/flame-treatment-unit\/#breadcrumb"},"inLanguage":"es","potentialAction":[{"@type":"ReadAction","target":["https:\/\/autoprintmachine.com\/flame-treatment-unit\/"]}]},{"@type":"ImageObject","inLanguage":"es","@id":"https:\/\/autoprintmachine.com\/flame-treatment-unit\/#primaryimage","url":"https:\/\/autoprintmachine.com\/wp-content\/uploads\/2020\/08\/OS-220.jpg","contentUrl":"https:\/\/autoprintmachine.com\/wp-content\/uploads\/2020\/08\/OS-220.jpg","width":600,"height":600},{"@type":"BreadcrumbList","@id":"https:\/\/autoprintmachine.com\/flame-treatment-unit\/#breadcrumb","itemListElement":[{"@type":"ListItem","position":1,"name":"Home","item":"https:\/\/autoprintmachine.com\/"},{"@type":"ListItem","position":2,"name":"Products","item":"https:\/\/autoprintmachine.com\/shop\/"},{"@type":"ListItem","position":3,"name":"Flame Treatment Unit"}]},{"@type":"WebSite","@id":"https:\/\/autoprintmachine.com\/#website","url":"https:\/\/autoprintmachine.com\/","name":"","description":"","potentialAction":[{"@type":"SearchAction","target":{"@type":"EntryPoint","urlTemplate":"https:\/\/autoprintmachine.com\/?s={search_term_string}"},"query-input":{"@type":"PropertyValueSpecification","valueRequired":true,"valueName":"search_term_string"}}],"inLanguage":"es"}]}},"_links":{"self":[{"href":"https:\/\/autoprintmachine.com\/es\/wp-json\/wp\/v2\/product\/386","targetHints":{"allow":["GET"]}}],"collection":[{"href":"https:\/\/autoprintmachine.com\/es\/wp-json\/wp\/v2\/product"}],"about":[{"href":"https:\/\/autoprintmachine.com\/es\/wp-json\/wp\/v2\/types\/product"}],"wp:featuredmedia":[{"embeddable":true,"href":"https:\/\/autoprintmachine.com\/es\/wp-json\/wp\/v2\/media\/387"}],"wp:attachment":[{"href":"https:\/\/autoprintmachine.com\/es\/wp-json\/wp\/v2\/media?parent=386"}],"wp:term":[{"taxonomy":"product_cat","embeddable":true,"href":"https:\/\/autoprintmachine.com\/es\/wp-json\/wp\/v2\/product_cat?post=386"}],"curies":[{"name":"wp","href":"https:\/\/api.w.org\/{rel}","templated":true}]}}