{"id":388,"date":"2020-08-15T04:14:21","date_gmt":"2020-08-15T04:14:21","guid":{"rendered":"https:\/\/onceauto.seowaimao.com\/?post_type=product&#038;p=388"},"modified":"2026-01-13T09:04:17","modified_gmt":"2026-01-13T09:04:17","slug":"led-vacuum-exposure-unit","status":"publish","type":"product","link":"https:\/\/autoprintmachine.com\/es\/unidad-de-exposicion-al-vacio-led\/","title":{"rendered":"Unidad de exposici\u00f3n LED"},"content":{"rendered":"<h2>Unidad de exposici\u00f3n LED Introducci\u00f3n:<\/h2>\n<p>La AP-LED4060 es una m\u00e1quina de exposici\u00f3n LED de bajo consumo. Esta unidad de exposici\u00f3n LED ofrece muchas ventajas, como una vida \u00fatil considerablemente m\u00e1s larga de la fuente de luz, un bajo consumo de energ\u00eda, una estructura compacta, una iluminaci\u00f3n m\u00e1s uniforme y una mayor eficiencia de producci\u00f3n. Al adoptar los conceptos de protecci\u00f3n del medio ambiente y bajas emisiones de carbono, representa una mejor opci\u00f3n para los clientes.<\/p>\n<h2>Caracter\u00edsticas de la unidad de exposici\u00f3n LED:<\/h2>\n<ol>\n<li>Baja potencia, alta energ\u00eda de longitud de onda efectiva, emisiones sin ozono, baja emisi\u00f3n de carbono y respetuosa con el medio ambiente.<\/li>\n<li>Amplia compatibilidad, adecuada para la mayor\u00eda de las emulsiones fotosensibles de las marcas.<\/li>\n<li>Equipado con un sistema de refrigeraci\u00f3n por agua. Por lo tanto, puede reducir todo tipo de factores inestables causados por el calentamiento del vidrio y mantener la estabilidad de la calidad de exposici\u00f3n del clich\u00e9.<\/li>\n<li>Un temporizador controlado digitalmente reduce en gran medida la probabilidad de sobreexposici\u00f3n o subexposici\u00f3n.<\/li>\n<li>La iluminaci\u00f3n es m\u00e1s uniforme que la de una l\u00e1mpara convencional, por lo que las l\u00edneas del patr\u00f3n son m\u00e1s claras. Y puede reducir en gran medida la dentadura o la situaci\u00f3n patr\u00f3n de onda.<\/li>\n<li>Funcionamiento r\u00e1pido y sencillo: cuando la l\u00e1mpara LED se enciende, el valor de energ\u00eda espectral se alcanza inmediatamente y puede exponer el clich\u00e9 al mismo tiempo.<\/li>\n<\/ol>\n<h2>Especificaciones de la unidad de exposici\u00f3n LED:<\/h2>\n<table style=\"height: 239px;\" width=\"555\">\n<tbody>\n<tr>\n<td width=\"179\">N \u00ba de Modelo.<\/td>\n<td width=\"200\">AP-LED4060<\/td>\n<\/tr>\n<tr>\n<td width=\"179\">\u00c1rea m\u00e1xima de exposici\u00f3n<\/td>\n<td width=\"200\">210x330mm<\/td>\n<\/tr>\n<tr>\n<td width=\"179\">Tama\u00f1o del vaso<\/td>\n<td width=\"200\">395x495mm<\/td>\n<\/tr>\n<tr>\n<td width=\"179\">Espesor del vidrio<\/td>\n<td width=\"200\">10 mil\u00edmetros<\/td>\n<\/tr>\n<tr>\n<td width=\"179\">Fuente de luz UV<\/td>\n<td width=\"200\">LED, 120W<\/td>\n<\/tr>\n<tr>\n<td width=\"179\">Nivel de vac\u00edo<\/td>\n<td width=\"200\">-600 mmHg<\/td>\n<\/tr>\n<tr>\n<td width=\"179\">Alimentaci\u00f3n<\/td>\n<td width=\"200\">CA 220 V, 50 Hz, monof\u00e1sica<\/td>\n<\/tr>\n<tr>\n<td width=\"179\">Dimensiones totales<\/td>\n<td width=\"200\">400 \u00d7 500 \u00d7 600 mm (largo \u00d7 ancho \u00d7 alto)<\/td>\n<\/tr>\n<tr>\n<td width=\"179\">Peso neto<\/td>\n<td width=\"200\">28 kilogramos<\/td>\n<\/tr>\n<\/tbody>\n<\/table>","protected":false},"excerpt":{"rendered":"<p>La unidad de exposici\u00f3n es una pieza esencial del equipo de preimpresi\u00f3n, muy utilizada para fabricar planchas de tampograf\u00eda (clich\u00e9s) y marcos de serigraf\u00eda. La unidad de exposici\u00f3n Auto Print LED cuenta con un sistema de luz LED fr\u00eda de bajo consumo, alta producci\u00f3n de energ\u00eda en longitudes de onda efectivas y un dise\u00f1o respetuoso con el medio ambiente y con bajas emisiones de carbono. Este modelo tiene un tama\u00f1o de cristal de 395 \u00d7 495 mm. Tambi\u00e9n ofrecemos otros tama\u00f1os, como 600 \u00d7 900 mm y 800 \u00d7 1200 mm, y tama\u00f1os personalizados.<\/p>","protected":false},"featured_media":389,"template":"","meta":[],"product_cat":[24],"class_list":{"0":"post-388","1":"product","2":"type-product","3":"status-publish","4":"has-post-thumbnail","6":"product_cat-auxiliary-equipment-for-screen-printing-and-pad-printing","8":"first","9":"instock","10":"shipping-taxable","11":"product-type-simple"},"acf":[],"yoast_head":"<!-- This site is optimized with the Yoast SEO plugin v23.9 - https:\/\/yoast.com\/wordpress\/plugins\/seo\/ -->\n<title>LED Exposure Unit<\/title>\n<meta name=\"description\" content=\"This LED exposure has long light source lifetime extended, low energy consumption, uniform illumination,higher production efficiency.\" \/>\n<meta name=\"robots\" content=\"index, follow, max-snippet:-1, max-image-preview:large, max-video-preview:-1\" \/>\n<link rel=\"canonical\" href=\"https:\/\/autoprintmachine.com\/es\/unidad-de-exposicion-al-vacio-led\/\" \/>\n<meta property=\"og:locale\" content=\"es_ES\" \/>\n<meta property=\"og:type\" content=\"article\" \/>\n<meta property=\"og:title\" content=\"LED Exposure Unit\" \/>\n<meta property=\"og:description\" content=\"This LED exposure has long light source lifetime extended, low energy consumption, uniform illumination,higher production efficiency.\" \/>\n<meta property=\"og:url\" content=\"https:\/\/autoprintmachine.com\/es\/unidad-de-exposicion-al-vacio-led\/\" \/>\n<meta property=\"article:modified_time\" content=\"2026-01-13T09:04:17+00:00\" \/>\n<meta property=\"og:image\" content=\"https:\/\/autoprintmachine.com\/wp-content\/uploads\/2020\/08\/OS-LED4060.jpg\" \/>\n\t<meta property=\"og:image:width\" content=\"600\" \/>\n\t<meta property=\"og:image:height\" content=\"600\" \/>\n\t<meta property=\"og:image:type\" content=\"image\/jpeg\" \/>\n<meta name=\"twitter:card\" content=\"summary_large_image\" \/>\n<meta name=\"twitter:label1\" content=\"Tiempo de lectura\" \/>\n\t<meta name=\"twitter:data1\" content=\"2 minutos\" \/>\n<script type=\"application\/ld+json\" class=\"yoast-schema-graph\">{\"@context\":\"https:\/\/schema.org\",\"@graph\":[{\"@type\":\"WebPage\",\"@id\":\"https:\/\/autoprintmachine.com\/led-vacuum-exposure-unit\/\",\"url\":\"https:\/\/autoprintmachine.com\/led-vacuum-exposure-unit\/\",\"name\":\"LED Exposure Unit\",\"isPartOf\":{\"@id\":\"https:\/\/autoprintmachine.com\/#website\"},\"primaryImageOfPage\":{\"@id\":\"https:\/\/autoprintmachine.com\/led-vacuum-exposure-unit\/#primaryimage\"},\"image\":{\"@id\":\"https:\/\/autoprintmachine.com\/led-vacuum-exposure-unit\/#primaryimage\"},\"thumbnailUrl\":\"https:\/\/autoprintmachine.com\/wp-content\/uploads\/2020\/08\/OS-LED4060.jpg\",\"datePublished\":\"2020-08-15T04:14:21+00:00\",\"dateModified\":\"2026-01-13T09:04:17+00:00\",\"description\":\"This LED exposure has long light source lifetime extended, low energy consumption, uniform illumination,higher production efficiency.\",\"breadcrumb\":{\"@id\":\"https:\/\/autoprintmachine.com\/led-vacuum-exposure-unit\/#breadcrumb\"},\"inLanguage\":\"es\",\"potentialAction\":[{\"@type\":\"ReadAction\",\"target\":[\"https:\/\/autoprintmachine.com\/led-vacuum-exposure-unit\/\"]}]},{\"@type\":\"ImageObject\",\"inLanguage\":\"es\",\"@id\":\"https:\/\/autoprintmachine.com\/led-vacuum-exposure-unit\/#primaryimage\",\"url\":\"https:\/\/autoprintmachine.com\/wp-content\/uploads\/2020\/08\/OS-LED4060.jpg\",\"contentUrl\":\"https:\/\/autoprintmachine.com\/wp-content\/uploads\/2020\/08\/OS-LED4060.jpg\",\"width\":600,\"height\":600},{\"@type\":\"BreadcrumbList\",\"@id\":\"https:\/\/autoprintmachine.com\/led-vacuum-exposure-unit\/#breadcrumb\",\"itemListElement\":[{\"@type\":\"ListItem\",\"position\":1,\"name\":\"Home\",\"item\":\"https:\/\/autoprintmachine.com\/\"},{\"@type\":\"ListItem\",\"position\":2,\"name\":\"Products\",\"item\":\"https:\/\/autoprintmachine.com\/shop\/\"},{\"@type\":\"ListItem\",\"position\":3,\"name\":\"LED Exposure Unit\"}]},{\"@type\":\"WebSite\",\"@id\":\"https:\/\/autoprintmachine.com\/#website\",\"url\":\"https:\/\/autoprintmachine.com\/\",\"name\":\"\",\"description\":\"\",\"potentialAction\":[{\"@type\":\"SearchAction\",\"target\":{\"@type\":\"EntryPoint\",\"urlTemplate\":\"https:\/\/autoprintmachine.com\/?s={search_term_string}\"},\"query-input\":{\"@type\":\"PropertyValueSpecification\",\"valueRequired\":true,\"valueName\":\"search_term_string\"}}],\"inLanguage\":\"es\"}]}<\/script>\n<!-- \/ Yoast SEO plugin. -->","yoast_head_json":{"title":"LED Exposure Unit","description":"This LED exposure has long light source lifetime extended, low energy consumption, uniform illumination,higher production efficiency.","robots":{"index":"index","follow":"follow","max-snippet":"max-snippet:-1","max-image-preview":"max-image-preview:large","max-video-preview":"max-video-preview:-1"},"canonical":"https:\/\/autoprintmachine.com\/es\/unidad-de-exposicion-al-vacio-led\/","og_locale":"es_ES","og_type":"article","og_title":"LED Exposure Unit","og_description":"This LED exposure has long light source lifetime extended, low energy consumption, uniform illumination,higher production efficiency.","og_url":"https:\/\/autoprintmachine.com\/es\/unidad-de-exposicion-al-vacio-led\/","article_modified_time":"2026-01-13T09:04:17+00:00","og_image":[{"width":600,"height":600,"url":"https:\/\/autoprintmachine.com\/wp-content\/uploads\/2020\/08\/OS-LED4060.jpg","type":"image\/jpeg"}],"twitter_card":"summary_large_image","twitter_misc":{"Tiempo de lectura":"2 minutos"},"schema":{"@context":"https:\/\/schema.org","@graph":[{"@type":"WebPage","@id":"https:\/\/autoprintmachine.com\/led-vacuum-exposure-unit\/","url":"https:\/\/autoprintmachine.com\/led-vacuum-exposure-unit\/","name":"LED Exposure Unit","isPartOf":{"@id":"https:\/\/autoprintmachine.com\/#website"},"primaryImageOfPage":{"@id":"https:\/\/autoprintmachine.com\/led-vacuum-exposure-unit\/#primaryimage"},"image":{"@id":"https:\/\/autoprintmachine.com\/led-vacuum-exposure-unit\/#primaryimage"},"thumbnailUrl":"https:\/\/autoprintmachine.com\/wp-content\/uploads\/2020\/08\/OS-LED4060.jpg","datePublished":"2020-08-15T04:14:21+00:00","dateModified":"2026-01-13T09:04:17+00:00","description":"This LED exposure has long light source lifetime extended, low energy consumption, uniform illumination,higher production efficiency.","breadcrumb":{"@id":"https:\/\/autoprintmachine.com\/led-vacuum-exposure-unit\/#breadcrumb"},"inLanguage":"es","potentialAction":[{"@type":"ReadAction","target":["https:\/\/autoprintmachine.com\/led-vacuum-exposure-unit\/"]}]},{"@type":"ImageObject","inLanguage":"es","@id":"https:\/\/autoprintmachine.com\/led-vacuum-exposure-unit\/#primaryimage","url":"https:\/\/autoprintmachine.com\/wp-content\/uploads\/2020\/08\/OS-LED4060.jpg","contentUrl":"https:\/\/autoprintmachine.com\/wp-content\/uploads\/2020\/08\/OS-LED4060.jpg","width":600,"height":600},{"@type":"BreadcrumbList","@id":"https:\/\/autoprintmachine.com\/led-vacuum-exposure-unit\/#breadcrumb","itemListElement":[{"@type":"ListItem","position":1,"name":"Home","item":"https:\/\/autoprintmachine.com\/"},{"@type":"ListItem","position":2,"name":"Products","item":"https:\/\/autoprintmachine.com\/shop\/"},{"@type":"ListItem","position":3,"name":"LED Exposure Unit"}]},{"@type":"WebSite","@id":"https:\/\/autoprintmachine.com\/#website","url":"https:\/\/autoprintmachine.com\/","name":"","description":"","potentialAction":[{"@type":"SearchAction","target":{"@type":"EntryPoint","urlTemplate":"https:\/\/autoprintmachine.com\/?s={search_term_string}"},"query-input":{"@type":"PropertyValueSpecification","valueRequired":true,"valueName":"search_term_string"}}],"inLanguage":"es"}]}},"_links":{"self":[{"href":"https:\/\/autoprintmachine.com\/es\/wp-json\/wp\/v2\/product\/388","targetHints":{"allow":["GET"]}}],"collection":[{"href":"https:\/\/autoprintmachine.com\/es\/wp-json\/wp\/v2\/product"}],"about":[{"href":"https:\/\/autoprintmachine.com\/es\/wp-json\/wp\/v2\/types\/product"}],"wp:featuredmedia":[{"embeddable":true,"href":"https:\/\/autoprintmachine.com\/es\/wp-json\/wp\/v2\/media\/389"}],"wp:attachment":[{"href":"https:\/\/autoprintmachine.com\/es\/wp-json\/wp\/v2\/media?parent=388"}],"wp:term":[{"taxonomy":"product_cat","embeddable":true,"href":"https:\/\/autoprintmachine.com\/es\/wp-json\/wp\/v2\/product_cat?post=388"}],"curies":[{"name":"wp","href":"https:\/\/api.w.org\/{rel}","templated":true}]}}