{"id":391,"date":"2020-08-15T08:17:06","date_gmt":"2020-08-15T08:17:06","guid":{"rendered":"https:\/\/onceauto.seowaimao.com\/?post_type=product&#038;p=391"},"modified":"2026-01-21T03:07:56","modified_gmt":"2026-01-21T03:07:56","slug":"anillos-de-ceramica-y-carburo-de-wolframio-para-tampografia","status":"publish","type":"product","link":"https:\/\/autoprintmachine.com\/es\/anillos-de-ceramica-y-carburo-de-wolframio-para-tampografia\/","title":{"rendered":"Anillos de cer\u00e1mica y carburo de tungsteno para tampograf\u00eda"},"content":{"rendered":"<p>El anillo (de cer\u00e1mica o carburo de tungsteno) es un componente del tintero de tampograf\u00eda. Debido al prolongado rascado contra el clich\u00e9, el anillo se desgasta con el tiempo y es necesario sustituirlo. El anillo es una pieza consumible en las m\u00e1quinas de tampograf\u00eda.<\/p>\n<p><strong>Anillo de cer\u00e1mica:<\/strong><\/p>\n<p>Est\u00e1 hecho de circonio, que es resistente a la abrasi\u00f3n. No es tan duro como el carburo de tungsteno, pero cuesta menos que un anillo de carburo de tungsteno. As\u00ed que el anillo de cer\u00e1mica es el anillo est\u00e1ndar utilizado en la taza para la mayor\u00eda de los usuarios de tampograf\u00eda.<\/p>\n<p><strong>Anillo de carburo de tungsteno:<\/strong><\/p>\n<p>Ofrece una gran resistencia a la abrasi\u00f3n y una excelente dureza. Por lo tanto, para un uso a largo plazo, algunos usuarios de m\u00e1quinas de tampograf\u00eda eligen este tipo de anillo. Pero cuesta un poco m\u00e1s que el anillo de cer\u00e1mica.<\/p>\n<p>Especificaci\u00f3n del anillo:<\/p>\n<p>Los anillos (tanto de cer\u00e1mica como de carburo de tungsteno) tienen las siguientes especificaciones:<\/p>\n<p><strong>Una sola hoja:<\/strong> el anillo tiene una hoja en un solo lado.<br \/>\n<strong>Doble hoja:<\/strong> el anillo tiene cuchillas en ambos lados.<br \/>\n<strong>Bisel exterior:<\/strong> biselado de fuera a dentro, formando el filo de la cuchilla.<br \/>\n<strong>Bisel interior:<\/strong> biselado de dentro a fuera, formando el filo de la cuchilla.<br \/>\n<strong>Doble bisel (interior y exterior)<\/strong>: biselado desde el interior y el exterior hacia el centro, formando el filo de la hoja.<\/p>\n<p>Las descripciones de los anillos suelen constar de 2 partes, como \u201choja simple, bisel exterior\u201d, \u201choja doble, bisel interior y exterior\u201d, etc.<\/p>\n<p>&nbsp;<\/p>\n<div class=\"row\"  id=\"row-2046631139\">\n\n\t<div id=\"col-1583044344\" class=\"col small-12 large-12\"  >\n\t\t\t\t<div class=\"col-inner text-center\"  >\n\t\t\t\n\t\t\t\n\t<div class=\"img has-hover x md-x lg-x y md-y lg-y\" id=\"image_824257761\">\n\t\t\t\t\t\t\t\t<div class=\"img-inner dark\" >\n\t\t\t<img loading=\"lazy\" decoding=\"async\" width=\"2441\" height=\"1260\" src=\"https:\/\/autoprintmachine.com\/wp-content\/uploads\/2022\/07\/pad_printing.webp\" class=\"attachment-original size-original\" alt=\"Tampograf\u00eda\" srcset=\"https:\/\/autoprintmachine.com\/wp-content\/uploads\/2022\/07\/pad_printing.webp 2441w, https:\/\/autoprintmachine.com\/wp-content\/uploads\/2022\/07\/pad_printing-510x263.webp 510w, https:\/\/autoprintmachine.com\/wp-content\/uploads\/2022\/07\/pad_printing-300x155.webp 300w, https:\/\/autoprintmachine.com\/wp-content\/uploads\/2022\/07\/pad_printing-1030x532.webp 1030w, https:\/\/autoprintmachine.com\/wp-content\/uploads\/2022\/07\/pad_printing-768x396.webp 768w, https:\/\/autoprintmachine.com\/wp-content\/uploads\/2022\/07\/pad_printing-1536x793.webp 1536w, https:\/\/autoprintmachine.com\/wp-content\/uploads\/2022\/07\/pad_printing-2048x1057.webp 2048w, https:\/\/autoprintmachine.com\/wp-content\/uploads\/2022\/07\/pad_printing-800x413.webp 800w\" sizes=\"auto, (max-width: 2441px) 100vw, 2441px\" \/>\t\t\t\t\t\t\n\t\t\t\t\t<\/div>\n\t\t\t\t\t\t\t\t\n<style>\n#image_824257761 {\n  width: 64%;\n}\n<\/style>\n\t<\/div>\n\t\n\t\t<\/div>\n\t\t\t\t\t<\/div>\n\n\t\n<\/div>\n<p>Talla de anillo:<\/p>\n<p>Auto Print puede suministrar diferentes tama\u00f1os en funci\u00f3n de los distintos usos de las tazas. La mayor\u00eda de los tama\u00f1os est\u00e1ndar internacionales est\u00e1n en stock. Pero si tiene alg\u00fan requisito especial para los anillos, tambi\u00e9n podemos personalizarlos.<\/p>\n<p>Nuestros anillos son populares en Europa y Am\u00e9rica del Norte y del Sur, incluidos los Pa\u00edses Bajos, Espa\u00f1a, Estados Unidos, M\u00e9xico y Brasil. La alta calidad nos ha granjeado una s\u00f3lida reputaci\u00f3n entre nuestros clientes. Esperamos poder ayudarle a usted tambi\u00e9n.<\/p>","protected":false},"excerpt":{"rendered":"<p>Auto Print ofrece anillos de cer\u00e1mica y carburo de tungsteno en varios tama\u00f1os y especificaciones para diferentes marcas de tinteros de tampograf\u00eda.<\/p>","protected":false},"featured_media":393,"template":"","meta":[],"product_brand":[],"product_cat":[26],"product_tag":[],"class_list":{"0":"post-391","1":"product","2":"type-product","3":"status-publish","4":"has-post-thumbnail","6":"product_cat-screen-printing-pad-printing-consumables","8":"first","9":"instock","10":"shipping-taxable","11":"product-type-simple"},"yoast_head":"<!-- This site is optimized with the Yoast SEO plugin v27.4 - https:\/\/yoast.com\/product\/yoast-seo-wordpress\/ -->\n<title>Ceramic Ring and Hard Steel Ring for Pad Printing<\/title>\n<meta name=\"description\" content=\"Auto Print provides ceramic and hard steel ring for pad printing. There are many kinds of specifications and sizes which fits your needs\" \/>\n<meta name=\"robots\" content=\"index, follow, max-snippet:-1, max-image-preview:large, max-video-preview:-1\" \/>\n<link rel=\"canonical\" href=\"https:\/\/autoprintmachine.com\/es\/anillos-de-ceramica-y-carburo-de-wolframio-para-tampografia\/\" \/>\n<meta property=\"og:locale\" content=\"es_ES\" \/>\n<meta property=\"og:type\" content=\"article\" \/>\n<meta property=\"og:title\" content=\"Ceramic Ring and Hard Steel Ring for Pad Printing\" \/>\n<meta property=\"og:description\" content=\"Auto Print provides ceramic and hard steel ring for pad printing. There are many kinds of specifications and sizes which fits your needs\" \/>\n<meta property=\"og:url\" content=\"https:\/\/autoprintmachine.com\/es\/anillos-de-ceramica-y-carburo-de-wolframio-para-tampografia\/\" \/>\n<meta property=\"article:publisher\" content=\"https:\/\/www.facebook.com\/autoprinttech\/\" \/>\n<meta property=\"article:modified_time\" content=\"2026-01-21T03:07:56+00:00\" \/>\n<meta property=\"og:image\" content=\"https:\/\/autoprintmachine.com\/wp-content\/uploads\/2020\/08\/\u9676\u74f7\u73af.jpg\" \/>\n\t<meta property=\"og:image:width\" content=\"600\" \/>\n\t<meta property=\"og:image:height\" content=\"600\" \/>\n\t<meta property=\"og:image:type\" content=\"image\/jpeg\" \/>\n<meta name=\"twitter:card\" content=\"summary_large_image\" \/>\n<meta name=\"twitter:label1\" content=\"Est. reading time\" \/>\n\t<meta name=\"twitter:data1\" content=\"2 minutos\" \/>\n<script type=\"application\/ld+json\" class=\"yoast-schema-graph\">{\"@context\":\"https:\\\/\\\/schema.org\",\"@graph\":[{\"@type\":\"WebPage\",\"@id\":\"https:\\\/\\\/autoprintmachine.com\\\/ceramic-and-tungsten-carbide-rings-for-pad-printing\\\/\",\"url\":\"https:\\\/\\\/autoprintmachine.com\\\/ceramic-and-tungsten-carbide-rings-for-pad-printing\\\/\",\"name\":\"Ceramic Ring and Hard Steel Ring for Pad Printing\",\"isPartOf\":{\"@id\":\"https:\\\/\\\/autoprintmachine.com\\\/#website\"},\"primaryImageOfPage\":{\"@id\":\"https:\\\/\\\/autoprintmachine.com\\\/ceramic-and-tungsten-carbide-rings-for-pad-printing\\\/#primaryimage\"},\"image\":{\"@id\":\"https:\\\/\\\/autoprintmachine.com\\\/ceramic-and-tungsten-carbide-rings-for-pad-printing\\\/#primaryimage\"},\"thumbnailUrl\":\"https:\\\/\\\/autoprintmachine.com\\\/wp-content\\\/uploads\\\/2020\\\/08\\\/\u9676\u74f7\u73af.jpg\",\"datePublished\":\"2020-08-15T08:17:06+00:00\",\"dateModified\":\"2026-01-21T03:07:56+00:00\",\"description\":\"Auto Print provides ceramic and hard steel ring for pad printing. There are many kinds of specifications and sizes which fits your needs\",\"breadcrumb\":{\"@id\":\"https:\\\/\\\/autoprintmachine.com\\\/ceramic-and-tungsten-carbide-rings-for-pad-printing\\\/#breadcrumb\"},\"inLanguage\":\"es\",\"potentialAction\":[{\"@type\":\"ReadAction\",\"target\":[\"https:\\\/\\\/autoprintmachine.com\\\/ceramic-and-tungsten-carbide-rings-for-pad-printing\\\/\"]}]},{\"@type\":\"ImageObject\",\"inLanguage\":\"es\",\"@id\":\"https:\\\/\\\/autoprintmachine.com\\\/ceramic-and-tungsten-carbide-rings-for-pad-printing\\\/#primaryimage\",\"url\":\"https:\\\/\\\/autoprintmachine.com\\\/wp-content\\\/uploads\\\/2020\\\/08\\\/\u9676\u74f7\u73af.jpg\",\"contentUrl\":\"https:\\\/\\\/autoprintmachine.com\\\/wp-content\\\/uploads\\\/2020\\\/08\\\/\u9676\u74f7\u73af.jpg\",\"width\":600,\"height\":600},{\"@type\":\"BreadcrumbList\",\"@id\":\"https:\\\/\\\/autoprintmachine.com\\\/ceramic-and-tungsten-carbide-rings-for-pad-printing\\\/#breadcrumb\",\"itemListElement\":[{\"@type\":\"ListItem\",\"position\":1,\"name\":\"Home\",\"item\":\"https:\\\/\\\/autoprintmachine.com\\\/\"},{\"@type\":\"ListItem\",\"position\":2,\"name\":\"Products\",\"item\":\"https:\\\/\\\/autoprintmachine.com\\\/shop\\\/\"},{\"@type\":\"ListItem\",\"position\":3,\"name\":\"Ceramic and Tungsten Carbide Rings for Pad Printing\"}]},{\"@type\":\"WebSite\",\"@id\":\"https:\\\/\\\/autoprintmachine.com\\\/#website\",\"url\":\"https:\\\/\\\/autoprintmachine.com\\\/\",\"name\":\"\",\"description\":\"\",\"publisher\":{\"@id\":\"https:\\\/\\\/autoprintmachine.com\\\/#organization\"},\"potentialAction\":[{\"@type\":\"SearchAction\",\"target\":{\"@type\":\"EntryPoint\",\"urlTemplate\":\"https:\\\/\\\/autoprintmachine.com\\\/?s={search_term_string}\"},\"query-input\":{\"@type\":\"PropertyValueSpecification\",\"valueRequired\":true,\"valueName\":\"search_term_string\"}}],\"inLanguage\":\"es\"},{\"@type\":\"Organization\",\"@id\":\"https:\\\/\\\/autoprintmachine.com\\\/#organization\",\"name\":\"Dongguan Auto Print Tech Co., Ltd\",\"url\":\"https:\\\/\\\/autoprintmachine.com\\\/\",\"logo\":{\"@type\":\"ImageObject\",\"inLanguage\":\"es\",\"@id\":\"https:\\\/\\\/autoprintmachine.com\\\/#\\\/schema\\\/logo\\\/image\\\/\",\"url\":\"https:\\\/\\\/autoprintmachine.com\\\/wp-content\\\/uploads\\\/2023\\\/06\\\/screen_printing_logo_new.webp\",\"contentUrl\":\"https:\\\/\\\/autoprintmachine.com\\\/wp-content\\\/uploads\\\/2023\\\/06\\\/screen_printing_logo_new.webp\",\"width\":890,\"height\":750,\"caption\":\"Dongguan Auto Print Tech Co., Ltd\"},\"image\":{\"@id\":\"https:\\\/\\\/autoprintmachine.com\\\/#\\\/schema\\\/logo\\\/image\\\/\"},\"sameAs\":[\"https:\\\/\\\/www.facebook.com\\\/autoprinttech\\\/\",\"https:\\\/\\\/www.youtube.com\\\/channel\\\/UCJtPGiBbQWGE2DZLxySpCtw\"]}]}<\/script>\n<!-- \/ Yoast SEO plugin. -->","yoast_head_json":{"title":"Anillo de cer\u00e1mica y anillo de acero duro para tampograf\u00eda","description":"Auto Print proporciona anillos de cer\u00e1mica y acero duro para tampograf\u00eda. Hay muchos tipos de especificaciones y tama\u00f1os que se adaptan a sus necesidades.","robots":{"index":"index","follow":"follow","max-snippet":"max-snippet:-1","max-image-preview":"max-image-preview:large","max-video-preview":"max-video-preview:-1"},"canonical":"https:\/\/autoprintmachine.com\/es\/anillos-de-ceramica-y-carburo-de-wolframio-para-tampografia\/","og_locale":"es_ES","og_type":"article","og_title":"Ceramic Ring and Hard Steel Ring for Pad Printing","og_description":"Auto Print provides ceramic and hard steel ring for pad printing. There are many kinds of specifications and sizes which fits your needs","og_url":"https:\/\/autoprintmachine.com\/es\/anillos-de-ceramica-y-carburo-de-wolframio-para-tampografia\/","article_publisher":"https:\/\/www.facebook.com\/autoprinttech\/","article_modified_time":"2026-01-21T03:07:56+00:00","og_image":[{"width":600,"height":600,"url":"https:\/\/autoprintmachine.com\/wp-content\/uploads\/2020\/08\/\u9676\u74f7\u73af.jpg","type":"image\/jpeg"}],"twitter_card":"summary_large_image","twitter_misc":{"Est. reading time":"2 minutos"},"schema":{"@context":"https:\/\/schema.org","@graph":[{"@type":"WebPage","@id":"https:\/\/autoprintmachine.com\/ceramic-and-tungsten-carbide-rings-for-pad-printing\/","url":"https:\/\/autoprintmachine.com\/ceramic-and-tungsten-carbide-rings-for-pad-printing\/","name":"Anillo de cer\u00e1mica y anillo de acero duro para tampograf\u00eda","isPartOf":{"@id":"https:\/\/autoprintmachine.com\/#website"},"primaryImageOfPage":{"@id":"https:\/\/autoprintmachine.com\/ceramic-and-tungsten-carbide-rings-for-pad-printing\/#primaryimage"},"image":{"@id":"https:\/\/autoprintmachine.com\/ceramic-and-tungsten-carbide-rings-for-pad-printing\/#primaryimage"},"thumbnailUrl":"https:\/\/autoprintmachine.com\/wp-content\/uploads\/2020\/08\/\u9676\u74f7\u73af.jpg","datePublished":"2020-08-15T08:17:06+00:00","dateModified":"2026-01-21T03:07:56+00:00","description":"Auto Print proporciona anillos de cer\u00e1mica y acero duro para tampograf\u00eda. Hay muchos tipos de especificaciones y tama\u00f1os que se adaptan a sus necesidades.","breadcrumb":{"@id":"https:\/\/autoprintmachine.com\/ceramic-and-tungsten-carbide-rings-for-pad-printing\/#breadcrumb"},"inLanguage":"es","potentialAction":[{"@type":"ReadAction","target":["https:\/\/autoprintmachine.com\/ceramic-and-tungsten-carbide-rings-for-pad-printing\/"]}]},{"@type":"ImageObject","inLanguage":"es","@id":"https:\/\/autoprintmachine.com\/ceramic-and-tungsten-carbide-rings-for-pad-printing\/#primaryimage","url":"https:\/\/autoprintmachine.com\/wp-content\/uploads\/2020\/08\/\u9676\u74f7\u73af.jpg","contentUrl":"https:\/\/autoprintmachine.com\/wp-content\/uploads\/2020\/08\/\u9676\u74f7\u73af.jpg","width":600,"height":600},{"@type":"BreadcrumbList","@id":"https:\/\/autoprintmachine.com\/ceramic-and-tungsten-carbide-rings-for-pad-printing\/#breadcrumb","itemListElement":[{"@type":"ListItem","position":1,"name":"Home","item":"https:\/\/autoprintmachine.com\/"},{"@type":"ListItem","position":2,"name":"Products","item":"https:\/\/autoprintmachine.com\/shop\/"},{"@type":"ListItem","position":3,"name":"Ceramic and Tungsten Carbide Rings for Pad Printing"}]},{"@type":"WebSite","@id":"https:\/\/autoprintmachine.com\/#website","url":"https:\/\/autoprintmachine.com\/","name":"","description":"","publisher":{"@id":"https:\/\/autoprintmachine.com\/#organization"},"potentialAction":[{"@type":"SearchAction","target":{"@type":"EntryPoint","urlTemplate":"https:\/\/autoprintmachine.com\/?s={search_term_string}"},"query-input":{"@type":"PropertyValueSpecification","valueRequired":true,"valueName":"search_term_string"}}],"inLanguage":"es"},{"@type":"Organization","@id":"https:\/\/autoprintmachine.com\/#organization","name":"Dongguan Auto Print Tech Co., Ltd","url":"https:\/\/autoprintmachine.com\/","logo":{"@type":"ImageObject","inLanguage":"es","@id":"https:\/\/autoprintmachine.com\/#\/schema\/logo\/image\/","url":"https:\/\/autoprintmachine.com\/wp-content\/uploads\/2023\/06\/screen_printing_logo_new.webp","contentUrl":"https:\/\/autoprintmachine.com\/wp-content\/uploads\/2023\/06\/screen_printing_logo_new.webp","width":890,"height":750,"caption":"Dongguan Auto Print Tech Co., Ltd"},"image":{"@id":"https:\/\/autoprintmachine.com\/#\/schema\/logo\/image\/"},"sameAs":["https:\/\/www.facebook.com\/autoprinttech\/","https:\/\/www.youtube.com\/channel\/UCJtPGiBbQWGE2DZLxySpCtw"]}]}},"_links":{"self":[{"href":"https:\/\/autoprintmachine.com\/es\/wp-json\/wp\/v2\/product\/391","targetHints":{"allow":["GET"]}}],"collection":[{"href":"https:\/\/autoprintmachine.com\/es\/wp-json\/wp\/v2\/product"}],"about":[{"href":"https:\/\/autoprintmachine.com\/es\/wp-json\/wp\/v2\/types\/product"}],"wp:featuredmedia":[{"embeddable":true,"href":"https:\/\/autoprintmachine.com\/es\/wp-json\/wp\/v2\/media\/393"}],"wp:attachment":[{"href":"https:\/\/autoprintmachine.com\/es\/wp-json\/wp\/v2\/media?parent=391"}],"wp:term":[{"taxonomy":"product_brand","embeddable":true,"href":"https:\/\/autoprintmachine.com\/es\/wp-json\/wp\/v2\/product_brand?post=391"},{"taxonomy":"product_cat","embeddable":true,"href":"https:\/\/autoprintmachine.com\/es\/wp-json\/wp\/v2\/product_cat?post=391"},{"taxonomy":"product_tag","embeddable":true,"href":"https:\/\/autoprintmachine.com\/es\/wp-json\/wp\/v2\/product_tag?post=391"}],"curies":[{"name":"wp","href":"https:\/\/api.w.org\/{rel}","templated":true}]}}