{"id":402,"date":"2020-08-15T09:23:45","date_gmt":"2020-08-15T09:23:45","guid":{"rendered":"https:\/\/onceauto.seowaimao.com\/?post_type=product&#038;p=402"},"modified":"2026-01-21T03:24:14","modified_gmt":"2026-01-21T03:24:14","slug":"almohadilla-de-silicona-para-tampografia","status":"publish","type":"product","link":"https:\/\/autoprintmachine.com\/es\/almohadilla-de-silicona-para-tampografia\/","title":{"rendered":"Almohadilla de silicona para tampograf\u00eda"},"content":{"rendered":"<p>La tampograf\u00eda requiere una cuidadosa selecci\u00f3n de la almohadilla, ya que las almohadillas de silicona son consumibles que transfieren la tinta de la plancha al sustrato. Al ser de silicona, su vida \u00fatil es limitada. En funci\u00f3n de la frecuencia de uso, la vida \u00fatil var\u00eda.<\/p>\n<p>Elegir el tamp\u00f3n adecuado es importante; las diferentes formas de producto y dise\u00f1os de impresi\u00f3n requieren diferentes tampones. Auto Print ofrece almohadillas con distintas especificaciones, como redondas, cuadradas, rectangulares (en forma de barra), etc.<\/p>","protected":false},"excerpt":{"rendered":"<p>La almohadilla de silicona es un componente clave del kit de tampograf\u00eda, que transfiere la tinta del clich\u00e9 (plancha de impresi\u00f3n) al sustrato. Auto Print ofrece tampones de diferentes tama\u00f1os, niveles de dureza y formas para satisfacer las distintas condiciones de impresi\u00f3n.<\/p>","protected":false},"featured_media":403,"template":"","meta":[],"product_brand":[],"product_cat":[26],"product_tag":[],"class_list":{"0":"post-402","1":"product","2":"type-product","3":"status-publish","4":"has-post-thumbnail","6":"product_cat-screen-printing-pad-printing-consumables","8":"first","9":"instock","10":"shipping-taxable","11":"product-type-simple"},"yoast_head":"<!-- This site is optimized with the Yoast SEO plugin v27.4 - https:\/\/yoast.com\/product\/yoast-seo-wordpress\/ -->\n<title>Silicone Pad for Pad Printing Machine<\/title>\n<meta name=\"description\" content=\"Silicone pad can transfer ink from plate to substrate. Auto Print provide varies specifications pad including round, square, long version, etc.\" \/>\n<meta name=\"robots\" content=\"index, follow, max-snippet:-1, max-image-preview:large, max-video-preview:-1\" \/>\n<link rel=\"canonical\" href=\"https:\/\/autoprintmachine.com\/es\/almohadilla-de-silicona-para-tampografia\/\" \/>\n<meta property=\"og:locale\" content=\"es_ES\" \/>\n<meta property=\"og:type\" content=\"article\" \/>\n<meta property=\"og:title\" content=\"Silicone Pad for Pad Printing Machine\" \/>\n<meta property=\"og:description\" content=\"Silicone pad can transfer ink from plate to substrate. Auto Print provide varies specifications pad including round, square, long version, etc.\" \/>\n<meta property=\"og:url\" content=\"https:\/\/autoprintmachine.com\/es\/almohadilla-de-silicona-para-tampografia\/\" \/>\n<meta property=\"article:publisher\" content=\"https:\/\/www.facebook.com\/autoprinttech\/\" \/>\n<meta property=\"article:modified_time\" content=\"2026-01-21T03:24:14+00:00\" \/>\n<meta property=\"og:image\" content=\"https:\/\/autoprintmachine.com\/wp-content\/uploads\/2020\/08\/pad.jpg\" \/>\n\t<meta property=\"og:image:width\" content=\"600\" \/>\n\t<meta property=\"og:image:height\" content=\"600\" \/>\n\t<meta property=\"og:image:type\" content=\"image\/jpeg\" \/>\n<meta name=\"twitter:card\" content=\"summary_large_image\" \/>\n<meta name=\"twitter:label1\" content=\"Est. reading time\" \/>\n\t<meta name=\"twitter:data1\" content=\"1 minuto\" \/>\n<script type=\"application\/ld+json\" class=\"yoast-schema-graph\">{\"@context\":\"https:\\\/\\\/schema.org\",\"@graph\":[{\"@type\":\"WebPage\",\"@id\":\"https:\\\/\\\/autoprintmachine.com\\\/silicone-pad-for-pad-printing\\\/\",\"url\":\"https:\\\/\\\/autoprintmachine.com\\\/silicone-pad-for-pad-printing\\\/\",\"name\":\"Silicone Pad for Pad Printing Machine\",\"isPartOf\":{\"@id\":\"https:\\\/\\\/autoprintmachine.com\\\/#website\"},\"primaryImageOfPage\":{\"@id\":\"https:\\\/\\\/autoprintmachine.com\\\/silicone-pad-for-pad-printing\\\/#primaryimage\"},\"image\":{\"@id\":\"https:\\\/\\\/autoprintmachine.com\\\/silicone-pad-for-pad-printing\\\/#primaryimage\"},\"thumbnailUrl\":\"https:\\\/\\\/autoprintmachine.com\\\/wp-content\\\/uploads\\\/2020\\\/08\\\/pad.jpg\",\"datePublished\":\"2020-08-15T09:23:45+00:00\",\"dateModified\":\"2026-01-21T03:24:14+00:00\",\"description\":\"Silicone pad can transfer ink from plate to substrate. Auto Print provide varies specifications pad including round, square, long version, etc.\",\"breadcrumb\":{\"@id\":\"https:\\\/\\\/autoprintmachine.com\\\/silicone-pad-for-pad-printing\\\/#breadcrumb\"},\"inLanguage\":\"es\",\"potentialAction\":[{\"@type\":\"ReadAction\",\"target\":[\"https:\\\/\\\/autoprintmachine.com\\\/silicone-pad-for-pad-printing\\\/\"]}]},{\"@type\":\"ImageObject\",\"inLanguage\":\"es\",\"@id\":\"https:\\\/\\\/autoprintmachine.com\\\/silicone-pad-for-pad-printing\\\/#primaryimage\",\"url\":\"https:\\\/\\\/autoprintmachine.com\\\/wp-content\\\/uploads\\\/2020\\\/08\\\/pad.jpg\",\"contentUrl\":\"https:\\\/\\\/autoprintmachine.com\\\/wp-content\\\/uploads\\\/2020\\\/08\\\/pad.jpg\",\"width\":600,\"height\":600},{\"@type\":\"BreadcrumbList\",\"@id\":\"https:\\\/\\\/autoprintmachine.com\\\/silicone-pad-for-pad-printing\\\/#breadcrumb\",\"itemListElement\":[{\"@type\":\"ListItem\",\"position\":1,\"name\":\"Home\",\"item\":\"https:\\\/\\\/autoprintmachine.com\\\/\"},{\"@type\":\"ListItem\",\"position\":2,\"name\":\"Products\",\"item\":\"https:\\\/\\\/autoprintmachine.com\\\/shop\\\/\"},{\"@type\":\"ListItem\",\"position\":3,\"name\":\"Silicone Pad for Pad Printing\"}]},{\"@type\":\"WebSite\",\"@id\":\"https:\\\/\\\/autoprintmachine.com\\\/#website\",\"url\":\"https:\\\/\\\/autoprintmachine.com\\\/\",\"name\":\"\",\"description\":\"\",\"publisher\":{\"@id\":\"https:\\\/\\\/autoprintmachine.com\\\/#organization\"},\"potentialAction\":[{\"@type\":\"SearchAction\",\"target\":{\"@type\":\"EntryPoint\",\"urlTemplate\":\"https:\\\/\\\/autoprintmachine.com\\\/?s={search_term_string}\"},\"query-input\":{\"@type\":\"PropertyValueSpecification\",\"valueRequired\":true,\"valueName\":\"search_term_string\"}}],\"inLanguage\":\"es\"},{\"@type\":\"Organization\",\"@id\":\"https:\\\/\\\/autoprintmachine.com\\\/#organization\",\"name\":\"Dongguan Auto Print Tech Co., Ltd\",\"url\":\"https:\\\/\\\/autoprintmachine.com\\\/\",\"logo\":{\"@type\":\"ImageObject\",\"inLanguage\":\"es\",\"@id\":\"https:\\\/\\\/autoprintmachine.com\\\/#\\\/schema\\\/logo\\\/image\\\/\",\"url\":\"https:\\\/\\\/autoprintmachine.com\\\/wp-content\\\/uploads\\\/2023\\\/06\\\/screen_printing_logo_new.webp\",\"contentUrl\":\"https:\\\/\\\/autoprintmachine.com\\\/wp-content\\\/uploads\\\/2023\\\/06\\\/screen_printing_logo_new.webp\",\"width\":890,\"height\":750,\"caption\":\"Dongguan Auto Print Tech Co., Ltd\"},\"image\":{\"@id\":\"https:\\\/\\\/autoprintmachine.com\\\/#\\\/schema\\\/logo\\\/image\\\/\"},\"sameAs\":[\"https:\\\/\\\/www.facebook.com\\\/autoprinttech\\\/\",\"https:\\\/\\\/www.youtube.com\\\/channel\\\/UCJtPGiBbQWGE2DZLxySpCtw\"]}]}<\/script>\n<!-- \/ Yoast SEO plugin. -->","yoast_head_json":{"title":"Almohadilla de silicona para m\u00e1quina de tampograf\u00eda","description":"La almohadilla de silicona puede transferir tinta de la placa al sustrato. Auto Print proporciona diferentes especificaciones de almohadilla, incluyendo redonda, cuadrada, versi\u00f3n larga, etc.","robots":{"index":"index","follow":"follow","max-snippet":"max-snippet:-1","max-image-preview":"max-image-preview:large","max-video-preview":"max-video-preview:-1"},"canonical":"https:\/\/autoprintmachine.com\/es\/almohadilla-de-silicona-para-tampografia\/","og_locale":"es_ES","og_type":"article","og_title":"Silicone Pad for Pad Printing Machine","og_description":"Silicone pad can transfer ink from plate to substrate. Auto Print provide varies specifications pad including round, square, long version, etc.","og_url":"https:\/\/autoprintmachine.com\/es\/almohadilla-de-silicona-para-tampografia\/","article_publisher":"https:\/\/www.facebook.com\/autoprinttech\/","article_modified_time":"2026-01-21T03:24:14+00:00","og_image":[{"width":600,"height":600,"url":"https:\/\/autoprintmachine.com\/wp-content\/uploads\/2020\/08\/pad.jpg","type":"image\/jpeg"}],"twitter_card":"summary_large_image","twitter_misc":{"Est. reading time":"1 minuto"},"schema":{"@context":"https:\/\/schema.org","@graph":[{"@type":"WebPage","@id":"https:\/\/autoprintmachine.com\/silicone-pad-for-pad-printing\/","url":"https:\/\/autoprintmachine.com\/silicone-pad-for-pad-printing\/","name":"Almohadilla de silicona para m\u00e1quina de tampograf\u00eda","isPartOf":{"@id":"https:\/\/autoprintmachine.com\/#website"},"primaryImageOfPage":{"@id":"https:\/\/autoprintmachine.com\/silicone-pad-for-pad-printing\/#primaryimage"},"image":{"@id":"https:\/\/autoprintmachine.com\/silicone-pad-for-pad-printing\/#primaryimage"},"thumbnailUrl":"https:\/\/autoprintmachine.com\/wp-content\/uploads\/2020\/08\/pad.jpg","datePublished":"2020-08-15T09:23:45+00:00","dateModified":"2026-01-21T03:24:14+00:00","description":"La almohadilla de silicona puede transferir tinta de la placa al sustrato. Auto Print proporciona diferentes especificaciones de almohadilla, incluyendo redonda, cuadrada, versi\u00f3n larga, etc.","breadcrumb":{"@id":"https:\/\/autoprintmachine.com\/silicone-pad-for-pad-printing\/#breadcrumb"},"inLanguage":"es","potentialAction":[{"@type":"ReadAction","target":["https:\/\/autoprintmachine.com\/silicone-pad-for-pad-printing\/"]}]},{"@type":"ImageObject","inLanguage":"es","@id":"https:\/\/autoprintmachine.com\/silicone-pad-for-pad-printing\/#primaryimage","url":"https:\/\/autoprintmachine.com\/wp-content\/uploads\/2020\/08\/pad.jpg","contentUrl":"https:\/\/autoprintmachine.com\/wp-content\/uploads\/2020\/08\/pad.jpg","width":600,"height":600},{"@type":"BreadcrumbList","@id":"https:\/\/autoprintmachine.com\/silicone-pad-for-pad-printing\/#breadcrumb","itemListElement":[{"@type":"ListItem","position":1,"name":"Home","item":"https:\/\/autoprintmachine.com\/"},{"@type":"ListItem","position":2,"name":"Products","item":"https:\/\/autoprintmachine.com\/shop\/"},{"@type":"ListItem","position":3,"name":"Silicone Pad for Pad Printing"}]},{"@type":"WebSite","@id":"https:\/\/autoprintmachine.com\/#website","url":"https:\/\/autoprintmachine.com\/","name":"","description":"","publisher":{"@id":"https:\/\/autoprintmachine.com\/#organization"},"potentialAction":[{"@type":"SearchAction","target":{"@type":"EntryPoint","urlTemplate":"https:\/\/autoprintmachine.com\/?s={search_term_string}"},"query-input":{"@type":"PropertyValueSpecification","valueRequired":true,"valueName":"search_term_string"}}],"inLanguage":"es"},{"@type":"Organization","@id":"https:\/\/autoprintmachine.com\/#organization","name":"Dongguan Auto Print Tech Co., Ltd","url":"https:\/\/autoprintmachine.com\/","logo":{"@type":"ImageObject","inLanguage":"es","@id":"https:\/\/autoprintmachine.com\/#\/schema\/logo\/image\/","url":"https:\/\/autoprintmachine.com\/wp-content\/uploads\/2023\/06\/screen_printing_logo_new.webp","contentUrl":"https:\/\/autoprintmachine.com\/wp-content\/uploads\/2023\/06\/screen_printing_logo_new.webp","width":890,"height":750,"caption":"Dongguan Auto Print Tech Co., Ltd"},"image":{"@id":"https:\/\/autoprintmachine.com\/#\/schema\/logo\/image\/"},"sameAs":["https:\/\/www.facebook.com\/autoprinttech\/","https:\/\/www.youtube.com\/channel\/UCJtPGiBbQWGE2DZLxySpCtw"]}]}},"_links":{"self":[{"href":"https:\/\/autoprintmachine.com\/es\/wp-json\/wp\/v2\/product\/402","targetHints":{"allow":["GET"]}}],"collection":[{"href":"https:\/\/autoprintmachine.com\/es\/wp-json\/wp\/v2\/product"}],"about":[{"href":"https:\/\/autoprintmachine.com\/es\/wp-json\/wp\/v2\/types\/product"}],"wp:featuredmedia":[{"embeddable":true,"href":"https:\/\/autoprintmachine.com\/es\/wp-json\/wp\/v2\/media\/403"}],"wp:attachment":[{"href":"https:\/\/autoprintmachine.com\/es\/wp-json\/wp\/v2\/media?parent=402"}],"wp:term":[{"taxonomy":"product_brand","embeddable":true,"href":"https:\/\/autoprintmachine.com\/es\/wp-json\/wp\/v2\/product_brand?post=402"},{"taxonomy":"product_cat","embeddable":true,"href":"https:\/\/autoprintmachine.com\/es\/wp-json\/wp\/v2\/product_cat?post=402"},{"taxonomy":"product_tag","embeddable":true,"href":"https:\/\/autoprintmachine.com\/es\/wp-json\/wp\/v2\/product_tag?post=402"}],"curies":[{"name":"wp","href":"https:\/\/api.w.org\/{rel}","templated":true}]}}