{"id":543,"date":"2020-08-26T08:05:00","date_gmt":"2020-08-26T08:05:00","guid":{"rendered":"https:\/\/onceauto.seowaimao.com\/?post_type=product&#038;p=543"},"modified":"2025-12-24T06:07:18","modified_gmt":"2025-12-24T06:07:18","slug":"maquina-de-serigrafia-cilindrica-multicolor","status":"publish","type":"product","link":"https:\/\/autoprintmachine.com\/es\/maquina-de-serigrafia-cilindrica-multicolor\/","title":{"rendered":"M\u00e1quina de serigraf\u00eda cil\u00edndrica multicolor"},"content":{"rendered":"<section class=\"section\" id=\"section_626699566\">\n\t\t<div class=\"section-bg fill\" >\n\t\t\t\t\t\t\t\t\t\n\t\t\t\n\n\t\t<\/div>\n\n\t\t\n\n\t\t<div class=\"section-content relative\">\n\t\t\t\n<div class=\"row\"  id=\"row-1602095700\">\n\n\t<div id=\"col-1693942192\" class=\"col small-12 large-12\"  >\n\t\t\t\t<div class=\"col-inner\"  >\n\t\t\t\n\t\t\t\n<h2>Video de Descripci\u00f3n del Producto: AP-400S M\u00e1quina de Serigraf\u00eda Cil\u00edndrica<\/h2>\n\t\t<\/div>\n\t\t\t\t\t<\/div>\n\n\t\n\n\t<div id=\"col-837060341\" class=\"col medium-2 small-12 large-2\"  >\n\t\t\t\t<div class=\"col-inner text-center\"  >\n\t\t\t\n\t\t\t\n\t\t<\/div>\n\t\t\t\t\t<\/div>\n\n\t\n\n\t<div id=\"col-279831174\" class=\"col medium-8 small-12 large-8\"  >\n\t\t\t\t<div class=\"col-inner text-center\"  >\n\t\t\t\n\t\t\t\n<div class=\"video video-fit mb\" style=\"padding-top:56.25%;\"><p><iframe loading=\"lazy\" title=\"M\u00e1quina impresora semiautom\u00e1tica de vasos de pl\u00e1stico de 2 colores\" width=\"1020\" height=\"574\" src=\"https:\/\/www.youtube.com\/embed\/6YkJuxVgy-Y?feature=oembed\" frameborder=\"0\" allow=\"accelerometer; autoplay; clipboard-write; encrypted-media; gyroscope; picture-in-picture; web-share\" referrerpolicy=\"strict-origin-when-cross-origin\" allowfullscreen><\/iframe><\/p>\n<\/div>\n\t\t<\/div>\n\t\t\t\t\t<\/div>\n\n\t\n\n\t<div id=\"col-430093014\" class=\"col medium-2 small-12 large-2\"  >\n\t\t\t\t<div class=\"col-inner text-center\"  >\n\t\t\t\n\t\t\t\n\t\t<\/div>\n\t\t\t\t\t<\/div>\n\n\t\n<\/div>\n\t\t<\/div>\n\n\t\t\n<style>\n#section_626699566 {\n  padding-top: 30px;\n  padding-bottom: 30px;\n}\n<\/style>\n\t<\/section>\n\t\n\n\t<section class=\"section\" id=\"section_861228721\">\n\t\t<div class=\"section-bg fill\" >\n\t\t\t\t\t\t\t\t\t\n\t\t\t\n\n\t\t<\/div>\n\n\t\t\n\n\t\t<div class=\"section-content relative\">\n\t\t\t\n<div class=\"row\"  id=\"row-698102266\">\n\n\t<div id=\"col-1292963544\" class=\"col small-12 large-12\"  >\n\t\t\t\t<div class=\"col-inner\"  >\n\t\t\t\n\t\t\t\t\t<\/div>\n\t\t\t\t\t<\/div>\n\n\t\n<h2>Descripci\u00f3n general de la impresora serigr\u00e1fica cil\u00edndrica AP-400S<\/h2>\n<p>La m\u00e1quina AP-400S es una m\u00e1quina de serigraf\u00eda cil\u00edndrica giratoria de movimiento izquierdo\/derecho servoaccionada. Est\u00e1 equipada con un PLC de marca y una pantalla t\u00e1ctil que controla todos los movimientos. El di\u00e1metro m\u00e1ximo de impresi\u00f3n puede alcanzar los 110 mm. Esta m\u00e1quina est\u00e1 equipada con un sensor \u00f3ptico de marca para la impresi\u00f3n de registro de color a color. Se utiliza ampliamente para objetos redondos sin marca de registro (punto de anclaje) para imprimir m\u00faltiples colores. Gracias a la servo rotaci\u00f3n, esta m\u00e1quina tampoco necesita engranajes cuando se cambia a botellas de diferentes di\u00e1metros. Puede imprimir con registro preciso.<\/p>\n<\/div>\n\t\t<\/div>\n\n\t\t\n<style>\n#section_861228721 {\n  padding-top: 30px;\n  padding-bottom: 30px;\n}\n<\/style>\n\t<\/section>\n\t\n\n\t<section class=\"section\" id=\"section_1225455542\">\n\t\t<div class=\"section-bg fill\" >\n\t\t\t\t\t\t\t\t\t\n\t\t\t\n\n\t\t<\/div>\n\n\t\t\n\n\t\t<div class=\"section-content relative\">\n\t\t\t\n<div class=\"row\"  id=\"row-544590947\">\n\n\t<div id=\"col-1153774544\" class=\"col small-12 large-12\"  >\n\t\t\t\t<div class=\"col-inner\"  >\n\t\t\t\n\t\t\t\n<h2>Caracter\u00edsticas principales de la m\u00e1quina de serigraf\u00eda cil\u00edndrica AP-400S<\/h2>\n<ol>\n<li>Especialmente dise\u00f1ado para objetos redondos sin orejetas de registro, como botellas de pl\u00e1stico, botellas de agua, recipientes de vidrio, filtros de aceite, tubos de cosm\u00e9ticos, etc.<\/li>\n<li>Cambio de herramienta r\u00e1pido y sencillo con servoposicionamiento de alta precisi\u00f3n. Todos los controles se manejan c\u00f3modamente a trav\u00e9s de la pantalla t\u00e1ctil.<\/li>\n<li>Servomotor con control de pantalla t\u00e1ctil PLC<\/li>\n<li>Nuevo registro por el sensor \u00f3ptico.<\/li>\n<li>Funcionamiento estable y silencioso de la m\u00e1quina<\/li>\n<\/ol>\n\t\t<\/div>\n\t\t\t\t\t<\/div>\n\n\t\n<\/div>\n\t\t<\/div>\n\n\t\t\n<style>\n#section_1225455542 {\n  padding-top: 30px;\n  padding-bottom: 30px;\n}\n<\/style>\n\t<\/section>\n\t\n\n\t<section class=\"section\" id=\"section_1187258839\">\n\t\t<div class=\"section-bg fill\" >\n\t\t\t\t\t\t\t\t\t\n\t\t\t\n\n\t\t<\/div>\n\n\t\t\n\n\t\t<div class=\"section-content relative\">\n\t\t\t\n<div class=\"row\"  id=\"row-951780424\">\n\n\t<div id=\"col-1449637771\" class=\"col small-12 large-12\"  >\n\t\t\t\t<div class=\"col-inner\"  >\n\t\t\t\n\t\t\t\n<h2>Especificaciones t\u00e9cnicas<\/h2>\n<table style=\"font-size: 15px;\" width=\"647\">\n<tbody>\n<tr>\n<td width=\"292\"><strong>N \u00ba de Modelo.:<\/strong><\/td>\n<td width=\"355\">AP-400S<\/td>\n<\/tr>\n<tr>\n<td width=\"292\"><strong>Forma de impresi\u00f3n<\/strong><\/td>\n<td width=\"355\">Redondo<\/td>\n<\/tr>\n<tr>\n<td width=\"292\"><strong>Carrera hacia arriba y hacia abajo Impulsada:<\/strong><\/td>\n<td width=\"355\">Motor el\u00e9ctrico<\/td>\n<\/tr>\n<tr>\n<td width=\"292\"><strong>Trazo de impresi\u00f3n Impulsado:<\/strong><\/td>\n<td width=\"355\">Servo motor<\/td>\n<\/tr>\n<tr>\n<td width=\"292\"><strong>Sistema de reinscripci\u00f3n:<\/strong><\/td>\n<td width=\"355\">Servomotor y sensor \u00f3ptico<\/td>\n<\/tr>\n<tr>\n<td width=\"292\"><strong>Sistema de control: <\/strong><\/td>\n<td width=\"355\">Marca PLC y pantalla t\u00e1ctil<\/td>\n<\/tr>\n<tr>\n<td width=\"292\"><strong>Di\u00e1metro redondo de impresi\u00f3n:<\/strong><\/td>\n<td width=\"355\">\u00a0\u00d87 mm (0,276 \u2033)-\u00d8110 mm (4,33 \u2033)<\/td>\n<\/tr>\n<tr>\n<td width=\"292\"><strong>\u00c1rea m\u00e1xima de impresi\u00f3n:<\/strong><\/td>\n<td width=\"355\">Largo 350 mm x Alto 220 mm<\/td>\n<\/tr>\n<tr>\n<td width=\"292\"><strong>Tama\u00f1o m\u00e1ximo del marco de la pantalla:<\/strong><\/td>\n<td width=\"355\">800 x 400 mm (31,50 \u2033 x 15,74 \u2033)<\/td>\n<\/tr>\n<tr>\n<td width=\"292\"><strong>Velocidad del ciclo de impresi\u00f3n:<\/strong><\/td>\n<td width=\"355\">2000 ciclos\/hora<\/td>\n<\/tr>\n<tr>\n<td width=\"292\"><strong>Tolerancia de registro: <\/strong><\/td>\n<td width=\"355\">+\/- 0,3-0,5 mm (excepto tolerancia de productos)<\/td>\n<\/tr>\n<tr>\n<td width=\"292\"><strong>Suministro el\u00e9ctrico: <\/strong><\/td>\n<td width=\"355\">110V\/220V 50-60Hz 2.5KW<\/td>\n<\/tr>\n<tr>\n<td width=\"292\"><strong>Requerimiento de aire:<\/strong><\/td>\n<td width=\"355\">5-7 barras<\/td>\n<\/tr>\n<tr>\n<td width=\"292\"><strong>Dimensi\u00f3n de la m\u00e1quina:<\/strong><\/td>\n<td width=\"355\">Largo 900 x Ancho 800 x Alto 1450 mm<\/td>\n<\/tr>\n<tr>\n<td width=\"292\"><strong>Peso: <\/strong><\/td>\n<td width=\"355\">200 kg (440,92 libras)<\/td>\n<\/tr>\n<\/tbody>\n<\/table>\n\t\t<\/div>\n\t\t\t\t\t<\/div>\n\n\t\n<\/div>\n\t\t<\/div>\n\n\t\t\n<style>\n#section_1187258839 {\n  padding-top: 30px;\n  padding-bottom: 30px;\n}\n<\/style>\n\t<\/section>","protected":false},"excerpt":{"rendered":"<p>La m\u00e1quina de serigraf\u00eda redonda AP-400S est\u00e1 dise\u00f1ada para objetos cil\u00edndricos, como botellas, recipientes y vasos, que carecen de marca de registro (punto de anclaje) pero requieren impresi\u00f3n multicolor. El di\u00e1metro m\u00e1ximo de impresi\u00f3n es de 110 mm. Este tipo de m\u00e1quina de serigraf\u00eda es ampliamente utilizada para la impresi\u00f3n en botellas redondas, contenedores y vasos, tales como botellas de agua para deportes y vasos de pl\u00e1stico.<\/p>\n<p>&nbsp;<\/p>","protected":false},"featured_media":544,"template":"","meta":[],"product_brand":[],"product_cat":[15],"product_tag":[],"class_list":{"0":"post-543","1":"product","2":"type-product","3":"status-publish","4":"has-post-thumbnail","6":"product_cat-automatic-cylindrical-screen-printing-machine","8":"first","9":"instock","10":"shipping-taxable","11":"product-type-simple"},"yoast_head":"<!-- This site is optimized with the Yoast SEO plugin v27.4 - https:\/\/yoast.com\/product\/yoast-seo-wordpress\/ -->\n<title>Multi Color Screen Printing Machine on Cylindrical products<\/title>\n<meta name=\"description\" content=\"Our machine can print different patterns on round products with touch screen control system. And without gear when the diameter is different.\" \/>\n<meta name=\"robots\" content=\"index, follow, max-snippet:-1, max-image-preview:large, max-video-preview:-1\" \/>\n<link rel=\"canonical\" href=\"https:\/\/autoprintmachine.com\/es\/maquina-de-serigrafia-cilindrica-multicolor\/\" \/>\n<meta property=\"og:locale\" content=\"es_ES\" \/>\n<meta property=\"og:type\" content=\"article\" \/>\n<meta property=\"og:title\" content=\"Multi Color Screen Printing Machine on Cylindrical products\" \/>\n<meta property=\"og:description\" content=\"Our machine can print different patterns on round products with touch screen control system. And without gear when the diameter is different.\" \/>\n<meta property=\"og:url\" content=\"https:\/\/autoprintmachine.com\/es\/maquina-de-serigrafia-cilindrica-multicolor\/\" \/>\n<meta property=\"article:publisher\" content=\"https:\/\/www.facebook.com\/autoprinttech\/\" \/>\n<meta property=\"article:modified_time\" content=\"2025-12-24T06:07:18+00:00\" \/>\n<meta property=\"og:image\" content=\"https:\/\/autoprintmachine.com\/wp-content\/uploads\/2020\/08\/OS-400S.jpg\" \/>\n\t<meta property=\"og:image:width\" content=\"600\" \/>\n\t<meta property=\"og:image:height\" content=\"600\" \/>\n\t<meta property=\"og:image:type\" content=\"image\/jpeg\" \/>\n<meta name=\"twitter:card\" content=\"summary_large_image\" \/>\n<meta name=\"twitter:label1\" content=\"Est. reading time\" \/>\n\t<meta name=\"twitter:data1\" content=\"2 minutos\" \/>\n<script type=\"application\/ld+json\" class=\"yoast-schema-graph\">{\"@context\":\"https:\\\/\\\/schema.org\",\"@graph\":[{\"@type\":\"WebPage\",\"@id\":\"https:\\\/\\\/autoprintmachine.com\\\/multi-color-cylindrical-screen-printing-machine\\\/\",\"url\":\"https:\\\/\\\/autoprintmachine.com\\\/multi-color-cylindrical-screen-printing-machine\\\/\",\"name\":\"Multi Color Screen Printing Machine on Cylindrical products\",\"isPartOf\":{\"@id\":\"https:\\\/\\\/autoprintmachine.com\\\/#website\"},\"primaryImageOfPage\":{\"@id\":\"https:\\\/\\\/autoprintmachine.com\\\/multi-color-cylindrical-screen-printing-machine\\\/#primaryimage\"},\"image\":{\"@id\":\"https:\\\/\\\/autoprintmachine.com\\\/multi-color-cylindrical-screen-printing-machine\\\/#primaryimage\"},\"thumbnailUrl\":\"https:\\\/\\\/autoprintmachine.com\\\/wp-content\\\/uploads\\\/2020\\\/08\\\/OS-400S.jpg\",\"datePublished\":\"2020-08-26T08:05:00+00:00\",\"dateModified\":\"2025-12-24T06:07:18+00:00\",\"description\":\"Our machine can print different patterns on round products with touch screen control system. And without gear when the diameter is different.\",\"breadcrumb\":{\"@id\":\"https:\\\/\\\/autoprintmachine.com\\\/multi-color-cylindrical-screen-printing-machine\\\/#breadcrumb\"},\"inLanguage\":\"es\",\"potentialAction\":[{\"@type\":\"ReadAction\",\"target\":[\"https:\\\/\\\/autoprintmachine.com\\\/multi-color-cylindrical-screen-printing-machine\\\/\"]}]},{\"@type\":\"ImageObject\",\"inLanguage\":\"es\",\"@id\":\"https:\\\/\\\/autoprintmachine.com\\\/multi-color-cylindrical-screen-printing-machine\\\/#primaryimage\",\"url\":\"https:\\\/\\\/autoprintmachine.com\\\/wp-content\\\/uploads\\\/2020\\\/08\\\/OS-400S.jpg\",\"contentUrl\":\"https:\\\/\\\/autoprintmachine.com\\\/wp-content\\\/uploads\\\/2020\\\/08\\\/OS-400S.jpg\",\"width\":600,\"height\":600,\"caption\":\"automatic screen printing machine\"},{\"@type\":\"BreadcrumbList\",\"@id\":\"https:\\\/\\\/autoprintmachine.com\\\/multi-color-cylindrical-screen-printing-machine\\\/#breadcrumb\",\"itemListElement\":[{\"@type\":\"ListItem\",\"position\":1,\"name\":\"Home\",\"item\":\"https:\\\/\\\/autoprintmachine.com\\\/\"},{\"@type\":\"ListItem\",\"position\":2,\"name\":\"Products\",\"item\":\"https:\\\/\\\/autoprintmachine.com\\\/shop\\\/\"},{\"@type\":\"ListItem\",\"position\":3,\"name\":\"Multi Color Cylindrical Screen Printing Machine\"}]},{\"@type\":\"WebSite\",\"@id\":\"https:\\\/\\\/autoprintmachine.com\\\/#website\",\"url\":\"https:\\\/\\\/autoprintmachine.com\\\/\",\"name\":\"\",\"description\":\"\",\"publisher\":{\"@id\":\"https:\\\/\\\/autoprintmachine.com\\\/#organization\"},\"potentialAction\":[{\"@type\":\"SearchAction\",\"target\":{\"@type\":\"EntryPoint\",\"urlTemplate\":\"https:\\\/\\\/autoprintmachine.com\\\/?s={search_term_string}\"},\"query-input\":{\"@type\":\"PropertyValueSpecification\",\"valueRequired\":true,\"valueName\":\"search_term_string\"}}],\"inLanguage\":\"es\"},{\"@type\":\"Organization\",\"@id\":\"https:\\\/\\\/autoprintmachine.com\\\/#organization\",\"name\":\"Dongguan Auto Print Tech Co., Ltd\",\"url\":\"https:\\\/\\\/autoprintmachine.com\\\/\",\"logo\":{\"@type\":\"ImageObject\",\"inLanguage\":\"es\",\"@id\":\"https:\\\/\\\/autoprintmachine.com\\\/#\\\/schema\\\/logo\\\/image\\\/\",\"url\":\"https:\\\/\\\/autoprintmachine.com\\\/wp-content\\\/uploads\\\/2023\\\/06\\\/screen_printing_logo_new.webp\",\"contentUrl\":\"https:\\\/\\\/autoprintmachine.com\\\/wp-content\\\/uploads\\\/2023\\\/06\\\/screen_printing_logo_new.webp\",\"width\":890,\"height\":750,\"caption\":\"Dongguan Auto Print Tech Co., Ltd\"},\"image\":{\"@id\":\"https:\\\/\\\/autoprintmachine.com\\\/#\\\/schema\\\/logo\\\/image\\\/\"},\"sameAs\":[\"https:\\\/\\\/www.facebook.com\\\/autoprinttech\\\/\",\"https:\\\/\\\/www.youtube.com\\\/channel\\\/UCJtPGiBbQWGE2DZLxySpCtw\"]}]}<\/script>\n<!-- \/ Yoast SEO plugin. -->","yoast_head_json":{"title":"M\u00e1quina de serigraf\u00eda multicolor en productos cil\u00edndricos","description":"Nuestra m\u00e1quina puede imprimir diferentes patrones en productos redondos con un sistema de control de pantalla t\u00e1ctil. Y sin engranaje cuando el di\u00e1metro es diferente.","robots":{"index":"index","follow":"follow","max-snippet":"max-snippet:-1","max-image-preview":"max-image-preview:large","max-video-preview":"max-video-preview:-1"},"canonical":"https:\/\/autoprintmachine.com\/es\/maquina-de-serigrafia-cilindrica-multicolor\/","og_locale":"es_ES","og_type":"article","og_title":"Multi Color Screen Printing Machine on Cylindrical products","og_description":"Our machine can print different patterns on round products with touch screen control system. And without gear when the diameter is different.","og_url":"https:\/\/autoprintmachine.com\/es\/maquina-de-serigrafia-cilindrica-multicolor\/","article_publisher":"https:\/\/www.facebook.com\/autoprinttech\/","article_modified_time":"2025-12-24T06:07:18+00:00","og_image":[{"width":600,"height":600,"url":"https:\/\/autoprintmachine.com\/wp-content\/uploads\/2020\/08\/OS-400S.jpg","type":"image\/jpeg"}],"twitter_card":"summary_large_image","twitter_misc":{"Est. reading time":"2 minutos"},"schema":{"@context":"https:\/\/schema.org","@graph":[{"@type":"WebPage","@id":"https:\/\/autoprintmachine.com\/multi-color-cylindrical-screen-printing-machine\/","url":"https:\/\/autoprintmachine.com\/multi-color-cylindrical-screen-printing-machine\/","name":"M\u00e1quina de serigraf\u00eda multicolor en productos cil\u00edndricos","isPartOf":{"@id":"https:\/\/autoprintmachine.com\/#website"},"primaryImageOfPage":{"@id":"https:\/\/autoprintmachine.com\/multi-color-cylindrical-screen-printing-machine\/#primaryimage"},"image":{"@id":"https:\/\/autoprintmachine.com\/multi-color-cylindrical-screen-printing-machine\/#primaryimage"},"thumbnailUrl":"https:\/\/autoprintmachine.com\/wp-content\/uploads\/2020\/08\/OS-400S.jpg","datePublished":"2020-08-26T08:05:00+00:00","dateModified":"2025-12-24T06:07:18+00:00","description":"Nuestra m\u00e1quina puede imprimir diferentes patrones en productos redondos con un sistema de control de pantalla t\u00e1ctil. Y sin engranaje cuando el di\u00e1metro es diferente.","breadcrumb":{"@id":"https:\/\/autoprintmachine.com\/multi-color-cylindrical-screen-printing-machine\/#breadcrumb"},"inLanguage":"es","potentialAction":[{"@type":"ReadAction","target":["https:\/\/autoprintmachine.com\/multi-color-cylindrical-screen-printing-machine\/"]}]},{"@type":"ImageObject","inLanguage":"es","@id":"https:\/\/autoprintmachine.com\/multi-color-cylindrical-screen-printing-machine\/#primaryimage","url":"https:\/\/autoprintmachine.com\/wp-content\/uploads\/2020\/08\/OS-400S.jpg","contentUrl":"https:\/\/autoprintmachine.com\/wp-content\/uploads\/2020\/08\/OS-400S.jpg","width":600,"height":600,"caption":"automatic screen printing machine"},{"@type":"BreadcrumbList","@id":"https:\/\/autoprintmachine.com\/multi-color-cylindrical-screen-printing-machine\/#breadcrumb","itemListElement":[{"@type":"ListItem","position":1,"name":"Home","item":"https:\/\/autoprintmachine.com\/"},{"@type":"ListItem","position":2,"name":"Products","item":"https:\/\/autoprintmachine.com\/shop\/"},{"@type":"ListItem","position":3,"name":"Multi Color Cylindrical Screen Printing Machine"}]},{"@type":"WebSite","@id":"https:\/\/autoprintmachine.com\/#website","url":"https:\/\/autoprintmachine.com\/","name":"","description":"","publisher":{"@id":"https:\/\/autoprintmachine.com\/#organization"},"potentialAction":[{"@type":"SearchAction","target":{"@type":"EntryPoint","urlTemplate":"https:\/\/autoprintmachine.com\/?s={search_term_string}"},"query-input":{"@type":"PropertyValueSpecification","valueRequired":true,"valueName":"search_term_string"}}],"inLanguage":"es"},{"@type":"Organization","@id":"https:\/\/autoprintmachine.com\/#organization","name":"Dongguan Auto Print Tech Co., Ltd","url":"https:\/\/autoprintmachine.com\/","logo":{"@type":"ImageObject","inLanguage":"es","@id":"https:\/\/autoprintmachine.com\/#\/schema\/logo\/image\/","url":"https:\/\/autoprintmachine.com\/wp-content\/uploads\/2023\/06\/screen_printing_logo_new.webp","contentUrl":"https:\/\/autoprintmachine.com\/wp-content\/uploads\/2023\/06\/screen_printing_logo_new.webp","width":890,"height":750,"caption":"Dongguan Auto Print Tech Co., Ltd"},"image":{"@id":"https:\/\/autoprintmachine.com\/#\/schema\/logo\/image\/"},"sameAs":["https:\/\/www.facebook.com\/autoprinttech\/","https:\/\/www.youtube.com\/channel\/UCJtPGiBbQWGE2DZLxySpCtw"]}]}},"_links":{"self":[{"href":"https:\/\/autoprintmachine.com\/es\/wp-json\/wp\/v2\/product\/543","targetHints":{"allow":["GET"]}}],"collection":[{"href":"https:\/\/autoprintmachine.com\/es\/wp-json\/wp\/v2\/product"}],"about":[{"href":"https:\/\/autoprintmachine.com\/es\/wp-json\/wp\/v2\/types\/product"}],"wp:featuredmedia":[{"embeddable":true,"href":"https:\/\/autoprintmachine.com\/es\/wp-json\/wp\/v2\/media\/544"}],"wp:attachment":[{"href":"https:\/\/autoprintmachine.com\/es\/wp-json\/wp\/v2\/media?parent=543"}],"wp:term":[{"taxonomy":"product_brand","embeddable":true,"href":"https:\/\/autoprintmachine.com\/es\/wp-json\/wp\/v2\/product_brand?post=543"},{"taxonomy":"product_cat","embeddable":true,"href":"https:\/\/autoprintmachine.com\/es\/wp-json\/wp\/v2\/product_cat?post=543"},{"taxonomy":"product_tag","embeddable":true,"href":"https:\/\/autoprintmachine.com\/es\/wp-json\/wp\/v2\/product_tag?post=543"}],"curies":[{"name":"wp","href":"https:\/\/api.w.org\/{rel}","templated":true}]}}