{"id":561,"date":"2020-09-19T03:02:20","date_gmt":"2020-09-19T03:02:20","guid":{"rendered":"https:\/\/autoprintmachine.com\/?post_type=product&#038;p=561"},"modified":"2026-01-06T05:18:35","modified_gmt":"2026-01-06T05:18:35","slug":"maquina-de-tampografia-de-un-color-de-sobremesa-servoaccionada","status":"publish","type":"product","link":"https:\/\/autoprintmachine.com\/es\/maquina-de-tampografia-de-un-color-de-sobremesa-servoaccionada\/","title":{"rendered":"M\u00e1quina de tampograf\u00eda de un color de mesa servoaccionada"},"content":{"rendered":"<h2><strong>INTRODUCCI\u00d3N<\/strong><\/h2>\n<p><strong>AP-100-SM<\/strong> es un sistema de tampograf\u00eda monocolor compacto y preciso, f\u00e1cil de usar y r\u00e1pido de configurar. Dispone de un panel de control con pantalla t\u00e1ctil programable desde el que se pueden programar f\u00e1cilmente todas las funciones.<\/p>\n<p><strong>El AP-100-SM<\/strong> est\u00e1 equipada con servomotores Panasonic que impulsan el movimiento frontal\/posterior de la placa y el recorrido de la almohadilla sobre los objetos impresos.<\/p>\n<p><strong>El AP-100-SM<\/strong> La m\u00e1quina de tampograf\u00eda servocontrolada es adecuada para la impresi\u00f3n r\u00e1pida a peque\u00f1a escala de un solo color y se utiliza ampliamente en muchos sectores, como papeler\u00eda, juguetes, pl\u00e1sticos, regalos, electrodom\u00e9sticos y electr\u00f3nica.<\/p>\n<h2><strong>Caracter\u00edsticas est\u00e1ndar:<\/strong><\/h2>\n<ul>\n<li>Tampograf\u00eda monocolor compacta y precisa<\/li>\n<li>F\u00e1cil de usar y r\u00e1pida de instalar<\/li>\n<li>El PLC Mitsubishi y la pantalla t\u00e1ctil Weinview controlan todos los movimientos<\/li>\n<li>El servomotor acciona el movimiento delantero y trasero de la placa<\/li>\n<li>\u00a0Carrera de impresi\u00f3n programable accionada por un servomotor<\/li>\n<li>Dispositivo autom\u00e1tico de limpieza de almohadillas con cinta (opcional)<\/li>\n<li>Control de pantalla t\u00e1ctil con almacenamiento de memoria de trabajos<\/li>\n<li>Rendimiento suave y silencioso de la m\u00e1quina<\/li>\n<\/ul>\n<h2><strong>Especificaciones:<\/strong><\/h2>\n<table width=\"643\">\n<tbody>\n<tr>\n<td width=\"260\">Modelo<\/td>\n<td width=\"383\">AP-100-SM<\/td>\n<\/tr>\n<tr>\n<td width=\"260\">Sistema de control<\/td>\n<td width=\"383\">PLC Mitsubishi y pantalla t\u00e1ctil Weinview<\/td>\n<\/tr>\n<tr>\n<td width=\"260\">Impulsado por carrera delantera\/trasera<\/td>\n<td width=\"383\">servomotor panasonic<\/td>\n<\/tr>\n<tr>\n<td width=\"260\">Trazo de impresi\u00f3n arriba\/abajo impulsado<\/td>\n<td width=\"383\">servomotor panasonic<\/td>\n<\/tr>\n<tr>\n<td width=\"260\">Tama\u00f1o del clich\u00e9<\/td>\n<td width=\"383\">100x215mm<\/td>\n<\/tr>\n<tr>\n<td width=\"260\">Grosor del clich\u00e9<\/td>\n<td width=\"383\">0,3 mm o 0,5 mm o 10 mm<\/td>\n<\/tr>\n<tr>\n<td width=\"260\">Tama\u00f1o del vaso de tinta<\/td>\n<td width=\"383\">DI90 x DE100 mm<\/td>\n<\/tr>\n<tr>\n<td width=\"260\">Tama\u00f1o de impresi\u00f3n m\u00e1x.<\/td>\n<td width=\"383\">85 mm de di\u00e1metro<\/td>\n<\/tr>\n<tr>\n<td width=\"260\">Ciclos de funcionamiento\/hora M\u00e1x.<\/td>\n<td width=\"383\">1800 - 6300<\/td>\n<\/tr>\n<tr>\n<td width=\"260\">Golpe de almohadilla<\/td>\n<td width=\"383\">100 mil\u00edmetros<\/td>\n<\/tr>\n<tr>\n<td width=\"260\">Tensi\u00f3n principal<\/td>\n<td width=\"383\">110V\/220V\/230V Monof\u00e1sico 50\/60Hz<\/td>\n<\/tr>\n<tr>\n<td width=\"260\">Control del voltaje<\/td>\n<td width=\"383\">24 V\/CC<\/td>\n<\/tr>\n<tr>\n<td width=\"260\">Peso<\/td>\n<td width=\"383\">100kg aprox.<\/td>\n<\/tr>\n<tr>\n<td width=\"260\">Tama\u00f1o de la m\u00e1quina<\/td>\n<td width=\"383\">Largo 670 x ancho 420 x alto 766 mm<\/td>\n<\/tr>\n<\/tbody>\n<\/table>","protected":false},"excerpt":{"rendered":"<p>La AP-100-SM es una m\u00e1quina de tampograf\u00eda de sobremesa con servoaccionamiento de carrera arriba\/abajo y adelante\/atr\u00e1s. Todas las operaciones pueden ser ajustadas y programadas a trav\u00e9s de la pantalla t\u00e1ctil y controladas por un PLC de marca. Esta m\u00e1quina de tampograf\u00eda tiene un rendimiento de trabajo estable y puede lograr una impresi\u00f3n de alta precisi\u00f3n. El tama\u00f1o de la taza de tinta de esta impresora de tamp\u00f3n es de 90x100mm, y el tama\u00f1o de la placa de impresi\u00f3n es de 100x215mm. Es ampliamente utilizada para la impresi\u00f3n de piezas peque\u00f1as, especialmente piezas de alta calidad, tales como componentes automotrices y electr\u00f3nicos. Esta m\u00e1quina de tampograf\u00eda de sobremesa tambi\u00e9n es adecuada para su integraci\u00f3n en l\u00edneas de producci\u00f3n.<\/p>","protected":false},"featured_media":1369,"template":"","meta":[],"product_brand":[],"product_cat":[23],"product_tag":[],"class_list":{"0":"post-561","1":"product","2":"type-product","3":"status-publish","4":"has-post-thumbnail","6":"product_cat-pad-printing-machine","8":"first","9":"instock","10":"shipping-taxable","11":"product-type-simple"},"yoast_head":"<!-- This site is optimized with the Yoast SEO plugin v27.4 - https:\/\/yoast.com\/product\/yoast-seo-wordpress\/ -->\n<title>Servo Tabletop One Color Pad Printing Machine with High-Quality<\/title>\n<meta name=\"description\" content=\"AP-100-SM is a tabletop pad printing machine with an up\/down drive and front\/rear drive, all driven by servo motors.\" \/>\n<meta name=\"robots\" content=\"index, follow, max-snippet:-1, max-image-preview:large, max-video-preview:-1\" \/>\n<link rel=\"canonical\" href=\"https:\/\/autoprintmachine.com\/es\/maquina-de-tampografia-de-un-color-de-sobremesa-servoaccionada\/\" \/>\n<meta property=\"og:locale\" content=\"es_ES\" \/>\n<meta property=\"og:type\" content=\"article\" \/>\n<meta property=\"og:title\" content=\"Servo Tabletop One Color Pad Printing Machine with High-Quality\" \/>\n<meta property=\"og:description\" content=\"AP-100-SM is a tabletop pad printing machine with an up\/down drive and front\/rear drive, all driven by servo motors.\" \/>\n<meta property=\"og:url\" content=\"https:\/\/autoprintmachine.com\/es\/maquina-de-tampografia-de-un-color-de-sobremesa-servoaccionada\/\" \/>\n<meta property=\"article:publisher\" content=\"https:\/\/www.facebook.com\/autoprinttech\/\" \/>\n<meta property=\"article:modified_time\" content=\"2026-01-06T05:18:35+00:00\" \/>\n<meta property=\"og:image\" content=\"https:\/\/autoprintmachine.com\/wp-content\/uploads\/2022\/03\/125-1-SM.jpg\" \/>\n\t<meta property=\"og:image:width\" content=\"600\" \/>\n\t<meta property=\"og:image:height\" content=\"600\" \/>\n\t<meta property=\"og:image:type\" content=\"image\/jpeg\" \/>\n<meta name=\"twitter:card\" content=\"summary_large_image\" \/>\n<meta name=\"twitter:label1\" content=\"Est. reading time\" \/>\n\t<meta name=\"twitter:data1\" content=\"2 minutos\" \/>\n<script type=\"application\/ld+json\" class=\"yoast-schema-graph\">{\"@context\":\"https:\\\/\\\/schema.org\",\"@graph\":[{\"@type\":\"WebPage\",\"@id\":\"https:\\\/\\\/autoprintmachine.com\\\/servo-driven-tabletop-one-color-pad-printing-machine\\\/\",\"url\":\"https:\\\/\\\/autoprintmachine.com\\\/servo-driven-tabletop-one-color-pad-printing-machine\\\/\",\"name\":\"Servo Tabletop One Color Pad Printing Machine with High-Quality\",\"isPartOf\":{\"@id\":\"https:\\\/\\\/autoprintmachine.com\\\/#website\"},\"primaryImageOfPage\":{\"@id\":\"https:\\\/\\\/autoprintmachine.com\\\/servo-driven-tabletop-one-color-pad-printing-machine\\\/#primaryimage\"},\"image\":{\"@id\":\"https:\\\/\\\/autoprintmachine.com\\\/servo-driven-tabletop-one-color-pad-printing-machine\\\/#primaryimage\"},\"thumbnailUrl\":\"https:\\\/\\\/autoprintmachine.com\\\/wp-content\\\/uploads\\\/2022\\\/03\\\/125-1-SM.jpg\",\"datePublished\":\"2020-09-19T03:02:20+00:00\",\"dateModified\":\"2026-01-06T05:18:35+00:00\",\"description\":\"AP-100-SM is a tabletop pad printing machine with an up\\\/down drive and front\\\/rear drive, all driven by servo motors.\",\"breadcrumb\":{\"@id\":\"https:\\\/\\\/autoprintmachine.com\\\/servo-driven-tabletop-one-color-pad-printing-machine\\\/#breadcrumb\"},\"inLanguage\":\"es\",\"potentialAction\":[{\"@type\":\"ReadAction\",\"target\":[\"https:\\\/\\\/autoprintmachine.com\\\/servo-driven-tabletop-one-color-pad-printing-machine\\\/\"]}]},{\"@type\":\"ImageObject\",\"inLanguage\":\"es\",\"@id\":\"https:\\\/\\\/autoprintmachine.com\\\/servo-driven-tabletop-one-color-pad-printing-machine\\\/#primaryimage\",\"url\":\"https:\\\/\\\/autoprintmachine.com\\\/wp-content\\\/uploads\\\/2022\\\/03\\\/125-1-SM.jpg\",\"contentUrl\":\"https:\\\/\\\/autoprintmachine.com\\\/wp-content\\\/uploads\\\/2022\\\/03\\\/125-1-SM.jpg\",\"width\":600,\"height\":600,\"caption\":\"125 1 SM\"},{\"@type\":\"BreadcrumbList\",\"@id\":\"https:\\\/\\\/autoprintmachine.com\\\/servo-driven-tabletop-one-color-pad-printing-machine\\\/#breadcrumb\",\"itemListElement\":[{\"@type\":\"ListItem\",\"position\":1,\"name\":\"Home\",\"item\":\"https:\\\/\\\/autoprintmachine.com\\\/\"},{\"@type\":\"ListItem\",\"position\":2,\"name\":\"Products\",\"item\":\"https:\\\/\\\/autoprintmachine.com\\\/shop\\\/\"},{\"@type\":\"ListItem\",\"position\":3,\"name\":\"Servo Driven Tabletop One Color Pad Printing Machine\"}]},{\"@type\":\"WebSite\",\"@id\":\"https:\\\/\\\/autoprintmachine.com\\\/#website\",\"url\":\"https:\\\/\\\/autoprintmachine.com\\\/\",\"name\":\"\",\"description\":\"\",\"publisher\":{\"@id\":\"https:\\\/\\\/autoprintmachine.com\\\/#organization\"},\"potentialAction\":[{\"@type\":\"SearchAction\",\"target\":{\"@type\":\"EntryPoint\",\"urlTemplate\":\"https:\\\/\\\/autoprintmachine.com\\\/?s={search_term_string}\"},\"query-input\":{\"@type\":\"PropertyValueSpecification\",\"valueRequired\":true,\"valueName\":\"search_term_string\"}}],\"inLanguage\":\"es\"},{\"@type\":\"Organization\",\"@id\":\"https:\\\/\\\/autoprintmachine.com\\\/#organization\",\"name\":\"Dongguan Auto Print Tech Co., Ltd\",\"url\":\"https:\\\/\\\/autoprintmachine.com\\\/\",\"logo\":{\"@type\":\"ImageObject\",\"inLanguage\":\"es\",\"@id\":\"https:\\\/\\\/autoprintmachine.com\\\/#\\\/schema\\\/logo\\\/image\\\/\",\"url\":\"https:\\\/\\\/autoprintmachine.com\\\/wp-content\\\/uploads\\\/2023\\\/06\\\/screen_printing_logo_new.webp\",\"contentUrl\":\"https:\\\/\\\/autoprintmachine.com\\\/wp-content\\\/uploads\\\/2023\\\/06\\\/screen_printing_logo_new.webp\",\"width\":890,\"height\":750,\"caption\":\"Dongguan Auto Print Tech Co., Ltd\"},\"image\":{\"@id\":\"https:\\\/\\\/autoprintmachine.com\\\/#\\\/schema\\\/logo\\\/image\\\/\"},\"sameAs\":[\"https:\\\/\\\/www.facebook.com\\\/autoprinttech\\\/\",\"https:\\\/\\\/www.youtube.com\\\/channel\\\/UCJtPGiBbQWGE2DZLxySpCtw\"]}]}<\/script>\n<!-- \/ Yoast SEO plugin. -->","yoast_head_json":{"title":"M\u00e1quina de tampograf\u00eda servo de sobremesa de un color con alta calidad","description":"La AP-100-SM es una m\u00e1quina de tampograf\u00eda de sobremesa con accionamiento arriba\/abajo y delantero\/trasero, todo ello accionado por servomotores.","robots":{"index":"index","follow":"follow","max-snippet":"max-snippet:-1","max-image-preview":"max-image-preview:large","max-video-preview":"max-video-preview:-1"},"canonical":"https:\/\/autoprintmachine.com\/es\/maquina-de-tampografia-de-un-color-de-sobremesa-servoaccionada\/","og_locale":"es_ES","og_type":"article","og_title":"Servo Tabletop One Color Pad Printing Machine with High-Quality","og_description":"AP-100-SM is a tabletop pad printing machine with an up\/down drive and front\/rear drive, all driven by servo motors.","og_url":"https:\/\/autoprintmachine.com\/es\/maquina-de-tampografia-de-un-color-de-sobremesa-servoaccionada\/","article_publisher":"https:\/\/www.facebook.com\/autoprinttech\/","article_modified_time":"2026-01-06T05:18:35+00:00","og_image":[{"width":600,"height":600,"url":"https:\/\/autoprintmachine.com\/wp-content\/uploads\/2022\/03\/125-1-SM.jpg","type":"image\/jpeg"}],"twitter_card":"summary_large_image","twitter_misc":{"Est. reading time":"2 minutos"},"schema":{"@context":"https:\/\/schema.org","@graph":[{"@type":"WebPage","@id":"https:\/\/autoprintmachine.com\/servo-driven-tabletop-one-color-pad-printing-machine\/","url":"https:\/\/autoprintmachine.com\/servo-driven-tabletop-one-color-pad-printing-machine\/","name":"M\u00e1quina de tampograf\u00eda servo de sobremesa de un color con alta calidad","isPartOf":{"@id":"https:\/\/autoprintmachine.com\/#website"},"primaryImageOfPage":{"@id":"https:\/\/autoprintmachine.com\/servo-driven-tabletop-one-color-pad-printing-machine\/#primaryimage"},"image":{"@id":"https:\/\/autoprintmachine.com\/servo-driven-tabletop-one-color-pad-printing-machine\/#primaryimage"},"thumbnailUrl":"https:\/\/autoprintmachine.com\/wp-content\/uploads\/2022\/03\/125-1-SM.jpg","datePublished":"2020-09-19T03:02:20+00:00","dateModified":"2026-01-06T05:18:35+00:00","description":"La AP-100-SM es una m\u00e1quina de tampograf\u00eda de sobremesa con accionamiento arriba\/abajo y delantero\/trasero, todo ello accionado por servomotores.","breadcrumb":{"@id":"https:\/\/autoprintmachine.com\/servo-driven-tabletop-one-color-pad-printing-machine\/#breadcrumb"},"inLanguage":"es","potentialAction":[{"@type":"ReadAction","target":["https:\/\/autoprintmachine.com\/servo-driven-tabletop-one-color-pad-printing-machine\/"]}]},{"@type":"ImageObject","inLanguage":"es","@id":"https:\/\/autoprintmachine.com\/servo-driven-tabletop-one-color-pad-printing-machine\/#primaryimage","url":"https:\/\/autoprintmachine.com\/wp-content\/uploads\/2022\/03\/125-1-SM.jpg","contentUrl":"https:\/\/autoprintmachine.com\/wp-content\/uploads\/2022\/03\/125-1-SM.jpg","width":600,"height":600,"caption":"125 1 SM"},{"@type":"BreadcrumbList","@id":"https:\/\/autoprintmachine.com\/servo-driven-tabletop-one-color-pad-printing-machine\/#breadcrumb","itemListElement":[{"@type":"ListItem","position":1,"name":"Home","item":"https:\/\/autoprintmachine.com\/"},{"@type":"ListItem","position":2,"name":"Products","item":"https:\/\/autoprintmachine.com\/shop\/"},{"@type":"ListItem","position":3,"name":"Servo Driven Tabletop One Color Pad Printing Machine"}]},{"@type":"WebSite","@id":"https:\/\/autoprintmachine.com\/#website","url":"https:\/\/autoprintmachine.com\/","name":"","description":"","publisher":{"@id":"https:\/\/autoprintmachine.com\/#organization"},"potentialAction":[{"@type":"SearchAction","target":{"@type":"EntryPoint","urlTemplate":"https:\/\/autoprintmachine.com\/?s={search_term_string}"},"query-input":{"@type":"PropertyValueSpecification","valueRequired":true,"valueName":"search_term_string"}}],"inLanguage":"es"},{"@type":"Organization","@id":"https:\/\/autoprintmachine.com\/#organization","name":"Dongguan Auto Print Tech Co., Ltd","url":"https:\/\/autoprintmachine.com\/","logo":{"@type":"ImageObject","inLanguage":"es","@id":"https:\/\/autoprintmachine.com\/#\/schema\/logo\/image\/","url":"https:\/\/autoprintmachine.com\/wp-content\/uploads\/2023\/06\/screen_printing_logo_new.webp","contentUrl":"https:\/\/autoprintmachine.com\/wp-content\/uploads\/2023\/06\/screen_printing_logo_new.webp","width":890,"height":750,"caption":"Dongguan Auto Print Tech Co., Ltd"},"image":{"@id":"https:\/\/autoprintmachine.com\/#\/schema\/logo\/image\/"},"sameAs":["https:\/\/www.facebook.com\/autoprinttech\/","https:\/\/www.youtube.com\/channel\/UCJtPGiBbQWGE2DZLxySpCtw"]}]}},"_links":{"self":[{"href":"https:\/\/autoprintmachine.com\/es\/wp-json\/wp\/v2\/product\/561","targetHints":{"allow":["GET"]}}],"collection":[{"href":"https:\/\/autoprintmachine.com\/es\/wp-json\/wp\/v2\/product"}],"about":[{"href":"https:\/\/autoprintmachine.com\/es\/wp-json\/wp\/v2\/types\/product"}],"wp:featuredmedia":[{"embeddable":true,"href":"https:\/\/autoprintmachine.com\/es\/wp-json\/wp\/v2\/media\/1369"}],"wp:attachment":[{"href":"https:\/\/autoprintmachine.com\/es\/wp-json\/wp\/v2\/media?parent=561"}],"wp:term":[{"taxonomy":"product_brand","embeddable":true,"href":"https:\/\/autoprintmachine.com\/es\/wp-json\/wp\/v2\/product_brand?post=561"},{"taxonomy":"product_cat","embeddable":true,"href":"https:\/\/autoprintmachine.com\/es\/wp-json\/wp\/v2\/product_cat?post=561"},{"taxonomy":"product_tag","embeddable":true,"href":"https:\/\/autoprintmachine.com\/es\/wp-json\/wp\/v2\/product_tag?post=561"}],"curies":[{"name":"wp","href":"https:\/\/api.w.org\/{rel}","templated":true}]}}