{"id":38,"date":"2020-02-07T07:03:33","date_gmt":"2020-02-07T07:03:33","guid":{"rendered":"https:\/\/f.seowaimao.com\/?page_id=38"},"modified":"2020-02-07T07:31:19","modified_gmt":"2020-02-07T07:31:19","slug":"faq","status":"publish","type":"page","link":"https:\/\/autoprintmachine.com\/fr\/faq\/","title":{"rendered":"FAQ"},"content":{"rendered":"<section class=\"section\" id=\"section_1934590378\">\n\t\t<div class=\"section-bg fill\" >\n\t\t\t\t\t\t\t\t\t\n\t\t\t\n\n\t\t<\/div>\n\n\t\t\n\n\t\t<div class=\"section-content relative\">\n\t\t\t\n<div class=\"row\"  id=\"row-211493353\">\n\n\t<div id=\"col-1072326744\" class=\"col small-12 large-12\"  >\n\t\t\t\t<div class=\"col-inner\"  >\n\t\t\t\n\t\t\t\n<div class=\"accordion\">\n\t<div id=\"accordion-1884835690\" class=\"accordion-item\">\n\t\t<a id=\"accordion-1884835690-label\" class=\"accordion-title plain active\" href=\"#accordion-item-can-i-cancel-or-change-an-existing-order?\" aria-expanded=\"true\" aria-controls=\"accordion-1884835690-content\" >\n\t\t\t<button class=\"toggle\" aria-label=\"Basculer\"><i class=\"icon-angle-down\"><\/i><\/button>\n\t\t\t<span>Puis-je annuler ou modifier une commande existante ?<\/span>\n\t\t<\/a>\n\t\t<div id=\"accordion-1884835690-content\" class=\"accordion-inner\" style=\"display: block;\" aria-labelledby=\"accordion-1884835690-label\" >\n\t\t\t\n<p>Lorem ipsum dolor sit amet, consectetuer adipiscing elit, sed Lorem ipsum dolor sit amet, consectetuer adipiscing elit, sed Lorem ipsum dolor sit amet, consectetuer adipiscing elit, sed Lorem ipsum dolor sit amet, consectetuer adipiscing elit, sed Lorem ipsum dolor sit amet, consectetuer adipiscing elit, sed diam nonummy nibh euismod tincidunt ut laoreet dolore magna aliquam erat volutpat.<\/p>\n\t\t<\/div>\n\t<\/div>\n\t\n\t<div id=\"accordion-288191997\" class=\"accordion-item\">\n\t\t<a id=\"accordion-288191997-label\" class=\"accordion-title plain\" href=\"#accordion-item-how-much-will-shipping-cost-and-what-methods-do-you-offer?\" aria-expanded=\"false\" aria-controls=\"accordion-288191997-content\" >\n\t\t\t<button class=\"toggle\" aria-label=\"Basculer\"><i class=\"icon-angle-down\"><\/i><\/button>\n\t\t\t<span>Quel est le co\u00fbt de l'exp\u00e9dition et quelles sont les m\u00e9thodes propos\u00e9es ?<\/span>\n\t\t<\/a>\n\t\t<div id=\"accordion-288191997-content\" class=\"accordion-inner\" aria-labelledby=\"accordion-288191997-label\" >\n\t\t\t\n<p>222<\/p>\n\t\t<\/div>\n\t<\/div>\n\t\n\t<div id=\"accordion-2455669134\" class=\"accordion-item\">\n\t\t<a id=\"accordion-2455669134-label\" class=\"accordion-title plain\" href=\"#accordion-item-what-freight-companies-do-you-use?\" aria-expanded=\"false\" aria-controls=\"accordion-2455669134-content\" >\n\t\t\t<button class=\"toggle\" aria-label=\"Basculer\"><i class=\"icon-angle-down\"><\/i><\/button>\n\t\t\t<span>Quelles compagnies de transport utilisez-vous ?<\/span>\n\t\t<\/a>\n\t\t<div id=\"accordion-2455669134-content\" class=\"accordion-inner\" aria-labelledby=\"accordion-2455669134-label\" >\n\t\t\t\n<p>33<\/p>\n\t\t<\/div>\n\t<\/div>\n\t\n\t<div id=\"accordion-1922843055\" class=\"accordion-item\">\n\t\t<a id=\"accordion-1922843055-label\" class=\"accordion-title plain\" href=\"#accordion-item-when-will-my-order-be-shipped?\" aria-expanded=\"false\" aria-controls=\"accordion-1922843055-content\" >\n\t\t\t<button class=\"toggle\" aria-label=\"Basculer\"><i class=\"icon-angle-down\"><\/i><\/button>\n\t\t\t<span>Quand ma commande sera-t-elle exp\u00e9di\u00e9e ?<\/span>\n\t\t<\/a>\n\t\t<div id=\"accordion-1922843055-content\" class=\"accordion-inner\" aria-labelledby=\"accordion-1922843055-label\" >\n\t\t\t\n<p>44<\/p>\n\t\t<\/div>\n\t<\/div>\n\t\n\t<div id=\"accordion-1106487422\" class=\"accordion-item\">\n\t\t<a id=\"accordion-1106487422-label\" class=\"accordion-title plain\" href=\"#accordion-item-do-you-offer-discounts-on-large-orders?\" aria-expanded=\"false\" aria-controls=\"accordion-1106487422-content\" >\n\t\t\t<button class=\"toggle\" aria-label=\"Basculer\"><i class=\"icon-angle-down\"><\/i><\/button>\n\t\t\t<span>Offrez-vous des remises sur les commandes importantes ?<\/span>\n\t\t<\/a>\n\t\t<div id=\"accordion-1106487422-content\" class=\"accordion-inner\" aria-labelledby=\"accordion-1106487422-label\" >\n\t\t\t\n<p>55<\/p>\n\t\t<\/div>\n\t<\/div>\n\t\n\t<div id=\"accordion-345403318\" class=\"accordion-item\">\n\t\t<a id=\"accordion-345403318-label\" class=\"accordion-title plain\" href=\"#accordion-item-i-just-placed-my-order,-is-it-possible-to-change-my-shipping-service?\" aria-expanded=\"false\" aria-controls=\"accordion-345403318-content\" >\n\t\t\t<button class=\"toggle\" aria-label=\"Basculer\"><i class=\"icon-angle-down\"><\/i><\/button>\n\t\t\t<span>Je viens de passer ma commande, est-il possible de modifier mon service de livraison ?<\/span>\n\t\t<\/a>\n\t\t<div id=\"accordion-345403318-content\" class=\"accordion-inner\" aria-labelledby=\"accordion-345403318-label\" >\n\t\t\t\n<p>66<\/p>\n\t\t<\/div>\n\t<\/div>\n\t\n\t<div id=\"accordion-1580861689\" class=\"accordion-item\">\n\t\t<a id=\"accordion-1580861689-label\" class=\"accordion-title plain\" href=\"#accordion-item-how-can-i-get-my-tracking-number?\" aria-expanded=\"false\" aria-controls=\"accordion-1580861689-content\" >\n\t\t\t<button class=\"toggle\" aria-label=\"Basculer\"><i class=\"icon-angle-down\"><\/i><\/button>\n\t\t\t<span>Comment puis-je obtenir mon num\u00e9ro de suivi ?<\/span>\n\t\t<\/a>\n\t\t<div id=\"accordion-1580861689-content\" class=\"accordion-inner\" aria-labelledby=\"accordion-1580861689-label\" >\n\t\t\t\n<p>7<\/p>\n\t\t<\/div>\n\t<\/div>\n\t\n\t<div id=\"accordion-638518373\" class=\"accordion-item\">\n\t\t<a id=\"accordion-638518373-label\" class=\"accordion-title plain\" href=\"#accordion-item-what-happens-if-a-package-is-damaged-during-shipping?\" aria-expanded=\"false\" aria-controls=\"accordion-638518373-content\" >\n\t\t\t<button class=\"toggle\" aria-label=\"Basculer\"><i class=\"icon-angle-down\"><\/i><\/button>\n\t\t\t<span>Que se passe-t-il si un colis est endommag\u00e9 pendant le transport ?<\/span>\n\t\t<\/a>\n\t\t<div id=\"accordion-638518373-content\" class=\"accordion-inner\" aria-labelledby=\"accordion-638518373-label\" >\n\t\t\t\n<p>7<\/p>\n\t\t<\/div>\n\t<\/div>\n\t\n\t<div id=\"accordion-1075142536\" class=\"accordion-item\">\n\t\t<a id=\"accordion-1075142536-label\" class=\"accordion-title plain\" href=\"#accordion-item-what-is-your-return-policy?\" aria-expanded=\"false\" aria-controls=\"accordion-1075142536-content\" >\n\t\t\t<button class=\"toggle\" aria-label=\"Basculer\"><i class=\"icon-angle-down\"><\/i><\/button>\n\t\t\t<span>Quelle est votre politique de retour ?<\/span>\n\t\t<\/a>\n\t\t<div id=\"accordion-1075142536-content\" class=\"accordion-inner\" aria-labelledby=\"accordion-1075142536-label\" >\n\t\t\t\n<p>8<\/p>\n\t\t<\/div>\n\t<\/div>\n\t\n\t<div id=\"accordion-2701017920\" class=\"accordion-item\">\n\t\t<a id=\"accordion-2701017920-label\" class=\"accordion-title plain\" href=\"#accordion-item-what-methods-of-payment-do-you-accept?\" aria-expanded=\"false\" aria-controls=\"accordion-2701017920-content\" >\n\t\t\t<button class=\"toggle\" aria-label=\"Basculer\"><i class=\"icon-angle-down\"><\/i><\/button>\n\t\t\t<span>Quels sont les modes de paiement accept\u00e9s ?<\/span>\n\t\t<\/a>\n\t\t<div id=\"accordion-2701017920-content\" class=\"accordion-inner\" aria-labelledby=\"accordion-2701017920-label\" >\n\t\t\t\n<p>9<\/p>\n\t\t<\/div>\n\t<\/div>\n\t\n\t<div id=\"accordion-2041569209\" class=\"accordion-item\">\n\t\t<a id=\"accordion-2041569209-label\" class=\"accordion-title plain\" href=\"#accordion-item-what-form-of-currency-are-your-prices-in?\" aria-expanded=\"false\" aria-controls=\"accordion-2041569209-content\" >\n\t\t\t<button class=\"toggle\" aria-label=\"Basculer\"><i class=\"icon-angle-down\"><\/i><\/button>\n\t\t\t<span>Dans quelle devise vos prix sont-ils libell\u00e9s ?<\/span>\n\t\t<\/a>\n\t\t<div id=\"accordion-2041569209-content\" class=\"accordion-inner\" aria-labelledby=\"accordion-2041569209-label\" >\n\t\t\t\n<p>10<\/p>\n\t\t<\/div>\n\t<\/div>\n\t\n\t<div id=\"accordion-3107674568\" class=\"accordion-item\">\n\t\t<a id=\"accordion-3107674568-label\" class=\"accordion-title plain\" href=\"#accordion-item-do-you-offer-purchases-on-credit?\" aria-expanded=\"false\" aria-controls=\"accordion-3107674568-content\" >\n\t\t\t<button class=\"toggle\" aria-label=\"Basculer\"><i class=\"icon-angle-down\"><\/i><\/button>\n\t\t\t<span>Proposez-vous des achats \u00e0 cr\u00e9dit ?<\/span>\n\t\t<\/a>\n\t\t<div id=\"accordion-3107674568-content\" class=\"accordion-inner\" aria-labelledby=\"accordion-3107674568-label\" >\n\t\t\t\n<p>11<\/p>\n\t\t<\/div>\n\t<\/div>\n\t\n\t<div id=\"accordion-2269371829\" class=\"accordion-item\">\n\t\t<a id=\"accordion-2269371829-label\" class=\"accordion-title plain\" href=\"#accordion-item-how-do-i-know-if-the-product-i-want-is-in-stock?\" aria-expanded=\"false\" aria-controls=\"accordion-2269371829-content\" >\n\t\t\t<button class=\"toggle\" aria-label=\"Basculer\"><i class=\"icon-angle-down\"><\/i><\/button>\n\t\t\t<span>Comment puis-je savoir si le produit que je souhaite est en stock ?<\/span>\n\t\t<\/a>\n\t\t<div id=\"accordion-2269371829-content\" class=\"accordion-inner\" aria-labelledby=\"accordion-2269371829-label\" >\n\t\t\t\n<p>1111<\/p>\n\t\t<\/div>\n\t<\/div>\n\t\n\t<div id=\"accordion-472376520\" class=\"accordion-item\">\n\t\t<a id=\"accordion-472376520-label\" class=\"accordion-title plain\" href=\"#accordion-item-do-you-offer-discounted-products?\" aria-expanded=\"false\" aria-controls=\"accordion-472376520-content\" >\n\t\t\t<button class=\"toggle\" aria-label=\"Basculer\"><i class=\"icon-angle-down\"><\/i><\/button>\n\t\t\t<span>Proposez-vous des produits \u00e0 prix r\u00e9duit ?<\/span>\n\t\t<\/a>\n\t\t<div id=\"accordion-472376520-content\" class=\"accordion-inner\" aria-labelledby=\"accordion-472376520-label\" >\n\t\t\t\n<p>111<\/p>\n\t\t<\/div>\n\t<\/div>\n\t\n\t<div id=\"accordion-1495502539\" class=\"accordion-item\">\n\t\t<a id=\"accordion-1495502539-label\" class=\"accordion-title plain\" href=\"#accordion-item-what-type-of-warranty-comes-with-the-purchase-of-my-products?\" aria-expanded=\"false\" aria-controls=\"accordion-1495502539-content\" >\n\t\t\t<button class=\"toggle\" aria-label=\"Basculer\"><i class=\"icon-angle-down\"><\/i><\/button>\n\t\t\t<span>Quel type de garantie accompagne l'achat de mes produits ?<\/span>\n\t\t<\/a>\n\t\t<div id=\"accordion-1495502539-content\" class=\"accordion-inner\" aria-labelledby=\"accordion-1495502539-label\" >\n\t\t\t\n<p>111<\/p>\n\t\t<\/div>\n\t<\/div>\n\t\n\t<div id=\"accordion-73442746\" class=\"accordion-item\">\n\t\t<a id=\"accordion-73442746-label\" class=\"accordion-title plain\" href=\"#accordion-item-where-can-i-find-the-dimensions-for-my-products?\" aria-expanded=\"false\" aria-controls=\"accordion-73442746-content\" >\n\t\t\t<button class=\"toggle\" aria-label=\"Basculer\"><i class=\"icon-angle-down\"><\/i><\/button>\n\t\t\t<span>O\u00f9 puis-je trouver les dimensions de mes produits ?<\/span>\n\t\t<\/a>\n\t\t<div id=\"accordion-73442746-content\" class=\"accordion-inner\" aria-labelledby=\"accordion-73442746-label\" >\n\t\t\t\n<p>111<\/p>\n\t\t<\/div>\n\t<\/div>\n\t\n<\/div>\n\t\t<\/div>\n\t\t\t\t\t<\/div>\n\n\t\n<\/div>\n\t\t<\/div>\n\n\t\t\n<style>\n#section_1934590378 {\n  padding-top: 30px;\n  padding-bottom: 30px;\n}\n<\/style>\n\t<\/section>\n\t\n\n\t<section class=\"section\" id=\"section_364051991\">\n\t\t<div class=\"section-bg fill\" >\n\t\t\t\t\t\t\t\t\t\n\t\t\t\n\n\t\t<\/div>\n\n\t\t\n\n\t\t<div class=\"section-content relative\">\n\t\t\t\n\t\t<\/div>\n\n\t\t\n<style>\n#section_364051991 {\n  padding-top: 30px;\n  padding-bottom: 30px;\n}\n<\/style>\n\t<\/section>\n\t\n\n\t<section class=\"section\" id=\"section_1859449437\">\n\t\t<div class=\"section-bg fill\" >\n\t\t\t\t\t\t\t\t\t\n\t\t\t\n\n\t\t<\/div>\n\n\t\t\n\n\t\t<div class=\"section-content relative\">\n\t\t\t\n\t\t<\/div>\n\n\t\t\n<style>\n#section_1859449437 {\n  padding-top: 30px;\n  padding-bottom: 30px;\n}\n<\/style>\n\t<\/section>\n\t\n\n\t<section class=\"section\" id=\"section_1862127938\">\n\t\t<div class=\"section-bg fill\" >\n\t\t\t\t\t\t\t\t\t\n\t\t\t\n\n\t\t<\/div>\n\n\t\t\n\n\t\t<div class=\"section-content relative\">\n\t\t\t\n\t\t<\/div>\n\n\t\t\n<style>\n#section_1862127938 {\n  padding-top: 30px;\n  padding-bottom: 30px;\n}\n<\/style>\n\t<\/section>\n\t\n\n\t<section class=\"section\" id=\"section_1147983470\">\n\t\t<div class=\"section-bg fill\" >\n\t\t\t\t\t\t\t\t\t\n\t\t\t\n\n\t\t<\/div>\n\n\t\t\n\n\t\t<div class=\"section-content relative\">\n\t\t\t\n\t\t<\/div>\n\n\t\t\n<style>\n#section_1147983470 {\n  padding-top: 30px;\n  padding-bottom: 30px;\n}\n<\/style>\n\t<\/section>","protected":false},"excerpt":{"rendered":"","protected":false},"author":1,"featured_media":0,"parent":0,"menu_order":0,"comment_status":"closed","ping_status":"closed","template":"page-blank.php","meta":{"footnotes":""},"class_list":["post-38","page","type-page","status-publish","hentry"],"acf":[],"yoast_head":"<!-- This site is optimized with the Yoast SEO plugin v23.9 - https:\/\/yoast.com\/wordpress\/plugins\/seo\/ -->\n<title>FAQ -<\/title>\n<meta name=\"robots\" content=\"index, follow, max-snippet:-1, max-image-preview:large, max-video-preview:-1\" \/>\n<link rel=\"canonical\" href=\"https:\/\/autoprintmachine.com\/fr\/faq\/\" \/>\n<meta property=\"og:locale\" content=\"fr_FR\" \/>\n<meta property=\"og:type\" content=\"article\" \/>\n<meta property=\"og:title\" content=\"FAQ -\" \/>\n<meta property=\"og:url\" content=\"https:\/\/autoprintmachine.com\/fr\/faq\/\" \/>\n<meta property=\"article:publisher\" content=\"https:\/\/www.facebook.com\/autoprinttech\/\" \/>\n<meta property=\"article:modified_time\" content=\"2020-02-07T07:31:19+00:00\" \/>\n<meta name=\"twitter:card\" content=\"summary_large_image\" \/>\n<meta name=\"twitter:label1\" content=\"Dur\u00e9e de lecture estim\u00e9e\" \/>\n\t<meta name=\"twitter:data1\" content=\"1 minute\" \/>\n<script type=\"application\/ld+json\" class=\"yoast-schema-graph\">{\"@context\":\"https:\/\/schema.org\",\"@graph\":[{\"@type\":\"WebPage\",\"@id\":\"https:\/\/autoprintmachine.com\/faq\/\",\"url\":\"https:\/\/autoprintmachine.com\/faq\/\",\"name\":\"FAQ -\",\"isPartOf\":{\"@id\":\"https:\/\/autoprintmachine.com\/#website\"},\"datePublished\":\"2020-02-07T07:03:33+00:00\",\"dateModified\":\"2020-02-07T07:31:19+00:00\",\"breadcrumb\":{\"@id\":\"https:\/\/autoprintmachine.com\/faq\/#breadcrumb\"},\"inLanguage\":\"fr-FR\",\"potentialAction\":[{\"@type\":\"ReadAction\",\"target\":[\"https:\/\/autoprintmachine.com\/faq\/\"]}]},{\"@type\":\"BreadcrumbList\",\"@id\":\"https:\/\/autoprintmachine.com\/faq\/#breadcrumb\",\"itemListElement\":[{\"@type\":\"ListItem\",\"position\":1,\"name\":\"Home\",\"item\":\"https:\/\/autoprintmachine.com\/\"},{\"@type\":\"ListItem\",\"position\":2,\"name\":\"FAQ\"}]},{\"@type\":\"WebSite\",\"@id\":\"https:\/\/autoprintmachine.com\/#website\",\"url\":\"https:\/\/autoprintmachine.com\/\",\"name\":\"\",\"description\":\"\",\"publisher\":{\"@id\":\"https:\/\/autoprintmachine.com\/#organization\"},\"potentialAction\":[{\"@type\":\"SearchAction\",\"target\":{\"@type\":\"EntryPoint\",\"urlTemplate\":\"https:\/\/autoprintmachine.com\/?s={search_term_string}\"},\"query-input\":{\"@type\":\"PropertyValueSpecification\",\"valueRequired\":true,\"valueName\":\"search_term_string\"}}],\"inLanguage\":\"fr-FR\"},{\"@type\":\"Organization\",\"@id\":\"https:\/\/autoprintmachine.com\/#organization\",\"name\":\"Dongguan Auto Print Tech Co., Ltd\",\"url\":\"https:\/\/autoprintmachine.com\/\",\"logo\":{\"@type\":\"ImageObject\",\"inLanguage\":\"fr-FR\",\"@id\":\"https:\/\/autoprintmachine.com\/#\/schema\/logo\/image\/\",\"url\":\"https:\/\/autoprintmachine.com\/wp-content\/uploads\/2023\/06\/screen_printing_logo_new.webp\",\"contentUrl\":\"https:\/\/autoprintmachine.com\/wp-content\/uploads\/2023\/06\/screen_printing_logo_new.webp\",\"width\":890,\"height\":750,\"caption\":\"Dongguan Auto Print Tech Co., Ltd\"},\"image\":{\"@id\":\"https:\/\/autoprintmachine.com\/#\/schema\/logo\/image\/\"},\"sameAs\":[\"https:\/\/www.facebook.com\/autoprinttech\/\",\"https:\/\/www.youtube.com\/channel\/UCJtPGiBbQWGE2DZLxySpCtw\"]}]}<\/script>\n<!-- \/ Yoast SEO plugin. -->","yoast_head_json":{"title":"FAQ -","robots":{"index":"index","follow":"follow","max-snippet":"max-snippet:-1","max-image-preview":"max-image-preview:large","max-video-preview":"max-video-preview:-1"},"canonical":"https:\/\/autoprintmachine.com\/fr\/faq\/","og_locale":"fr_FR","og_type":"article","og_title":"FAQ -","og_url":"https:\/\/autoprintmachine.com\/fr\/faq\/","article_publisher":"https:\/\/www.facebook.com\/autoprinttech\/","article_modified_time":"2020-02-07T07:31:19+00:00","twitter_card":"summary_large_image","twitter_misc":{"Dur\u00e9e de lecture estim\u00e9e":"1 minute"},"schema":{"@context":"https:\/\/schema.org","@graph":[{"@type":"WebPage","@id":"https:\/\/autoprintmachine.com\/faq\/","url":"https:\/\/autoprintmachine.com\/faq\/","name":"FAQ -","isPartOf":{"@id":"https:\/\/autoprintmachine.com\/#website"},"datePublished":"2020-02-07T07:03:33+00:00","dateModified":"2020-02-07T07:31:19+00:00","breadcrumb":{"@id":"https:\/\/autoprintmachine.com\/faq\/#breadcrumb"},"inLanguage":"fr-FR","potentialAction":[{"@type":"ReadAction","target":["https:\/\/autoprintmachine.com\/faq\/"]}]},{"@type":"BreadcrumbList","@id":"https:\/\/autoprintmachine.com\/faq\/#breadcrumb","itemListElement":[{"@type":"ListItem","position":1,"name":"Home","item":"https:\/\/autoprintmachine.com\/"},{"@type":"ListItem","position":2,"name":"FAQ"}]},{"@type":"WebSite","@id":"https:\/\/autoprintmachine.com\/#website","url":"https:\/\/autoprintmachine.com\/","name":"","description":"","publisher":{"@id":"https:\/\/autoprintmachine.com\/#organization"},"potentialAction":[{"@type":"SearchAction","target":{"@type":"EntryPoint","urlTemplate":"https:\/\/autoprintmachine.com\/?s={search_term_string}"},"query-input":{"@type":"PropertyValueSpecification","valueRequired":true,"valueName":"search_term_string"}}],"inLanguage":"fr-FR"},{"@type":"Organization","@id":"https:\/\/autoprintmachine.com\/#organization","name":"Dongguan Auto Print Tech Co., Ltd","url":"https:\/\/autoprintmachine.com\/","logo":{"@type":"ImageObject","inLanguage":"fr-FR","@id":"https:\/\/autoprintmachine.com\/#\/schema\/logo\/image\/","url":"https:\/\/autoprintmachine.com\/wp-content\/uploads\/2023\/06\/screen_printing_logo_new.webp","contentUrl":"https:\/\/autoprintmachine.com\/wp-content\/uploads\/2023\/06\/screen_printing_logo_new.webp","width":890,"height":750,"caption":"Dongguan Auto Print Tech Co., Ltd"},"image":{"@id":"https:\/\/autoprintmachine.com\/#\/schema\/logo\/image\/"},"sameAs":["https:\/\/www.facebook.com\/autoprinttech\/","https:\/\/www.youtube.com\/channel\/UCJtPGiBbQWGE2DZLxySpCtw"]}]}},"_links":{"self":[{"href":"https:\/\/autoprintmachine.com\/fr\/wp-json\/wp\/v2\/pages\/38","targetHints":{"allow":["GET"]}}],"collection":[{"href":"https:\/\/autoprintmachine.com\/fr\/wp-json\/wp\/v2\/pages"}],"about":[{"href":"https:\/\/autoprintmachine.com\/fr\/wp-json\/wp\/v2\/types\/page"}],"author":[{"embeddable":true,"href":"https:\/\/autoprintmachine.com\/fr\/wp-json\/wp\/v2\/users\/1"}],"replies":[{"embeddable":true,"href":"https:\/\/autoprintmachine.com\/fr\/wp-json\/wp\/v2\/comments?post=38"}],"version-history":[{"count":0,"href":"https:\/\/autoprintmachine.com\/fr\/wp-json\/wp\/v2\/pages\/38\/revisions"}],"wp:attachment":[{"href":"https:\/\/autoprintmachine.com\/fr\/wp-json\/wp\/v2\/media?parent=38"}],"curies":[{"name":"wp","href":"https:\/\/api.w.org\/{rel}","templated":true}]}}