{"id":2487,"date":"2025-06-06T06:29:43","date_gmt":"2025-06-06T06:29:43","guid":{"rendered":"https:\/\/autoprintmachine.com\/?post_type=product&#038;p=2487"},"modified":"2026-01-13T05:44:02","modified_gmt":"2026-01-13T05:44:02","slug":"ap-200w-uv-exposure-unit-for-pad-printing-cliche-making","status":"publish","type":"product","link":"https:\/\/autoprintmachine.com\/fr\/ap-200w-uv-exposure-unit-for-pad-printing-cliche-making\/","title":{"rendered":"Unit\u00e9 d'exposition aux UV AP-200W pour la tampographie et la fabrication de clich\u00e9s"},"content":{"rendered":"<section class=\"section\" id=\"section_1492277554\">\n\t\t<div class=\"section-bg fill\" >\n\t\t\t\t\t\t\t\t\t\n\t\t\t\n\n\t\t<\/div>\n\n\t\t\n\n\t\t<div class=\"section-content relative\">\n\t\t\t\n<div class=\"row\"  id=\"row-924599329\">\n\n\t<div id=\"col-2009997057\" class=\"col small-12 large-12\"  >\n\t\t\t\t<div class=\"col-inner\"  >\n\t\t\t\n\t\t\t\n<h2>Introduction<\/h2>\n<p>La machine d'exposition de clich\u00e9s AP-200W est con\u00e7ue pour la tampographie de plaques d'acier. Elle adopte des tubes \u00e0 lampe ultraviolette 200W \u00e0 haut rendement. Elle se caract\u00e9rise par une exposition uniforme, une faible consommation d'\u00e9nergie et une grande facilit\u00e9 d'utilisation. Elle convient aux petites imprimeries, aux ateliers de personnalisation et aux proc\u00e9d\u00e9s de tampographie de pr\u00e9cision.<\/p>\n\t\t<\/div>\n\t\t\t\t\t<\/div>\n\n\t\n<\/div>\n\t\t<\/div>\n\n\t\t\n<style>\n#section_1492277554 {\n  padding-top: 30px;\n  padding-bottom: 30px;\n}\n<\/style>\n\t<\/section>\n\t\n\n\t<section class=\"section\" id=\"section_1800593187\">\n\t\t<div class=\"section-bg fill\" >\n\t\t\t\t\t\t\t\t\t\n\t\t\t\n\n\t\t<\/div>\n\n\t\t\n\n\t\t<div class=\"section-content relative\">\n\t\t\t\n<div class=\"row\"  id=\"row-2002852949\">\n\n\t<div id=\"col-1353599517\" class=\"col small-12 large-12\"  >\n\t\t\t\t<div class=\"col-inner\"  >\n\t\t\t\n\t\t\t\n<h2>Caract\u00e9ristiques principales<\/h2>\n<div class=\"row align-equal row-box-shadow-3 row-box-shadow-2-hover\"  id=\"row-453047542\">\n\n\n\n\t<div id=\"col-2133815216\" class=\"col medium-6 small-12 large-6\"  >\n\t\t\t\t<div class=\"col-inner\"  >\n\t\t\t\n\t\t\t\n<h3>1. Syst\u00e8me d'exposition \u00e0 haut rendement<\/h3>\n<ul>\n<li>\n<p>\u00c9quip\u00e9 de tubes \u00e0 lampe ultraviolette haute puissance de 200 W, avec un spectre stable (pic principal de 365 nm), assurant un durcissement rapide du rev\u00eatement photosensible de la plaque d'acier, et un temps de vide et un temps d'exposition r\u00e9glables (g\u00e9n\u00e9ralement de 1 \u00e0 3 minutes).<\/p>\n<\/li>\n<\/ul>\n\t\t<\/div>\n\t\t\t\t\n<style>\n#col-2133815216 > .col-inner {\n  padding: 20px 20px 10px 20px;\n}\n<\/style>\n\t<\/div>\n\n\t\n\n\t<div id=\"col-2031891851\" class=\"col medium-6 small-12 large-6\"  >\n\t\t\t\t<div class=\"col-inner\"  >\n\t\t\t\n\t\t\t\n<h3>2. Structure compacte et durabilit\u00e9<\/h3>\n<ul>\n<li>\n<p>La machine est construite avec un ch\u00e2ssis l\u00e9ger en t\u00f4le mesurant 800\u00d7630\u00d7260 mm (personnalisable), ce qui permet d'\u00e9conomiser de l'espace et de la d\u00e9placer facilement.<\/p>\n<\/li>\n<li>\u00c9quip\u00e9 d'une table de travail sous vide, r\u00e9sistant aux temp\u00e9ratures \u00e9lev\u00e9es et aux rayures, et d'une capacit\u00e9 de charge allant jusqu'\u00e0 10 kg.<\/li>\n<\/ul>\n\t\t<\/div>\n\t\t\t\t\n<style>\n#col-2031891851 > .col-inner {\n  padding: 20px 20px 10px 20px;\n}\n<\/style>\n\t<\/div>\n\n\t\n\n<style>\n#row-453047542 > .col > .col-inner {\n  border-radius: 22px;\n}\n<\/style>\n<\/div>\n<div class=\"row align-equal row-box-shadow-3 row-box-shadow-2-hover\"  id=\"row-732613854\">\n\n\t<div id=\"col-1180729384\" class=\"col medium-6 small-12 large-6\"  >\n\t\t\t\t<div class=\"col-inner\"  >\n\t\t\t\n\t\t\t\n<h3>3. Contr\u00f4le et s\u00e9curit\u00e9 intelligents<\/h3>\n<ul>\n<li>\n<p>Une minuterie num\u00e9rique (0-9999 secondes) contr\u00f4le avec pr\u00e9cision l'aspiration et l'exposition et permet de m\u00e9moriser la mise hors tension.<\/p>\n<\/li>\n<li>Protection de la s\u00e9curit\u00e9 : Utilise un micro-interrupteur m\u00e9canique. Lorsque le couvercle est ouvert, l'alimentation du circuit principal est imm\u00e9diatement coup\u00e9e pour \u00e9viter les fuites d'ultraviolets.<\/li>\n<\/ul>\n\t\t<\/div>\n\t\t\t\t\n<style>\n#col-1180729384 > .col-inner {\n  padding: 20px 20px 10px 20px;\n}\n<\/style>\n\t<\/div>\n\n\t\n\n\t<div id=\"col-1181016148\" class=\"col medium-6 small-12 large-6\"  >\n\t\t\t\t<div class=\"col-inner\"  >\n\t\t\t\n\t\t\t\n<h3>4. Large compatibilit\u00e9<\/h3>\n<ul>\n<li>Convient \u00e0 tous les types de plaques d'acier de tampographie (\u00e9paisseur de 0,3 \u00e0 10 mm) et de plaques de polym\u00e8re (lavage \u00e0 l'eau \/ lavage \u00e0 l'alcool).<\/li>\n<li>\u00c9quip\u00e9 d'une fonction d'aspiration pour garantir que la plaque d'acier s'adapte \u00e9troitement au film.<\/li>\n<\/ul>\n\t\t<\/div>\n\t\t\t\t\n<style>\n#col-1181016148 > .col-inner {\n  padding: 20px 20px 10px 20px;\n}\n<\/style>\n\t<\/div>\n\n\t\n\n<style>\n#row-732613854 > .col > .col-inner {\n  border-radius: 22px;\n}\n<\/style>\n<\/div>\n\t\t<\/div>\n\t\t\t\t\t<\/div>\n\n\t\n<\/div>\n\t\t<\/div>\n\n\t\t\n<style>\n#section_1800593187 {\n  padding-top: 30px;\n  padding-bottom: 30px;\n}\n<\/style>\n\t<\/section>\n\t\n\n\t<section class=\"section\" id=\"section_1737417285\">\n\t\t<div class=\"section-bg fill\" >\n\t\t\t\t\t\t\t\t\t\n\t\t\t\n\n\t\t<\/div>\n\n\t\t\n\n\t\t<div class=\"section-content relative\">\n\t\t\t\n<div class=\"row\"  id=\"row-2018727580\">\n\n\t<div id=\"col-242398582\" class=\"col small-12 large-12\"  >\n\t\t\t\t<div class=\"col-inner\"  >\n\t\t\t\n\t\t\t\n<div class=\"specifications-container\">\n<h2>Sp\u00e9cifications de l'unit\u00e9 d'exposition aux UV<\/h2>\n<table class=\"specifications-table\">\n<tbody>\n<tr>\n<th>Num\u00e9ro de mod\u00e8le<\/th>\n<td>AP-200W<\/td>\n<\/tr>\n<tr>\n<th>Max. Taille du clich\u00e9<\/th>\n<td>450 x 250 mm<\/td>\n<\/tr>\n<tr>\n<th>Dimensions du tableau<\/th>\n<td>650 x 440 mm<\/td>\n<\/tr>\n<tr>\n<th>Puissance UV totale<\/th>\n<td>200W (dur\u00e9e de vie \u2265 2000 heures)<\/td>\n<\/tr>\n<tr>\n<th>Minuterie<\/th>\n<td>Num\u00e9rique<\/td>\n<\/tr>\n<tr>\n<th>Type de lampe<\/th>\n<td>Tubes fluorescents UV haute puissance Philips 5 x 40W<\/td>\n<\/tr>\n<tr>\n<th>Tension<\/th>\n<td>220\/110V 50Hz monophas\u00e9<\/td>\n<\/tr>\n<tr>\n<th>Dimensions de l'unit\u00e9<\/th>\n<td>L800 x L630 x H260 mm<\/td>\n<\/tr>\n<tr>\n<th>Dimensions en caisse<\/th>\n<td>L890 x L720 x H400 mm<\/td>\n<\/tr>\n<tr>\n<th>Poids net<\/th>\n<td>32,6 kg<\/td>\n<\/tr>\n<tr>\n<th>Poids brut<\/th>\n<td>53,6 kg<\/td>\n<\/tr>\n<\/tbody>\n<\/table>\n<\/div>\n\t\t<\/div>\n\t\t\t\t\t<\/div>\n\n\t\n<\/div>\n\t\t<\/div>\n\n\t\t\n<style>\n#section_1737417285 {\n  padding-top: 30px;\n  padding-bottom: 30px;\n}\n<\/style>\n\t<\/section>\n\t\n\n\t<section class=\"section\" id=\"section_689937832\">\n\t\t<div class=\"section-bg fill\" >\n\t\t\t\t\t\t\t\t\t\n\t\t\t\n\n\t\t<\/div>\n\n\t\t\n\n\t\t<div class=\"section-content relative\">\n\t\t\t\n<div class=\"row\"  id=\"row-1147948757\">\n\n\t<div id=\"col-60326822\" class=\"col small-12 large-12\"  >\n\t\t\t\t<div class=\"col-inner\"  >\n\t\t\t\n\t\t\t\n<h2>Sc\u00e9narios d'application<\/h2>\n<div class=\"row\"  id=\"row-1673878368\">\n\n\t<div id=\"col-2061828970\" class=\"col small-12 large-12\"  >\n\t\t\t\t<div class=\"col-inner\"  >\n\t\t\t\n\t\t\t\n<h3>Industrie de la tampographie :<\/h3>\n<div class=\"row\"  id=\"row-1839685619\">\n\n\t<div id=\"col-644937597\" class=\"col medium-6 small-12 large-6\"  >\n\t\t\t\t<div class=\"col-inner\"  >\n\t\t\t\n\t\t\t\n<h4>Fabrication du produit :<\/h4>\n<ul>\n<li>Production de marques et de logos<\/li>\n<li>Pi\u00e8ces de pr\u00e9cision pour produits \u00e9lectroniques, jouets et produits culturels<\/li>\n<\/ul>\n\t\t<\/div>\n\t\t\t\t\t<\/div>\n\n\t\n\n\t<div id=\"col-1108672221\" class=\"col medium-6 small-12 large-6\"  >\n\t\t\t\t<div class=\"col-inner\"  >\n\t\t\t\n\t\t\t\n<h4>Domaines industriels et sp\u00e9cialis\u00e9s :<\/h4>\n<ul>\n<li>Composants automobiles et industriels<\/li>\n<li>Applications m\u00e9dicales<\/li>\n<li>Domaines d'emballage<\/li>\n<\/ul>\n\t\t<\/div>\n\t\t\t\t\t<\/div>\n\n\t\n\n\t<div id=\"col-1689659880\" class=\"col small-12 large-12\"  >\n\t\t\t\t<div class=\"col-inner\"  >\n\t\t\t\n\t\t\t\n<p>Cette machine d'exposition aux UV est essentielle pour obtenir des r\u00e9sultats de haute qualit\u00e9.<\/p>\n\t\t<\/div>\n\t\t\t\t\t<\/div>\n\n\t\n<\/div>\n<h3>Personnalisation par le bricoleur :<\/h3>\n<p>Parfait comme unit\u00e9 d'exposition pour les petites s\u00e9ries d'impression de plaques nominatives et de surfaces de cadeaux. Ce bo\u00eetier d'insolation polyvalent peut \u00e9galement \u00eatre envisag\u00e9 par ceux qui recherchent un appareil d'insolation UV \u00e0 monter soi-m\u00eame pour divers projets.<\/p>\n\t\t<\/div>\n\t\t\t\t\t<\/div>\n\n\t\n<\/div>\n<p>Contactez-nous pour obtenir des images des produits, des vid\u00e9os d'utilisation et des informations sur la politique de service apr\u00e8s-vente.<\/p>\n\t\t<\/div>\n\t\t\t\t\t<\/div>\n\n\t\n<\/div>\n\t\t<\/div>\n\n\t\t\n<style>\n#section_689937832 {\n  padding-top: 30px;\n  padding-bottom: 30px;\n}\n<\/style>\n\t<\/section>","protected":false},"excerpt":{"rendered":"<p>La machine d'exposition de clich\u00e9s AP-200W est sp\u00e9cialement con\u00e7ue pour la tampographie et la fabrication de plaques d'acier. Elle est \u00e9quip\u00e9e de tubes \u00e0 lampe ultraviolette de 200 W \u00e0 haut rendement pour une exposition uniforme, une faible consommation d'\u00e9nergie et une utilisation facile. Cet appareil est id\u00e9al pour les petites imprimeries, les studios de personnalisation et les proc\u00e9d\u00e9s de tampographie de pr\u00e9cision.<\/p>\n<p>Cet appareil d'exposition de clich\u00e9s convient \u00e0 diverses plaques d'acier pour tampographie (de 0,3 \u00e0 10 mm d'\u00e9paisseur) et \u00e0 des plaques de polym\u00e8re (lavables \u00e0 l'eau ou \u00e0 l'alcool). Il est \u00e9quip\u00e9 d'une fonction de vide pour assurer un ajustement \u00e9troit entre la plaque d'acier et le film, et offre un contr\u00f4le num\u00e9rique pr\u00e9cis de la minuterie (0-9999 secondes) pour le vide et le temps d'exposition.<\/p>\n<p>Nous proposons \u00e9galement une assistance compl\u00e8te, y compris une assistance technique et des recommandations sur les consommables n\u00e9cessaires \u00e0 l'exposition des clich\u00e9s.<\/p>","protected":false},"featured_media":2488,"template":"","meta":[],"product_brand":[],"product_cat":[24],"product_tag":[],"class_list":{"0":"post-2487","1":"product","2":"type-product","3":"status-publish","4":"has-post-thumbnail","6":"product_cat-auxiliary-equipment-for-screen-printing-and-pad-printing","8":"first","9":"instock","10":"shipping-taxable","11":"product-type-simple"},"yoast_head":"<!-- This site is optimized with the Yoast SEO plugin v27.4 - https:\/\/yoast.com\/product\/yoast-seo-wordpress\/ -->\n<title>AP-200W UV Exposure Unit for Pad Printing Cliche Making -<\/title>\n<meta name=\"description\" content=\"Discover our high-performance UV Exposure Unit for pad printing clich\u00e9 making. Ideal for photopolymer plates, small-batch nameplates, and diverse printing projects.\" \/>\n<meta name=\"robots\" content=\"index, follow, max-snippet:-1, max-image-preview:large, max-video-preview:-1\" \/>\n<link rel=\"canonical\" href=\"https:\/\/autoprintmachine.com\/fr\/ap-200w-uv-exposure-unit-for-pad-printing-cliche-making\/\" \/>\n<meta property=\"og:locale\" content=\"fr_FR\" \/>\n<meta property=\"og:type\" content=\"article\" \/>\n<meta property=\"og:title\" content=\"AP-200W UV Exposure Unit for Pad Printing Cliche Making -\" \/>\n<meta property=\"og:description\" content=\"Discover our high-performance UV Exposure Unit for pad printing clich\u00e9 making. Ideal for photopolymer plates, small-batch nameplates, and diverse printing projects.\" \/>\n<meta property=\"og:url\" content=\"https:\/\/autoprintmachine.com\/fr\/ap-200w-uv-exposure-unit-for-pad-printing-cliche-making\/\" \/>\n<meta property=\"article:publisher\" content=\"https:\/\/www.facebook.com\/autoprinttech\/\" \/>\n<meta property=\"article:modified_time\" content=\"2026-01-13T05:44:02+00:00\" \/>\n<meta property=\"og:image\" content=\"https:\/\/autoprintmachine.com\/wp-content\/uploads\/2025\/06\/clicle_exposure_machine_ap_200w.webp\" \/>\n\t<meta property=\"og:image:width\" content=\"1000\" \/>\n\t<meta property=\"og:image:height\" content=\"764\" \/>\n\t<meta property=\"og:image:type\" content=\"image\/webp\" \/>\n<meta name=\"twitter:card\" content=\"summary_large_image\" \/>\n<meta name=\"twitter:label1\" content=\"Est. reading time\" \/>\n\t<meta name=\"twitter:data1\" content=\"3 minutes\" \/>\n<script type=\"application\/ld+json\" class=\"yoast-schema-graph\">{\"@context\":\"https:\\\/\\\/schema.org\",\"@graph\":[{\"@type\":\"WebPage\",\"@id\":\"https:\\\/\\\/autoprintmachine.com\\\/ap-200w-uv-exposure-unit-for-pad-printing-cliche-making\\\/\",\"url\":\"https:\\\/\\\/autoprintmachine.com\\\/ap-200w-uv-exposure-unit-for-pad-printing-cliche-making\\\/\",\"name\":\"AP-200W UV Exposure Unit for Pad Printing Cliche Making -\",\"isPartOf\":{\"@id\":\"https:\\\/\\\/autoprintmachine.com\\\/#website\"},\"primaryImageOfPage\":{\"@id\":\"https:\\\/\\\/autoprintmachine.com\\\/ap-200w-uv-exposure-unit-for-pad-printing-cliche-making\\\/#primaryimage\"},\"image\":{\"@id\":\"https:\\\/\\\/autoprintmachine.com\\\/ap-200w-uv-exposure-unit-for-pad-printing-cliche-making\\\/#primaryimage\"},\"thumbnailUrl\":\"https:\\\/\\\/autoprintmachine.com\\\/wp-content\\\/uploads\\\/2025\\\/06\\\/clicle_exposure_machine_ap_200w.webp\",\"datePublished\":\"2025-06-06T06:29:43+00:00\",\"dateModified\":\"2026-01-13T05:44:02+00:00\",\"description\":\"Discover our high-performance UV Exposure Unit for pad printing clich\u00e9 making. Ideal for photopolymer plates, small-batch nameplates, and diverse printing projects.\",\"breadcrumb\":{\"@id\":\"https:\\\/\\\/autoprintmachine.com\\\/ap-200w-uv-exposure-unit-for-pad-printing-cliche-making\\\/#breadcrumb\"},\"inLanguage\":\"fr-FR\",\"potentialAction\":[{\"@type\":\"ReadAction\",\"target\":[\"https:\\\/\\\/autoprintmachine.com\\\/ap-200w-uv-exposure-unit-for-pad-printing-cliche-making\\\/\"]}]},{\"@type\":\"ImageObject\",\"inLanguage\":\"fr-FR\",\"@id\":\"https:\\\/\\\/autoprintmachine.com\\\/ap-200w-uv-exposure-unit-for-pad-printing-cliche-making\\\/#primaryimage\",\"url\":\"https:\\\/\\\/autoprintmachine.com\\\/wp-content\\\/uploads\\\/2025\\\/06\\\/clicle_exposure_machine_ap_200w.webp\",\"contentUrl\":\"https:\\\/\\\/autoprintmachine.com\\\/wp-content\\\/uploads\\\/2025\\\/06\\\/clicle_exposure_machine_ap_200w.webp\",\"width\":1000,\"height\":764,\"caption\":\"White AP-200W clich\u00e9 exposure machine for pad printing steel plates, featuring multiple UV lamps and a vacuum worktable.\"},{\"@type\":\"BreadcrumbList\",\"@id\":\"https:\\\/\\\/autoprintmachine.com\\\/ap-200w-uv-exposure-unit-for-pad-printing-cliche-making\\\/#breadcrumb\",\"itemListElement\":[{\"@type\":\"ListItem\",\"position\":1,\"name\":\"Home\",\"item\":\"https:\\\/\\\/autoprintmachine.com\\\/\"},{\"@type\":\"ListItem\",\"position\":2,\"name\":\"Products\",\"item\":\"https:\\\/\\\/autoprintmachine.com\\\/shop\\\/\"},{\"@type\":\"ListItem\",\"position\":3,\"name\":\"AP-200W UV Exposure Unit for Pad Printing Cliche Making\"}]},{\"@type\":\"WebSite\",\"@id\":\"https:\\\/\\\/autoprintmachine.com\\\/#website\",\"url\":\"https:\\\/\\\/autoprintmachine.com\\\/\",\"name\":\"\",\"description\":\"\",\"publisher\":{\"@id\":\"https:\\\/\\\/autoprintmachine.com\\\/#organization\"},\"potentialAction\":[{\"@type\":\"SearchAction\",\"target\":{\"@type\":\"EntryPoint\",\"urlTemplate\":\"https:\\\/\\\/autoprintmachine.com\\\/?s={search_term_string}\"},\"query-input\":{\"@type\":\"PropertyValueSpecification\",\"valueRequired\":true,\"valueName\":\"search_term_string\"}}],\"inLanguage\":\"fr-FR\"},{\"@type\":\"Organization\",\"@id\":\"https:\\\/\\\/autoprintmachine.com\\\/#organization\",\"name\":\"Dongguan Auto Print Tech Co., Ltd\",\"url\":\"https:\\\/\\\/autoprintmachine.com\\\/\",\"logo\":{\"@type\":\"ImageObject\",\"inLanguage\":\"fr-FR\",\"@id\":\"https:\\\/\\\/autoprintmachine.com\\\/#\\\/schema\\\/logo\\\/image\\\/\",\"url\":\"https:\\\/\\\/autoprintmachine.com\\\/wp-content\\\/uploads\\\/2023\\\/06\\\/screen_printing_logo_new.webp\",\"contentUrl\":\"https:\\\/\\\/autoprintmachine.com\\\/wp-content\\\/uploads\\\/2023\\\/06\\\/screen_printing_logo_new.webp\",\"width\":890,\"height\":750,\"caption\":\"Dongguan Auto Print Tech Co., Ltd\"},\"image\":{\"@id\":\"https:\\\/\\\/autoprintmachine.com\\\/#\\\/schema\\\/logo\\\/image\\\/\"},\"sameAs\":[\"https:\\\/\\\/www.facebook.com\\\/autoprinttech\\\/\",\"https:\\\/\\\/www.youtube.com\\\/channel\\\/UCJtPGiBbQWGE2DZLxySpCtw\"]}]}<\/script>\n<!-- \/ Yoast SEO plugin. -->","yoast_head_json":{"title":"AP-200W Unit\u00e9 d'exposition aux UV pour la tampographie - Clich\u00e9s","description":"D\u00e9couvrez notre unit\u00e9 d'exposition UV haute performance pour la r\u00e9alisation de clich\u00e9s en tampographie. Id\u00e9al pour les plaques photopolym\u00e8res, les plaques signal\u00e9tiques en petites s\u00e9ries et divers projets d'impression.","robots":{"index":"index","follow":"follow","max-snippet":"max-snippet:-1","max-image-preview":"max-image-preview:large","max-video-preview":"max-video-preview:-1"},"canonical":"https:\/\/autoprintmachine.com\/fr\/ap-200w-uv-exposure-unit-for-pad-printing-cliche-making\/","og_locale":"fr_FR","og_type":"article","og_title":"AP-200W UV Exposure Unit for Pad Printing Cliche Making -","og_description":"Discover our high-performance UV Exposure Unit for pad printing clich\u00e9 making. Ideal for photopolymer plates, small-batch nameplates, and diverse printing projects.","og_url":"https:\/\/autoprintmachine.com\/fr\/ap-200w-uv-exposure-unit-for-pad-printing-cliche-making\/","article_publisher":"https:\/\/www.facebook.com\/autoprinttech\/","article_modified_time":"2026-01-13T05:44:02+00:00","og_image":[{"width":1000,"height":764,"url":"https:\/\/autoprintmachine.com\/wp-content\/uploads\/2025\/06\/clicle_exposure_machine_ap_200w.webp","type":"image\/webp"}],"twitter_card":"summary_large_image","twitter_misc":{"Est. reading time":"3 minutes"},"schema":{"@context":"https:\/\/schema.org","@graph":[{"@type":"WebPage","@id":"https:\/\/autoprintmachine.com\/ap-200w-uv-exposure-unit-for-pad-printing-cliche-making\/","url":"https:\/\/autoprintmachine.com\/ap-200w-uv-exposure-unit-for-pad-printing-cliche-making\/","name":"AP-200W Unit\u00e9 d'exposition aux UV pour la tampographie - Clich\u00e9s","isPartOf":{"@id":"https:\/\/autoprintmachine.com\/#website"},"primaryImageOfPage":{"@id":"https:\/\/autoprintmachine.com\/ap-200w-uv-exposure-unit-for-pad-printing-cliche-making\/#primaryimage"},"image":{"@id":"https:\/\/autoprintmachine.com\/ap-200w-uv-exposure-unit-for-pad-printing-cliche-making\/#primaryimage"},"thumbnailUrl":"https:\/\/autoprintmachine.com\/wp-content\/uploads\/2025\/06\/clicle_exposure_machine_ap_200w.webp","datePublished":"2025-06-06T06:29:43+00:00","dateModified":"2026-01-13T05:44:02+00:00","description":"D\u00e9couvrez notre unit\u00e9 d'exposition UV haute performance pour la r\u00e9alisation de clich\u00e9s en tampographie. Id\u00e9al pour les plaques photopolym\u00e8res, les plaques signal\u00e9tiques en petites s\u00e9ries et divers projets d'impression.","breadcrumb":{"@id":"https:\/\/autoprintmachine.com\/ap-200w-uv-exposure-unit-for-pad-printing-cliche-making\/#breadcrumb"},"inLanguage":"fr-FR","potentialAction":[{"@type":"ReadAction","target":["https:\/\/autoprintmachine.com\/ap-200w-uv-exposure-unit-for-pad-printing-cliche-making\/"]}]},{"@type":"ImageObject","inLanguage":"fr-FR","@id":"https:\/\/autoprintmachine.com\/ap-200w-uv-exposure-unit-for-pad-printing-cliche-making\/#primaryimage","url":"https:\/\/autoprintmachine.com\/wp-content\/uploads\/2025\/06\/clicle_exposure_machine_ap_200w.webp","contentUrl":"https:\/\/autoprintmachine.com\/wp-content\/uploads\/2025\/06\/clicle_exposure_machine_ap_200w.webp","width":1000,"height":764,"caption":"White AP-200W clich\u00e9 exposure machine for pad printing steel plates, featuring multiple UV lamps and a vacuum worktable."},{"@type":"BreadcrumbList","@id":"https:\/\/autoprintmachine.com\/ap-200w-uv-exposure-unit-for-pad-printing-cliche-making\/#breadcrumb","itemListElement":[{"@type":"ListItem","position":1,"name":"Home","item":"https:\/\/autoprintmachine.com\/"},{"@type":"ListItem","position":2,"name":"Products","item":"https:\/\/autoprintmachine.com\/shop\/"},{"@type":"ListItem","position":3,"name":"AP-200W UV Exposure Unit for Pad Printing Cliche Making"}]},{"@type":"WebSite","@id":"https:\/\/autoprintmachine.com\/#website","url":"https:\/\/autoprintmachine.com\/","name":"","description":"","publisher":{"@id":"https:\/\/autoprintmachine.com\/#organization"},"potentialAction":[{"@type":"SearchAction","target":{"@type":"EntryPoint","urlTemplate":"https:\/\/autoprintmachine.com\/?s={search_term_string}"},"query-input":{"@type":"PropertyValueSpecification","valueRequired":true,"valueName":"search_term_string"}}],"inLanguage":"fr-FR"},{"@type":"Organization","@id":"https:\/\/autoprintmachine.com\/#organization","name":"Dongguan Auto Print Tech Co. Ltd","url":"https:\/\/autoprintmachine.com\/","logo":{"@type":"ImageObject","inLanguage":"fr-FR","@id":"https:\/\/autoprintmachine.com\/#\/schema\/logo\/image\/","url":"https:\/\/autoprintmachine.com\/wp-content\/uploads\/2023\/06\/screen_printing_logo_new.webp","contentUrl":"https:\/\/autoprintmachine.com\/wp-content\/uploads\/2023\/06\/screen_printing_logo_new.webp","width":890,"height":750,"caption":"Dongguan Auto Print Tech Co., Ltd"},"image":{"@id":"https:\/\/autoprintmachine.com\/#\/schema\/logo\/image\/"},"sameAs":["https:\/\/www.facebook.com\/autoprinttech\/","https:\/\/www.youtube.com\/channel\/UCJtPGiBbQWGE2DZLxySpCtw"]}]}},"_links":{"self":[{"href":"https:\/\/autoprintmachine.com\/fr\/wp-json\/wp\/v2\/product\/2487","targetHints":{"allow":["GET"]}}],"collection":[{"href":"https:\/\/autoprintmachine.com\/fr\/wp-json\/wp\/v2\/product"}],"about":[{"href":"https:\/\/autoprintmachine.com\/fr\/wp-json\/wp\/v2\/types\/product"}],"wp:featuredmedia":[{"embeddable":true,"href":"https:\/\/autoprintmachine.com\/fr\/wp-json\/wp\/v2\/media\/2488"}],"wp:attachment":[{"href":"https:\/\/autoprintmachine.com\/fr\/wp-json\/wp\/v2\/media?parent=2487"}],"wp:term":[{"taxonomy":"product_brand","embeddable":true,"href":"https:\/\/autoprintmachine.com\/fr\/wp-json\/wp\/v2\/product_brand?post=2487"},{"taxonomy":"product_cat","embeddable":true,"href":"https:\/\/autoprintmachine.com\/fr\/wp-json\/wp\/v2\/product_cat?post=2487"},{"taxonomy":"product_tag","embeddable":true,"href":"https:\/\/autoprintmachine.com\/fr\/wp-json\/wp\/v2\/product_tag?post=2487"}],"curies":[{"name":"wp","href":"https:\/\/api.w.org\/{rel}","templated":true}]}}