{"id":280,"date":"2020-08-06T03:24:41","date_gmt":"2020-08-06T03:24:41","guid":{"rendered":"https:\/\/onceauto.seowaimao.com\/?post_type=product&#038;p=280"},"modified":"2026-03-31T06:22:32","modified_gmt":"2026-03-31T06:22:32","slug":"machine-de-serigraphie-cylindrique-%e2%88%8575mm","status":"publish","type":"product","link":"https:\/\/autoprintmachine.com\/fr\/machine-de-serigraphie-cylindrique-%e2%88%8575mm\/","title":{"rendered":"Machine de s\u00e9rigraphie \u00e0 cylindre \u220575mm"},"content":{"rendered":"<p><strong>Introduction :<\/strong><\/p>\n<p><strong>AP-300<\/strong> La machine de s\u00e9rigraphie ronde est \u00e0 entra\u00eenement pneumatique. Il s'agit d'une s\u00e9rigraphie universelle command\u00e9e par carte PCB avec un diam\u00e8tre d'impression maximum de 75 mm. Cette machine convient \u00e0 l'impression de produits ronds \/ cylindriques et ovales de petite taille. Tels que les petits tubes, les gobelets, les bouteilles et autres r\u00e9cipients ronds.<\/p>\n<p><strong>Caract\u00e9ristiques standard :<\/strong><\/p>\n<ul>\n<li>Commande \u00e9lectropneumatique<\/li>\n<li>Configuration programmable<\/li>\n<li>Commande pneumatique avec amortisseurs<\/li>\n<li>Relevage vertical de la t\u00eate avec verrouillage haut\/bas<\/li>\n<li>Roulements lin\u00e9aires \u00e0 billes sur arbres tremp\u00e9s<\/li>\n<li>Commande par p\u00e9dale<\/li>\n<li>Inclinaison, inclinaison et hauteur de la raclette r\u00e9glables<\/li>\n<li>R\u00e9glage de l'angle du cadre de l'\u00e9cran<\/li>\n<li>Barre de fixation universelle pour le montage d'outils personnalis\u00e9s<\/li>\n<li>Syst\u00e8me de gonflage de la bouteille avec r\u00e9gulateur<\/li>\n<li>Le gonflage de la bouteille est synchronis\u00e9 avec le cycle d'impression<\/li>\n<li>Pression de la raclette r\u00e9gul\u00e9e par un manom\u00e8tre<\/li>\n<li>Niveleurs de sol et roulettes<\/li>\n<li>Bouton d'arr\u00eat d'urgence \/ Protection de s\u00e9curit\u00e9 en option<\/li>\n<\/ul>\n<p><strong>Sp\u00e9cifications :<\/strong><\/p>\n<table width=\"96%\">\n<tbody>\n<tr>\n<td width=\"50%\"><strong>Num\u00e9ro de mod\u00e8le :<\/strong><\/td>\n<td width=\"50%\"><strong>AP-300<\/strong><\/td>\n<\/tr>\n<tr>\n<td><strong>Syst\u00e8me d'entra\u00eenement :<\/strong><\/td>\n<td>Pneumatique<\/td>\n<\/tr>\n<tr>\n<td><strong>Course de mont\u00e9e\/descente du cadre :<\/strong><\/td>\n<td>100mm (3.94\u2033)<\/td>\n<\/tr>\n<tr>\n<td><strong>Zone d'impression maximale ronde :<\/strong><\/p>\n<p><strong>Surface d'impression minimale ronde :<\/strong><\/p>\n<p><strong>Zone d'impression maximale ovale :<\/strong><\/td>\n<td>75mm (2.95\u2033) \u00d8<\/p>\n<p>15mm (0.59\u2033) \u00d8<\/p>\n<p>230mm (9.06\u2033) Longueur de l'arc<\/td>\n<\/tr>\n<tr>\n<td><strong>Taille de la table de travail :<\/strong><\/td>\n<td>200 x 300mm<\/td>\n<\/tr>\n<tr>\n<td><strong>Ajustement de la table :<\/strong><\/td>\n<td>X,Y \u00b1 15mm \/ <em>\u03b8<\/em> 15 \u00b0<\/td>\n<\/tr>\n<tr>\n<td><strong>Taille maximale du cadre de l'\u00e9cran :<\/strong><\/td>\n<td>280 x 430 mm<\/td>\n<\/tr>\n<tr>\n<td><strong>\u00c9paisseur du cadre de l'\u00e9cran :<\/strong><\/td>\n<td>18 - 25mm<\/td>\n<\/tr>\n<tr>\n<td><strong>Angle de la raclette :<\/strong><\/td>\n<td>0-15\u00b0<\/td>\n<\/tr>\n<tr>\n<td><strong>Vitesse du cycle d'impression :<\/strong><\/td>\n<td>1 980 cycles\/heure<\/td>\n<\/tr>\n<tr>\n<td><strong>Vitesse de la raclette :<\/strong><\/td>\n<td>33\/min<\/td>\n<\/tr>\n<tr>\n<td><strong>Pression de la raclette :<\/strong><\/td>\n<td>2 - 4 Bar<\/td>\n<\/tr>\n<tr>\n<td><strong>Source d'\u00e9lectricit\u00e9 :<\/strong><\/td>\n<td>110V\/220V 50-60Hz 50W<\/td>\n<\/tr>\n<tr>\n<td><strong>Pression d'entr\u00e9e de l'air :<\/strong><\/td>\n<td>80 psi<\/td>\n<\/tr>\n<tr>\n<td><strong>Consommation d'air :<\/strong><\/td>\n<td>0,7 L\/cycle<\/td>\n<\/tr>\n<tr>\n<td><strong>Poids de la machine :<\/strong><\/td>\n<td>130 kg<\/td>\n<\/tr>\n<tr>\n<td><strong>Poids de la machine (y compris la caisse) :<\/strong><\/td>\n<td>\u00a0170 kg<\/td>\n<\/tr>\n<tr>\n<td><strong>Dimensions (L x L x H) :<\/strong><\/td>\n<td>850 x 830 x 1 280 mm<\/td>\n<\/tr>\n<tr>\n<td><strong>Dimensions de la caisse :<\/strong><\/td>\n<td>980 x 870 x 1 410 mm<\/td>\n<\/tr>\n<\/tbody>\n<\/table>","protected":false},"excerpt":{"rendered":"<p>La machine de s\u00e9rigraphie cylindrique semi-automatique AP-300 est sp\u00e9cialement con\u00e7ue pour les petits r\u00e9cipients cylindriques et elliptiques d'un diam\u00e8tre compris entre 15 et 75 mm. Elle est entra\u00een\u00e9e par une alimentation pneumatique et contr\u00f4l\u00e9e par un syst\u00e8me \u00e9lectronique pr\u00e9cis. La machine pr\u00e9sente des performances stables, un r\u00e9glage facile et une utilisation ais\u00e9e.<\/p>\n<p>L'AP-300 est particuli\u00e8rement adapt\u00e9e \u00e0 l'impression de produits tels que les flacons de parfum, les tubes de produits cosm\u00e9tiques et les seringues. La machine est \u00e9quip\u00e9e d'un syst\u00e8me de gonflage synchronis\u00e9 des bouteilles. Ce syst\u00e8me emp\u00eache efficacement les produits \u00e0 parois fines de se d\u00e9former pendant l'impression. Il garantit une qualit\u00e9 d'impression \u00e9lev\u00e9e et des lots r\u00e9guliers.<\/p>\n<p>Nous proposons \u00e9galement une solution compl\u00e8te de s\u00e9rigraphie, du pr\u00e9traitement au post-traitement.<\/p>","protected":false},"featured_media":839,"template":"","meta":[],"product_brand":[],"product_cat":[15],"product_tag":[],"class_list":{"0":"post-280","1":"product","2":"type-product","3":"status-publish","4":"has-post-thumbnail","6":"product_cat-automatic-cylindrical-screen-printing-machine","8":"first","9":"instock","10":"shipping-taxable","11":"product-type-simple"},"yoast_head":"<!-- This site is optimized with the Yoast SEO plugin v27.4 - https:\/\/yoast.com\/product\/yoast-seo-wordpress\/ -->\n<title>Cylinder Screen Printing Machine<\/title>\n<meta name=\"description\" content=\"This machine suitable for small size round \/ cylindrical and oval product printing, such as small tubes, cups, bottles, etc.\" \/>\n<meta name=\"robots\" content=\"index, follow, max-snippet:-1, max-image-preview:large, max-video-preview:-1\" \/>\n<link rel=\"canonical\" href=\"https:\/\/autoprintmachine.com\/fr\/machine-de-serigraphie-cylindrique-\u220575mm\/\" \/>\n<meta property=\"og:locale\" content=\"fr_FR\" \/>\n<meta property=\"og:type\" content=\"article\" \/>\n<meta property=\"og:title\" content=\"Cylinder Screen Printing Machine\" \/>\n<meta property=\"og:description\" content=\"This machine suitable for small size round \/ cylindrical and oval product printing, such as small tubes, cups, bottles, etc.\" \/>\n<meta property=\"og:url\" content=\"https:\/\/autoprintmachine.com\/fr\/machine-de-serigraphie-cylindrique-\u220575mm\/\" \/>\n<meta property=\"article:publisher\" content=\"https:\/\/www.facebook.com\/autoprinttech\/\" \/>\n<meta property=\"article:modified_time\" content=\"2026-03-31T06:22:32+00:00\" \/>\n<meta property=\"og:image\" content=\"https:\/\/autoprintmachine.com\/wp-content\/uploads\/2020\/08\/OS-300-1.jpg\" \/>\n\t<meta property=\"og:image:width\" content=\"600\" \/>\n\t<meta property=\"og:image:height\" content=\"600\" \/>\n\t<meta property=\"og:image:type\" content=\"image\/jpeg\" \/>\n<meta name=\"twitter:card\" content=\"summary_large_image\" \/>\n<meta name=\"twitter:label1\" content=\"Est. reading time\" \/>\n\t<meta name=\"twitter:data1\" content=\"2 minutes\" \/>\n<script type=\"application\/ld+json\" class=\"yoast-schema-graph\">{\"@context\":\"https:\\\/\\\/schema.org\",\"@graph\":[{\"@type\":\"WebPage\",\"@id\":\"https:\\\/\\\/autoprintmachine.com\\\/%e2%88%8575mm-cylinder-screen-printing-machine\\\/\",\"url\":\"https:\\\/\\\/autoprintmachine.com\\\/%e2%88%8575mm-cylinder-screen-printing-machine\\\/\",\"name\":\"Cylinder Screen Printing Machine\",\"isPartOf\":{\"@id\":\"https:\\\/\\\/autoprintmachine.com\\\/#website\"},\"primaryImageOfPage\":{\"@id\":\"https:\\\/\\\/autoprintmachine.com\\\/%e2%88%8575mm-cylinder-screen-printing-machine\\\/#primaryimage\"},\"image\":{\"@id\":\"https:\\\/\\\/autoprintmachine.com\\\/%e2%88%8575mm-cylinder-screen-printing-machine\\\/#primaryimage\"},\"thumbnailUrl\":\"https:\\\/\\\/autoprintmachine.com\\\/wp-content\\\/uploads\\\/2020\\\/08\\\/OS-300-1.jpg\",\"datePublished\":\"2020-08-06T03:24:41+00:00\",\"dateModified\":\"2026-03-31T06:22:32+00:00\",\"description\":\"This machine suitable for small size round \\\/ cylindrical and oval product printing, such as small tubes, cups, bottles, etc.\",\"breadcrumb\":{\"@id\":\"https:\\\/\\\/autoprintmachine.com\\\/%e2%88%8575mm-cylinder-screen-printing-machine\\\/#breadcrumb\"},\"inLanguage\":\"fr-FR\",\"potentialAction\":[{\"@type\":\"ReadAction\",\"target\":[\"https:\\\/\\\/autoprintmachine.com\\\/%e2%88%8575mm-cylinder-screen-printing-machine\\\/\"]}]},{\"@type\":\"ImageObject\",\"inLanguage\":\"fr-FR\",\"@id\":\"https:\\\/\\\/autoprintmachine.com\\\/%e2%88%8575mm-cylinder-screen-printing-machine\\\/#primaryimage\",\"url\":\"https:\\\/\\\/autoprintmachine.com\\\/wp-content\\\/uploads\\\/2020\\\/08\\\/OS-300-1.jpg\",\"contentUrl\":\"https:\\\/\\\/autoprintmachine.com\\\/wp-content\\\/uploads\\\/2020\\\/08\\\/OS-300-1.jpg\",\"width\":600,\"height\":600,\"caption\":\"led bulb pad printing machine\"},{\"@type\":\"BreadcrumbList\",\"@id\":\"https:\\\/\\\/autoprintmachine.com\\\/%e2%88%8575mm-cylinder-screen-printing-machine\\\/#breadcrumb\",\"itemListElement\":[{\"@type\":\"ListItem\",\"position\":1,\"name\":\"Home\",\"item\":\"https:\\\/\\\/autoprintmachine.com\\\/\"},{\"@type\":\"ListItem\",\"position\":2,\"name\":\"Products\",\"item\":\"https:\\\/\\\/autoprintmachine.com\\\/shop\\\/\"},{\"@type\":\"ListItem\",\"position\":3,\"name\":\"\u220575mm Cylinder Screen Printing Machine\"}]},{\"@type\":\"WebSite\",\"@id\":\"https:\\\/\\\/autoprintmachine.com\\\/#website\",\"url\":\"https:\\\/\\\/autoprintmachine.com\\\/\",\"name\":\"\",\"description\":\"\",\"publisher\":{\"@id\":\"https:\\\/\\\/autoprintmachine.com\\\/#organization\"},\"potentialAction\":[{\"@type\":\"SearchAction\",\"target\":{\"@type\":\"EntryPoint\",\"urlTemplate\":\"https:\\\/\\\/autoprintmachine.com\\\/?s={search_term_string}\"},\"query-input\":{\"@type\":\"PropertyValueSpecification\",\"valueRequired\":true,\"valueName\":\"search_term_string\"}}],\"inLanguage\":\"fr-FR\"},{\"@type\":\"Organization\",\"@id\":\"https:\\\/\\\/autoprintmachine.com\\\/#organization\",\"name\":\"Dongguan Auto Print Tech Co., Ltd\",\"url\":\"https:\\\/\\\/autoprintmachine.com\\\/\",\"logo\":{\"@type\":\"ImageObject\",\"inLanguage\":\"fr-FR\",\"@id\":\"https:\\\/\\\/autoprintmachine.com\\\/#\\\/schema\\\/logo\\\/image\\\/\",\"url\":\"https:\\\/\\\/autoprintmachine.com\\\/wp-content\\\/uploads\\\/2023\\\/06\\\/screen_printing_logo_new.webp\",\"contentUrl\":\"https:\\\/\\\/autoprintmachine.com\\\/wp-content\\\/uploads\\\/2023\\\/06\\\/screen_printing_logo_new.webp\",\"width\":890,\"height\":750,\"caption\":\"Dongguan Auto Print Tech Co., Ltd\"},\"image\":{\"@id\":\"https:\\\/\\\/autoprintmachine.com\\\/#\\\/schema\\\/logo\\\/image\\\/\"},\"sameAs\":[\"https:\\\/\\\/www.facebook.com\\\/autoprinttech\\\/\",\"https:\\\/\\\/www.youtube.com\\\/channel\\\/UCJtPGiBbQWGE2DZLxySpCtw\"]}]}<\/script>\n<!-- \/ Yoast SEO plugin. -->","yoast_head_json":{"title":"Machine \u00e0 s\u00e9rigraphier les cylindres","description":"Cette machine convient \u00e0 l'impression de produits ronds \/ cylindriques et ovales de petite taille, tels que les petits tubes, les gobelets, les bouteilles, etc.","robots":{"index":"index","follow":"follow","max-snippet":"max-snippet:-1","max-image-preview":"max-image-preview:large","max-video-preview":"max-video-preview:-1"},"canonical":"https:\/\/autoprintmachine.com\/fr\/machine-de-serigraphie-cylindrique-\u220575mm\/","og_locale":"fr_FR","og_type":"article","og_title":"Cylinder Screen Printing Machine","og_description":"This machine suitable for small size round \/ cylindrical and oval product printing, such as small tubes, cups, bottles, etc.","og_url":"https:\/\/autoprintmachine.com\/fr\/machine-de-serigraphie-cylindrique-\u220575mm\/","article_publisher":"https:\/\/www.facebook.com\/autoprinttech\/","article_modified_time":"2026-03-31T06:22:32+00:00","og_image":[{"width":600,"height":600,"url":"https:\/\/autoprintmachine.com\/wp-content\/uploads\/2020\/08\/OS-300-1.jpg","type":"image\/jpeg"}],"twitter_card":"summary_large_image","twitter_misc":{"Est. reading time":"2 minutes"},"schema":{"@context":"https:\/\/schema.org","@graph":[{"@type":"WebPage","@id":"https:\/\/autoprintmachine.com\/%e2%88%8575mm-cylinder-screen-printing-machine\/","url":"https:\/\/autoprintmachine.com\/%e2%88%8575mm-cylinder-screen-printing-machine\/","name":"Machine \u00e0 s\u00e9rigraphier les cylindres","isPartOf":{"@id":"https:\/\/autoprintmachine.com\/#website"},"primaryImageOfPage":{"@id":"https:\/\/autoprintmachine.com\/%e2%88%8575mm-cylinder-screen-printing-machine\/#primaryimage"},"image":{"@id":"https:\/\/autoprintmachine.com\/%e2%88%8575mm-cylinder-screen-printing-machine\/#primaryimage"},"thumbnailUrl":"https:\/\/autoprintmachine.com\/wp-content\/uploads\/2020\/08\/OS-300-1.jpg","datePublished":"2020-08-06T03:24:41+00:00","dateModified":"2026-03-31T06:22:32+00:00","description":"Cette machine convient \u00e0 l'impression de produits ronds \/ cylindriques et ovales de petite taille, tels que les petits tubes, les gobelets, les bouteilles, etc.","breadcrumb":{"@id":"https:\/\/autoprintmachine.com\/%e2%88%8575mm-cylinder-screen-printing-machine\/#breadcrumb"},"inLanguage":"fr-FR","potentialAction":[{"@type":"ReadAction","target":["https:\/\/autoprintmachine.com\/%e2%88%8575mm-cylinder-screen-printing-machine\/"]}]},{"@type":"ImageObject","inLanguage":"fr-FR","@id":"https:\/\/autoprintmachine.com\/%e2%88%8575mm-cylinder-screen-printing-machine\/#primaryimage","url":"https:\/\/autoprintmachine.com\/wp-content\/uploads\/2020\/08\/OS-300-1.jpg","contentUrl":"https:\/\/autoprintmachine.com\/wp-content\/uploads\/2020\/08\/OS-300-1.jpg","width":600,"height":600,"caption":"led bulb pad printing machine"},{"@type":"BreadcrumbList","@id":"https:\/\/autoprintmachine.com\/%e2%88%8575mm-cylinder-screen-printing-machine\/#breadcrumb","itemListElement":[{"@type":"ListItem","position":1,"name":"Home","item":"https:\/\/autoprintmachine.com\/"},{"@type":"ListItem","position":2,"name":"Products","item":"https:\/\/autoprintmachine.com\/shop\/"},{"@type":"ListItem","position":3,"name":"\u220575mm Cylinder Screen Printing Machine"}]},{"@type":"WebSite","@id":"https:\/\/autoprintmachine.com\/#website","url":"https:\/\/autoprintmachine.com\/","name":"","description":"","publisher":{"@id":"https:\/\/autoprintmachine.com\/#organization"},"potentialAction":[{"@type":"SearchAction","target":{"@type":"EntryPoint","urlTemplate":"https:\/\/autoprintmachine.com\/?s={search_term_string}"},"query-input":{"@type":"PropertyValueSpecification","valueRequired":true,"valueName":"search_term_string"}}],"inLanguage":"fr-FR"},{"@type":"Organization","@id":"https:\/\/autoprintmachine.com\/#organization","name":"Dongguan Auto Print Tech Co. Ltd","url":"https:\/\/autoprintmachine.com\/","logo":{"@type":"ImageObject","inLanguage":"fr-FR","@id":"https:\/\/autoprintmachine.com\/#\/schema\/logo\/image\/","url":"https:\/\/autoprintmachine.com\/wp-content\/uploads\/2023\/06\/screen_printing_logo_new.webp","contentUrl":"https:\/\/autoprintmachine.com\/wp-content\/uploads\/2023\/06\/screen_printing_logo_new.webp","width":890,"height":750,"caption":"Dongguan Auto Print Tech Co., Ltd"},"image":{"@id":"https:\/\/autoprintmachine.com\/#\/schema\/logo\/image\/"},"sameAs":["https:\/\/www.facebook.com\/autoprinttech\/","https:\/\/www.youtube.com\/channel\/UCJtPGiBbQWGE2DZLxySpCtw"]}]}},"_links":{"self":[{"href":"https:\/\/autoprintmachine.com\/fr\/wp-json\/wp\/v2\/product\/280","targetHints":{"allow":["GET"]}}],"collection":[{"href":"https:\/\/autoprintmachine.com\/fr\/wp-json\/wp\/v2\/product"}],"about":[{"href":"https:\/\/autoprintmachine.com\/fr\/wp-json\/wp\/v2\/types\/product"}],"wp:featuredmedia":[{"embeddable":true,"href":"https:\/\/autoprintmachine.com\/fr\/wp-json\/wp\/v2\/media\/839"}],"wp:attachment":[{"href":"https:\/\/autoprintmachine.com\/fr\/wp-json\/wp\/v2\/media?parent=280"}],"wp:term":[{"taxonomy":"product_brand","embeddable":true,"href":"https:\/\/autoprintmachine.com\/fr\/wp-json\/wp\/v2\/product_brand?post=280"},{"taxonomy":"product_cat","embeddable":true,"href":"https:\/\/autoprintmachine.com\/fr\/wp-json\/wp\/v2\/product_cat?post=280"},{"taxonomy":"product_tag","embeddable":true,"href":"https:\/\/autoprintmachine.com\/fr\/wp-json\/wp\/v2\/product_tag?post=280"}],"curies":[{"name":"wp","href":"https:\/\/api.w.org\/{rel}","templated":true}]}}