{"id":284,"date":"2020-08-06T06:59:01","date_gmt":"2020-08-06T06:59:01","guid":{"rendered":"https:\/\/onceauto.seowaimao.com\/?post_type=product&#038;p=284"},"modified":"2025-12-24T03:05:54","modified_gmt":"2025-12-24T03:05:54","slug":"%e2%88%85110mm-machine-de-serigraphie-ronde","status":"publish","type":"product","link":"https:\/\/autoprintmachine.com\/fr\/%e2%88%85110mm-machine-de-serigraphie-ronde\/","title":{"rendered":"Machine de s\u00e9rigraphie ronde \u2205110mm"},"content":{"rendered":"<p><strong>Introduction :<\/strong><\/p>\n<p><strong>AP-400<\/strong><span data-offset-key=\"2aaq2-0-1\"><strong>\u00a0<\/strong>La s\u00e9rigraphie semi-automatique pour bouteilles et r\u00e9cipients est une machine bien con\u00e7ue et polyvalente. La s\u00e9rigraphie\u00a0<\/span><strong>AP-400<\/strong><span data-offset-key=\"2aaq2-0-3\"> peut s\u00e9rigraphier des objets plats et cylindriques. Les exemples incluent les bouteilles souffl\u00e9es, les tubes cosm\u00e9tiques, les bouteilles d'eau en aluminium, les pilons et les pipettes en verre.\u00a0 <\/span><span class=\"veryhardreadability\"><span data-offset-key=\"2aaq2-1-0\">Les <strong>AP-400<\/strong>\u00a0se caract\u00e9rise par des changements d'outils rapides et simples, un rep\u00e9rage m\u00e9canique pr\u00e9cis et des commandes pratiques sur le panneau avant.<\/span><\/span><span data-offset-key=\"2aaq2-2-0\">. Ces caract\u00e9ristiques font de la <strong>AP-400<\/strong> la presse s\u00e9rigraphique universelle parfaite.<\/span><\/p>\n<p><strong>Caract\u00e9ristiques standard :<\/strong><\/p>\n<ul>\n<li>Commande \u00e9lectropneumatique<\/li>\n<li>Configuration programmable<\/li>\n<li>Commande pneumatique avec amortisseurs<\/li>\n<li>Relevage vertical de la t\u00eate avec verrouillage haut\/bas<\/li>\n<li>Roulements lin\u00e9aires \u00e0 billes sur arbres tremp\u00e9s<\/li>\n<li>Commande par p\u00e9dale<\/li>\n<li>R\u00e9glage de l'inclinaison, de l'inclinaison et de la hauteur de la raclette<\/li>\n<li>R\u00e9glage de l'angle du cadre de l'\u00e9cran<\/li>\n<li>Barre de fixation universelle pour le montage d'outils personnalis\u00e9s<\/li>\n<li>Syst\u00e8me de gonflage de la bouteille avec r\u00e9gulateur<\/li>\n<li>Le gonflage de la bouteille est synchronis\u00e9 avec le cycle d'impression<\/li>\n<li>Pression de la raclette r\u00e9gul\u00e9e par un manom\u00e8tre<\/li>\n<li>Niveleurs de sol et roulettes<\/li>\n<li>Bouton d'arr\u00eat d'urgence install\u00e9, protection de s\u00e9curit\u00e9 en option<\/li>\n<\/ul>\n<p><strong>Sp\u00e9cifications :<\/strong><\/p>\n<table width=\"100%\">\n<tbody>\n<tr>\n<td width=\"47%\"><strong>Num\u00e9ro de mod\u00e8le :<\/strong><\/td>\n<td width=\"52%\"><strong>AP-400<\/strong><\/td>\n<\/tr>\n<tr>\n<td><strong>Syst\u00e8me d'entra\u00eenement :<\/strong><\/td>\n<td width=\"52%\">Pneumatique<\/td>\n<\/tr>\n<tr>\n<td><strong>Course de mont\u00e9e\/descente du cadre :<\/strong><\/td>\n<td width=\"52%\">100mm (3.94\u2033)<\/td>\n<\/tr>\n<tr>\n<td><strong>Zone d'impression maximale ronde :<\/strong><\/p>\n<p><strong>Zone d'impression maximale ovale :<br \/>\n<\/strong><\/td>\n<td width=\"52%\">110mm (4.33\u2033) \u00d8<\/p>\n<p>340mm (13.39\u2033) Longueur de l'arc<\/td>\n<\/tr>\n<tr>\n<td><strong>Taille de la table de travail :<\/strong><\/td>\n<td width=\"52%\">250 x 350 mm<\/td>\n<\/tr>\n<tr>\n<td><strong>Ajustement de la table :<\/strong><\/td>\n<td width=\"52%\">X,Y \u00b1 15mm \/\u00a0<em>\u03b8<\/em>\u00a015 \u00b0<\/td>\n<\/tr>\n<tr>\n<td><strong>Taille maximale du cadre de l'\u00e9cran :<\/strong><\/td>\n<td width=\"52%\">380 x 580 mm<\/td>\n<\/tr>\n<tr>\n<td><strong>\u00c9paisseur du cadre de l'\u00e9cran :<\/strong><\/td>\n<td width=\"52%\">18 - 25mm (.71\u2033 - .98\u2033)<\/td>\n<\/tr>\n<tr>\n<td><strong>Angle de la raclette :<\/strong><\/td>\n<td width=\"52%\">0-15\u00b0<\/td>\n<\/tr>\n<tr>\n<td><strong>Vitesse du cycle d'impression :<\/strong><\/td>\n<td width=\"52%\">1 200 cycles\/heure<\/td>\n<\/tr>\n<tr>\n<td><strong>Vitesse de la raclette :<\/strong><\/td>\n<td width=\"52%\">20\/min<\/td>\n<\/tr>\n<tr>\n<td><strong>Pression de la raclette :<\/strong><\/td>\n<td width=\"52%\">2 - 4 Bar<\/td>\n<\/tr>\n<tr>\n<td><strong>Source d'\u00e9lectricit\u00e9 :<\/strong><\/td>\n<td width=\"52%\">110V\/220V 50-60Hz 50W<\/td>\n<\/tr>\n<tr>\n<td><strong>Pression d'entr\u00e9e de l'air :<\/strong><\/td>\n<td width=\"52%\">80 psi<\/td>\n<\/tr>\n<tr>\n<td><strong>Consommation d'air :<\/strong><\/td>\n<td width=\"52%\">0,7 L\/cycle<\/td>\n<\/tr>\n<tr>\n<td><strong>Poids de la machine :<\/strong><\/td>\n<td width=\"52%\">150 kg<\/td>\n<\/tr>\n<tr>\n<td><strong>Poids de la machine (y compris la caisse) :<\/strong><\/td>\n<td width=\"52%\">190 kg<\/td>\n<\/tr>\n<tr>\n<td><strong>Dimensions (L x L x H) :<\/strong><\/td>\n<td width=\"52%\">1 000 x 950 x 1 400 mm<\/td>\n<\/tr>\n<tr>\n<td><strong>Dimensions de la caisse :<\/strong><\/td>\n<td width=\"52%\">1 080 x 1 010 x 1 520 mm<\/td>\n<\/tr>\n<\/tbody>\n<\/table>","protected":false},"excerpt":{"rendered":"<p>La machine de s\u00e9rigraphie ronde AP-400 est le mod\u00e8le le plus populaire. Cette s\u00e9rigraphie cylindrique est \u00e9quip\u00e9e d'un syst\u00e8me pneumatique et d'un syst\u00e8me contr\u00f4l\u00e9 par carte PCB. Sa structure est solide et ses performances stables. Son diam\u00e8tre d'impression maximal est de 110 mm. Elle offre un fonctionnement facile et rapide et permet un changement rapide de dispositif. Cette s\u00e9rigraphie ronde est largement utilis\u00e9e pour les bouteilles de taille moyenne et petite, les gobelets, les r\u00e9cipients, etc. Elle peut prendre en charge les formes rondes et ovales.<\/p>\n<p>&nbsp;<\/p>","protected":false},"featured_media":916,"template":"","meta":[],"product_brand":[],"product_cat":[15],"product_tag":[],"class_list":{"0":"post-284","1":"product","2":"type-product","3":"status-publish","4":"has-post-thumbnail","6":"product_cat-automatic-cylindrical-screen-printing-machine","8":"first","9":"instock","10":"shipping-taxable","11":"product-type-simple"},"yoast_head":"<!-- This site is optimized with the Yoast SEO plugin v27.4 - https:\/\/yoast.com\/product\/yoast-seo-wordpress\/ -->\n<title>Round Screen Printing Machine<\/title>\n<meta name=\"description\" content=\"The\u00a0AP-400\u00a0can screen print on flat and cylindrical objects,blow molded bottles, cosmetic tubes, aluminum water bottles, drum sticks, etc.\" \/>\n<meta name=\"robots\" content=\"index, follow, max-snippet:-1, max-image-preview:large, max-video-preview:-1\" \/>\n<link rel=\"canonical\" href=\"https:\/\/autoprintmachine.com\/fr\/\u2205110mm-machine-de-serigraphie-ronde\/\" \/>\n<meta property=\"og:locale\" content=\"fr_FR\" \/>\n<meta property=\"og:type\" content=\"article\" \/>\n<meta property=\"og:title\" content=\"Round Screen Printing Machine\" \/>\n<meta property=\"og:description\" content=\"The\u00a0AP-400\u00a0can screen print on flat and cylindrical objects,blow molded bottles, cosmetic tubes, aluminum water bottles, drum sticks, etc.\" \/>\n<meta property=\"og:url\" content=\"https:\/\/autoprintmachine.com\/fr\/\u2205110mm-machine-de-serigraphie-ronde\/\" \/>\n<meta property=\"article:publisher\" content=\"https:\/\/www.facebook.com\/autoprinttech\/\" \/>\n<meta property=\"article:modified_time\" content=\"2025-12-24T03:05:54+00:00\" \/>\n<meta property=\"og:image\" content=\"https:\/\/autoprintmachine.com\/wp-content\/uploads\/2020\/08\/OS-400New.jpg\" \/>\n\t<meta property=\"og:image:width\" content=\"600\" \/>\n\t<meta property=\"og:image:height\" content=\"600\" \/>\n\t<meta property=\"og:image:type\" content=\"image\/jpeg\" \/>\n<meta name=\"twitter:card\" content=\"summary_large_image\" \/>\n<meta name=\"twitter:label1\" content=\"Est. reading time\" \/>\n\t<meta name=\"twitter:data1\" content=\"2 minutes\" \/>\n<script type=\"application\/ld+json\" class=\"yoast-schema-graph\">{\"@context\":\"https:\\\/\\\/schema.org\",\"@graph\":[{\"@type\":\"WebPage\",\"@id\":\"https:\\\/\\\/autoprintmachine.com\\\/%e2%88%85110mm-round-screen-printing-machine\\\/\",\"url\":\"https:\\\/\\\/autoprintmachine.com\\\/%e2%88%85110mm-round-screen-printing-machine\\\/\",\"name\":\"Round Screen Printing Machine\",\"isPartOf\":{\"@id\":\"https:\\\/\\\/autoprintmachine.com\\\/#website\"},\"primaryImageOfPage\":{\"@id\":\"https:\\\/\\\/autoprintmachine.com\\\/%e2%88%85110mm-round-screen-printing-machine\\\/#primaryimage\"},\"image\":{\"@id\":\"https:\\\/\\\/autoprintmachine.com\\\/%e2%88%85110mm-round-screen-printing-machine\\\/#primaryimage\"},\"thumbnailUrl\":\"https:\\\/\\\/autoprintmachine.com\\\/wp-content\\\/uploads\\\/2020\\\/08\\\/OS-400New.jpg\",\"datePublished\":\"2020-08-06T06:59:01+00:00\",\"dateModified\":\"2025-12-24T03:05:54+00:00\",\"description\":\"The\u00a0AP-400\u00a0can screen print on flat and cylindrical objects,blow molded bottles, cosmetic tubes, aluminum water bottles, drum sticks, etc.\",\"breadcrumb\":{\"@id\":\"https:\\\/\\\/autoprintmachine.com\\\/%e2%88%85110mm-round-screen-printing-machine\\\/#breadcrumb\"},\"inLanguage\":\"fr-FR\",\"potentialAction\":[{\"@type\":\"ReadAction\",\"target\":[\"https:\\\/\\\/autoprintmachine.com\\\/%e2%88%85110mm-round-screen-printing-machine\\\/\"]}]},{\"@type\":\"ImageObject\",\"inLanguage\":\"fr-FR\",\"@id\":\"https:\\\/\\\/autoprintmachine.com\\\/%e2%88%85110mm-round-screen-printing-machine\\\/#primaryimage\",\"url\":\"https:\\\/\\\/autoprintmachine.com\\\/wp-content\\\/uploads\\\/2020\\\/08\\\/OS-400New.jpg\",\"contentUrl\":\"https:\\\/\\\/autoprintmachine.com\\\/wp-content\\\/uploads\\\/2020\\\/08\\\/OS-400New.jpg\",\"width\":600,\"height\":600,\"caption\":\"OS 400New\"},{\"@type\":\"BreadcrumbList\",\"@id\":\"https:\\\/\\\/autoprintmachine.com\\\/%e2%88%85110mm-round-screen-printing-machine\\\/#breadcrumb\",\"itemListElement\":[{\"@type\":\"ListItem\",\"position\":1,\"name\":\"Home\",\"item\":\"https:\\\/\\\/autoprintmachine.com\\\/\"},{\"@type\":\"ListItem\",\"position\":2,\"name\":\"Products\",\"item\":\"https:\\\/\\\/autoprintmachine.com\\\/shop\\\/\"},{\"@type\":\"ListItem\",\"position\":3,\"name\":\"\u2205110mm Round Screen Printing Machine\"}]},{\"@type\":\"WebSite\",\"@id\":\"https:\\\/\\\/autoprintmachine.com\\\/#website\",\"url\":\"https:\\\/\\\/autoprintmachine.com\\\/\",\"name\":\"\",\"description\":\"\",\"publisher\":{\"@id\":\"https:\\\/\\\/autoprintmachine.com\\\/#organization\"},\"potentialAction\":[{\"@type\":\"SearchAction\",\"target\":{\"@type\":\"EntryPoint\",\"urlTemplate\":\"https:\\\/\\\/autoprintmachine.com\\\/?s={search_term_string}\"},\"query-input\":{\"@type\":\"PropertyValueSpecification\",\"valueRequired\":true,\"valueName\":\"search_term_string\"}}],\"inLanguage\":\"fr-FR\"},{\"@type\":\"Organization\",\"@id\":\"https:\\\/\\\/autoprintmachine.com\\\/#organization\",\"name\":\"Dongguan Auto Print Tech Co., Ltd\",\"url\":\"https:\\\/\\\/autoprintmachine.com\\\/\",\"logo\":{\"@type\":\"ImageObject\",\"inLanguage\":\"fr-FR\",\"@id\":\"https:\\\/\\\/autoprintmachine.com\\\/#\\\/schema\\\/logo\\\/image\\\/\",\"url\":\"https:\\\/\\\/autoprintmachine.com\\\/wp-content\\\/uploads\\\/2023\\\/06\\\/screen_printing_logo_new.webp\",\"contentUrl\":\"https:\\\/\\\/autoprintmachine.com\\\/wp-content\\\/uploads\\\/2023\\\/06\\\/screen_printing_logo_new.webp\",\"width\":890,\"height\":750,\"caption\":\"Dongguan Auto Print Tech Co., Ltd\"},\"image\":{\"@id\":\"https:\\\/\\\/autoprintmachine.com\\\/#\\\/schema\\\/logo\\\/image\\\/\"},\"sameAs\":[\"https:\\\/\\\/www.facebook.com\\\/autoprinttech\\\/\",\"https:\\\/\\\/www.youtube.com\\\/channel\\\/UCJtPGiBbQWGE2DZLxySpCtw\"]}]}<\/script>\n<!-- \/ Yoast SEO plugin. -->","yoast_head_json":{"title":"Machine de s\u00e9rigraphie ronde","description":"L'AP-400 peut s\u00e9rigraphier des objets plats et cylindriques, des bouteilles souffl\u00e9es, des tubes cosm\u00e9tiques, des bouteilles d'eau en aluminium, des baguettes de tambour, etc.","robots":{"index":"index","follow":"follow","max-snippet":"max-snippet:-1","max-image-preview":"max-image-preview:large","max-video-preview":"max-video-preview:-1"},"canonical":"https:\/\/autoprintmachine.com\/fr\/\u2205110mm-machine-de-serigraphie-ronde\/","og_locale":"fr_FR","og_type":"article","og_title":"Round Screen Printing Machine","og_description":"The\u00a0AP-400\u00a0can screen print on flat and cylindrical objects,blow molded bottles, cosmetic tubes, aluminum water bottles, drum sticks, etc.","og_url":"https:\/\/autoprintmachine.com\/fr\/\u2205110mm-machine-de-serigraphie-ronde\/","article_publisher":"https:\/\/www.facebook.com\/autoprinttech\/","article_modified_time":"2025-12-24T03:05:54+00:00","og_image":[{"width":600,"height":600,"url":"https:\/\/autoprintmachine.com\/wp-content\/uploads\/2020\/08\/OS-400New.jpg","type":"image\/jpeg"}],"twitter_card":"summary_large_image","twitter_misc":{"Est. reading time":"2 minutes"},"schema":{"@context":"https:\/\/schema.org","@graph":[{"@type":"WebPage","@id":"https:\/\/autoprintmachine.com\/%e2%88%85110mm-round-screen-printing-machine\/","url":"https:\/\/autoprintmachine.com\/%e2%88%85110mm-round-screen-printing-machine\/","name":"Machine de s\u00e9rigraphie ronde","isPartOf":{"@id":"https:\/\/autoprintmachine.com\/#website"},"primaryImageOfPage":{"@id":"https:\/\/autoprintmachine.com\/%e2%88%85110mm-round-screen-printing-machine\/#primaryimage"},"image":{"@id":"https:\/\/autoprintmachine.com\/%e2%88%85110mm-round-screen-printing-machine\/#primaryimage"},"thumbnailUrl":"https:\/\/autoprintmachine.com\/wp-content\/uploads\/2020\/08\/OS-400New.jpg","datePublished":"2020-08-06T06:59:01+00:00","dateModified":"2025-12-24T03:05:54+00:00","description":"L'AP-400 peut s\u00e9rigraphier des objets plats et cylindriques, des bouteilles souffl\u00e9es, des tubes cosm\u00e9tiques, des bouteilles d'eau en aluminium, des baguettes de tambour, etc.","breadcrumb":{"@id":"https:\/\/autoprintmachine.com\/%e2%88%85110mm-round-screen-printing-machine\/#breadcrumb"},"inLanguage":"fr-FR","potentialAction":[{"@type":"ReadAction","target":["https:\/\/autoprintmachine.com\/%e2%88%85110mm-round-screen-printing-machine\/"]}]},{"@type":"ImageObject","inLanguage":"fr-FR","@id":"https:\/\/autoprintmachine.com\/%e2%88%85110mm-round-screen-printing-machine\/#primaryimage","url":"https:\/\/autoprintmachine.com\/wp-content\/uploads\/2020\/08\/OS-400New.jpg","contentUrl":"https:\/\/autoprintmachine.com\/wp-content\/uploads\/2020\/08\/OS-400New.jpg","width":600,"height":600,"caption":"OS 400New"},{"@type":"BreadcrumbList","@id":"https:\/\/autoprintmachine.com\/%e2%88%85110mm-round-screen-printing-machine\/#breadcrumb","itemListElement":[{"@type":"ListItem","position":1,"name":"Home","item":"https:\/\/autoprintmachine.com\/"},{"@type":"ListItem","position":2,"name":"Products","item":"https:\/\/autoprintmachine.com\/shop\/"},{"@type":"ListItem","position":3,"name":"\u2205110mm Round Screen Printing Machine"}]},{"@type":"WebSite","@id":"https:\/\/autoprintmachine.com\/#website","url":"https:\/\/autoprintmachine.com\/","name":"","description":"","publisher":{"@id":"https:\/\/autoprintmachine.com\/#organization"},"potentialAction":[{"@type":"SearchAction","target":{"@type":"EntryPoint","urlTemplate":"https:\/\/autoprintmachine.com\/?s={search_term_string}"},"query-input":{"@type":"PropertyValueSpecification","valueRequired":true,"valueName":"search_term_string"}}],"inLanguage":"fr-FR"},{"@type":"Organization","@id":"https:\/\/autoprintmachine.com\/#organization","name":"Dongguan Auto Print Tech Co. Ltd","url":"https:\/\/autoprintmachine.com\/","logo":{"@type":"ImageObject","inLanguage":"fr-FR","@id":"https:\/\/autoprintmachine.com\/#\/schema\/logo\/image\/","url":"https:\/\/autoprintmachine.com\/wp-content\/uploads\/2023\/06\/screen_printing_logo_new.webp","contentUrl":"https:\/\/autoprintmachine.com\/wp-content\/uploads\/2023\/06\/screen_printing_logo_new.webp","width":890,"height":750,"caption":"Dongguan Auto Print Tech Co., Ltd"},"image":{"@id":"https:\/\/autoprintmachine.com\/#\/schema\/logo\/image\/"},"sameAs":["https:\/\/www.facebook.com\/autoprinttech\/","https:\/\/www.youtube.com\/channel\/UCJtPGiBbQWGE2DZLxySpCtw"]}]}},"_links":{"self":[{"href":"https:\/\/autoprintmachine.com\/fr\/wp-json\/wp\/v2\/product\/284","targetHints":{"allow":["GET"]}}],"collection":[{"href":"https:\/\/autoprintmachine.com\/fr\/wp-json\/wp\/v2\/product"}],"about":[{"href":"https:\/\/autoprintmachine.com\/fr\/wp-json\/wp\/v2\/types\/product"}],"wp:featuredmedia":[{"embeddable":true,"href":"https:\/\/autoprintmachine.com\/fr\/wp-json\/wp\/v2\/media\/916"}],"wp:attachment":[{"href":"https:\/\/autoprintmachine.com\/fr\/wp-json\/wp\/v2\/media?parent=284"}],"wp:term":[{"taxonomy":"product_brand","embeddable":true,"href":"https:\/\/autoprintmachine.com\/fr\/wp-json\/wp\/v2\/product_brand?post=284"},{"taxonomy":"product_cat","embeddable":true,"href":"https:\/\/autoprintmachine.com\/fr\/wp-json\/wp\/v2\/product_cat?post=284"},{"taxonomy":"product_tag","embeddable":true,"href":"https:\/\/autoprintmachine.com\/fr\/wp-json\/wp\/v2\/product_tag?post=284"}],"curies":[{"name":"wp","href":"https:\/\/api.w.org\/{rel}","templated":true}]}}