{"id":292,"date":"2020-08-06T08:42:15","date_gmt":"2020-08-06T08:42:15","guid":{"rendered":"https:\/\/onceauto.seowaimao.com\/?post_type=product&#038;p=292"},"modified":"2025-12-24T05:44:57","modified_gmt":"2025-12-24T05:44:57","slug":"%e2%88%85180mm-machine-de-serigraphie-ronde-a-conteneur","status":"publish","type":"product","link":"https:\/\/autoprintmachine.com\/fr\/%e2%88%85180mm-machine-de-serigraphie-ronde-a-conteneur\/","title":{"rendered":"Machine de s\u00e9rigraphie ronde \u00e0 conteneur \u2205180mm"},"content":{"rendered":"<p><strong>Introduction :<\/strong><\/p>\n<p>Les <strong>AP-600<\/strong> La machine de s\u00e9rigraphie ronde a un diam\u00e8tre d'impression maximum de 180 mm. Cette machine convient \u00e0 l'impression de bouteilles, r\u00e9cipients, gobelets, etc. de taille moyenne.<\/p>\n<p><strong>Caract\u00e9ristiques standard :<\/strong><\/p>\n<ul>\n<li>Commande pneumatique avec amortisseurs<\/li>\n<li>Contr\u00f4l\u00e9 par microprocesseur - PCB<\/li>\n<li>\u00c9l\u00e9vateur de pi\u00e8ces vertical avec r\u00e9glage de la hauteur<\/li>\n<li>Course d'impression contr\u00f4l\u00e9e par un cylindre sans tige<\/li>\n<li>Table de positionnement X\/Y\/R pour le montage d'articles<\/li>\n<li>Roulements lin\u00e9aires \u00e0 billes sur arbres tremp\u00e9s<\/li>\n<li>Inclinaison, inclinaison et hauteur de la raclette r\u00e9glables<\/li>\n<li>Cadre de l'\u00e9cran r\u00e9glable en angle et en inclinaison<\/li>\n<li>Syst\u00e8me de gonflage synchronis\u00e9 des bouteilles avec r\u00e9gulateur<\/li>\n<li>Pression de la raclette r\u00e9gul\u00e9e par un manom\u00e8tre<\/li>\n<li>Niveleurs de sol et roulettes<\/li>\n<li>Commande par p\u00e9dale<\/li>\n<\/ul>\n<p><strong>Sp\u00e9cifications :<\/strong><\/p>\n<table width=\"96%\">\n<tbody>\n<tr>\n<td width=\"50%\"><strong>Num\u00e9ro de mod\u00e8le :<\/strong><\/td>\n<td width=\"50%\"><strong>AP-600<\/strong><\/td>\n<\/tr>\n<tr>\n<td><strong>Syst\u00e8me d'entra\u00eenement :<\/strong><\/td>\n<td>Pneumatique<\/td>\n<\/tr>\n<tr>\n<td><strong>Course de mont\u00e9e\/descente du cadre :<\/strong><\/td>\n<td>100mm (3.94\u2033)<\/td>\n<\/tr>\n<tr>\n<td><strong>Zone d'impression maximale ronde :<br \/>\nZone d'impression maximale ovale :<\/strong><\/td>\n<td>180mm (7.08\u2033) \u00d8<br \/>\n560mm (22.05\u2033) Longueur de l'arc<\/td>\n<\/tr>\n<tr>\n<td><strong>Taille de la table de travail :<\/strong><\/td>\n<td>250 x 700mm (9.84\u2033 x 27.56\u2033)<\/td>\n<\/tr>\n<tr>\n<td><strong>Ajustement de la table :<\/strong><\/td>\n<td>X,Y \u00b1 15mm \/\u00a0<em>\u03b8<\/em>\u00a015 \u00b0<\/td>\n<\/tr>\n<tr>\n<td><strong>Taille maximale du cadre de l'\u00e9cran<\/strong><strong>:<\/strong><\/td>\n<td>400 x 800mm (15.75\u2033 x 31.50\u2033)<\/td>\n<\/tr>\n<tr>\n<td><strong>\u00c9paisseur du cadre de l'\u00e9cran :<\/strong><\/td>\n<td>18 - 25mm (.71\u2033 - .98\u2033)<\/td>\n<\/tr>\n<tr>\n<td><strong>Angle de la raclette :<\/strong><\/td>\n<td>0-15\u00b0<\/td>\n<\/tr>\n<tr>\n<td><strong>Vitesse du cycle d'impression<\/strong><strong>:<\/strong><\/td>\n<td>960 cycles\/heure<\/td>\n<\/tr>\n<tr>\n<td><strong>Vitesse de la raclette :<\/strong><\/td>\n<td>16\/min<\/td>\n<\/tr>\n<tr>\n<td><strong>Pression de la raclette :<\/strong><\/td>\n<td>2 - 4 Bar<\/td>\n<\/tr>\n<tr>\n<td><strong>Source d'\u00e9lectricit\u00e9 :<\/strong><\/td>\n<td>110V\/220V 50-60Hz 50W<\/td>\n<\/tr>\n<tr>\n<td><strong>Pression d'entr\u00e9e de l'air :<\/strong><\/td>\n<td>80 psi<\/td>\n<\/tr>\n<tr>\n<td><strong>Consommation d'air :<\/strong><\/td>\n<td>0,7 L\/cycle<\/td>\n<\/tr>\n<tr>\n<td><strong>Poids net :<\/strong><\/td>\n<td>170 kg<\/td>\n<\/tr>\n<tr>\n<td><strong>Poids brut :<\/strong><\/td>\n<td>260 kg<\/td>\n<\/tr>\n<tr>\n<td><strong>Dimensions (L x L x H) :<\/strong><\/td>\n<td>1 130 x 750 x 1 350 mm<\/td>\n<\/tr>\n<tr>\n<td><strong>Dimensions de la caisse :<\/strong><\/td>\n<td>1 250 x 940 x 1 460 mm<\/td>\n<\/tr>\n<\/tbody>\n<\/table>","protected":false},"excerpt":{"rendered":"<p>La machine de s\u00e9rigraphie ronde AP-600 est polyvalente et permet d'imprimer sur des r\u00e9cipients ronds, cylindriques et ovales. Avec un diam\u00e8tre d'impression maximal de 180 mm, cette s\u00e9rigraphie cylindrique convient \u00e0 l'impression d'objets de taille moyenne. Elle offre des performances stables, une grande facilit\u00e9 d'utilisation et un changement de gabarit rapide. Cette machine est populaire dans les secteurs de l'emballage plastique, de l'impression sur verre, etc.<\/p>\n<p>&nbsp;<\/p>","protected":false},"featured_media":918,"template":"","meta":[],"product_brand":[],"product_cat":[15],"product_tag":[],"class_list":{"0":"post-292","1":"product","2":"type-product","3":"status-publish","4":"has-post-thumbnail","6":"product_cat-automatic-cylindrical-screen-printing-machine","8":"first","9":"instock","10":"shipping-taxable","11":"product-type-simple"},"yoast_head":"<!-- This site is optimized with the Yoast SEO plugin v27.4 - https:\/\/yoast.com\/product\/yoast-seo-wordpress\/ -->\n<title>Round Screen Printing Machine | \u2205180mm Container<\/title>\n<meta name=\"description\" content=\"The machine with a max print diameter 180mm. This machine suitable for medium size bottle, container, cup, etc. printing.\" \/>\n<meta name=\"robots\" content=\"index, follow, max-snippet:-1, max-image-preview:large, max-video-preview:-1\" \/>\n<link rel=\"canonical\" href=\"https:\/\/autoprintmachine.com\/fr\/\u2205180mm-machine-de-serigraphie-ronde-a-conteneur\/\" \/>\n<meta property=\"og:locale\" content=\"fr_FR\" \/>\n<meta property=\"og:type\" content=\"article\" \/>\n<meta property=\"og:title\" content=\"Round Screen Printing Machine | \u2205180mm Container\" \/>\n<meta property=\"og:description\" content=\"The machine with a max print diameter 180mm. This machine suitable for medium size bottle, container, cup, etc. printing.\" \/>\n<meta property=\"og:url\" content=\"https:\/\/autoprintmachine.com\/fr\/\u2205180mm-machine-de-serigraphie-ronde-a-conteneur\/\" \/>\n<meta property=\"article:publisher\" content=\"https:\/\/www.facebook.com\/autoprinttech\/\" \/>\n<meta property=\"article:modified_time\" content=\"2025-12-24T05:44:57+00:00\" \/>\n<meta property=\"og:image\" content=\"https:\/\/autoprintmachine.com\/wp-content\/uploads\/2020\/08\/OS-600-1.jpg\" \/>\n\t<meta property=\"og:image:width\" content=\"600\" \/>\n\t<meta property=\"og:image:height\" content=\"600\" \/>\n\t<meta property=\"og:image:type\" content=\"image\/jpeg\" \/>\n<meta name=\"twitter:card\" content=\"summary_large_image\" \/>\n<meta name=\"twitter:label1\" content=\"Est. reading time\" \/>\n\t<meta name=\"twitter:data1\" content=\"2 minutes\" \/>\n<script type=\"application\/ld+json\" class=\"yoast-schema-graph\">{\"@context\":\"https:\\\/\\\/schema.org\",\"@graph\":[{\"@type\":\"WebPage\",\"@id\":\"https:\\\/\\\/autoprintmachine.com\\\/%e2%88%85180mm-container-round-screen-printing-machine\\\/\",\"url\":\"https:\\\/\\\/autoprintmachine.com\\\/%e2%88%85180mm-container-round-screen-printing-machine\\\/\",\"name\":\"Round Screen Printing Machine | \u2205180mm Container\",\"isPartOf\":{\"@id\":\"https:\\\/\\\/autoprintmachine.com\\\/#website\"},\"primaryImageOfPage\":{\"@id\":\"https:\\\/\\\/autoprintmachine.com\\\/%e2%88%85180mm-container-round-screen-printing-machine\\\/#primaryimage\"},\"image\":{\"@id\":\"https:\\\/\\\/autoprintmachine.com\\\/%e2%88%85180mm-container-round-screen-printing-machine\\\/#primaryimage\"},\"thumbnailUrl\":\"https:\\\/\\\/autoprintmachine.com\\\/wp-content\\\/uploads\\\/2020\\\/08\\\/OS-600-1.jpg\",\"datePublished\":\"2020-08-06T08:42:15+00:00\",\"dateModified\":\"2025-12-24T05:44:57+00:00\",\"description\":\"The machine with a max print diameter 180mm. This machine suitable for medium size bottle, container, cup, etc. printing.\",\"breadcrumb\":{\"@id\":\"https:\\\/\\\/autoprintmachine.com\\\/%e2%88%85180mm-container-round-screen-printing-machine\\\/#breadcrumb\"},\"inLanguage\":\"fr-FR\",\"potentialAction\":[{\"@type\":\"ReadAction\",\"target\":[\"https:\\\/\\\/autoprintmachine.com\\\/%e2%88%85180mm-container-round-screen-printing-machine\\\/\"]}]},{\"@type\":\"ImageObject\",\"inLanguage\":\"fr-FR\",\"@id\":\"https:\\\/\\\/autoprintmachine.com\\\/%e2%88%85180mm-container-round-screen-printing-machine\\\/#primaryimage\",\"url\":\"https:\\\/\\\/autoprintmachine.com\\\/wp-content\\\/uploads\\\/2020\\\/08\\\/OS-600-1.jpg\",\"contentUrl\":\"https:\\\/\\\/autoprintmachine.com\\\/wp-content\\\/uploads\\\/2020\\\/08\\\/OS-600-1.jpg\",\"width\":600,\"height\":600,\"caption\":\"OS 600\"},{\"@type\":\"BreadcrumbList\",\"@id\":\"https:\\\/\\\/autoprintmachine.com\\\/%e2%88%85180mm-container-round-screen-printing-machine\\\/#breadcrumb\",\"itemListElement\":[{\"@type\":\"ListItem\",\"position\":1,\"name\":\"Home\",\"item\":\"https:\\\/\\\/autoprintmachine.com\\\/\"},{\"@type\":\"ListItem\",\"position\":2,\"name\":\"Products\",\"item\":\"https:\\\/\\\/autoprintmachine.com\\\/shop\\\/\"},{\"@type\":\"ListItem\",\"position\":3,\"name\":\"\u2205180mm Container Round Screen Printing Machine\"}]},{\"@type\":\"WebSite\",\"@id\":\"https:\\\/\\\/autoprintmachine.com\\\/#website\",\"url\":\"https:\\\/\\\/autoprintmachine.com\\\/\",\"name\":\"\",\"description\":\"\",\"publisher\":{\"@id\":\"https:\\\/\\\/autoprintmachine.com\\\/#organization\"},\"potentialAction\":[{\"@type\":\"SearchAction\",\"target\":{\"@type\":\"EntryPoint\",\"urlTemplate\":\"https:\\\/\\\/autoprintmachine.com\\\/?s={search_term_string}\"},\"query-input\":{\"@type\":\"PropertyValueSpecification\",\"valueRequired\":true,\"valueName\":\"search_term_string\"}}],\"inLanguage\":\"fr-FR\"},{\"@type\":\"Organization\",\"@id\":\"https:\\\/\\\/autoprintmachine.com\\\/#organization\",\"name\":\"Dongguan Auto Print Tech Co., Ltd\",\"url\":\"https:\\\/\\\/autoprintmachine.com\\\/\",\"logo\":{\"@type\":\"ImageObject\",\"inLanguage\":\"fr-FR\",\"@id\":\"https:\\\/\\\/autoprintmachine.com\\\/#\\\/schema\\\/logo\\\/image\\\/\",\"url\":\"https:\\\/\\\/autoprintmachine.com\\\/wp-content\\\/uploads\\\/2023\\\/06\\\/screen_printing_logo_new.webp\",\"contentUrl\":\"https:\\\/\\\/autoprintmachine.com\\\/wp-content\\\/uploads\\\/2023\\\/06\\\/screen_printing_logo_new.webp\",\"width\":890,\"height\":750,\"caption\":\"Dongguan Auto Print Tech Co., Ltd\"},\"image\":{\"@id\":\"https:\\\/\\\/autoprintmachine.com\\\/#\\\/schema\\\/logo\\\/image\\\/\"},\"sameAs\":[\"https:\\\/\\\/www.facebook.com\\\/autoprinttech\\\/\",\"https:\\\/\\\/www.youtube.com\\\/channel\\\/UCJtPGiBbQWGE2DZLxySpCtw\"]}]}<\/script>\n<!-- \/ Yoast SEO plugin. -->","yoast_head_json":{"title":"Machine de s\u00e9rigraphie ronde pour conteneurs \u2205180mm","description":"La machine a un diam\u00e8tre d'impression maximum de 180 mm. Cette machine convient \u00e0 l'impression de bouteilles, r\u00e9cipients, gobelets, etc. de taille moyenne.","robots":{"index":"index","follow":"follow","max-snippet":"max-snippet:-1","max-image-preview":"max-image-preview:large","max-video-preview":"max-video-preview:-1"},"canonical":"https:\/\/autoprintmachine.com\/fr\/\u2205180mm-machine-de-serigraphie-ronde-a-conteneur\/","og_locale":"fr_FR","og_type":"article","og_title":"Round Screen Printing Machine | \u2205180mm Container","og_description":"The machine with a max print diameter 180mm. This machine suitable for medium size bottle, container, cup, etc. printing.","og_url":"https:\/\/autoprintmachine.com\/fr\/\u2205180mm-machine-de-serigraphie-ronde-a-conteneur\/","article_publisher":"https:\/\/www.facebook.com\/autoprinttech\/","article_modified_time":"2025-12-24T05:44:57+00:00","og_image":[{"width":600,"height":600,"url":"https:\/\/autoprintmachine.com\/wp-content\/uploads\/2020\/08\/OS-600-1.jpg","type":"image\/jpeg"}],"twitter_card":"summary_large_image","twitter_misc":{"Est. reading time":"2 minutes"},"schema":{"@context":"https:\/\/schema.org","@graph":[{"@type":"WebPage","@id":"https:\/\/autoprintmachine.com\/%e2%88%85180mm-container-round-screen-printing-machine\/","url":"https:\/\/autoprintmachine.com\/%e2%88%85180mm-container-round-screen-printing-machine\/","name":"Machine de s\u00e9rigraphie ronde pour conteneurs \u2205180mm","isPartOf":{"@id":"https:\/\/autoprintmachine.com\/#website"},"primaryImageOfPage":{"@id":"https:\/\/autoprintmachine.com\/%e2%88%85180mm-container-round-screen-printing-machine\/#primaryimage"},"image":{"@id":"https:\/\/autoprintmachine.com\/%e2%88%85180mm-container-round-screen-printing-machine\/#primaryimage"},"thumbnailUrl":"https:\/\/autoprintmachine.com\/wp-content\/uploads\/2020\/08\/OS-600-1.jpg","datePublished":"2020-08-06T08:42:15+00:00","dateModified":"2025-12-24T05:44:57+00:00","description":"La machine a un diam\u00e8tre d'impression maximum de 180 mm. Cette machine convient \u00e0 l'impression de bouteilles, r\u00e9cipients, gobelets, etc. de taille moyenne.","breadcrumb":{"@id":"https:\/\/autoprintmachine.com\/%e2%88%85180mm-container-round-screen-printing-machine\/#breadcrumb"},"inLanguage":"fr-FR","potentialAction":[{"@type":"ReadAction","target":["https:\/\/autoprintmachine.com\/%e2%88%85180mm-container-round-screen-printing-machine\/"]}]},{"@type":"ImageObject","inLanguage":"fr-FR","@id":"https:\/\/autoprintmachine.com\/%e2%88%85180mm-container-round-screen-printing-machine\/#primaryimage","url":"https:\/\/autoprintmachine.com\/wp-content\/uploads\/2020\/08\/OS-600-1.jpg","contentUrl":"https:\/\/autoprintmachine.com\/wp-content\/uploads\/2020\/08\/OS-600-1.jpg","width":600,"height":600,"caption":"OS 600"},{"@type":"BreadcrumbList","@id":"https:\/\/autoprintmachine.com\/%e2%88%85180mm-container-round-screen-printing-machine\/#breadcrumb","itemListElement":[{"@type":"ListItem","position":1,"name":"Home","item":"https:\/\/autoprintmachine.com\/"},{"@type":"ListItem","position":2,"name":"Products","item":"https:\/\/autoprintmachine.com\/shop\/"},{"@type":"ListItem","position":3,"name":"\u2205180mm Container Round Screen Printing Machine"}]},{"@type":"WebSite","@id":"https:\/\/autoprintmachine.com\/#website","url":"https:\/\/autoprintmachine.com\/","name":"","description":"","publisher":{"@id":"https:\/\/autoprintmachine.com\/#organization"},"potentialAction":[{"@type":"SearchAction","target":{"@type":"EntryPoint","urlTemplate":"https:\/\/autoprintmachine.com\/?s={search_term_string}"},"query-input":{"@type":"PropertyValueSpecification","valueRequired":true,"valueName":"search_term_string"}}],"inLanguage":"fr-FR"},{"@type":"Organization","@id":"https:\/\/autoprintmachine.com\/#organization","name":"Dongguan Auto Print Tech Co. Ltd","url":"https:\/\/autoprintmachine.com\/","logo":{"@type":"ImageObject","inLanguage":"fr-FR","@id":"https:\/\/autoprintmachine.com\/#\/schema\/logo\/image\/","url":"https:\/\/autoprintmachine.com\/wp-content\/uploads\/2023\/06\/screen_printing_logo_new.webp","contentUrl":"https:\/\/autoprintmachine.com\/wp-content\/uploads\/2023\/06\/screen_printing_logo_new.webp","width":890,"height":750,"caption":"Dongguan Auto Print Tech Co., Ltd"},"image":{"@id":"https:\/\/autoprintmachine.com\/#\/schema\/logo\/image\/"},"sameAs":["https:\/\/www.facebook.com\/autoprinttech\/","https:\/\/www.youtube.com\/channel\/UCJtPGiBbQWGE2DZLxySpCtw"]}]}},"_links":{"self":[{"href":"https:\/\/autoprintmachine.com\/fr\/wp-json\/wp\/v2\/product\/292","targetHints":{"allow":["GET"]}}],"collection":[{"href":"https:\/\/autoprintmachine.com\/fr\/wp-json\/wp\/v2\/product"}],"about":[{"href":"https:\/\/autoprintmachine.com\/fr\/wp-json\/wp\/v2\/types\/product"}],"wp:featuredmedia":[{"embeddable":true,"href":"https:\/\/autoprintmachine.com\/fr\/wp-json\/wp\/v2\/media\/918"}],"wp:attachment":[{"href":"https:\/\/autoprintmachine.com\/fr\/wp-json\/wp\/v2\/media?parent=292"}],"wp:term":[{"taxonomy":"product_brand","embeddable":true,"href":"https:\/\/autoprintmachine.com\/fr\/wp-json\/wp\/v2\/product_brand?post=292"},{"taxonomy":"product_cat","embeddable":true,"href":"https:\/\/autoprintmachine.com\/fr\/wp-json\/wp\/v2\/product_cat?post=292"},{"taxonomy":"product_tag","embeddable":true,"href":"https:\/\/autoprintmachine.com\/fr\/wp-json\/wp\/v2\/product_tag?post=292"}],"curies":[{"name":"wp","href":"https:\/\/api.w.org\/{rel}","templated":true}]}}