{"id":294,"date":"2020-08-06T09:03:15","date_gmt":"2020-08-06T09:03:15","guid":{"rendered":"https:\/\/onceauto.seowaimao.com\/?post_type=product&#038;p=294"},"modified":"2025-12-24T05:47:07","modified_gmt":"2025-12-24T05:47:07","slug":"round-screen-printing-machine","status":"publish","type":"product","link":"https:\/\/autoprintmachine.com\/fr\/machine-de-serigraphie-ronde\/","title":{"rendered":"Machine de s\u00e9rigraphie ronde \u00e0 godets \u2205350mm"},"content":{"rendered":"<p><strong>Introduction :<\/strong><\/p>\n<p><strong>AP-1200<\/strong> est une machine de s\u00e9rigraphie ronde semi-automatique. Elle est con\u00e7ue pour l'impression de seaux, de grands seaux et de bouteilles en plastique de 1 gallon. La <strong>AP-1200<\/strong> La machine de s\u00e9rigraphie jumbo round peut \u00e9galement \u00eatre utilis\u00e9e pour s\u00e9rigraphier des bouteilles de vin et de bi\u00e8re en verre. La <strong>AP-1200<\/strong> se caract\u00e9rise par des changements d'outils rapides et simples, un rep\u00e9rage m\u00e9canique pr\u00e9cis et des commandes pratiques sur le panneau avant. Ces caract\u00e9ristiques font de la <strong>AP-1200<\/strong> une machine de s\u00e9rigraphie ronde universelle pour les objets de grande taille.<\/p>\n<p><strong>Caract\u00e9ristiques standard :<\/strong><\/p>\n<ul>\n<li>Course de la raclette \u00e0 mouvement alternatif entra\u00een\u00e9e par un moteur \u00e9lectrique<\/li>\n<li>Contr\u00f4l\u00e9 par microprocesseur - PLC<\/li>\n<li>\u00c9l\u00e9vateur de pi\u00e8ces vertical avec r\u00e9glage de la hauteur<\/li>\n<li>Course d'impression contr\u00f4l\u00e9e par un moteur \u00e9lectrique<\/li>\n<li>Table de positionnement X\/Y\/R pour le montage d'articles<\/li>\n<li>Roulements lin\u00e9aires \u00e0 billes sur arbres tremp\u00e9s<\/li>\n<li>Inclinaison, inclinaison et hauteur de la raclette r\u00e9glables<\/li>\n<li>Cadre de l'\u00e9cran r\u00e9glable en angle et en inclinaison<\/li>\n<li>Syst\u00e8me de gonflage synchronis\u00e9 des bouteilles avec r\u00e9gulateur<\/li>\n<li>Pression de la raclette r\u00e9gul\u00e9e par un manom\u00e8tre<\/li>\n<li>Niveleurs de sol et roulettes<\/li>\n<li>Commande par p\u00e9dale<\/li>\n<\/ul>\n<p><strong>Sp\u00e9cifications :<\/strong><\/p>\n<table width=\"99%\">\n<tbody>\n<tr>\n<td width=\"45%\"><strong>Mod\u00e8le NO :<\/strong><\/td>\n<td width=\"54%\"><strong>AP-1200<\/strong><\/td>\n<\/tr>\n<tr>\n<td width=\"45%\"><strong>Syst\u00e8me d'entra\u00eenement :<\/strong><\/td>\n<td width=\"54%\">Moteur \u00e9lectrique<\/td>\n<\/tr>\n<tr>\n<td width=\"45%\"><strong>Course de mont\u00e9e\/descente du cadre :<\/strong><\/td>\n<td width=\"54%\">100mm (4\u2033)<\/td>\n<\/tr>\n<tr>\n<td width=\"45%\"><strong>Zone d'impression maximale ronde :<\/strong><\/p>\n<p><strong>Zone d'impression maximale ovale :<\/strong><\/td>\n<td width=\"54%\">\u00d8 350mm<\/p>\n<p>1 090 mm Longueur de l'arc<\/td>\n<\/tr>\n<tr>\n<td width=\"45%\"><strong>Taille maximale du cadre de l'\u00e9cran :<\/strong><\/td>\n<td width=\"54%\">900 x 1 600 mm (35,43\u2033 x 55,12\u2033)<\/td>\n<\/tr>\n<tr>\n<td width=\"45%\"><strong>\u00c9paisseur du cadre de l'\u00e9cran :<\/strong><\/td>\n<td width=\"54%\">18 - 25mm (.71\u2033 - .98\u2033)<\/td>\n<\/tr>\n<tr>\n<td width=\"45%\"><strong>Angle de la raclette :<\/strong><\/td>\n<td width=\"54%\">0-15\u00b0<\/td>\n<\/tr>\n<tr>\n<td width=\"45%\"><strong>Vitesse du cycle d'impression :<\/strong><\/td>\n<td width=\"54%\">680 cycles\/heure<\/td>\n<\/tr>\n<tr>\n<td width=\"45%\"><strong>Vitesse de la raclette :<\/strong><\/td>\n<td width=\"54%\">13\/min<\/td>\n<\/tr>\n<tr>\n<td width=\"45%\"><strong>Pression de la raclette :<\/strong><\/td>\n<td width=\"54%\">2-4 Bar<\/td>\n<\/tr>\n<tr>\n<td width=\"45%\"><strong>Source d'\u00e9lectricit\u00e9 :<\/strong><\/td>\n<td width=\"54%\">110V\/220V 50-60Hz 50W<\/td>\n<\/tr>\n<tr>\n<td width=\"45%\"><strong>Pression d'entr\u00e9e de l'air :<\/strong><\/td>\n<td width=\"54%\">80 psi<\/td>\n<\/tr>\n<tr>\n<td width=\"45%\"><strong>Poids de la machine :<\/strong><\/td>\n<td width=\"54%\">277 kg<\/td>\n<\/tr>\n<tr>\n<td width=\"45%\"><strong>Poids de la machine (y compris la caisse) :<\/strong><\/td>\n<td width=\"54%\">407 kg<\/td>\n<\/tr>\n<tr>\n<td width=\"45%\"><strong>Dimensions (L x L x H) :<\/strong><\/td>\n<td width=\"54%\">1 750 x 900 x 1 700 mm<\/td>\n<\/tr>\n<tr>\n<td width=\"45%\"><strong>Dimensions de la caisse :<\/strong><\/td>\n<td width=\"54%\">1 900 x 1 100 x 1 850 mm<\/td>\n<\/tr>\n<\/tbody>\n<\/table>","protected":false},"excerpt":{"rendered":"<p>AP-1200 est une machine de s\u00e9rigraphie jumbo pour l'impression sur des seaux ronds\/cylindriques, des seaux et des conteneurs de 5 gallons. Elle est \u00e9quip\u00e9e d'un syst\u00e8me de contr\u00f4le PLC de marque et d'un moteur + entra\u00eenement pneumatique pour un fonctionnement et une impression stables et pr\u00e9cis. Cette s\u00e9rigraphie \u00e0 godets a un diam\u00e8tre d'impression maximum de 350 mm. Elle est largement utilis\u00e9e pour l'impression sur les seaux de peinture, les conteneurs d'eau de 5 gallons et les grands f\u00fbts.<\/p>\n<p>&nbsp;<\/p>","protected":false},"featured_media":295,"template":"","meta":[],"product_cat":[15],"class_list":{"0":"post-294","1":"product","2":"type-product","3":"status-publish","4":"has-post-thumbnail","6":"product_cat-automatic-cylindrical-screen-printing-machine","8":"first","9":"instock","10":"shipping-taxable","11":"product-type-simple"},"acf":[],"yoast_head":"<!-- This site is optimized with the Yoast SEO plugin v23.9 - https:\/\/yoast.com\/wordpress\/plugins\/seo\/ -->\n<title>Round Screen Printing Machine | \u2205350mm Bucket<\/title>\n<meta name=\"description\" content=\"AP-1200\u00a0is a semi-automatic screen printer designed for printing onto large pails, can print on glass wine bottles, beer bottles and so on.\" \/>\n<meta name=\"robots\" content=\"index, follow, max-snippet:-1, max-image-preview:large, max-video-preview:-1\" \/>\n<link rel=\"canonical\" href=\"https:\/\/autoprintmachine.com\/fr\/machine-de-serigraphie-ronde\/\" \/>\n<meta property=\"og:locale\" content=\"fr_FR\" \/>\n<meta property=\"og:type\" content=\"article\" \/>\n<meta property=\"og:title\" content=\"Round Screen Printing Machine | \u2205350mm Bucket\" \/>\n<meta property=\"og:description\" content=\"AP-1200\u00a0is a semi-automatic screen printer designed for printing onto large pails, can print on glass wine bottles, beer bottles and so on.\" \/>\n<meta property=\"og:url\" content=\"https:\/\/autoprintmachine.com\/fr\/machine-de-serigraphie-ronde\/\" \/>\n<meta property=\"article:publisher\" content=\"https:\/\/www.facebook.com\/autoprinttech\/\" \/>\n<meta property=\"article:modified_time\" content=\"2025-12-24T05:47:07+00:00\" \/>\n<meta property=\"og:image\" content=\"https:\/\/autoprintmachine.com\/wp-content\/uploads\/2020\/08\/OS-1200.jpg\" \/>\n\t<meta property=\"og:image:width\" content=\"600\" \/>\n\t<meta property=\"og:image:height\" content=\"600\" \/>\n\t<meta property=\"og:image:type\" content=\"image\/jpeg\" \/>\n<meta name=\"twitter:card\" content=\"summary_large_image\" \/>\n<meta name=\"twitter:label1\" content=\"Dur\u00e9e de lecture estim\u00e9e\" \/>\n\t<meta name=\"twitter:data1\" content=\"2 minutes\" \/>\n<script type=\"application\/ld+json\" class=\"yoast-schema-graph\">{\"@context\":\"https:\/\/schema.org\",\"@graph\":[{\"@type\":\"WebPage\",\"@id\":\"https:\/\/autoprintmachine.com\/round-screen-printing-machine\/\",\"url\":\"https:\/\/autoprintmachine.com\/round-screen-printing-machine\/\",\"name\":\"Round Screen Printing Machine | \u2205350mm Bucket\",\"isPartOf\":{\"@id\":\"https:\/\/autoprintmachine.com\/#website\"},\"primaryImageOfPage\":{\"@id\":\"https:\/\/autoprintmachine.com\/round-screen-printing-machine\/#primaryimage\"},\"image\":{\"@id\":\"https:\/\/autoprintmachine.com\/round-screen-printing-machine\/#primaryimage\"},\"thumbnailUrl\":\"https:\/\/autoprintmachine.com\/wp-content\/uploads\/2020\/08\/OS-1200.jpg\",\"datePublished\":\"2020-08-06T09:03:15+00:00\",\"dateModified\":\"2025-12-24T05:47:07+00:00\",\"description\":\"AP-1200\u00a0is a semi-automatic screen printer designed for printing onto large pails, can print on glass wine bottles, beer bottles and so on.\",\"breadcrumb\":{\"@id\":\"https:\/\/autoprintmachine.com\/round-screen-printing-machine\/#breadcrumb\"},\"inLanguage\":\"fr-FR\",\"potentialAction\":[{\"@type\":\"ReadAction\",\"target\":[\"https:\/\/autoprintmachine.com\/round-screen-printing-machine\/\"]}]},{\"@type\":\"ImageObject\",\"inLanguage\":\"fr-FR\",\"@id\":\"https:\/\/autoprintmachine.com\/round-screen-printing-machine\/#primaryimage\",\"url\":\"https:\/\/autoprintmachine.com\/wp-content\/uploads\/2020\/08\/OS-1200.jpg\",\"contentUrl\":\"https:\/\/autoprintmachine.com\/wp-content\/uploads\/2020\/08\/OS-1200.jpg\",\"width\":600,\"height\":600},{\"@type\":\"BreadcrumbList\",\"@id\":\"https:\/\/autoprintmachine.com\/round-screen-printing-machine\/#breadcrumb\",\"itemListElement\":[{\"@type\":\"ListItem\",\"position\":1,\"name\":\"Home\",\"item\":\"https:\/\/autoprintmachine.com\/\"},{\"@type\":\"ListItem\",\"position\":2,\"name\":\"Products\",\"item\":\"https:\/\/autoprintmachine.com\/shop\/\"},{\"@type\":\"ListItem\",\"position\":3,\"name\":\"\u2205350mm Bucket Round Screen Printing Machine\"}]},{\"@type\":\"WebSite\",\"@id\":\"https:\/\/autoprintmachine.com\/#website\",\"url\":\"https:\/\/autoprintmachine.com\/\",\"name\":\"\",\"description\":\"\",\"publisher\":{\"@id\":\"https:\/\/autoprintmachine.com\/#organization\"},\"potentialAction\":[{\"@type\":\"SearchAction\",\"target\":{\"@type\":\"EntryPoint\",\"urlTemplate\":\"https:\/\/autoprintmachine.com\/?s={search_term_string}\"},\"query-input\":{\"@type\":\"PropertyValueSpecification\",\"valueRequired\":true,\"valueName\":\"search_term_string\"}}],\"inLanguage\":\"fr-FR\"},{\"@type\":\"Organization\",\"@id\":\"https:\/\/autoprintmachine.com\/#organization\",\"name\":\"Dongguan Auto Print Tech Co., Ltd\",\"url\":\"https:\/\/autoprintmachine.com\/\",\"logo\":{\"@type\":\"ImageObject\",\"inLanguage\":\"fr-FR\",\"@id\":\"https:\/\/autoprintmachine.com\/#\/schema\/logo\/image\/\",\"url\":\"https:\/\/autoprintmachine.com\/wp-content\/uploads\/2023\/06\/screen_printing_logo_new.webp\",\"contentUrl\":\"https:\/\/autoprintmachine.com\/wp-content\/uploads\/2023\/06\/screen_printing_logo_new.webp\",\"width\":890,\"height\":750,\"caption\":\"Dongguan Auto Print Tech Co., Ltd\"},\"image\":{\"@id\":\"https:\/\/autoprintmachine.com\/#\/schema\/logo\/image\/\"},\"sameAs\":[\"https:\/\/www.facebook.com\/autoprinttech\/\",\"https:\/\/www.youtube.com\/channel\/UCJtPGiBbQWGE2DZLxySpCtw\"]}]}<\/script>\n<!-- \/ Yoast SEO plugin. -->","yoast_head_json":{"title":"Round Screen Printing Machine | \u2205350mm Bucket","description":"AP-1200\u00a0is a semi-automatic screen printer designed for printing onto large pails, can print on glass wine bottles, beer bottles and so on.","robots":{"index":"index","follow":"follow","max-snippet":"max-snippet:-1","max-image-preview":"max-image-preview:large","max-video-preview":"max-video-preview:-1"},"canonical":"https:\/\/autoprintmachine.com\/fr\/machine-de-serigraphie-ronde\/","og_locale":"fr_FR","og_type":"article","og_title":"Round Screen Printing Machine | \u2205350mm Bucket","og_description":"AP-1200\u00a0is a semi-automatic screen printer designed for printing onto large pails, can print on glass wine bottles, beer bottles and so on.","og_url":"https:\/\/autoprintmachine.com\/fr\/machine-de-serigraphie-ronde\/","article_publisher":"https:\/\/www.facebook.com\/autoprinttech\/","article_modified_time":"2025-12-24T05:47:07+00:00","og_image":[{"width":600,"height":600,"url":"https:\/\/autoprintmachine.com\/wp-content\/uploads\/2020\/08\/OS-1200.jpg","type":"image\/jpeg"}],"twitter_card":"summary_large_image","twitter_misc":{"Dur\u00e9e de lecture estim\u00e9e":"2 minutes"},"schema":{"@context":"https:\/\/schema.org","@graph":[{"@type":"WebPage","@id":"https:\/\/autoprintmachine.com\/round-screen-printing-machine\/","url":"https:\/\/autoprintmachine.com\/round-screen-printing-machine\/","name":"Round Screen Printing Machine | \u2205350mm Bucket","isPartOf":{"@id":"https:\/\/autoprintmachine.com\/#website"},"primaryImageOfPage":{"@id":"https:\/\/autoprintmachine.com\/round-screen-printing-machine\/#primaryimage"},"image":{"@id":"https:\/\/autoprintmachine.com\/round-screen-printing-machine\/#primaryimage"},"thumbnailUrl":"https:\/\/autoprintmachine.com\/wp-content\/uploads\/2020\/08\/OS-1200.jpg","datePublished":"2020-08-06T09:03:15+00:00","dateModified":"2025-12-24T05:47:07+00:00","description":"AP-1200\u00a0is a semi-automatic screen printer designed for printing onto large pails, can print on glass wine bottles, beer bottles and so on.","breadcrumb":{"@id":"https:\/\/autoprintmachine.com\/round-screen-printing-machine\/#breadcrumb"},"inLanguage":"fr-FR","potentialAction":[{"@type":"ReadAction","target":["https:\/\/autoprintmachine.com\/round-screen-printing-machine\/"]}]},{"@type":"ImageObject","inLanguage":"fr-FR","@id":"https:\/\/autoprintmachine.com\/round-screen-printing-machine\/#primaryimage","url":"https:\/\/autoprintmachine.com\/wp-content\/uploads\/2020\/08\/OS-1200.jpg","contentUrl":"https:\/\/autoprintmachine.com\/wp-content\/uploads\/2020\/08\/OS-1200.jpg","width":600,"height":600},{"@type":"BreadcrumbList","@id":"https:\/\/autoprintmachine.com\/round-screen-printing-machine\/#breadcrumb","itemListElement":[{"@type":"ListItem","position":1,"name":"Home","item":"https:\/\/autoprintmachine.com\/"},{"@type":"ListItem","position":2,"name":"Products","item":"https:\/\/autoprintmachine.com\/shop\/"},{"@type":"ListItem","position":3,"name":"\u2205350mm Bucket Round Screen Printing Machine"}]},{"@type":"WebSite","@id":"https:\/\/autoprintmachine.com\/#website","url":"https:\/\/autoprintmachine.com\/","name":"","description":"","publisher":{"@id":"https:\/\/autoprintmachine.com\/#organization"},"potentialAction":[{"@type":"SearchAction","target":{"@type":"EntryPoint","urlTemplate":"https:\/\/autoprintmachine.com\/?s={search_term_string}"},"query-input":{"@type":"PropertyValueSpecification","valueRequired":true,"valueName":"search_term_string"}}],"inLanguage":"fr-FR"},{"@type":"Organization","@id":"https:\/\/autoprintmachine.com\/#organization","name":"Dongguan Auto Print Tech Co., Ltd","url":"https:\/\/autoprintmachine.com\/","logo":{"@type":"ImageObject","inLanguage":"fr-FR","@id":"https:\/\/autoprintmachine.com\/#\/schema\/logo\/image\/","url":"https:\/\/autoprintmachine.com\/wp-content\/uploads\/2023\/06\/screen_printing_logo_new.webp","contentUrl":"https:\/\/autoprintmachine.com\/wp-content\/uploads\/2023\/06\/screen_printing_logo_new.webp","width":890,"height":750,"caption":"Dongguan Auto Print Tech Co., Ltd"},"image":{"@id":"https:\/\/autoprintmachine.com\/#\/schema\/logo\/image\/"},"sameAs":["https:\/\/www.facebook.com\/autoprinttech\/","https:\/\/www.youtube.com\/channel\/UCJtPGiBbQWGE2DZLxySpCtw"]}]}},"_links":{"self":[{"href":"https:\/\/autoprintmachine.com\/fr\/wp-json\/wp\/v2\/product\/294","targetHints":{"allow":["GET"]}}],"collection":[{"href":"https:\/\/autoprintmachine.com\/fr\/wp-json\/wp\/v2\/product"}],"about":[{"href":"https:\/\/autoprintmachine.com\/fr\/wp-json\/wp\/v2\/types\/product"}],"wp:featuredmedia":[{"embeddable":true,"href":"https:\/\/autoprintmachine.com\/fr\/wp-json\/wp\/v2\/media\/295"}],"wp:attachment":[{"href":"https:\/\/autoprintmachine.com\/fr\/wp-json\/wp\/v2\/media?parent=294"}],"wp:term":[{"taxonomy":"product_cat","embeddable":true,"href":"https:\/\/autoprintmachine.com\/fr\/wp-json\/wp\/v2\/product_cat?post=294"}],"curies":[{"name":"wp","href":"https:\/\/api.w.org\/{rel}","templated":true}]}}