{"id":297,"date":"2020-08-07T07:43:38","date_gmt":"2020-08-07T07:43:38","guid":{"rendered":"https:\/\/onceauto.seowaimao.com\/?post_type=product&#038;p=297"},"modified":"2026-01-27T01:19:30","modified_gmt":"2026-01-27T01:19:30","slug":"200x300mm-pneumatic-flat-screen-printing-machine","status":"publish","type":"product","link":"https:\/\/autoprintmachine.com\/fr\/machine-pneumatique-dimpression-decran-plat-200x300mm\/","title":{"rendered":"Machine pneumatique d'impression de s\u00e9rigraphie \u00e0 plat"},"content":{"rendered":"<h2>Imprimante \u00e0 \u00e9cran plat Introduction :<\/h2>\n<p>The pneumatic flat screen printing machine features a smooth, pneumatically driven system. It lifts the screen frame vertically, keeping the ink in optimal contact with the screen. This flat-screen lifting method helps operators load and unload small injection-molded parts easily. This includes items like cigarette lighters, ice scrapers, Frisbees, first aid kit boxes, display boxes, CDs, DVDs, and more. It\u2019s great for industrial products like circular saw blades, stamped steel panels, chassis, and various car parts. A rodless cylinder controls the horizontal printing stroke pneumatically. It features quick-release stop guides for easy adjustments. The machine has an X\/Y\/R fine adjustment table. There&#8217;s also an E-Stop button placed on the front of the work table.<\/p>\n<h2>Presse d'impression \u00e0 plat Caract\u00e9ristiques :<\/h2>\n<ul>\n<li>Commande \u00e9lectropneumatique<\/li>\n<li>Commande pneumatique avec amortisseurs<\/li>\n<li>Relevage vertical de la t\u00eate avec r\u00e9glage de la hauteur<\/li>\n<li>X\/Y\/R positioning table (with or without vacuum table)<\/li>\n<li>Roulements lin\u00e9aires \u00e0 billes sur arbres tremp\u00e9s<\/li>\n<li>R\u00e9glage de l'angle de la raclette et de la hauteur calibr\u00e9e<\/li>\n<li>Pression de la raclette r\u00e9gul\u00e9e par un manom\u00e8tre<\/li>\n<li>Tabletop machine with adjustable levelers<\/li>\n<li>Commande par p\u00e9dale<\/li>\n<\/ul>\n<h2>Imprimante \u00e0 \u00e9cran plat Sp\u00e9cifications :<\/h2>\n<table width=\"114%\">\n<tbody>\n<tr>\n<td width=\"37%\">Num\u00e9ro de mod\u00e8le<\/td>\n<td width=\"31%\">AP-2030V\/T<\/td>\n<td width=\"31%\">AP-2040V\/T<\/td>\n<\/tr>\n<tr>\n<td width=\"37%\">Capacit\u00e9 d'impression :<\/td>\n<td width=\"31%\">Jusqu'\u00e0 1 200 pi\u00e8ces par heure<\/td>\n<td width=\"31%\">Jusqu'\u00e0 1 200 pi\u00e8ces par heure<\/td>\n<\/tr>\n<tr>\n<td width=\"37%\">T\u00eate d'impression :<\/td>\n<td width=\"31%\">Pneumatique<\/td>\n<td width=\"31%\">Pneumatique<\/td>\n<\/tr>\n<tr>\n<td width=\"37%\">Taille d'impression \u00e0 plat (L x l) :<\/td>\n<td width=\"31%\">200 x 270mm<\/td>\n<td width=\"31%\">200 x 400mm<\/td>\n<\/tr>\n<tr>\n<td width=\"37%\">Taille maximale de l'\u00e9cran (L x L) :<\/td>\n<td width=\"31%\">300 x 530mm<\/td>\n<td width=\"31%\">400 x 700mm<\/td>\n<\/tr>\n<tr>\n<td width=\"37%\">Dimensions de la table de travail (L x l): :<\/td>\n<td width=\"31%\">240 x 400mm<\/td>\n<td width=\"31%\">240 x 500mm<\/td>\n<\/tr>\n<tr>\n<td width=\"37%\">Hauteur d'impression<\/td>\n<td width=\"31%\">90mm<\/td>\n<td width=\"31%\">400mm<\/td>\n<\/tr>\n<tr>\n<td width=\"37%\">Trait d'impression (gauche et droite) :<\/td>\n<td width=\"31%\">300mm<\/td>\n<td width=\"31%\">160 mm<\/td>\n<\/tr>\n<tr>\n<td width=\"37%\">Tension :<\/td>\n<td width=\"31%\">110\/220V 50\/60Hz 50W<\/td>\n<td width=\"31%\">110\/220V 50\/60Hz 50W<\/td>\n<\/tr>\n<tr>\n<td width=\"37%\">Poids :<\/td>\n<td width=\"31%\">150 Kg.<\/td>\n<td width=\"31%\">150 kg (331 lbs)<\/td>\n<\/tr>\n<tr>\n<td width=\"37%\">Dimensions :<\/td>\n<td width=\"31%\">870x850x1550mm<\/td>\n<td width=\"31%\">870x850x1550mm<\/td>\n<\/tr>\n<\/tbody>\n<\/table>","protected":false},"excerpt":{"rendered":"<p>The AP pneumatic flat screen printing machine is affordable and easy to use. It features PCB board control and a pneumatic drive. This design ensures fast and stable operation. This flat bed screen printing machine supports print sizes of 200x270mm, 200x400mm, and 300x400mm. It\u2019s great for printing on small flat items. The worktable can serve as both a vacuum table and a T-slot table for various flat products.<\/p>","protected":false},"featured_media":309,"template":"","meta":[],"product_cat":[17],"class_list":{"0":"post-297","1":"product","2":"type-product","3":"status-publish","4":"has-post-thumbnail","6":"product_cat-flat-screen-printing-machine","8":"first","9":"instock","10":"shipping-taxable","11":"product-type-simple"},"acf":[],"yoast_head":"<!-- This site is optimized with the Yoast SEO plugin v23.9 - https:\/\/yoast.com\/wordpress\/plugins\/seo\/ -->\n<title>Pneumatic Flat Screen Printing Machine<\/title>\n<meta name=\"description\" content=\"Easy to load and unload small injection molded parts . It is suited for industrial goods , circular saw blades, stamped steel panels etc.\" \/>\n<meta name=\"robots\" content=\"index, follow, max-snippet:-1, max-image-preview:large, max-video-preview:-1\" \/>\n<link rel=\"canonical\" href=\"https:\/\/autoprintmachine.com\/fr\/machine-pneumatique-dimpression-decran-plat-200x300mm\/\" \/>\n<meta property=\"og:locale\" content=\"fr_FR\" \/>\n<meta property=\"og:type\" content=\"article\" \/>\n<meta property=\"og:title\" content=\"Pneumatic Flat Screen Printing Machine\" \/>\n<meta property=\"og:description\" content=\"Easy to load and unload small injection molded parts . It is suited for industrial goods , circular saw blades, stamped steel panels etc.\" \/>\n<meta property=\"og:url\" content=\"https:\/\/autoprintmachine.com\/fr\/machine-pneumatique-dimpression-decran-plat-200x300mm\/\" \/>\n<meta property=\"article:publisher\" content=\"https:\/\/www.facebook.com\/autoprinttech\/\" \/>\n<meta property=\"article:modified_time\" content=\"2026-01-27T01:19:30+00:00\" \/>\n<meta property=\"og:image\" content=\"https:\/\/autoprintmachine.com\/wp-content\/uploads\/2020\/08\/OS-2040.jpg\" \/>\n\t<meta property=\"og:image:width\" content=\"600\" \/>\n\t<meta property=\"og:image:height\" content=\"600\" \/>\n\t<meta property=\"og:image:type\" content=\"image\/jpeg\" \/>\n<meta name=\"twitter:card\" content=\"summary_large_image\" \/>\n<meta name=\"twitter:label1\" content=\"Dur\u00e9e de lecture estim\u00e9e\" \/>\n\t<meta name=\"twitter:data1\" content=\"2 minutes\" \/>\n<script type=\"application\/ld+json\" class=\"yoast-schema-graph\">{\"@context\":\"https:\/\/schema.org\",\"@graph\":[{\"@type\":\"WebPage\",\"@id\":\"https:\/\/autoprintmachine.com\/200x300mm-pneumatic-flat-screen-printing-machine\/\",\"url\":\"https:\/\/autoprintmachine.com\/200x300mm-pneumatic-flat-screen-printing-machine\/\",\"name\":\"Pneumatic Flat Screen Printing Machine\",\"isPartOf\":{\"@id\":\"https:\/\/autoprintmachine.com\/#website\"},\"primaryImageOfPage\":{\"@id\":\"https:\/\/autoprintmachine.com\/200x300mm-pneumatic-flat-screen-printing-machine\/#primaryimage\"},\"image\":{\"@id\":\"https:\/\/autoprintmachine.com\/200x300mm-pneumatic-flat-screen-printing-machine\/#primaryimage\"},\"thumbnailUrl\":\"https:\/\/autoprintmachine.com\/wp-content\/uploads\/2020\/08\/OS-2040.jpg\",\"datePublished\":\"2020-08-07T07:43:38+00:00\",\"dateModified\":\"2026-01-27T01:19:30+00:00\",\"description\":\"Easy to load and unload small injection molded parts . It is suited for industrial goods , circular saw blades, stamped steel panels etc.\",\"breadcrumb\":{\"@id\":\"https:\/\/autoprintmachine.com\/200x300mm-pneumatic-flat-screen-printing-machine\/#breadcrumb\"},\"inLanguage\":\"fr-FR\",\"potentialAction\":[{\"@type\":\"ReadAction\",\"target\":[\"https:\/\/autoprintmachine.com\/200x300mm-pneumatic-flat-screen-printing-machine\/\"]}]},{\"@type\":\"ImageObject\",\"inLanguage\":\"fr-FR\",\"@id\":\"https:\/\/autoprintmachine.com\/200x300mm-pneumatic-flat-screen-printing-machine\/#primaryimage\",\"url\":\"https:\/\/autoprintmachine.com\/wp-content\/uploads\/2020\/08\/OS-2040.jpg\",\"contentUrl\":\"https:\/\/autoprintmachine.com\/wp-content\/uploads\/2020\/08\/OS-2040.jpg\",\"width\":600,\"height\":600,\"caption\":\"led bulb pad printing machine\"},{\"@type\":\"BreadcrumbList\",\"@id\":\"https:\/\/autoprintmachine.com\/200x300mm-pneumatic-flat-screen-printing-machine\/#breadcrumb\",\"itemListElement\":[{\"@type\":\"ListItem\",\"position\":1,\"name\":\"Home\",\"item\":\"https:\/\/autoprintmachine.com\/\"},{\"@type\":\"ListItem\",\"position\":2,\"name\":\"Products\",\"item\":\"https:\/\/autoprintmachine.com\/shop\/\"},{\"@type\":\"ListItem\",\"position\":3,\"name\":\"Pneumatic Flat Screen Printing Machine\"}]},{\"@type\":\"WebSite\",\"@id\":\"https:\/\/autoprintmachine.com\/#website\",\"url\":\"https:\/\/autoprintmachine.com\/\",\"name\":\"\",\"description\":\"\",\"publisher\":{\"@id\":\"https:\/\/autoprintmachine.com\/#organization\"},\"potentialAction\":[{\"@type\":\"SearchAction\",\"target\":{\"@type\":\"EntryPoint\",\"urlTemplate\":\"https:\/\/autoprintmachine.com\/?s={search_term_string}\"},\"query-input\":{\"@type\":\"PropertyValueSpecification\",\"valueRequired\":true,\"valueName\":\"search_term_string\"}}],\"inLanguage\":\"fr-FR\"},{\"@type\":\"Organization\",\"@id\":\"https:\/\/autoprintmachine.com\/#organization\",\"name\":\"Dongguan Auto Print Tech Co., Ltd\",\"url\":\"https:\/\/autoprintmachine.com\/\",\"logo\":{\"@type\":\"ImageObject\",\"inLanguage\":\"fr-FR\",\"@id\":\"https:\/\/autoprintmachine.com\/#\/schema\/logo\/image\/\",\"url\":\"https:\/\/autoprintmachine.com\/wp-content\/uploads\/2023\/06\/screen_printing_logo_new.webp\",\"contentUrl\":\"https:\/\/autoprintmachine.com\/wp-content\/uploads\/2023\/06\/screen_printing_logo_new.webp\",\"width\":890,\"height\":750,\"caption\":\"Dongguan Auto Print Tech Co., Ltd\"},\"image\":{\"@id\":\"https:\/\/autoprintmachine.com\/#\/schema\/logo\/image\/\"},\"sameAs\":[\"https:\/\/www.facebook.com\/autoprinttech\/\",\"https:\/\/www.youtube.com\/channel\/UCJtPGiBbQWGE2DZLxySpCtw\"]}]}<\/script>\n<!-- \/ Yoast SEO plugin. -->","yoast_head_json":{"title":"Pneumatic Flat Screen Printing Machine","description":"Easy to load and unload small injection molded parts . It is suited for industrial goods , circular saw blades, stamped steel panels etc.","robots":{"index":"index","follow":"follow","max-snippet":"max-snippet:-1","max-image-preview":"max-image-preview:large","max-video-preview":"max-video-preview:-1"},"canonical":"https:\/\/autoprintmachine.com\/fr\/machine-pneumatique-dimpression-decran-plat-200x300mm\/","og_locale":"fr_FR","og_type":"article","og_title":"Pneumatic Flat Screen Printing Machine","og_description":"Easy to load and unload small injection molded parts . It is suited for industrial goods , circular saw blades, stamped steel panels etc.","og_url":"https:\/\/autoprintmachine.com\/fr\/machine-pneumatique-dimpression-decran-plat-200x300mm\/","article_publisher":"https:\/\/www.facebook.com\/autoprinttech\/","article_modified_time":"2026-01-27T01:19:30+00:00","og_image":[{"width":600,"height":600,"url":"https:\/\/autoprintmachine.com\/wp-content\/uploads\/2020\/08\/OS-2040.jpg","type":"image\/jpeg"}],"twitter_card":"summary_large_image","twitter_misc":{"Dur\u00e9e de lecture estim\u00e9e":"2 minutes"},"schema":{"@context":"https:\/\/schema.org","@graph":[{"@type":"WebPage","@id":"https:\/\/autoprintmachine.com\/200x300mm-pneumatic-flat-screen-printing-machine\/","url":"https:\/\/autoprintmachine.com\/200x300mm-pneumatic-flat-screen-printing-machine\/","name":"Pneumatic Flat Screen Printing Machine","isPartOf":{"@id":"https:\/\/autoprintmachine.com\/#website"},"primaryImageOfPage":{"@id":"https:\/\/autoprintmachine.com\/200x300mm-pneumatic-flat-screen-printing-machine\/#primaryimage"},"image":{"@id":"https:\/\/autoprintmachine.com\/200x300mm-pneumatic-flat-screen-printing-machine\/#primaryimage"},"thumbnailUrl":"https:\/\/autoprintmachine.com\/wp-content\/uploads\/2020\/08\/OS-2040.jpg","datePublished":"2020-08-07T07:43:38+00:00","dateModified":"2026-01-27T01:19:30+00:00","description":"Easy to load and unload small injection molded parts . It is suited for industrial goods , circular saw blades, stamped steel panels etc.","breadcrumb":{"@id":"https:\/\/autoprintmachine.com\/200x300mm-pneumatic-flat-screen-printing-machine\/#breadcrumb"},"inLanguage":"fr-FR","potentialAction":[{"@type":"ReadAction","target":["https:\/\/autoprintmachine.com\/200x300mm-pneumatic-flat-screen-printing-machine\/"]}]},{"@type":"ImageObject","inLanguage":"fr-FR","@id":"https:\/\/autoprintmachine.com\/200x300mm-pneumatic-flat-screen-printing-machine\/#primaryimage","url":"https:\/\/autoprintmachine.com\/wp-content\/uploads\/2020\/08\/OS-2040.jpg","contentUrl":"https:\/\/autoprintmachine.com\/wp-content\/uploads\/2020\/08\/OS-2040.jpg","width":600,"height":600,"caption":"led bulb pad printing machine"},{"@type":"BreadcrumbList","@id":"https:\/\/autoprintmachine.com\/200x300mm-pneumatic-flat-screen-printing-machine\/#breadcrumb","itemListElement":[{"@type":"ListItem","position":1,"name":"Home","item":"https:\/\/autoprintmachine.com\/"},{"@type":"ListItem","position":2,"name":"Products","item":"https:\/\/autoprintmachine.com\/shop\/"},{"@type":"ListItem","position":3,"name":"Pneumatic Flat Screen Printing Machine"}]},{"@type":"WebSite","@id":"https:\/\/autoprintmachine.com\/#website","url":"https:\/\/autoprintmachine.com\/","name":"","description":"","publisher":{"@id":"https:\/\/autoprintmachine.com\/#organization"},"potentialAction":[{"@type":"SearchAction","target":{"@type":"EntryPoint","urlTemplate":"https:\/\/autoprintmachine.com\/?s={search_term_string}"},"query-input":{"@type":"PropertyValueSpecification","valueRequired":true,"valueName":"search_term_string"}}],"inLanguage":"fr-FR"},{"@type":"Organization","@id":"https:\/\/autoprintmachine.com\/#organization","name":"Dongguan Auto Print Tech Co., Ltd","url":"https:\/\/autoprintmachine.com\/","logo":{"@type":"ImageObject","inLanguage":"fr-FR","@id":"https:\/\/autoprintmachine.com\/#\/schema\/logo\/image\/","url":"https:\/\/autoprintmachine.com\/wp-content\/uploads\/2023\/06\/screen_printing_logo_new.webp","contentUrl":"https:\/\/autoprintmachine.com\/wp-content\/uploads\/2023\/06\/screen_printing_logo_new.webp","width":890,"height":750,"caption":"Dongguan Auto Print Tech Co., Ltd"},"image":{"@id":"https:\/\/autoprintmachine.com\/#\/schema\/logo\/image\/"},"sameAs":["https:\/\/www.facebook.com\/autoprinttech\/","https:\/\/www.youtube.com\/channel\/UCJtPGiBbQWGE2DZLxySpCtw"]}]}},"_links":{"self":[{"href":"https:\/\/autoprintmachine.com\/fr\/wp-json\/wp\/v2\/product\/297","targetHints":{"allow":["GET"]}}],"collection":[{"href":"https:\/\/autoprintmachine.com\/fr\/wp-json\/wp\/v2\/product"}],"about":[{"href":"https:\/\/autoprintmachine.com\/fr\/wp-json\/wp\/v2\/types\/product"}],"wp:featuredmedia":[{"embeddable":true,"href":"https:\/\/autoprintmachine.com\/fr\/wp-json\/wp\/v2\/media\/309"}],"wp:attachment":[{"href":"https:\/\/autoprintmachine.com\/fr\/wp-json\/wp\/v2\/media?parent=297"}],"wp:term":[{"taxonomy":"product_cat","embeddable":true,"href":"https:\/\/autoprintmachine.com\/fr\/wp-json\/wp\/v2\/product_cat?post=297"}],"curies":[{"name":"wp","href":"https:\/\/api.w.org\/{rel}","templated":true}]}}